{"id":9668,"date":"2018-05-01T17:00:04","date_gmt":"2018-05-01T17:00:04","guid":{"rendered":"https:\/\/www.apen.es\/?page_id=9668"},"modified":"2025-07-08T11:25:07","modified_gmt":"2025-07-08T11:25:07","slug":"programa-de-facturacion","status":"publish","type":"page","link":"https:\/\/www.apen.es\/ca\/erp\/programa-de-facturacion\/","title":{"rendered":"Programa de facturaci\u00f3. Oferim programari gesti\u00f3 a empreses"},"content":{"rendered":"<p>Un dels departaments de les empreses on es necessita m\u00e9s la tecnologia \u00e9s el departament administratiu, per aix\u00f2 contractar un <strong>programa de facturaci\u00f3<\/strong> no nom\u00e9s \u00e9s una soluci\u00f3 per portar al dia i de manera organitzada les tasques administratives, tasca obligat\u00f2ria a totes les empreses la comptabilitat d&#039;una empresa. Sin\u00f3 que tamb\u00e9 \u00e9s una bona manera per contrarestar possibles errors. D&#039;una banda, li fa la feina molt m\u00e9s am\u00e8 al treballador, i per altra banda, el <strong>programa de facturaci\u00f3<\/strong>, pot ser l&#039;opci\u00f3 ideal per a aut\u00f2noms i petites i mitjanes empreses perqu\u00e8 des de qualsevol dispositiu m\u00f2bil hi pots accedir r\u00e0pidament. Un altre dels departaments que els beneficia un <a href=\"\/ca\/erp\/\"><strong>programa de facturaci\u00f3<\/strong><\/a> \u00e9s el comercial.<\/p>\n\n\n\n<p>Aquest programari permet que les empreses contacten amb els clients per poder completar el proc\u00e9s de venda. A m\u00e9s, \u00e9s una eina indispensable per poder fer albarans, pressupostos, factures electr\u00f2niques a temps real. A m\u00e9s, el temps despera i burocr\u00e0cia \u00e9s menor.<\/p>\n\n\n\n<p>Definitivament, per a una empresa pot resultar \u00fatil utilitzar un <strong>programa de facturaci\u00f3<\/strong>, especialment a3factura. Perqu\u00e8 rendibilitza al m\u00e0xim les accions de la teva for\u00e7a comercial, redueix costos operatius i identifica punts de millora. Es caracteritza per la generaci\u00f3 i el seguiment a temps real, la generaci\u00f3 i el seguiment autom\u00e0tic d&#039;ofertes, comandes, albarans o factures. Tamb\u00e9, pots portar tota aquesta informaci\u00f3 a la butxaca mitjan\u00e7ant l&#039;app per a terminals m\u00f2bils, amb ella pots accedir a la base de dades d&#039;articles, clients i prove\u00efdors per fer altes de clients o prove\u00efdors, consultar la ubicaci\u00f3 dels clients al mapa o contactar-los via telef\u00f2nica oa trav\u00e9s de correu electr\u00f2nic.<\/p>\n\n\n\n<p>Amb un sol clic accedeixes a tota la informaci\u00f3 generada en la relaci\u00f3 als clients: oportunitats de venda, accions realitzades, hist\u00f2ric de vendes\u2026 Les principals funcions que ofereix un <strong>programa de facturaci\u00f3<\/strong> \u00e9s que ofereixen una visi\u00f3 global de l&#039;estat de l&#039;empresa mitjan\u00e7ant gr\u00e0fics que mostren la informaci\u00f3 a temps real de l&#039;estat de cobraments i pagaments, les comparatives de facturaci\u00f3 per any, el volum de facturaci\u00f3 per clients i, finalment, un r\u00e0nquing d&#039;articles o productes m\u00e9s venuts.<\/p>\n\n\n\n<p>Un <a href=\"\/ca\/erp\/\"><strong>programa de facturaci\u00f3<\/strong><\/a>, per tant, est\u00e0 dotat d&#039;altres funcionalitats com pressupostar, facturar i cobrar. Permet fer pressupostos a clients i factures en base als pressupostos generats o altres conceptes, crear clients als quals pressupostar-los o facturar-los tasques o enviar documents als clients.<\/p>\n\n\n\n<p>Finalment, podr\u00e0s fer factures personalitzades amb la imatge de la teva empresa i afegir a cada document els camps que necessitis. A m\u00e9s, tot el proc\u00e9s al programa permet que la facturaci\u00f3 sigui clara i intu\u00eftiva. Amb a3factura podr\u00e0s afegir tants usuaris com necessitis, fins i tot podr\u00e0 convidar el teu assessor si ho desitges, sense cap cost.<\/p>","protected":false},"excerpt":{"rendered":"<p>Uno de los departamentos de las empresas d\u00f3nde se necesita m\u00e1s la tecnolog\u00eda es el departamento administrativo, por eso contratar a un programa de facturaci\u00f3n no s\u00f3lo es una soluci\u00f3n para llevar al d\u00eda y de forma organizada las tareas administrativas, tarea obligatoria en todas las empresas la contabilidad de una empresa. Sino que tambi\u00e9n&#8230;<\/p>","protected":false},"author":4,"featured_media":0,"parent":9649,"menu_order":0,"comment_status":"closed","ping_status":"closed","template":"page-landing-moduls.php","meta":{"_acf_changed":false,"_kad_blocks_custom_css":"","_kad_blocks_head_custom_js":"","_kad_blocks_body_custom_js":"","_kad_blocks_footer_custom_js":"","_kad_post_transparent":"","_kad_post_title":"","_kad_post_layout":"","_kad_post_sidebar_id":"","_kad_post_content_style":"","_kad_post_vertical_padding":"","_kad_post_feature":"","_kad_post_feature_position":"","_kad_post_header":false,"_kad_post_footer":false,"_kad_post_classname":"","footnotes":""},"class_list":["post-9668","page","type-page","status-publish","hentry"],"acf":[],"yoast_head":"<!-- This site is optimized with the Yoast SEO plugin v27.4 - https:\/\/yoast.com\/product\/yoast-seo-wordpress\/ -->\n<title>Programa de facturaci\u00f3n. Ofrecemos software gesti\u00f3n a empresas - Apen Inform\u00e1tica<\/title>\n<meta name=\"description\" content=\"A3ERP - Programa de Facturaci\u00f3n El software de gesti\u00f3n que se adapta a tu negocio gestiona la empresa desde un \u00fanico programa. Conf\u00eda en Apen.\" \/>\n<meta name=\"robots\" content=\"index, follow, max-snippet:-1, max-image-preview:large, max-video-preview:-1\" \/>\n<link rel=\"canonical\" href=\"https:\/\/www.apen.es\/ca\/erp\/programa-de-facturacion\/\" \/>\n<meta property=\"og:locale\" content=\"ca_ES\" \/>\n<meta property=\"og:type\" content=\"article\" \/>\n<meta property=\"og:title\" content=\"Programa de facturaci\u00f3n. Ofrecemos software gesti\u00f3n a empresas - Apen Inform\u00e1tica\" \/>\n<meta property=\"og:description\" content=\"A3ERP - Programa de Facturaci\u00f3n El software de gesti\u00f3n que se adapta a tu negocio gestiona la empresa desde un \u00fanico programa. Conf\u00eda en Apen.\" \/>\n<meta property=\"og:url\" content=\"https:\/\/www.apen.es\/ca\/erp\/programa-de-facturacion\/\" \/>\n<meta property=\"og:site_name\" content=\"Apen Inform\u00e1tica\" \/>\n<meta property=\"article:publisher\" content=\"https:\/\/www.facebook.com\/apensolucions\" \/>\n<meta property=\"article:modified_time\" content=\"2025-07-08T11:25:07+00:00\" \/>\n<meta property=\"og:image\" content=\"https:\/\/www.apen.es\/wp-content\/uploads\/2016\/05\/logo-apen-231x82-trasparent.png\" \/>\n\t<meta property=\"og:image:width\" content=\"231\" \/>\n\t<meta property=\"og:image:height\" content=\"82\" \/>\n\t<meta property=\"og:image:type\" content=\"image\/png\" \/>\n<meta name=\"twitter:card\" content=\"summary_large_image\" \/>\n<meta name=\"twitter:label1\" content=\"Temps estimat de lectura\" \/>\n\t<meta name=\"twitter:data1\" content=\"7 minuts\" \/>\n<script type=\"application\/ld+json\" class=\"yoast-schema-graph\">{\"@context\":\"https:\\\/\\\/schema.org\",\"@graph\":[{\"@type\":\"WebPage\",\"@id\":\"https:\\\/\\\/www.apen.es\\\/erp\\\/programa-de-facturacion\\\/\",\"url\":\"https:\\\/\\\/www.apen.es\\\/erp\\\/programa-de-facturacion\\\/\",\"name\":\"Programa de facturaci\u00f3n. Ofrecemos software gesti\u00f3n a empresas - Apen Inform\u00e1tica\",\"isPartOf\":{\"@id\":\"https:\\\/\\\/www.apen.es\\\/#website\"},\"datePublished\":\"2018-05-01T17:00:04+00:00\",\"dateModified\":\"2025-07-08T11:25:07+00:00\",\"description\":\"A3ERP - Programa de Facturaci\u00f3n El software de gesti\u00f3n que se adapta a tu negocio gestiona la empresa desde un \u00fanico programa. Conf\u00eda en Apen.\",\"breadcrumb\":{\"@id\":\"https:\\\/\\\/www.apen.es\\\/erp\\\/programa-de-facturacion\\\/#breadcrumb\"},\"inLanguage\":\"ca\",\"potentialAction\":[{\"@type\":\"ReadAction\",\"target\":[\"https:\\\/\\\/www.apen.es\\\/erp\\\/programa-de-facturacion\\\/\"]}]},{\"@type\":\"BreadcrumbList\",\"@id\":\"https:\\\/\\\/www.apen.es\\\/erp\\\/programa-de-facturacion\\\/#breadcrumb\",\"itemListElement\":[{\"@type\":\"ListItem\",\"position\":1,\"name\":\"Portada\",\"item\":\"https:\\\/\\\/www.apen.es\\\/\"},{\"@type\":\"ListItem\",\"position\":2,\"name\":\"ERP. Ofrecemos software gesti\u00f3n a empresas.\",\"item\":\"https:\\\/\\\/www.apen.es\\\/erp\\\/\"},{\"@type\":\"ListItem\",\"position\":3,\"name\":\"Programa de facturaci\u00f3n. Ofrecemos software gesti\u00f3n a empresas\"}]},{\"@type\":\"WebSite\",\"@id\":\"https:\\\/\\\/www.apen.es\\\/#website\",\"url\":\"https:\\\/\\\/www.apen.es\\\/\",\"name\":\"Apen Inform\u00e1tica\",\"description\":\"Mantenimiento Inform\u00e1tico , Software de Gesti\u00f3n, Soluciones de impresi\u00f3n\",\"publisher\":{\"@id\":\"https:\\\/\\\/www.apen.es\\\/#organization\"},\"potentialAction\":[{\"@type\":\"SearchAction\",\"target\":{\"@type\":\"EntryPoint\",\"urlTemplate\":\"https:\\\/\\\/www.apen.es\\\/?s={search_term_string}\"},\"query-input\":{\"@type\":\"PropertyValueSpecification\",\"valueRequired\":true,\"valueName\":\"search_term_string\"}}],\"inLanguage\":\"ca\"},{\"@type\":\"Organization\",\"@id\":\"https:\\\/\\\/www.apen.es\\\/#organization\",\"name\":\"Apen: Soluciones inform\u00e1ticas\",\"url\":\"https:\\\/\\\/www.apen.es\\\/\",\"logo\":{\"@type\":\"ImageObject\",\"inLanguage\":\"ca\",\"@id\":\"https:\\\/\\\/www.apen.es\\\/#\\\/schema\\\/logo\\\/image\\\/\",\"url\":\"https:\\\/\\\/www.apen.es\\\/wp-content\\\/uploads\\\/2022\\\/08\\\/logo-apenok-231x82-1.png\",\"contentUrl\":\"https:\\\/\\\/www.apen.es\\\/wp-content\\\/uploads\\\/2022\\\/08\\\/logo-apenok-231x82-1.png\",\"width\":231,\"height\":82,\"caption\":\"Apen: Soluciones inform\u00e1ticas\"},\"image\":{\"@id\":\"https:\\\/\\\/www.apen.es\\\/#\\\/schema\\\/logo\\\/image\\\/\"},\"sameAs\":[\"https:\\\/\\\/www.facebook.com\\\/apensolucions\",\"https:\\\/\\\/www.youtube.com\\\/user\\\/ApenCentreInformatic\",\"https:\\\/\\\/www.linkedin.com\\\/company\\\/1021771?trk=tyah&trkInfo=clickedVerticalcompanyclickedEntityId1021771idx2-1-2tarId1464195271196tasapenin\"]}]}<\/script>\n<!-- \/ Yoast SEO plugin. -->","yoast_head_json":{"title":"Programa de facturaci\u00f3n. Ofrecemos software gesti\u00f3n a empresas - Apen Inform\u00e1tica","description":"A3ERP - Programa de Facturaci\u00f3n El software de gesti\u00f3n que se adapta a tu negocio gestiona la empresa desde un \u00fanico programa. Conf\u00eda en Apen.","robots":{"index":"index","follow":"follow","max-snippet":"max-snippet:-1","max-image-preview":"max-image-preview:large","max-video-preview":"max-video-preview:-1"},"canonical":"https:\/\/www.apen.es\/ca\/erp\/programa-de-facturacion\/","og_locale":"ca_ES","og_type":"article","og_title":"Programa de facturaci\u00f3n. Ofrecemos software gesti\u00f3n a empresas - Apen Inform\u00e1tica","og_description":"A3ERP - Programa de Facturaci\u00f3n El software de gesti\u00f3n que se adapta a tu negocio gestiona la empresa desde un \u00fanico programa. Conf\u00eda en Apen.","og_url":"https:\/\/www.apen.es\/ca\/erp\/programa-de-facturacion\/","og_site_name":"Apen Inform\u00e1tica","article_publisher":"https:\/\/www.facebook.com\/apensolucions","article_modified_time":"2025-07-08T11:25:07+00:00","og_image":[{"width":231,"height":82,"url":"https:\/\/www.apen.es\/wp-content\/uploads\/2016\/05\/logo-apen-231x82-trasparent.png","type":"image\/png"}],"twitter_card":"summary_large_image","twitter_misc":{"Temps estimat de lectura":"7 minuts"},"schema":{"@context":"https:\/\/schema.org","@graph":[{"@type":"WebPage","@id":"https:\/\/www.apen.es\/erp\/programa-de-facturacion\/","url":"https:\/\/www.apen.es\/erp\/programa-de-facturacion\/","name":"Programa de facturaci\u00f3n. Ofrecemos software gesti\u00f3n a empresas - Apen Inform\u00e1tica","isPartOf":{"@id":"https:\/\/www.apen.es\/#website"},"datePublished":"2018-05-01T17:00:04+00:00","dateModified":"2025-07-08T11:25:07+00:00","description":"A3ERP - Programa de Facturaci\u00f3n El software de gesti\u00f3n que se adapta a tu negocio gestiona la empresa desde un \u00fanico programa. Conf\u00eda en Apen.","breadcrumb":{"@id":"https:\/\/www.apen.es\/erp\/programa-de-facturacion\/#breadcrumb"},"inLanguage":"ca","potentialAction":[{"@type":"ReadAction","target":["https:\/\/www.apen.es\/erp\/programa-de-facturacion\/"]}]},{"@type":"BreadcrumbList","@id":"https:\/\/www.apen.es\/erp\/programa-de-facturacion\/#breadcrumb","itemListElement":[{"@type":"ListItem","position":1,"name":"Portada","item":"https:\/\/www.apen.es\/"},{"@type":"ListItem","position":2,"name":"ERP. Ofrecemos software gesti\u00f3n a empresas.","item":"https:\/\/www.apen.es\/erp\/"},{"@type":"ListItem","position":3,"name":"Programa de facturaci\u00f3n. Ofrecemos software gesti\u00f3n a empresas"}]},{"@type":"WebSite","@id":"https:\/\/www.apen.es\/#website","url":"https:\/\/www.apen.es\/","name":"Apen Inform\u00e0tica","description":"Manteniment inform\u00e0tic , programari de gesti\u00f3, solucions d&#039;impressi\u00f3","publisher":{"@id":"https:\/\/www.apen.es\/#organization"},"potentialAction":[{"@type":"SearchAction","target":{"@type":"EntryPoint","urlTemplate":"https:\/\/www.apen.es\/?s={search_term_string}"},"query-input":{"@type":"PropertyValueSpecification","valueRequired":true,"valueName":"search_term_string"}}],"inLanguage":"ca"},{"@type":"Organization","@id":"https:\/\/www.apen.es\/#organization","name":"Apen: Solucions inform\u00e0tiques","url":"https:\/\/www.apen.es\/","logo":{"@type":"ImageObject","inLanguage":"ca","@id":"https:\/\/www.apen.es\/#\/schema\/logo\/image\/","url":"https:\/\/www.apen.es\/wp-content\/uploads\/2022\/08\/logo-apenok-231x82-1.png","contentUrl":"https:\/\/www.apen.es\/wp-content\/uploads\/2022\/08\/logo-apenok-231x82-1.png","width":231,"height":82,"caption":"Apen: Soluciones inform\u00e1ticas"},"image":{"@id":"https:\/\/www.apen.es\/#\/schema\/logo\/image\/"},"sameAs":["https:\/\/www.facebook.com\/apensolucions","https:\/\/www.youtube.com\/user\/ApenCentreInformatic","https:\/\/www.linkedin.com\/company\/1021771?trk=tyah&trkInfo=clickedVerticalcompanyclickedEntityId1021771idx2-1-2tarId1464195271196tasapenin"]}]}},"taxonomy_info":[],"featured_image_src_large":false,"author_info":{"display_name":"marqueting","author_link":"https:\/\/www.apen.es\/ca\/blog\/author\/marqueting\/"},"comment_info":0,"_links":{"self":[{"href":"https:\/\/www.apen.es\/ca\/wp-json\/wp\/v2\/pages\/9668","targetHints":{"allow":["GET"]}}],"collection":[{"href":"https:\/\/www.apen.es\/ca\/wp-json\/wp\/v2\/pages"}],"about":[{"href":"https:\/\/www.apen.es\/ca\/wp-json\/wp\/v2\/types\/page"}],"author":[{"embeddable":true,"href":"https:\/\/www.apen.es\/ca\/wp-json\/wp\/v2\/users\/4"}],"replies":[{"embeddable":true,"href":"https:\/\/www.apen.es\/ca\/wp-json\/wp\/v2\/comments?post=9668"}],"version-history":[{"count":1,"href":"https:\/\/www.apen.es\/ca\/wp-json\/wp\/v2\/pages\/9668\/revisions"}],"predecessor-version":[{"id":55852,"href":"https:\/\/www.apen.es\/ca\/wp-json\/wp\/v2\/pages\/9668\/revisions\/55852"}],"up":[{"embeddable":true,"href":"https:\/\/www.apen.es\/ca\/wp-json\/wp\/v2\/pages\/9649"}],"wp:attachment":[{"href":"https:\/\/www.apen.es\/ca\/wp-json\/wp\/v2\/media?parent=9668"}],"curies":[{"name":"wp","href":"https:\/\/api.w.org\/{rel}","templated":true}]}}