{"id":9666,"date":"2018-05-01T16:58:15","date_gmt":"2018-05-01T16:58:15","guid":{"rendered":"https:\/\/www.apen.es\/?page_id=9666"},"modified":"2025-07-08T11:24:07","modified_gmt":"2025-07-08T11:24:07","slug":"erp-facturacion","status":"publish","type":"page","link":"https:\/\/www.apen.es\/ca\/erp\/erp-facturacion\/","title":{"rendered":"ERP Facturaci\u00f3"},"content":{"rendered":"<p>Una empresa est\u00e0 obligada per llei a fer la facturaci\u00f3. Per aix\u00f2, per portar de la millor manera i autom\u00e0ticament la facturaci\u00f3 de l&#039;empresa, es recomana que es contracti un programari <a href=\"\/ca\/erp\/\"><strong>ERP de facturaci\u00f3<\/strong><\/a>. \u00c9s una opci\u00f3 alternativa per optimitzar la gesti\u00f3 del negoci.<\/p>\n\n\n\n<p>ERP \u00e9s un programa inform\u00e0tic i de gesti\u00f3 de processos integrats a una plataforma digital. Els <strong>ERP de facturaci\u00f3<\/strong> s\u00f3n de gran ajuda per a qualsevol tipus d&#039;empresa; al capdavall, s&#039;adapten al negoci per agilitzar i facilitar la gesti\u00f3 empresarial.<\/p>\n\n\n\n<p>Realment, un <strong>ERP de facturaci\u00f3<\/strong>, no serveix nom\u00e9s per imprimir factures, sin\u00f3 n&#039;hi hauria prou amb una plantilla en Excel o Word. Tot i aix\u00f2, un programa de facturaci\u00f3 aporta moltes m\u00e9s funcions. Integra totes les factures en un sol programa, com fa a3factura, aix\u00f2 permet que la cerca en el programari sigui autom\u00e0tica, d&#039;aquesta manera estalviem temps i diners.  Un ERP permet anticipar-se a les necessitats que pot tenir un negoci en un futur, com \u00e9s la previsi\u00f3 del pagament de l&#039;IVA.<\/p>\n\n\n\n<p>Entre les seves funcions destaca la gesti\u00f3 global, \u00e9s a dir, controla la gesti\u00f3 dels clients potencials i actuals, els canals, les ofertes i els pressupostos o les condicions comercials i moltes m\u00e9s opcions per documentar els processos en relaci\u00f3 amb els clients. Una altra de les funcions \u00e9s que t&#039;ajuda a reduir costos, c\u00e0rregues administratives i professionalitzar el teu negoci. Definitivament, una <strong>ERP de facturaci\u00f3<\/strong>, \u00e9s una soluci\u00f3 que automatitza la gesti\u00f3 comptable de l&#039;empresa, genera seients comptables autom\u00e0ticament corresponents als moviments realitzats, com a factura de venda, compres, cobraments, i pagaments.<\/p>\n\n\n\n<p>Compte amb una aplicaci\u00f3 amb la qual pots accedir des d&#039;un tel\u00e8fon m\u00f2bil o una tablet. La tecnologia cloud porta molts avantatges, perqu\u00e8 amb l&#039;app d&#039;a3factura tamb\u00e9 pots tenir les dades fora de perill, i tindreu la informaci\u00f3 sempre permanentment actualitzada.<\/p>\n\n\n\n<p>Cal valorar el fet que un <a href=\"\/ca\/erp\/\"><strong>ERP de facturaci\u00f3<\/strong><\/a> aporta m\u00e9s confian\u00e7a que els suports f\u00edsics, ja que no es fan malb\u00e9 ni es perd la informaci\u00f3 tan f\u00e0cilment. I per la confidencialitat de dades no us heu de preocupar, ja que el programa est\u00e0 adaptat a la Llei Org\u00e0nica de Protecci\u00f3 de Dades (LOPD).<\/p>\n\n\n\n<p>A m\u00e9s, s\u00f3n programes molt eficients i f\u00e0cils de fer servir, no cal formaci\u00f3 pr\u00e8via per comen\u00e7ar a utilitzar-los. En definitiva, \u00e9s un sistema molt fiable i segur que us pot solucionar la gesti\u00f3 de les vostres factures i dades dels clients.<\/p>\n\n\n\n<p>Finalment, s\u00f3n programes multiempresa i multiusuari, en altres paraules, es poden gestionar m\u00e9s d&#039;una empresa i poden accedir al programa m\u00e9s d&#039;un usuari sense cap cost addicional. Fins i tot podeu compartir la informaci\u00f3 amb el gestor de l&#039;empresa, i aix\u00ed facilitar-ne la comunicaci\u00f3 i evitar tr\u00e0mits burocr\u00e0tics. Podreu treballar amb el gestor de manera col\u00b7laborativa, amb l&#039;objectiu d&#039;optimitzar al m\u00e0xim el vostre temps, evitant despla\u00e7aments i errors de transcripci\u00f3.<\/p>","protected":false},"excerpt":{"rendered":"<p>Una empresa est\u00e1 obligada por ley a hacer la facturaci\u00f3n. Por eso, para llevar de la mejor manera y autom\u00e1ticamente la facturaci\u00f3n de la empresa, se recomienda que se contrate un software ERP de facturaci\u00f3n. Es una opci\u00f3n alternativa para optimizar la gesti\u00f3n del negocio. ERP es un programa inform\u00e1tico y de gesti\u00f3n de procesos&#8230;<\/p>","protected":false},"author":4,"featured_media":0,"parent":9649,"menu_order":0,"comment_status":"closed","ping_status":"closed","template":"page-landing-moduls.php","meta":{"_acf_changed":false,"_kad_blocks_custom_css":"","_kad_blocks_head_custom_js":"","_kad_blocks_body_custom_js":"","_kad_blocks_footer_custom_js":"","_kad_post_transparent":"","_kad_post_title":"","_kad_post_layout":"","_kad_post_sidebar_id":"","_kad_post_content_style":"","_kad_post_vertical_padding":"","_kad_post_feature":"","_kad_post_feature_position":"","_kad_post_header":false,"_kad_post_footer":false,"_kad_post_classname":"","footnotes":""},"class_list":["post-9666","page","type-page","status-publish","hentry"],"acf":[],"yoast_head":"<!-- This site is optimized with the Yoast SEO plugin v27.4 - https:\/\/yoast.com\/product\/yoast-seo-wordpress\/ -->\n<title>ERP Facturaci\u00f3n - Apen Inform\u00e1tica<\/title>\n<meta name=\"description\" content=\"A3ERP - ERP Facturaci\u00f3n. Software de gesti\u00f3n que se adapta a tu negocio gestiona la empresa desde un \u00fanico programa integral.Conf\u00eda en Apen.\" \/>\n<meta name=\"robots\" content=\"index, follow, max-snippet:-1, max-image-preview:large, max-video-preview:-1\" \/>\n<link rel=\"canonical\" href=\"https:\/\/www.apen.es\/ca\/erp\/erp-facturacion\/\" \/>\n<meta property=\"og:locale\" content=\"ca_ES\" \/>\n<meta property=\"og:type\" content=\"article\" \/>\n<meta property=\"og:title\" content=\"ERP Facturaci\u00f3n - Apen Inform\u00e1tica\" \/>\n<meta property=\"og:description\" content=\"A3ERP - ERP Facturaci\u00f3n. Software de gesti\u00f3n que se adapta a tu negocio gestiona la empresa desde un \u00fanico programa integral.Conf\u00eda en Apen.\" \/>\n<meta property=\"og:url\" content=\"https:\/\/www.apen.es\/ca\/erp\/erp-facturacion\/\" \/>\n<meta property=\"og:site_name\" content=\"Apen Inform\u00e1tica\" \/>\n<meta property=\"article:publisher\" content=\"https:\/\/www.facebook.com\/apensolucions\" \/>\n<meta property=\"article:modified_time\" content=\"2025-07-08T11:24:07+00:00\" \/>\n<meta property=\"og:image\" content=\"https:\/\/www.apen.es\/wp-content\/uploads\/2016\/05\/logo-apen-231x82-trasparent.png\" \/>\n\t<meta property=\"og:image:width\" content=\"231\" \/>\n\t<meta property=\"og:image:height\" content=\"82\" \/>\n\t<meta property=\"og:image:type\" content=\"image\/png\" \/>\n<meta name=\"twitter:card\" content=\"summary_large_image\" \/>\n<meta name=\"twitter:label1\" content=\"Temps estimat de lectura\" \/>\n\t<meta name=\"twitter:data1\" content=\"7 minuts\" \/>\n<script type=\"application\/ld+json\" class=\"yoast-schema-graph\">{\"@context\":\"https:\\\/\\\/schema.org\",\"@graph\":[{\"@type\":\"WebPage\",\"@id\":\"https:\\\/\\\/www.apen.es\\\/erp\\\/erp-facturacion\\\/\",\"url\":\"https:\\\/\\\/www.apen.es\\\/erp\\\/erp-facturacion\\\/\",\"name\":\"ERP Facturaci\u00f3n - Apen Inform\u00e1tica\",\"isPartOf\":{\"@id\":\"https:\\\/\\\/www.apen.es\\\/#website\"},\"datePublished\":\"2018-05-01T16:58:15+00:00\",\"dateModified\":\"2025-07-08T11:24:07+00:00\",\"description\":\"A3ERP - ERP Facturaci\u00f3n. Software de gesti\u00f3n que se adapta a tu negocio gestiona la empresa desde un \u00fanico programa integral.Conf\u00eda en Apen.\",\"breadcrumb\":{\"@id\":\"https:\\\/\\\/www.apen.es\\\/erp\\\/erp-facturacion\\\/#breadcrumb\"},\"inLanguage\":\"ca\",\"potentialAction\":[{\"@type\":\"ReadAction\",\"target\":[\"https:\\\/\\\/www.apen.es\\\/erp\\\/erp-facturacion\\\/\"]}]},{\"@type\":\"BreadcrumbList\",\"@id\":\"https:\\\/\\\/www.apen.es\\\/erp\\\/erp-facturacion\\\/#breadcrumb\",\"itemListElement\":[{\"@type\":\"ListItem\",\"position\":1,\"name\":\"Portada\",\"item\":\"https:\\\/\\\/www.apen.es\\\/\"},{\"@type\":\"ListItem\",\"position\":2,\"name\":\"ERP. Ofrecemos software gesti\u00f3n a empresas.\",\"item\":\"https:\\\/\\\/www.apen.es\\\/erp\\\/\"},{\"@type\":\"ListItem\",\"position\":3,\"name\":\"ERP Facturaci\u00f3n\"}]},{\"@type\":\"WebSite\",\"@id\":\"https:\\\/\\\/www.apen.es\\\/#website\",\"url\":\"https:\\\/\\\/www.apen.es\\\/\",\"name\":\"Apen Inform\u00e1tica\",\"description\":\"Mantenimiento Inform\u00e1tico , Software de Gesti\u00f3n, Soluciones de impresi\u00f3n\",\"publisher\":{\"@id\":\"https:\\\/\\\/www.apen.es\\\/#organization\"},\"potentialAction\":[{\"@type\":\"SearchAction\",\"target\":{\"@type\":\"EntryPoint\",\"urlTemplate\":\"https:\\\/\\\/www.apen.es\\\/?s={search_term_string}\"},\"query-input\":{\"@type\":\"PropertyValueSpecification\",\"valueRequired\":true,\"valueName\":\"search_term_string\"}}],\"inLanguage\":\"ca\"},{\"@type\":\"Organization\",\"@id\":\"https:\\\/\\\/www.apen.es\\\/#organization\",\"name\":\"Apen: Soluciones inform\u00e1ticas\",\"url\":\"https:\\\/\\\/www.apen.es\\\/\",\"logo\":{\"@type\":\"ImageObject\",\"inLanguage\":\"ca\",\"@id\":\"https:\\\/\\\/www.apen.es\\\/#\\\/schema\\\/logo\\\/image\\\/\",\"url\":\"https:\\\/\\\/www.apen.es\\\/wp-content\\\/uploads\\\/2022\\\/08\\\/logo-apenok-231x82-1.png\",\"contentUrl\":\"https:\\\/\\\/www.apen.es\\\/wp-content\\\/uploads\\\/2022\\\/08\\\/logo-apenok-231x82-1.png\",\"width\":231,\"height\":82,\"caption\":\"Apen: Soluciones inform\u00e1ticas\"},\"image\":{\"@id\":\"https:\\\/\\\/www.apen.es\\\/#\\\/schema\\\/logo\\\/image\\\/\"},\"sameAs\":[\"https:\\\/\\\/www.facebook.com\\\/apensolucions\",\"https:\\\/\\\/www.youtube.com\\\/user\\\/ApenCentreInformatic\",\"https:\\\/\\\/www.linkedin.com\\\/company\\\/1021771?trk=tyah&trkInfo=clickedVerticalcompanyclickedEntityId1021771idx2-1-2tarId1464195271196tasapenin\"]}]}<\/script>\n<!-- \/ Yoast SEO plugin. -->","yoast_head_json":{"title":"ERP Facturaci\u00f3n - Apen Inform\u00e1tica","description":"A3ERP - ERP Facturaci\u00f3n. Software de gesti\u00f3n que se adapta a tu negocio gestiona la empresa desde un \u00fanico programa integral.Conf\u00eda en Apen.","robots":{"index":"index","follow":"follow","max-snippet":"max-snippet:-1","max-image-preview":"max-image-preview:large","max-video-preview":"max-video-preview:-1"},"canonical":"https:\/\/www.apen.es\/ca\/erp\/erp-facturacion\/","og_locale":"ca_ES","og_type":"article","og_title":"ERP Facturaci\u00f3n - Apen Inform\u00e1tica","og_description":"A3ERP - ERP Facturaci\u00f3n. Software de gesti\u00f3n que se adapta a tu negocio gestiona la empresa desde un \u00fanico programa integral.Conf\u00eda en Apen.","og_url":"https:\/\/www.apen.es\/ca\/erp\/erp-facturacion\/","og_site_name":"Apen Inform\u00e1tica","article_publisher":"https:\/\/www.facebook.com\/apensolucions","article_modified_time":"2025-07-08T11:24:07+00:00","og_image":[{"width":231,"height":82,"url":"https:\/\/www.apen.es\/wp-content\/uploads\/2016\/05\/logo-apen-231x82-trasparent.png","type":"image\/png"}],"twitter_card":"summary_large_image","twitter_misc":{"Temps estimat de lectura":"7 minuts"},"schema":{"@context":"https:\/\/schema.org","@graph":[{"@type":"WebPage","@id":"https:\/\/www.apen.es\/erp\/erp-facturacion\/","url":"https:\/\/www.apen.es\/erp\/erp-facturacion\/","name":"ERP Facturaci\u00f3n - Apen Inform\u00e1tica","isPartOf":{"@id":"https:\/\/www.apen.es\/#website"},"datePublished":"2018-05-01T16:58:15+00:00","dateModified":"2025-07-08T11:24:07+00:00","description":"A3ERP - ERP Facturaci\u00f3n. Software de gesti\u00f3n que se adapta a tu negocio gestiona la empresa desde un \u00fanico programa integral.Conf\u00eda en Apen.","breadcrumb":{"@id":"https:\/\/www.apen.es\/erp\/erp-facturacion\/#breadcrumb"},"inLanguage":"ca","potentialAction":[{"@type":"ReadAction","target":["https:\/\/www.apen.es\/erp\/erp-facturacion\/"]}]},{"@type":"BreadcrumbList","@id":"https:\/\/www.apen.es\/erp\/erp-facturacion\/#breadcrumb","itemListElement":[{"@type":"ListItem","position":1,"name":"Portada","item":"https:\/\/www.apen.es\/"},{"@type":"ListItem","position":2,"name":"ERP. Ofrecemos software gesti\u00f3n a empresas.","item":"https:\/\/www.apen.es\/erp\/"},{"@type":"ListItem","position":3,"name":"ERP Facturaci\u00f3n"}]},{"@type":"WebSite","@id":"https:\/\/www.apen.es\/#website","url":"https:\/\/www.apen.es\/","name":"Apen Inform\u00e0tica","description":"Manteniment inform\u00e0tic , programari de gesti\u00f3, solucions d&#039;impressi\u00f3","publisher":{"@id":"https:\/\/www.apen.es\/#organization"},"potentialAction":[{"@type":"SearchAction","target":{"@type":"EntryPoint","urlTemplate":"https:\/\/www.apen.es\/?s={search_term_string}"},"query-input":{"@type":"PropertyValueSpecification","valueRequired":true,"valueName":"search_term_string"}}],"inLanguage":"ca"},{"@type":"Organization","@id":"https:\/\/www.apen.es\/#organization","name":"Apen: Solucions inform\u00e0tiques","url":"https:\/\/www.apen.es\/","logo":{"@type":"ImageObject","inLanguage":"ca","@id":"https:\/\/www.apen.es\/#\/schema\/logo\/image\/","url":"https:\/\/www.apen.es\/wp-content\/uploads\/2022\/08\/logo-apenok-231x82-1.png","contentUrl":"https:\/\/www.apen.es\/wp-content\/uploads\/2022\/08\/logo-apenok-231x82-1.png","width":231,"height":82,"caption":"Apen: Soluciones inform\u00e1ticas"},"image":{"@id":"https:\/\/www.apen.es\/#\/schema\/logo\/image\/"},"sameAs":["https:\/\/www.facebook.com\/apensolucions","https:\/\/www.youtube.com\/user\/ApenCentreInformatic","https:\/\/www.linkedin.com\/company\/1021771?trk=tyah&trkInfo=clickedVerticalcompanyclickedEntityId1021771idx2-1-2tarId1464195271196tasapenin"]}]}},"taxonomy_info":[],"featured_image_src_large":false,"author_info":{"display_name":"marqueting","author_link":"https:\/\/www.apen.es\/ca\/blog\/author\/marqueting\/"},"comment_info":0,"_links":{"self":[{"href":"https:\/\/www.apen.es\/ca\/wp-json\/wp\/v2\/pages\/9666","targetHints":{"allow":["GET"]}}],"collection":[{"href":"https:\/\/www.apen.es\/ca\/wp-json\/wp\/v2\/pages"}],"about":[{"href":"https:\/\/www.apen.es\/ca\/wp-json\/wp\/v2\/types\/page"}],"author":[{"embeddable":true,"href":"https:\/\/www.apen.es\/ca\/wp-json\/wp\/v2\/users\/4"}],"replies":[{"embeddable":true,"href":"https:\/\/www.apen.es\/ca\/wp-json\/wp\/v2\/comments?post=9666"}],"version-history":[{"count":1,"href":"https:\/\/www.apen.es\/ca\/wp-json\/wp\/v2\/pages\/9666\/revisions"}],"predecessor-version":[{"id":55850,"href":"https:\/\/www.apen.es\/ca\/wp-json\/wp\/v2\/pages\/9666\/revisions\/55850"}],"up":[{"embeddable":true,"href":"https:\/\/www.apen.es\/ca\/wp-json\/wp\/v2\/pages\/9649"}],"wp:attachment":[{"href":"https:\/\/www.apen.es\/ca\/wp-json\/wp\/v2\/media?parent=9666"}],"curies":[{"name":"wp","href":"https:\/\/api.w.org\/{rel}","templated":true}]}}