{"id":9649,"date":"2018-05-01T16:21:29","date_gmt":"2018-05-01T16:21:29","guid":{"rendered":"https:\/\/www.apen.es\/?page_id=9649"},"modified":"2025-05-21T06:58:37","modified_gmt":"2025-05-21T06:58:37","slug":"erp","status":"publish","type":"page","link":"https:\/\/www.apen.es\/ca\/erp\/","title":{"rendered":"ERP. Oferim programari gesti\u00f3 a empreses."},"content":{"rendered":"<h2 class=\"wp-block-heading\">PROGRAMA ERP INTUITIU<\/h2>\n\n\n\n<p><strong>a3ERP<\/strong>&nbsp;\u00e9s un dels&nbsp;<strong>programari ERP<\/strong>&nbsp;m\u00e9s utilitzats al nostre pa\u00eds per petites i mitjanes empreses. A APEN implantem i configurem el&nbsp;<strong>a3ERP<\/strong>&nbsp;segons les necessitats dels nostres clients. Aquest programa permet configurar i personalitzar el quadre de comandament per agilitzar la presa de decisions i la gesti\u00f3 di\u00e0ria de la teva empresa.<br>Amb aquest programa inform\u00e0tic podr\u00e0s cr\u00e9ixer de manera s\u00f2lida i rendible, eliminant costos innecessaris en la teva gesti\u00f3 i avan\u00e7ant-te als esdeveniments que envolten la teva empresa.<\/p>\n\n\n\n<p><strong>LES TEVES DECISIONS, SEMPRE INTEL\u00b7LIGENTS<\/strong><\/p>\n\n\n\n<p><strong>a3ERP<\/strong>&nbsp;\u00e9s l&#039;eina que ens permet cr\u00e9ixer d&#039;una manera org\u00e0nica i exponencial sense disparar els costos operatius i de gesti\u00f3. Les noves tecnologies permeten a les empreses desenvolupar la seva activitat econ\u00f2mica sense necessitat d&#039;incrementar els costos de manera paral\u00b7lela.<br>Amb aquest programari de gesti\u00f3 de<strong>&nbsp;a3ERP&nbsp;<\/strong>la presa de decisions es far\u00e0 en el menor temps possible reduint, en gran mesura, els errors que es cometen a la gesti\u00f3 di\u00e0ria d&#039;una empresa.<\/p>\n\n\n\n<p><\/p>","protected":false},"excerpt":{"rendered":"<p>PROGRAMA ERP INTUITIVO a3ERP&nbsp;es uno de los&nbsp;software ERP&nbsp;m\u00e1s utilizados en nuestro pa\u00eds por peque\u00f1as y medianas empresas. En APEN implantamos y configuramos el&nbsp;a3ERP&nbsp;seg\u00fan las necesidades de nuestros clientes. Este programa permite configurar y personalizar el cuadro de mando para agilizar la toma de decisiones y la gesti\u00f3n diaria de tu empresa.Con este programa inform\u00e1tico podr\u00e1s&#8230;<\/p>","protected":false},"author":4,"featured_media":0,"parent":0,"menu_order":0,"comment_status":"closed","ping_status":"closed","template":"page-landing-software.php","meta":{"_acf_changed":false,"_kad_blocks_custom_css":"","_kad_blocks_head_custom_js":"","_kad_blocks_body_custom_js":"","_kad_blocks_footer_custom_js":"","_kad_post_transparent":"","_kad_post_title":"","_kad_post_layout":"","_kad_post_sidebar_id":"","_kad_post_content_style":"","_kad_post_vertical_padding":"","_kad_post_feature":"","_kad_post_feature_position":"","_kad_post_header":false,"_kad_post_footer":false,"_kad_post_classname":"","footnotes":""},"class_list":["post-9649","page","type-page","status-publish","hentry"],"acf":[],"yoast_head":"<!-- This site is optimized with the Yoast SEO plugin v27.4 - https:\/\/yoast.com\/product\/yoast-seo-wordpress\/ -->\n<title>ERP. Ofrecemos software gesti\u00f3n a empresas. - Apen Inform\u00e1tica<\/title>\n<meta name=\"description\" content=\"Descubre a3ERP. El software de gesti\u00f3n que se adapta a tu negocio y te lo permite gestionar m\u00e1s f\u00e1cilmente. Ll\u00e1manos al 938 606 220 sin compromiso.\" \/>\n<meta name=\"robots\" content=\"index, follow, max-snippet:-1, max-image-preview:large, max-video-preview:-1\" \/>\n<link rel=\"canonical\" href=\"https:\/\/www.apen.es\/ca\/erp\/\" \/>\n<meta property=\"og:locale\" content=\"ca_ES\" \/>\n<meta property=\"og:type\" content=\"article\" \/>\n<meta property=\"og:title\" content=\"ERP. Ofrecemos software gesti\u00f3n a empresas. - Apen Inform\u00e1tica\" \/>\n<meta property=\"og:description\" content=\"Descubre a3ERP. El software de gesti\u00f3n que se adapta a tu negocio y te lo permite gestionar m\u00e1s f\u00e1cilmente. Ll\u00e1manos al 938 606 220 sin compromiso.\" \/>\n<meta property=\"og:url\" content=\"https:\/\/www.apen.es\/ca\/erp\/\" \/>\n<meta property=\"og:site_name\" content=\"Apen Inform\u00e1tica\" \/>\n<meta property=\"article:publisher\" content=\"https:\/\/www.facebook.com\/apensolucions\" \/>\n<meta property=\"article:modified_time\" content=\"2025-05-21T06:58:37+00:00\" \/>\n<meta property=\"og:image\" content=\"https:\/\/www.apen.es\/wp-content\/uploads\/2016\/05\/logo-apen-231x82-trasparent.png\" \/>\n\t<meta property=\"og:image:width\" content=\"231\" \/>\n\t<meta property=\"og:image:height\" content=\"82\" \/>\n\t<meta property=\"og:image:type\" content=\"image\/png\" \/>\n<meta name=\"twitter:card\" content=\"summary_large_image\" \/>\n<meta name=\"twitter:label1\" content=\"Temps estimat de lectura\" \/>\n\t<meta name=\"twitter:data1\" content=\"4 minuts\" \/>\n<script type=\"application\/ld+json\" class=\"yoast-schema-graph\">{\"@context\":\"https:\\\/\\\/schema.org\",\"@graph\":[{\"@type\":\"WebPage\",\"@id\":\"https:\\\/\\\/www.apen.es\\\/erp\\\/\",\"url\":\"https:\\\/\\\/www.apen.es\\\/erp\\\/\",\"name\":\"ERP. Ofrecemos software gesti\u00f3n a empresas. - Apen Inform\u00e1tica\",\"isPartOf\":{\"@id\":\"https:\\\/\\\/www.apen.es\\\/#website\"},\"datePublished\":\"2018-05-01T16:21:29+00:00\",\"dateModified\":\"2025-05-21T06:58:37+00:00\",\"description\":\"Descubre a3ERP. El software de gesti\u00f3n que se adapta a tu negocio y te lo permite gestionar m\u00e1s f\u00e1cilmente. Ll\u00e1manos al 938 606 220 sin compromiso.\",\"breadcrumb\":{\"@id\":\"https:\\\/\\\/www.apen.es\\\/erp\\\/#breadcrumb\"},\"inLanguage\":\"ca\",\"potentialAction\":[{\"@type\":\"ReadAction\",\"target\":[\"https:\\\/\\\/www.apen.es\\\/erp\\\/\"]}]},{\"@type\":\"BreadcrumbList\",\"@id\":\"https:\\\/\\\/www.apen.es\\\/erp\\\/#breadcrumb\",\"itemListElement\":[{\"@type\":\"ListItem\",\"position\":1,\"name\":\"Portada\",\"item\":\"https:\\\/\\\/www.apen.es\\\/\"},{\"@type\":\"ListItem\",\"position\":2,\"name\":\"ERP. Ofrecemos software gesti\u00f3n a empresas.\"}]},{\"@type\":\"WebSite\",\"@id\":\"https:\\\/\\\/www.apen.es\\\/#website\",\"url\":\"https:\\\/\\\/www.apen.es\\\/\",\"name\":\"Apen Inform\u00e1tica\",\"description\":\"Mantenimiento Inform\u00e1tico , Software de Gesti\u00f3n, Soluciones de impresi\u00f3n\",\"publisher\":{\"@id\":\"https:\\\/\\\/www.apen.es\\\/#organization\"},\"potentialAction\":[{\"@type\":\"SearchAction\",\"target\":{\"@type\":\"EntryPoint\",\"urlTemplate\":\"https:\\\/\\\/www.apen.es\\\/?s={search_term_string}\"},\"query-input\":{\"@type\":\"PropertyValueSpecification\",\"valueRequired\":true,\"valueName\":\"search_term_string\"}}],\"inLanguage\":\"ca\"},{\"@type\":\"Organization\",\"@id\":\"https:\\\/\\\/www.apen.es\\\/#organization\",\"name\":\"Apen: Soluciones inform\u00e1ticas\",\"url\":\"https:\\\/\\\/www.apen.es\\\/\",\"logo\":{\"@type\":\"ImageObject\",\"inLanguage\":\"ca\",\"@id\":\"https:\\\/\\\/www.apen.es\\\/#\\\/schema\\\/logo\\\/image\\\/\",\"url\":\"https:\\\/\\\/www.apen.es\\\/wp-content\\\/uploads\\\/2022\\\/08\\\/logo-apenok-231x82-1.png\",\"contentUrl\":\"https:\\\/\\\/www.apen.es\\\/wp-content\\\/uploads\\\/2022\\\/08\\\/logo-apenok-231x82-1.png\",\"width\":231,\"height\":82,\"caption\":\"Apen: Soluciones inform\u00e1ticas\"},\"image\":{\"@id\":\"https:\\\/\\\/www.apen.es\\\/#\\\/schema\\\/logo\\\/image\\\/\"},\"sameAs\":[\"https:\\\/\\\/www.facebook.com\\\/apensolucions\",\"https:\\\/\\\/www.youtube.com\\\/user\\\/ApenCentreInformatic\",\"https:\\\/\\\/www.linkedin.com\\\/company\\\/1021771?trk=tyah&trkInfo=clickedVerticalcompanyclickedEntityId1021771idx2-1-2tarId1464195271196tasapenin\"]}]}<\/script>\n<!-- \/ Yoast SEO plugin. -->","yoast_head_json":{"title":"ERP. Oferim programari gesti\u00f3 a empreses. - Apen Inform\u00e0tica","description":"Descobreix a3ERP. El programari de gesti\u00f3 que s&#039;adapta al teu negoci i te&#039;l permet gestionar m\u00e9s f\u00e0cilment. Truca&#039;ns al 938 606 220 sense comprom\u00eds.","robots":{"index":"index","follow":"follow","max-snippet":"max-snippet:-1","max-image-preview":"max-image-preview:large","max-video-preview":"max-video-preview:-1"},"canonical":"https:\/\/www.apen.es\/ca\/erp\/","og_locale":"ca_ES","og_type":"article","og_title":"ERP. Ofrecemos software gesti\u00f3n a empresas. - Apen Inform\u00e1tica","og_description":"Descubre a3ERP. El software de gesti\u00f3n que se adapta a tu negocio y te lo permite gestionar m\u00e1s f\u00e1cilmente. Ll\u00e1manos al 938 606 220 sin compromiso.","og_url":"https:\/\/www.apen.es\/ca\/erp\/","og_site_name":"Apen Inform\u00e1tica","article_publisher":"https:\/\/www.facebook.com\/apensolucions","article_modified_time":"2025-05-21T06:58:37+00:00","og_image":[{"width":231,"height":82,"url":"https:\/\/www.apen.es\/wp-content\/uploads\/2016\/05\/logo-apen-231x82-trasparent.png","type":"image\/png"}],"twitter_card":"summary_large_image","twitter_misc":{"Temps estimat de lectura":"4 minuts"},"schema":{"@context":"https:\/\/schema.org","@graph":[{"@type":"WebPage","@id":"https:\/\/www.apen.es\/erp\/","url":"https:\/\/www.apen.es\/erp\/","name":"ERP. Oferim programari gesti\u00f3 a empreses. - Apen Inform\u00e0tica","isPartOf":{"@id":"https:\/\/www.apen.es\/#website"},"datePublished":"2018-05-01T16:21:29+00:00","dateModified":"2025-05-21T06:58:37+00:00","description":"Descobreix a3ERP. El programari de gesti\u00f3 que s&#039;adapta al teu negoci i te&#039;l permet gestionar m\u00e9s f\u00e0cilment. Truca&#039;ns al 938 606 220 sense comprom\u00eds.","breadcrumb":{"@id":"https:\/\/www.apen.es\/erp\/#breadcrumb"},"inLanguage":"ca","potentialAction":[{"@type":"ReadAction","target":["https:\/\/www.apen.es\/erp\/"]}]},{"@type":"BreadcrumbList","@id":"https:\/\/www.apen.es\/erp\/#breadcrumb","itemListElement":[{"@type":"ListItem","position":1,"name":"Portada","item":"https:\/\/www.apen.es\/"},{"@type":"ListItem","position":2,"name":"ERP. Ofrecemos software gesti\u00f3n a empresas."}]},{"@type":"WebSite","@id":"https:\/\/www.apen.es\/#website","url":"https:\/\/www.apen.es\/","name":"Apen Inform\u00e0tica","description":"Manteniment inform\u00e0tic , programari de gesti\u00f3, solucions d&#039;impressi\u00f3","publisher":{"@id":"https:\/\/www.apen.es\/#organization"},"potentialAction":[{"@type":"SearchAction","target":{"@type":"EntryPoint","urlTemplate":"https:\/\/www.apen.es\/?s={search_term_string}"},"query-input":{"@type":"PropertyValueSpecification","valueRequired":true,"valueName":"search_term_string"}}],"inLanguage":"ca"},{"@type":"Organization","@id":"https:\/\/www.apen.es\/#organization","name":"Apen: Solucions inform\u00e0tiques","url":"https:\/\/www.apen.es\/","logo":{"@type":"ImageObject","inLanguage":"ca","@id":"https:\/\/www.apen.es\/#\/schema\/logo\/image\/","url":"https:\/\/www.apen.es\/wp-content\/uploads\/2022\/08\/logo-apenok-231x82-1.png","contentUrl":"https:\/\/www.apen.es\/wp-content\/uploads\/2022\/08\/logo-apenok-231x82-1.png","width":231,"height":82,"caption":"Apen: Soluciones inform\u00e1ticas"},"image":{"@id":"https:\/\/www.apen.es\/#\/schema\/logo\/image\/"},"sameAs":["https:\/\/www.facebook.com\/apensolucions","https:\/\/www.youtube.com\/user\/ApenCentreInformatic","https:\/\/www.linkedin.com\/company\/1021771?trk=tyah&trkInfo=clickedVerticalcompanyclickedEntityId1021771idx2-1-2tarId1464195271196tasapenin"]}]}},"taxonomy_info":[],"featured_image_src_large":false,"author_info":{"display_name":"marqueting","author_link":"https:\/\/www.apen.es\/ca\/blog\/author\/marqueting\/"},"comment_info":0,"_links":{"self":[{"href":"https:\/\/www.apen.es\/ca\/wp-json\/wp\/v2\/pages\/9649","targetHints":{"allow":["GET"]}}],"collection":[{"href":"https:\/\/www.apen.es\/ca\/wp-json\/wp\/v2\/pages"}],"about":[{"href":"https:\/\/www.apen.es\/ca\/wp-json\/wp\/v2\/types\/page"}],"author":[{"embeddable":true,"href":"https:\/\/www.apen.es\/ca\/wp-json\/wp\/v2\/users\/4"}],"replies":[{"embeddable":true,"href":"https:\/\/www.apen.es\/ca\/wp-json\/wp\/v2\/comments?post=9649"}],"version-history":[{"count":3,"href":"https:\/\/www.apen.es\/ca\/wp-json\/wp\/v2\/pages\/9649\/revisions"}],"predecessor-version":[{"id":54662,"href":"https:\/\/www.apen.es\/ca\/wp-json\/wp\/v2\/pages\/9649\/revisions\/54662"}],"wp:attachment":[{"href":"https:\/\/www.apen.es\/ca\/wp-json\/wp\/v2\/media?parent=9649"}],"curies":[{"name":"wp","href":"https:\/\/api.w.org\/{rel}","templated":true}]}}