{"id":9318,"date":"2018-04-03T11:25:29","date_gmt":"2018-04-03T11:25:29","guid":{"rendered":"https:\/\/www.apen.es\/?page_id=9318"},"modified":"2025-07-08T11:01:09","modified_gmt":"2025-07-08T11:01:09","slug":"sga-magatzem","status":"publish","type":"page","link":"https:\/\/www.apen.es\/ca\/a3erp-e-pack-gestion-almacenes\/sga-almacen\/","title":{"rendered":"SGA Magatzem"},"content":{"rendered":"<p>Pot ser que e-pack <strong>SGA<\/strong> sigui el millor programari de log\u00edstica per integrar al magatzem de la teva empresa, ja que permet optimitzar totes les operacions que es duen a terme al magatzem (recepci\u00f3 de materials, ubicacions, expedicions, regularitzacions, traspassos i inventaris). E-Pack \u00e9s el programari de gesti\u00f3 de magatzem que proporciona tra\u00e7abilitat dels articles, tant si utilitzes lots, talles i colors, caducitats, n\u00fameros de s\u00e8rie o en multi ubicaci\u00f3. Aquest programa est\u00e0 compost per dues aplicacions, la primera \u00e9s una aplicaci\u00f3 integrada a a3ERP per gestionar les tasques del magatzem, configurar l&#039;aplicaci\u00f3 i planificar les expedicions. La segona tracta sobre un terminal per fer els treballs planificats des de terminals m\u00f2bils.<\/p>\n\n\n\n<p><strong>SGA<\/strong> (Programari de gesti\u00f3 de magatzems) s\u00f3n els programes inform\u00e0tics orientats a la gesti\u00f3 de magatzems. La gesti\u00f3 de magatzems es realitza de manera autom\u00e0tica i en temps real. Pots aplicar al teu magatzem els criteris de valoraci\u00f3 que m\u00e9s convingui a la teva empresa, com a mitjanes ponderades, PEPS, UEPS, identificaci\u00f3 espec\u00edfica o m\u00e8tode retail. Mantingues les expedicions sota control durant els cicles d&#039;embalatge, etiquetatge, verificaci\u00f3 de la mercaderia i l&#039;emissi\u00f3 de documents de sortida.<\/p>\n\n\n\n<p>A m\u00e9s, \u00e9s molt f\u00e0cil de fer servir i funciona mitjan\u00e7ant terminals m\u00f2bils de radiofreq\u00fc\u00e8ncia sota una infraestructura de xarxa wifi i amb impressores d&#039;etiquetes de codi de barres. Els codis de barra s\u00f3n un aspecte clau per mantenir el control de l&#039;estoc. Amb E-Pack disposes de EAN128 i Damatrix per classificar tots els articles de la teva empresa.<\/p>\n\n\n\n<p>Un altre benefici de disposar d&#039;e-pack <strong>SGA<\/strong> \u00e9s que proporciona informaci\u00f3 a temps real gr\u00e0cies als terminals i xarxes sense fil. Programa, especialment, indicat per cobrir les necessitats dels magatzems de petites i mitjanes empreses.<\/p>\n\n\n\n<p><strong>SGA<\/strong> per <strong>magatzem<\/strong> ofereix potents funcions com el codi de barres, picking, cross docking. Cross docking \u00e9s un mecanisme que tracta aquells casos en qu\u00e8 el material passa pel magatzem nom\u00e9s pel proc\u00e9s de distribuci\u00f3, aix\u00ed que no s&#039;emmagatzema, sin\u00f3 que nom\u00e9s s&#039;encarrega de la distribuci\u00f3. Aleshores, quan es traslladen els productes dels molls de l&#039;entrada del magatzem als de sortida s&#039;assignen de forma autom\u00e0tica el material rebut pels prove\u00efdors a les comandes dels clients.<\/p>\n\n\n\n<p>E-Pack <strong>SGA<\/strong>, com a programa de gesti\u00f3 de magatzem permetr\u00e0 optimitzar totes les operacions que necessites per guanyar efici\u00e8ncia, optimitzar espais i millorar el rendiment dels treballadors. Tot el proc\u00e9s completament automatitzat, per aix\u00f2 es minimitzen els errors al m\u00e0xim, tant a les ubicacions com al control d&#039;estoc, la distribuci\u00f3 i l&#039;abastament.<\/p>\n\n\n\n<p>Finalment, l&#039;objectiu principal de <strong>SGA<\/strong> per <strong>magatzem<\/strong> \u00e9s mantenir els valors d&#039;exist\u00e8ncies dels articles i les seves posicions al magatzem de forma correcta i tota la informaci\u00f3 dels moviments dels articles dins del magatzem, l&#039;empresa aconsegueix registrar tots els moviments f\u00edsics del magatzem per despr\u00e9s poder consultar-los en una base de dades comuna.<\/p>","protected":false},"excerpt":{"rendered":"<p>Puede ser que e-pack SGA sea el mejor software de log\u00edstica para integrar en el almac\u00e9n de tu empresa, ya que permite optimizar todas las operaciones que se llevan a cabo en el almac\u00e9n (recepci\u00f3n de materiales, ubicaciones, expediciones, regularizaciones, traspasos e inventarios). E-Pack es el software de gesti\u00f3n de almac\u00e9n que proporciona trazabilidad de&#8230;<\/p>","protected":false},"author":4,"featured_media":0,"parent":9296,"menu_order":0,"comment_status":"closed","ping_status":"closed","template":"page-landing-moduls.php","meta":{"_acf_changed":false,"_kad_blocks_custom_css":"","_kad_blocks_head_custom_js":"","_kad_blocks_body_custom_js":"","_kad_blocks_footer_custom_js":"","_kad_post_transparent":"","_kad_post_title":"","_kad_post_layout":"","_kad_post_sidebar_id":"","_kad_post_content_style":"","_kad_post_vertical_padding":"","_kad_post_feature":"","_kad_post_feature_position":"","_kad_post_header":false,"_kad_post_footer":false,"_kad_post_classname":"","footnotes":""},"class_list":["post-9318","page","type-page","status-publish","hentry"],"acf":[],"yoast_head":"<!-- This site is optimized with the Yoast SEO plugin v27.4 - https:\/\/yoast.com\/product\/yoast-seo-wordpress\/ -->\n<title>SGA Almac\u00e9n - Apen Inform\u00e1tica<\/title>\n<meta name=\"description\" content=\"Contrata el sga almac\u00e9n de a3erp para gestionar desde un programa\/software de gesti\u00f3n intuitivo tu almac\u00e9n. Ll\u00e1manos al 938 606 220 sin compromiso.\" \/>\n<meta name=\"robots\" content=\"index, follow, max-snippet:-1, max-image-preview:large, max-video-preview:-1\" \/>\n<link rel=\"canonical\" href=\"https:\/\/www.apen.es\/ca\/a3erp-i-pack-gestion-magatzems\/sga-magatzem\/\" \/>\n<meta property=\"og:locale\" content=\"ca_ES\" \/>\n<meta property=\"og:type\" content=\"article\" \/>\n<meta property=\"og:title\" content=\"SGA Almac\u00e9n - Apen Inform\u00e1tica\" \/>\n<meta property=\"og:description\" content=\"Contrata el sga almac\u00e9n de a3erp para gestionar desde un programa\/software de gesti\u00f3n intuitivo tu almac\u00e9n. Ll\u00e1manos al 938 606 220 sin compromiso.\" \/>\n<meta property=\"og:url\" content=\"https:\/\/www.apen.es\/ca\/a3erp-i-pack-gestion-magatzems\/sga-magatzem\/\" \/>\n<meta property=\"og:site_name\" content=\"Apen Inform\u00e1tica\" \/>\n<meta property=\"article:publisher\" content=\"https:\/\/www.facebook.com\/apensolucions\" \/>\n<meta property=\"article:modified_time\" content=\"2025-07-08T11:01:09+00:00\" \/>\n<meta property=\"og:image\" content=\"https:\/\/www.apen.es\/wp-content\/uploads\/2016\/05\/logo-apen-231x82-trasparent.png\" \/>\n\t<meta property=\"og:image:width\" content=\"231\" \/>\n\t<meta property=\"og:image:height\" content=\"82\" \/>\n\t<meta property=\"og:image:type\" content=\"image\/png\" \/>\n<meta name=\"twitter:card\" content=\"summary_large_image\" \/>\n<meta name=\"twitter:label1\" content=\"Temps estimat de lectura\" \/>\n\t<meta name=\"twitter:data1\" content=\"6 minuts\" \/>\n<script type=\"application\/ld+json\" class=\"yoast-schema-graph\">{\"@context\":\"https:\\\/\\\/schema.org\",\"@graph\":[{\"@type\":\"WebPage\",\"@id\":\"https:\\\/\\\/www.apen.es\\\/a3erp-e-pack-gestion-almacenes\\\/sga-almacen\\\/\",\"url\":\"https:\\\/\\\/www.apen.es\\\/a3erp-e-pack-gestion-almacenes\\\/sga-almacen\\\/\",\"name\":\"SGA Almac\u00e9n - Apen Inform\u00e1tica\",\"isPartOf\":{\"@id\":\"https:\\\/\\\/www.apen.es\\\/#website\"},\"datePublished\":\"2018-04-03T11:25:29+00:00\",\"dateModified\":\"2025-07-08T11:01:09+00:00\",\"description\":\"Contrata el sga almac\u00e9n de a3erp para gestionar desde un programa\\\/software de gesti\u00f3n intuitivo tu almac\u00e9n. Ll\u00e1manos al 938 606 220 sin compromiso.\",\"breadcrumb\":{\"@id\":\"https:\\\/\\\/www.apen.es\\\/a3erp-e-pack-gestion-almacenes\\\/sga-almacen\\\/#breadcrumb\"},\"inLanguage\":\"ca\",\"potentialAction\":[{\"@type\":\"ReadAction\",\"target\":[\"https:\\\/\\\/www.apen.es\\\/a3erp-e-pack-gestion-almacenes\\\/sga-almacen\\\/\"]}]},{\"@type\":\"BreadcrumbList\",\"@id\":\"https:\\\/\\\/www.apen.es\\\/a3erp-e-pack-gestion-almacenes\\\/sga-almacen\\\/#breadcrumb\",\"itemListElement\":[{\"@type\":\"ListItem\",\"position\":1,\"name\":\"Portada\",\"item\":\"https:\\\/\\\/www.apen.es\\\/\"},{\"@type\":\"ListItem\",\"position\":2,\"name\":\"a3ERP e-pack: Gesti\u00f3n inteligente de almacenes\",\"item\":\"https:\\\/\\\/www.apen.es\\\/a3erp-e-pack-gestion-almacenes\\\/\"},{\"@type\":\"ListItem\",\"position\":3,\"name\":\"SGA Almac\u00e9n\"}]},{\"@type\":\"WebSite\",\"@id\":\"https:\\\/\\\/www.apen.es\\\/#website\",\"url\":\"https:\\\/\\\/www.apen.es\\\/\",\"name\":\"Apen Inform\u00e1tica\",\"description\":\"Mantenimiento Inform\u00e1tico , Software de Gesti\u00f3n, Soluciones de impresi\u00f3n\",\"publisher\":{\"@id\":\"https:\\\/\\\/www.apen.es\\\/#organization\"},\"potentialAction\":[{\"@type\":\"SearchAction\",\"target\":{\"@type\":\"EntryPoint\",\"urlTemplate\":\"https:\\\/\\\/www.apen.es\\\/?s={search_term_string}\"},\"query-input\":{\"@type\":\"PropertyValueSpecification\",\"valueRequired\":true,\"valueName\":\"search_term_string\"}}],\"inLanguage\":\"ca\"},{\"@type\":\"Organization\",\"@id\":\"https:\\\/\\\/www.apen.es\\\/#organization\",\"name\":\"Apen: Soluciones inform\u00e1ticas\",\"url\":\"https:\\\/\\\/www.apen.es\\\/\",\"logo\":{\"@type\":\"ImageObject\",\"inLanguage\":\"ca\",\"@id\":\"https:\\\/\\\/www.apen.es\\\/#\\\/schema\\\/logo\\\/image\\\/\",\"url\":\"https:\\\/\\\/www.apen.es\\\/wp-content\\\/uploads\\\/2022\\\/08\\\/logo-apenok-231x82-1.png\",\"contentUrl\":\"https:\\\/\\\/www.apen.es\\\/wp-content\\\/uploads\\\/2022\\\/08\\\/logo-apenok-231x82-1.png\",\"width\":231,\"height\":82,\"caption\":\"Apen: Soluciones inform\u00e1ticas\"},\"image\":{\"@id\":\"https:\\\/\\\/www.apen.es\\\/#\\\/schema\\\/logo\\\/image\\\/\"},\"sameAs\":[\"https:\\\/\\\/www.facebook.com\\\/apensolucions\",\"https:\\\/\\\/www.youtube.com\\\/user\\\/ApenCentreInformatic\",\"https:\\\/\\\/www.linkedin.com\\\/company\\\/1021771?trk=tyah&trkInfo=clickedVerticalcompanyclickedEntityId1021771idx2-1-2tarId1464195271196tasapenin\"]}]}<\/script>\n<!-- \/ Yoast SEO plugin. -->","yoast_head_json":{"title":"SGA Magatzem - Apen Inform\u00e0tica","description":"Contracta el sga magatzem d&#039;a3erp per gestionar des d&#039;un programa\/programari de gesti\u00f3 intu\u00eftiu el teu magatzem. Truca&#039;ns al 938 606 220 sense comprom\u00eds.","robots":{"index":"index","follow":"follow","max-snippet":"max-snippet:-1","max-image-preview":"max-image-preview:large","max-video-preview":"max-video-preview:-1"},"canonical":"https:\/\/www.apen.es\/ca\/a3erp-i-pack-gestion-magatzems\/sga-magatzem\/","og_locale":"ca_ES","og_type":"article","og_title":"SGA Almac\u00e9n - Apen Inform\u00e1tica","og_description":"Contrata el sga almac\u00e9n de a3erp para gestionar desde un programa\/software de gesti\u00f3n intuitivo tu almac\u00e9n. Ll\u00e1manos al 938 606 220 sin compromiso.","og_url":"https:\/\/www.apen.es\/ca\/a3erp-i-pack-gestion-magatzems\/sga-magatzem\/","og_site_name":"Apen Inform\u00e1tica","article_publisher":"https:\/\/www.facebook.com\/apensolucions","article_modified_time":"2025-07-08T11:01:09+00:00","og_image":[{"width":231,"height":82,"url":"https:\/\/www.apen.es\/wp-content\/uploads\/2016\/05\/logo-apen-231x82-trasparent.png","type":"image\/png"}],"twitter_card":"summary_large_image","twitter_misc":{"Temps estimat de lectura":"6 minuts"},"schema":{"@context":"https:\/\/schema.org","@graph":[{"@type":"WebPage","@id":"https:\/\/www.apen.es\/a3erp-e-pack-gestion-almacenes\/sga-almacen\/","url":"https:\/\/www.apen.es\/a3erp-e-pack-gestion-almacenes\/sga-almacen\/","name":"SGA Magatzem - Apen Inform\u00e0tica","isPartOf":{"@id":"https:\/\/www.apen.es\/#website"},"datePublished":"2018-04-03T11:25:29+00:00","dateModified":"2025-07-08T11:01:09+00:00","description":"Contracta el sga magatzem d&#039;a3erp per gestionar des d&#039;un programa\/programari de gesti\u00f3 intu\u00eftiu el teu magatzem. Truca&#039;ns al 938 606 220 sense comprom\u00eds.","breadcrumb":{"@id":"https:\/\/www.apen.es\/a3erp-e-pack-gestion-almacenes\/sga-almacen\/#breadcrumb"},"inLanguage":"ca","potentialAction":[{"@type":"ReadAction","target":["https:\/\/www.apen.es\/a3erp-e-pack-gestion-almacenes\/sga-almacen\/"]}]},{"@type":"BreadcrumbList","@id":"https:\/\/www.apen.es\/a3erp-e-pack-gestion-almacenes\/sga-almacen\/#breadcrumb","itemListElement":[{"@type":"ListItem","position":1,"name":"Portada","item":"https:\/\/www.apen.es\/"},{"@type":"ListItem","position":2,"name":"a3ERP e-pack: Gesti\u00f3n inteligente de almacenes","item":"https:\/\/www.apen.es\/a3erp-e-pack-gestion-almacenes\/"},{"@type":"ListItem","position":3,"name":"SGA Almac\u00e9n"}]},{"@type":"WebSite","@id":"https:\/\/www.apen.es\/#website","url":"https:\/\/www.apen.es\/","name":"Apen Inform\u00e0tica","description":"Manteniment inform\u00e0tic , programari de gesti\u00f3, solucions d&#039;impressi\u00f3","publisher":{"@id":"https:\/\/www.apen.es\/#organization"},"potentialAction":[{"@type":"SearchAction","target":{"@type":"EntryPoint","urlTemplate":"https:\/\/www.apen.es\/?s={search_term_string}"},"query-input":{"@type":"PropertyValueSpecification","valueRequired":true,"valueName":"search_term_string"}}],"inLanguage":"ca"},{"@type":"Organization","@id":"https:\/\/www.apen.es\/#organization","name":"Apen: Solucions inform\u00e0tiques","url":"https:\/\/www.apen.es\/","logo":{"@type":"ImageObject","inLanguage":"ca","@id":"https:\/\/www.apen.es\/#\/schema\/logo\/image\/","url":"https:\/\/www.apen.es\/wp-content\/uploads\/2022\/08\/logo-apenok-231x82-1.png","contentUrl":"https:\/\/www.apen.es\/wp-content\/uploads\/2022\/08\/logo-apenok-231x82-1.png","width":231,"height":82,"caption":"Apen: Soluciones inform\u00e1ticas"},"image":{"@id":"https:\/\/www.apen.es\/#\/schema\/logo\/image\/"},"sameAs":["https:\/\/www.facebook.com\/apensolucions","https:\/\/www.youtube.com\/user\/ApenCentreInformatic","https:\/\/www.linkedin.com\/company\/1021771?trk=tyah&trkInfo=clickedVerticalcompanyclickedEntityId1021771idx2-1-2tarId1464195271196tasapenin"]}]}},"taxonomy_info":[],"featured_image_src_large":false,"author_info":{"display_name":"marqueting","author_link":"https:\/\/www.apen.es\/ca\/blog\/author\/marqueting\/"},"comment_info":0,"_links":{"self":[{"href":"https:\/\/www.apen.es\/ca\/wp-json\/wp\/v2\/pages\/9318","targetHints":{"allow":["GET"]}}],"collection":[{"href":"https:\/\/www.apen.es\/ca\/wp-json\/wp\/v2\/pages"}],"about":[{"href":"https:\/\/www.apen.es\/ca\/wp-json\/wp\/v2\/types\/page"}],"author":[{"embeddable":true,"href":"https:\/\/www.apen.es\/ca\/wp-json\/wp\/v2\/users\/4"}],"replies":[{"embeddable":true,"href":"https:\/\/www.apen.es\/ca\/wp-json\/wp\/v2\/comments?post=9318"}],"version-history":[{"count":1,"href":"https:\/\/www.apen.es\/ca\/wp-json\/wp\/v2\/pages\/9318\/revisions"}],"predecessor-version":[{"id":55841,"href":"https:\/\/www.apen.es\/ca\/wp-json\/wp\/v2\/pages\/9318\/revisions\/55841"}],"up":[{"embeddable":true,"href":"https:\/\/www.apen.es\/ca\/wp-json\/wp\/v2\/pages\/9296"}],"wp:attachment":[{"href":"https:\/\/www.apen.es\/ca\/wp-json\/wp\/v2\/media?parent=9318"}],"curies":[{"name":"wp","href":"https:\/\/api.w.org\/{rel}","templated":true}]}}