{"id":9273,"date":"2018-03-31T12:02:10","date_gmt":"2018-03-31T12:02:10","guid":{"rendered":"https:\/\/www.apen.es\/?page_id=9273"},"modified":"2025-07-08T11:06:33","modified_gmt":"2025-07-08T11:06:33","slug":"software-crm-a3erp","status":"publish","type":"page","link":"https:\/\/www.apen.es\/ca\/crm-a3erp\/software-crm-a3erp\/","title":{"rendered":"Programari CRM a3ERP"},"content":{"rendered":"<p>Al mercat actual hi ha infinitat de programaris diferents per organitzar i portar un control dels clients d&#039;una empresa. \u00c9s en aquest moment, on el programari a3ERP ofereix unes caracter\u00edstiques inigualables i per sobre de qualsevol altre <strong>CRM<\/strong> del seu estil.<\/p>\n\n\n\n<p>L&#039;objectiu principal del nostre <strong>CRM<\/strong> \u00e9s potenciar lefici\u00e8ncia de lequip comercial de lempresa. Per dur-ho a terme, disposa de diferents eines i prestacions que faran molt m\u00e9s senzilla la utilitzaci\u00f3 i l&#039;emmagatzematge d&#039;informaci\u00f3 dins de la pr\u00f2pia empresa. Si una empresa disposa d&#039;una gran quantitat d&#039;informaci\u00f3 sobre els vostres clients, ia m\u00e9s, sap com utilitzar-la, podr\u00e0 treure un gran rendiment al seu equip comercial.<\/p>\n\n\n\n<p>El <strong>CRM<\/strong> e3ERP s&#039;utilitza d&#039;una forma intu\u00eftiva i molt senzilla, a m\u00e9s, s&#039;integra f\u00e0cilment a qualsevol empresa, independentment del sector a qu\u00e8 es dediqui o del volum de clients i vendes que disposi. D&#039;aquesta manera, qualsevol empresa pot integrar aquest programari al vostre sistema de gesti\u00f3.<\/p>\n\n\n\n<p>Gr\u00e0cies al nostre <strong>CRM<\/strong>, l&#039;empresa pot tenir un seguiment a temps real i autom\u00e0tic de totes les ofertes, comandes, albarans o factures sobre els diferents clients. Aix\u00f2 facilita molts processos de gesti\u00f3 i venda de productes, ja que l&#039;empresa pot saber en tot moment qui, quan i quan ha venut.<\/p>\n\n\n\n<p>A m\u00e9s de controlar els clients reals, aquest <strong>CRM<\/strong> permet arribar a clients potencials per tal de convertir-los en reals. Si l&#039;empresa coneix els canals, les ofertes, els pressupostos i les condicions comercials de cada empresa, podr\u00e0 crear inter\u00e8s i oferir-li el que realment necessita. Aix\u00ed, tamb\u00e9 es poden fidelitzar els clients reals.<\/p>\n\n\n\n<p>Quan una empresa disposa d&#039;una gran quantitat d&#039;informaci\u00f3, no n&#039;hi ha prou amb emmagatzemar-la, sin\u00f3 que seria de gran ajuda analitzar-la per obtenir noves dades d&#039;inter\u00e8s sobre els clients. Gr\u00e0cies al nostre <strong>CRM<\/strong>, es poden realitzar estad\u00edstiques, an\u00e0lisi de vendes, mitjanes de cobrament, entre moltes altres tasques d&#039;an\u00e0lisi de dades. Aix\u00f2 tindria com a resultat, un coneixement m\u00e9s gran dels seus clients, ia la llarga, un gran benefici per a l&#039;empresa.<\/p>\n\n\n\n<p>A m\u00e9s de totes aquestes caracter\u00edstiques, el nostre <strong>CRM<\/strong> \u00e9s multiempresa i suporta multiusuari, cosa que \u00e9s perfecta per a grans empreses amb m\u00e9s d&#039;un departament. Tamb\u00e9 ofereix hist\u00f2ric dorganitzacions, dades fiscals, camps parametritzables, sincronitzaci\u00f3 amb Outlook, i fins i tot, exportaci\u00f3 de dades a Excel. Totes aquestes prestacions fan que aquest <strong>CRM<\/strong> sigui un dels millors per portar el control sobre els seus actuals i futurs clients.<\/p>\n\n\n\n<p>Un altre dels avantatges d&#039;aquest <strong>CRM<\/strong> \u00e9s que una empresa pot planificar diferents accions i feines, que quan s&#039;han de dur a terme, el sistema avisa amb una alarma. D&#039;aquesta manera, es poden controlar ofertes i comandes sense que passin desapercebudes.<\/p>","protected":false},"excerpt":{"rendered":"<p>En el mercado actual existe infinidad de softwares distintos para organizar y llevar un control de los clientes de una empresa. Es en este momento, donde el software a3ERP ofrece unas caracter\u00edsticas inigualables y por encima de cualquier otro CRM de su estilo. El objetivo principal de nuestro CRM es potenciar la eficiencia del equipo&#8230;<\/p>","protected":false},"author":4,"featured_media":0,"parent":9635,"menu_order":0,"comment_status":"closed","ping_status":"closed","template":"page-landing-moduls.php","meta":{"_acf_changed":false,"_kad_blocks_custom_css":"","_kad_blocks_head_custom_js":"","_kad_blocks_body_custom_js":"","_kad_blocks_footer_custom_js":"","_kad_post_transparent":"","_kad_post_title":"","_kad_post_layout":"","_kad_post_sidebar_id":"","_kad_post_content_style":"","_kad_post_vertical_padding":"","_kad_post_feature":"","_kad_post_feature_position":"","_kad_post_header":false,"_kad_post_footer":false,"_kad_post_classname":"","footnotes":""},"class_list":["post-9273","page","type-page","status-publish","hentry"],"acf":[],"yoast_head":"<!-- This site is optimized with the Yoast SEO plugin v27.4 - https:\/\/yoast.com\/product\/yoast-seo-wordpress\/ -->\n<title>Software CRM a3ERP - Apen Inform\u00e1tica<\/title>\n<meta name=\"description\" content=\"Descubre nuestro software CRM a3ERP para peque\u00f1as y medianas empresas con el cual aumentaras tus ventas con an\u00e1lisis a tiempo real. Conf\u00eda en Apen.\" \/>\n<meta name=\"robots\" content=\"index, follow, max-snippet:-1, max-image-preview:large, max-video-preview:-1\" \/>\n<link rel=\"canonical\" href=\"https:\/\/www.apen.es\/ca\/crm-a3erp\/software-crm-a3erp\/\" \/>\n<meta property=\"og:locale\" content=\"ca_ES\" \/>\n<meta property=\"og:type\" content=\"article\" \/>\n<meta property=\"og:title\" content=\"Software CRM a3ERP - Apen Inform\u00e1tica\" \/>\n<meta property=\"og:description\" content=\"Descubre nuestro software CRM a3ERP para peque\u00f1as y medianas empresas con el cual aumentaras tus ventas con an\u00e1lisis a tiempo real. Conf\u00eda en Apen.\" \/>\n<meta property=\"og:url\" content=\"https:\/\/www.apen.es\/ca\/crm-a3erp\/software-crm-a3erp\/\" \/>\n<meta property=\"og:site_name\" content=\"Apen Inform\u00e1tica\" \/>\n<meta property=\"article:publisher\" content=\"https:\/\/www.facebook.com\/apensolucions\" \/>\n<meta property=\"article:modified_time\" content=\"2025-07-08T11:06:33+00:00\" \/>\n<meta property=\"og:image\" content=\"https:\/\/www.apen.es\/wp-content\/uploads\/2016\/05\/logo-apen-231x82-trasparent.png\" \/>\n\t<meta property=\"og:image:width\" content=\"231\" \/>\n\t<meta property=\"og:image:height\" content=\"82\" \/>\n\t<meta property=\"og:image:type\" content=\"image\/png\" \/>\n<meta name=\"twitter:card\" content=\"summary_large_image\" \/>\n<meta name=\"twitter:label1\" content=\"Temps estimat de lectura\" \/>\n\t<meta name=\"twitter:data1\" content=\"6 minuts\" \/>\n<script type=\"application\/ld+json\" class=\"yoast-schema-graph\">{\"@context\":\"https:\\\/\\\/schema.org\",\"@graph\":[{\"@type\":\"WebPage\",\"@id\":\"https:\\\/\\\/www.apen.es\\\/crm-a3erp\\\/software-crm-a3erp\\\/\",\"url\":\"https:\\\/\\\/www.apen.es\\\/crm-a3erp\\\/software-crm-a3erp\\\/\",\"name\":\"Software CRM a3ERP - Apen Inform\u00e1tica\",\"isPartOf\":{\"@id\":\"https:\\\/\\\/www.apen.es\\\/#website\"},\"datePublished\":\"2018-03-31T12:02:10+00:00\",\"dateModified\":\"2025-07-08T11:06:33+00:00\",\"description\":\"Descubre nuestro software CRM a3ERP para peque\u00f1as y medianas empresas con el cual aumentaras tus ventas con an\u00e1lisis a tiempo real. Conf\u00eda en Apen.\",\"breadcrumb\":{\"@id\":\"https:\\\/\\\/www.apen.es\\\/crm-a3erp\\\/software-crm-a3erp\\\/#breadcrumb\"},\"inLanguage\":\"ca\",\"potentialAction\":[{\"@type\":\"ReadAction\",\"target\":[\"https:\\\/\\\/www.apen.es\\\/crm-a3erp\\\/software-crm-a3erp\\\/\"]}]},{\"@type\":\"BreadcrumbList\",\"@id\":\"https:\\\/\\\/www.apen.es\\\/crm-a3erp\\\/software-crm-a3erp\\\/#breadcrumb\",\"itemListElement\":[{\"@type\":\"ListItem\",\"position\":1,\"name\":\"Portada\",\"item\":\"https:\\\/\\\/www.apen.es\\\/\"},{\"@type\":\"ListItem\",\"position\":2,\"name\":\"CRM a3ERP\",\"item\":\"https:\\\/\\\/www.apen.es\\\/crm-a3erp\\\/\"},{\"@type\":\"ListItem\",\"position\":3,\"name\":\"Software CRM a3ERP\"}]},{\"@type\":\"WebSite\",\"@id\":\"https:\\\/\\\/www.apen.es\\\/#website\",\"url\":\"https:\\\/\\\/www.apen.es\\\/\",\"name\":\"Apen Inform\u00e1tica\",\"description\":\"Mantenimiento Inform\u00e1tico , Software de Gesti\u00f3n, Soluciones de impresi\u00f3n\",\"publisher\":{\"@id\":\"https:\\\/\\\/www.apen.es\\\/#organization\"},\"potentialAction\":[{\"@type\":\"SearchAction\",\"target\":{\"@type\":\"EntryPoint\",\"urlTemplate\":\"https:\\\/\\\/www.apen.es\\\/?s={search_term_string}\"},\"query-input\":{\"@type\":\"PropertyValueSpecification\",\"valueRequired\":true,\"valueName\":\"search_term_string\"}}],\"inLanguage\":\"ca\"},{\"@type\":\"Organization\",\"@id\":\"https:\\\/\\\/www.apen.es\\\/#organization\",\"name\":\"Apen: Soluciones inform\u00e1ticas\",\"url\":\"https:\\\/\\\/www.apen.es\\\/\",\"logo\":{\"@type\":\"ImageObject\",\"inLanguage\":\"ca\",\"@id\":\"https:\\\/\\\/www.apen.es\\\/#\\\/schema\\\/logo\\\/image\\\/\",\"url\":\"https:\\\/\\\/www.apen.es\\\/wp-content\\\/uploads\\\/2022\\\/08\\\/logo-apenok-231x82-1.png\",\"contentUrl\":\"https:\\\/\\\/www.apen.es\\\/wp-content\\\/uploads\\\/2022\\\/08\\\/logo-apenok-231x82-1.png\",\"width\":231,\"height\":82,\"caption\":\"Apen: Soluciones inform\u00e1ticas\"},\"image\":{\"@id\":\"https:\\\/\\\/www.apen.es\\\/#\\\/schema\\\/logo\\\/image\\\/\"},\"sameAs\":[\"https:\\\/\\\/www.facebook.com\\\/apensolucions\",\"https:\\\/\\\/www.youtube.com\\\/user\\\/ApenCentreInformatic\",\"https:\\\/\\\/www.linkedin.com\\\/company\\\/1021771?trk=tyah&trkInfo=clickedVerticalcompanyclickedEntityId1021771idx2-1-2tarId1464195271196tasapenin\"]}]}<\/script>\n<!-- \/ Yoast SEO plugin. -->","yoast_head_json":{"title":"Software CRM a3ERP - Apen Inform\u00e1tica","description":"Descubre nuestro software CRM a3ERP para peque\u00f1as y medianas empresas con el cual aumentaras tus ventas con an\u00e1lisis a tiempo real. Conf\u00eda en Apen.","robots":{"index":"index","follow":"follow","max-snippet":"max-snippet:-1","max-image-preview":"max-image-preview:large","max-video-preview":"max-video-preview:-1"},"canonical":"https:\/\/www.apen.es\/ca\/crm-a3erp\/software-crm-a3erp\/","og_locale":"ca_ES","og_type":"article","og_title":"Software CRM a3ERP - Apen Inform\u00e1tica","og_description":"Descubre nuestro software CRM a3ERP para peque\u00f1as y medianas empresas con el cual aumentaras tus ventas con an\u00e1lisis a tiempo real. Conf\u00eda en Apen.","og_url":"https:\/\/www.apen.es\/ca\/crm-a3erp\/software-crm-a3erp\/","og_site_name":"Apen Inform\u00e1tica","article_publisher":"https:\/\/www.facebook.com\/apensolucions","article_modified_time":"2025-07-08T11:06:33+00:00","og_image":[{"width":231,"height":82,"url":"https:\/\/www.apen.es\/wp-content\/uploads\/2016\/05\/logo-apen-231x82-trasparent.png","type":"image\/png"}],"twitter_card":"summary_large_image","twitter_misc":{"Temps estimat de lectura":"6 minuts"},"schema":{"@context":"https:\/\/schema.org","@graph":[{"@type":"WebPage","@id":"https:\/\/www.apen.es\/crm-a3erp\/software-crm-a3erp\/","url":"https:\/\/www.apen.es\/crm-a3erp\/software-crm-a3erp\/","name":"Software CRM a3ERP - Apen Inform\u00e1tica","isPartOf":{"@id":"https:\/\/www.apen.es\/#website"},"datePublished":"2018-03-31T12:02:10+00:00","dateModified":"2025-07-08T11:06:33+00:00","description":"Descubre nuestro software CRM a3ERP para peque\u00f1as y medianas empresas con el cual aumentaras tus ventas con an\u00e1lisis a tiempo real. Conf\u00eda en Apen.","breadcrumb":{"@id":"https:\/\/www.apen.es\/crm-a3erp\/software-crm-a3erp\/#breadcrumb"},"inLanguage":"ca","potentialAction":[{"@type":"ReadAction","target":["https:\/\/www.apen.es\/crm-a3erp\/software-crm-a3erp\/"]}]},{"@type":"BreadcrumbList","@id":"https:\/\/www.apen.es\/crm-a3erp\/software-crm-a3erp\/#breadcrumb","itemListElement":[{"@type":"ListItem","position":1,"name":"Portada","item":"https:\/\/www.apen.es\/"},{"@type":"ListItem","position":2,"name":"CRM a3ERP","item":"https:\/\/www.apen.es\/crm-a3erp\/"},{"@type":"ListItem","position":3,"name":"Software CRM a3ERP"}]},{"@type":"WebSite","@id":"https:\/\/www.apen.es\/#website","url":"https:\/\/www.apen.es\/","name":"Apen Inform\u00e0tica","description":"Manteniment inform\u00e0tic , programari de gesti\u00f3, solucions d&#039;impressi\u00f3","publisher":{"@id":"https:\/\/www.apen.es\/#organization"},"potentialAction":[{"@type":"SearchAction","target":{"@type":"EntryPoint","urlTemplate":"https:\/\/www.apen.es\/?s={search_term_string}"},"query-input":{"@type":"PropertyValueSpecification","valueRequired":true,"valueName":"search_term_string"}}],"inLanguage":"ca"},{"@type":"Organization","@id":"https:\/\/www.apen.es\/#organization","name":"Apen: Solucions inform\u00e0tiques","url":"https:\/\/www.apen.es\/","logo":{"@type":"ImageObject","inLanguage":"ca","@id":"https:\/\/www.apen.es\/#\/schema\/logo\/image\/","url":"https:\/\/www.apen.es\/wp-content\/uploads\/2022\/08\/logo-apenok-231x82-1.png","contentUrl":"https:\/\/www.apen.es\/wp-content\/uploads\/2022\/08\/logo-apenok-231x82-1.png","width":231,"height":82,"caption":"Apen: Soluciones inform\u00e1ticas"},"image":{"@id":"https:\/\/www.apen.es\/#\/schema\/logo\/image\/"},"sameAs":["https:\/\/www.facebook.com\/apensolucions","https:\/\/www.youtube.com\/user\/ApenCentreInformatic","https:\/\/www.linkedin.com\/company\/1021771?trk=tyah&trkInfo=clickedVerticalcompanyclickedEntityId1021771idx2-1-2tarId1464195271196tasapenin"]}]}},"taxonomy_info":[],"featured_image_src_large":false,"author_info":{"display_name":"marqueting","author_link":"https:\/\/www.apen.es\/ca\/blog\/author\/marqueting\/"},"comment_info":0,"_links":{"self":[{"href":"https:\/\/www.apen.es\/ca\/wp-json\/wp\/v2\/pages\/9273","targetHints":{"allow":["GET"]}}],"collection":[{"href":"https:\/\/www.apen.es\/ca\/wp-json\/wp\/v2\/pages"}],"about":[{"href":"https:\/\/www.apen.es\/ca\/wp-json\/wp\/v2\/types\/page"}],"author":[{"embeddable":true,"href":"https:\/\/www.apen.es\/ca\/wp-json\/wp\/v2\/users\/4"}],"replies":[{"embeddable":true,"href":"https:\/\/www.apen.es\/ca\/wp-json\/wp\/v2\/comments?post=9273"}],"version-history":[{"count":1,"href":"https:\/\/www.apen.es\/ca\/wp-json\/wp\/v2\/pages\/9273\/revisions"}],"predecessor-version":[{"id":55846,"href":"https:\/\/www.apen.es\/ca\/wp-json\/wp\/v2\/pages\/9273\/revisions\/55846"}],"up":[{"embeddable":true,"href":"https:\/\/www.apen.es\/ca\/wp-json\/wp\/v2\/pages\/9635"}],"wp:attachment":[{"href":"https:\/\/www.apen.es\/ca\/wp-json\/wp\/v2\/media?parent=9273"}],"curies":[{"name":"wp","href":"https:\/\/api.w.org\/{rel}","templated":true}]}}