{"id":9269,"date":"2018-03-31T11:58:09","date_gmt":"2018-03-31T11:58:09","guid":{"rendered":"https:\/\/www.apen.es\/?page_id=9269"},"modified":"2025-07-16T09:27:30","modified_gmt":"2025-07-16T09:27:30","slug":"app-erp","status":"publish","type":"page","link":"https:\/\/www.apen.es\/ca\/a3factura\/app-erp\/","title":{"rendered":"APP Erp"},"content":{"rendered":"<p>A3factura \u00e9s un programa senzill i eficient de facturaci\u00f3 en l\u00ednia que est\u00e0 pensat especialment per a la gesti\u00f3 econ\u00f2mica d&#039;empreses i aut\u00f2noms, el qual inclou la possibilitat d&#039;instal\u00b7lar-te una&nbsp;<a href=\"https:\/\/www.apen.es\/ca\/a3factura\/\"><strong>APP ERP<\/strong><\/a>&nbsp;al m\u00f2bil, amb la qual pots gestionar tot el que necessitin al moment i al lloc on et trobis, sense preocupar-te per res m\u00e9s, nom\u00e9s de tenir una connexi\u00f3 a internet i el teu m\u00f2bil.<\/p>\n\n\n\n<p>Els ERP s\u00f3n planificadors de recursos empresarials, \u00e9s a dir, que \u00e9s un conjunt de sistemes que s\u00f3n de gran ajuda per a una empresa en diferents sectors i \u00e0mbits com per exemple en el tema de la log\u00edstica, la producci\u00f3 o la facturaci\u00f3, entre d&#039;altres. En el cas de&nbsp;<a href=\"https:\/\/www.apen.es\/ca\/a3factura\/\"><strong>A3factura<\/strong><\/a>, han volgut crear una&nbsp;<strong>APP ERP<\/strong>, ja que si \u00e9s una cosa que ha de servir per fer les tasques m\u00e9s simples, que millor manera que fer-ho a trav\u00e9s d&#039;una aplicaci\u00f3 al m\u00f2bil, ja que sempre portes el m\u00f2bil a sobre.<\/p>\n\n\n\n<p>A la&nbsp;<strong>APP ERP<\/strong>, trobareu una gran quantitat de beneficis, com per exemple que sempre vulgueu i estigueu al lloc que estigueu, podreu consultar l&#039;estat actual de la vostra empresa. A m\u00e9s, pot estar oberta la mateixa sessi\u00f3 a diferents tel\u00e8fons m\u00f2bils, per tal que diferents persones puguin actualitzar la informaci\u00f3, incl\u00f2s el gestor de la vostra empresa.<\/p>\n\n\n\n<p>Que el gestor de la vostra empresa pugui tenir acc\u00e9s a la&nbsp;<a href=\"https:\/\/www.apen.es\/ca\/a3factura\/\"><strong>APP ERP<\/strong><\/a>, tamb\u00e9 s\u00f3n tot avantatges, ja que a m\u00e9s que sempre estar\u00e0 actualitzat i ser\u00e0 conscient de tots els canvis produ\u00efts en la facturaci\u00f3 de la vostra empresa, a m\u00e9s estalviareu temps perqu\u00e8 podreu oblidar-vos d&#039;enviar papers i excels, gr\u00e0cies al fet que el programa agilitza la comunicaci\u00f3 entre tots dos. Tamb\u00e9 estalviareu diners, ja que la invitaci\u00f3 no suposa cap cost addicional.<\/p>\n\n\n\n<p>A m\u00e9s, la&nbsp;<strong>APP ERP<\/strong>&nbsp;est\u00e0 preparada per adaptar-se a totes les necessitats espec\u00edfiques en \u00e0rees concretes de l&#039;empresa, no importa quina sigui la mida o l&#039;estructura. Amb&nbsp;<a href=\"https:\/\/www.apen.es\/ca\/a3factura\/\"><em><strong>a3factur<\/strong><\/em><\/a>a no tindreu problemes per fer, des de l&#039;app, factures personalitzades amb la imatge de l&#039;empresa i afegir a cada document els camps que necessiteu. Despr\u00e9s d&#039;aix\u00f2, podreu enviar a l&#039;instant les factures als clients, veure si han estat descarregades o no, i capturar amb el m\u00f2bil els tiquets de despesa per afegir-los a la comptabilitat. Amb la&nbsp;<strong>APP ERC<\/strong>&nbsp;d&#039;a3factura, instal\u00b7lada al vostre port\u00e0til o al m\u00f2bil, les vostres dades estaran protegides i permanentment actualitzades.<\/p>\n\n\n\n<p>De la mateixa manera que aconseguireu que la comptabilitat de l&#039;empresa estigui automatitzada, us resultar\u00e0 molt c\u00f2mode que l&#039;aplicaci\u00f3 generi autom\u00e0ticament els seients corresponents als moviments realitzades, com ara factures de vendes, compres, cobraments o pagaments, mentre hi treballes. Finalment, crear\u00e0 informes comptables, com ara balan\u00e7os de situaci\u00f3, p\u00e8rdues i guanys, entre d&#039;altres.<\/p>","protected":false},"excerpt":{"rendered":"<p>A3factura es un programa sencillo y eficiente de facturaci\u00f3n online que est\u00e1 pensado especialmente para la gesti\u00f3n econ\u00f3mica de empresas y aut\u00f3nomos, el cual incluye la posibilidad de instalarte una&nbsp;APP ERP&nbsp;en el m\u00f3vil, con la cual puedes gestionar todo lo que necesiten en el momento y en el lugar en el que te encuentres, sin&#8230;<\/p>","protected":false},"author":4,"featured_media":0,"parent":9395,"menu_order":0,"comment_status":"closed","ping_status":"closed","template":"page-landing-innova.php","meta":{"_acf_changed":false,"_kad_blocks_custom_css":"","_kad_blocks_head_custom_js":"","_kad_blocks_body_custom_js":"","_kad_blocks_footer_custom_js":"","_kad_post_transparent":"","_kad_post_title":"","_kad_post_layout":"","_kad_post_sidebar_id":"","_kad_post_content_style":"","_kad_post_vertical_padding":"","_kad_post_feature":"","_kad_post_feature_position":"","_kad_post_header":false,"_kad_post_footer":false,"_kad_post_classname":"","footnotes":""},"class_list":["post-9269","page","type-page","status-publish","hentry"],"acf":[],"yoast_head":"<!-- This site is optimized with the Yoast SEO plugin v27.4 - https:\/\/yoast.com\/product\/yoast-seo-wordpress\/ -->\n<title>APP Erp - Apen Inform\u00e1tica<\/title>\n<meta name=\"description\" content=\"Con a3afctura dispondr\u00e1s del ERP de gesti\u00f3n para realizar facturas y controlar tu facturaci\u00f3n desde una App. Ll\u00e1manos al 938 606 220 sin compromiso.\" \/>\n<meta name=\"robots\" content=\"index, follow, max-snippet:-1, max-image-preview:large, max-video-preview:-1\" \/>\n<link rel=\"canonical\" href=\"https:\/\/www.apen.es\/ca\/a3factura\/app-erp\/\" \/>\n<meta property=\"og:locale\" content=\"ca_ES\" \/>\n<meta property=\"og:type\" content=\"article\" \/>\n<meta property=\"og:title\" content=\"APP Erp - Apen Inform\u00e1tica\" \/>\n<meta property=\"og:description\" content=\"Con a3afctura dispondr\u00e1s del ERP de gesti\u00f3n para realizar facturas y controlar tu facturaci\u00f3n desde una App. Ll\u00e1manos al 938 606 220 sin compromiso.\" \/>\n<meta property=\"og:url\" content=\"https:\/\/www.apen.es\/ca\/a3factura\/app-erp\/\" \/>\n<meta property=\"og:site_name\" content=\"Apen Inform\u00e1tica\" \/>\n<meta property=\"article:publisher\" content=\"https:\/\/www.facebook.com\/apensolucions\" \/>\n<meta property=\"article:modified_time\" content=\"2025-07-16T09:27:30+00:00\" \/>\n<meta property=\"og:image\" content=\"https:\/\/www.apen.es\/wp-content\/uploads\/2016\/05\/logo-apen-231x82-trasparent.png\" \/>\n\t<meta property=\"og:image:width\" content=\"231\" \/>\n\t<meta property=\"og:image:height\" content=\"82\" \/>\n\t<meta property=\"og:image:type\" content=\"image\/png\" \/>\n<meta name=\"twitter:card\" content=\"summary_large_image\" \/>\n<meta name=\"twitter:label1\" content=\"Temps estimat de lectura\" \/>\n\t<meta name=\"twitter:data1\" content=\"7 minuts\" \/>\n<script type=\"application\/ld+json\" class=\"yoast-schema-graph\">{\"@context\":\"https:\\\/\\\/schema.org\",\"@graph\":[{\"@type\":\"WebPage\",\"@id\":\"https:\\\/\\\/www.apen.es\\\/a3factura\\\/app-erp\\\/\",\"url\":\"https:\\\/\\\/www.apen.es\\\/a3factura\\\/app-erp\\\/\",\"name\":\"APP Erp - Apen Inform\u00e1tica\",\"isPartOf\":{\"@id\":\"https:\\\/\\\/www.apen.es\\\/#website\"},\"datePublished\":\"2018-03-31T11:58:09+00:00\",\"dateModified\":\"2025-07-16T09:27:30+00:00\",\"description\":\"Con a3afctura dispondr\u00e1s del ERP de gesti\u00f3n para realizar facturas y controlar tu facturaci\u00f3n desde una App. Ll\u00e1manos al 938 606 220 sin compromiso.\",\"breadcrumb\":{\"@id\":\"https:\\\/\\\/www.apen.es\\\/a3factura\\\/app-erp\\\/#breadcrumb\"},\"inLanguage\":\"ca\",\"potentialAction\":[{\"@type\":\"ReadAction\",\"target\":[\"https:\\\/\\\/www.apen.es\\\/a3factura\\\/app-erp\\\/\"]}]},{\"@type\":\"BreadcrumbList\",\"@id\":\"https:\\\/\\\/www.apen.es\\\/a3factura\\\/app-erp\\\/#breadcrumb\",\"itemListElement\":[{\"@type\":\"ListItem\",\"position\":1,\"name\":\"Portada\",\"item\":\"https:\\\/\\\/www.apen.es\\\/\"},{\"@type\":\"ListItem\",\"position\":2,\"name\":\"a3factura\",\"item\":\"https:\\\/\\\/www.apen.es\\\/a3factura\\\/\"},{\"@type\":\"ListItem\",\"position\":3,\"name\":\"APP Erp\"}]},{\"@type\":\"WebSite\",\"@id\":\"https:\\\/\\\/www.apen.es\\\/#website\",\"url\":\"https:\\\/\\\/www.apen.es\\\/\",\"name\":\"Apen Inform\u00e1tica\",\"description\":\"Mantenimiento Inform\u00e1tico , Software de Gesti\u00f3n, Soluciones de impresi\u00f3n\",\"publisher\":{\"@id\":\"https:\\\/\\\/www.apen.es\\\/#organization\"},\"potentialAction\":[{\"@type\":\"SearchAction\",\"target\":{\"@type\":\"EntryPoint\",\"urlTemplate\":\"https:\\\/\\\/www.apen.es\\\/?s={search_term_string}\"},\"query-input\":{\"@type\":\"PropertyValueSpecification\",\"valueRequired\":true,\"valueName\":\"search_term_string\"}}],\"inLanguage\":\"ca\"},{\"@type\":\"Organization\",\"@id\":\"https:\\\/\\\/www.apen.es\\\/#organization\",\"name\":\"Apen: Soluciones inform\u00e1ticas\",\"url\":\"https:\\\/\\\/www.apen.es\\\/\",\"logo\":{\"@type\":\"ImageObject\",\"inLanguage\":\"ca\",\"@id\":\"https:\\\/\\\/www.apen.es\\\/#\\\/schema\\\/logo\\\/image\\\/\",\"url\":\"https:\\\/\\\/www.apen.es\\\/wp-content\\\/uploads\\\/2022\\\/08\\\/logo-apenok-231x82-1.png\",\"contentUrl\":\"https:\\\/\\\/www.apen.es\\\/wp-content\\\/uploads\\\/2022\\\/08\\\/logo-apenok-231x82-1.png\",\"width\":231,\"height\":82,\"caption\":\"Apen: Soluciones inform\u00e1ticas\"},\"image\":{\"@id\":\"https:\\\/\\\/www.apen.es\\\/#\\\/schema\\\/logo\\\/image\\\/\"},\"sameAs\":[\"https:\\\/\\\/www.facebook.com\\\/apensolucions\",\"https:\\\/\\\/www.youtube.com\\\/user\\\/ApenCentreInformatic\",\"https:\\\/\\\/www.linkedin.com\\\/company\\\/1021771?trk=tyah&trkInfo=clickedVerticalcompanyclickedEntityId1021771idx2-1-2tarId1464195271196tasapenin\"]}]}<\/script>\n<!-- \/ Yoast SEO plugin. -->","yoast_head_json":{"title":"APP Erp - Apen Inform\u00e1tica","description":"Con a3afctura dispondr\u00e1s del ERP de gesti\u00f3n para realizar facturas y controlar tu facturaci\u00f3n desde una App. Ll\u00e1manos al 938 606 220 sin compromiso.","robots":{"index":"index","follow":"follow","max-snippet":"max-snippet:-1","max-image-preview":"max-image-preview:large","max-video-preview":"max-video-preview:-1"},"canonical":"https:\/\/www.apen.es\/ca\/a3factura\/app-erp\/","og_locale":"ca_ES","og_type":"article","og_title":"APP Erp - Apen Inform\u00e1tica","og_description":"Con a3afctura dispondr\u00e1s del ERP de gesti\u00f3n para realizar facturas y controlar tu facturaci\u00f3n desde una App. Ll\u00e1manos al 938 606 220 sin compromiso.","og_url":"https:\/\/www.apen.es\/ca\/a3factura\/app-erp\/","og_site_name":"Apen Inform\u00e1tica","article_publisher":"https:\/\/www.facebook.com\/apensolucions","article_modified_time":"2025-07-16T09:27:30+00:00","og_image":[{"width":231,"height":82,"url":"https:\/\/www.apen.es\/wp-content\/uploads\/2016\/05\/logo-apen-231x82-trasparent.png","type":"image\/png"}],"twitter_card":"summary_large_image","twitter_misc":{"Temps estimat de lectura":"7 minuts"},"schema":{"@context":"https:\/\/schema.org","@graph":[{"@type":"WebPage","@id":"https:\/\/www.apen.es\/a3factura\/app-erp\/","url":"https:\/\/www.apen.es\/a3factura\/app-erp\/","name":"APP Erp - Apen Inform\u00e1tica","isPartOf":{"@id":"https:\/\/www.apen.es\/#website"},"datePublished":"2018-03-31T11:58:09+00:00","dateModified":"2025-07-16T09:27:30+00:00","description":"Con a3afctura dispondr\u00e1s del ERP de gesti\u00f3n para realizar facturas y controlar tu facturaci\u00f3n desde una App. Ll\u00e1manos al 938 606 220 sin compromiso.","breadcrumb":{"@id":"https:\/\/www.apen.es\/a3factura\/app-erp\/#breadcrumb"},"inLanguage":"ca","potentialAction":[{"@type":"ReadAction","target":["https:\/\/www.apen.es\/a3factura\/app-erp\/"]}]},{"@type":"BreadcrumbList","@id":"https:\/\/www.apen.es\/a3factura\/app-erp\/#breadcrumb","itemListElement":[{"@type":"ListItem","position":1,"name":"Portada","item":"https:\/\/www.apen.es\/"},{"@type":"ListItem","position":2,"name":"a3factura","item":"https:\/\/www.apen.es\/a3factura\/"},{"@type":"ListItem","position":3,"name":"APP Erp"}]},{"@type":"WebSite","@id":"https:\/\/www.apen.es\/#website","url":"https:\/\/www.apen.es\/","name":"Apen Inform\u00e0tica","description":"Manteniment inform\u00e0tic , programari de gesti\u00f3, solucions d&#039;impressi\u00f3","publisher":{"@id":"https:\/\/www.apen.es\/#organization"},"potentialAction":[{"@type":"SearchAction","target":{"@type":"EntryPoint","urlTemplate":"https:\/\/www.apen.es\/?s={search_term_string}"},"query-input":{"@type":"PropertyValueSpecification","valueRequired":true,"valueName":"search_term_string"}}],"inLanguage":"ca"},{"@type":"Organization","@id":"https:\/\/www.apen.es\/#organization","name":"Apen: Solucions inform\u00e0tiques","url":"https:\/\/www.apen.es\/","logo":{"@type":"ImageObject","inLanguage":"ca","@id":"https:\/\/www.apen.es\/#\/schema\/logo\/image\/","url":"https:\/\/www.apen.es\/wp-content\/uploads\/2022\/08\/logo-apenok-231x82-1.png","contentUrl":"https:\/\/www.apen.es\/wp-content\/uploads\/2022\/08\/logo-apenok-231x82-1.png","width":231,"height":82,"caption":"Apen: Soluciones inform\u00e1ticas"},"image":{"@id":"https:\/\/www.apen.es\/#\/schema\/logo\/image\/"},"sameAs":["https:\/\/www.facebook.com\/apensolucions","https:\/\/www.youtube.com\/user\/ApenCentreInformatic","https:\/\/www.linkedin.com\/company\/1021771?trk=tyah&trkInfo=clickedVerticalcompanyclickedEntityId1021771idx2-1-2tarId1464195271196tasapenin"]}]}},"taxonomy_info":[],"featured_image_src_large":false,"author_info":{"display_name":"marqueting","author_link":"https:\/\/www.apen.es\/ca\/blog\/author\/marqueting\/"},"comment_info":0,"_links":{"self":[{"href":"https:\/\/www.apen.es\/ca\/wp-json\/wp\/v2\/pages\/9269","targetHints":{"allow":["GET"]}}],"collection":[{"href":"https:\/\/www.apen.es\/ca\/wp-json\/wp\/v2\/pages"}],"about":[{"href":"https:\/\/www.apen.es\/ca\/wp-json\/wp\/v2\/types\/page"}],"author":[{"embeddable":true,"href":"https:\/\/www.apen.es\/ca\/wp-json\/wp\/v2\/users\/4"}],"replies":[{"embeddable":true,"href":"https:\/\/www.apen.es\/ca\/wp-json\/wp\/v2\/comments?post=9269"}],"version-history":[{"count":2,"href":"https:\/\/www.apen.es\/ca\/wp-json\/wp\/v2\/pages\/9269\/revisions"}],"predecessor-version":[{"id":56895,"href":"https:\/\/www.apen.es\/ca\/wp-json\/wp\/v2\/pages\/9269\/revisions\/56895"}],"up":[{"embeddable":true,"href":"https:\/\/www.apen.es\/ca\/wp-json\/wp\/v2\/pages\/9395"}],"wp:attachment":[{"href":"https:\/\/www.apen.es\/ca\/wp-json\/wp\/v2\/media?parent=9269"}],"curies":[{"name":"wp","href":"https:\/\/api.w.org\/{rel}","templated":true}]}}