{"id":9266,"date":"2018-03-31T11:48:50","date_gmt":"2018-03-31T11:48:50","guid":{"rendered":"https:\/\/www.apen.es\/?page_id=9266"},"modified":"2025-07-16T09:27:43","modified_gmt":"2025-07-16T09:27:43","slug":"erp-en-la-nube","status":"publish","type":"page","link":"https:\/\/www.apen.es\/ca\/a3factura\/erp-en-la-nube\/","title":{"rendered":"ERP al n\u00favol"},"content":{"rendered":"<p>Els ERP, o tamb\u00e9 conegut com a planificador de recursos empresarials, s\u00f3n un conjunt de sistemes que s&#039;utilitzen per millorar l&#039;efici\u00e8ncia d&#039;una empresa a partir d&#039;un programari de gesti\u00f3, per\u00f2 podem dividir els tipus d&#039;ERP en dos grups principals, els ERP tradicionals i els&nbsp;<a href=\"https:\/\/www.apen.es\/ca\/a3factura\/\"><strong>ERP al n\u00favol<\/strong><\/a>.<\/p>\n\n\n\n<p>Els ERP tradicionals, ja de per si, compten amb una gran quantitat de beneficis per a la gesti\u00f3 de l&#039;empresa, per\u00f2 si a m\u00e9s \u00e9s un&nbsp;<strong>ERP al n\u00favol<\/strong>, guanyarem molts punts extres, ja que tota la informaci\u00f3 que manegem i emmagatzemem a l&#039;aplicaci\u00f3 s&#039;anir\u00e0 guardant de forma totalment autom\u00e0tica en un n\u00favol d&#039;internet, \u00e9s a dir en un servidor que \u00e9s extern a l&#039;empresa, per la qual cosa nom\u00e9s cal tenir connexi\u00f3 a internet per poder accedir a la informaci\u00f3 que hi ha emmagatzemada al&nbsp;<strong>ERP<\/strong>&nbsp;<strong>al n\u00favol<\/strong>, sense importar el lloc on siguis.<\/p>\n\n\n\n<p>El&nbsp;<a href=\"https:\/\/www.apen.es\/ca\/a3factura\/\"><strong>a3factura<\/strong>&nbsp;<\/a>\u00e9s un&nbsp;<strong>ERP al n\u00favol<\/strong>&nbsp;dirigit a empreses i aut\u00f2noms per gestionar tot el tema econ\u00f2mic i de facturaci\u00f3, i com hem dit anteriorment, n&#039;hi haur\u00e0 prou que tinguem un ordinador amb internet per poder accedir a tota la informaci\u00f3, la qual trobarem tan sols fer una ullada, ja que \u00e9s molt intu\u00eftiva d&#039;utilitzar. A la pantalla inicial, trobarem tota la informaci\u00f3 que sigui m\u00e9s important per al nostre negoci ja que mostra una visi\u00f3 global de l&#039;estat de l&#039;empresa com els cobraments i els pagaments o gr\u00e0fiques que comparen la situaci\u00f3 actual amb la de l&#039;any anterior, per\u00f2 a m\u00e9s, es pot personalitzar i crear accessos directes a les aplicacions i les funcions que utilitzem m\u00e9s.<\/p>\n\n\n\n<p>El&nbsp;<strong>ERP al n\u00favol<\/strong>&nbsp;de l&#039;a3factura, tamb\u00e9 permet que us pugueu instal\u00b7lar una aplicaci\u00f3 al m\u00f2bil, per la qual cosa a m\u00e9s de poder gestionar les vostres dades des de qualsevol lloc del m\u00f3n amb un ordinador i internet, tamb\u00e9 ho podreu fer des del m\u00f2bil, cosa que t\u00e9 grans avantatges, ja que sempre podreu afegir o consultar informaci\u00f3 en el moment que vulgueu i necessiteu, com per exemple quan tingueu un compte de teniu un tiquet.<\/p>\n\n\n\n<p>A m\u00e9s un altre aspecte a destacar del&nbsp;<strong>ERP al n\u00favol<\/strong>&nbsp;d&#039;a3factura, \u00e9s que es poden afegir tots els participants que vulguem sense cap tipus de cost, \u00e9s a dir que li podem donar acc\u00e9s als treballadors que vulguem i que necessitin accedir a aquesta plataforma, incl\u00f2s el gestor de l&#039;empresa, el qual podem incloure al sistema per tal que tota la informaci\u00f3 i els canvis realitzats en la gesti\u00f3 econ\u00f2mica li arribin en el moment, per aix\u00f2 estalviarem una gran quantitat de de passar tots els papers.<\/p>","protected":false},"excerpt":{"rendered":"<p>Los ERP, o tambi\u00e9n conocido como planificador de recursos empresariales, son un conjunto de sistemas que se utilizan para mejorar la eficiencia de una empresa partir de un Software de gesti\u00f3n, pero podemos dividir&nbsp; los tipos de ERP en dos grupos principales, los ERP tradicionales y los&nbsp;ERP en la nube. Los ERP tradicionales, ya de&#8230;<\/p>","protected":false},"author":4,"featured_media":0,"parent":9395,"menu_order":0,"comment_status":"closed","ping_status":"closed","template":"page-landing-innova.php","meta":{"_acf_changed":false,"_kad_blocks_custom_css":"","_kad_blocks_head_custom_js":"","_kad_blocks_body_custom_js":"","_kad_blocks_footer_custom_js":"","_kad_post_transparent":"","_kad_post_title":"","_kad_post_layout":"","_kad_post_sidebar_id":"","_kad_post_content_style":"","_kad_post_vertical_padding":"","_kad_post_feature":"","_kad_post_feature_position":"","_kad_post_header":false,"_kad_post_footer":false,"_kad_post_classname":"","footnotes":""},"class_list":["post-9266","page","type-page","status-publish","hentry"],"acf":[],"yoast_head":"<!-- This site is optimized with the Yoast SEO plugin v27.4 - https:\/\/yoast.com\/product\/yoast-seo-wordpress\/ -->\n<title>ERP en la nube - Apen Inform\u00e1tica<\/title>\n<meta name=\"description\" content=\"Disfruta de tu ERP en la nube para realizar facturas y controlar la facturaci\u00f3n de tu empresa con a3factura. Ll\u00e1manos al 938 606 220 sin compromiso.\" \/>\n<meta name=\"robots\" content=\"index, follow, max-snippet:-1, max-image-preview:large, max-video-preview:-1\" \/>\n<link rel=\"canonical\" href=\"https:\/\/www.apen.es\/ca\/a3factura\/erp-en-la-nube\/\" \/>\n<meta property=\"og:locale\" content=\"ca_ES\" \/>\n<meta property=\"og:type\" content=\"article\" \/>\n<meta property=\"og:title\" content=\"ERP en la nube - Apen Inform\u00e1tica\" \/>\n<meta property=\"og:description\" content=\"Disfruta de tu ERP en la nube para realizar facturas y controlar la facturaci\u00f3n de tu empresa con a3factura. Ll\u00e1manos al 938 606 220 sin compromiso.\" \/>\n<meta property=\"og:url\" content=\"https:\/\/www.apen.es\/ca\/a3factura\/erp-en-la-nube\/\" \/>\n<meta property=\"og:site_name\" content=\"Apen Inform\u00e1tica\" \/>\n<meta property=\"article:publisher\" content=\"https:\/\/www.facebook.com\/apensolucions\" \/>\n<meta property=\"article:modified_time\" content=\"2025-07-16T09:27:43+00:00\" \/>\n<meta property=\"og:image\" content=\"https:\/\/www.apen.es\/wp-content\/uploads\/2016\/05\/logo-apen-231x82-trasparent.png\" \/>\n\t<meta property=\"og:image:width\" content=\"231\" \/>\n\t<meta property=\"og:image:height\" content=\"82\" \/>\n\t<meta property=\"og:image:type\" content=\"image\/png\" \/>\n<meta name=\"twitter:card\" content=\"summary_large_image\" \/>\n<meta name=\"twitter:label1\" content=\"Temps estimat de lectura\" \/>\n\t<meta name=\"twitter:data1\" content=\"6 minuts\" \/>\n<script type=\"application\/ld+json\" class=\"yoast-schema-graph\">{\"@context\":\"https:\\\/\\\/schema.org\",\"@graph\":[{\"@type\":\"WebPage\",\"@id\":\"https:\\\/\\\/www.apen.es\\\/a3factura\\\/erp-en-la-nube\\\/\",\"url\":\"https:\\\/\\\/www.apen.es\\\/a3factura\\\/erp-en-la-nube\\\/\",\"name\":\"ERP en la nube - Apen Inform\u00e1tica\",\"isPartOf\":{\"@id\":\"https:\\\/\\\/www.apen.es\\\/#website\"},\"datePublished\":\"2018-03-31T11:48:50+00:00\",\"dateModified\":\"2025-07-16T09:27:43+00:00\",\"description\":\"Disfruta de tu ERP en la nube para realizar facturas y controlar la facturaci\u00f3n de tu empresa con a3factura. Ll\u00e1manos al 938 606 220 sin compromiso.\",\"breadcrumb\":{\"@id\":\"https:\\\/\\\/www.apen.es\\\/a3factura\\\/erp-en-la-nube\\\/#breadcrumb\"},\"inLanguage\":\"ca\",\"potentialAction\":[{\"@type\":\"ReadAction\",\"target\":[\"https:\\\/\\\/www.apen.es\\\/a3factura\\\/erp-en-la-nube\\\/\"]}]},{\"@type\":\"BreadcrumbList\",\"@id\":\"https:\\\/\\\/www.apen.es\\\/a3factura\\\/erp-en-la-nube\\\/#breadcrumb\",\"itemListElement\":[{\"@type\":\"ListItem\",\"position\":1,\"name\":\"Portada\",\"item\":\"https:\\\/\\\/www.apen.es\\\/\"},{\"@type\":\"ListItem\",\"position\":2,\"name\":\"a3factura\",\"item\":\"https:\\\/\\\/www.apen.es\\\/a3factura\\\/\"},{\"@type\":\"ListItem\",\"position\":3,\"name\":\"ERP en la nube\"}]},{\"@type\":\"WebSite\",\"@id\":\"https:\\\/\\\/www.apen.es\\\/#website\",\"url\":\"https:\\\/\\\/www.apen.es\\\/\",\"name\":\"Apen Inform\u00e1tica\",\"description\":\"Mantenimiento Inform\u00e1tico , Software de Gesti\u00f3n, Soluciones de impresi\u00f3n\",\"publisher\":{\"@id\":\"https:\\\/\\\/www.apen.es\\\/#organization\"},\"potentialAction\":[{\"@type\":\"SearchAction\",\"target\":{\"@type\":\"EntryPoint\",\"urlTemplate\":\"https:\\\/\\\/www.apen.es\\\/?s={search_term_string}\"},\"query-input\":{\"@type\":\"PropertyValueSpecification\",\"valueRequired\":true,\"valueName\":\"search_term_string\"}}],\"inLanguage\":\"ca\"},{\"@type\":\"Organization\",\"@id\":\"https:\\\/\\\/www.apen.es\\\/#organization\",\"name\":\"Apen: Soluciones inform\u00e1ticas\",\"url\":\"https:\\\/\\\/www.apen.es\\\/\",\"logo\":{\"@type\":\"ImageObject\",\"inLanguage\":\"ca\",\"@id\":\"https:\\\/\\\/www.apen.es\\\/#\\\/schema\\\/logo\\\/image\\\/\",\"url\":\"https:\\\/\\\/www.apen.es\\\/wp-content\\\/uploads\\\/2022\\\/08\\\/logo-apenok-231x82-1.png\",\"contentUrl\":\"https:\\\/\\\/www.apen.es\\\/wp-content\\\/uploads\\\/2022\\\/08\\\/logo-apenok-231x82-1.png\",\"width\":231,\"height\":82,\"caption\":\"Apen: Soluciones inform\u00e1ticas\"},\"image\":{\"@id\":\"https:\\\/\\\/www.apen.es\\\/#\\\/schema\\\/logo\\\/image\\\/\"},\"sameAs\":[\"https:\\\/\\\/www.facebook.com\\\/apensolucions\",\"https:\\\/\\\/www.youtube.com\\\/user\\\/ApenCentreInformatic\",\"https:\\\/\\\/www.linkedin.com\\\/company\\\/1021771?trk=tyah&trkInfo=clickedVerticalcompanyclickedEntityId1021771idx2-1-2tarId1464195271196tasapenin\"]}]}<\/script>\n<!-- \/ Yoast SEO plugin. -->","yoast_head_json":{"title":"ERP en la nube - Apen Inform\u00e1tica","description":"Disfruta de tu ERP en la nube para realizar facturas y controlar la facturaci\u00f3n de tu empresa con a3factura. Ll\u00e1manos al 938 606 220 sin compromiso.","robots":{"index":"index","follow":"follow","max-snippet":"max-snippet:-1","max-image-preview":"max-image-preview:large","max-video-preview":"max-video-preview:-1"},"canonical":"https:\/\/www.apen.es\/ca\/a3factura\/erp-en-la-nube\/","og_locale":"ca_ES","og_type":"article","og_title":"ERP en la nube - Apen Inform\u00e1tica","og_description":"Disfruta de tu ERP en la nube para realizar facturas y controlar la facturaci\u00f3n de tu empresa con a3factura. Ll\u00e1manos al 938 606 220 sin compromiso.","og_url":"https:\/\/www.apen.es\/ca\/a3factura\/erp-en-la-nube\/","og_site_name":"Apen Inform\u00e1tica","article_publisher":"https:\/\/www.facebook.com\/apensolucions","article_modified_time":"2025-07-16T09:27:43+00:00","og_image":[{"width":231,"height":82,"url":"https:\/\/www.apen.es\/wp-content\/uploads\/2016\/05\/logo-apen-231x82-trasparent.png","type":"image\/png"}],"twitter_card":"summary_large_image","twitter_misc":{"Temps estimat de lectura":"6 minuts"},"schema":{"@context":"https:\/\/schema.org","@graph":[{"@type":"WebPage","@id":"https:\/\/www.apen.es\/a3factura\/erp-en-la-nube\/","url":"https:\/\/www.apen.es\/a3factura\/erp-en-la-nube\/","name":"ERP en la nube - Apen Inform\u00e1tica","isPartOf":{"@id":"https:\/\/www.apen.es\/#website"},"datePublished":"2018-03-31T11:48:50+00:00","dateModified":"2025-07-16T09:27:43+00:00","description":"Disfruta de tu ERP en la nube para realizar facturas y controlar la facturaci\u00f3n de tu empresa con a3factura. Ll\u00e1manos al 938 606 220 sin compromiso.","breadcrumb":{"@id":"https:\/\/www.apen.es\/a3factura\/erp-en-la-nube\/#breadcrumb"},"inLanguage":"ca","potentialAction":[{"@type":"ReadAction","target":["https:\/\/www.apen.es\/a3factura\/erp-en-la-nube\/"]}]},{"@type":"BreadcrumbList","@id":"https:\/\/www.apen.es\/a3factura\/erp-en-la-nube\/#breadcrumb","itemListElement":[{"@type":"ListItem","position":1,"name":"Portada","item":"https:\/\/www.apen.es\/"},{"@type":"ListItem","position":2,"name":"a3factura","item":"https:\/\/www.apen.es\/a3factura\/"},{"@type":"ListItem","position":3,"name":"ERP en la nube"}]},{"@type":"WebSite","@id":"https:\/\/www.apen.es\/#website","url":"https:\/\/www.apen.es\/","name":"Apen Inform\u00e0tica","description":"Manteniment inform\u00e0tic , programari de gesti\u00f3, solucions d&#039;impressi\u00f3","publisher":{"@id":"https:\/\/www.apen.es\/#organization"},"potentialAction":[{"@type":"SearchAction","target":{"@type":"EntryPoint","urlTemplate":"https:\/\/www.apen.es\/?s={search_term_string}"},"query-input":{"@type":"PropertyValueSpecification","valueRequired":true,"valueName":"search_term_string"}}],"inLanguage":"ca"},{"@type":"Organization","@id":"https:\/\/www.apen.es\/#organization","name":"Apen: Solucions inform\u00e0tiques","url":"https:\/\/www.apen.es\/","logo":{"@type":"ImageObject","inLanguage":"ca","@id":"https:\/\/www.apen.es\/#\/schema\/logo\/image\/","url":"https:\/\/www.apen.es\/wp-content\/uploads\/2022\/08\/logo-apenok-231x82-1.png","contentUrl":"https:\/\/www.apen.es\/wp-content\/uploads\/2022\/08\/logo-apenok-231x82-1.png","width":231,"height":82,"caption":"Apen: Soluciones inform\u00e1ticas"},"image":{"@id":"https:\/\/www.apen.es\/#\/schema\/logo\/image\/"},"sameAs":["https:\/\/www.facebook.com\/apensolucions","https:\/\/www.youtube.com\/user\/ApenCentreInformatic","https:\/\/www.linkedin.com\/company\/1021771?trk=tyah&trkInfo=clickedVerticalcompanyclickedEntityId1021771idx2-1-2tarId1464195271196tasapenin"]}]}},"taxonomy_info":[],"featured_image_src_large":false,"author_info":{"display_name":"marqueting","author_link":"https:\/\/www.apen.es\/ca\/blog\/author\/marqueting\/"},"comment_info":0,"_links":{"self":[{"href":"https:\/\/www.apen.es\/ca\/wp-json\/wp\/v2\/pages\/9266","targetHints":{"allow":["GET"]}}],"collection":[{"href":"https:\/\/www.apen.es\/ca\/wp-json\/wp\/v2\/pages"}],"about":[{"href":"https:\/\/www.apen.es\/ca\/wp-json\/wp\/v2\/types\/page"}],"author":[{"embeddable":true,"href":"https:\/\/www.apen.es\/ca\/wp-json\/wp\/v2\/users\/4"}],"replies":[{"embeddable":true,"href":"https:\/\/www.apen.es\/ca\/wp-json\/wp\/v2\/comments?post=9266"}],"version-history":[{"count":2,"href":"https:\/\/www.apen.es\/ca\/wp-json\/wp\/v2\/pages\/9266\/revisions"}],"predecessor-version":[{"id":56897,"href":"https:\/\/www.apen.es\/ca\/wp-json\/wp\/v2\/pages\/9266\/revisions\/56897"}],"up":[{"embeddable":true,"href":"https:\/\/www.apen.es\/ca\/wp-json\/wp\/v2\/pages\/9395"}],"wp:attachment":[{"href":"https:\/\/www.apen.es\/ca\/wp-json\/wp\/v2\/media?parent=9266"}],"curies":[{"name":"wp","href":"https:\/\/api.w.org\/{rel}","templated":true}]}}