{"id":9264,"date":"2018-03-31T11:46:54","date_gmt":"2018-03-31T11:46:54","guid":{"rendered":"https:\/\/www.apen.es\/?page_id=9264"},"modified":"2025-07-16T09:27:38","modified_gmt":"2025-07-16T09:27:38","slug":"erp-cloud","status":"publish","type":"page","link":"https:\/\/www.apen.es\/ca\/a3factura\/erp-cloud\/","title":{"rendered":"ERP Cloud"},"content":{"rendered":"<p><strong>ERP<\/strong>, s\u00f3n les sigles en angl\u00e8s de \u201cPlanificaci\u00f3 de recursos empresarials\u201d \u00e9s a dir que un&nbsp;<strong>ERP<\/strong>&nbsp;es tracta del conjunt de diversos sistemes d&#039;informaci\u00f3 que faciliten fer diferents operacions en una empresa de manera m\u00e9s f\u00e0cil, com ara operacions relacionades amb els enviaments, amb la log\u00edstica, la producci\u00f3 o la comptabilitat. Per tant un&nbsp;<a href=\"https:\/\/www.apen.es\/ca\/a3factura\/\"><strong>ERP Cloud<\/strong><\/a>, \u00e9s el mateix, per\u00f2 amb el gran avantatge que tota la informaci\u00f3 de lempresa que estem manejant, emmagatzemi en un n\u00favol a internet, de manera que es poden gaudir duna gran quantitat de beneficis.<\/p>\n\n\n\n<p><a href=\"https:\/\/www.apen.es\/ca\/a3factura\/\"><strong>A3factura<\/strong><\/a>, \u00e9s un&nbsp;<strong>ERP Cloud<\/strong>, dirigit principalment a aut\u00f2noms i empreses, ja que serveix per gestionar i seguir l&#039;evoluci\u00f3 del vostre negoci en el tema econ\u00f2mic i per tant, tenir sempre la informaci\u00f3 clau a primera vista per identificar amb agilitat tota mena d&#039;oportunitats i de riscos i poder actuar a temps quan calgui.<\/p>\n\n\n\n<p>Sense cap dubte, aquesta&nbsp;<a href=\"https:\/\/www.apen.es\/ca\/a3factura\/\"><strong>ERP Cloud<\/strong><\/a>&nbsp;ser\u00e0 de gran ajuda a l&#039;hora de gestionar tota la facturaci\u00f3 de la vostra empresa de manera molt \u00e0gil i professional, ja que a m\u00e9s \u00e9s molt senzilla, intu\u00eftiva i f\u00e0cil d&#039;utilitzar.<\/p>\n\n\n\n<p>Algunes de les funcions que ofereix \u00e9s fer factures personalitzades amb la imatge corporativa de l&#039;empresa, veure totes les p\u00e8rdues i guanys, enviar factures als clients quan calgui, fer balan\u00e7os de situaci\u00f3, veure els saldos. I una de les funcions m\u00e9s destacables amb qu\u00e8 compta l&#039;a3factures i que altres&nbsp;<strong>ERP Cloud<\/strong>&nbsp;similars no en tenen, \u00e9s que es pot descarregar una aplicaci\u00f3 amb la qual podreu fer tot tipus de gestions directament des del m\u00f2bil, com ara capturar amb una foto els tiquets de despesa que h\u00e0gim d&#039;afegir a la comptabilitat de l&#039;empresa.<\/p>\n\n\n\n<p>D&#039;aquesta manera, l&#039;a3factura en ser un&nbsp;<strong>ERP Cloud<\/strong>&nbsp;i tenir tot emmagatzemat a internet, si s&#039;afegeix informaci\u00f3 des de l&#039;aplicaci\u00f3 del m\u00f2bil, autom\u00e0ticament, des de tots els ordinadors o m\u00f2bils que tinguem associats amb el compte, es podran observar els canvis realitzats, aix\u00f2 ens permet poder incloure al compte a totes les persones que vulguem sense cap tipus de cost, incl\u00f2s el gestor de l&#039;empresa, cosa que ens estalviar\u00e0 una gran quantitat de treball, com per exemple haver-los d&#039;enviar.<\/p>\n\n\n\n<p>Per tant, podem resumir, dient que l&#039;a3factura, \u00e9s un&nbsp;<strong>ERP Cloud<\/strong>&nbsp;que compta amb una gran quantitat de beneficis per a la vostra empresa, per un preu molt redu\u00eft, com agilitzar tots els processos de comptabilitat i la fiabilitat de les dades, ja que en estar emmagatzemats al n\u00favol, comptarem amb una gran seguretat que no es traspassaran ni que els perdrem.<\/p>","protected":false},"excerpt":{"rendered":"<p>ERP, son las siglas en ingl\u00e9s de \u201cPlanificaci\u00f3n de recursos empresariales\u201d es decir que un&nbsp;ERP&nbsp;se trata del conjunto de varios sistemas de informaci\u00f3n que facilitan hacer diferentes operaciones en un empresa de forma m\u00e1s f\u00e1cil, como por ejemplo operaciones relacionadas con los env\u00edos, con la log\u00edstica, la producci\u00f3n o la contabilidad. Por lo tanto un&nbsp;ERP&#8230;<\/p>","protected":false},"author":4,"featured_media":0,"parent":9395,"menu_order":0,"comment_status":"closed","ping_status":"closed","template":"page-landing-innova.php","meta":{"_acf_changed":false,"_kad_blocks_custom_css":"","_kad_blocks_head_custom_js":"","_kad_blocks_body_custom_js":"","_kad_blocks_footer_custom_js":"","_kad_post_transparent":"","_kad_post_title":"","_kad_post_layout":"","_kad_post_sidebar_id":"","_kad_post_content_style":"","_kad_post_vertical_padding":"","_kad_post_feature":"","_kad_post_feature_position":"","_kad_post_header":false,"_kad_post_footer":false,"_kad_post_classname":"","footnotes":""},"class_list":["post-9264","page","type-page","status-publish","hentry"],"acf":[],"yoast_head":"<!-- This site is optimized with the Yoast SEO plugin v27.4 - https:\/\/yoast.com\/product\/yoast-seo-wordpress\/ -->\n<title>ERP Cloud - Apen Inform\u00e1tica<\/title>\n<meta name=\"description\" content=\"Disfruta de tu ERP iCloud para realizar facturas y controlar la facturaci\u00f3n de tu empresa con a3factura. Ll\u00e1manos al 938 606 220 sin compromiso.\" \/>\n<meta name=\"robots\" content=\"index, follow, max-snippet:-1, max-image-preview:large, max-video-preview:-1\" \/>\n<link rel=\"canonical\" href=\"https:\/\/www.apen.es\/ca\/a3factura\/erp-cloud\/\" \/>\n<meta property=\"og:locale\" content=\"ca_ES\" \/>\n<meta property=\"og:type\" content=\"article\" \/>\n<meta property=\"og:title\" content=\"ERP Cloud - Apen Inform\u00e1tica\" \/>\n<meta property=\"og:description\" content=\"Disfruta de tu ERP iCloud para realizar facturas y controlar la facturaci\u00f3n de tu empresa con a3factura. Ll\u00e1manos al 938 606 220 sin compromiso.\" \/>\n<meta property=\"og:url\" content=\"https:\/\/www.apen.es\/ca\/a3factura\/erp-cloud\/\" \/>\n<meta property=\"og:site_name\" content=\"Apen Inform\u00e1tica\" \/>\n<meta property=\"article:publisher\" content=\"https:\/\/www.facebook.com\/apensolucions\" \/>\n<meta property=\"article:modified_time\" content=\"2025-07-16T09:27:38+00:00\" \/>\n<meta property=\"og:image\" content=\"https:\/\/www.apen.es\/wp-content\/uploads\/2016\/05\/logo-apen-231x82-trasparent.png\" \/>\n\t<meta property=\"og:image:width\" content=\"231\" \/>\n\t<meta property=\"og:image:height\" content=\"82\" \/>\n\t<meta property=\"og:image:type\" content=\"image\/png\" \/>\n<meta name=\"twitter:card\" content=\"summary_large_image\" \/>\n<meta name=\"twitter:label1\" content=\"Temps estimat de lectura\" \/>\n\t<meta name=\"twitter:data1\" content=\"7 minuts\" \/>\n<script type=\"application\/ld+json\" class=\"yoast-schema-graph\">{\"@context\":\"https:\\\/\\\/schema.org\",\"@graph\":[{\"@type\":\"WebPage\",\"@id\":\"https:\\\/\\\/www.apen.es\\\/a3factura\\\/erp-cloud\\\/\",\"url\":\"https:\\\/\\\/www.apen.es\\\/a3factura\\\/erp-cloud\\\/\",\"name\":\"ERP Cloud - Apen Inform\u00e1tica\",\"isPartOf\":{\"@id\":\"https:\\\/\\\/www.apen.es\\\/#website\"},\"datePublished\":\"2018-03-31T11:46:54+00:00\",\"dateModified\":\"2025-07-16T09:27:38+00:00\",\"description\":\"Disfruta de tu ERP iCloud para realizar facturas y controlar la facturaci\u00f3n de tu empresa con a3factura. Ll\u00e1manos al 938 606 220 sin compromiso.\",\"breadcrumb\":{\"@id\":\"https:\\\/\\\/www.apen.es\\\/a3factura\\\/erp-cloud\\\/#breadcrumb\"},\"inLanguage\":\"ca\",\"potentialAction\":[{\"@type\":\"ReadAction\",\"target\":[\"https:\\\/\\\/www.apen.es\\\/a3factura\\\/erp-cloud\\\/\"]}]},{\"@type\":\"BreadcrumbList\",\"@id\":\"https:\\\/\\\/www.apen.es\\\/a3factura\\\/erp-cloud\\\/#breadcrumb\",\"itemListElement\":[{\"@type\":\"ListItem\",\"position\":1,\"name\":\"Portada\",\"item\":\"https:\\\/\\\/www.apen.es\\\/\"},{\"@type\":\"ListItem\",\"position\":2,\"name\":\"a3factura\",\"item\":\"https:\\\/\\\/www.apen.es\\\/a3factura\\\/\"},{\"@type\":\"ListItem\",\"position\":3,\"name\":\"ERP Cloud\"}]},{\"@type\":\"WebSite\",\"@id\":\"https:\\\/\\\/www.apen.es\\\/#website\",\"url\":\"https:\\\/\\\/www.apen.es\\\/\",\"name\":\"Apen Inform\u00e1tica\",\"description\":\"Mantenimiento Inform\u00e1tico , Software de Gesti\u00f3n, Soluciones de impresi\u00f3n\",\"publisher\":{\"@id\":\"https:\\\/\\\/www.apen.es\\\/#organization\"},\"potentialAction\":[{\"@type\":\"SearchAction\",\"target\":{\"@type\":\"EntryPoint\",\"urlTemplate\":\"https:\\\/\\\/www.apen.es\\\/?s={search_term_string}\"},\"query-input\":{\"@type\":\"PropertyValueSpecification\",\"valueRequired\":true,\"valueName\":\"search_term_string\"}}],\"inLanguage\":\"ca\"},{\"@type\":\"Organization\",\"@id\":\"https:\\\/\\\/www.apen.es\\\/#organization\",\"name\":\"Apen: Soluciones inform\u00e1ticas\",\"url\":\"https:\\\/\\\/www.apen.es\\\/\",\"logo\":{\"@type\":\"ImageObject\",\"inLanguage\":\"ca\",\"@id\":\"https:\\\/\\\/www.apen.es\\\/#\\\/schema\\\/logo\\\/image\\\/\",\"url\":\"https:\\\/\\\/www.apen.es\\\/wp-content\\\/uploads\\\/2022\\\/08\\\/logo-apenok-231x82-1.png\",\"contentUrl\":\"https:\\\/\\\/www.apen.es\\\/wp-content\\\/uploads\\\/2022\\\/08\\\/logo-apenok-231x82-1.png\",\"width\":231,\"height\":82,\"caption\":\"Apen: Soluciones inform\u00e1ticas\"},\"image\":{\"@id\":\"https:\\\/\\\/www.apen.es\\\/#\\\/schema\\\/logo\\\/image\\\/\"},\"sameAs\":[\"https:\\\/\\\/www.facebook.com\\\/apensolucions\",\"https:\\\/\\\/www.youtube.com\\\/user\\\/ApenCentreInformatic\",\"https:\\\/\\\/www.linkedin.com\\\/company\\\/1021771?trk=tyah&trkInfo=clickedVerticalcompanyclickedEntityId1021771idx2-1-2tarId1464195271196tasapenin\"]}]}<\/script>\n<!-- \/ Yoast SEO plugin. -->","yoast_head_json":{"title":"ERP Cloud - Apen Inform\u00e1tica","description":"Disfruta de tu ERP iCloud para realizar facturas y controlar la facturaci\u00f3n de tu empresa con a3factura. Ll\u00e1manos al 938 606 220 sin compromiso.","robots":{"index":"index","follow":"follow","max-snippet":"max-snippet:-1","max-image-preview":"max-image-preview:large","max-video-preview":"max-video-preview:-1"},"canonical":"https:\/\/www.apen.es\/ca\/a3factura\/erp-cloud\/","og_locale":"ca_ES","og_type":"article","og_title":"ERP Cloud - Apen Inform\u00e1tica","og_description":"Disfruta de tu ERP iCloud para realizar facturas y controlar la facturaci\u00f3n de tu empresa con a3factura. Ll\u00e1manos al 938 606 220 sin compromiso.","og_url":"https:\/\/www.apen.es\/ca\/a3factura\/erp-cloud\/","og_site_name":"Apen Inform\u00e1tica","article_publisher":"https:\/\/www.facebook.com\/apensolucions","article_modified_time":"2025-07-16T09:27:38+00:00","og_image":[{"width":231,"height":82,"url":"https:\/\/www.apen.es\/wp-content\/uploads\/2016\/05\/logo-apen-231x82-trasparent.png","type":"image\/png"}],"twitter_card":"summary_large_image","twitter_misc":{"Temps estimat de lectura":"7 minuts"},"schema":{"@context":"https:\/\/schema.org","@graph":[{"@type":"WebPage","@id":"https:\/\/www.apen.es\/a3factura\/erp-cloud\/","url":"https:\/\/www.apen.es\/a3factura\/erp-cloud\/","name":"ERP Cloud - Apen Inform\u00e1tica","isPartOf":{"@id":"https:\/\/www.apen.es\/#website"},"datePublished":"2018-03-31T11:46:54+00:00","dateModified":"2025-07-16T09:27:38+00:00","description":"Disfruta de tu ERP iCloud para realizar facturas y controlar la facturaci\u00f3n de tu empresa con a3factura. Ll\u00e1manos al 938 606 220 sin compromiso.","breadcrumb":{"@id":"https:\/\/www.apen.es\/a3factura\/erp-cloud\/#breadcrumb"},"inLanguage":"ca","potentialAction":[{"@type":"ReadAction","target":["https:\/\/www.apen.es\/a3factura\/erp-cloud\/"]}]},{"@type":"BreadcrumbList","@id":"https:\/\/www.apen.es\/a3factura\/erp-cloud\/#breadcrumb","itemListElement":[{"@type":"ListItem","position":1,"name":"Portada","item":"https:\/\/www.apen.es\/"},{"@type":"ListItem","position":2,"name":"a3factura","item":"https:\/\/www.apen.es\/a3factura\/"},{"@type":"ListItem","position":3,"name":"ERP Cloud"}]},{"@type":"WebSite","@id":"https:\/\/www.apen.es\/#website","url":"https:\/\/www.apen.es\/","name":"Apen Inform\u00e0tica","description":"Manteniment inform\u00e0tic , programari de gesti\u00f3, solucions d&#039;impressi\u00f3","publisher":{"@id":"https:\/\/www.apen.es\/#organization"},"potentialAction":[{"@type":"SearchAction","target":{"@type":"EntryPoint","urlTemplate":"https:\/\/www.apen.es\/?s={search_term_string}"},"query-input":{"@type":"PropertyValueSpecification","valueRequired":true,"valueName":"search_term_string"}}],"inLanguage":"ca"},{"@type":"Organization","@id":"https:\/\/www.apen.es\/#organization","name":"Apen: Solucions inform\u00e0tiques","url":"https:\/\/www.apen.es\/","logo":{"@type":"ImageObject","inLanguage":"ca","@id":"https:\/\/www.apen.es\/#\/schema\/logo\/image\/","url":"https:\/\/www.apen.es\/wp-content\/uploads\/2022\/08\/logo-apenok-231x82-1.png","contentUrl":"https:\/\/www.apen.es\/wp-content\/uploads\/2022\/08\/logo-apenok-231x82-1.png","width":231,"height":82,"caption":"Apen: Soluciones inform\u00e1ticas"},"image":{"@id":"https:\/\/www.apen.es\/#\/schema\/logo\/image\/"},"sameAs":["https:\/\/www.facebook.com\/apensolucions","https:\/\/www.youtube.com\/user\/ApenCentreInformatic","https:\/\/www.linkedin.com\/company\/1021771?trk=tyah&trkInfo=clickedVerticalcompanyclickedEntityId1021771idx2-1-2tarId1464195271196tasapenin"]}]}},"taxonomy_info":[],"featured_image_src_large":false,"author_info":{"display_name":"marqueting","author_link":"https:\/\/www.apen.es\/ca\/blog\/author\/marqueting\/"},"comment_info":0,"_links":{"self":[{"href":"https:\/\/www.apen.es\/ca\/wp-json\/wp\/v2\/pages\/9264","targetHints":{"allow":["GET"]}}],"collection":[{"href":"https:\/\/www.apen.es\/ca\/wp-json\/wp\/v2\/pages"}],"about":[{"href":"https:\/\/www.apen.es\/ca\/wp-json\/wp\/v2\/types\/page"}],"author":[{"embeddable":true,"href":"https:\/\/www.apen.es\/ca\/wp-json\/wp\/v2\/users\/4"}],"replies":[{"embeddable":true,"href":"https:\/\/www.apen.es\/ca\/wp-json\/wp\/v2\/comments?post=9264"}],"version-history":[{"count":4,"href":"https:\/\/www.apen.es\/ca\/wp-json\/wp\/v2\/pages\/9264\/revisions"}],"predecessor-version":[{"id":56896,"href":"https:\/\/www.apen.es\/ca\/wp-json\/wp\/v2\/pages\/9264\/revisions\/56896"}],"up":[{"embeddable":true,"href":"https:\/\/www.apen.es\/ca\/wp-json\/wp\/v2\/pages\/9395"}],"wp:attachment":[{"href":"https:\/\/www.apen.es\/ca\/wp-json\/wp\/v2\/media?parent=9264"}],"curies":[{"name":"wp","href":"https:\/\/api.w.org\/{rel}","templated":true}]}}