{"id":9262,"date":"2018-03-31T11:44:20","date_gmt":"2018-03-31T11:44:20","guid":{"rendered":"https:\/\/www.apen.es\/?page_id=9262"},"modified":"2025-07-16T09:27:46","modified_gmt":"2025-07-16T09:27:46","slug":"programari-al-nuvol","status":"publish","type":"page","link":"https:\/\/www.apen.es\/ca\/a3factura\/software-en-la-nube\/","title":{"rendered":"Programari al n\u00favol"},"content":{"rendered":"<p>Si busqueu un programa de facturaci\u00f3 amb un&nbsp;<a href=\"https:\/\/www.apen.es\/ca\/a3factura\/\"><strong>Programari al n\u00favol<\/strong><\/a>&nbsp;i que sigui molt senzill d&#039;utilitzar i eficient, a3factura, \u00e9s el producte perfecte per a la teva empresa, ja siguis aut\u00f2nom o tinguis una gran empresa, ja que compta amb caracter\u00edstiques molt \u00fatils i grans avantatges, pel que fa a altres programes de facturaci\u00f3 en l\u00ednia, a m\u00e9s ho podem obtenir amb un preu molt econ\u00f2mic.<\/p>\n\n\n\n<p>Sense cap dubte, la caracter\u00edstica principal daquest programa amb un&nbsp;<strong>Programari a la<\/strong>&nbsp;<strong>n\u00favol<\/strong>, \u00e9s la seva senzillesa i facilitat d&#039;\u00fas, ja que nom\u00e9s visitant la pantalla inicial&nbsp;<a href=\"https:\/\/www.apen.es\/ca\/a3factura\/\"><strong>a3factura<\/strong><\/a>&nbsp;ja es pot observar la situaci\u00f3 actual de l&#039;empresa, perqu\u00e8 t\u00e9 un men\u00fa inicial on nom\u00e9s amb una ullada veurem una visi\u00f3 global de l&#039;estat actual de l&#039;empresa.<\/p>\n\n\n\n<p>Aquesta pantalla inicial de la qual estem parlant es pot personalitzar al 100%, creant accessos directes a les eines de laplicaci\u00f3 que utilitzem amb m\u00e9s freq\u00fc\u00e8ncia. Tamb\u00e9 trobarem una visi\u00f3 clara de tots els comptes i la rendibilitat de l&#039;empresa, el volum de facturaci\u00f3 dels principals clients, un r\u00e0nquing dels productes m\u00e9s venuts per identificar oportunitats i una comparativa molt visual que compara l&#039;estat actual de l&#039;empresa amb l&#039;any anterior.<\/p>\n\n\n\n<p>Que el programa a3factura, tingui un&nbsp;<strong>Programari al n\u00favol<\/strong>, t\u00e9 grans avantatges, ja que totes les dades s&#039;emmagatzemen de forma en l\u00ednia pel que no cal tenir un ordinador espec\u00edfic per poder consultar la informaci\u00f3 emmagatzemada o per fer les gestions, ja que es pot utilitzar fins i tot des d&#039;un tel\u00e8fon m\u00f2bil sempre que es tingui instal\u00b7lada l&#039;aplicaci\u00f3.<\/p>\n\n\n\n<p>Gr\u00e0cies al sistema del&nbsp;<strong>Programari al n\u00favol<\/strong>, totes les dades s&#039;actualitzaran autom\u00e0ticament pel que podem afegir a tots els usuaris que vulguem que tinguin acc\u00e9s i aix\u00ed estar sempre al dia de tots els moviments que es realitzin a l&#039;empresa, fins i tot \u00e9s possible afegir al gestor de l&#039;empresa de forma totalment gratu\u00efta, per tal que tamb\u00e9 estigui al dia de tot sense haver de passar cont\u00ednuament tots els papers necessaris.<\/p>\n\n\n\n<p>Per tant, podem dir que el programa d&#039;a3factura, gr\u00e0cies al vostre&nbsp;<strong>Programari a la<\/strong>&nbsp;<strong>n\u00favol<\/strong>, t\u00e9 una comptabilitat automatitzada, \u00e9s a dir que mentre l&#039;est\u00e0s utilitzant, autom\u00e0ticament es van creant els seients comptables que corresponen als moviments que realitzem com ara els pagaments, les factures de venda, els cobraments i les compres.<\/p>\n\n\n\n<p>Un altre dels avantatges destacables d&#039;aquest programa \u00e9s que des del tel\u00e8fon m\u00f2bil, es poden capturar tots els tiquets de despesa que vulguem per integrar-los a la comptabilitat, en el mateix moment que fem la despesa, i tot aix\u00f2 gr\u00e0cies al sistema que utilitza el&nbsp;<strong>Programari al n\u00favol<\/strong>.<\/p>","protected":false},"excerpt":{"rendered":"<p>Si busc\u00e1is un programa de facturaci\u00f3n con un&nbsp;Software en la nube&nbsp;y que sea muy sencillo de utilizar y eficiente, a3factura, es el producto perfecto para tu empresa, ya seas aut\u00f3nomo o tengas una gran empresa, ya que cuenta con caracter\u00edsticas muy \u00fatiles y grandes ventajas, respecto a otros programas de facturaci\u00f3n online, adem\u00e1s lo podemos&#8230;<\/p>","protected":false},"author":4,"featured_media":0,"parent":9395,"menu_order":0,"comment_status":"closed","ping_status":"closed","template":"page-landing-innova.php","meta":{"_acf_changed":false,"_kad_blocks_custom_css":"","_kad_blocks_head_custom_js":"","_kad_blocks_body_custom_js":"","_kad_blocks_footer_custom_js":"","_kad_post_transparent":"","_kad_post_title":"","_kad_post_layout":"","_kad_post_sidebar_id":"","_kad_post_content_style":"","_kad_post_vertical_padding":"","_kad_post_feature":"","_kad_post_feature_position":"","_kad_post_header":false,"_kad_post_footer":false,"_kad_post_classname":"","footnotes":""},"class_list":["post-9262","page","type-page","status-publish","hentry"],"acf":[],"yoast_head":"<!-- This site is optimized with the Yoast SEO plugin v27.4 - https:\/\/yoast.com\/product\/yoast-seo-wordpress\/ -->\n<title>Software en la nube - Apen Inform\u00e1tica<\/title>\n<meta name=\"description\" content=\"Disfruta de tu software en la nube para realizar facturas y controlar la facturaci\u00f3n de tu empresa con a3factura. Ll\u00e1manos al 938 606 220 sin compromiso.\" \/>\n<meta name=\"robots\" content=\"index, follow, max-snippet:-1, max-image-preview:large, max-video-preview:-1\" \/>\n<link rel=\"canonical\" href=\"https:\/\/www.apen.es\/ca\/a3factura\/programari-al-nuvol\/\" \/>\n<meta property=\"og:locale\" content=\"ca_ES\" \/>\n<meta property=\"og:type\" content=\"article\" \/>\n<meta property=\"og:title\" content=\"Software en la nube - Apen Inform\u00e1tica\" \/>\n<meta property=\"og:description\" content=\"Disfruta de tu software en la nube para realizar facturas y controlar la facturaci\u00f3n de tu empresa con a3factura. Ll\u00e1manos al 938 606 220 sin compromiso.\" \/>\n<meta property=\"og:url\" content=\"https:\/\/www.apen.es\/ca\/a3factura\/programari-al-nuvol\/\" \/>\n<meta property=\"og:site_name\" content=\"Apen Inform\u00e1tica\" \/>\n<meta property=\"article:publisher\" content=\"https:\/\/www.facebook.com\/apensolucions\" \/>\n<meta property=\"article:modified_time\" content=\"2025-07-16T09:27:46+00:00\" \/>\n<meta property=\"og:image\" content=\"https:\/\/www.apen.es\/wp-content\/uploads\/2016\/05\/logo-apen-231x82-trasparent.png\" \/>\n\t<meta property=\"og:image:width\" content=\"231\" \/>\n\t<meta property=\"og:image:height\" content=\"82\" \/>\n\t<meta property=\"og:image:type\" content=\"image\/png\" \/>\n<meta name=\"twitter:card\" content=\"summary_large_image\" \/>\n<meta name=\"twitter:label1\" content=\"Temps estimat de lectura\" \/>\n\t<meta name=\"twitter:data1\" content=\"7 minuts\" \/>\n<script type=\"application\/ld+json\" class=\"yoast-schema-graph\">{\"@context\":\"https:\\\/\\\/schema.org\",\"@graph\":[{\"@type\":\"WebPage\",\"@id\":\"https:\\\/\\\/www.apen.es\\\/a3factura\\\/software-en-la-nube\\\/\",\"url\":\"https:\\\/\\\/www.apen.es\\\/a3factura\\\/software-en-la-nube\\\/\",\"name\":\"Software en la nube - Apen Inform\u00e1tica\",\"isPartOf\":{\"@id\":\"https:\\\/\\\/www.apen.es\\\/#website\"},\"datePublished\":\"2018-03-31T11:44:20+00:00\",\"dateModified\":\"2025-07-16T09:27:46+00:00\",\"description\":\"Disfruta de tu software en la nube para realizar facturas y controlar la facturaci\u00f3n de tu empresa con a3factura. Ll\u00e1manos al 938 606 220 sin compromiso.\",\"breadcrumb\":{\"@id\":\"https:\\\/\\\/www.apen.es\\\/a3factura\\\/software-en-la-nube\\\/#breadcrumb\"},\"inLanguage\":\"ca\",\"potentialAction\":[{\"@type\":\"ReadAction\",\"target\":[\"https:\\\/\\\/www.apen.es\\\/a3factura\\\/software-en-la-nube\\\/\"]}]},{\"@type\":\"BreadcrumbList\",\"@id\":\"https:\\\/\\\/www.apen.es\\\/a3factura\\\/software-en-la-nube\\\/#breadcrumb\",\"itemListElement\":[{\"@type\":\"ListItem\",\"position\":1,\"name\":\"Portada\",\"item\":\"https:\\\/\\\/www.apen.es\\\/\"},{\"@type\":\"ListItem\",\"position\":2,\"name\":\"a3factura\",\"item\":\"https:\\\/\\\/www.apen.es\\\/a3factura\\\/\"},{\"@type\":\"ListItem\",\"position\":3,\"name\":\"Software en la nube\"}]},{\"@type\":\"WebSite\",\"@id\":\"https:\\\/\\\/www.apen.es\\\/#website\",\"url\":\"https:\\\/\\\/www.apen.es\\\/\",\"name\":\"Apen Inform\u00e1tica\",\"description\":\"Mantenimiento Inform\u00e1tico , Software de Gesti\u00f3n, Soluciones de impresi\u00f3n\",\"publisher\":{\"@id\":\"https:\\\/\\\/www.apen.es\\\/#organization\"},\"potentialAction\":[{\"@type\":\"SearchAction\",\"target\":{\"@type\":\"EntryPoint\",\"urlTemplate\":\"https:\\\/\\\/www.apen.es\\\/?s={search_term_string}\"},\"query-input\":{\"@type\":\"PropertyValueSpecification\",\"valueRequired\":true,\"valueName\":\"search_term_string\"}}],\"inLanguage\":\"ca\"},{\"@type\":\"Organization\",\"@id\":\"https:\\\/\\\/www.apen.es\\\/#organization\",\"name\":\"Apen: Soluciones inform\u00e1ticas\",\"url\":\"https:\\\/\\\/www.apen.es\\\/\",\"logo\":{\"@type\":\"ImageObject\",\"inLanguage\":\"ca\",\"@id\":\"https:\\\/\\\/www.apen.es\\\/#\\\/schema\\\/logo\\\/image\\\/\",\"url\":\"https:\\\/\\\/www.apen.es\\\/wp-content\\\/uploads\\\/2022\\\/08\\\/logo-apenok-231x82-1.png\",\"contentUrl\":\"https:\\\/\\\/www.apen.es\\\/wp-content\\\/uploads\\\/2022\\\/08\\\/logo-apenok-231x82-1.png\",\"width\":231,\"height\":82,\"caption\":\"Apen: Soluciones inform\u00e1ticas\"},\"image\":{\"@id\":\"https:\\\/\\\/www.apen.es\\\/#\\\/schema\\\/logo\\\/image\\\/\"},\"sameAs\":[\"https:\\\/\\\/www.facebook.com\\\/apensolucions\",\"https:\\\/\\\/www.youtube.com\\\/user\\\/ApenCentreInformatic\",\"https:\\\/\\\/www.linkedin.com\\\/company\\\/1021771?trk=tyah&trkInfo=clickedVerticalcompanyclickedEntityId1021771idx2-1-2tarId1464195271196tasapenin\"]}]}<\/script>\n<!-- \/ Yoast SEO plugin. -->","yoast_head_json":{"title":"Programari al n\u00favol - Apen Inform\u00e0tica","description":"Gaudeix del teu programari al n\u00favol per realitzar factures i controlar la facturaci\u00f3 de la teva empresa amb a3factura. Truca&#039;ns al 938 606 220 sense comprom\u00eds.","robots":{"index":"index","follow":"follow","max-snippet":"max-snippet:-1","max-image-preview":"max-image-preview:large","max-video-preview":"max-video-preview:-1"},"canonical":"https:\/\/www.apen.es\/ca\/a3factura\/programari-al-nuvol\/","og_locale":"ca_ES","og_type":"article","og_title":"Software en la nube - Apen Inform\u00e1tica","og_description":"Disfruta de tu software en la nube para realizar facturas y controlar la facturaci\u00f3n de tu empresa con a3factura. Ll\u00e1manos al 938 606 220 sin compromiso.","og_url":"https:\/\/www.apen.es\/ca\/a3factura\/programari-al-nuvol\/","og_site_name":"Apen Inform\u00e1tica","article_publisher":"https:\/\/www.facebook.com\/apensolucions","article_modified_time":"2025-07-16T09:27:46+00:00","og_image":[{"width":231,"height":82,"url":"https:\/\/www.apen.es\/wp-content\/uploads\/2016\/05\/logo-apen-231x82-trasparent.png","type":"image\/png"}],"twitter_card":"summary_large_image","twitter_misc":{"Temps estimat de lectura":"7 minuts"},"schema":{"@context":"https:\/\/schema.org","@graph":[{"@type":"WebPage","@id":"https:\/\/www.apen.es\/a3factura\/software-en-la-nube\/","url":"https:\/\/www.apen.es\/a3factura\/software-en-la-nube\/","name":"Programari al n\u00favol - Apen Inform\u00e0tica","isPartOf":{"@id":"https:\/\/www.apen.es\/#website"},"datePublished":"2018-03-31T11:44:20+00:00","dateModified":"2025-07-16T09:27:46+00:00","description":"Gaudeix del teu programari al n\u00favol per realitzar factures i controlar la facturaci\u00f3 de la teva empresa amb a3factura. Truca&#039;ns al 938 606 220 sense comprom\u00eds.","breadcrumb":{"@id":"https:\/\/www.apen.es\/a3factura\/software-en-la-nube\/#breadcrumb"},"inLanguage":"ca","potentialAction":[{"@type":"ReadAction","target":["https:\/\/www.apen.es\/a3factura\/software-en-la-nube\/"]}]},{"@type":"BreadcrumbList","@id":"https:\/\/www.apen.es\/a3factura\/software-en-la-nube\/#breadcrumb","itemListElement":[{"@type":"ListItem","position":1,"name":"Portada","item":"https:\/\/www.apen.es\/"},{"@type":"ListItem","position":2,"name":"a3factura","item":"https:\/\/www.apen.es\/a3factura\/"},{"@type":"ListItem","position":3,"name":"Software en la nube"}]},{"@type":"WebSite","@id":"https:\/\/www.apen.es\/#website","url":"https:\/\/www.apen.es\/","name":"Apen Inform\u00e0tica","description":"Manteniment inform\u00e0tic , programari de gesti\u00f3, solucions d&#039;impressi\u00f3","publisher":{"@id":"https:\/\/www.apen.es\/#organization"},"potentialAction":[{"@type":"SearchAction","target":{"@type":"EntryPoint","urlTemplate":"https:\/\/www.apen.es\/?s={search_term_string}"},"query-input":{"@type":"PropertyValueSpecification","valueRequired":true,"valueName":"search_term_string"}}],"inLanguage":"ca"},{"@type":"Organization","@id":"https:\/\/www.apen.es\/#organization","name":"Apen: Solucions inform\u00e0tiques","url":"https:\/\/www.apen.es\/","logo":{"@type":"ImageObject","inLanguage":"ca","@id":"https:\/\/www.apen.es\/#\/schema\/logo\/image\/","url":"https:\/\/www.apen.es\/wp-content\/uploads\/2022\/08\/logo-apenok-231x82-1.png","contentUrl":"https:\/\/www.apen.es\/wp-content\/uploads\/2022\/08\/logo-apenok-231x82-1.png","width":231,"height":82,"caption":"Apen: Soluciones inform\u00e1ticas"},"image":{"@id":"https:\/\/www.apen.es\/#\/schema\/logo\/image\/"},"sameAs":["https:\/\/www.facebook.com\/apensolucions","https:\/\/www.youtube.com\/user\/ApenCentreInformatic","https:\/\/www.linkedin.com\/company\/1021771?trk=tyah&trkInfo=clickedVerticalcompanyclickedEntityId1021771idx2-1-2tarId1464195271196tasapenin"]}]}},"taxonomy_info":[],"featured_image_src_large":false,"author_info":{"display_name":"marqueting","author_link":"https:\/\/www.apen.es\/ca\/blog\/author\/marqueting\/"},"comment_info":0,"_links":{"self":[{"href":"https:\/\/www.apen.es\/ca\/wp-json\/wp\/v2\/pages\/9262","targetHints":{"allow":["GET"]}}],"collection":[{"href":"https:\/\/www.apen.es\/ca\/wp-json\/wp\/v2\/pages"}],"about":[{"href":"https:\/\/www.apen.es\/ca\/wp-json\/wp\/v2\/types\/page"}],"author":[{"embeddable":true,"href":"https:\/\/www.apen.es\/ca\/wp-json\/wp\/v2\/users\/4"}],"replies":[{"embeddable":true,"href":"https:\/\/www.apen.es\/ca\/wp-json\/wp\/v2\/comments?post=9262"}],"version-history":[{"count":2,"href":"https:\/\/www.apen.es\/ca\/wp-json\/wp\/v2\/pages\/9262\/revisions"}],"predecessor-version":[{"id":56899,"href":"https:\/\/www.apen.es\/ca\/wp-json\/wp\/v2\/pages\/9262\/revisions\/56899"}],"up":[{"embeddable":true,"href":"https:\/\/www.apen.es\/ca\/wp-json\/wp\/v2\/pages\/9395"}],"wp:attachment":[{"href":"https:\/\/www.apen.es\/ca\/wp-json\/wp\/v2\/media?parent=9262"}],"curies":[{"name":"wp","href":"https:\/\/api.w.org\/{rel}","templated":true}]}}