{"id":9260,"date":"2018-03-31T11:41:40","date_gmt":"2018-03-31T11:41:40","guid":{"rendered":"https:\/\/www.apen.es\/?page_id=9260"},"modified":"2025-07-16T09:27:42","modified_gmt":"2025-07-16T09:27:42","slug":"software-cloud","status":"publish","type":"page","link":"https:\/\/www.apen.es\/ca\/a3factura\/software-cloud\/","title":{"rendered":"Programari Cloud"},"content":{"rendered":"<p>A3factura \u00e9s un programa dirigit principalment a empreses i aut\u00f2noms, ja que \u00e9s un programa molt eficient i senzill d&#039;utilitzar que s&#039;encarrega de la facturaci\u00f3 en l\u00ednia i compta amb un&nbsp;<a href=\"https:\/\/www.apen.es\/ca\/a3factura\/\"><strong>Programari Cloud<\/strong><\/a>, \u00e9s a dir, que es descarrega directament d&#039;internet i es maneja a partir d&#039;un sistema de renda mensual des de 9,95\u20ac mensuals. A m\u00e9s el&nbsp;<strong>Programari Cloud<\/strong>, permet que totes les dades que guardem i emmagatzemem al programa es trobin en un servidor situat al n\u00favol, gr\u00e0cies al qual no ens haurem de preocupar d&#039;anar fent c\u00f2pies de seguretat de forma peri\u00f2dica.<\/p>\n\n\n\n<p>Les principals caracter\u00edstiques de contractar a&nbsp;<a href=\"https:\/\/www.apen.es\/ca\/a3factura\/\"><strong>a3factura<\/strong>&nbsp;<\/a>\u00e9s que \u00e9s molt senzill d&#039;utilitzar, per tal que pugueu gestionar tota la facturaci\u00f3 de la vostra empresa d&#039;una forma molt \u00e0gil i professional, personalitzant tots els documents que necessiteu amb la imatge corporativa de la vostra empresa de manera molt intu\u00eftiva, ja que fins i tot et permet utilitzar un tel\u00e8fon m\u00f2bil per capturar els teus tiquets de despesa i d&#039;aquesta manera integrar-los directament a la compta&nbsp;<strong>Programari Cloud<\/strong>.<\/p>\n\n\n\n<p>La comptabilitat, sens dubte \u00e9s una altra de les grans caracter\u00edstiques a destacar del programa a3factura, ja que compta amb una comptabilitat automatitzada \u00e9s a dir que mentre es treballa amb l&#039;aplicaci\u00f3, al&nbsp;<a href=\"https:\/\/www.apen.es\/ca\/a3factura\/\"><strong>Programari Cloud<\/strong><\/a>, es va generant de forma autom\u00e0tica els seients comptables que corresponen als moviments que s&#039;han realitzat, com ara els cobraments i els pagaments, les factures de venda i les compres. A m\u00e9s, tamb\u00e9 va generant diferents informes comptables com ara un de p\u00e8rdues i guanys o un balan\u00e7 de situaci\u00f3.<\/p>\n\n\n\n<p>Un dels beneficis destacables que a3factura tingui un&nbsp;<strong>Programari Cloud<\/strong>&nbsp;\u00e9s que \u00e9s un programa de facturaci\u00f3 multiusuari, \u00e9s a dir que s&#039;hi poden afegir tants usuaris com es necessitin sense cap tipus de cost addicional, incl\u00f2s l&#039;assessor de la vostra empresa, per la qual cosa gr\u00e0cies a aquest programa s&#039;agilitzar\u00e0 la comunicaci\u00f3 entre l&#039;empresa i l&#039;assessor i us podreu oblidar estar tot el dia enviant papers i documents d&#039;Excel.<\/p>\n\n\n\n<p>Per tant, gr\u00e0cies a la tecnologia del&nbsp;<strong>Programari Cloud<\/strong>&nbsp;tindreu tota la informaci\u00f3 que necessiteu disponible en tot moment i al lloc que vulgueu, ja sigui en un ordinador o al vostre m\u00f2bil, sempre que tingueu instal\u00b7lada l&#039;aplicaci\u00f3 d&#039;a3factura. Per\u00f2 que sigui tan f\u00e0cil accedir a tota la informaci\u00f3, no vol dir que no sigui segur, sin\u00f3 tot al contrari ja que les dades estaran sempre fora de perill i actualitzades en tot moment.<\/p>\n\n\n\n<p>Finalment, cal destacar que des de la pantalla inicial de l&#039;a3factura, podreu veure amb una sola ullada la informaci\u00f3 m\u00e9s important que necessiteu en aquell moment, d&#039;aquesta manera sempre podreu tenir una visi\u00f3 global de l&#039;estat actual de la vostra empresa com els nivells de facturaci\u00f3 o l&#039;evoluci\u00f3 del negoci.<\/p>","protected":false},"excerpt":{"rendered":"<p>A3factura es un programa dirigido principalmente a empresas y aut\u00f3nomos, ya que es un programa muy eficiente y sencillo de utilizar que se encarga de la facturaci\u00f3n online y cuenta con un&nbsp;Software Cloud, es decir que se descarga directamente de internet y se maneja a partir de un sistema de renta mensual desde 9,95\u20ac mensuales&#8230;.<\/p>","protected":false},"author":4,"featured_media":0,"parent":9395,"menu_order":0,"comment_status":"closed","ping_status":"closed","template":"page-landing-innova.php","meta":{"_acf_changed":false,"_kad_blocks_custom_css":"","_kad_blocks_head_custom_js":"","_kad_blocks_body_custom_js":"","_kad_blocks_footer_custom_js":"","_kad_post_transparent":"","_kad_post_title":"","_kad_post_layout":"","_kad_post_sidebar_id":"","_kad_post_content_style":"","_kad_post_vertical_padding":"","_kad_post_feature":"","_kad_post_feature_position":"","_kad_post_header":false,"_kad_post_footer":false,"_kad_post_classname":"","footnotes":""},"class_list":["post-9260","page","type-page","status-publish","hentry"],"acf":[],"yoast_head":"<!-- This site is optimized with the Yoast SEO plugin v27.4 - https:\/\/yoast.com\/product\/yoast-seo-wordpress\/ -->\n<title>Software Cloud - Apen Inform\u00e1tica<\/title>\n<meta name=\"description\" content=\"Disfruta de tu software cloud para realizar facturas y controlar la facturaci\u00f3n de tu empresa con a3factura. Ll\u00e1manos al 938 606 220 sin compromiso.\" \/>\n<meta name=\"robots\" content=\"index, follow, max-snippet:-1, max-image-preview:large, max-video-preview:-1\" \/>\n<link rel=\"canonical\" href=\"https:\/\/www.apen.es\/ca\/a3factura\/software-cloud\/\" \/>\n<meta property=\"og:locale\" content=\"ca_ES\" \/>\n<meta property=\"og:type\" content=\"article\" \/>\n<meta property=\"og:title\" content=\"Software Cloud - Apen Inform\u00e1tica\" \/>\n<meta property=\"og:description\" content=\"Disfruta de tu software cloud para realizar facturas y controlar la facturaci\u00f3n de tu empresa con a3factura. Ll\u00e1manos al 938 606 220 sin compromiso.\" \/>\n<meta property=\"og:url\" content=\"https:\/\/www.apen.es\/ca\/a3factura\/software-cloud\/\" \/>\n<meta property=\"og:site_name\" content=\"Apen Inform\u00e1tica\" \/>\n<meta property=\"article:publisher\" content=\"https:\/\/www.facebook.com\/apensolucions\" \/>\n<meta property=\"article:modified_time\" content=\"2025-07-16T09:27:42+00:00\" \/>\n<meta property=\"og:image\" content=\"https:\/\/www.apen.es\/wp-content\/uploads\/2016\/05\/logo-apen-231x82-trasparent.png\" \/>\n\t<meta property=\"og:image:width\" content=\"231\" \/>\n\t<meta property=\"og:image:height\" content=\"82\" \/>\n\t<meta property=\"og:image:type\" content=\"image\/png\" \/>\n<meta name=\"twitter:card\" content=\"summary_large_image\" \/>\n<meta name=\"twitter:label1\" content=\"Temps estimat de lectura\" \/>\n\t<meta name=\"twitter:data1\" content=\"7 minuts\" \/>\n<script type=\"application\/ld+json\" class=\"yoast-schema-graph\">{\"@context\":\"https:\\\/\\\/schema.org\",\"@graph\":[{\"@type\":\"WebPage\",\"@id\":\"https:\\\/\\\/www.apen.es\\\/a3factura\\\/software-cloud\\\/\",\"url\":\"https:\\\/\\\/www.apen.es\\\/a3factura\\\/software-cloud\\\/\",\"name\":\"Software Cloud - Apen Inform\u00e1tica\",\"isPartOf\":{\"@id\":\"https:\\\/\\\/www.apen.es\\\/#website\"},\"datePublished\":\"2018-03-31T11:41:40+00:00\",\"dateModified\":\"2025-07-16T09:27:42+00:00\",\"description\":\"Disfruta de tu software cloud para realizar facturas y controlar la facturaci\u00f3n de tu empresa con a3factura. Ll\u00e1manos al 938 606 220 sin compromiso.\",\"breadcrumb\":{\"@id\":\"https:\\\/\\\/www.apen.es\\\/a3factura\\\/software-cloud\\\/#breadcrumb\"},\"inLanguage\":\"ca\",\"potentialAction\":[{\"@type\":\"ReadAction\",\"target\":[\"https:\\\/\\\/www.apen.es\\\/a3factura\\\/software-cloud\\\/\"]}]},{\"@type\":\"BreadcrumbList\",\"@id\":\"https:\\\/\\\/www.apen.es\\\/a3factura\\\/software-cloud\\\/#breadcrumb\",\"itemListElement\":[{\"@type\":\"ListItem\",\"position\":1,\"name\":\"Portada\",\"item\":\"https:\\\/\\\/www.apen.es\\\/\"},{\"@type\":\"ListItem\",\"position\":2,\"name\":\"a3factura\",\"item\":\"https:\\\/\\\/www.apen.es\\\/a3factura\\\/\"},{\"@type\":\"ListItem\",\"position\":3,\"name\":\"Software Cloud\"}]},{\"@type\":\"WebSite\",\"@id\":\"https:\\\/\\\/www.apen.es\\\/#website\",\"url\":\"https:\\\/\\\/www.apen.es\\\/\",\"name\":\"Apen Inform\u00e1tica\",\"description\":\"Mantenimiento Inform\u00e1tico , Software de Gesti\u00f3n, Soluciones de impresi\u00f3n\",\"publisher\":{\"@id\":\"https:\\\/\\\/www.apen.es\\\/#organization\"},\"potentialAction\":[{\"@type\":\"SearchAction\",\"target\":{\"@type\":\"EntryPoint\",\"urlTemplate\":\"https:\\\/\\\/www.apen.es\\\/?s={search_term_string}\"},\"query-input\":{\"@type\":\"PropertyValueSpecification\",\"valueRequired\":true,\"valueName\":\"search_term_string\"}}],\"inLanguage\":\"ca\"},{\"@type\":\"Organization\",\"@id\":\"https:\\\/\\\/www.apen.es\\\/#organization\",\"name\":\"Apen: Soluciones inform\u00e1ticas\",\"url\":\"https:\\\/\\\/www.apen.es\\\/\",\"logo\":{\"@type\":\"ImageObject\",\"inLanguage\":\"ca\",\"@id\":\"https:\\\/\\\/www.apen.es\\\/#\\\/schema\\\/logo\\\/image\\\/\",\"url\":\"https:\\\/\\\/www.apen.es\\\/wp-content\\\/uploads\\\/2022\\\/08\\\/logo-apenok-231x82-1.png\",\"contentUrl\":\"https:\\\/\\\/www.apen.es\\\/wp-content\\\/uploads\\\/2022\\\/08\\\/logo-apenok-231x82-1.png\",\"width\":231,\"height\":82,\"caption\":\"Apen: Soluciones inform\u00e1ticas\"},\"image\":{\"@id\":\"https:\\\/\\\/www.apen.es\\\/#\\\/schema\\\/logo\\\/image\\\/\"},\"sameAs\":[\"https:\\\/\\\/www.facebook.com\\\/apensolucions\",\"https:\\\/\\\/www.youtube.com\\\/user\\\/ApenCentreInformatic\",\"https:\\\/\\\/www.linkedin.com\\\/company\\\/1021771?trk=tyah&trkInfo=clickedVerticalcompanyclickedEntityId1021771idx2-1-2tarId1464195271196tasapenin\"]}]}<\/script>\n<!-- \/ Yoast SEO plugin. -->","yoast_head_json":{"title":"Software Cloud - Apen Inform\u00e1tica","description":"Disfruta de tu software cloud para realizar facturas y controlar la facturaci\u00f3n de tu empresa con a3factura. Ll\u00e1manos al 938 606 220 sin compromiso.","robots":{"index":"index","follow":"follow","max-snippet":"max-snippet:-1","max-image-preview":"max-image-preview:large","max-video-preview":"max-video-preview:-1"},"canonical":"https:\/\/www.apen.es\/ca\/a3factura\/software-cloud\/","og_locale":"ca_ES","og_type":"article","og_title":"Software Cloud - Apen Inform\u00e1tica","og_description":"Disfruta de tu software cloud para realizar facturas y controlar la facturaci\u00f3n de tu empresa con a3factura. Ll\u00e1manos al 938 606 220 sin compromiso.","og_url":"https:\/\/www.apen.es\/ca\/a3factura\/software-cloud\/","og_site_name":"Apen Inform\u00e1tica","article_publisher":"https:\/\/www.facebook.com\/apensolucions","article_modified_time":"2025-07-16T09:27:42+00:00","og_image":[{"width":231,"height":82,"url":"https:\/\/www.apen.es\/wp-content\/uploads\/2016\/05\/logo-apen-231x82-trasparent.png","type":"image\/png"}],"twitter_card":"summary_large_image","twitter_misc":{"Temps estimat de lectura":"7 minuts"},"schema":{"@context":"https:\/\/schema.org","@graph":[{"@type":"WebPage","@id":"https:\/\/www.apen.es\/a3factura\/software-cloud\/","url":"https:\/\/www.apen.es\/a3factura\/software-cloud\/","name":"Software Cloud - Apen Inform\u00e1tica","isPartOf":{"@id":"https:\/\/www.apen.es\/#website"},"datePublished":"2018-03-31T11:41:40+00:00","dateModified":"2025-07-16T09:27:42+00:00","description":"Disfruta de tu software cloud para realizar facturas y controlar la facturaci\u00f3n de tu empresa con a3factura. Ll\u00e1manos al 938 606 220 sin compromiso.","breadcrumb":{"@id":"https:\/\/www.apen.es\/a3factura\/software-cloud\/#breadcrumb"},"inLanguage":"ca","potentialAction":[{"@type":"ReadAction","target":["https:\/\/www.apen.es\/a3factura\/software-cloud\/"]}]},{"@type":"BreadcrumbList","@id":"https:\/\/www.apen.es\/a3factura\/software-cloud\/#breadcrumb","itemListElement":[{"@type":"ListItem","position":1,"name":"Portada","item":"https:\/\/www.apen.es\/"},{"@type":"ListItem","position":2,"name":"a3factura","item":"https:\/\/www.apen.es\/a3factura\/"},{"@type":"ListItem","position":3,"name":"Software Cloud"}]},{"@type":"WebSite","@id":"https:\/\/www.apen.es\/#website","url":"https:\/\/www.apen.es\/","name":"Apen Inform\u00e0tica","description":"Manteniment inform\u00e0tic , programari de gesti\u00f3, solucions d&#039;impressi\u00f3","publisher":{"@id":"https:\/\/www.apen.es\/#organization"},"potentialAction":[{"@type":"SearchAction","target":{"@type":"EntryPoint","urlTemplate":"https:\/\/www.apen.es\/?s={search_term_string}"},"query-input":{"@type":"PropertyValueSpecification","valueRequired":true,"valueName":"search_term_string"}}],"inLanguage":"ca"},{"@type":"Organization","@id":"https:\/\/www.apen.es\/#organization","name":"Apen: Solucions inform\u00e0tiques","url":"https:\/\/www.apen.es\/","logo":{"@type":"ImageObject","inLanguage":"ca","@id":"https:\/\/www.apen.es\/#\/schema\/logo\/image\/","url":"https:\/\/www.apen.es\/wp-content\/uploads\/2022\/08\/logo-apenok-231x82-1.png","contentUrl":"https:\/\/www.apen.es\/wp-content\/uploads\/2022\/08\/logo-apenok-231x82-1.png","width":231,"height":82,"caption":"Apen: Soluciones inform\u00e1ticas"},"image":{"@id":"https:\/\/www.apen.es\/#\/schema\/logo\/image\/"},"sameAs":["https:\/\/www.facebook.com\/apensolucions","https:\/\/www.youtube.com\/user\/ApenCentreInformatic","https:\/\/www.linkedin.com\/company\/1021771?trk=tyah&trkInfo=clickedVerticalcompanyclickedEntityId1021771idx2-1-2tarId1464195271196tasapenin"]}]}},"taxonomy_info":[],"featured_image_src_large":false,"author_info":{"display_name":"marqueting","author_link":"https:\/\/www.apen.es\/ca\/blog\/author\/marqueting\/"},"comment_info":0,"_links":{"self":[{"href":"https:\/\/www.apen.es\/ca\/wp-json\/wp\/v2\/pages\/9260","targetHints":{"allow":["GET"]}}],"collection":[{"href":"https:\/\/www.apen.es\/ca\/wp-json\/wp\/v2\/pages"}],"about":[{"href":"https:\/\/www.apen.es\/ca\/wp-json\/wp\/v2\/types\/page"}],"author":[{"embeddable":true,"href":"https:\/\/www.apen.es\/ca\/wp-json\/wp\/v2\/users\/4"}],"replies":[{"embeddable":true,"href":"https:\/\/www.apen.es\/ca\/wp-json\/wp\/v2\/comments?post=9260"}],"version-history":[{"count":2,"href":"https:\/\/www.apen.es\/ca\/wp-json\/wp\/v2\/pages\/9260\/revisions"}],"predecessor-version":[{"id":56898,"href":"https:\/\/www.apen.es\/ca\/wp-json\/wp\/v2\/pages\/9260\/revisions\/56898"}],"up":[{"embeddable":true,"href":"https:\/\/www.apen.es\/ca\/wp-json\/wp\/v2\/pages\/9395"}],"wp:attachment":[{"href":"https:\/\/www.apen.es\/ca\/wp-json\/wp\/v2\/media?parent=9260"}],"curies":[{"name":"wp","href":"https:\/\/api.w.org\/{rel}","templated":true}]}}