{"id":9254,"date":"2018-03-31T11:33:51","date_gmt":"2018-03-31T11:33:51","guid":{"rendered":"https:\/\/www.apen.es\/?page_id=9254"},"modified":"2025-07-16T09:25:14","modified_gmt":"2025-07-16T09:25:14","slug":"app-software","status":"publish","type":"page","link":"https:\/\/www.apen.es\/ca\/a3factura\/app-software\/","title":{"rendered":"App programari"},"content":{"rendered":"<p><strong>Busques una soluci\u00f3 de facturaci\u00f3 en l\u00ednia amb la qual puguis gestionar el teu negoci f\u00e0cilment?<\/strong>&nbsp;Si la resposta \u00e9s s\u00ed, la teva soluci\u00f3 es diu&nbsp;<a href=\"https:\/\/www.apen.es\/ca\/a3factura\/\"><strong>a3factura<\/strong><\/a>. \u00c9s un programa de facturaci\u00f3 en l\u00ednia destinada per a empreses pimes i per a aut\u00f2noms.<\/p>\n\n\n\n<p><a href=\"https:\/\/www.apen.es\/ca\/a3factura\/\"><strong>a3factura<\/strong><\/a>&nbsp;\u00e9s una eina que facilita la comunicaci\u00f3 entre l&#039;assessor i l&#039;empresa, es crea un entorn col\u00b7laboratiu amb l&#039;assessor, al qual podeu convidar m\u00e9s d&#039;un usuari perqu\u00e8 n&#039;extreu la informaci\u00f3 que necessiteu. Aix\u00ed mateix, la connexi\u00f3 a la&nbsp;<a href=\"https:\/\/www.apen.es\/ca\/a3factura\/\"><strong>app<\/strong>&nbsp;<strong>programari<\/strong>&nbsp;<\/a><a href=\"https:\/\/www.apen.es\/ca\/a3factura\/\"><strong>a3factura<\/strong><\/a>&nbsp;contribueix a un sistema de facturaci\u00f3 integrat amb les solucions comptables m\u00e9s importants. Gr\u00e0cies a aquesta integraci\u00f3 podr\u00e0s enviar i rebre autom\u00e0ticament la informaci\u00f3 de la teva empresa amb la teva assessoria i, aix\u00ed, oblidar-te d&#039;importar o exportar informaci\u00f3 i enviar-la a Excel, Word, PDF o paper. \u00danicament necessitareu connexi\u00f3 a internet per mostrar les dades.<\/p>\n\n\n\n<p>\u00c9s un&nbsp;<strong>App<\/strong>&nbsp;amb un&nbsp;<strong>programari<\/strong>&nbsp;molt senzill i visual que us permetr\u00e0 gestionar el dia a dia de l&#039;empresa sense tenir formaci\u00f3 pr\u00e8via. A m\u00e9s, entre totes les funcions destaquem la gesti\u00f3 de factures, la comptabilitat automatitzada, el control d&#039;estocs i comissions, l&#039;exportaci\u00f3 a Excel i, per acabar, la personalitzaci\u00f3 de camps i de documents. Aquest&nbsp;<a href=\"https:\/\/www.apen.es\/ca\/a3factura\/\"><strong>programari<\/strong>&nbsp;<\/a>genera factures de vendes i de despeses, deixant que les puguis enviar als clients i controlar si han estat vistes. Una altra funci\u00f3 destacable \u00e9s la generaci\u00f3 autom\u00e0tica dels seients comptables corresponents als moviments realitzats, creant informes comptables (balan\u00e7os de situaci\u00f3, p\u00e8rdues i guanys, sumes i saldo, etc.).<\/p>\n\n\n\n<p>Descarregant-te la&nbsp;<strong>app<\/strong>&nbsp;del&nbsp;<strong>programari<\/strong>&nbsp;a3factura aconseguir\u00e0s gestionar la informaci\u00f3 principal de la teva empresa f\u00e0cilment des del teu smartphone o tablet. Aix\u00f2 \u00e9s una alternativa per portar el teu negoci sempre amb tu, \u00e9s important els beneficis que aporta una soluci\u00f3 al n\u00favol. Amb aquesta app podr\u00e0s treure profit de tots els avantatges que ofereix la tecnologia cloud, les teves dades estaran protegides i la informaci\u00f3 permanentment actualitzada i disponible en tot moment. Tamb\u00e9 tindr\u00e0s acc\u00e9s tot l&#039;any a qualsevol hora del dia, backup continu de dades i no caldr\u00e0 llic\u00e8ncia inicial ni de manteniment, tampoc inversi\u00f3 en maquinari.<\/p>\n\n\n\n<p>De la mateixa manera que us proporcionar\u00e0 una visi\u00f3 global de l&#039;estat de la vostra empresa, ja que mitjan\u00e7ant gr\u00e0fics obtindreu informaci\u00f3 en temps real dels estats dels cobraments i pagaments, de la comparativa de facturaci\u00f3 per any, del volum de facturaci\u00f3 per clients, i del r\u00e0nquing d&#039;articles o productes m\u00e9s venuts.<\/p>\n\n\n\n<p>La&nbsp;<a href=\"https:\/\/www.apen.es\/ca\/a3factura\/\"><strong>app de programari a3factura<\/strong><\/a>&nbsp;et permetr\u00e0 accedir a la teva base de dades d&#039;articles, clients i prove\u00efdors per fer-hi gestions. Algunes de les gestions que podr\u00e0s exercir s\u00f3n donar d&#039;alta a clients i prove\u00efdors, consultar la ubicaci\u00f3 dels clients al mapa i contactar via telef\u00f2nica oa trav\u00e9s de correu electr\u00f2nic.<\/p>","protected":false},"excerpt":{"rendered":"<p>\u00bfBuscas una soluci\u00f3n de facturaci\u00f3n online con la que puedas gestionar tu negocio f\u00e1cilmente?&nbsp;Si la respuesta es s\u00ed, tu soluci\u00f3n se llama&nbsp;a3factura. Es un programa de facturaci\u00f3n online destinada para empresas pymes y para aut\u00f3nomos. a3factura&nbsp;es una herramienta que facilita la comunicaci\u00f3n entre el asesor y la empresa, se crea un entorno colaborativo con el&#8230;<\/p>","protected":false},"author":4,"featured_media":0,"parent":9395,"menu_order":0,"comment_status":"closed","ping_status":"closed","template":"page-landing-innova.php","meta":{"_acf_changed":false,"_kad_blocks_custom_css":"","_kad_blocks_head_custom_js":"","_kad_blocks_body_custom_js":"","_kad_blocks_footer_custom_js":"","_kad_post_transparent":"","_kad_post_title":"","_kad_post_layout":"","_kad_post_sidebar_id":"","_kad_post_content_style":"","_kad_post_vertical_padding":"","_kad_post_feature":"","_kad_post_feature_position":"","_kad_post_header":false,"_kad_post_footer":false,"_kad_post_classname":"","footnotes":""},"class_list":["post-9254","page","type-page","status-publish","hentry"],"acf":[],"yoast_head":"<!-- This site is optimized with the Yoast SEO plugin v27.4 - https:\/\/yoast.com\/product\/yoast-seo-wordpress\/ -->\n<title>App software - Apen Inform\u00e1tica<\/title>\n<meta name=\"description\" content=\"Con a3afctura dispondr\u00e1s del software de gesti\u00f3n para realizar facturas y controlar tu facturaci\u00f3n desde una App.Ll\u00e1manos al 938 606 220 sin compromiso.\" \/>\n<meta name=\"robots\" content=\"index, follow, max-snippet:-1, max-image-preview:large, max-video-preview:-1\" \/>\n<link rel=\"canonical\" href=\"https:\/\/www.apen.es\/ca\/a3factura\/app-software\/\" \/>\n<meta property=\"og:locale\" content=\"ca_ES\" \/>\n<meta property=\"og:type\" content=\"article\" \/>\n<meta property=\"og:title\" content=\"App software - Apen Inform\u00e1tica\" \/>\n<meta property=\"og:description\" content=\"Con a3afctura dispondr\u00e1s del software de gesti\u00f3n para realizar facturas y controlar tu facturaci\u00f3n desde una App.Ll\u00e1manos al 938 606 220 sin compromiso.\" \/>\n<meta property=\"og:url\" content=\"https:\/\/www.apen.es\/ca\/a3factura\/app-software\/\" \/>\n<meta property=\"og:site_name\" content=\"Apen Inform\u00e1tica\" \/>\n<meta property=\"article:publisher\" content=\"https:\/\/www.facebook.com\/apensolucions\" \/>\n<meta property=\"article:modified_time\" content=\"2025-07-16T09:25:14+00:00\" \/>\n<meta property=\"og:image\" content=\"https:\/\/www.apen.es\/wp-content\/uploads\/2016\/05\/logo-apen-231x82-trasparent.png\" \/>\n\t<meta property=\"og:image:width\" content=\"231\" \/>\n\t<meta property=\"og:image:height\" content=\"82\" \/>\n\t<meta property=\"og:image:type\" content=\"image\/png\" \/>\n<meta name=\"twitter:card\" content=\"summary_large_image\" \/>\n<meta name=\"twitter:label1\" content=\"Temps estimat de lectura\" \/>\n\t<meta name=\"twitter:data1\" content=\"7 minuts\" \/>\n<script type=\"application\/ld+json\" class=\"yoast-schema-graph\">{\"@context\":\"https:\\\/\\\/schema.org\",\"@graph\":[{\"@type\":\"WebPage\",\"@id\":\"https:\\\/\\\/www.apen.es\\\/a3factura\\\/app-software\\\/\",\"url\":\"https:\\\/\\\/www.apen.es\\\/a3factura\\\/app-software\\\/\",\"name\":\"App software - Apen Inform\u00e1tica\",\"isPartOf\":{\"@id\":\"https:\\\/\\\/www.apen.es\\\/#website\"},\"datePublished\":\"2018-03-31T11:33:51+00:00\",\"dateModified\":\"2025-07-16T09:25:14+00:00\",\"description\":\"Con a3afctura dispondr\u00e1s del software de gesti\u00f3n para realizar facturas y controlar tu facturaci\u00f3n desde una App.Ll\u00e1manos al 938 606 220 sin compromiso.\",\"breadcrumb\":{\"@id\":\"https:\\\/\\\/www.apen.es\\\/a3factura\\\/app-software\\\/#breadcrumb\"},\"inLanguage\":\"ca\",\"potentialAction\":[{\"@type\":\"ReadAction\",\"target\":[\"https:\\\/\\\/www.apen.es\\\/a3factura\\\/app-software\\\/\"]}]},{\"@type\":\"BreadcrumbList\",\"@id\":\"https:\\\/\\\/www.apen.es\\\/a3factura\\\/app-software\\\/#breadcrumb\",\"itemListElement\":[{\"@type\":\"ListItem\",\"position\":1,\"name\":\"Portada\",\"item\":\"https:\\\/\\\/www.apen.es\\\/\"},{\"@type\":\"ListItem\",\"position\":2,\"name\":\"a3factura\",\"item\":\"https:\\\/\\\/www.apen.es\\\/a3factura\\\/\"},{\"@type\":\"ListItem\",\"position\":3,\"name\":\"App software\"}]},{\"@type\":\"WebSite\",\"@id\":\"https:\\\/\\\/www.apen.es\\\/#website\",\"url\":\"https:\\\/\\\/www.apen.es\\\/\",\"name\":\"Apen Inform\u00e1tica\",\"description\":\"Mantenimiento Inform\u00e1tico , Software de Gesti\u00f3n, Soluciones de impresi\u00f3n\",\"publisher\":{\"@id\":\"https:\\\/\\\/www.apen.es\\\/#organization\"},\"potentialAction\":[{\"@type\":\"SearchAction\",\"target\":{\"@type\":\"EntryPoint\",\"urlTemplate\":\"https:\\\/\\\/www.apen.es\\\/?s={search_term_string}\"},\"query-input\":{\"@type\":\"PropertyValueSpecification\",\"valueRequired\":true,\"valueName\":\"search_term_string\"}}],\"inLanguage\":\"ca\"},{\"@type\":\"Organization\",\"@id\":\"https:\\\/\\\/www.apen.es\\\/#organization\",\"name\":\"Apen: Soluciones inform\u00e1ticas\",\"url\":\"https:\\\/\\\/www.apen.es\\\/\",\"logo\":{\"@type\":\"ImageObject\",\"inLanguage\":\"ca\",\"@id\":\"https:\\\/\\\/www.apen.es\\\/#\\\/schema\\\/logo\\\/image\\\/\",\"url\":\"https:\\\/\\\/www.apen.es\\\/wp-content\\\/uploads\\\/2022\\\/08\\\/logo-apenok-231x82-1.png\",\"contentUrl\":\"https:\\\/\\\/www.apen.es\\\/wp-content\\\/uploads\\\/2022\\\/08\\\/logo-apenok-231x82-1.png\",\"width\":231,\"height\":82,\"caption\":\"Apen: Soluciones inform\u00e1ticas\"},\"image\":{\"@id\":\"https:\\\/\\\/www.apen.es\\\/#\\\/schema\\\/logo\\\/image\\\/\"},\"sameAs\":[\"https:\\\/\\\/www.facebook.com\\\/apensolucions\",\"https:\\\/\\\/www.youtube.com\\\/user\\\/ApenCentreInformatic\",\"https:\\\/\\\/www.linkedin.com\\\/company\\\/1021771?trk=tyah&trkInfo=clickedVerticalcompanyclickedEntityId1021771idx2-1-2tarId1464195271196tasapenin\"]}]}<\/script>\n<!-- \/ Yoast SEO plugin. -->","yoast_head_json":{"title":"App programari - Apen Inform\u00e0tica","description":"Amb a3afctura disposar\u00e0s del programari de gesti\u00f3 per realitzar factures i controlar la teva facturaci\u00f3 des d&#039;una App. Truca&#039;ns al 938 606 220 sense comprom\u00eds.","robots":{"index":"index","follow":"follow","max-snippet":"max-snippet:-1","max-image-preview":"max-image-preview:large","max-video-preview":"max-video-preview:-1"},"canonical":"https:\/\/www.apen.es\/ca\/a3factura\/app-software\/","og_locale":"ca_ES","og_type":"article","og_title":"App software - Apen Inform\u00e1tica","og_description":"Con a3afctura dispondr\u00e1s del software de gesti\u00f3n para realizar facturas y controlar tu facturaci\u00f3n desde una App.Ll\u00e1manos al 938 606 220 sin compromiso.","og_url":"https:\/\/www.apen.es\/ca\/a3factura\/app-software\/","og_site_name":"Apen Inform\u00e1tica","article_publisher":"https:\/\/www.facebook.com\/apensolucions","article_modified_time":"2025-07-16T09:25:14+00:00","og_image":[{"width":231,"height":82,"url":"https:\/\/www.apen.es\/wp-content\/uploads\/2016\/05\/logo-apen-231x82-trasparent.png","type":"image\/png"}],"twitter_card":"summary_large_image","twitter_misc":{"Temps estimat de lectura":"7 minuts"},"schema":{"@context":"https:\/\/schema.org","@graph":[{"@type":"WebPage","@id":"https:\/\/www.apen.es\/a3factura\/app-software\/","url":"https:\/\/www.apen.es\/a3factura\/app-software\/","name":"App programari - Apen Inform\u00e0tica","isPartOf":{"@id":"https:\/\/www.apen.es\/#website"},"datePublished":"2018-03-31T11:33:51+00:00","dateModified":"2025-07-16T09:25:14+00:00","description":"Amb a3afctura disposar\u00e0s del programari de gesti\u00f3 per realitzar factures i controlar la teva facturaci\u00f3 des d&#039;una App. Truca&#039;ns al 938 606 220 sense comprom\u00eds.","breadcrumb":{"@id":"https:\/\/www.apen.es\/a3factura\/app-software\/#breadcrumb"},"inLanguage":"ca","potentialAction":[{"@type":"ReadAction","target":["https:\/\/www.apen.es\/a3factura\/app-software\/"]}]},{"@type":"BreadcrumbList","@id":"https:\/\/www.apen.es\/a3factura\/app-software\/#breadcrumb","itemListElement":[{"@type":"ListItem","position":1,"name":"Portada","item":"https:\/\/www.apen.es\/"},{"@type":"ListItem","position":2,"name":"a3factura","item":"https:\/\/www.apen.es\/a3factura\/"},{"@type":"ListItem","position":3,"name":"App software"}]},{"@type":"WebSite","@id":"https:\/\/www.apen.es\/#website","url":"https:\/\/www.apen.es\/","name":"Apen Inform\u00e0tica","description":"Manteniment inform\u00e0tic , programari de gesti\u00f3, solucions d&#039;impressi\u00f3","publisher":{"@id":"https:\/\/www.apen.es\/#organization"},"potentialAction":[{"@type":"SearchAction","target":{"@type":"EntryPoint","urlTemplate":"https:\/\/www.apen.es\/?s={search_term_string}"},"query-input":{"@type":"PropertyValueSpecification","valueRequired":true,"valueName":"search_term_string"}}],"inLanguage":"ca"},{"@type":"Organization","@id":"https:\/\/www.apen.es\/#organization","name":"Apen: Solucions inform\u00e0tiques","url":"https:\/\/www.apen.es\/","logo":{"@type":"ImageObject","inLanguage":"ca","@id":"https:\/\/www.apen.es\/#\/schema\/logo\/image\/","url":"https:\/\/www.apen.es\/wp-content\/uploads\/2022\/08\/logo-apenok-231x82-1.png","contentUrl":"https:\/\/www.apen.es\/wp-content\/uploads\/2022\/08\/logo-apenok-231x82-1.png","width":231,"height":82,"caption":"Apen: Soluciones inform\u00e1ticas"},"image":{"@id":"https:\/\/www.apen.es\/#\/schema\/logo\/image\/"},"sameAs":["https:\/\/www.facebook.com\/apensolucions","https:\/\/www.youtube.com\/user\/ApenCentreInformatic","https:\/\/www.linkedin.com\/company\/1021771?trk=tyah&trkInfo=clickedVerticalcompanyclickedEntityId1021771idx2-1-2tarId1464195271196tasapenin"]}]}},"taxonomy_info":[],"featured_image_src_large":false,"author_info":{"display_name":"marqueting","author_link":"https:\/\/www.apen.es\/ca\/blog\/author\/marqueting\/"},"comment_info":0,"_links":{"self":[{"href":"https:\/\/www.apen.es\/ca\/wp-json\/wp\/v2\/pages\/9254","targetHints":{"allow":["GET"]}}],"collection":[{"href":"https:\/\/www.apen.es\/ca\/wp-json\/wp\/v2\/pages"}],"about":[{"href":"https:\/\/www.apen.es\/ca\/wp-json\/wp\/v2\/types\/page"}],"author":[{"embeddable":true,"href":"https:\/\/www.apen.es\/ca\/wp-json\/wp\/v2\/users\/4"}],"replies":[{"embeddable":true,"href":"https:\/\/www.apen.es\/ca\/wp-json\/wp\/v2\/comments?post=9254"}],"version-history":[{"count":5,"href":"https:\/\/www.apen.es\/ca\/wp-json\/wp\/v2\/pages\/9254\/revisions"}],"predecessor-version":[{"id":56893,"href":"https:\/\/www.apen.es\/ca\/wp-json\/wp\/v2\/pages\/9254\/revisions\/56893"}],"up":[{"embeddable":true,"href":"https:\/\/www.apen.es\/ca\/wp-json\/wp\/v2\/pages\/9395"}],"wp:attachment":[{"href":"https:\/\/www.apen.es\/ca\/wp-json\/wp\/v2\/media?parent=9254"}],"curies":[{"name":"wp","href":"https:\/\/api.w.org\/{rel}","templated":true}]}}