{"id":8828,"date":"2018-02-14T16:49:28","date_gmt":"2018-02-14T16:49:28","guid":{"rendered":"https:\/\/www.apen.es\/?page_id=8828"},"modified":"2025-03-31T06:11:12","modified_gmt":"2025-03-31T06:11:12","slug":"informatic-sabadell","status":"publish","type":"page","link":"https:\/\/www.apen.es\/ca\/mantenimiento-informatico\/informatico-sabadell\/","title":{"rendered":"Inform\u00e0tic Sabadell"},"content":{"rendered":"<p>El&nbsp;<strong>manteniment inform\u00e0tic<\/strong>&nbsp;\u00e9s un dels serveis estrella d&#039;Apen. Oferim tres tipus de&nbsp;<strong>manteniment<\/strong>&nbsp;<strong>inform\u00e0tic<\/strong>&nbsp;a tota la prov\u00edncia de Barcelona, com per exemple a&nbsp;<strong>Sabadell<\/strong>.<\/p>\n\n\n\n<p>\u00c9s un servei personalitzat, adaptat i professional, realitzat per t\u00e8cnics experts en aquest sector, que acudeixen a les empreses per resoldre tots els dubtes que necessitin els clients a prop del&nbsp;<strong>sistema<\/strong>&nbsp;<strong>inform\u00e0tic<\/strong>&nbsp;empresa.<\/p>\n\n\n\n<p>A&nbsp;<strong>Sabadell<\/strong>&nbsp;ia tota la prov\u00edncia de Barcelona, comptem amb clients des de fa anys, que han vist una clara millora en el funcionament del seu&nbsp;<strong>sistema<\/strong>&nbsp;<strong>inform\u00e0tic<\/strong>&nbsp;gr\u00e0cies a un manteniment professional continuat.<\/p>\n\n\n\n<p>Aquest servei pot evitar problemes futurs ia m\u00e9s, combinat amb el servei de&nbsp;<strong>seguretat inform\u00e0tica<\/strong>&nbsp;d&#039;Apen, aconseguirem tenir els virus a ratlla.<\/p>\n\n\n\n<p>Si tens una empresa a&nbsp;<strong>Sabadell<\/strong>&nbsp;oa la prov\u00edncia de Barcelona i vols obtenir un servei de&nbsp;<strong>manteniment<\/strong>&nbsp;i\/o&nbsp;<strong>seguretat inform\u00e0tica<\/strong>&nbsp;del teu sistema&nbsp;<strong>inform\u00e0tic<\/strong>, no dubtis en contactar amb nosaltres i demanar-nos un pressupost.<\/p>\n\n\n\n<p>A Apen volem ajudar les PIMES en la gesti\u00f3 del&nbsp;<strong>manteniment inform\u00e0tic<\/strong>, aix\u00ed com a la&nbsp;<strong>seguretat inform\u00e0tica<\/strong>&nbsp;i tots els serveis que puguin necessitar. A Apen tamb\u00e9 disposem de serveis d&#039;impressi\u00f3 professionals, que poden ajudar a estalviar grans costos anuals a l&#039;empresa, gr\u00e0cies a un estudi personalitzat de l&#039;\u00fas que fa el client de les impressores, per con\u00e8ixer les vostres necessitats reals, a m\u00e9s de comptar amb un servei de \u201cPreu per c\u00f2pia\u201d, que s&#039;encarrega que el client nom\u00e9s pagui per all\u00f2 que imprimeix.<\/p>\n\n\n\n<p>Un altre dels serveis, enfocats a les petites i mitjanes empreses, \u00e9s l&#039;a3ERP, un programari de gesti\u00f3 empresarial, que unifica tots els departaments de l&#039;empresa i mostra una visi\u00f3 global i molt m\u00e9s completa del funcionament de la PIME, amb la intenci\u00f3 de millorar la gesti\u00f3 de l&#039;empresa, la productivitat dels treballadors, la comunicaci\u00f3 interna, etc.<\/p>\n\n\n\n<p>A Apen, amb m\u00e9s de 25 anys d&#039;experi\u00e8ncia, podem dir que treballem amb els millors&nbsp;<strong>t\u00e8cnics inform\u00e0tics<\/strong>&nbsp;del sector i oferim serveis de les marques referents del mercat. Per aquest motiu, podem garantir a les empreses un servei professional, immediat, proper i sobretot resolutiu, davant de les adversitats que puguin trobar-se amb el seu&nbsp;<strong>sistema inform\u00e0tic<\/strong>.<\/p>\n\n\n\n<p>Ens desplacem a l&#039;empresa del client, tenint en compte que treballem a&nbsp;<strong>Sabadell<\/strong>, Sant Cugat, Vall\u00e8s Oriental ia tota la prov\u00edncia de Barcelona. Aquest \u00e9s el nostre principal nucli de treball i pel qual portem treballant m\u00e9s de 25 anys.<\/p>\n\n\n\n<p>Dins del nostre servei de&nbsp;<strong>manteniment inform\u00e0tic<\/strong>&nbsp;pots trobar-ne tres varietats; El&nbsp;<strong>manteniment inform\u00e0tic<\/strong>&nbsp;Base, que consisteix en un manteniment b\u00e0sic i segur; El&nbsp;<strong>manteniment Outsourcing<\/strong>; Una mica m\u00e9s elaborat que el primer, dut a terme per personal altament qualificat;&nbsp;<strong>manteniment Premium<\/strong>, que ofereix un servei de manteniment d&#039;alta qualitat i est\u00e0 basat en la monitoritzaci\u00f3 dels sistemes, la prevenci\u00f3 i l&#039;experi\u00e8ncia d&#039;Apen, per evitar riscos i despeses i obtenir un servei professional.<\/p>","protected":false},"excerpt":{"rendered":"<p>El&nbsp;mantenimiento inform\u00e1tico&nbsp;es uno de los servicios estrella de Apen. Ofrecemos tres tipos de&nbsp;mantenimiento&nbsp;inform\u00e1tico&nbsp;en toda la provincia de Barcelona, como por ejemplo en&nbsp;Sabadell. Es un servicio personalizado, adaptado y profesional, realizado por t\u00e9cnicos expertos en este sector, que acuden a las empresas para resolver todas las dudas que necesiten los clientes a cerca del&nbsp;sistema&nbsp;inform\u00e1tico&nbsp;de la empresa&#8230;.<\/p>","protected":false},"author":4,"featured_media":0,"parent":1357,"menu_order":0,"comment_status":"closed","ping_status":"closed","template":"page-servicio-informatico.php","meta":{"_acf_changed":false,"_kad_blocks_custom_css":"","_kad_blocks_head_custom_js":"","_kad_blocks_body_custom_js":"","_kad_blocks_footer_custom_js":"","_kad_post_transparent":"","_kad_post_title":"","_kad_post_layout":"","_kad_post_sidebar_id":"","_kad_post_content_style":"","_kad_post_vertical_padding":"","_kad_post_feature":"","_kad_post_feature_position":"","_kad_post_header":false,"_kad_post_footer":false,"_kad_post_classname":"","footnotes":""},"class_list":["post-8828","page","type-page","status-publish","hentry"],"acf":[],"yoast_head":"<!-- This site is optimized with the Yoast SEO plugin v27.4 - https:\/\/yoast.com\/product\/yoast-seo-wordpress\/ -->\n<title>Inform\u00e1tico Sabadell - Apen Inform\u00e1tica<\/title>\n<meta name=\"description\" content=\"Mantenimiento de ordenadores, renting de equipos inform\u00e1ticos\u2026 La empresa de inform\u00e1tica de la ciudad de Sabadell. Ofrecemos un servicio integral s.\" \/>\n<meta name=\"robots\" content=\"index, follow, max-snippet:-1, max-image-preview:large, max-video-preview:-1\" \/>\n<link rel=\"canonical\" href=\"https:\/\/www.apen.es\/ca\/manteniment-informatic\/informatic-sabadell\/\" \/>\n<meta property=\"og:locale\" content=\"ca_ES\" \/>\n<meta property=\"og:type\" content=\"article\" \/>\n<meta property=\"og:title\" content=\"Inform\u00e1tico Sabadell - Apen Inform\u00e1tica\" \/>\n<meta property=\"og:description\" content=\"Mantenimiento de ordenadores, renting de equipos inform\u00e1ticos\u2026 La empresa de inform\u00e1tica de la ciudad de Sabadell. Ofrecemos un servicio integral s.\" \/>\n<meta property=\"og:url\" content=\"https:\/\/www.apen.es\/ca\/manteniment-informatic\/informatic-sabadell\/\" \/>\n<meta property=\"og:site_name\" content=\"Apen Inform\u00e1tica\" \/>\n<meta property=\"article:publisher\" content=\"https:\/\/www.facebook.com\/apensolucions\" \/>\n<meta property=\"article:modified_time\" content=\"2025-03-31T06:11:12+00:00\" \/>\n<meta property=\"og:image\" content=\"https:\/\/www.apen.es\/wp-content\/uploads\/2016\/05\/logo-apen-231x82-trasparent.png\" \/>\n\t<meta property=\"og:image:width\" content=\"231\" \/>\n\t<meta property=\"og:image:height\" content=\"82\" \/>\n\t<meta property=\"og:image:type\" content=\"image\/png\" \/>\n<meta name=\"twitter:card\" content=\"summary_large_image\" \/>\n<meta name=\"twitter:label1\" content=\"Temps estimat de lectura\" \/>\n\t<meta name=\"twitter:data1\" content=\"10 minuts\" \/>\n<script type=\"application\/ld+json\" class=\"yoast-schema-graph\">{\"@context\":\"https:\\\/\\\/schema.org\",\"@graph\":[{\"@type\":\"WebPage\",\"@id\":\"https:\\\/\\\/www.apen.es\\\/mantenimiento-informatico\\\/informatico-sabadell\\\/\",\"url\":\"https:\\\/\\\/www.apen.es\\\/mantenimiento-informatico\\\/informatico-sabadell\\\/\",\"name\":\"Inform\u00e1tico Sabadell - Apen Inform\u00e1tica\",\"isPartOf\":{\"@id\":\"https:\\\/\\\/www.apen.es\\\/#website\"},\"datePublished\":\"2018-02-14T16:49:28+00:00\",\"dateModified\":\"2025-03-31T06:11:12+00:00\",\"description\":\"Mantenimiento de ordenadores, renting de equipos inform\u00e1ticos\u2026 La empresa de inform\u00e1tica de la ciudad de Sabadell. Ofrecemos un servicio integral s.\",\"breadcrumb\":{\"@id\":\"https:\\\/\\\/www.apen.es\\\/mantenimiento-informatico\\\/informatico-sabadell\\\/#breadcrumb\"},\"inLanguage\":\"ca\",\"potentialAction\":[{\"@type\":\"ReadAction\",\"target\":[\"https:\\\/\\\/www.apen.es\\\/mantenimiento-informatico\\\/informatico-sabadell\\\/\"]}]},{\"@type\":\"BreadcrumbList\",\"@id\":\"https:\\\/\\\/www.apen.es\\\/mantenimiento-informatico\\\/informatico-sabadell\\\/#breadcrumb\",\"itemListElement\":[{\"@type\":\"ListItem\",\"position\":1,\"name\":\"Portada\",\"item\":\"https:\\\/\\\/www.apen.es\\\/\"},{\"@type\":\"ListItem\",\"position\":2,\"name\":\"Mantenimiento inform\u00e1tico\",\"item\":\"https:\\\/\\\/www.apen.es\\\/mantenimiento-informatico\\\/\"},{\"@type\":\"ListItem\",\"position\":3,\"name\":\"Inform\u00e1tico Sabadell\"}]},{\"@type\":\"WebSite\",\"@id\":\"https:\\\/\\\/www.apen.es\\\/#website\",\"url\":\"https:\\\/\\\/www.apen.es\\\/\",\"name\":\"Apen Inform\u00e1tica\",\"description\":\"Mantenimiento Inform\u00e1tico , Software de Gesti\u00f3n, Soluciones de impresi\u00f3n\",\"publisher\":{\"@id\":\"https:\\\/\\\/www.apen.es\\\/#organization\"},\"potentialAction\":[{\"@type\":\"SearchAction\",\"target\":{\"@type\":\"EntryPoint\",\"urlTemplate\":\"https:\\\/\\\/www.apen.es\\\/?s={search_term_string}\"},\"query-input\":{\"@type\":\"PropertyValueSpecification\",\"valueRequired\":true,\"valueName\":\"search_term_string\"}}],\"inLanguage\":\"ca\"},{\"@type\":\"Organization\",\"@id\":\"https:\\\/\\\/www.apen.es\\\/#organization\",\"name\":\"Apen: Soluciones inform\u00e1ticas\",\"url\":\"https:\\\/\\\/www.apen.es\\\/\",\"logo\":{\"@type\":\"ImageObject\",\"inLanguage\":\"ca\",\"@id\":\"https:\\\/\\\/www.apen.es\\\/#\\\/schema\\\/logo\\\/image\\\/\",\"url\":\"https:\\\/\\\/www.apen.es\\\/wp-content\\\/uploads\\\/2022\\\/08\\\/logo-apenok-231x82-1.png\",\"contentUrl\":\"https:\\\/\\\/www.apen.es\\\/wp-content\\\/uploads\\\/2022\\\/08\\\/logo-apenok-231x82-1.png\",\"width\":231,\"height\":82,\"caption\":\"Apen: Soluciones inform\u00e1ticas\"},\"image\":{\"@id\":\"https:\\\/\\\/www.apen.es\\\/#\\\/schema\\\/logo\\\/image\\\/\"},\"sameAs\":[\"https:\\\/\\\/www.facebook.com\\\/apensolucions\",\"https:\\\/\\\/www.youtube.com\\\/user\\\/ApenCentreInformatic\",\"https:\\\/\\\/www.linkedin.com\\\/company\\\/1021771?trk=tyah&trkInfo=clickedVerticalcompanyclickedEntityId1021771idx2-1-2tarId1464195271196tasapenin\"]}]}<\/script>\n<!-- \/ Yoast SEO plugin. -->","yoast_head_json":{"title":"Inform\u00e0tic Sabadell - Apen Inform\u00e0tica","description":"Manteniment dordinadors, r\u00e8nting dequips inform\u00e0tics\u2026 Lempresa dinform\u00e0tica de la ciutat de Sabadell. Oferim un servei integral s.","robots":{"index":"index","follow":"follow","max-snippet":"max-snippet:-1","max-image-preview":"max-image-preview:large","max-video-preview":"max-video-preview:-1"},"canonical":"https:\/\/www.apen.es\/ca\/manteniment-informatic\/informatic-sabadell\/","og_locale":"ca_ES","og_type":"article","og_title":"Inform\u00e1tico Sabadell - Apen Inform\u00e1tica","og_description":"Mantenimiento de ordenadores, renting de equipos inform\u00e1ticos\u2026 La empresa de inform\u00e1tica de la ciudad de Sabadell. Ofrecemos un servicio integral s.","og_url":"https:\/\/www.apen.es\/ca\/manteniment-informatic\/informatic-sabadell\/","og_site_name":"Apen Inform\u00e1tica","article_publisher":"https:\/\/www.facebook.com\/apensolucions","article_modified_time":"2025-03-31T06:11:12+00:00","og_image":[{"width":231,"height":82,"url":"https:\/\/www.apen.es\/wp-content\/uploads\/2016\/05\/logo-apen-231x82-trasparent.png","type":"image\/png"}],"twitter_card":"summary_large_image","twitter_misc":{"Temps estimat de lectura":"10 minuts"},"schema":{"@context":"https:\/\/schema.org","@graph":[{"@type":"WebPage","@id":"https:\/\/www.apen.es\/mantenimiento-informatico\/informatico-sabadell\/","url":"https:\/\/www.apen.es\/mantenimiento-informatico\/informatico-sabadell\/","name":"Inform\u00e0tic Sabadell - Apen Inform\u00e0tica","isPartOf":{"@id":"https:\/\/www.apen.es\/#website"},"datePublished":"2018-02-14T16:49:28+00:00","dateModified":"2025-03-31T06:11:12+00:00","description":"Manteniment dordinadors, r\u00e8nting dequips inform\u00e0tics\u2026 Lempresa dinform\u00e0tica de la ciutat de Sabadell. Oferim un servei integral s.","breadcrumb":{"@id":"https:\/\/www.apen.es\/mantenimiento-informatico\/informatico-sabadell\/#breadcrumb"},"inLanguage":"ca","potentialAction":[{"@type":"ReadAction","target":["https:\/\/www.apen.es\/mantenimiento-informatico\/informatico-sabadell\/"]}]},{"@type":"BreadcrumbList","@id":"https:\/\/www.apen.es\/mantenimiento-informatico\/informatico-sabadell\/#breadcrumb","itemListElement":[{"@type":"ListItem","position":1,"name":"Portada","item":"https:\/\/www.apen.es\/"},{"@type":"ListItem","position":2,"name":"Mantenimiento inform\u00e1tico","item":"https:\/\/www.apen.es\/mantenimiento-informatico\/"},{"@type":"ListItem","position":3,"name":"Inform\u00e1tico Sabadell"}]},{"@type":"WebSite","@id":"https:\/\/www.apen.es\/#website","url":"https:\/\/www.apen.es\/","name":"Apen Inform\u00e0tica","description":"Manteniment inform\u00e0tic , programari de gesti\u00f3, solucions d&#039;impressi\u00f3","publisher":{"@id":"https:\/\/www.apen.es\/#organization"},"potentialAction":[{"@type":"SearchAction","target":{"@type":"EntryPoint","urlTemplate":"https:\/\/www.apen.es\/?s={search_term_string}"},"query-input":{"@type":"PropertyValueSpecification","valueRequired":true,"valueName":"search_term_string"}}],"inLanguage":"ca"},{"@type":"Organization","@id":"https:\/\/www.apen.es\/#organization","name":"Apen: Solucions inform\u00e0tiques","url":"https:\/\/www.apen.es\/","logo":{"@type":"ImageObject","inLanguage":"ca","@id":"https:\/\/www.apen.es\/#\/schema\/logo\/image\/","url":"https:\/\/www.apen.es\/wp-content\/uploads\/2022\/08\/logo-apenok-231x82-1.png","contentUrl":"https:\/\/www.apen.es\/wp-content\/uploads\/2022\/08\/logo-apenok-231x82-1.png","width":231,"height":82,"caption":"Apen: Soluciones inform\u00e1ticas"},"image":{"@id":"https:\/\/www.apen.es\/#\/schema\/logo\/image\/"},"sameAs":["https:\/\/www.facebook.com\/apensolucions","https:\/\/www.youtube.com\/user\/ApenCentreInformatic","https:\/\/www.linkedin.com\/company\/1021771?trk=tyah&trkInfo=clickedVerticalcompanyclickedEntityId1021771idx2-1-2tarId1464195271196tasapenin"]}]}},"taxonomy_info":[],"featured_image_src_large":false,"author_info":{"display_name":"marqueting","author_link":"https:\/\/www.apen.es\/ca\/blog\/author\/marqueting\/"},"comment_info":0,"_links":{"self":[{"href":"https:\/\/www.apen.es\/ca\/wp-json\/wp\/v2\/pages\/8828","targetHints":{"allow":["GET"]}}],"collection":[{"href":"https:\/\/www.apen.es\/ca\/wp-json\/wp\/v2\/pages"}],"about":[{"href":"https:\/\/www.apen.es\/ca\/wp-json\/wp\/v2\/types\/page"}],"author":[{"embeddable":true,"href":"https:\/\/www.apen.es\/ca\/wp-json\/wp\/v2\/users\/4"}],"replies":[{"embeddable":true,"href":"https:\/\/www.apen.es\/ca\/wp-json\/wp\/v2\/comments?post=8828"}],"version-history":[{"count":3,"href":"https:\/\/www.apen.es\/ca\/wp-json\/wp\/v2\/pages\/8828\/revisions"}],"predecessor-version":[{"id":54458,"href":"https:\/\/www.apen.es\/ca\/wp-json\/wp\/v2\/pages\/8828\/revisions\/54458"}],"up":[{"embeddable":true,"href":"https:\/\/www.apen.es\/ca\/wp-json\/wp\/v2\/pages\/1357"}],"wp:attachment":[{"href":"https:\/\/www.apen.es\/ca\/wp-json\/wp\/v2\/media?parent=8828"}],"curies":[{"name":"wp","href":"https:\/\/api.w.org\/{rel}","templated":true}]}}