{"id":8780,"date":"2018-02-05T15:32:18","date_gmt":"2018-02-05T15:32:18","guid":{"rendered":"https:\/\/www.apen.es\/?page_id=8780"},"modified":"2025-07-09T10:14:34","modified_gmt":"2025-07-09T10:14:34","slug":"informatic-barcelona","status":"publish","type":"page","link":"https:\/\/www.apen.es\/ca\/manteniment-informatic\/informatic-barcelona\/","title":{"rendered":"Inform\u00e0tic Barcelona"},"content":{"rendered":"<p>A Apen oferim serveis de manteniment <strong>inform\u00e0tic<\/strong> per a empreses de tota la prov\u00edncia de <strong>Barcelona<\/strong><strong>. <\/strong>Oferim un servei complet, que compta amb l\u00b4atenci\u00f3 d\u00b4un professional <strong>inform\u00e0tic<\/strong> i 100% operatiu, que socupa de resoldre les avaries, problemes o dubtes que puguin tenir els clients.<br>Disposar de personal <strong>inform\u00e0tic<\/strong> professional \u00e9s imprescindible i recomanable per a qualsevol empresa, perqu\u00e8 ajuda a tenir un correcte manteniment dels equips inform\u00e0tics ia solucionar els problemes de manera m\u00e9s r\u00e0pida efica\u00e7.<\/p>\n\n\n\n<p>A Apen oferim el servei <strong>inform\u00e0tic<\/strong> per a les empreses, perqu\u00e8 sabem que \u00e9s l&#039;\u00fanica manera de protegir els equips inform\u00e0tics amb qu\u00e8 treballen de manera professional i continuada, a m\u00e9s de prestar una atenci\u00f3 al client personalitzada i immediata.<br>A Apen som especialistes en manteniment <strong>inform\u00e0tic, <\/strong>aix\u00ed com seguretat inform\u00e0tica, serveis d&#039;impressi\u00f3 i la implantaci\u00f3 del programa de gesti\u00f3 empresarial a3ERP. Abastem tota la prov\u00edncia de <strong>Barcelona<\/strong> i treballem sempre amb les millors marques del mercat, per aix\u00f2 podem garantir que fem una feina <strong>inform\u00e0tic<\/strong> professional de gran qualitat.<\/p>\n\n\n\n<p>Comptem amb m\u00e9s de 25 anys al sector <strong>inform\u00e0tic<\/strong> i prestem els nostres serveis a tota la prov\u00edncia de <strong>Barcelona, <\/strong>adaptant el manteniment inform\u00e0tic a les necessitats de cada empresa. La nostra feina es caracteritza per la implantaci\u00f3 de valors com l&#039;assessorament permanent, la facilitat per trobar la soluci\u00f3 m\u00e9s efica\u00e7 per a les necessitats dels clients i de la seva empresa, m\u00e0xima qualitat al nostre servei a preus molt competitius i comptem amb els equips inform\u00e0tics de les millors marques del mercat.<\/p>\n\n\n\n<p>El nostre servei <strong>inform\u00e0tic<\/strong> es distingeix de qualsevol altre per ser professional i estar marcat per la nostra vocaci\u00f3, esfor\u00e7 i dedicaci\u00f3, que fan que s&#039;aconsegueixi una feina ben feta ia mida, per als nostres clients.<\/p>\n\n\n\n<p>El centre operatiu d&#039;Apen es troba a Granollers, al Vall\u00e8s Oriental, per\u00f2 funcionem a tota la prov\u00edncia de <strong>Barcelona, <\/strong>Maresme i el Vall\u00e8s. A m\u00e9s de comptar amb cobertura nacional, gr\u00e0cies a la nostra xarxa de col\u00b7laboradors.<\/p>\n\n\n\n<p>Si confieu en Apen gaudireu d&#039;un servei <strong>inform\u00e0tic<\/strong> professional, amb una atenci\u00f3 personalitzada i feta a mida, tenint en compte les necessitats de la teva empresa. Es tracta d&#039;un servei <strong>inform\u00e0tic<\/strong> que est\u00e0 sempre que ho necessites, per resoldre els problemes o dubtes que puguis tenir. Gr\u00e0cies a aquest servei <strong>inform\u00e0tic<\/strong> podr\u00e0s tenir els teus equips actualitzats i totalment operatius.<\/p>\n\n\n\n<p>A m\u00e9s comptem amb tres tipus de manteniment <strong>inform\u00e0tic, <\/strong>perqu\u00e8 el client esculli la millor manera de treballar; pot comptar amb un manteniment base (senzill ia un preu competitiu), un manteniment outsourcing (adre\u00e7at a empreses que no tenen departament <strong>inform\u00e0tic<\/strong> o un manteniment <strong>inform\u00e0tic<\/strong> premium.<\/p>","protected":false},"excerpt":{"rendered":"<p>En Apen ofrecemos servicios de mantenimiento inform\u00e1tico para empresas de toda la provincia de Barcelona. Ofrecemos un servicio completo, que cuenta con la atenci\u00f3n de un profesional inform\u00e1tico y 100% operativo, que se ocupa de resolver las aver\u00edas, problemas o dudas que puedan tener los clientes.Disponer de personal inform\u00e1tico profesional es imprescindible y recomendable para&#8230;<\/p>","protected":false},"author":4,"featured_media":0,"parent":1357,"menu_order":0,"comment_status":"closed","ping_status":"closed","template":"page-servicio-informatico-2.php","meta":{"_acf_changed":false,"_kad_blocks_custom_css":"","_kad_blocks_head_custom_js":"","_kad_blocks_body_custom_js":"","_kad_blocks_footer_custom_js":"","_kad_post_transparent":"","_kad_post_title":"","_kad_post_layout":"","_kad_post_sidebar_id":"","_kad_post_content_style":"","_kad_post_vertical_padding":"","_kad_post_feature":"","_kad_post_feature_position":"","_kad_post_header":false,"_kad_post_footer":false,"_kad_post_classname":"","footnotes":""},"class_list":["post-8780","page","type-page","status-publish","hentry"],"acf":[],"yoast_head":"<!-- This site is optimized with the Yoast SEO plugin v27.4 - https:\/\/yoast.com\/product\/yoast-seo-wordpress\/ -->\n<title>Inform\u00e1tico Barcelona - Apen Inform\u00e1tica<\/title>\n<meta name=\"description\" content=\"En Apen ofrecemos servicios de mantenimiento inform\u00e1tico para empresas de toda la provincia de Barcelona. Ofrecemos un servicio completo, que cuenta con\" \/>\n<meta name=\"robots\" content=\"index, follow, max-snippet:-1, max-image-preview:large, max-video-preview:-1\" \/>\n<link rel=\"canonical\" href=\"https:\/\/www.apen.es\/ca\/manteniment-informatic\/informatic-barcelona\/\" \/>\n<meta property=\"og:locale\" content=\"ca_ES\" \/>\n<meta property=\"og:type\" content=\"article\" \/>\n<meta property=\"og:title\" content=\"Inform\u00e1tico Barcelona - Apen Inform\u00e1tica\" \/>\n<meta property=\"og:description\" content=\"En Apen ofrecemos servicios de mantenimiento inform\u00e1tico para empresas de toda la provincia de Barcelona. Ofrecemos un servicio completo, que cuenta con\" \/>\n<meta property=\"og:url\" content=\"https:\/\/www.apen.es\/ca\/manteniment-informatic\/informatic-barcelona\/\" \/>\n<meta property=\"og:site_name\" content=\"Apen Inform\u00e1tica\" \/>\n<meta property=\"article:publisher\" content=\"https:\/\/www.facebook.com\/apensolucions\" \/>\n<meta property=\"article:modified_time\" content=\"2025-07-09T10:14:34+00:00\" \/>\n<meta property=\"og:image\" content=\"https:\/\/www.apen.es\/wp-content\/uploads\/2016\/05\/logo-apen-231x82-trasparent.png\" \/>\n\t<meta property=\"og:image:width\" content=\"231\" \/>\n\t<meta property=\"og:image:height\" content=\"82\" \/>\n\t<meta property=\"og:image:type\" content=\"image\/png\" \/>\n<meta name=\"twitter:card\" content=\"summary_large_image\" \/>\n<meta name=\"twitter:label1\" content=\"Temps estimat de lectura\" \/>\n\t<meta name=\"twitter:data1\" content=\"2 minuts\" \/>\n<script type=\"application\/ld+json\" class=\"yoast-schema-graph\">{\"@context\":\"https:\\\/\\\/schema.org\",\"@graph\":[{\"@type\":\"WebPage\",\"@id\":\"https:\\\/\\\/www.apen.es\\\/mantenimiento-informatico\\\/informatico-barcelona\\\/\",\"url\":\"https:\\\/\\\/www.apen.es\\\/mantenimiento-informatico\\\/informatico-barcelona\\\/\",\"name\":\"Inform\u00e1tico Barcelona - Apen Inform\u00e1tica\",\"isPartOf\":{\"@id\":\"https:\\\/\\\/www.apen.es\\\/#website\"},\"datePublished\":\"2018-02-05T15:32:18+00:00\",\"dateModified\":\"2025-07-09T10:14:34+00:00\",\"description\":\"En Apen ofrecemos servicios de mantenimiento inform\u00e1tico para empresas de toda la provincia de Barcelona. Ofrecemos un servicio completo, que cuenta con\",\"breadcrumb\":{\"@id\":\"https:\\\/\\\/www.apen.es\\\/mantenimiento-informatico\\\/informatico-barcelona\\\/#breadcrumb\"},\"inLanguage\":\"ca\",\"potentialAction\":[{\"@type\":\"ReadAction\",\"target\":[\"https:\\\/\\\/www.apen.es\\\/mantenimiento-informatico\\\/informatico-barcelona\\\/\"]}]},{\"@type\":\"BreadcrumbList\",\"@id\":\"https:\\\/\\\/www.apen.es\\\/mantenimiento-informatico\\\/informatico-barcelona\\\/#breadcrumb\",\"itemListElement\":[{\"@type\":\"ListItem\",\"position\":1,\"name\":\"Portada\",\"item\":\"https:\\\/\\\/www.apen.es\\\/\"},{\"@type\":\"ListItem\",\"position\":2,\"name\":\"Mantenimiento inform\u00e1tico\",\"item\":\"https:\\\/\\\/www.apen.es\\\/mantenimiento-informatico\\\/\"},{\"@type\":\"ListItem\",\"position\":3,\"name\":\"Inform\u00e1tico Barcelona\"}]},{\"@type\":\"WebSite\",\"@id\":\"https:\\\/\\\/www.apen.es\\\/#website\",\"url\":\"https:\\\/\\\/www.apen.es\\\/\",\"name\":\"Apen Inform\u00e1tica\",\"description\":\"Mantenimiento Inform\u00e1tico , Software de Gesti\u00f3n, Soluciones de impresi\u00f3n\",\"publisher\":{\"@id\":\"https:\\\/\\\/www.apen.es\\\/#organization\"},\"potentialAction\":[{\"@type\":\"SearchAction\",\"target\":{\"@type\":\"EntryPoint\",\"urlTemplate\":\"https:\\\/\\\/www.apen.es\\\/?s={search_term_string}\"},\"query-input\":{\"@type\":\"PropertyValueSpecification\",\"valueRequired\":true,\"valueName\":\"search_term_string\"}}],\"inLanguage\":\"ca\"},{\"@type\":\"Organization\",\"@id\":\"https:\\\/\\\/www.apen.es\\\/#organization\",\"name\":\"Apen: Soluciones inform\u00e1ticas\",\"url\":\"https:\\\/\\\/www.apen.es\\\/\",\"logo\":{\"@type\":\"ImageObject\",\"inLanguage\":\"ca\",\"@id\":\"https:\\\/\\\/www.apen.es\\\/#\\\/schema\\\/logo\\\/image\\\/\",\"url\":\"https:\\\/\\\/www.apen.es\\\/wp-content\\\/uploads\\\/2022\\\/08\\\/logo-apenok-231x82-1.png\",\"contentUrl\":\"https:\\\/\\\/www.apen.es\\\/wp-content\\\/uploads\\\/2022\\\/08\\\/logo-apenok-231x82-1.png\",\"width\":231,\"height\":82,\"caption\":\"Apen: Soluciones inform\u00e1ticas\"},\"image\":{\"@id\":\"https:\\\/\\\/www.apen.es\\\/#\\\/schema\\\/logo\\\/image\\\/\"},\"sameAs\":[\"https:\\\/\\\/www.facebook.com\\\/apensolucions\",\"https:\\\/\\\/www.youtube.com\\\/user\\\/ApenCentreInformatic\",\"https:\\\/\\\/www.linkedin.com\\\/company\\\/1021771?trk=tyah&trkInfo=clickedVerticalcompanyclickedEntityId1021771idx2-1-2tarId1464195271196tasapenin\"]}]}<\/script>\n<!-- \/ Yoast SEO plugin. -->","yoast_head_json":{"title":"Inform\u00e0tic Barcelona - Apen Inform\u00e0tica","description":"A Apen oferim serveis de manteniment inform\u00e0tic per a empreses de tota la prov\u00edncia de Barcelona. Oferim un servei complet, que compta amb","robots":{"index":"index","follow":"follow","max-snippet":"max-snippet:-1","max-image-preview":"max-image-preview:large","max-video-preview":"max-video-preview:-1"},"canonical":"https:\/\/www.apen.es\/ca\/manteniment-informatic\/informatic-barcelona\/","og_locale":"ca_ES","og_type":"article","og_title":"Inform\u00e1tico Barcelona - Apen Inform\u00e1tica","og_description":"En Apen ofrecemos servicios de mantenimiento inform\u00e1tico para empresas de toda la provincia de Barcelona. Ofrecemos un servicio completo, que cuenta con","og_url":"https:\/\/www.apen.es\/ca\/manteniment-informatic\/informatic-barcelona\/","og_site_name":"Apen Inform\u00e1tica","article_publisher":"https:\/\/www.facebook.com\/apensolucions","article_modified_time":"2025-07-09T10:14:34+00:00","og_image":[{"width":231,"height":82,"url":"https:\/\/www.apen.es\/wp-content\/uploads\/2016\/05\/logo-apen-231x82-trasparent.png","type":"image\/png"}],"twitter_card":"summary_large_image","twitter_misc":{"Temps estimat de lectura":"2 minuts"},"schema":{"@context":"https:\/\/schema.org","@graph":[{"@type":"WebPage","@id":"https:\/\/www.apen.es\/mantenimiento-informatico\/informatico-barcelona\/","url":"https:\/\/www.apen.es\/mantenimiento-informatico\/informatico-barcelona\/","name":"Inform\u00e0tic Barcelona - Apen Inform\u00e0tica","isPartOf":{"@id":"https:\/\/www.apen.es\/#website"},"datePublished":"2018-02-05T15:32:18+00:00","dateModified":"2025-07-09T10:14:34+00:00","description":"A Apen oferim serveis de manteniment inform\u00e0tic per a empreses de tota la prov\u00edncia de Barcelona. Oferim un servei complet, que compta amb","breadcrumb":{"@id":"https:\/\/www.apen.es\/mantenimiento-informatico\/informatico-barcelona\/#breadcrumb"},"inLanguage":"ca","potentialAction":[{"@type":"ReadAction","target":["https:\/\/www.apen.es\/mantenimiento-informatico\/informatico-barcelona\/"]}]},{"@type":"BreadcrumbList","@id":"https:\/\/www.apen.es\/mantenimiento-informatico\/informatico-barcelona\/#breadcrumb","itemListElement":[{"@type":"ListItem","position":1,"name":"Portada","item":"https:\/\/www.apen.es\/"},{"@type":"ListItem","position":2,"name":"Mantenimiento inform\u00e1tico","item":"https:\/\/www.apen.es\/mantenimiento-informatico\/"},{"@type":"ListItem","position":3,"name":"Inform\u00e1tico Barcelona"}]},{"@type":"WebSite","@id":"https:\/\/www.apen.es\/#website","url":"https:\/\/www.apen.es\/","name":"Apen Inform\u00e0tica","description":"Manteniment inform\u00e0tic , programari de gesti\u00f3, solucions d&#039;impressi\u00f3","publisher":{"@id":"https:\/\/www.apen.es\/#organization"},"potentialAction":[{"@type":"SearchAction","target":{"@type":"EntryPoint","urlTemplate":"https:\/\/www.apen.es\/?s={search_term_string}"},"query-input":{"@type":"PropertyValueSpecification","valueRequired":true,"valueName":"search_term_string"}}],"inLanguage":"ca"},{"@type":"Organization","@id":"https:\/\/www.apen.es\/#organization","name":"Apen: Solucions inform\u00e0tiques","url":"https:\/\/www.apen.es\/","logo":{"@type":"ImageObject","inLanguage":"ca","@id":"https:\/\/www.apen.es\/#\/schema\/logo\/image\/","url":"https:\/\/www.apen.es\/wp-content\/uploads\/2022\/08\/logo-apenok-231x82-1.png","contentUrl":"https:\/\/www.apen.es\/wp-content\/uploads\/2022\/08\/logo-apenok-231x82-1.png","width":231,"height":82,"caption":"Apen: Soluciones inform\u00e1ticas"},"image":{"@id":"https:\/\/www.apen.es\/#\/schema\/logo\/image\/"},"sameAs":["https:\/\/www.facebook.com\/apensolucions","https:\/\/www.youtube.com\/user\/ApenCentreInformatic","https:\/\/www.linkedin.com\/company\/1021771?trk=tyah&trkInfo=clickedVerticalcompanyclickedEntityId1021771idx2-1-2tarId1464195271196tasapenin"]}]}},"taxonomy_info":[],"featured_image_src_large":false,"author_info":{"display_name":"marqueting","author_link":"https:\/\/www.apen.es\/ca\/blog\/author\/marqueting\/"},"comment_info":0,"_links":{"self":[{"href":"https:\/\/www.apen.es\/ca\/wp-json\/wp\/v2\/pages\/8780","targetHints":{"allow":["GET"]}}],"collection":[{"href":"https:\/\/www.apen.es\/ca\/wp-json\/wp\/v2\/pages"}],"about":[{"href":"https:\/\/www.apen.es\/ca\/wp-json\/wp\/v2\/types\/page"}],"author":[{"embeddable":true,"href":"https:\/\/www.apen.es\/ca\/wp-json\/wp\/v2\/users\/4"}],"replies":[{"embeddable":true,"href":"https:\/\/www.apen.es\/ca\/wp-json\/wp\/v2\/comments?post=8780"}],"version-history":[{"count":2,"href":"https:\/\/www.apen.es\/ca\/wp-json\/wp\/v2\/pages\/8780\/revisions"}],"predecessor-version":[{"id":55981,"href":"https:\/\/www.apen.es\/ca\/wp-json\/wp\/v2\/pages\/8780\/revisions\/55981"}],"up":[{"embeddable":true,"href":"https:\/\/www.apen.es\/ca\/wp-json\/wp\/v2\/pages\/1357"}],"wp:attachment":[{"href":"https:\/\/www.apen.es\/ca\/wp-json\/wp\/v2\/media?parent=8780"}],"curies":[{"name":"wp","href":"https:\/\/api.w.org\/{rel}","templated":true}]}}