{"id":8744,"date":"2018-02-02T15:02:17","date_gmt":"2018-02-02T15:02:17","guid":{"rendered":"https:\/\/www.apen.es\/?page_id=8744"},"modified":"2025-03-31T06:54:26","modified_gmt":"2025-03-31T06:54:26","slug":"informatic","status":"publish","type":"page","link":"https:\/\/www.apen.es\/ca\/mantenimiento-informatico\/informatico\/","title":{"rendered":"Inform\u00e0tic"},"content":{"rendered":"<p>Apen ofereix serveis de manteniment&nbsp;<strong>inform\u00e0tic<\/strong>&nbsp;per a les empreses, amb la finalitat dajudar-les a treballar amb equips professionals, que suportin un alt rendiment de treball. A m\u00e9s, a Apen mantenim el contacte amb els nostres clients enviant, sempre que calgui, un professional&nbsp;<strong>inform\u00e0tic<\/strong>&nbsp;que estan sempre operatius, per resoldre dubtes, problemes o avaries en els equips inform\u00e0tics. Oferim serveis de manteniment&nbsp;<strong>inform\u00e0tic<\/strong>&nbsp;que s&#039;adapten a les empreses, perqu\u00e8 creiem que personalitzar els nostres serveis ens ajuda a solucionar millor els problemes, dubtes, avaries o situacions de cadascun dels nostres clients. Amb m\u00e9s de 25 anys d&#039;experi\u00e8ncia al sector&nbsp;<strong>inform\u00e0tic<\/strong>, hem pogut veure com funcionen milers d&#039;empreses, cosa que ens ajuda a seguir millorant el nostre suport inform\u00e0tic i tots els nostres serveis, entre els quals hi ha, a m\u00e9s del manteniment inform\u00e0tic, la seguretat inform\u00e0tica, la implantaci\u00f3 del sistema de gesti\u00f3 empresarial a3ERP o els serveis d&#039;impressi\u00f3.<\/p>\n\n\n\n<p>Si l&#039;empresa t\u00e9 un problema al vostre equip, la millor persona per resoldre&#039;l \u00e9s un&nbsp;<strong>inform\u00e0tic<\/strong>&nbsp;amb experi\u00e8ncia, que pugui distingir de quina avaria es tracta i trobar la millor soluci\u00f3 per evitar problemes i riscos en els equips inform\u00e0tics.<\/p>\n\n\n\n<p>La manca de coneixement o la poca paci\u00e8ncia fa que moltes empreses intentin resoldre els seus propis problemes inform\u00e0tics, per\u00f2 no sempre s&#039;acaba b\u00e9. Aix\u00f2 resulta completament normal, ja que hi ha avaries que nom\u00e9s les pot entendre una persona que ent\u00e9n aquest mateix idioma, els tecnicismes, els codis, els tipus d&#039;errors, etc. \u00c9s un professional&nbsp;<strong>inform\u00e0tic<\/strong>.<\/p>\n\n\n\n<p>A Apen pots gaudir d&#039;un servei de manteniment, tractant-se d&#039;un recurs intel\u00b7ligent i una inversi\u00f3 de futur, perqu\u00e8 all\u00f2 que pagues avui no ho pagar\u00e0s el dia de dem\u00e0, quan et trobis en un tipus de situaci\u00f3, que nom\u00e9s un&nbsp;<strong>inform\u00e0tic<\/strong>&nbsp;professional expert en la mat\u00e8ria, ser\u00e0 capa\u00e7 de resoldre.<\/p>\n\n\n\n<p>A m\u00e9s, per a qualsevol petit problema o dubte tamb\u00e9 podr\u00e0s comptar amb el seu suport, de manera que et permetr\u00e0 resoldre petits dubtes del dia a dia, gr\u00e0cies a la seva ajuda telef\u00f2nica per exemple.<\/p>\n\n\n\n<p>Amb el suport i lajuda dun t\u00e8cnic&nbsp;<strong>inform\u00e0tic<\/strong>&nbsp;d&#039;Apen, comptes amb un servei de qualitat i experimentat que compta amb la capacitat d&#039;adaptar-se a les necessitats i requisits de cada empresa, mitjan\u00e7ant els tres tipus de manteniment que oferim a Apen:<\/p>\n\n\n\n<p>El manteniment Base; Un manteniment b\u00e0sic, per comptar amb un petit suport a la teva empresa, que es pot complementar amb altres serveis.<\/p>\n\n\n\n<p>El manteniment Outsourcing; Compte amb el suport de personal altament qualificat i est\u00e0 dissenyat per a aquelles empreses que no tenen departament&nbsp;<strong>inform\u00e0tic<\/strong>, aix\u00ed com grans corporacions que volen completar el seu.<\/p>\n\n\n\n<p>El manteniment Premium SPC; \u00c9s un servei de qualitat basat en la monitoritzaci\u00f3 dels sistemes, en la prevenci\u00f3 i en la nostra pr\u00f2pia experi\u00e8ncia, que permet a l&#039;empresa reduir despeses i guanyar valor afegit al servei.<\/p>","protected":false},"excerpt":{"rendered":"<p>Apen ofrece servicios de mantenimiento&nbsp;inform\u00e1tico&nbsp;para las empresas, con la finalidad de ayudarlas a trabajar con equipos profesionales, que soporten un alto rendimiento de trabajo. Adem\u00e1s, en Apen mantenemos el contacto con nuestros clientes enviando, siempre que es necesario, a un profesional&nbsp;inform\u00e1tico&nbsp;que est\u00e1n siempre operativos, para solventar dudas, problemas o aver\u00edas en los equipos inform\u00e1ticos.Ofrecemos servicios&#8230;<\/p>","protected":false},"author":4,"featured_media":0,"parent":1357,"menu_order":0,"comment_status":"closed","ping_status":"closed","template":"page-servicio-informatico.php","meta":{"_acf_changed":false,"_kad_blocks_custom_css":"","_kad_blocks_head_custom_js":"","_kad_blocks_body_custom_js":"","_kad_blocks_footer_custom_js":"","_kad_post_transparent":"","_kad_post_title":"","_kad_post_layout":"","_kad_post_sidebar_id":"","_kad_post_content_style":"","_kad_post_vertical_padding":"","_kad_post_feature":"","_kad_post_feature_position":"","_kad_post_header":false,"_kad_post_footer":false,"_kad_post_classname":"","footnotes":""},"class_list":["post-8744","page","type-page","status-publish","hentry"],"acf":[],"yoast_head":"<!-- This site is optimized with the Yoast SEO plugin v27.4 - https:\/\/yoast.com\/product\/yoast-seo-wordpress\/ -->\n<title>Inform\u00e1tico - Apen Inform\u00e1tica<\/title>\n<meta name=\"description\" content=\"Mantenimiento de ordenadores, renting de equipos inform\u00e1ticos\u2026 La empresa de inform\u00e1tica de la provincia de Barcelona. \u00a1Digitalizamos tu empresa!\" \/>\n<meta name=\"robots\" content=\"index, follow, max-snippet:-1, max-image-preview:large, max-video-preview:-1\" \/>\n<link rel=\"canonical\" href=\"https:\/\/www.apen.es\/ca\/manteniment-informatic\/informatic\/\" \/>\n<meta property=\"og:locale\" content=\"ca_ES\" \/>\n<meta property=\"og:type\" content=\"article\" \/>\n<meta property=\"og:title\" content=\"Inform\u00e1tico - Apen Inform\u00e1tica\" \/>\n<meta property=\"og:description\" content=\"Mantenimiento de ordenadores, renting de equipos inform\u00e1ticos\u2026 La empresa de inform\u00e1tica de la provincia de Barcelona. \u00a1Digitalizamos tu empresa!\" \/>\n<meta property=\"og:url\" content=\"https:\/\/www.apen.es\/ca\/manteniment-informatic\/informatic\/\" \/>\n<meta property=\"og:site_name\" content=\"Apen Inform\u00e1tica\" \/>\n<meta property=\"article:publisher\" content=\"https:\/\/www.facebook.com\/apensolucions\" \/>\n<meta property=\"article:modified_time\" content=\"2025-03-31T06:54:26+00:00\" \/>\n<meta property=\"og:image\" content=\"https:\/\/www.apen.es\/wp-content\/uploads\/2016\/05\/logo-apen-231x82-trasparent.png\" \/>\n\t<meta property=\"og:image:width\" content=\"231\" \/>\n\t<meta property=\"og:image:height\" content=\"82\" \/>\n\t<meta property=\"og:image:type\" content=\"image\/png\" \/>\n<meta name=\"twitter:card\" content=\"summary_large_image\" \/>\n<meta name=\"twitter:label1\" content=\"Temps estimat de lectura\" \/>\n\t<meta name=\"twitter:data1\" content=\"10 minuts\" \/>\n<script type=\"application\/ld+json\" class=\"yoast-schema-graph\">{\"@context\":\"https:\\\/\\\/schema.org\",\"@graph\":[{\"@type\":\"WebPage\",\"@id\":\"https:\\\/\\\/www.apen.es\\\/mantenimiento-informatico\\\/informatico\\\/\",\"url\":\"https:\\\/\\\/www.apen.es\\\/mantenimiento-informatico\\\/informatico\\\/\",\"name\":\"Inform\u00e1tico - Apen Inform\u00e1tica\",\"isPartOf\":{\"@id\":\"https:\\\/\\\/www.apen.es\\\/#website\"},\"datePublished\":\"2018-02-02T15:02:17+00:00\",\"dateModified\":\"2025-03-31T06:54:26+00:00\",\"description\":\"Mantenimiento de ordenadores, renting de equipos inform\u00e1ticos\u2026 La empresa de inform\u00e1tica de la provincia de Barcelona. \u00a1Digitalizamos tu empresa!\",\"breadcrumb\":{\"@id\":\"https:\\\/\\\/www.apen.es\\\/mantenimiento-informatico\\\/informatico\\\/#breadcrumb\"},\"inLanguage\":\"ca\",\"potentialAction\":[{\"@type\":\"ReadAction\",\"target\":[\"https:\\\/\\\/www.apen.es\\\/mantenimiento-informatico\\\/informatico\\\/\"]}]},{\"@type\":\"BreadcrumbList\",\"@id\":\"https:\\\/\\\/www.apen.es\\\/mantenimiento-informatico\\\/informatico\\\/#breadcrumb\",\"itemListElement\":[{\"@type\":\"ListItem\",\"position\":1,\"name\":\"Portada\",\"item\":\"https:\\\/\\\/www.apen.es\\\/\"},{\"@type\":\"ListItem\",\"position\":2,\"name\":\"Mantenimiento inform\u00e1tico\",\"item\":\"https:\\\/\\\/www.apen.es\\\/mantenimiento-informatico\\\/\"},{\"@type\":\"ListItem\",\"position\":3,\"name\":\"Inform\u00e1tico\"}]},{\"@type\":\"WebSite\",\"@id\":\"https:\\\/\\\/www.apen.es\\\/#website\",\"url\":\"https:\\\/\\\/www.apen.es\\\/\",\"name\":\"Apen Inform\u00e1tica\",\"description\":\"Mantenimiento Inform\u00e1tico , Software de Gesti\u00f3n, Soluciones de impresi\u00f3n\",\"publisher\":{\"@id\":\"https:\\\/\\\/www.apen.es\\\/#organization\"},\"potentialAction\":[{\"@type\":\"SearchAction\",\"target\":{\"@type\":\"EntryPoint\",\"urlTemplate\":\"https:\\\/\\\/www.apen.es\\\/?s={search_term_string}\"},\"query-input\":{\"@type\":\"PropertyValueSpecification\",\"valueRequired\":true,\"valueName\":\"search_term_string\"}}],\"inLanguage\":\"ca\"},{\"@type\":\"Organization\",\"@id\":\"https:\\\/\\\/www.apen.es\\\/#organization\",\"name\":\"Apen: Soluciones inform\u00e1ticas\",\"url\":\"https:\\\/\\\/www.apen.es\\\/\",\"logo\":{\"@type\":\"ImageObject\",\"inLanguage\":\"ca\",\"@id\":\"https:\\\/\\\/www.apen.es\\\/#\\\/schema\\\/logo\\\/image\\\/\",\"url\":\"https:\\\/\\\/www.apen.es\\\/wp-content\\\/uploads\\\/2022\\\/08\\\/logo-apenok-231x82-1.png\",\"contentUrl\":\"https:\\\/\\\/www.apen.es\\\/wp-content\\\/uploads\\\/2022\\\/08\\\/logo-apenok-231x82-1.png\",\"width\":231,\"height\":82,\"caption\":\"Apen: Soluciones inform\u00e1ticas\"},\"image\":{\"@id\":\"https:\\\/\\\/www.apen.es\\\/#\\\/schema\\\/logo\\\/image\\\/\"},\"sameAs\":[\"https:\\\/\\\/www.facebook.com\\\/apensolucions\",\"https:\\\/\\\/www.youtube.com\\\/user\\\/ApenCentreInformatic\",\"https:\\\/\\\/www.linkedin.com\\\/company\\\/1021771?trk=tyah&trkInfo=clickedVerticalcompanyclickedEntityId1021771idx2-1-2tarId1464195271196tasapenin\"]}]}<\/script>\n<!-- \/ Yoast SEO plugin. -->","yoast_head_json":{"title":"Inform\u00e0tic - Apen Inform\u00e0tica","description":"Manteniment dordinadors, r\u00e8nting dequips inform\u00e0tics\u2026 Lempresa dinform\u00e0tica de la prov\u00edncia de Barcelona. Digitalitzem la teva empresa!","robots":{"index":"index","follow":"follow","max-snippet":"max-snippet:-1","max-image-preview":"max-image-preview:large","max-video-preview":"max-video-preview:-1"},"canonical":"https:\/\/www.apen.es\/ca\/manteniment-informatic\/informatic\/","og_locale":"ca_ES","og_type":"article","og_title":"Inform\u00e1tico - Apen Inform\u00e1tica","og_description":"Mantenimiento de ordenadores, renting de equipos inform\u00e1ticos\u2026 La empresa de inform\u00e1tica de la provincia de Barcelona. \u00a1Digitalizamos tu empresa!","og_url":"https:\/\/www.apen.es\/ca\/manteniment-informatic\/informatic\/","og_site_name":"Apen Inform\u00e1tica","article_publisher":"https:\/\/www.facebook.com\/apensolucions","article_modified_time":"2025-03-31T06:54:26+00:00","og_image":[{"width":231,"height":82,"url":"https:\/\/www.apen.es\/wp-content\/uploads\/2016\/05\/logo-apen-231x82-trasparent.png","type":"image\/png"}],"twitter_card":"summary_large_image","twitter_misc":{"Temps estimat de lectura":"10 minuts"},"schema":{"@context":"https:\/\/schema.org","@graph":[{"@type":"WebPage","@id":"https:\/\/www.apen.es\/mantenimiento-informatico\/informatico\/","url":"https:\/\/www.apen.es\/mantenimiento-informatico\/informatico\/","name":"Inform\u00e0tic - Apen Inform\u00e0tica","isPartOf":{"@id":"https:\/\/www.apen.es\/#website"},"datePublished":"2018-02-02T15:02:17+00:00","dateModified":"2025-03-31T06:54:26+00:00","description":"Manteniment dordinadors, r\u00e8nting dequips inform\u00e0tics\u2026 Lempresa dinform\u00e0tica de la prov\u00edncia de Barcelona. Digitalitzem la teva empresa!","breadcrumb":{"@id":"https:\/\/www.apen.es\/mantenimiento-informatico\/informatico\/#breadcrumb"},"inLanguage":"ca","potentialAction":[{"@type":"ReadAction","target":["https:\/\/www.apen.es\/mantenimiento-informatico\/informatico\/"]}]},{"@type":"BreadcrumbList","@id":"https:\/\/www.apen.es\/mantenimiento-informatico\/informatico\/#breadcrumb","itemListElement":[{"@type":"ListItem","position":1,"name":"Portada","item":"https:\/\/www.apen.es\/"},{"@type":"ListItem","position":2,"name":"Mantenimiento inform\u00e1tico","item":"https:\/\/www.apen.es\/mantenimiento-informatico\/"},{"@type":"ListItem","position":3,"name":"Inform\u00e1tico"}]},{"@type":"WebSite","@id":"https:\/\/www.apen.es\/#website","url":"https:\/\/www.apen.es\/","name":"Apen Inform\u00e0tica","description":"Manteniment inform\u00e0tic , programari de gesti\u00f3, solucions d&#039;impressi\u00f3","publisher":{"@id":"https:\/\/www.apen.es\/#organization"},"potentialAction":[{"@type":"SearchAction","target":{"@type":"EntryPoint","urlTemplate":"https:\/\/www.apen.es\/?s={search_term_string}"},"query-input":{"@type":"PropertyValueSpecification","valueRequired":true,"valueName":"search_term_string"}}],"inLanguage":"ca"},{"@type":"Organization","@id":"https:\/\/www.apen.es\/#organization","name":"Apen: Solucions inform\u00e0tiques","url":"https:\/\/www.apen.es\/","logo":{"@type":"ImageObject","inLanguage":"ca","@id":"https:\/\/www.apen.es\/#\/schema\/logo\/image\/","url":"https:\/\/www.apen.es\/wp-content\/uploads\/2022\/08\/logo-apenok-231x82-1.png","contentUrl":"https:\/\/www.apen.es\/wp-content\/uploads\/2022\/08\/logo-apenok-231x82-1.png","width":231,"height":82,"caption":"Apen: Soluciones inform\u00e1ticas"},"image":{"@id":"https:\/\/www.apen.es\/#\/schema\/logo\/image\/"},"sameAs":["https:\/\/www.facebook.com\/apensolucions","https:\/\/www.youtube.com\/user\/ApenCentreInformatic","https:\/\/www.linkedin.com\/company\/1021771?trk=tyah&trkInfo=clickedVerticalcompanyclickedEntityId1021771idx2-1-2tarId1464195271196tasapenin"]}]}},"taxonomy_info":[],"featured_image_src_large":false,"author_info":{"display_name":"marqueting","author_link":"https:\/\/www.apen.es\/ca\/blog\/author\/marqueting\/"},"comment_info":0,"_links":{"self":[{"href":"https:\/\/www.apen.es\/ca\/wp-json\/wp\/v2\/pages\/8744","targetHints":{"allow":["GET"]}}],"collection":[{"href":"https:\/\/www.apen.es\/ca\/wp-json\/wp\/v2\/pages"}],"about":[{"href":"https:\/\/www.apen.es\/ca\/wp-json\/wp\/v2\/types\/page"}],"author":[{"embeddable":true,"href":"https:\/\/www.apen.es\/ca\/wp-json\/wp\/v2\/users\/4"}],"replies":[{"embeddable":true,"href":"https:\/\/www.apen.es\/ca\/wp-json\/wp\/v2\/comments?post=8744"}],"version-history":[{"count":2,"href":"https:\/\/www.apen.es\/ca\/wp-json\/wp\/v2\/pages\/8744\/revisions"}],"predecessor-version":[{"id":54545,"href":"https:\/\/www.apen.es\/ca\/wp-json\/wp\/v2\/pages\/8744\/revisions\/54545"}],"up":[{"embeddable":true,"href":"https:\/\/www.apen.es\/ca\/wp-json\/wp\/v2\/pages\/1357"}],"wp:attachment":[{"href":"https:\/\/www.apen.es\/ca\/wp-json\/wp\/v2\/media?parent=8744"}],"curies":[{"name":"wp","href":"https:\/\/api.w.org\/{rel}","templated":true}]}}