{"id":8508,"date":"2017-12-29T11:15:33","date_gmt":"2017-12-29T11:15:33","guid":{"rendered":"https:\/\/www.apen.es\/?page_id=8508"},"modified":"2025-07-09T11:31:40","modified_gmt":"2025-07-09T11:31:40","slug":"renting-equips-informatics","status":"publish","type":"page","link":"https:\/\/www.apen.es\/ca\/renting-ordenadores\/renting-equipos-informaticos\/","title":{"rendered":"R\u00e8nting equips inform\u00e0tics"},"content":{"rendered":"<p>Apen est\u00e0 especialitzat en la seguretat i el manteniment inform\u00e0tic, aportant solucions i serveis <strong>inform\u00e0tics<\/strong>, per ajudar i assessorar la PIME en tot el que sigui possible. Un dels serveis que m\u00e9s \u00e8xit t\u00e9 \u00e9s el de <strong>r\u00e8nting<\/strong> de <strong>equips<\/strong> <strong>inform\u00e0tics<\/strong>, perqu\u00e8 l&#039;empresa pugui disposar d&#039;ordinadors professionals des del primer dia, sense necessitat de realitzar una gran inversi\u00f3 inicial i organitzant millor la seva capital, per all\u00f2 que necessiti m\u00e9s urg\u00e8ncia. <strong>r\u00e8nting<\/strong> de <strong>equips<\/strong> <strong>inform\u00e0tics<\/strong> \u00e9s un servei de lloguer d&#039;ordinadors que ajuda a estalviar costos a l&#039;empresa, comptant amb una quota fixa per poder-ne disposar <strong>equips inform\u00e0tics<\/strong> i dun manteniment t\u00e8cnic, sempre que sigui necessari.<\/p>\n\n\n\n<p>A Apen ajudem la petita i mitjana empresa, perqu\u00e8 puguin disposar dels millors <strong>equips inform\u00e0tics<\/strong> d&#039;una manera senzilla i m\u00e9s justa, adaptant-nos a les necessitats que tenen a cada moment i facilitant el proc\u00e9s, sempre que ens sigui possible.<\/p>\n\n\n\n<p>Posem a disposici\u00f3 del client un proc\u00e9s de finan\u00e7ament que pot anar dels 24 als 72 mesos, essent un tipus de quota fixa, amb el finan\u00e7ament integral als equips inform\u00e0tics.<\/p>\n\n\n\n<p>A <strong>r\u00e8nting<\/strong> d&#039;equips inform\u00e0tics d&#039;Apen \u00e9s un servei tecnol\u00f2gic perfecte per a PIMEs, ja que poden comptar amb un gran servei a baix cost, podent adaptar-los <strong>equips inform\u00e0tics<\/strong> que tenen les necessitats reals de la seva empresa, sense necessitat de desemborsar una gran inversi\u00f3 inicial.<\/p>\n\n\n\n<p>El <strong>r\u00e8nting<\/strong> d&#039;equips inform\u00e0tics d&#039;Apen representa un nou model de consum, perqu\u00e8 es paga per l&#039;\u00fas que es fa del producte i no per adquirir-lo, creant un servei m\u00e9s just i m\u00e9s econ\u00f2mic, que crea un \u00fas m\u00e9s sostenible dels productes.<\/p>\n\n\n\n<p>Si decideixes contractar el servei de <strong>r\u00e8nting<\/strong> de <strong>equips inform\u00e0tics<\/strong> d&#039;Apen aconseguir\u00e0s obtenir les millors solucions inform\u00e0tiques i podr\u00e0s estalviar molts m\u00e9s diners del que ho fas ara, tenint un servei molt m\u00e9s adaptat al que la teva empresa necessita.<\/p>\n\n\n\n<p>Descobreix totes les possibilitats que pot aportar <strong>r\u00e8nting<\/strong> a la teva empresa, com ara millorar en la productivitat, la gesti\u00f3 de pressupost i oblidar-te del manteniment t\u00e8cnic, at\u00e8s que a Apen t&#039;oferim un servei de monitoritzaci\u00f3 remot i reparacions d&#039;avaries, aix\u00ed com un manteniment preventiu.<\/p>\n\n\n\n<p>Podr\u00e0s contractar el servei de <strong>r\u00e8nting<\/strong> d&#039;ordinadors amb les millors marques del mercat, sempre que s&#039;adaptin a les necessitats de la teva empresa i gaudir d&#039;un servei complet a un cost menor, fet que suposa la compra d&#039;aquests <strong>equips inform\u00e0tics<\/strong>, tenint en compte que potser tens intenci\u00f3 de canviar en pocs anys.<\/p>","protected":false},"excerpt":{"rendered":"<p>Apen est\u00e1 especializado en la seguridad y el mantenimiento inform\u00e1tico, aportando soluciones y servicios inform\u00e1ticos, para ayudar y asesorar a la PYME en todo lo que sea posible.Uno de los servicios que m\u00e1s \u00e9xito tiene es el de renting de equipos inform\u00e1ticos, para que la empresa pueda disponer de ordenadores profesionales desde el primer d\u00eda,&#8230;<\/p>","protected":false},"author":4,"featured_media":0,"parent":6256,"menu_order":0,"comment_status":"closed","ping_status":"closed","template":"page-renting-equipos-informatico-2.php","meta":{"_acf_changed":false,"_kad_blocks_custom_css":"","_kad_blocks_head_custom_js":"","_kad_blocks_body_custom_js":"","_kad_blocks_footer_custom_js":"","_kad_post_transparent":"","_kad_post_title":"","_kad_post_layout":"","_kad_post_sidebar_id":"","_kad_post_content_style":"","_kad_post_vertical_padding":"","_kad_post_feature":"","_kad_post_feature_position":"","_kad_post_header":false,"_kad_post_footer":false,"_kad_post_classname":"","footnotes":""},"class_list":["post-8508","page","type-page","status-publish","hentry"],"acf":[],"yoast_head":"<!-- This site is optimized with the Yoast SEO plugin v27.4 - https:\/\/yoast.com\/product\/yoast-seo-wordpress\/ -->\n<title>Renting equipos inform\u00e1ticos - Apen Inform\u00e1tica<\/title>\n<meta name=\"description\" content=\"Empresa especializada en renting de equipos inform\u00e1ticos. Mantenimiento de ordenadores, renting de equipos inform\u00e1ticos\u2026 La empresa de inform\u00e1tica l\u00edder.\" \/>\n<meta name=\"robots\" content=\"index, follow, max-snippet:-1, max-image-preview:large, max-video-preview:-1\" \/>\n<link rel=\"canonical\" href=\"https:\/\/www.apen.es\/ca\/renting-ordinadors\/renting-equips-informatics\/\" \/>\n<meta property=\"og:locale\" content=\"ca_ES\" \/>\n<meta property=\"og:type\" content=\"article\" \/>\n<meta property=\"og:title\" content=\"Renting equipos inform\u00e1ticos - Apen Inform\u00e1tica\" \/>\n<meta property=\"og:description\" content=\"Empresa especializada en renting de equipos inform\u00e1ticos. Mantenimiento de ordenadores, renting de equipos inform\u00e1ticos\u2026 La empresa de inform\u00e1tica l\u00edder.\" \/>\n<meta property=\"og:url\" content=\"https:\/\/www.apen.es\/ca\/renting-ordinadors\/renting-equips-informatics\/\" \/>\n<meta property=\"og:site_name\" content=\"Apen Inform\u00e1tica\" \/>\n<meta property=\"article:publisher\" content=\"https:\/\/www.facebook.com\/apensolucions\" \/>\n<meta property=\"article:modified_time\" content=\"2025-07-09T11:31:40+00:00\" \/>\n<meta property=\"og:image\" content=\"https:\/\/www.apen.es\/wp-content\/uploads\/2016\/05\/logo-apen-231x82-trasparent.png\" \/>\n\t<meta property=\"og:image:width\" content=\"231\" \/>\n\t<meta property=\"og:image:height\" content=\"82\" \/>\n\t<meta property=\"og:image:type\" content=\"image\/png\" \/>\n<meta name=\"twitter:card\" content=\"summary_large_image\" \/>\n<meta name=\"twitter:label1\" content=\"Temps estimat de lectura\" \/>\n\t<meta name=\"twitter:data1\" content=\"5 minuts\" \/>\n<script type=\"application\/ld+json\" class=\"yoast-schema-graph\">{\"@context\":\"https:\\\/\\\/schema.org\",\"@graph\":[{\"@type\":\"WebPage\",\"@id\":\"https:\\\/\\\/www.apen.es\\\/renting-ordenadores\\\/renting-equipos-informaticos\\\/\",\"url\":\"https:\\\/\\\/www.apen.es\\\/renting-ordenadores\\\/renting-equipos-informaticos\\\/\",\"name\":\"Renting equipos inform\u00e1ticos - Apen Inform\u00e1tica\",\"isPartOf\":{\"@id\":\"https:\\\/\\\/www.apen.es\\\/#website\"},\"datePublished\":\"2017-12-29T11:15:33+00:00\",\"dateModified\":\"2025-07-09T11:31:40+00:00\",\"description\":\"Empresa especializada en renting de equipos inform\u00e1ticos. Mantenimiento de ordenadores, renting de equipos inform\u00e1ticos\u2026 La empresa de inform\u00e1tica l\u00edder.\",\"breadcrumb\":{\"@id\":\"https:\\\/\\\/www.apen.es\\\/renting-ordenadores\\\/renting-equipos-informaticos\\\/#breadcrumb\"},\"inLanguage\":\"ca\",\"potentialAction\":[{\"@type\":\"ReadAction\",\"target\":[\"https:\\\/\\\/www.apen.es\\\/renting-ordenadores\\\/renting-equipos-informaticos\\\/\"]}]},{\"@type\":\"BreadcrumbList\",\"@id\":\"https:\\\/\\\/www.apen.es\\\/renting-ordenadores\\\/renting-equipos-informaticos\\\/#breadcrumb\",\"itemListElement\":[{\"@type\":\"ListItem\",\"position\":1,\"name\":\"Portada\",\"item\":\"https:\\\/\\\/www.apen.es\\\/\"},{\"@type\":\"ListItem\",\"position\":2,\"name\":\"Renting port\u00e1tiles y ordenadores para empresas\",\"item\":\"https:\\\/\\\/www.apen.es\\\/renting-ordenadores\\\/\"},{\"@type\":\"ListItem\",\"position\":3,\"name\":\"Renting equipos inform\u00e1ticos\"}]},{\"@type\":\"WebSite\",\"@id\":\"https:\\\/\\\/www.apen.es\\\/#website\",\"url\":\"https:\\\/\\\/www.apen.es\\\/\",\"name\":\"Apen Inform\u00e1tica\",\"description\":\"Mantenimiento Inform\u00e1tico , Software de Gesti\u00f3n, Soluciones de impresi\u00f3n\",\"publisher\":{\"@id\":\"https:\\\/\\\/www.apen.es\\\/#organization\"},\"potentialAction\":[{\"@type\":\"SearchAction\",\"target\":{\"@type\":\"EntryPoint\",\"urlTemplate\":\"https:\\\/\\\/www.apen.es\\\/?s={search_term_string}\"},\"query-input\":{\"@type\":\"PropertyValueSpecification\",\"valueRequired\":true,\"valueName\":\"search_term_string\"}}],\"inLanguage\":\"ca\"},{\"@type\":\"Organization\",\"@id\":\"https:\\\/\\\/www.apen.es\\\/#organization\",\"name\":\"Apen: Soluciones inform\u00e1ticas\",\"url\":\"https:\\\/\\\/www.apen.es\\\/\",\"logo\":{\"@type\":\"ImageObject\",\"inLanguage\":\"ca\",\"@id\":\"https:\\\/\\\/www.apen.es\\\/#\\\/schema\\\/logo\\\/image\\\/\",\"url\":\"https:\\\/\\\/www.apen.es\\\/wp-content\\\/uploads\\\/2022\\\/08\\\/logo-apenok-231x82-1.png\",\"contentUrl\":\"https:\\\/\\\/www.apen.es\\\/wp-content\\\/uploads\\\/2022\\\/08\\\/logo-apenok-231x82-1.png\",\"width\":231,\"height\":82,\"caption\":\"Apen: Soluciones inform\u00e1ticas\"},\"image\":{\"@id\":\"https:\\\/\\\/www.apen.es\\\/#\\\/schema\\\/logo\\\/image\\\/\"},\"sameAs\":[\"https:\\\/\\\/www.facebook.com\\\/apensolucions\",\"https:\\\/\\\/www.youtube.com\\\/user\\\/ApenCentreInformatic\",\"https:\\\/\\\/www.linkedin.com\\\/company\\\/1021771?trk=tyah&trkInfo=clickedVerticalcompanyclickedEntityId1021771idx2-1-2tarId1464195271196tasapenin\"]}]}<\/script>\n<!-- \/ Yoast SEO plugin. -->","yoast_head_json":{"title":"Renting equips inform\u00e0tics - Apen Inform\u00e0tica","description":"Empresa especialitzada en r\u00e8nting d&#039;equips inform\u00e0tics. Manteniment dordinadors, r\u00e8nting dequips inform\u00e0tics\u2026 Lempresa dinform\u00e0tica l\u00edder.","robots":{"index":"index","follow":"follow","max-snippet":"max-snippet:-1","max-image-preview":"max-image-preview:large","max-video-preview":"max-video-preview:-1"},"canonical":"https:\/\/www.apen.es\/ca\/renting-ordinadors\/renting-equips-informatics\/","og_locale":"ca_ES","og_type":"article","og_title":"Renting equipos inform\u00e1ticos - Apen Inform\u00e1tica","og_description":"Empresa especializada en renting de equipos inform\u00e1ticos. Mantenimiento de ordenadores, renting de equipos inform\u00e1ticos\u2026 La empresa de inform\u00e1tica l\u00edder.","og_url":"https:\/\/www.apen.es\/ca\/renting-ordinadors\/renting-equips-informatics\/","og_site_name":"Apen Inform\u00e1tica","article_publisher":"https:\/\/www.facebook.com\/apensolucions","article_modified_time":"2025-07-09T11:31:40+00:00","og_image":[{"width":231,"height":82,"url":"https:\/\/www.apen.es\/wp-content\/uploads\/2016\/05\/logo-apen-231x82-trasparent.png","type":"image\/png"}],"twitter_card":"summary_large_image","twitter_misc":{"Temps estimat de lectura":"5 minuts"},"schema":{"@context":"https:\/\/schema.org","@graph":[{"@type":"WebPage","@id":"https:\/\/www.apen.es\/renting-ordenadores\/renting-equipos-informaticos\/","url":"https:\/\/www.apen.es\/renting-ordenadores\/renting-equipos-informaticos\/","name":"Renting equips inform\u00e0tics - Apen Inform\u00e0tica","isPartOf":{"@id":"https:\/\/www.apen.es\/#website"},"datePublished":"2017-12-29T11:15:33+00:00","dateModified":"2025-07-09T11:31:40+00:00","description":"Empresa especialitzada en r\u00e8nting d&#039;equips inform\u00e0tics. Manteniment dordinadors, r\u00e8nting dequips inform\u00e0tics\u2026 Lempresa dinform\u00e0tica l\u00edder.","breadcrumb":{"@id":"https:\/\/www.apen.es\/renting-ordenadores\/renting-equipos-informaticos\/#breadcrumb"},"inLanguage":"ca","potentialAction":[{"@type":"ReadAction","target":["https:\/\/www.apen.es\/renting-ordenadores\/renting-equipos-informaticos\/"]}]},{"@type":"BreadcrumbList","@id":"https:\/\/www.apen.es\/renting-ordenadores\/renting-equipos-informaticos\/#breadcrumb","itemListElement":[{"@type":"ListItem","position":1,"name":"Portada","item":"https:\/\/www.apen.es\/"},{"@type":"ListItem","position":2,"name":"Renting port\u00e1tiles y ordenadores para empresas","item":"https:\/\/www.apen.es\/renting-ordenadores\/"},{"@type":"ListItem","position":3,"name":"Renting equipos inform\u00e1ticos"}]},{"@type":"WebSite","@id":"https:\/\/www.apen.es\/#website","url":"https:\/\/www.apen.es\/","name":"Apen Inform\u00e0tica","description":"Manteniment inform\u00e0tic , programari de gesti\u00f3, solucions d&#039;impressi\u00f3","publisher":{"@id":"https:\/\/www.apen.es\/#organization"},"potentialAction":[{"@type":"SearchAction","target":{"@type":"EntryPoint","urlTemplate":"https:\/\/www.apen.es\/?s={search_term_string}"},"query-input":{"@type":"PropertyValueSpecification","valueRequired":true,"valueName":"search_term_string"}}],"inLanguage":"ca"},{"@type":"Organization","@id":"https:\/\/www.apen.es\/#organization","name":"Apen: Solucions inform\u00e0tiques","url":"https:\/\/www.apen.es\/","logo":{"@type":"ImageObject","inLanguage":"ca","@id":"https:\/\/www.apen.es\/#\/schema\/logo\/image\/","url":"https:\/\/www.apen.es\/wp-content\/uploads\/2022\/08\/logo-apenok-231x82-1.png","contentUrl":"https:\/\/www.apen.es\/wp-content\/uploads\/2022\/08\/logo-apenok-231x82-1.png","width":231,"height":82,"caption":"Apen: Soluciones inform\u00e1ticas"},"image":{"@id":"https:\/\/www.apen.es\/#\/schema\/logo\/image\/"},"sameAs":["https:\/\/www.facebook.com\/apensolucions","https:\/\/www.youtube.com\/user\/ApenCentreInformatic","https:\/\/www.linkedin.com\/company\/1021771?trk=tyah&trkInfo=clickedVerticalcompanyclickedEntityId1021771idx2-1-2tarId1464195271196tasapenin"]}]}},"taxonomy_info":[],"featured_image_src_large":false,"author_info":{"display_name":"marqueting","author_link":"https:\/\/www.apen.es\/ca\/blog\/author\/marqueting\/"},"comment_info":0,"_links":{"self":[{"href":"https:\/\/www.apen.es\/ca\/wp-json\/wp\/v2\/pages\/8508","targetHints":{"allow":["GET"]}}],"collection":[{"href":"https:\/\/www.apen.es\/ca\/wp-json\/wp\/v2\/pages"}],"about":[{"href":"https:\/\/www.apen.es\/ca\/wp-json\/wp\/v2\/types\/page"}],"author":[{"embeddable":true,"href":"https:\/\/www.apen.es\/ca\/wp-json\/wp\/v2\/users\/4"}],"replies":[{"embeddable":true,"href":"https:\/\/www.apen.es\/ca\/wp-json\/wp\/v2\/comments?post=8508"}],"version-history":[{"count":1,"href":"https:\/\/www.apen.es\/ca\/wp-json\/wp\/v2\/pages\/8508\/revisions"}],"predecessor-version":[{"id":56012,"href":"https:\/\/www.apen.es\/ca\/wp-json\/wp\/v2\/pages\/8508\/revisions\/56012"}],"up":[{"embeddable":true,"href":"https:\/\/www.apen.es\/ca\/wp-json\/wp\/v2\/pages\/6256"}],"wp:attachment":[{"href":"https:\/\/www.apen.es\/ca\/wp-json\/wp\/v2\/media?parent=8508"}],"curies":[{"name":"wp","href":"https:\/\/api.w.org\/{rel}","templated":true}]}}