{"id":8496,"date":"2017-12-29T10:28:25","date_gmt":"2017-12-29T10:28:25","guid":{"rendered":"https:\/\/www.apen.es\/?page_id=8496"},"modified":"2025-03-31T06:10:14","modified_gmt":"2025-03-31T06:10:14","slug":"manteniment-informatic-per-a-empreses","status":"publish","type":"page","link":"https:\/\/www.apen.es\/ca\/manteniment-informatic\/manteniment-informatic-per-a-empreses\/","title":{"rendered":"Manteniment inform\u00e0tic per a empreses"},"content":{"rendered":"<p>El manteniment inform\u00e0tic per a empreses \u00e9s un dels serveis estrella d&#039;Apen, ja que estem especialitzats en el manteniment i seguretat inform\u00e0tica, a m\u00e9s d&#039;oferir altres serveis com els d&#039;impressi\u00f3 o la implantaci\u00f3 d&#039;un programari de gesti\u00f3 ERP per a empreses. Cap empresa en l&#039;actualitat pot funcionar de manera eficient sense comptar amb els equips i eines tecnol\u00f2giques necess\u00e0ries per la qual cosa no dedicar una part de la seva inversi\u00f3 a un servei fiable de manteniment inform\u00e0tic per a empreses pot generar nombrosos problemes com falles en la seguretat en l\u00ednia, desactualitzaci\u00f3 dels equips i la superaci\u00f3 per part de la compet\u00e8ncia en no estar al dia amb les possibilitats actuals per fer una feina m\u00e9s eficient.<\/p>\n\n\n\n<p>\u00c9s necessari per mantenir lefici\u00e8ncia en les empreses que els ordinadors port\u00e0tils, descriptori i dispositius m\u00f2bils romanguin en les millors condicions. Amb llargues hores d\u00fas, els ordinadors estan subjectes a un gran desgast. Tenir un equip de professionals dedicat al manteniment inform\u00e0tic per a empreses assegurar\u00e0 que tots els equips es mantinguin treballant de forma eficient, reduir\u00e0 la possibilitat de desperfectes i s&#039;assegurar\u00e0 de comptar amb les actualitzacions pertinents, tant pel que fa a l&#039;\u00fas de programari com a la seguretat en l\u00ednia.<\/p>\n\n\n\n<p>Apen promou el manteniment preventiu per evitar mals majors a les empreses. Per aix\u00f2, proposa un servei professional per dur a terme el manteniment inform\u00e0tic per a empreses, per tal d&#039;aconsellar la millor manera de mantenir el bon estat els ordinadors. Tot adequat als equips i l\u00fas que se li doni en cada cas.<\/p>\n\n\n\n<p>El servei de manteniment inform\u00e0tic per a empreses que oferim a Apen, posa a disposici\u00f3 dels clients un servei professional de qualitat, que s&#039;adapta a les necessitats de cada PIME, segons les caracter\u00edstiques i els requeriments.<\/p>\n\n\n\n<p>El treball de manteniment inform\u00e0tic per a empreses est\u00e0 realitzat pels millors t\u00e8cnics especialitzats d&#039;Apen, que aconsegueixen trobar el millor sistema de prevenci\u00f3 de riscos i fiabilitat garantida. No nom\u00e9s compten amb la m\u00e9s \u00e0mplia experi\u00e8ncia i preparaci\u00f3, tamb\u00e9 estan preparats per respondre totes les vostres preguntes i comentaris i brindar-li tota la guia i ajuda necess\u00e0ria a cadascun dels integrants de l&#039;empresa.<\/p>\n\n\n\n<p>Gaudir d&#039;un bon servei de manteniment inform\u00e0tic per a empreses \u00e9s un recurs intel\u00b7ligent, perqu\u00e8 suposa una inversi\u00f3 de futur que ens permetr\u00e0 despreocupar-nos d&#039;aquesta responsabilitat. Amb la intervenci\u00f3, ajuda i suport t\u00e8cnic, el manteniment inform\u00e0tic per a empreses, es converteix en un servei de qualitat que es pot adaptar a les exig\u00e8ncies de cada empresa, gr\u00e0cies a les tres modalitats que oferim a Apen: Manteniment Base, Manteniment Outsourcing i Manteniment Premium SPC.<\/p>\n\n\n\n<p><strong>I quin manteniment inform\u00e0tic \u00e9s el m\u00e9s adequat per a la meva empresa?<\/strong><\/p>\n\n\n\n<p>Manteniment Base: \u00c9s un manteniment inform\u00e0tic per a empreses b\u00e0sic, que es complementa amb altres serveis. Pot ser la porta dentrada per entendre les necessitats del seu negoci, mentre treballa al m\u00e0xim.<\/p>\n\n\n\n<p>Manteniment Outsourcing: Posa a l&#039;abast dels nostres clients personal qualificat sense necessitat de contractar externament el servei<\/p>\n\n\n\n<p>Manteniment Premium SPC (Suport \u2013Prevenci\u00f3- Correctiu): Ofereix un manteniment inform\u00e0tic per a empreses de qualitat, als elements IT de les empreses, i es basa en la monitoritzaci\u00f3 dels sistemes, en la prevenci\u00f3 i la nostra experi\u00e8ncia, per reduir riscos i despeses i guanyar en servei.<\/p>\n\n\n\n<p><strong>Es tracta d&#039;un manteniment inform\u00e0tic segur i assequible per a totes aquelles empreses que cerquin experts t\u00e8cnics.<\/strong><\/p>\n\n\n\n<p>D&#039;aquesta manera, el manteniment inform\u00e0tic per a empreses pot suposar un servei imprescindible per mantenir els ordinadors d&#039;una empresa en ple rendiment sense tenir ensurts o atacs de virus o problemes d&#039;avaries inesperats. Una inversi\u00f3 en manteniment inform\u00e0tic per a empreses no nom\u00e9s es tradueix en un aprofitament m\u00e9s gran dels equips i una major efic\u00e0cia en el dia a dia, sin\u00f3 que pot representar un gran alleugeriment i estalvi en evitar incidents en els seus equips o problemes de seguretat que poden crear desconfian\u00e7a dels seus clients o la paralitzaci\u00f3 de les seves operacions.<\/p>\n\n\n\n<p>A Apen t&#039;oferim un servei de manteniment inform\u00e0tic fet a mida, per ajudar-te i assessorar-te i poder mantenir en bon estat els ordinadors i sistemes inform\u00e0tics de la teva empresa, d&#039;una manera f\u00e0cil i segura. Els nostres experts estaran encantats en con\u00e8ixer les necessitats de la teva empresa, el seu funcionament en el dia a dia i els projectes a futur per oferir-vos la soluci\u00f3 que m\u00e9s s&#039;adapti, una soluci\u00f3 creada per a vost\u00e8.<\/p>\n\n\n\n<p><strong>Quins s\u00f3n els problemes m\u00e9s habituals duna empresa relacionats amb els seus equips inform\u00e0tics?<\/strong><\/p>\n\n\n\n<p>En pr\u00e0cticament totes les empreses, independentment del sector al qual es dediquin tenen equips inform\u00e0tics ja que facilita molt la feina que hem de realitzar di\u00e0riament, per\u00f2 \u00e9s important que cuidem aquests equips ja que en cas contrari, en comptes d&#039;oferir-nos beneficis per a la nostra empresa, el que ens oferir\u00e0 seran problemes els quals poden ser molt greus, per aquesta ra\u00f3, per evitar aquests problemes us recomanem que contracteu el nostre servei de manteniment. A continuaci\u00f3, descriurem quins s\u00f3n alguns dels problemes m\u00e9s habituals que us estalviareu amb aquest servei.<\/p>\n\n\n\n<p>Hi ha milers de problemes que serien impossibles d&#039;anomenar-los tots, per\u00f2 el que s\u00ed que podem dir \u00e9s que una de les causes principals de tots aquests problemes sol ser per culpa d&#039;una manca d&#039;actualitzaci\u00f3 de l&#039;ordinador o per la invasi\u00f3 d&#039;un virus. No nom\u00e9s cal pensar en un manteniment de l&#039;equip, sin\u00f3 en la prevenci\u00f3 per evitar ser v\u00edctimes d&#039;atacs de ciber delinq\u00fcents.<\/p>\n\n\n\n<p>D&#039;una banda, en el cas que els problemes siguin causats per una manca d&#039;actualitzaci\u00f3, podreu tenir problemes de lentitud, per la qual cosa demanar\u00edeu temps i diners, l&#039;ordinador pot comen\u00e7ar a emetre sons rars i ser\u00e0 molts m\u00e9s f\u00e0cil que hi hagi qualsevol tipus de problema relacionat amb la seguretat entre altres coses, per aquesta ra\u00f3, us recomanem contractar el nostre servei de manteniment inform\u00e0tic per a empreses, amb el qual de les actualitzacions les quals es pensen per millorar-ne el funcionament.<\/p>\n\n\n\n<p>D&#039;altra banda, hem comentat que els problemes m\u00e9s comuns, normalment v\u00e9nen provocats per un virus que teniu a l&#039;ordinador, i la veritat \u00e9s que la majoria de vegades que passa aix\u00f2, les empreses no se n&#039;adonen fins que no ha passat molt de temps i moltes vegades sol ser massa tard. Ja que alguns virus van actuant a poc a poc i \u00e9s dif\u00edcil detectar la seva pres\u00e8ncia tret que tingueu contractat el nostre servei de manteniment inform\u00e0tic per a empreses, d&#039;aquesta manera evitareu problemes com per exemple que us robin la informaci\u00f3 dels vostres prove\u00efdors o perdre la informaci\u00f3 dels vostres clients, la qual cosa seria un problema de gran gravetat. Tenir un equip d&#039;experts dedicats a la vigil\u00e0ncia i l&#039;actualitzaci\u00f3 de totes les mesures de seguretat evitar\u00e0 mals de cap a futur.<\/p>\n\n\n\n<p>Finalment, ens agradaria destacar que la nostra empresa Apen, porta m\u00e9s de vint-i-cinc anys oferint diferents serveis inform\u00e0tics, entre els quals hi ha el servei de manteniment inform\u00e0tic per a empreses, per la qual cosa podem dir que coneixem a la perfecci\u00f3 aquests problemes i la forma de solucionar-los depenent de l&#039;empresa, ja que sempre oferim un servei totalment personalitzat com podreu comprovar a la nostra p\u00e0gina web, nosaltres, ja que estarem encantats de poder-vos ajudar. Construirem la soluci\u00f3 ideal per a la vostra empresa i resoldrem tots els vostres dubtes, ja que comptem amb un servei al client de qualitat ia la vostra completa disposici\u00f3.<\/p>","protected":false},"excerpt":{"rendered":"<p>El mantenimiento inform\u00e1tico para empresas es uno de los servicios estrella de Apen, ya que estamos especializados en el mantenimiento y la seguridad inform\u00e1tica, adem\u00e1s de ofrecer otros servicios como los de impresi\u00f3n o la implantaci\u00f3n de un software de gesti\u00f3n ERP para empresas. Ninguna empresa en la actualidad puede funcionar de manera eficiente sin&#8230;<\/p>","protected":false},"author":4,"featured_media":0,"parent":1357,"menu_order":0,"comment_status":"closed","ping_status":"closed","template":"page-servicio-informatico.php","meta":{"_acf_changed":false,"_kad_blocks_custom_css":"","_kad_blocks_head_custom_js":"","_kad_blocks_body_custom_js":"","_kad_blocks_footer_custom_js":"","_kad_post_transparent":"","_kad_post_title":"","_kad_post_layout":"","_kad_post_sidebar_id":"","_kad_post_content_style":"","_kad_post_vertical_padding":"","_kad_post_feature":"","_kad_post_feature_position":"","_kad_post_header":false,"_kad_post_footer":false,"_kad_post_classname":"","footnotes":""},"class_list":["post-8496","page","type-page","status-publish","hentry"],"acf":[],"yoast_head":"<!-- This site is optimized with the Yoast SEO plugin v27.4 - https:\/\/yoast.com\/product\/yoast-seo-wordpress\/ -->\n<title>Mantenimiento inform\u00e1tico para empresas - Apen Inform\u00e1tica<\/title>\n<meta name=\"description\" content=\"Servicio de mantenimiento inform\u00e1tico para empresas de Barcelona. Hacemos el mantenimiento inform\u00e1tico a nivel de software y de hardware.\" \/>\n<meta name=\"robots\" content=\"index, follow, max-snippet:-1, max-image-preview:large, max-video-preview:-1\" \/>\n<link rel=\"canonical\" href=\"https:\/\/www.apen.es\/ca\/manteniment-informatic\/manteniment-informatic-per-a-empreses\/\" \/>\n<meta property=\"og:locale\" content=\"ca_ES\" \/>\n<meta property=\"og:type\" content=\"article\" \/>\n<meta property=\"og:title\" content=\"Mantenimiento inform\u00e1tico para empresas - Apen Inform\u00e1tica\" \/>\n<meta property=\"og:description\" content=\"Servicio de mantenimiento inform\u00e1tico para empresas de Barcelona. Hacemos el mantenimiento inform\u00e1tico a nivel de software y de hardware.\" \/>\n<meta property=\"og:url\" content=\"https:\/\/www.apen.es\/ca\/manteniment-informatic\/manteniment-informatic-per-a-empreses\/\" \/>\n<meta property=\"og:site_name\" content=\"Apen Inform\u00e1tica\" \/>\n<meta property=\"article:publisher\" content=\"https:\/\/www.facebook.com\/apensolucions\" \/>\n<meta property=\"article:modified_time\" content=\"2025-03-31T06:10:14+00:00\" \/>\n<meta property=\"og:image\" content=\"https:\/\/www.apen.es\/wp-content\/uploads\/2016\/05\/logo-apen-231x82-trasparent.png\" \/>\n\t<meta property=\"og:image:width\" content=\"231\" \/>\n\t<meta property=\"og:image:height\" content=\"82\" \/>\n\t<meta property=\"og:image:type\" content=\"image\/png\" \/>\n<meta name=\"twitter:card\" content=\"summary_large_image\" \/>\n<meta name=\"twitter:label1\" content=\"Temps estimat de lectura\" \/>\n\t<meta name=\"twitter:data1\" content=\"11 minuts\" \/>\n<script type=\"application\/ld+json\" class=\"yoast-schema-graph\">{\"@context\":\"https:\\\/\\\/schema.org\",\"@graph\":[{\"@type\":\"WebPage\",\"@id\":\"https:\\\/\\\/www.apen.es\\\/mantenimiento-informatico\\\/mantenimiento-informatico-para-empresas\\\/\",\"url\":\"https:\\\/\\\/www.apen.es\\\/mantenimiento-informatico\\\/mantenimiento-informatico-para-empresas\\\/\",\"name\":\"Mantenimiento inform\u00e1tico para empresas - Apen Inform\u00e1tica\",\"isPartOf\":{\"@id\":\"https:\\\/\\\/www.apen.es\\\/#website\"},\"datePublished\":\"2017-12-29T10:28:25+00:00\",\"dateModified\":\"2025-03-31T06:10:14+00:00\",\"description\":\"Servicio de mantenimiento inform\u00e1tico para empresas de Barcelona. Hacemos el mantenimiento inform\u00e1tico a nivel de software y de hardware.\",\"breadcrumb\":{\"@id\":\"https:\\\/\\\/www.apen.es\\\/mantenimiento-informatico\\\/mantenimiento-informatico-para-empresas\\\/#breadcrumb\"},\"inLanguage\":\"ca\",\"potentialAction\":[{\"@type\":\"ReadAction\",\"target\":[\"https:\\\/\\\/www.apen.es\\\/mantenimiento-informatico\\\/mantenimiento-informatico-para-empresas\\\/\"]}]},{\"@type\":\"BreadcrumbList\",\"@id\":\"https:\\\/\\\/www.apen.es\\\/mantenimiento-informatico\\\/mantenimiento-informatico-para-empresas\\\/#breadcrumb\",\"itemListElement\":[{\"@type\":\"ListItem\",\"position\":1,\"name\":\"Portada\",\"item\":\"https:\\\/\\\/www.apen.es\\\/\"},{\"@type\":\"ListItem\",\"position\":2,\"name\":\"Mantenimiento inform\u00e1tico\",\"item\":\"https:\\\/\\\/www.apen.es\\\/mantenimiento-informatico\\\/\"},{\"@type\":\"ListItem\",\"position\":3,\"name\":\"Mantenimiento inform\u00e1tico para empresas\"}]},{\"@type\":\"WebSite\",\"@id\":\"https:\\\/\\\/www.apen.es\\\/#website\",\"url\":\"https:\\\/\\\/www.apen.es\\\/\",\"name\":\"Apen Inform\u00e1tica\",\"description\":\"Mantenimiento Inform\u00e1tico , Software de Gesti\u00f3n, Soluciones de impresi\u00f3n\",\"publisher\":{\"@id\":\"https:\\\/\\\/www.apen.es\\\/#organization\"},\"potentialAction\":[{\"@type\":\"SearchAction\",\"target\":{\"@type\":\"EntryPoint\",\"urlTemplate\":\"https:\\\/\\\/www.apen.es\\\/?s={search_term_string}\"},\"query-input\":{\"@type\":\"PropertyValueSpecification\",\"valueRequired\":true,\"valueName\":\"search_term_string\"}}],\"inLanguage\":\"ca\"},{\"@type\":\"Organization\",\"@id\":\"https:\\\/\\\/www.apen.es\\\/#organization\",\"name\":\"Apen: Soluciones inform\u00e1ticas\",\"url\":\"https:\\\/\\\/www.apen.es\\\/\",\"logo\":{\"@type\":\"ImageObject\",\"inLanguage\":\"ca\",\"@id\":\"https:\\\/\\\/www.apen.es\\\/#\\\/schema\\\/logo\\\/image\\\/\",\"url\":\"https:\\\/\\\/www.apen.es\\\/wp-content\\\/uploads\\\/2022\\\/08\\\/logo-apenok-231x82-1.png\",\"contentUrl\":\"https:\\\/\\\/www.apen.es\\\/wp-content\\\/uploads\\\/2022\\\/08\\\/logo-apenok-231x82-1.png\",\"width\":231,\"height\":82,\"caption\":\"Apen: Soluciones inform\u00e1ticas\"},\"image\":{\"@id\":\"https:\\\/\\\/www.apen.es\\\/#\\\/schema\\\/logo\\\/image\\\/\"},\"sameAs\":[\"https:\\\/\\\/www.facebook.com\\\/apensolucions\",\"https:\\\/\\\/www.youtube.com\\\/user\\\/ApenCentreInformatic\",\"https:\\\/\\\/www.linkedin.com\\\/company\\\/1021771?trk=tyah&trkInfo=clickedVerticalcompanyclickedEntityId1021771idx2-1-2tarId1464195271196tasapenin\"]}]}<\/script>\n<!-- \/ Yoast SEO plugin. -->","yoast_head_json":{"title":"Manteniment inform\u00e0tic per a empreses - Apen Inform\u00e0tica","description":"Servei de manteniment inform\u00e0tic per a empreses de Barcelona. Fem el manteniment inform\u00e0tic a nivell de programari i de maquinari.","robots":{"index":"index","follow":"follow","max-snippet":"max-snippet:-1","max-image-preview":"max-image-preview:large","max-video-preview":"max-video-preview:-1"},"canonical":"https:\/\/www.apen.es\/ca\/manteniment-informatic\/manteniment-informatic-per-a-empreses\/","og_locale":"ca_ES","og_type":"article","og_title":"Mantenimiento inform\u00e1tico para empresas - Apen Inform\u00e1tica","og_description":"Servicio de mantenimiento inform\u00e1tico para empresas de Barcelona. Hacemos el mantenimiento inform\u00e1tico a nivel de software y de hardware.","og_url":"https:\/\/www.apen.es\/ca\/manteniment-informatic\/manteniment-informatic-per-a-empreses\/","og_site_name":"Apen Inform\u00e1tica","article_publisher":"https:\/\/www.facebook.com\/apensolucions","article_modified_time":"2025-03-31T06:10:14+00:00","og_image":[{"width":231,"height":82,"url":"https:\/\/www.apen.es\/wp-content\/uploads\/2016\/05\/logo-apen-231x82-trasparent.png","type":"image\/png"}],"twitter_card":"summary_large_image","twitter_misc":{"Temps estimat de lectura":"11 minuts"},"schema":{"@context":"https:\/\/schema.org","@graph":[{"@type":"WebPage","@id":"https:\/\/www.apen.es\/mantenimiento-informatico\/mantenimiento-informatico-para-empresas\/","url":"https:\/\/www.apen.es\/mantenimiento-informatico\/mantenimiento-informatico-para-empresas\/","name":"Manteniment inform\u00e0tic per a empreses - Apen Inform\u00e0tica","isPartOf":{"@id":"https:\/\/www.apen.es\/#website"},"datePublished":"2017-12-29T10:28:25+00:00","dateModified":"2025-03-31T06:10:14+00:00","description":"Servei de manteniment inform\u00e0tic per a empreses de Barcelona. Fem el manteniment inform\u00e0tic a nivell de programari i de maquinari.","breadcrumb":{"@id":"https:\/\/www.apen.es\/mantenimiento-informatico\/mantenimiento-informatico-para-empresas\/#breadcrumb"},"inLanguage":"ca","potentialAction":[{"@type":"ReadAction","target":["https:\/\/www.apen.es\/mantenimiento-informatico\/mantenimiento-informatico-para-empresas\/"]}]},{"@type":"BreadcrumbList","@id":"https:\/\/www.apen.es\/mantenimiento-informatico\/mantenimiento-informatico-para-empresas\/#breadcrumb","itemListElement":[{"@type":"ListItem","position":1,"name":"Portada","item":"https:\/\/www.apen.es\/"},{"@type":"ListItem","position":2,"name":"Mantenimiento inform\u00e1tico","item":"https:\/\/www.apen.es\/mantenimiento-informatico\/"},{"@type":"ListItem","position":3,"name":"Mantenimiento inform\u00e1tico para empresas"}]},{"@type":"WebSite","@id":"https:\/\/www.apen.es\/#website","url":"https:\/\/www.apen.es\/","name":"Apen Inform\u00e0tica","description":"Manteniment inform\u00e0tic , programari de gesti\u00f3, solucions d&#039;impressi\u00f3","publisher":{"@id":"https:\/\/www.apen.es\/#organization"},"potentialAction":[{"@type":"SearchAction","target":{"@type":"EntryPoint","urlTemplate":"https:\/\/www.apen.es\/?s={search_term_string}"},"query-input":{"@type":"PropertyValueSpecification","valueRequired":true,"valueName":"search_term_string"}}],"inLanguage":"ca"},{"@type":"Organization","@id":"https:\/\/www.apen.es\/#organization","name":"Apen: Solucions inform\u00e0tiques","url":"https:\/\/www.apen.es\/","logo":{"@type":"ImageObject","inLanguage":"ca","@id":"https:\/\/www.apen.es\/#\/schema\/logo\/image\/","url":"https:\/\/www.apen.es\/wp-content\/uploads\/2022\/08\/logo-apenok-231x82-1.png","contentUrl":"https:\/\/www.apen.es\/wp-content\/uploads\/2022\/08\/logo-apenok-231x82-1.png","width":231,"height":82,"caption":"Apen: Soluciones inform\u00e1ticas"},"image":{"@id":"https:\/\/www.apen.es\/#\/schema\/logo\/image\/"},"sameAs":["https:\/\/www.facebook.com\/apensolucions","https:\/\/www.youtube.com\/user\/ApenCentreInformatic","https:\/\/www.linkedin.com\/company\/1021771?trk=tyah&trkInfo=clickedVerticalcompanyclickedEntityId1021771idx2-1-2tarId1464195271196tasapenin"]}]}},"taxonomy_info":[],"featured_image_src_large":false,"author_info":{"display_name":"marqueting","author_link":"https:\/\/www.apen.es\/ca\/blog\/author\/marqueting\/"},"comment_info":0,"_links":{"self":[{"href":"https:\/\/www.apen.es\/ca\/wp-json\/wp\/v2\/pages\/8496","targetHints":{"allow":["GET"]}}],"collection":[{"href":"https:\/\/www.apen.es\/ca\/wp-json\/wp\/v2\/pages"}],"about":[{"href":"https:\/\/www.apen.es\/ca\/wp-json\/wp\/v2\/types\/page"}],"author":[{"embeddable":true,"href":"https:\/\/www.apen.es\/ca\/wp-json\/wp\/v2\/users\/4"}],"replies":[{"embeddable":true,"href":"https:\/\/www.apen.es\/ca\/wp-json\/wp\/v2\/comments?post=8496"}],"version-history":[{"count":3,"href":"https:\/\/www.apen.es\/ca\/wp-json\/wp\/v2\/pages\/8496\/revisions"}],"predecessor-version":[{"id":54455,"href":"https:\/\/www.apen.es\/ca\/wp-json\/wp\/v2\/pages\/8496\/revisions\/54455"}],"up":[{"embeddable":true,"href":"https:\/\/www.apen.es\/ca\/wp-json\/wp\/v2\/pages\/1357"}],"wp:attachment":[{"href":"https:\/\/www.apen.es\/ca\/wp-json\/wp\/v2\/media?parent=8496"}],"curies":[{"name":"wp","href":"https:\/\/api.w.org\/{rel}","templated":true}]}}