{"id":7866,"date":"2017-11-03T10:10:27","date_gmt":"2017-11-03T10:10:27","guid":{"rendered":"https:\/\/www.apen.es\/?page_id=7866"},"modified":"2025-07-14T11:02:30","modified_gmt":"2025-07-14T11:02:30","slug":"maquinari","status":"publish","type":"page","link":"https:\/\/www.apen.es\/ca\/glossari-dinformatica\/maquinari\/","title":{"rendered":"Maquinari"},"content":{"rendered":"<h2 class=\"wp-block-heading\">QU\u00c8 \u00c9S L&#039;HARDWARE?<\/h2>\n\n\n<div class=\"wp-block-image\">\n<figure class=\"alignleft is-resized\"><img loading=\"lazy\" decoding=\"async\" width=\"1024\" height=\"768\" src=\"https:\/\/www.apen.es\/wp-content\/uploads\/2017\/11\/que-es-el-hardware-1024x768.jpg\" alt=\"\" class=\"wp-image-7867\" style=\"width:400px\" title=\" QU\u00c8 \u00c9S L&#039;HARDWARE? - Glossari d&#039;inform\u00e0tica\" srcset=\"https:\/\/www.apen.es\/wp-content\/uploads\/2017\/11\/que-es-el-hardware-1024x768.jpg 1024w, https:\/\/www.apen.es\/wp-content\/uploads\/2017\/11\/que-es-el-hardware-300x225.jpg 300w, https:\/\/www.apen.es\/wp-content\/uploads\/2017\/11\/que-es-el-hardware-768x576.jpg 768w, https:\/\/www.apen.es\/wp-content\/uploads\/2017\/11\/que-es-el-hardware.jpg 1280w\" sizes=\"auto, (max-width: 1024px) 100vw, 1024px\" \/><\/figure>\n<\/div>\n\n\n<p>El maquinari s\u00f3n aquells elements f\u00edsics o materials que constitueixen un ordinador o un sistema inform\u00e0tic. \u00c9s a dir, s\u00f3n aquelles parts f\u00edsiques d&#039;un sistema operatiu com els seus components el\u00e8ctrics, electr\u00f2nics, electromec\u00e0nics, mec\u00e0nics i qualsevol element f\u00edsic que hi estigui involucrat. Tots formen part del maquinari. \u00c9s la part que podeu veure de l&#039;ordinador, tots els components de la seva estructura f\u00edsica com la pantalla, el teclat, la torre, el ratol\u00ed, etc. El maquinari inclou els components f\u00edsics interns (disc dur, placa mare\u2026) i perif\u00e8rics, com ara la impressora.<\/p>\n\n\n\n<p>Podem distingir entre maquinari b\u00e0sic, aquell dispositiu necessari per iniciar el funcionament de lordinador (dispositius necessaris per al funcionament de lordinador), i el complementari, per realitzar funcions m\u00e9s espec\u00edfiques. En aquest darrer cas s\u00f3n tots els components o accessoris que t\u00e9 l&#039;ordinador i que no s\u00f3n fonamentals per al bon funcionament.<\/p>\n\n\n\n<p>Perqu\u00e8 funcioni correctament el maquinari, cal un programari, on es troba la part electr\u00f2nica. Amb la combinaci\u00f3 de programari i maquinari lordinador pot funcionar a la perfecci\u00f3.<\/p>\n\n\n\n<h3 class=\"wp-block-heading\"><strong>Quatre generacions de maquinari<\/strong><\/h3>\n\n\n\n<p>El maquinari ha viscut una evoluci\u00f3 marcada per l\u201faven\u00e7 tecnol\u00f2gic de cada moment. Podem dividir-ho en quatre generacions diferents.<\/p>\n\n\n\n<ul class=\"wp-block-list\">\n<li><strong>1era generaci\u00f3 (1945-1956)<\/strong>. Les primeres m\u00e0quines de c\u00e0lcul van funcionar mitjan\u00e7ant tubs al buit.<\/li>\n\n\n\n<li><strong>2da generaci\u00f3 (1957-1963)<\/strong>. Electr\u00f2nica mitjan\u00e7ant transistors, reduint la mida dels ordinadors.<\/li>\n\n\n\n<li><strong>3era generaci\u00f3 (1964-actualitat)<\/strong>. Electr\u00f2nica de circuits integrats, impresos en pastilles de silici.<\/li>\n\n\n\n<li><strong>4ta generaci\u00f3 (futur)<\/strong>. Seran aquells dispositius que superin les plaques de silici i incursionin en nous formats computacionals. S&#039;hi especula molt.<\/li>\n<\/ul>\n\n\n\n<h3 class=\"wp-block-heading\"><strong>De qu\u00e8 es compon el maquinari?<\/strong><\/h3>\n\n\n\n<ol class=\"wp-block-list\">\n<li><strong>CPU; <\/strong>Que socupa de processar dades i controlar tots els processos.<\/li>\n\n\n\n<li><strong>Mem\u00f2ria RAM; <\/strong>\u00c9s la mem\u00f2ria de \u201ctreball\u201d del sistema, la que s&#039;utilitza a cada moment per a l&#039;execuci\u00f3 d&#039;aplicacions.<\/li>\n\n\n\n<li><strong>Unitats d&#039;emmagatzematge:<\/strong> Dispositius destinats a emmagatzemar les dades del sistema o dusuari.<\/li>\n\n\n\n<li><strong>Targeta Mare (Motherboard);<\/strong> L&#039;eix central, l&#039;esquelet o el suport en qu\u00e8 es troben connectats els components electr\u00f2nics de l&#039;ordinador.<\/li>\n\n\n\n<li><strong>Font d&#039;alimentaci\u00f3;<\/strong> La que s&#039;ocupa de subministrar electricitat als diferents circuits de l&#039;aparell electr\u00f2nic a qu\u00e8 es connecta el PC.<\/li>\n\n\n\n<li><strong>Mem\u00f2ria ROM (Read Only Memory)<\/strong>; Mem\u00f2ria de lectura, \u00e9s a dir, les dades gravades poden ser llegides per\u00f2 no poden ser modificades per lusuari.<\/li>\n\n\n\n<li><strong>Mem\u00f2ria Cache<\/strong>; Es podria definir com un sistema demmagatzematge dalta velocitat.<\/li>\n\n\n\n<li><strong>Disc dur (Hard Disk Drive, HDD)<\/strong>; Mitjan\u00e7ant un sistema d&#039;enregistrament magn\u00e8tic, es converteix en un dispositiu d&#039;emmagatzematge de fitxers digitals.<\/li>\n\n\n\n<li><strong>Monitor, teclat, ratol\u00ed.<\/strong><\/li>\n<\/ol>\n\n\n\n<h3 class=\"wp-block-heading\"><strong>Tipus de maquinari<\/strong><\/h3>\n\n\n\n<p>Podem classificar el maquinari en 6 categories:<\/p>\n\n\n\n<ul class=\"wp-block-list\">\n<li>Processament: S\u00f3n aquells elements que formen el cor del sistema o de l&#039;ordinador, \u00e9s a dir, la capacitat mec\u00e0nica de realitzar operacions l\u00f2giques.<\/li>\n\n\n\n<li>Emmagatzematge: S\u00f3n aquells elements que et permeten desar la informaci\u00f3 i recuperar-la despr\u00e9s, ja sigui en suports interns de la m\u00e0quina o suports retirables i port\u00e0tils.<\/li>\n\n\n\n<li>Perif\u00e8rics d&#039;entrada: S\u00f3n dispositius de funci\u00f3 concreta, integrats a la m\u00e0quina o removibles, que permeten introduir-hi informaci\u00f3.<\/li>\n\n\n\n<li>Perif\u00e8rics de sortida S\u00f3n dispositius de funci\u00f3 espec\u00edfica, integrats a la m\u00e0quina o removibles, que permeten extreure o recuperar informaci\u00f3.<\/li>\n\n\n\n<li>Perif\u00e8rics d&#039;entrada i de sortida: Dispositius que combinen l&#039;entrada i la sortida d&#039;informaci\u00f3 del sistema.<\/li>\n<\/ul>\n\n\n\n<p>En definitiva, el maquinari fa refer\u00e8ncia a tots aquells elements f\u00edsics d&#039;un ordinador i \u00e9s una part imprescindible perqu\u00e8 l&#039;ordinador funcioni, sempre de la m\u00e0 del programari. El maquinari s&#039;utilitza per als ordinadors i aparells electr\u00f2nics, estenent-ne les funcions i habilitats no nom\u00e9s als ordinadors sin\u00f3 tamb\u00e9 als autom\u00f2bils, tel\u00e8fons, c\u00e0meres, etc.<\/p>","protected":false},"excerpt":{"rendered":"<p>\u00bfQUE \u00c9S EL HARDWARE? El hardware son aquellos elementos f\u00edsicos o materiales que constituyen una computadora o un sistema inform\u00e1tico. Es decir, son aquellas partes f\u00edsicas de un sistema operativo tales como sus componentes el\u00e9ctricos, electr\u00f3nicos, electromec\u00e1nicos, mec\u00e1nicos y cualquier elemento f\u00edsico que est\u00e9 involucrado. Todos ellos forman parte del hardware. Es la parte que&#8230;<\/p>","protected":false},"author":4,"featured_media":0,"parent":6185,"menu_order":0,"comment_status":"closed","ping_status":"closed","template":"page-landing-glosario.php","meta":{"_acf_changed":false,"_kad_blocks_custom_css":"","_kad_blocks_head_custom_js":"","_kad_blocks_body_custom_js":"","_kad_blocks_footer_custom_js":"","_kad_post_transparent":"","_kad_post_title":"","_kad_post_layout":"","_kad_post_sidebar_id":"","_kad_post_content_style":"","_kad_post_vertical_padding":"","_kad_post_feature":"","_kad_post_feature_position":"","_kad_post_header":false,"_kad_post_footer":false,"_kad_post_classname":"","footnotes":""},"class_list":["post-7866","page","type-page","status-publish","hentry"],"acf":[],"yoast_head":"<!-- This site is optimized with the Yoast SEO plugin v27.4 - https:\/\/yoast.com\/product\/yoast-seo-wordpress\/ -->\n<title>Hardware - Apen Inform\u00e1tica<\/title>\n<meta name=\"description\" content=\"\u00bfQue es el hardware? El hardware son aquellos elementos f\u00edsicos o materiales que constituyen una computadora o un sistema inform\u00e1tico.Conf\u00eda en Apen.\" \/>\n<meta name=\"robots\" content=\"index, follow, max-snippet:-1, max-image-preview:large, max-video-preview:-1\" \/>\n<link rel=\"canonical\" href=\"https:\/\/www.apen.es\/ca\/glossari-dinformatica\/maquinari\/\" \/>\n<meta property=\"og:locale\" content=\"ca_ES\" \/>\n<meta property=\"og:type\" content=\"article\" \/>\n<meta property=\"og:title\" content=\"Hardware - Apen Inform\u00e1tica\" \/>\n<meta property=\"og:description\" content=\"\u00bfQue es el hardware? El hardware son aquellos elementos f\u00edsicos o materiales que constituyen una computadora o un sistema inform\u00e1tico.Conf\u00eda en Apen.\" \/>\n<meta property=\"og:url\" content=\"https:\/\/www.apen.es\/ca\/glossari-dinformatica\/maquinari\/\" \/>\n<meta property=\"og:site_name\" content=\"Apen Inform\u00e1tica\" \/>\n<meta property=\"article:publisher\" content=\"https:\/\/www.facebook.com\/apensolucions\" \/>\n<meta property=\"article:modified_time\" content=\"2025-07-14T11:02:30+00:00\" \/>\n<meta property=\"og:image\" content=\"https:\/\/www.apen.es\/wp-content\/uploads\/2017\/11\/que-es-el-hardware-1024x768.jpg\" \/>\n<meta name=\"twitter:card\" content=\"summary_large_image\" \/>\n<meta name=\"twitter:label1\" content=\"Temps estimat de lectura\" \/>\n\t<meta name=\"twitter:data1\" content=\"4 minuts\" \/>\n<script type=\"application\/ld+json\" class=\"yoast-schema-graph\">{\"@context\":\"https:\\\/\\\/schema.org\",\"@graph\":[{\"@type\":\"WebPage\",\"@id\":\"https:\\\/\\\/www.apen.es\\\/glosario-de-informatica\\\/hardware\\\/\",\"url\":\"https:\\\/\\\/www.apen.es\\\/glosario-de-informatica\\\/hardware\\\/\",\"name\":\"Hardware - Apen Inform\u00e1tica\",\"isPartOf\":{\"@id\":\"https:\\\/\\\/www.apen.es\\\/#website\"},\"primaryImageOfPage\":{\"@id\":\"https:\\\/\\\/www.apen.es\\\/glosario-de-informatica\\\/hardware\\\/#primaryimage\"},\"image\":{\"@id\":\"https:\\\/\\\/www.apen.es\\\/glosario-de-informatica\\\/hardware\\\/#primaryimage\"},\"thumbnailUrl\":\"https:\\\/\\\/www.apen.es\\\/wp-content\\\/uploads\\\/2017\\\/11\\\/que-es-el-hardware-1024x768.jpg\",\"datePublished\":\"2017-11-03T10:10:27+00:00\",\"dateModified\":\"2025-07-14T11:02:30+00:00\",\"description\":\"\u00bfQue es el hardware? El hardware son aquellos elementos f\u00edsicos o materiales que constituyen una computadora o un sistema inform\u00e1tico.Conf\u00eda en Apen.\",\"breadcrumb\":{\"@id\":\"https:\\\/\\\/www.apen.es\\\/glosario-de-informatica\\\/hardware\\\/#breadcrumb\"},\"inLanguage\":\"ca\",\"potentialAction\":[{\"@type\":\"ReadAction\",\"target\":[\"https:\\\/\\\/www.apen.es\\\/glosario-de-informatica\\\/hardware\\\/\"]}]},{\"@type\":\"ImageObject\",\"inLanguage\":\"ca\",\"@id\":\"https:\\\/\\\/www.apen.es\\\/glosario-de-informatica\\\/hardware\\\/#primaryimage\",\"url\":\"https:\\\/\\\/www.apen.es\\\/wp-content\\\/uploads\\\/2017\\\/11\\\/que-es-el-hardware-1024x768.jpg\",\"contentUrl\":\"https:\\\/\\\/www.apen.es\\\/wp-content\\\/uploads\\\/2017\\\/11\\\/que-es-el-hardware-1024x768.jpg\"},{\"@type\":\"BreadcrumbList\",\"@id\":\"https:\\\/\\\/www.apen.es\\\/glosario-de-informatica\\\/hardware\\\/#breadcrumb\",\"itemListElement\":[{\"@type\":\"ListItem\",\"position\":1,\"name\":\"Portada\",\"item\":\"https:\\\/\\\/www.apen.es\\\/\"},{\"@type\":\"ListItem\",\"position\":2,\"name\":\"Glosario de inform\u00e1tica\",\"item\":\"https:\\\/\\\/www.apen.es\\\/glosario-de-informatica\\\/\"},{\"@type\":\"ListItem\",\"position\":3,\"name\":\"Hardware\"}]},{\"@type\":\"WebSite\",\"@id\":\"https:\\\/\\\/www.apen.es\\\/#website\",\"url\":\"https:\\\/\\\/www.apen.es\\\/\",\"name\":\"Apen Inform\u00e1tica\",\"description\":\"Mantenimiento Inform\u00e1tico , Software de Gesti\u00f3n, Soluciones de impresi\u00f3n\",\"publisher\":{\"@id\":\"https:\\\/\\\/www.apen.es\\\/#organization\"},\"potentialAction\":[{\"@type\":\"SearchAction\",\"target\":{\"@type\":\"EntryPoint\",\"urlTemplate\":\"https:\\\/\\\/www.apen.es\\\/?s={search_term_string}\"},\"query-input\":{\"@type\":\"PropertyValueSpecification\",\"valueRequired\":true,\"valueName\":\"search_term_string\"}}],\"inLanguage\":\"ca\"},{\"@type\":\"Organization\",\"@id\":\"https:\\\/\\\/www.apen.es\\\/#organization\",\"name\":\"Apen: Soluciones inform\u00e1ticas\",\"url\":\"https:\\\/\\\/www.apen.es\\\/\",\"logo\":{\"@type\":\"ImageObject\",\"inLanguage\":\"ca\",\"@id\":\"https:\\\/\\\/www.apen.es\\\/#\\\/schema\\\/logo\\\/image\\\/\",\"url\":\"https:\\\/\\\/www.apen.es\\\/wp-content\\\/uploads\\\/2022\\\/08\\\/logo-apenok-231x82-1.png\",\"contentUrl\":\"https:\\\/\\\/www.apen.es\\\/wp-content\\\/uploads\\\/2022\\\/08\\\/logo-apenok-231x82-1.png\",\"width\":231,\"height\":82,\"caption\":\"Apen: Soluciones inform\u00e1ticas\"},\"image\":{\"@id\":\"https:\\\/\\\/www.apen.es\\\/#\\\/schema\\\/logo\\\/image\\\/\"},\"sameAs\":[\"https:\\\/\\\/www.facebook.com\\\/apensolucions\",\"https:\\\/\\\/www.youtube.com\\\/user\\\/ApenCentreInformatic\",\"https:\\\/\\\/www.linkedin.com\\\/company\\\/1021771?trk=tyah&trkInfo=clickedVerticalcompanyclickedEntityId1021771idx2-1-2tarId1464195271196tasapenin\"]}]}<\/script>\n<!-- \/ Yoast SEO plugin. -->","yoast_head_json":{"title":"Maquinari - Apen Inform\u00e0tica","description":"Qu\u00e8 \u00e9s el maquinari? El maquinari s\u00f3n aquells elements f\u00edsics o materials que constitueixen un ordinador o un sistema inform\u00e0tic. Confia en Apen.","robots":{"index":"index","follow":"follow","max-snippet":"max-snippet:-1","max-image-preview":"max-image-preview:large","max-video-preview":"max-video-preview:-1"},"canonical":"https:\/\/www.apen.es\/ca\/glossari-dinformatica\/maquinari\/","og_locale":"ca_ES","og_type":"article","og_title":"Hardware - Apen Inform\u00e1tica","og_description":"\u00bfQue es el hardware? El hardware son aquellos elementos f\u00edsicos o materiales que constituyen una computadora o un sistema inform\u00e1tico.Conf\u00eda en Apen.","og_url":"https:\/\/www.apen.es\/ca\/glossari-dinformatica\/maquinari\/","og_site_name":"Apen Inform\u00e1tica","article_publisher":"https:\/\/www.facebook.com\/apensolucions","article_modified_time":"2025-07-14T11:02:30+00:00","og_image":[{"url":"https:\/\/www.apen.es\/wp-content\/uploads\/2017\/11\/que-es-el-hardware-1024x768.jpg","type":"","width":"","height":""}],"twitter_card":"summary_large_image","twitter_misc":{"Temps estimat de lectura":"4 minuts"},"schema":{"@context":"https:\/\/schema.org","@graph":[{"@type":"WebPage","@id":"https:\/\/www.apen.es\/glosario-de-informatica\/hardware\/","url":"https:\/\/www.apen.es\/glosario-de-informatica\/hardware\/","name":"Maquinari - Apen Inform\u00e0tica","isPartOf":{"@id":"https:\/\/www.apen.es\/#website"},"primaryImageOfPage":{"@id":"https:\/\/www.apen.es\/glosario-de-informatica\/hardware\/#primaryimage"},"image":{"@id":"https:\/\/www.apen.es\/glosario-de-informatica\/hardware\/#primaryimage"},"thumbnailUrl":"https:\/\/www.apen.es\/wp-content\/uploads\/2017\/11\/que-es-el-hardware-1024x768.jpg","datePublished":"2017-11-03T10:10:27+00:00","dateModified":"2025-07-14T11:02:30+00:00","description":"Qu\u00e8 \u00e9s el maquinari? El maquinari s\u00f3n aquells elements f\u00edsics o materials que constitueixen un ordinador o un sistema inform\u00e0tic. Confia en Apen.","breadcrumb":{"@id":"https:\/\/www.apen.es\/glosario-de-informatica\/hardware\/#breadcrumb"},"inLanguage":"ca","potentialAction":[{"@type":"ReadAction","target":["https:\/\/www.apen.es\/glosario-de-informatica\/hardware\/"]}]},{"@type":"ImageObject","inLanguage":"ca","@id":"https:\/\/www.apen.es\/glosario-de-informatica\/hardware\/#primaryimage","url":"https:\/\/www.apen.es\/wp-content\/uploads\/2017\/11\/que-es-el-hardware-1024x768.jpg","contentUrl":"https:\/\/www.apen.es\/wp-content\/uploads\/2017\/11\/que-es-el-hardware-1024x768.jpg"},{"@type":"BreadcrumbList","@id":"https:\/\/www.apen.es\/glosario-de-informatica\/hardware\/#breadcrumb","itemListElement":[{"@type":"ListItem","position":1,"name":"Portada","item":"https:\/\/www.apen.es\/"},{"@type":"ListItem","position":2,"name":"Glosario de inform\u00e1tica","item":"https:\/\/www.apen.es\/glosario-de-informatica\/"},{"@type":"ListItem","position":3,"name":"Hardware"}]},{"@type":"WebSite","@id":"https:\/\/www.apen.es\/#website","url":"https:\/\/www.apen.es\/","name":"Apen Inform\u00e0tica","description":"Manteniment inform\u00e0tic , programari de gesti\u00f3, solucions d&#039;impressi\u00f3","publisher":{"@id":"https:\/\/www.apen.es\/#organization"},"potentialAction":[{"@type":"SearchAction","target":{"@type":"EntryPoint","urlTemplate":"https:\/\/www.apen.es\/?s={search_term_string}"},"query-input":{"@type":"PropertyValueSpecification","valueRequired":true,"valueName":"search_term_string"}}],"inLanguage":"ca"},{"@type":"Organization","@id":"https:\/\/www.apen.es\/#organization","name":"Apen: Solucions inform\u00e0tiques","url":"https:\/\/www.apen.es\/","logo":{"@type":"ImageObject","inLanguage":"ca","@id":"https:\/\/www.apen.es\/#\/schema\/logo\/image\/","url":"https:\/\/www.apen.es\/wp-content\/uploads\/2022\/08\/logo-apenok-231x82-1.png","contentUrl":"https:\/\/www.apen.es\/wp-content\/uploads\/2022\/08\/logo-apenok-231x82-1.png","width":231,"height":82,"caption":"Apen: Soluciones inform\u00e1ticas"},"image":{"@id":"https:\/\/www.apen.es\/#\/schema\/logo\/image\/"},"sameAs":["https:\/\/www.facebook.com\/apensolucions","https:\/\/www.youtube.com\/user\/ApenCentreInformatic","https:\/\/www.linkedin.com\/company\/1021771?trk=tyah&trkInfo=clickedVerticalcompanyclickedEntityId1021771idx2-1-2tarId1464195271196tasapenin"]}]}},"taxonomy_info":[],"featured_image_src_large":false,"author_info":{"display_name":"marqueting","author_link":"https:\/\/www.apen.es\/ca\/blog\/author\/marqueting\/"},"comment_info":0,"_links":{"self":[{"href":"https:\/\/www.apen.es\/ca\/wp-json\/wp\/v2\/pages\/7866","targetHints":{"allow":["GET"]}}],"collection":[{"href":"https:\/\/www.apen.es\/ca\/wp-json\/wp\/v2\/pages"}],"about":[{"href":"https:\/\/www.apen.es\/ca\/wp-json\/wp\/v2\/types\/page"}],"author":[{"embeddable":true,"href":"https:\/\/www.apen.es\/ca\/wp-json\/wp\/v2\/users\/4"}],"replies":[{"embeddable":true,"href":"https:\/\/www.apen.es\/ca\/wp-json\/wp\/v2\/comments?post=7866"}],"version-history":[{"count":1,"href":"https:\/\/www.apen.es\/ca\/wp-json\/wp\/v2\/pages\/7866\/revisions"}],"predecessor-version":[{"id":56557,"href":"https:\/\/www.apen.es\/ca\/wp-json\/wp\/v2\/pages\/7866\/revisions\/56557"}],"up":[{"embeddable":true,"href":"https:\/\/www.apen.es\/ca\/wp-json\/wp\/v2\/pages\/6185"}],"wp:attachment":[{"href":"https:\/\/www.apen.es\/ca\/wp-json\/wp\/v2\/media?parent=7866"}],"curies":[{"name":"wp","href":"https:\/\/api.w.org\/{rel}","templated":true}]}}