{"id":7048,"date":"2017-09-14T09:35:31","date_gmt":"2017-09-14T09:35:31","guid":{"rendered":"https:\/\/www.apen.es\/?page_id=7048"},"modified":"2025-07-14T11:06:39","modified_gmt":"2025-07-14T11:06:39","slug":"pissarra-interactiva","status":"publish","type":"page","link":"https:\/\/www.apen.es\/ca\/glossari-dinformatica\/pissarra-interactiva\/","title":{"rendered":"Pissarra interactiva"},"content":{"rendered":"<h2 class=\"wp-block-heading\">QU\u00c8 \u00c9S UNA PISSAR\u00c0 INTERACTIVA?<\/h2>\n\n\n<div class=\"wp-block-image\">\n<figure class=\"alignleft is-resized\"><img loading=\"lazy\" decoding=\"async\" width=\"640\" height=\"480\" src=\"https:\/\/www.apen.es\/wp-content\/uploads\/2017\/09\/interactive-whiteboard-332239_640.jpg\" alt=\"\" class=\"wp-image-7053\" style=\"width:400px\" title=\"Imatge d&#039;una pissarra interactiva QU\u00c8 \u00c9S UNA PISSAR\u00c0 INTERACTIVA?\" srcset=\"https:\/\/www.apen.es\/wp-content\/uploads\/2017\/09\/interactive-whiteboard-332239_640.jpg 640w, https:\/\/www.apen.es\/wp-content\/uploads\/2017\/09\/interactive-whiteboard-332239_640-300x225.jpg 300w\" sizes=\"auto, (max-width: 640px) 100vw, 640px\" \/><\/figure>\n<\/div>\n\n\n<p>La pissarra interactiva \u00e9s un ordinador connectat a un v\u00eddeo projector, que emet el senyal del PC sobre una superf\u00edcie llisa i r\u00edgida des de la qual es pot controlar l&#039;ordinador, fer anotacions sobre qualsevol imatge projectada, desar imatges, imprimir-les, enviar-les per correu electr\u00f2nic o exportar-les en diversos formats.<\/p>\n\n\n\n<p>La pissarra interactiva, tamb\u00e9 coneguda com a pissarra digital interactiva, permet a l&#039;usuari controlar l&#039;ordinador mitjan\u00e7ant una superf\u00edcie amb el simple \u00fas d&#039;un punter, amb altres dispositius concrets o, de vegades, amb el dit.<\/p>\n\n\n\n<p>Mitjan\u00e7ant la pissarra interactiva l&#039;usuari pot obtenir grans avantatges com ara escriure i dibuixar des de l&#039;ordinador amb els colors que vulgui mitjan\u00e7ant un editor de textos, emmagatzemar pissarres, visualitzar textos, imatge i so, interactuar amb programes i persones, etc. Una nova eina tecnol\u00f2gica que ofereix avantatges pr\u00e0ctics i interactius per als usuaris.<\/p>\n\n\n\n<p>A difer\u00e8ncia de la pissarra digital convencional, la pissarra digital interactiva afegeix un dispositiu de control de punter, que permet la interacci\u00f3 directa sobre la superf\u00edcie de projecci\u00f3, un aven\u00e7 tecnol\u00f2gic que permet moltes m\u00e9s facilitats per a l&#039;usuari a l&#039;hora de fer una presentaci\u00f3 comercial, per exemple.<\/p>\n\n\n\n<p>La pissarra interactiva permet projectar continguts digitals en un format que s&#039;adapta a una visualitzaci\u00f3 en grup com ara una classe, una confer\u00e8ncia, una presentaci\u00f3, etc. Els usuaris poden interactuar directament sobre la superf\u00edcie de projecci\u00f3, podent escriure-hi directament i controlar els programes inform\u00e0tics, mitjan\u00e7ant un punter o directament amb els dits.<\/p>\n\n\n\n<p>La pissarra interactiva \u00e9s c\u00f2moda i immediata i aconsegueix que no es perdi el contacte visual de les persones que estan mirant la projecci\u00f3. A m\u00e9s, no cal disposar d&#039;un teclat o ratol\u00ed, ja que es pot obtenir un teclat virtual des de la mateixa pantalla.<\/p>\n\n\n\n<p>La pissarra interactiva no nom\u00e9s \u00e9s \u00fatil per a empreses que vulguin fer presentacions, explicar productes o campanyes, etc. Si no que pot ser una eina tecnol\u00f2gica molt \u00fatil per cobrir necessitats espec\u00edfiques a l&#039;educaci\u00f3, com per exemple per a aquells nens que no tenen habilitats psicomotrius.<\/p>\n\n\n\n<p>La pissarra interactiva digital pot ajudar no nom\u00e9s alumnes amb necessitats concretes sin\u00f3 que, en general, tots els nens poden aprendre de manera r\u00e0pida i interactiva conceptes i idees de cada mat\u00e8ria mitjan\u00e7ant una projecci\u00f3 gran, visual i interactiva, que els ajudi a veure clarament de qu\u00e8 es tracta i fins i tot puguin sortir a escriure o assenyalar la imatge, mitjan\u00e7ant un punter o fins i tot les seves pr\u00f2pies.<\/p>\n\n\n\n<p>D&#039;aquesta manera, la pissarra interactiva pot suposar tamb\u00e9 una eina d&#039;aprenentatge m\u00e9s r\u00e0pida, ja que les persones que assisteixin a una confer\u00e8ncia, classe, presentaci\u00f3, projecte, etc. No necessitareu apuntar tot el que sentiu, sin\u00f3 que podreu visualitzar d&#039;una forma clara i cridanera all\u00f2 que s&#039;est\u00e0 projectant. Els usuaris tenen la possibilitat d&#039;interactuar amb les imatges que veuen i aix\u00f2 suposa un gran aven\u00e7 en el m\u00f3n de la tecnologia, aix\u00ed com el paper que prenen els usuaris davant d&#039;aquesta eina, tant en la vida personal com en la vida laboral.<\/p>","protected":false},"excerpt":{"rendered":"<p>\u00bfQUE \u00c9S UNA PIZZARA INTERACTIVA? La pizarra interactiva es un ordenador conectado a un v\u00eddeo proyector, que emite la se\u00f1al del PC sobre una superficie lisa y r\u00edgida desde la que se puede controlar el ordenador, hacer anotaciones sobre cualquier imagen proyectada, guardar im\u00e1genes, imprimirlas, enviarlas por correo electr\u00f3nico o exportarlas en diversos formatos. La&#8230;<\/p>","protected":false},"author":4,"featured_media":0,"parent":6185,"menu_order":0,"comment_status":"closed","ping_status":"closed","template":"page-landing-glosario.php","meta":{"_acf_changed":false,"_kad_blocks_custom_css":"","_kad_blocks_head_custom_js":"","_kad_blocks_body_custom_js":"","_kad_blocks_footer_custom_js":"","_kad_post_transparent":"","_kad_post_title":"","_kad_post_layout":"","_kad_post_sidebar_id":"","_kad_post_content_style":"","_kad_post_vertical_padding":"","_kad_post_feature":"","_kad_post_feature_position":"","_kad_post_header":false,"_kad_post_footer":false,"_kad_post_classname":"","footnotes":""},"class_list":["post-7048","page","type-page","status-publish","hentry"],"acf":[],"yoast_head":"<!-- This site is optimized with the Yoast SEO plugin v27.4 - https:\/\/yoast.com\/product\/yoast-seo-wordpress\/ -->\n<title>Pizarra interactiva - Apen Inform\u00e1tica<\/title>\n<meta name=\"description\" content=\"\u00bfQue es una pizarra interactiva? Es un ordenador conectado a un v\u00eddeo proyector, que emite la se\u00f1al del PC sobre una superficie lisa y r\u00edgida. Conf\u00eda en Apen.\" \/>\n<meta name=\"robots\" content=\"index, follow, max-snippet:-1, max-image-preview:large, max-video-preview:-1\" \/>\n<link rel=\"canonical\" href=\"https:\/\/www.apen.es\/ca\/glossari-dinformatica\/pissarra-interactiva\/\" \/>\n<meta property=\"og:locale\" content=\"ca_ES\" \/>\n<meta property=\"og:type\" content=\"article\" \/>\n<meta property=\"og:title\" content=\"Pizarra interactiva - Apen Inform\u00e1tica\" \/>\n<meta property=\"og:description\" content=\"\u00bfQue es una pizarra interactiva? Es un ordenador conectado a un v\u00eddeo proyector, que emite la se\u00f1al del PC sobre una superficie lisa y r\u00edgida. Conf\u00eda en Apen.\" \/>\n<meta property=\"og:url\" content=\"https:\/\/www.apen.es\/ca\/glossari-dinformatica\/pissarra-interactiva\/\" \/>\n<meta property=\"og:site_name\" content=\"Apen Inform\u00e1tica\" \/>\n<meta property=\"article:publisher\" content=\"https:\/\/www.facebook.com\/apensolucions\" \/>\n<meta property=\"article:modified_time\" content=\"2025-07-14T11:06:39+00:00\" \/>\n<meta property=\"og:image\" content=\"https:\/\/www.apen.es\/wp-content\/uploads\/2017\/09\/interactive-whiteboard-332239_640.jpg\" \/>\n<meta name=\"twitter:card\" content=\"summary_large_image\" \/>\n<meta name=\"twitter:label1\" content=\"Temps estimat de lectura\" \/>\n\t<meta name=\"twitter:data1\" content=\"3 minuts\" \/>\n<script type=\"application\/ld+json\" class=\"yoast-schema-graph\">{\"@context\":\"https:\\\/\\\/schema.org\",\"@graph\":[{\"@type\":\"WebPage\",\"@id\":\"https:\\\/\\\/www.apen.es\\\/glosario-de-informatica\\\/pizarra-interactiva\\\/\",\"url\":\"https:\\\/\\\/www.apen.es\\\/glosario-de-informatica\\\/pizarra-interactiva\\\/\",\"name\":\"Pizarra interactiva - Apen Inform\u00e1tica\",\"isPartOf\":{\"@id\":\"https:\\\/\\\/www.apen.es\\\/#website\"},\"primaryImageOfPage\":{\"@id\":\"https:\\\/\\\/www.apen.es\\\/glosario-de-informatica\\\/pizarra-interactiva\\\/#primaryimage\"},\"image\":{\"@id\":\"https:\\\/\\\/www.apen.es\\\/glosario-de-informatica\\\/pizarra-interactiva\\\/#primaryimage\"},\"thumbnailUrl\":\"https:\\\/\\\/www.apen.es\\\/wp-content\\\/uploads\\\/2017\\\/09\\\/interactive-whiteboard-332239_640.jpg\",\"datePublished\":\"2017-09-14T09:35:31+00:00\",\"dateModified\":\"2025-07-14T11:06:39+00:00\",\"description\":\"\u00bfQue es una pizarra interactiva? Es un ordenador conectado a un v\u00eddeo proyector, que emite la se\u00f1al del PC sobre una superficie lisa y r\u00edgida. Conf\u00eda en Apen.\",\"breadcrumb\":{\"@id\":\"https:\\\/\\\/www.apen.es\\\/glosario-de-informatica\\\/pizarra-interactiva\\\/#breadcrumb\"},\"inLanguage\":\"ca\",\"potentialAction\":[{\"@type\":\"ReadAction\",\"target\":[\"https:\\\/\\\/www.apen.es\\\/glosario-de-informatica\\\/pizarra-interactiva\\\/\"]}]},{\"@type\":\"ImageObject\",\"inLanguage\":\"ca\",\"@id\":\"https:\\\/\\\/www.apen.es\\\/glosario-de-informatica\\\/pizarra-interactiva\\\/#primaryimage\",\"url\":\"https:\\\/\\\/www.apen.es\\\/wp-content\\\/uploads\\\/2017\\\/09\\\/interactive-whiteboard-332239_640.jpg\",\"contentUrl\":\"https:\\\/\\\/www.apen.es\\\/wp-content\\\/uploads\\\/2017\\\/09\\\/interactive-whiteboard-332239_640.jpg\"},{\"@type\":\"BreadcrumbList\",\"@id\":\"https:\\\/\\\/www.apen.es\\\/glosario-de-informatica\\\/pizarra-interactiva\\\/#breadcrumb\",\"itemListElement\":[{\"@type\":\"ListItem\",\"position\":1,\"name\":\"Portada\",\"item\":\"https:\\\/\\\/www.apen.es\\\/\"},{\"@type\":\"ListItem\",\"position\":2,\"name\":\"Glosario de inform\u00e1tica\",\"item\":\"https:\\\/\\\/www.apen.es\\\/glosario-de-informatica\\\/\"},{\"@type\":\"ListItem\",\"position\":3,\"name\":\"Pizarra interactiva\"}]},{\"@type\":\"WebSite\",\"@id\":\"https:\\\/\\\/www.apen.es\\\/#website\",\"url\":\"https:\\\/\\\/www.apen.es\\\/\",\"name\":\"Apen Inform\u00e1tica\",\"description\":\"Mantenimiento Inform\u00e1tico , Software de Gesti\u00f3n, Soluciones de impresi\u00f3n\",\"publisher\":{\"@id\":\"https:\\\/\\\/www.apen.es\\\/#organization\"},\"potentialAction\":[{\"@type\":\"SearchAction\",\"target\":{\"@type\":\"EntryPoint\",\"urlTemplate\":\"https:\\\/\\\/www.apen.es\\\/?s={search_term_string}\"},\"query-input\":{\"@type\":\"PropertyValueSpecification\",\"valueRequired\":true,\"valueName\":\"search_term_string\"}}],\"inLanguage\":\"ca\"},{\"@type\":\"Organization\",\"@id\":\"https:\\\/\\\/www.apen.es\\\/#organization\",\"name\":\"Apen: Soluciones inform\u00e1ticas\",\"url\":\"https:\\\/\\\/www.apen.es\\\/\",\"logo\":{\"@type\":\"ImageObject\",\"inLanguage\":\"ca\",\"@id\":\"https:\\\/\\\/www.apen.es\\\/#\\\/schema\\\/logo\\\/image\\\/\",\"url\":\"https:\\\/\\\/www.apen.es\\\/wp-content\\\/uploads\\\/2022\\\/08\\\/logo-apenok-231x82-1.png\",\"contentUrl\":\"https:\\\/\\\/www.apen.es\\\/wp-content\\\/uploads\\\/2022\\\/08\\\/logo-apenok-231x82-1.png\",\"width\":231,\"height\":82,\"caption\":\"Apen: Soluciones inform\u00e1ticas\"},\"image\":{\"@id\":\"https:\\\/\\\/www.apen.es\\\/#\\\/schema\\\/logo\\\/image\\\/\"},\"sameAs\":[\"https:\\\/\\\/www.facebook.com\\\/apensolucions\",\"https:\\\/\\\/www.youtube.com\\\/user\\\/ApenCentreInformatic\",\"https:\\\/\\\/www.linkedin.com\\\/company\\\/1021771?trk=tyah&trkInfo=clickedVerticalcompanyclickedEntityId1021771idx2-1-2tarId1464195271196tasapenin\"]}]}<\/script>\n<!-- \/ Yoast SEO plugin. -->","yoast_head_json":{"title":"Pissarra interactiva - Apen Inform\u00e0tica","description":"Qu\u00e8 \u00e9s una pissarra interactiva? \u00c9s un ordinador connectat a un v\u00eddeo projector, que emet el senyal del PC sobre una superf\u00edcie llisa i r\u00edgida. Confia en Apen.","robots":{"index":"index","follow":"follow","max-snippet":"max-snippet:-1","max-image-preview":"max-image-preview:large","max-video-preview":"max-video-preview:-1"},"canonical":"https:\/\/www.apen.es\/ca\/glossari-dinformatica\/pissarra-interactiva\/","og_locale":"ca_ES","og_type":"article","og_title":"Pizarra interactiva - Apen Inform\u00e1tica","og_description":"\u00bfQue es una pizarra interactiva? Es un ordenador conectado a un v\u00eddeo proyector, que emite la se\u00f1al del PC sobre una superficie lisa y r\u00edgida. Conf\u00eda en Apen.","og_url":"https:\/\/www.apen.es\/ca\/glossari-dinformatica\/pissarra-interactiva\/","og_site_name":"Apen Inform\u00e1tica","article_publisher":"https:\/\/www.facebook.com\/apensolucions","article_modified_time":"2025-07-14T11:06:39+00:00","og_image":[{"url":"https:\/\/www.apen.es\/wp-content\/uploads\/2017\/09\/interactive-whiteboard-332239_640.jpg","type":"","width":"","height":""}],"twitter_card":"summary_large_image","twitter_misc":{"Temps estimat de lectura":"3 minuts"},"schema":{"@context":"https:\/\/schema.org","@graph":[{"@type":"WebPage","@id":"https:\/\/www.apen.es\/glosario-de-informatica\/pizarra-interactiva\/","url":"https:\/\/www.apen.es\/glosario-de-informatica\/pizarra-interactiva\/","name":"Pissarra interactiva - Apen Inform\u00e0tica","isPartOf":{"@id":"https:\/\/www.apen.es\/#website"},"primaryImageOfPage":{"@id":"https:\/\/www.apen.es\/glosario-de-informatica\/pizarra-interactiva\/#primaryimage"},"image":{"@id":"https:\/\/www.apen.es\/glosario-de-informatica\/pizarra-interactiva\/#primaryimage"},"thumbnailUrl":"https:\/\/www.apen.es\/wp-content\/uploads\/2017\/09\/interactive-whiteboard-332239_640.jpg","datePublished":"2017-09-14T09:35:31+00:00","dateModified":"2025-07-14T11:06:39+00:00","description":"Qu\u00e8 \u00e9s una pissarra interactiva? \u00c9s un ordinador connectat a un v\u00eddeo projector, que emet el senyal del PC sobre una superf\u00edcie llisa i r\u00edgida. Confia en Apen.","breadcrumb":{"@id":"https:\/\/www.apen.es\/glosario-de-informatica\/pizarra-interactiva\/#breadcrumb"},"inLanguage":"ca","potentialAction":[{"@type":"ReadAction","target":["https:\/\/www.apen.es\/glosario-de-informatica\/pizarra-interactiva\/"]}]},{"@type":"ImageObject","inLanguage":"ca","@id":"https:\/\/www.apen.es\/glosario-de-informatica\/pizarra-interactiva\/#primaryimage","url":"https:\/\/www.apen.es\/wp-content\/uploads\/2017\/09\/interactive-whiteboard-332239_640.jpg","contentUrl":"https:\/\/www.apen.es\/wp-content\/uploads\/2017\/09\/interactive-whiteboard-332239_640.jpg"},{"@type":"BreadcrumbList","@id":"https:\/\/www.apen.es\/glosario-de-informatica\/pizarra-interactiva\/#breadcrumb","itemListElement":[{"@type":"ListItem","position":1,"name":"Portada","item":"https:\/\/www.apen.es\/"},{"@type":"ListItem","position":2,"name":"Glosario de inform\u00e1tica","item":"https:\/\/www.apen.es\/glosario-de-informatica\/"},{"@type":"ListItem","position":3,"name":"Pizarra interactiva"}]},{"@type":"WebSite","@id":"https:\/\/www.apen.es\/#website","url":"https:\/\/www.apen.es\/","name":"Apen Inform\u00e0tica","description":"Manteniment inform\u00e0tic , programari de gesti\u00f3, solucions d&#039;impressi\u00f3","publisher":{"@id":"https:\/\/www.apen.es\/#organization"},"potentialAction":[{"@type":"SearchAction","target":{"@type":"EntryPoint","urlTemplate":"https:\/\/www.apen.es\/?s={search_term_string}"},"query-input":{"@type":"PropertyValueSpecification","valueRequired":true,"valueName":"search_term_string"}}],"inLanguage":"ca"},{"@type":"Organization","@id":"https:\/\/www.apen.es\/#organization","name":"Apen: Solucions inform\u00e0tiques","url":"https:\/\/www.apen.es\/","logo":{"@type":"ImageObject","inLanguage":"ca","@id":"https:\/\/www.apen.es\/#\/schema\/logo\/image\/","url":"https:\/\/www.apen.es\/wp-content\/uploads\/2022\/08\/logo-apenok-231x82-1.png","contentUrl":"https:\/\/www.apen.es\/wp-content\/uploads\/2022\/08\/logo-apenok-231x82-1.png","width":231,"height":82,"caption":"Apen: Soluciones inform\u00e1ticas"},"image":{"@id":"https:\/\/www.apen.es\/#\/schema\/logo\/image\/"},"sameAs":["https:\/\/www.facebook.com\/apensolucions","https:\/\/www.youtube.com\/user\/ApenCentreInformatic","https:\/\/www.linkedin.com\/company\/1021771?trk=tyah&trkInfo=clickedVerticalcompanyclickedEntityId1021771idx2-1-2tarId1464195271196tasapenin"]}]}},"taxonomy_info":[],"featured_image_src_large":false,"author_info":{"display_name":"marqueting","author_link":"https:\/\/www.apen.es\/ca\/blog\/author\/marqueting\/"},"comment_info":0,"_links":{"self":[{"href":"https:\/\/www.apen.es\/ca\/wp-json\/wp\/v2\/pages\/7048","targetHints":{"allow":["GET"]}}],"collection":[{"href":"https:\/\/www.apen.es\/ca\/wp-json\/wp\/v2\/pages"}],"about":[{"href":"https:\/\/www.apen.es\/ca\/wp-json\/wp\/v2\/types\/page"}],"author":[{"embeddable":true,"href":"https:\/\/www.apen.es\/ca\/wp-json\/wp\/v2\/users\/4"}],"replies":[{"embeddable":true,"href":"https:\/\/www.apen.es\/ca\/wp-json\/wp\/v2\/comments?post=7048"}],"version-history":[{"count":2,"href":"https:\/\/www.apen.es\/ca\/wp-json\/wp\/v2\/pages\/7048\/revisions"}],"predecessor-version":[{"id":56569,"href":"https:\/\/www.apen.es\/ca\/wp-json\/wp\/v2\/pages\/7048\/revisions\/56569"}],"up":[{"embeddable":true,"href":"https:\/\/www.apen.es\/ca\/wp-json\/wp\/v2\/pages\/6185"}],"wp:attachment":[{"href":"https:\/\/www.apen.es\/ca\/wp-json\/wp\/v2\/media?parent=7048"}],"curies":[{"name":"wp","href":"https:\/\/api.w.org\/{rel}","templated":true}]}}