{"id":7016,"date":"2017-08-29T10:25:26","date_gmt":"2017-08-29T10:25:26","guid":{"rendered":"https:\/\/www.apen.es\/?page_id=7016"},"modified":"2025-05-23T08:19:49","modified_gmt":"2025-05-23T08:19:49","slug":"distribuidor-impressores-oki","status":"publish","type":"page","link":"https:\/\/www.apen.es\/ca\/soluciones-de-impresion\/distribuidor-impresoras-oki\/","title":{"rendered":"Distribu\u00efdor impressores OKI"},"content":{"rendered":"<p>A Apen som especialistes en la implantaci\u00f3 i el manteniment d&#039;equips inform\u00e0tics, aportant solucions per a la gesti\u00f3 de les empreses amb l&#039;objectiu de millorar la capacitat competitiva dels nostres clients. Un dels serveis que oferim als nostres clients \u00e9s la&nbsp;<strong>distribuci\u00f3<\/strong>&nbsp;i la venda de productes inform\u00e0tics, com per exemple&nbsp;<strong>impressores<\/strong>, en aquest cas, parlarem de les&nbsp;<strong>impressores OKI<\/strong>.<\/p>\n\n\n\n<p><strong>OKI<\/strong>, per als qui encara no els conegueu, \u00e9s una empresa que ha estat l\u00edder mundial en innovaci\u00f3 orientada al client durant m\u00e9s de 130 anys, en els quals ha tingut m\u00e9s de 18.000 empleats repartits en 120 pa\u00efsos diferents.<\/p>\n\n\n\n<p>Per aquesta ra\u00f3, des d&#039;Apen, ens encarreguem de&nbsp;<strong>distribuir les impressores OKI<\/strong>, ja que creiem que garantir la qualitat que a nosaltres ens agrada oferir als nostres clients, vetllant sempre per complir la m\u00e0xima que sost\u00e9 la nostra filosofia empresarial: la vostra satisfacci\u00f3. A m\u00e9s a Apen,&nbsp;<strong>distribu\u00efdor d&#039;impressores OKI<\/strong>, compartim una gran quantitat de valors amb aquesta gran empresa, alguns d&#039;aquests valors s\u00f3n:<\/p>\n\n\n\n<ul class=\"wp-block-list\">\n<li>Assessorament: Oferim assessorament a tots aquells clients que acudeixin a nosaltres, intentant resoldre tots els dubtes que tinguin i que estiguin a les nostres mans.<\/li>\n\n\n\n<li>M\u00ednim preu: A l&#039;hora de&nbsp;<strong>distribuir les impressores OKI<\/strong>, us garantim el m\u00ednim preu al nostre servei.<\/li>\n\n\n\n<li>Facilitat: A Apen, tenim una gran gamma de productes i de coneixements, per aix\u00f2 no ens resulta dif\u00edcil cobrir les exig\u00e8ncies actuals del mercat i posar solucions eficaces als vostres problemes.<\/li>\n\n\n\n<li>Serveis: Servei professional marcat pel lliurament, vocaci\u00f3 i passi\u00f3 que promouen el s\u00ed de la nostra tasca i identifiquen la filosofia de la nostra organitzaci\u00f3.<\/li>\n\n\n\n<li>Qualitat: Una de les raons per les quals&nbsp;<strong>distribu\u00efm les impressores OKI<\/strong>&nbsp;\u00e9s perqu\u00e8 sempre volem oferir la m\u00e0xima qualitat a tots i cadascun dels nostres serveis, recursos i productes inform\u00e0tics i electr\u00f2nics que oferim.<\/li>\n<\/ul>\n\n\n\n<p>Sense cap dubte,&nbsp;<strong>OKI<\/strong>&nbsp;s&#039;adapta perfectament a tots els aspectes de la nostra filosofia, a m\u00e9s \u00e9s una empresa amb innovacions tecnol\u00f2giques l\u00edders al m\u00f3n.<\/p>\n\n\n\n<p>L&#039;any 1989, l&#039;empresa&nbsp;<strong>OKI<\/strong>, va fer una gran innovaci\u00f3 amb les&nbsp;<strong>impressores<\/strong>LED, el 2005, va presentar el primer equip multifunci\u00f3 color A4 del m\u00f3n i el 2012, va fer les primeres&nbsp;<strong>impressores<\/strong>&nbsp;de t\u00f2ner blanc LED digitals. Com podeu observar la innovaci\u00f3, sempre forma part dels valors de&nbsp;<strong>OKI<\/strong>, adaptant-se sempre a les noves generacions.<\/p>\n\n\n\n<p>El motor de tots els seus aven\u00e7os estan enfocats a la tecnologia LED, o tamb\u00e9 conegut com a d\u00edode emissor de llum, que \u00e9s un tipus d&#039;element semiconductor que emet llum i que ofereix a tots els seus clients i als nostres un millor rendiment en \u00e0rees com el control de costos, la qualitat i l&#039;impacte mediambiental.<\/p>\n\n\n\n<p>Com podreu observar, a Apen, empresa&nbsp;<strong>distribu\u00efdora OKI<\/strong>, sempre ens centrem en empreses innovadores, perqu\u00e8 tots i cadascun dels nostres clients pugueu obtenir els resultats que esper\u00e0veu i uns productes de primera qualitat que s&#039;adaptin a les vostres necessitats. Si voleu m\u00e9s informaci\u00f3, no dubteu a posar-vos en contacte amb la nostra empresa de solucions globals d&#039;inform\u00e0tica i tecnologia.<\/p>","protected":false},"excerpt":{"rendered":"<p>En Apen somos especialistas en la implantaci\u00f3n y el mantenimiento de equipos inform\u00e1ticos, aportando soluciones para la gesti\u00f3n de las empresas con el objetivo de mejorar la capacidad competitiva de nuestros clientes. Uno de los servicios que ofrecemos a nuestros clientes es la&nbsp;distribuci\u00f3n&nbsp;y la venda de productos inform\u00e1ticos, como por ejemplo&nbsp;impresoras, en este caso, hablaremos&#8230;<\/p>","protected":false},"author":4,"featured_media":0,"parent":1158,"menu_order":0,"comment_status":"closed","ping_status":"closed","template":"page-renting-impresoras.php","meta":{"_acf_changed":false,"_kad_blocks_custom_css":"","_kad_blocks_head_custom_js":"","_kad_blocks_body_custom_js":"","_kad_blocks_footer_custom_js":"","_kad_post_transparent":"","_kad_post_title":"","_kad_post_layout":"","_kad_post_sidebar_id":"","_kad_post_content_style":"","_kad_post_vertical_padding":"","_kad_post_feature":"","_kad_post_feature_position":"","_kad_post_header":false,"_kad_post_footer":false,"_kad_post_classname":"","footnotes":""},"class_list":["post-7016","page","type-page","status-publish","hentry"],"acf":[],"yoast_head":"<!-- This site is optimized with the Yoast SEO plugin v27.4 - https:\/\/yoast.com\/product\/yoast-seo-wordpress\/ -->\n<title>Distribuidor impresoras OKI - Apen Inform\u00e1tica<\/title>\n<meta name=\"description\" content=\"Apen es distribuidor de impresoras OKI. Ofrecemos asesoramiento, m\u00ednimo precio, facilidad, servicios y calidad. Ll\u00e1manos al 938 606 220 sin compromiso.\" \/>\n<meta name=\"robots\" content=\"index, follow, max-snippet:-1, max-image-preview:large, max-video-preview:-1\" \/>\n<link rel=\"canonical\" href=\"https:\/\/www.apen.es\/ca\/solucions-dimpressio\/distribuidor-impressores-oki\/\" \/>\n<meta property=\"og:locale\" content=\"ca_ES\" \/>\n<meta property=\"og:type\" content=\"article\" \/>\n<meta property=\"og:title\" content=\"Distribuidor impresoras OKI - Apen Inform\u00e1tica\" \/>\n<meta property=\"og:description\" content=\"Apen es distribuidor de impresoras OKI. Ofrecemos asesoramiento, m\u00ednimo precio, facilidad, servicios y calidad. Ll\u00e1manos al 938 606 220 sin compromiso.\" \/>\n<meta property=\"og:url\" content=\"https:\/\/www.apen.es\/ca\/solucions-dimpressio\/distribuidor-impressores-oki\/\" \/>\n<meta property=\"og:site_name\" content=\"Apen Inform\u00e1tica\" \/>\n<meta property=\"article:publisher\" content=\"https:\/\/www.facebook.com\/apensolucions\" \/>\n<meta property=\"article:modified_time\" content=\"2025-05-23T08:19:49+00:00\" \/>\n<meta property=\"og:image\" content=\"https:\/\/www.apen.es\/wp-content\/uploads\/2016\/05\/logo-apen-231x82-trasparent.png\" \/>\n\t<meta property=\"og:image:width\" content=\"231\" \/>\n\t<meta property=\"og:image:height\" content=\"82\" \/>\n\t<meta property=\"og:image:type\" content=\"image\/png\" \/>\n<meta name=\"twitter:card\" content=\"summary_large_image\" \/>\n<meta name=\"twitter:label1\" content=\"Temps estimat de lectura\" \/>\n\t<meta name=\"twitter:data1\" content=\"8 minuts\" \/>\n<script type=\"application\/ld+json\" class=\"yoast-schema-graph\">{\"@context\":\"https:\\\/\\\/schema.org\",\"@graph\":[{\"@type\":\"WebPage\",\"@id\":\"https:\\\/\\\/www.apen.es\\\/soluciones-de-impresion\\\/distribuidor-impresoras-oki\\\/\",\"url\":\"https:\\\/\\\/www.apen.es\\\/soluciones-de-impresion\\\/distribuidor-impresoras-oki\\\/\",\"name\":\"Distribuidor impresoras OKI - Apen Inform\u00e1tica\",\"isPartOf\":{\"@id\":\"https:\\\/\\\/www.apen.es\\\/#website\"},\"datePublished\":\"2017-08-29T10:25:26+00:00\",\"dateModified\":\"2025-05-23T08:19:49+00:00\",\"description\":\"Apen es distribuidor de impresoras OKI. Ofrecemos asesoramiento, m\u00ednimo precio, facilidad, servicios y calidad. Ll\u00e1manos al 938 606 220 sin compromiso.\",\"breadcrumb\":{\"@id\":\"https:\\\/\\\/www.apen.es\\\/soluciones-de-impresion\\\/distribuidor-impresoras-oki\\\/#breadcrumb\"},\"inLanguage\":\"ca\",\"potentialAction\":[{\"@type\":\"ReadAction\",\"target\":[\"https:\\\/\\\/www.apen.es\\\/soluciones-de-impresion\\\/distribuidor-impresoras-oki\\\/\"]}]},{\"@type\":\"BreadcrumbList\",\"@id\":\"https:\\\/\\\/www.apen.es\\\/soluciones-de-impresion\\\/distribuidor-impresoras-oki\\\/#breadcrumb\",\"itemListElement\":[{\"@type\":\"ListItem\",\"position\":1,\"name\":\"Portada\",\"item\":\"https:\\\/\\\/www.apen.es\\\/\"},{\"@type\":\"ListItem\",\"position\":2,\"name\":\"Soluciones de impresi\u00f3n\",\"item\":\"https:\\\/\\\/www.apen.es\\\/soluciones-de-impresion\\\/\"},{\"@type\":\"ListItem\",\"position\":3,\"name\":\"Distribuidor impresoras OKI\"}]},{\"@type\":\"WebSite\",\"@id\":\"https:\\\/\\\/www.apen.es\\\/#website\",\"url\":\"https:\\\/\\\/www.apen.es\\\/\",\"name\":\"Apen Inform\u00e1tica\",\"description\":\"Mantenimiento Inform\u00e1tico , Software de Gesti\u00f3n, Soluciones de impresi\u00f3n\",\"publisher\":{\"@id\":\"https:\\\/\\\/www.apen.es\\\/#organization\"},\"potentialAction\":[{\"@type\":\"SearchAction\",\"target\":{\"@type\":\"EntryPoint\",\"urlTemplate\":\"https:\\\/\\\/www.apen.es\\\/?s={search_term_string}\"},\"query-input\":{\"@type\":\"PropertyValueSpecification\",\"valueRequired\":true,\"valueName\":\"search_term_string\"}}],\"inLanguage\":\"ca\"},{\"@type\":\"Organization\",\"@id\":\"https:\\\/\\\/www.apen.es\\\/#organization\",\"name\":\"Apen: Soluciones inform\u00e1ticas\",\"url\":\"https:\\\/\\\/www.apen.es\\\/\",\"logo\":{\"@type\":\"ImageObject\",\"inLanguage\":\"ca\",\"@id\":\"https:\\\/\\\/www.apen.es\\\/#\\\/schema\\\/logo\\\/image\\\/\",\"url\":\"https:\\\/\\\/www.apen.es\\\/wp-content\\\/uploads\\\/2022\\\/08\\\/logo-apenok-231x82-1.png\",\"contentUrl\":\"https:\\\/\\\/www.apen.es\\\/wp-content\\\/uploads\\\/2022\\\/08\\\/logo-apenok-231x82-1.png\",\"width\":231,\"height\":82,\"caption\":\"Apen: Soluciones inform\u00e1ticas\"},\"image\":{\"@id\":\"https:\\\/\\\/www.apen.es\\\/#\\\/schema\\\/logo\\\/image\\\/\"},\"sameAs\":[\"https:\\\/\\\/www.facebook.com\\\/apensolucions\",\"https:\\\/\\\/www.youtube.com\\\/user\\\/ApenCentreInformatic\",\"https:\\\/\\\/www.linkedin.com\\\/company\\\/1021771?trk=tyah&trkInfo=clickedVerticalcompanyclickedEntityId1021771idx2-1-2tarId1464195271196tasapenin\"]}]}<\/script>\n<!-- \/ Yoast SEO plugin. -->","yoast_head_json":{"title":"Distribu\u00efdor impressores OKI - Apen Inform\u00e0tica","description":"Apen \u00e9s distribu\u00efdor d&#039;impressores OKI. Oferim assessorament, m\u00ednim preu, facilitat, serveis i qualitat. Truca&#039;ns al 938 606 220 sense comprom\u00eds.","robots":{"index":"index","follow":"follow","max-snippet":"max-snippet:-1","max-image-preview":"max-image-preview:large","max-video-preview":"max-video-preview:-1"},"canonical":"https:\/\/www.apen.es\/ca\/solucions-dimpressio\/distribuidor-impressores-oki\/","og_locale":"ca_ES","og_type":"article","og_title":"Distribuidor impresoras OKI - Apen Inform\u00e1tica","og_description":"Apen es distribuidor de impresoras OKI. Ofrecemos asesoramiento, m\u00ednimo precio, facilidad, servicios y calidad. Ll\u00e1manos al 938 606 220 sin compromiso.","og_url":"https:\/\/www.apen.es\/ca\/solucions-dimpressio\/distribuidor-impressores-oki\/","og_site_name":"Apen Inform\u00e1tica","article_publisher":"https:\/\/www.facebook.com\/apensolucions","article_modified_time":"2025-05-23T08:19:49+00:00","og_image":[{"width":231,"height":82,"url":"https:\/\/www.apen.es\/wp-content\/uploads\/2016\/05\/logo-apen-231x82-trasparent.png","type":"image\/png"}],"twitter_card":"summary_large_image","twitter_misc":{"Temps estimat de lectura":"8 minuts"},"schema":{"@context":"https:\/\/schema.org","@graph":[{"@type":"WebPage","@id":"https:\/\/www.apen.es\/soluciones-de-impresion\/distribuidor-impresoras-oki\/","url":"https:\/\/www.apen.es\/soluciones-de-impresion\/distribuidor-impresoras-oki\/","name":"Distribu\u00efdor impressores OKI - Apen Inform\u00e0tica","isPartOf":{"@id":"https:\/\/www.apen.es\/#website"},"datePublished":"2017-08-29T10:25:26+00:00","dateModified":"2025-05-23T08:19:49+00:00","description":"Apen \u00e9s distribu\u00efdor d&#039;impressores OKI. Oferim assessorament, m\u00ednim preu, facilitat, serveis i qualitat. Truca&#039;ns al 938 606 220 sense comprom\u00eds.","breadcrumb":{"@id":"https:\/\/www.apen.es\/soluciones-de-impresion\/distribuidor-impresoras-oki\/#breadcrumb"},"inLanguage":"ca","potentialAction":[{"@type":"ReadAction","target":["https:\/\/www.apen.es\/soluciones-de-impresion\/distribuidor-impresoras-oki\/"]}]},{"@type":"BreadcrumbList","@id":"https:\/\/www.apen.es\/soluciones-de-impresion\/distribuidor-impresoras-oki\/#breadcrumb","itemListElement":[{"@type":"ListItem","position":1,"name":"Portada","item":"https:\/\/www.apen.es\/"},{"@type":"ListItem","position":2,"name":"Soluciones de impresi\u00f3n","item":"https:\/\/www.apen.es\/soluciones-de-impresion\/"},{"@type":"ListItem","position":3,"name":"Distribuidor impresoras OKI"}]},{"@type":"WebSite","@id":"https:\/\/www.apen.es\/#website","url":"https:\/\/www.apen.es\/","name":"Apen Inform\u00e0tica","description":"Manteniment inform\u00e0tic , programari de gesti\u00f3, solucions d&#039;impressi\u00f3","publisher":{"@id":"https:\/\/www.apen.es\/#organization"},"potentialAction":[{"@type":"SearchAction","target":{"@type":"EntryPoint","urlTemplate":"https:\/\/www.apen.es\/?s={search_term_string}"},"query-input":{"@type":"PropertyValueSpecification","valueRequired":true,"valueName":"search_term_string"}}],"inLanguage":"ca"},{"@type":"Organization","@id":"https:\/\/www.apen.es\/#organization","name":"Apen: Solucions inform\u00e0tiques","url":"https:\/\/www.apen.es\/","logo":{"@type":"ImageObject","inLanguage":"ca","@id":"https:\/\/www.apen.es\/#\/schema\/logo\/image\/","url":"https:\/\/www.apen.es\/wp-content\/uploads\/2022\/08\/logo-apenok-231x82-1.png","contentUrl":"https:\/\/www.apen.es\/wp-content\/uploads\/2022\/08\/logo-apenok-231x82-1.png","width":231,"height":82,"caption":"Apen: Soluciones inform\u00e1ticas"},"image":{"@id":"https:\/\/www.apen.es\/#\/schema\/logo\/image\/"},"sameAs":["https:\/\/www.facebook.com\/apensolucions","https:\/\/www.youtube.com\/user\/ApenCentreInformatic","https:\/\/www.linkedin.com\/company\/1021771?trk=tyah&trkInfo=clickedVerticalcompanyclickedEntityId1021771idx2-1-2tarId1464195271196tasapenin"]}]}},"taxonomy_info":[],"featured_image_src_large":false,"author_info":{"display_name":"marqueting","author_link":"https:\/\/www.apen.es\/ca\/blog\/author\/marqueting\/"},"comment_info":0,"_links":{"self":[{"href":"https:\/\/www.apen.es\/ca\/wp-json\/wp\/v2\/pages\/7016","targetHints":{"allow":["GET"]}}],"collection":[{"href":"https:\/\/www.apen.es\/ca\/wp-json\/wp\/v2\/pages"}],"about":[{"href":"https:\/\/www.apen.es\/ca\/wp-json\/wp\/v2\/types\/page"}],"author":[{"embeddable":true,"href":"https:\/\/www.apen.es\/ca\/wp-json\/wp\/v2\/users\/4"}],"replies":[{"embeddable":true,"href":"https:\/\/www.apen.es\/ca\/wp-json\/wp\/v2\/comments?post=7016"}],"version-history":[{"count":3,"href":"https:\/\/www.apen.es\/ca\/wp-json\/wp\/v2\/pages\/7016\/revisions"}],"predecessor-version":[{"id":54866,"href":"https:\/\/www.apen.es\/ca\/wp-json\/wp\/v2\/pages\/7016\/revisions\/54866"}],"up":[{"embeddable":true,"href":"https:\/\/www.apen.es\/ca\/wp-json\/wp\/v2\/pages\/1158"}],"wp:attachment":[{"href":"https:\/\/www.apen.es\/ca\/wp-json\/wp\/v2\/media?parent=7016"}],"curies":[{"name":"wp","href":"https:\/\/api.w.org\/{rel}","templated":true}]}}