{"id":7014,"date":"2017-08-29T10:23:24","date_gmt":"2017-08-29T10:23:24","guid":{"rendered":"https:\/\/www.apen.es\/?page_id=7014"},"modified":"2025-05-23T08:02:12","modified_gmt":"2025-05-23T08:02:12","slug":"distribuidor-impressores-hp","status":"publish","type":"page","link":"https:\/\/www.apen.es\/ca\/soluciones-de-impresion\/distribuidor-impresoras-hp\/","title":{"rendered":"Distribu\u00efdor impressores HP"},"content":{"rendered":"<p>Apen ofereix una \u00e0mplia varietat de&nbsp;<strong>impressores<\/strong>, entre les quals podem trobar les&nbsp;<strong>impressores<\/strong>&nbsp;<strong>HP<\/strong>. La visi\u00f3 de l&#039;empresa de&nbsp;<strong>impressores HP<\/strong>&nbsp;\u00e9s crear tecnologia que faci la vida millor per a tothom. \u00c9s per aix\u00f2 que aquesta empresa crea&nbsp;<strong>impressores<\/strong>&nbsp;i tot tipus daparells tecnol\u00f2gics per facilitar el dia a dia de les persones que utilitzen els seus equips. Apen vol oferir les&nbsp;<strong>impressores HP<\/strong>&nbsp;sent un dels seus&nbsp;<strong>distribu\u00efdors<\/strong>.<\/p>\n\n\n\n<p><strong>HP<\/strong>, tamb\u00e9 nomenada Hewlett-Packard, \u00e9s una empresa nord-americana fundada el 1939, de les majors empreses de tecnologies de la informaci\u00f3 del m\u00f3n, la seu de les quals est\u00e0 ubicada a Calif\u00f2rnia. Aquesta empresa \u00e9s l\u00edder de venda de&nbsp;<strong>impressores<\/strong>&nbsp;al m\u00f3n i la segona a nivell mundial en venda de computadors personals i port\u00e0tils. A m\u00e9s,&nbsp;<strong>HP<\/strong>&nbsp;es dedica a m\u00e9s sectors de la ind\u00fastria com ara inform\u00e0tica, programari, maquinari i telefonia, entre d&#039;altres.<\/p>\n\n\n\n<p>Apen s&#039;adapta a les necessitats i prefer\u00e8ncia de cada empresa, aix\u00ed ofereix productes de qualitat i de les millors marques com les&nbsp;<strong>impressores HP<\/strong>. A m\u00e9s de&nbsp;<strong>distribuir<\/strong>&nbsp;<strong>impressores HP<\/strong>, Apen tamb\u00e9 ven altres productes d&#039;aquesta marca que poden ser complementaris o recanvis de les&nbsp;<strong>impressores HP<\/strong>.<\/p>\n\n\n\n<p>A m\u00e9s, Apen \u00e9s una empresa especialitzada en la implantaci\u00f3 i el manteniment d&#039;equips inform\u00e0tics, aportant aix\u00ed solucions per a la gesti\u00f3 de les empreses. L&#039;objectiu principal d&#039;Apen \u00e9s millorar la capacitat competitiva dels clients, per tant els ofereix tots els recursos necessaris per a la vostra empresa.<\/p>\n\n\n\n<p>Per&nbsp;<strong>distribuir<\/strong>&nbsp;les&nbsp;<strong>impressores HP<\/strong>, Apen disposa d&#039;una botiga en l\u00ednia on els seus clients poden trobar una gran varietat d&#039;aparells i equips tecnol\u00f2gics perfectes per a qualsevol empresa. A m\u00e9s, aquesta empresa nom\u00e9s treballa amb les millors marques del mercat com&nbsp;<strong>HP<\/strong>.<\/p>\n\n\n\n<p>Apen, com&nbsp;<strong>distribu\u00efdor<\/strong>&nbsp;de&nbsp;<strong>impressores HP<\/strong>, ofereix una \u00e0mplia gamma de productes de la marca per tal de satisfer les necessitats de tots els seus clients. A m\u00e9s, ofereix molts altres serveis i productes amb el principal objectiu de millorar la gesti\u00f3 i l&#039;organitzaci\u00f3 de les diferents empreses que requereixen la seva feina.<\/p>\n\n\n\n<p>Gr\u00e0cies a l&#039;\u00e0mplia experi\u00e8ncia d&#039;Apen, coneix molt millor com adaptar-se a les necessitats i la demanda del mercat de la inform\u00e0tica i la gesti\u00f3 empresarial i pot oferir els productes i serveis que el client realment necessita. Aquesta empresa disposa de m\u00e9s de vint-i-cinc anys de traject\u00f2ria al seu sector, \u00e9s per aix\u00f2 que actualment ha arribat a ser&nbsp;<strong>distribu\u00efdora<\/strong>&nbsp;de l&#039;empresa de&nbsp;<strong>impressores HP<\/strong>, oferint aix\u00ed, una \u00e0mplia varietat de productes de qualitat a tots els seus clients i empreses.<\/p>\n\n\n\n<p>La clau per aconseguir els objectius d&#039;Apen, com ser&nbsp;<strong>distribu\u00efdor<\/strong>&nbsp;de l&#039;empresa de&nbsp;<strong>impressores<\/strong>&nbsp;<strong>HP<\/strong>, \u00e9s posar un gran esfor\u00e7 i comptar amb un equip de treball professional i comprom\u00e8s amb lobjectiu de complir sempre noves metes i arribar a m\u00e9s empreses que requereixin els seus serveis i productes, no oblidant mai el seu principal objectiu que \u00e9s satisfer tots els seus clients.<\/p>","protected":false},"excerpt":{"rendered":"<p>Apen ofrece una amplia variedad de&nbsp;impresoras, entre las cuales podemos encontrar las&nbsp;impresoras&nbsp;HP. La visi\u00f3n de la empresa de&nbsp;impresoras HP&nbsp;es crear tecnolog\u00eda que haga la vida mejor para todos. Es por eso, que esta empresa crea&nbsp;impresoras&nbsp;y todo tipo de aparatos tecnol\u00f3gicos para facilitar el d\u00eda a d\u00eda de las personas que utilizan sus equipos. Apen quiere&#8230;<\/p>","protected":false},"author":4,"featured_media":0,"parent":1158,"menu_order":0,"comment_status":"closed","ping_status":"closed","template":"page-renting-impresoras.php","meta":{"_acf_changed":false,"_kad_blocks_custom_css":"","_kad_blocks_head_custom_js":"","_kad_blocks_body_custom_js":"","_kad_blocks_footer_custom_js":"","_kad_post_transparent":"","_kad_post_title":"","_kad_post_layout":"","_kad_post_sidebar_id":"","_kad_post_content_style":"","_kad_post_vertical_padding":"","_kad_post_feature":"","_kad_post_feature_position":"","_kad_post_header":false,"_kad_post_footer":false,"_kad_post_classname":"","footnotes":""},"class_list":["post-7014","page","type-page","status-publish","hentry"],"acf":[],"yoast_head":"<!-- This site is optimized with the Yoast SEO plugin v27.4 - https:\/\/yoast.com\/product\/yoast-seo-wordpress\/ -->\n<title>Distribuidor impresoras HP - Apen Inform\u00e1tica<\/title>\n<meta name=\"description\" content=\"Apen es distribuidor de impresoras HP. Apen tambi\u00e9n vende otros productos de esta marca o repuestos de las impresoras HP. Conf\u00eda en Apen.\" \/>\n<meta name=\"robots\" content=\"index, follow, max-snippet:-1, max-image-preview:large, max-video-preview:-1\" \/>\n<link rel=\"canonical\" href=\"https:\/\/www.apen.es\/ca\/solucions-dimpressio\/distribuidor-impressores-hp\/\" \/>\n<meta property=\"og:locale\" content=\"ca_ES\" \/>\n<meta property=\"og:type\" content=\"article\" \/>\n<meta property=\"og:title\" content=\"Distribuidor impresoras HP - Apen Inform\u00e1tica\" \/>\n<meta property=\"og:description\" content=\"Apen es distribuidor de impresoras HP. Apen tambi\u00e9n vende otros productos de esta marca o repuestos de las impresoras HP. Conf\u00eda en Apen.\" \/>\n<meta property=\"og:url\" content=\"https:\/\/www.apen.es\/ca\/solucions-dimpressio\/distribuidor-impressores-hp\/\" \/>\n<meta property=\"og:site_name\" content=\"Apen Inform\u00e1tica\" \/>\n<meta property=\"article:publisher\" content=\"https:\/\/www.facebook.com\/apensolucions\" \/>\n<meta property=\"article:modified_time\" content=\"2025-05-23T08:02:12+00:00\" \/>\n<meta property=\"og:image\" content=\"https:\/\/www.apen.es\/wp-content\/uploads\/2016\/05\/logo-apen-231x82-trasparent.png\" \/>\n\t<meta property=\"og:image:width\" content=\"231\" \/>\n\t<meta property=\"og:image:height\" content=\"82\" \/>\n\t<meta property=\"og:image:type\" content=\"image\/png\" \/>\n<meta name=\"twitter:card\" content=\"summary_large_image\" \/>\n<meta name=\"twitter:label1\" content=\"Temps estimat de lectura\" \/>\n\t<meta name=\"twitter:data1\" content=\"8 minuts\" \/>\n<script type=\"application\/ld+json\" class=\"yoast-schema-graph\">{\"@context\":\"https:\\\/\\\/schema.org\",\"@graph\":[{\"@type\":\"WebPage\",\"@id\":\"https:\\\/\\\/www.apen.es\\\/soluciones-de-impresion\\\/distribuidor-impresoras-hp\\\/\",\"url\":\"https:\\\/\\\/www.apen.es\\\/soluciones-de-impresion\\\/distribuidor-impresoras-hp\\\/\",\"name\":\"Distribuidor impresoras HP - Apen Inform\u00e1tica\",\"isPartOf\":{\"@id\":\"https:\\\/\\\/www.apen.es\\\/#website\"},\"datePublished\":\"2017-08-29T10:23:24+00:00\",\"dateModified\":\"2025-05-23T08:02:12+00:00\",\"description\":\"Apen es distribuidor de impresoras HP. Apen tambi\u00e9n vende otros productos de esta marca o repuestos de las impresoras HP. Conf\u00eda en Apen.\",\"breadcrumb\":{\"@id\":\"https:\\\/\\\/www.apen.es\\\/soluciones-de-impresion\\\/distribuidor-impresoras-hp\\\/#breadcrumb\"},\"inLanguage\":\"ca\",\"potentialAction\":[{\"@type\":\"ReadAction\",\"target\":[\"https:\\\/\\\/www.apen.es\\\/soluciones-de-impresion\\\/distribuidor-impresoras-hp\\\/\"]}]},{\"@type\":\"BreadcrumbList\",\"@id\":\"https:\\\/\\\/www.apen.es\\\/soluciones-de-impresion\\\/distribuidor-impresoras-hp\\\/#breadcrumb\",\"itemListElement\":[{\"@type\":\"ListItem\",\"position\":1,\"name\":\"Portada\",\"item\":\"https:\\\/\\\/www.apen.es\\\/\"},{\"@type\":\"ListItem\",\"position\":2,\"name\":\"Soluciones de impresi\u00f3n\",\"item\":\"https:\\\/\\\/www.apen.es\\\/soluciones-de-impresion\\\/\"},{\"@type\":\"ListItem\",\"position\":3,\"name\":\"Distribuidor impresoras HP\"}]},{\"@type\":\"WebSite\",\"@id\":\"https:\\\/\\\/www.apen.es\\\/#website\",\"url\":\"https:\\\/\\\/www.apen.es\\\/\",\"name\":\"Apen Inform\u00e1tica\",\"description\":\"Mantenimiento Inform\u00e1tico , Software de Gesti\u00f3n, Soluciones de impresi\u00f3n\",\"publisher\":{\"@id\":\"https:\\\/\\\/www.apen.es\\\/#organization\"},\"potentialAction\":[{\"@type\":\"SearchAction\",\"target\":{\"@type\":\"EntryPoint\",\"urlTemplate\":\"https:\\\/\\\/www.apen.es\\\/?s={search_term_string}\"},\"query-input\":{\"@type\":\"PropertyValueSpecification\",\"valueRequired\":true,\"valueName\":\"search_term_string\"}}],\"inLanguage\":\"ca\"},{\"@type\":\"Organization\",\"@id\":\"https:\\\/\\\/www.apen.es\\\/#organization\",\"name\":\"Apen: Soluciones inform\u00e1ticas\",\"url\":\"https:\\\/\\\/www.apen.es\\\/\",\"logo\":{\"@type\":\"ImageObject\",\"inLanguage\":\"ca\",\"@id\":\"https:\\\/\\\/www.apen.es\\\/#\\\/schema\\\/logo\\\/image\\\/\",\"url\":\"https:\\\/\\\/www.apen.es\\\/wp-content\\\/uploads\\\/2022\\\/08\\\/logo-apenok-231x82-1.png\",\"contentUrl\":\"https:\\\/\\\/www.apen.es\\\/wp-content\\\/uploads\\\/2022\\\/08\\\/logo-apenok-231x82-1.png\",\"width\":231,\"height\":82,\"caption\":\"Apen: Soluciones inform\u00e1ticas\"},\"image\":{\"@id\":\"https:\\\/\\\/www.apen.es\\\/#\\\/schema\\\/logo\\\/image\\\/\"},\"sameAs\":[\"https:\\\/\\\/www.facebook.com\\\/apensolucions\",\"https:\\\/\\\/www.youtube.com\\\/user\\\/ApenCentreInformatic\",\"https:\\\/\\\/www.linkedin.com\\\/company\\\/1021771?trk=tyah&trkInfo=clickedVerticalcompanyclickedEntityId1021771idx2-1-2tarId1464195271196tasapenin\"]}]}<\/script>\n<!-- \/ Yoast SEO plugin. -->","yoast_head_json":{"title":"Distribu\u00efdor impressores HP - Apen Inform\u00e0tica","description":"Apen \u00e9s distribu\u00efdor d&#039;impressores HP. Apen tamb\u00e9 ven altres productes daquesta marca o recanvis de les impressores HP. Confia en Apen.","robots":{"index":"index","follow":"follow","max-snippet":"max-snippet:-1","max-image-preview":"max-image-preview:large","max-video-preview":"max-video-preview:-1"},"canonical":"https:\/\/www.apen.es\/ca\/solucions-dimpressio\/distribuidor-impressores-hp\/","og_locale":"ca_ES","og_type":"article","og_title":"Distribuidor impresoras HP - Apen Inform\u00e1tica","og_description":"Apen es distribuidor de impresoras HP. Apen tambi\u00e9n vende otros productos de esta marca o repuestos de las impresoras HP. Conf\u00eda en Apen.","og_url":"https:\/\/www.apen.es\/ca\/solucions-dimpressio\/distribuidor-impressores-hp\/","og_site_name":"Apen Inform\u00e1tica","article_publisher":"https:\/\/www.facebook.com\/apensolucions","article_modified_time":"2025-05-23T08:02:12+00:00","og_image":[{"width":231,"height":82,"url":"https:\/\/www.apen.es\/wp-content\/uploads\/2016\/05\/logo-apen-231x82-trasparent.png","type":"image\/png"}],"twitter_card":"summary_large_image","twitter_misc":{"Temps estimat de lectura":"8 minuts"},"schema":{"@context":"https:\/\/schema.org","@graph":[{"@type":"WebPage","@id":"https:\/\/www.apen.es\/soluciones-de-impresion\/distribuidor-impresoras-hp\/","url":"https:\/\/www.apen.es\/soluciones-de-impresion\/distribuidor-impresoras-hp\/","name":"Distribu\u00efdor impressores HP - Apen Inform\u00e0tica","isPartOf":{"@id":"https:\/\/www.apen.es\/#website"},"datePublished":"2017-08-29T10:23:24+00:00","dateModified":"2025-05-23T08:02:12+00:00","description":"Apen \u00e9s distribu\u00efdor d&#039;impressores HP. Apen tamb\u00e9 ven altres productes daquesta marca o recanvis de les impressores HP. Confia en Apen.","breadcrumb":{"@id":"https:\/\/www.apen.es\/soluciones-de-impresion\/distribuidor-impresoras-hp\/#breadcrumb"},"inLanguage":"ca","potentialAction":[{"@type":"ReadAction","target":["https:\/\/www.apen.es\/soluciones-de-impresion\/distribuidor-impresoras-hp\/"]}]},{"@type":"BreadcrumbList","@id":"https:\/\/www.apen.es\/soluciones-de-impresion\/distribuidor-impresoras-hp\/#breadcrumb","itemListElement":[{"@type":"ListItem","position":1,"name":"Portada","item":"https:\/\/www.apen.es\/"},{"@type":"ListItem","position":2,"name":"Soluciones de impresi\u00f3n","item":"https:\/\/www.apen.es\/soluciones-de-impresion\/"},{"@type":"ListItem","position":3,"name":"Distribuidor impresoras HP"}]},{"@type":"WebSite","@id":"https:\/\/www.apen.es\/#website","url":"https:\/\/www.apen.es\/","name":"Apen Inform\u00e0tica","description":"Manteniment inform\u00e0tic , programari de gesti\u00f3, solucions d&#039;impressi\u00f3","publisher":{"@id":"https:\/\/www.apen.es\/#organization"},"potentialAction":[{"@type":"SearchAction","target":{"@type":"EntryPoint","urlTemplate":"https:\/\/www.apen.es\/?s={search_term_string}"},"query-input":{"@type":"PropertyValueSpecification","valueRequired":true,"valueName":"search_term_string"}}],"inLanguage":"ca"},{"@type":"Organization","@id":"https:\/\/www.apen.es\/#organization","name":"Apen: Solucions inform\u00e0tiques","url":"https:\/\/www.apen.es\/","logo":{"@type":"ImageObject","inLanguage":"ca","@id":"https:\/\/www.apen.es\/#\/schema\/logo\/image\/","url":"https:\/\/www.apen.es\/wp-content\/uploads\/2022\/08\/logo-apenok-231x82-1.png","contentUrl":"https:\/\/www.apen.es\/wp-content\/uploads\/2022\/08\/logo-apenok-231x82-1.png","width":231,"height":82,"caption":"Apen: Soluciones inform\u00e1ticas"},"image":{"@id":"https:\/\/www.apen.es\/#\/schema\/logo\/image\/"},"sameAs":["https:\/\/www.facebook.com\/apensolucions","https:\/\/www.youtube.com\/user\/ApenCentreInformatic","https:\/\/www.linkedin.com\/company\/1021771?trk=tyah&trkInfo=clickedVerticalcompanyclickedEntityId1021771idx2-1-2tarId1464195271196tasapenin"]}]}},"taxonomy_info":[],"featured_image_src_large":false,"author_info":{"display_name":"marqueting","author_link":"https:\/\/www.apen.es\/ca\/blog\/author\/marqueting\/"},"comment_info":0,"_links":{"self":[{"href":"https:\/\/www.apen.es\/ca\/wp-json\/wp\/v2\/pages\/7014","targetHints":{"allow":["GET"]}}],"collection":[{"href":"https:\/\/www.apen.es\/ca\/wp-json\/wp\/v2\/pages"}],"about":[{"href":"https:\/\/www.apen.es\/ca\/wp-json\/wp\/v2\/types\/page"}],"author":[{"embeddable":true,"href":"https:\/\/www.apen.es\/ca\/wp-json\/wp\/v2\/users\/4"}],"replies":[{"embeddable":true,"href":"https:\/\/www.apen.es\/ca\/wp-json\/wp\/v2\/comments?post=7014"}],"version-history":[{"count":3,"href":"https:\/\/www.apen.es\/ca\/wp-json\/wp\/v2\/pages\/7014\/revisions"}],"predecessor-version":[{"id":54777,"href":"https:\/\/www.apen.es\/ca\/wp-json\/wp\/v2\/pages\/7014\/revisions\/54777"}],"up":[{"embeddable":true,"href":"https:\/\/www.apen.es\/ca\/wp-json\/wp\/v2\/pages\/1158"}],"wp:attachment":[{"href":"https:\/\/www.apen.es\/ca\/wp-json\/wp\/v2\/media?parent=7014"}],"curies":[{"name":"wp","href":"https:\/\/api.w.org\/{rel}","templated":true}]}}