{"id":6912,"date":"2017-07-27T10:37:28","date_gmt":"2017-07-27T10:37:28","guid":{"rendered":"https:\/\/www.apen.es\/?page_id=6912"},"modified":"2025-07-09T10:14:55","modified_gmt":"2025-07-09T10:14:55","slug":"reparacio-dordinadors-dempresa","status":"publish","type":"page","link":"https:\/\/www.apen.es\/ca\/mantenimiento-informatico\/reparacion-de-ordenadores-de-empresa\/","title":{"rendered":"Reparaci\u00f3 dordinadors dempresa"},"content":{"rendered":"<p>Si en disposes de diversos&nbsp;<strong>ordinadors<\/strong>&nbsp;al teu&nbsp;<strong>empresa<\/strong>&nbsp;i tens problemes per gestionar la&nbsp;<strong>reparaci\u00f3<\/strong>, qualsevol avaria o problema t\u00e8cnic, pots comptar amb la nostra ajuda. A Apen som especialistes en la&nbsp;<strong>reparaci\u00f3 d&#039;ordinadors&nbsp;<\/strong>de<strong>&nbsp;empresa<\/strong>, gr\u00e0cies a la feina de professionals t\u00e8cnics, que coneixen a la perfecci\u00f3 les necessitats de cada PC. Som una&nbsp;<strong>empresa<\/strong>&nbsp;multimarca, treballant amb les millors per oferir un servei plural i millorat als nostres clients.<\/p>\n\n\n\n<p>Cada marca compta amb unes caracter\u00edstiques diferents, per aix\u00f2 creiem que una sola marca no podria reflectir totes les opcions que necessitem, per trobar la millor soluci\u00f3 per a les&nbsp;<strong>empreses<\/strong>&nbsp;dels nostres clients.<\/p>\n\n\n\n<p>La&nbsp;<strong>reparaci\u00f3 de<\/strong>&nbsp;<strong>ordinadors<\/strong>&nbsp;per&nbsp;<strong>empreses<\/strong>&nbsp;\u00e9s un dels punts forts d&#039;Apen, ja que coneixem molt b\u00e9 els equips inform\u00e0tics que oferim als clients i sabem identificar r\u00e0pidament els problemes o avaries que tenen.<\/p>\n\n\n\n<p>A Apen fem un estudi de les necessitats reals de cada&nbsp;<strong>empresa<\/strong>, perqu\u00e8 els clients puguin disposar dels millors&nbsp;<strong>ordinadors<\/strong>, comptant amb un servei integral, que inclou la&nbsp;<strong>reparaci\u00f3<\/strong>&nbsp;de&nbsp;<strong>ordinadors<\/strong>&nbsp;de&nbsp;<strong>empresa<\/strong>, aix\u00ed com qualsevol tipus d&#039;avaria t\u00e8cnica. Apen tamb\u00e9 us ofereix assist\u00e8ncia t\u00e8cnica continuada, per poder resoldre qualsevol dubte o problema. Es tracta d&#039;un servei integral, format per grans professionals t\u00e8cnics, experts al sector.<\/p>\n\n\n\n<p>El servei d&#039;Apen \u00e9s totalment personalitzat i adaptat a les necessitats de cada client, perqu\u00e8 cap empresa no \u00e9s igual. El servei de&nbsp;<strong>reparaci\u00f3<\/strong>&nbsp;de&nbsp;<strong>ordinadors<\/strong>&nbsp;es duu a terme per professionals especialistes en la mat\u00e8ria, que saben com trobar el problema i com aportar solucions.<\/p>\n\n\n\n<p>Oferim un servei t\u00e8cnic que inclou l&#039;assist\u00e8ncia t\u00e8cnica, ja sigui per control remot, per tel\u00e8fon o per correu per poder resoldre dubtes abans d&#039;optar per la&nbsp;<strong>reparaci\u00f3 dels ordinadors<\/strong>. Sempre que en fem una&nbsp;<strong>reparaci\u00f3 d&#039;ordinadors<\/strong>&nbsp;de&nbsp;<strong>empresa<\/strong>&nbsp;el client no es queda sense PC, sin\u00f3 que en rep un de substituci\u00f3, amb caracter\u00edstiques similars al que tenia, perqu\u00e8 no noti la seva abs\u00e8ncia durant el temps que ho estem reparant.<\/p>\n\n\n\n<p>Treballem amb equips inform\u00e0tics de gran qualitat, que ofereixen una llarga durabilitat d&#039;\u00fas i es mantenen en perfecte estat durant molts anys. Treballar amb les marques referents al sector ens aporta una garantia d&#039;\u00e8xit i diposita m\u00e9s confian\u00e7a en els nostres clients, que saben que nom\u00e9s treballem amb els millors&nbsp;<strong>ordinadors<\/strong>&nbsp;per als seus&nbsp;<strong>empreses<\/strong>.<\/p>\n\n\n\n<p>Apen t\u00e9 25 anys d&#039;experi\u00e8ncia a la&nbsp;<strong>reparaci\u00f3<\/strong>&nbsp;de&nbsp;<strong>ordinadors<\/strong>&nbsp;de&nbsp;<strong>empresa<\/strong>, per intentar donar a cada client el que est\u00e0 buscant, traient-li preocupacions i treball innecessari i aportant grans avantatges com l&#039;estalvi econ\u00f2mic i un servei t\u00e8cnic de gran qualitat, que respon sempre que ho necessita.<\/p>\n\n\n\n<p>Gaudir d&#039;un servei de manteniment i&nbsp;<strong>reparaci\u00f3<\/strong>&nbsp;de&nbsp;<strong>ordinadors<\/strong>&nbsp;\u00e9s una opci\u00f3 intel\u00b7ligent per part de les&nbsp;<strong>empreses<\/strong>, que podran obtenir grans avantatges, com ara utilitzar els seus equips durant m\u00e9s anys en perfecte estat, gr\u00e0cies a l&#039;assist\u00e8ncia de professionals t\u00e8cnics. A m\u00e9s, un manteniment inform\u00e0tic de qualitat, com el d&#039;Apen, permet que el client estalvi\u00ef diners i temps, ja que no s&#039;ha de preocupar de l&#039;estat dels seus equips inform\u00e0tics ni de la&nbsp;<strong>reparaci\u00f3<\/strong>&nbsp;dels seus&nbsp;<strong>ordinadors<\/strong>.<\/p>","protected":false},"excerpt":{"rendered":"<p>Si dispones de varios&nbsp;ordenadores&nbsp;en tu&nbsp;empresa&nbsp;y tienes problemas para gestionar la&nbsp;reparaci\u00f3n, cualquier aver\u00eda o problema t\u00e9cnico, puedes contar con nuestra ayuda. En Apen somos especialistas en la&nbsp;reparaci\u00f3n de ordenadores&nbsp;de&nbsp;empresa, gracias al trabajo de profesionales t\u00e9cnicos, que conocen a la perfecci\u00f3n las necesidades de cada PC. Somos una&nbsp;empresa&nbsp;multimarca, trabajando con las mejores para ofrecer un servicio plural&#8230;<\/p>","protected":false},"author":4,"featured_media":0,"parent":1357,"menu_order":0,"comment_status":"closed","ping_status":"closed","template":"page-servicio-informatico-2.php","meta":{"_acf_changed":false,"_kad_blocks_custom_css":"","_kad_blocks_head_custom_js":"","_kad_blocks_body_custom_js":"","_kad_blocks_footer_custom_js":"","_kad_post_transparent":"","_kad_post_title":"","_kad_post_layout":"","_kad_post_sidebar_id":"","_kad_post_content_style":"","_kad_post_vertical_padding":"","_kad_post_feature":"","_kad_post_feature_position":"","_kad_post_header":false,"_kad_post_footer":false,"_kad_post_classname":"","footnotes":""},"class_list":["post-6912","page","type-page","status-publish","hentry"],"acf":[],"yoast_head":"<!-- This site is optimized with the Yoast SEO plugin v27.4 - https:\/\/yoast.com\/product\/yoast-seo-wordpress\/ -->\n<title>Reparaci\u00f3n de ordenadores de empresa - Apen Inform\u00e1tica<\/title>\n<meta name=\"description\" content=\"Reparaci\u00f3n de ordenadores de empresa. Renting de equipos inform\u00e1ticos\u2026 La empresa de inform\u00e1tica de la provincia de Barcelona.Conf\u00eda en Apen.\" \/>\n<meta name=\"robots\" content=\"index, follow, max-snippet:-1, max-image-preview:large, max-video-preview:-1\" \/>\n<link rel=\"canonical\" href=\"https:\/\/www.apen.es\/ca\/manteniment-informatic\/reparacio-dordinadors-dempresa\/\" \/>\n<meta property=\"og:locale\" content=\"ca_ES\" \/>\n<meta property=\"og:type\" content=\"article\" \/>\n<meta property=\"og:title\" content=\"Reparaci\u00f3n de ordenadores de empresa - Apen Inform\u00e1tica\" \/>\n<meta property=\"og:description\" content=\"Reparaci\u00f3n de ordenadores de empresa. Renting de equipos inform\u00e1ticos\u2026 La empresa de inform\u00e1tica de la provincia de Barcelona.Conf\u00eda en Apen.\" \/>\n<meta property=\"og:url\" content=\"https:\/\/www.apen.es\/ca\/manteniment-informatic\/reparacio-dordinadors-dempresa\/\" \/>\n<meta property=\"og:site_name\" content=\"Apen Inform\u00e1tica\" \/>\n<meta property=\"article:publisher\" content=\"https:\/\/www.facebook.com\/apensolucions\" \/>\n<meta property=\"article:modified_time\" content=\"2025-07-09T10:14:55+00:00\" \/>\n<meta property=\"og:image\" content=\"https:\/\/www.apen.es\/wp-content\/uploads\/2016\/05\/logo-apen-231x82-trasparent.png\" \/>\n\t<meta property=\"og:image:width\" content=\"231\" \/>\n\t<meta property=\"og:image:height\" content=\"82\" \/>\n\t<meta property=\"og:image:type\" content=\"image\/png\" \/>\n<meta name=\"twitter:card\" content=\"summary_large_image\" \/>\n<meta name=\"twitter:label1\" content=\"Temps estimat de lectura\" \/>\n\t<meta name=\"twitter:data1\" content=\"3 minuts\" \/>\n<script type=\"application\/ld+json\" class=\"yoast-schema-graph\">{\"@context\":\"https:\\\/\\\/schema.org\",\"@graph\":[{\"@type\":\"WebPage\",\"@id\":\"https:\\\/\\\/www.apen.es\\\/mantenimiento-informatico\\\/reparacion-de-ordenadores-de-empresa\\\/\",\"url\":\"https:\\\/\\\/www.apen.es\\\/mantenimiento-informatico\\\/reparacion-de-ordenadores-de-empresa\\\/\",\"name\":\"Reparaci\u00f3n de ordenadores de empresa - Apen Inform\u00e1tica\",\"isPartOf\":{\"@id\":\"https:\\\/\\\/www.apen.es\\\/#website\"},\"datePublished\":\"2017-07-27T10:37:28+00:00\",\"dateModified\":\"2025-07-09T10:14:55+00:00\",\"description\":\"Reparaci\u00f3n de ordenadores de empresa. Renting de equipos inform\u00e1ticos\u2026 La empresa de inform\u00e1tica de la provincia de Barcelona.Conf\u00eda en Apen.\",\"breadcrumb\":{\"@id\":\"https:\\\/\\\/www.apen.es\\\/mantenimiento-informatico\\\/reparacion-de-ordenadores-de-empresa\\\/#breadcrumb\"},\"inLanguage\":\"ca\",\"potentialAction\":[{\"@type\":\"ReadAction\",\"target\":[\"https:\\\/\\\/www.apen.es\\\/mantenimiento-informatico\\\/reparacion-de-ordenadores-de-empresa\\\/\"]}]},{\"@type\":\"BreadcrumbList\",\"@id\":\"https:\\\/\\\/www.apen.es\\\/mantenimiento-informatico\\\/reparacion-de-ordenadores-de-empresa\\\/#breadcrumb\",\"itemListElement\":[{\"@type\":\"ListItem\",\"position\":1,\"name\":\"Portada\",\"item\":\"https:\\\/\\\/www.apen.es\\\/\"},{\"@type\":\"ListItem\",\"position\":2,\"name\":\"Mantenimiento inform\u00e1tico\",\"item\":\"https:\\\/\\\/www.apen.es\\\/mantenimiento-informatico\\\/\"},{\"@type\":\"ListItem\",\"position\":3,\"name\":\"Reparaci\u00f3n de ordenadores de empresa\"}]},{\"@type\":\"WebSite\",\"@id\":\"https:\\\/\\\/www.apen.es\\\/#website\",\"url\":\"https:\\\/\\\/www.apen.es\\\/\",\"name\":\"Apen Inform\u00e1tica\",\"description\":\"Mantenimiento Inform\u00e1tico , Software de Gesti\u00f3n, Soluciones de impresi\u00f3n\",\"publisher\":{\"@id\":\"https:\\\/\\\/www.apen.es\\\/#organization\"},\"potentialAction\":[{\"@type\":\"SearchAction\",\"target\":{\"@type\":\"EntryPoint\",\"urlTemplate\":\"https:\\\/\\\/www.apen.es\\\/?s={search_term_string}\"},\"query-input\":{\"@type\":\"PropertyValueSpecification\",\"valueRequired\":true,\"valueName\":\"search_term_string\"}}],\"inLanguage\":\"ca\"},{\"@type\":\"Organization\",\"@id\":\"https:\\\/\\\/www.apen.es\\\/#organization\",\"name\":\"Apen: Soluciones inform\u00e1ticas\",\"url\":\"https:\\\/\\\/www.apen.es\\\/\",\"logo\":{\"@type\":\"ImageObject\",\"inLanguage\":\"ca\",\"@id\":\"https:\\\/\\\/www.apen.es\\\/#\\\/schema\\\/logo\\\/image\\\/\",\"url\":\"https:\\\/\\\/www.apen.es\\\/wp-content\\\/uploads\\\/2022\\\/08\\\/logo-apenok-231x82-1.png\",\"contentUrl\":\"https:\\\/\\\/www.apen.es\\\/wp-content\\\/uploads\\\/2022\\\/08\\\/logo-apenok-231x82-1.png\",\"width\":231,\"height\":82,\"caption\":\"Apen: Soluciones inform\u00e1ticas\"},\"image\":{\"@id\":\"https:\\\/\\\/www.apen.es\\\/#\\\/schema\\\/logo\\\/image\\\/\"},\"sameAs\":[\"https:\\\/\\\/www.facebook.com\\\/apensolucions\",\"https:\\\/\\\/www.youtube.com\\\/user\\\/ApenCentreInformatic\",\"https:\\\/\\\/www.linkedin.com\\\/company\\\/1021771?trk=tyah&trkInfo=clickedVerticalcompanyclickedEntityId1021771idx2-1-2tarId1464195271196tasapenin\"]}]}<\/script>\n<!-- \/ Yoast SEO plugin. -->","yoast_head_json":{"title":"Reparaci\u00f3 d&#039;ordinadors d&#039;empresa - Apen Inform\u00e0tica","description":"Reparaci\u00f3 dordinadors dempresa. R\u00e8nting d&#039;equips inform\u00e0tics\u2026 L&#039;empresa d&#039;inform\u00e0tica de la prov\u00edncia de Barcelona. Confia a Apen.","robots":{"index":"index","follow":"follow","max-snippet":"max-snippet:-1","max-image-preview":"max-image-preview:large","max-video-preview":"max-video-preview:-1"},"canonical":"https:\/\/www.apen.es\/ca\/manteniment-informatic\/reparacio-dordinadors-dempresa\/","og_locale":"ca_ES","og_type":"article","og_title":"Reparaci\u00f3n de ordenadores de empresa - Apen Inform\u00e1tica","og_description":"Reparaci\u00f3n de ordenadores de empresa. Renting de equipos inform\u00e1ticos\u2026 La empresa de inform\u00e1tica de la provincia de Barcelona.Conf\u00eda en Apen.","og_url":"https:\/\/www.apen.es\/ca\/manteniment-informatic\/reparacio-dordinadors-dempresa\/","og_site_name":"Apen Inform\u00e1tica","article_publisher":"https:\/\/www.facebook.com\/apensolucions","article_modified_time":"2025-07-09T10:14:55+00:00","og_image":[{"width":231,"height":82,"url":"https:\/\/www.apen.es\/wp-content\/uploads\/2016\/05\/logo-apen-231x82-trasparent.png","type":"image\/png"}],"twitter_card":"summary_large_image","twitter_misc":{"Temps estimat de lectura":"3 minuts"},"schema":{"@context":"https:\/\/schema.org","@graph":[{"@type":"WebPage","@id":"https:\/\/www.apen.es\/mantenimiento-informatico\/reparacion-de-ordenadores-de-empresa\/","url":"https:\/\/www.apen.es\/mantenimiento-informatico\/reparacion-de-ordenadores-de-empresa\/","name":"Reparaci\u00f3 d&#039;ordinadors d&#039;empresa - Apen Inform\u00e0tica","isPartOf":{"@id":"https:\/\/www.apen.es\/#website"},"datePublished":"2017-07-27T10:37:28+00:00","dateModified":"2025-07-09T10:14:55+00:00","description":"Reparaci\u00f3 dordinadors dempresa. R\u00e8nting d&#039;equips inform\u00e0tics\u2026 L&#039;empresa d&#039;inform\u00e0tica de la prov\u00edncia de Barcelona. Confia a Apen.","breadcrumb":{"@id":"https:\/\/www.apen.es\/mantenimiento-informatico\/reparacion-de-ordenadores-de-empresa\/#breadcrumb"},"inLanguage":"ca","potentialAction":[{"@type":"ReadAction","target":["https:\/\/www.apen.es\/mantenimiento-informatico\/reparacion-de-ordenadores-de-empresa\/"]}]},{"@type":"BreadcrumbList","@id":"https:\/\/www.apen.es\/mantenimiento-informatico\/reparacion-de-ordenadores-de-empresa\/#breadcrumb","itemListElement":[{"@type":"ListItem","position":1,"name":"Portada","item":"https:\/\/www.apen.es\/"},{"@type":"ListItem","position":2,"name":"Mantenimiento inform\u00e1tico","item":"https:\/\/www.apen.es\/mantenimiento-informatico\/"},{"@type":"ListItem","position":3,"name":"Reparaci\u00f3n de ordenadores de empresa"}]},{"@type":"WebSite","@id":"https:\/\/www.apen.es\/#website","url":"https:\/\/www.apen.es\/","name":"Apen Inform\u00e0tica","description":"Manteniment inform\u00e0tic , programari de gesti\u00f3, solucions d&#039;impressi\u00f3","publisher":{"@id":"https:\/\/www.apen.es\/#organization"},"potentialAction":[{"@type":"SearchAction","target":{"@type":"EntryPoint","urlTemplate":"https:\/\/www.apen.es\/?s={search_term_string}"},"query-input":{"@type":"PropertyValueSpecification","valueRequired":true,"valueName":"search_term_string"}}],"inLanguage":"ca"},{"@type":"Organization","@id":"https:\/\/www.apen.es\/#organization","name":"Apen: Solucions inform\u00e0tiques","url":"https:\/\/www.apen.es\/","logo":{"@type":"ImageObject","inLanguage":"ca","@id":"https:\/\/www.apen.es\/#\/schema\/logo\/image\/","url":"https:\/\/www.apen.es\/wp-content\/uploads\/2022\/08\/logo-apenok-231x82-1.png","contentUrl":"https:\/\/www.apen.es\/wp-content\/uploads\/2022\/08\/logo-apenok-231x82-1.png","width":231,"height":82,"caption":"Apen: Soluciones inform\u00e1ticas"},"image":{"@id":"https:\/\/www.apen.es\/#\/schema\/logo\/image\/"},"sameAs":["https:\/\/www.facebook.com\/apensolucions","https:\/\/www.youtube.com\/user\/ApenCentreInformatic","https:\/\/www.linkedin.com\/company\/1021771?trk=tyah&trkInfo=clickedVerticalcompanyclickedEntityId1021771idx2-1-2tarId1464195271196tasapenin"]}]}},"taxonomy_info":[],"featured_image_src_large":false,"author_info":{"display_name":"marqueting","author_link":"https:\/\/www.apen.es\/ca\/blog\/author\/marqueting\/"},"comment_info":0,"_links":{"self":[{"href":"https:\/\/www.apen.es\/ca\/wp-json\/wp\/v2\/pages\/6912","targetHints":{"allow":["GET"]}}],"collection":[{"href":"https:\/\/www.apen.es\/ca\/wp-json\/wp\/v2\/pages"}],"about":[{"href":"https:\/\/www.apen.es\/ca\/wp-json\/wp\/v2\/types\/page"}],"author":[{"embeddable":true,"href":"https:\/\/www.apen.es\/ca\/wp-json\/wp\/v2\/users\/4"}],"replies":[{"embeddable":true,"href":"https:\/\/www.apen.es\/ca\/wp-json\/wp\/v2\/comments?post=6912"}],"version-history":[{"count":2,"href":"https:\/\/www.apen.es\/ca\/wp-json\/wp\/v2\/pages\/6912\/revisions"}],"predecessor-version":[{"id":54544,"href":"https:\/\/www.apen.es\/ca\/wp-json\/wp\/v2\/pages\/6912\/revisions\/54544"}],"up":[{"embeddable":true,"href":"https:\/\/www.apen.es\/ca\/wp-json\/wp\/v2\/pages\/1357"}],"wp:attachment":[{"href":"https:\/\/www.apen.es\/ca\/wp-json\/wp\/v2\/media?parent=6912"}],"curies":[{"name":"wp","href":"https:\/\/api.w.org\/{rel}","templated":true}]}}