{"id":6905,"date":"2017-07-27T10:30:44","date_gmt":"2017-07-27T10:30:44","guid":{"rendered":"https:\/\/www.apen.es\/?page_id=6905"},"modified":"2025-03-24T10:00:46","modified_gmt":"2025-03-24T10:00:46","slug":"erp-per-a-empreses-de-serveis","status":"publish","type":"page","link":"https:\/\/www.apen.es\/ca\/software-de-gestion\/erp-para-empresas-de-servicios\/","title":{"rendered":"ERP per a empreses de serveis"},"content":{"rendered":"<p>Perqu\u00e8 la\u00a0<strong>gesti\u00f3<\/strong>\u00a0empresarial d&#039;una PIME funcioni b\u00e9 cal disposar d&#039;un\u00a0<strong>ERP<\/strong>, ja que \u00e9s un sistema integral, que engloba totes les \u00e0rees de la\u00a0<strong>empresa<\/strong>\u00a0en un mateix programa, perqu\u00e8 puguis disposar d&#039;un\u00a0<strong>servei<\/strong>\u00a0complet.<\/p>\n\n\n\n<p>A Apen oferim l&#039;A3ERP, un programari que mostra una visi\u00f3 de 360 graus de l&#039;estructura empresarial, des de la qual es poden veure perfectament tots els departaments que componen la PIME. D&#039;aquesta manera, es fa molt m\u00e9s f\u00e0cil controlar, revisar, veure errors o riscos, observar i facilitar la presa de decisions de manera m\u00e9s segura, m\u00e9s efica\u00e7 i m\u00e9s professional.<\/p>\n\n\n\n<p>El fet de tenir un programa que ho integra tot, permet obtenir grans beneficis com per exemple, guanyar temps, estalviar la contractaci\u00f3 de personal espec\u00edfic per a la gesti\u00f3 empresarial de cadascuna de les \u00e0rees, millorar el ritme de treball i la productivitat dels treballadors, mantenir els temes administratius i fiscals al dia, evitar riscos i preocupacions, veure clarament els errors o debilitats de la&nbsp;<strong>empresa<\/strong>, etc.<\/p>\n\n\n\n<p>La&nbsp;<strong>gesti\u00f3<\/strong>&nbsp;que proporciona un programa&nbsp;<strong>ERP<\/strong>&nbsp;genera molts beneficis que poden ajudar a fer cr\u00e9ixer la&nbsp;<strong>empresa<\/strong>&nbsp;en molt poc temps. Per aix\u00f2 \u00e9s important disposar d&#039;un&nbsp;<strong>ERP<\/strong>&nbsp;professional, que garanteixi un&nbsp;<strong>servei<\/strong>&nbsp;professional i intu\u00eftiu.<\/p>\n\n\n\n<p>Tot just brinda l&#039;oportunitat a les PIMES de disposar d&#039;un&nbsp;<strong>ERP<\/strong>&nbsp;de gran qualitat referent al mercat, com \u00e9s A3ERP, un programari global que aconsegueix grans resultats en poc temps, facilitant la&nbsp;<strong>gesti\u00f3<\/strong>&nbsp;de la&nbsp;<strong>empresa<\/strong>&nbsp;i professionalitzant el m\u00e8tode de treball.<\/p>\n\n\n\n<p>\u00c9s una bona manera perqu\u00e8 la PIME aconsegueixi pujar esglaons i millori la seva estructura empresarial, per assolir el nivell d&#039;exig\u00e8ncia d&#039;una gran&nbsp;<strong>empresa<\/strong>, sense haver d&#039;invertir massa temps ni diners, a contractar diferents experts de cada departament. Amb el sistema&nbsp;<strong>ERP<\/strong>, en un \u00fanic programari la&nbsp;<strong>empresa<\/strong>&nbsp;pot disposar de totes les eines per aconseguir controlar la seva pr\u00f2pia&nbsp;<strong>empresa<\/strong>, d&#039;una forma intu\u00eftiva i molt m\u00e9s clara, prenent decisions conscients, assumint responsabilitats i ordenant-ne les prioritats.<\/p>\n\n\n\n<p>Gr\u00e0cies al&nbsp;<strong>ERP<\/strong>, la PIME pot&nbsp;<strong>gestionar<\/strong>&nbsp;millor la&nbsp;<strong>empresa<\/strong>&nbsp;i donar directrius molt clares sobre com vol que funcioni cada departament de lempresa. D&#039;aquesta manera, la PIME aconsegueix professionalitzar el vostre producte o&nbsp;<strong>servei<\/strong>&nbsp;i la imatge que ofereix de cara als seus clients i tamb\u00e9 a la seva compet\u00e8ncia.<\/p>\n\n\n\n<p>Qualsevol PIME pot millorar mitjan\u00e7ant les prestacions del sistema&nbsp;<strong>ERP<\/strong>. A Apen podr\u00e0s trobar un&nbsp;<strong>programa<\/strong>&nbsp;de&nbsp;<strong>gesti\u00f3<\/strong>&nbsp;de&nbsp;<strong>empreses<\/strong>&nbsp;que presta&nbsp;<strong>servei<\/strong>, mitjan\u00e7ant un senzill i efectiu m\u00e8tode&nbsp;<strong>ERP<\/strong>. \u00c9s un&nbsp;<strong>programa<\/strong>&nbsp;intu\u00eftiu, clar i professional, que s&#039;adapta a qualsevol PIME, ja que mostra tota l&#039;estructura empresarial de manera clara, gr\u00e0fica i directa.<\/p>\n\n\n\n<p>Gaudeix d&#039;un programa de&nbsp;<strong>gesti\u00f3<\/strong>&nbsp;de&nbsp;<strong>empreses<\/strong>&nbsp;<strong>ERP<\/strong>&nbsp;totalment professional. Podr\u00e0s tenir molt m\u00e9s clara l&#039;organitzaci\u00f3 de cada departament, notar una millora en el rendiment del treball i la productivitat dels treballadors i millorar notablement la professionalitat a cadascun dels&nbsp;<strong>serveis<\/strong>&nbsp;que ofereixes als teus clients.<\/p>","protected":false},"excerpt":{"rendered":"<p>Para que la\u00a0gesti\u00f3n\u00a0empresarial de una PYME funcione bien es necesario disponer de un\u00a0ERP, ya que es un sistema integral, que engloba todas las \u00e1reas de la\u00a0empresa\u00a0en un mismo programa, para que puedas disponer de un\u00a0servicio\u00a0completo. En Apen ofrecemos el A3ERP, un software que muestra una visi\u00f3n de 360 grados de la estructura empresarial, desde la&#8230;<\/p>","protected":false},"author":4,"featured_media":0,"parent":1181,"menu_order":0,"comment_status":"closed","ping_status":"closed","template":"page-landing-software.php","meta":{"_acf_changed":false,"_kad_blocks_custom_css":"","_kad_blocks_head_custom_js":"","_kad_blocks_body_custom_js":"","_kad_blocks_footer_custom_js":"","_kad_post_transparent":"","_kad_post_title":"","_kad_post_layout":"","_kad_post_sidebar_id":"","_kad_post_content_style":"","_kad_post_vertical_padding":"","_kad_post_feature":"","_kad_post_feature_position":"","_kad_post_header":false,"_kad_post_footer":false,"_kad_post_classname":"","footnotes":""},"class_list":["post-6905","page","type-page","status-publish","hentry"],"acf":[],"yoast_head":"<!-- This site is optimized with the Yoast SEO plugin v27.6 - https:\/\/yoast.com\/product\/yoast-seo-wordpress\/ -->\n<title>ERP para empresas de servicios - Apen Inform\u00e1tica<\/title>\n<meta name=\"description\" content=\"Apen ofrece soluciones a3ERP, la soluci\u00f3n de gesti\u00f3n m\u00e1s completa. ERP PARA EMPRESAS DE SERVICIOS. Contabilidad, log\u00edstica, comercial, administraci\u00f3n...\" \/>\n<meta name=\"robots\" content=\"index, follow, max-snippet:-1, max-image-preview:large, max-video-preview:-1\" \/>\n<link rel=\"canonical\" href=\"https:\/\/www.apen.es\/ca\/programari-de-gestio\/erp-per-a-empreses-de-serveis\/\" \/>\n<meta property=\"og:locale\" content=\"ca_ES\" \/>\n<meta property=\"og:type\" content=\"article\" \/>\n<meta property=\"og:title\" content=\"ERP para empresas de servicios - Apen Inform\u00e1tica\" \/>\n<meta property=\"og:description\" content=\"Apen ofrece soluciones a3ERP, la soluci\u00f3n de gesti\u00f3n m\u00e1s completa. ERP PARA EMPRESAS DE SERVICIOS. Contabilidad, log\u00edstica, comercial, administraci\u00f3n...\" \/>\n<meta property=\"og:url\" content=\"https:\/\/www.apen.es\/ca\/programari-de-gestio\/erp-per-a-empreses-de-serveis\/\" \/>\n<meta property=\"og:site_name\" content=\"Apen Inform\u00e1tica\" \/>\n<meta property=\"article:publisher\" content=\"https:\/\/www.facebook.com\/apensolucions\" \/>\n<meta property=\"article:modified_time\" content=\"2025-03-24T10:00:46+00:00\" \/>\n<meta property=\"og:image\" content=\"https:\/\/www.apen.es\/wp-content\/uploads\/2016\/05\/logo-apen-231x82-trasparent.png\" \/>\n\t<meta property=\"og:image:width\" content=\"231\" \/>\n\t<meta property=\"og:image:height\" content=\"82\" \/>\n\t<meta property=\"og:image:type\" content=\"image\/png\" \/>\n<meta name=\"twitter:card\" content=\"summary_large_image\" \/>\n<meta name=\"twitter:label1\" content=\"Temps estimat de lectura\" \/>\n\t<meta name=\"twitter:data1\" content=\"3 minuts\" \/>\n<script type=\"application\/ld+json\" class=\"yoast-schema-graph\">{\"@context\":\"https:\\\/\\\/schema.org\",\"@graph\":[{\"@type\":\"WebPage\",\"@id\":\"https:\\\/\\\/www.apen.es\\\/software-de-gestion\\\/erp-para-empresas-de-servicios\\\/\",\"url\":\"https:\\\/\\\/www.apen.es\\\/software-de-gestion\\\/erp-para-empresas-de-servicios\\\/\",\"name\":\"ERP para empresas de servicios - Apen Inform\u00e1tica\",\"isPartOf\":{\"@id\":\"https:\\\/\\\/www.apen.es\\\/#website\"},\"datePublished\":\"2017-07-27T10:30:44+00:00\",\"dateModified\":\"2025-03-24T10:00:46+00:00\",\"description\":\"Apen ofrece soluciones a3ERP, la soluci\u00f3n de gesti\u00f3n m\u00e1s completa. ERP PARA EMPRESAS DE SERVICIOS. Contabilidad, log\u00edstica, comercial, administraci\u00f3n...\",\"breadcrumb\":{\"@id\":\"https:\\\/\\\/www.apen.es\\\/software-de-gestion\\\/erp-para-empresas-de-servicios\\\/#breadcrumb\"},\"inLanguage\":\"ca\",\"potentialAction\":[{\"@type\":\"ReadAction\",\"target\":[\"https:\\\/\\\/www.apen.es\\\/software-de-gestion\\\/erp-para-empresas-de-servicios\\\/\"]}]},{\"@type\":\"BreadcrumbList\",\"@id\":\"https:\\\/\\\/www.apen.es\\\/software-de-gestion\\\/erp-para-empresas-de-servicios\\\/#breadcrumb\",\"itemListElement\":[{\"@type\":\"ListItem\",\"position\":1,\"name\":\"Portada\",\"item\":\"https:\\\/\\\/www.apen.es\\\/\"},{\"@type\":\"ListItem\",\"position\":2,\"name\":\"Software de gesti\u00f3n a3ERP\",\"item\":\"https:\\\/\\\/www.apen.es\\\/software-de-gestion\\\/\"},{\"@type\":\"ListItem\",\"position\":3,\"name\":\"ERP para empresas de servicios\"}]},{\"@type\":\"WebSite\",\"@id\":\"https:\\\/\\\/www.apen.es\\\/#website\",\"url\":\"https:\\\/\\\/www.apen.es\\\/\",\"name\":\"Apen Inform\u00e1tica\",\"description\":\"Mantenimiento Inform\u00e1tico , Software de Gesti\u00f3n, Soluciones de impresi\u00f3n\",\"publisher\":{\"@id\":\"https:\\\/\\\/www.apen.es\\\/#organization\"},\"potentialAction\":[{\"@type\":\"SearchAction\",\"target\":{\"@type\":\"EntryPoint\",\"urlTemplate\":\"https:\\\/\\\/www.apen.es\\\/?s={search_term_string}\"},\"query-input\":{\"@type\":\"PropertyValueSpecification\",\"valueRequired\":true,\"valueName\":\"search_term_string\"}}],\"inLanguage\":\"ca\"},{\"@type\":\"Organization\",\"@id\":\"https:\\\/\\\/www.apen.es\\\/#organization\",\"name\":\"Apen: Soluciones inform\u00e1ticas\",\"url\":\"https:\\\/\\\/www.apen.es\\\/\",\"logo\":{\"@type\":\"ImageObject\",\"inLanguage\":\"ca\",\"@id\":\"https:\\\/\\\/www.apen.es\\\/#\\\/schema\\\/logo\\\/image\\\/\",\"url\":\"https:\\\/\\\/www.apen.es\\\/wp-content\\\/uploads\\\/2022\\\/08\\\/logo-apenok-231x82-1.png\",\"contentUrl\":\"https:\\\/\\\/www.apen.es\\\/wp-content\\\/uploads\\\/2022\\\/08\\\/logo-apenok-231x82-1.png\",\"width\":231,\"height\":82,\"caption\":\"Apen: Soluciones inform\u00e1ticas\"},\"image\":{\"@id\":\"https:\\\/\\\/www.apen.es\\\/#\\\/schema\\\/logo\\\/image\\\/\"},\"sameAs\":[\"https:\\\/\\\/www.facebook.com\\\/apensolucions\",\"https:\\\/\\\/www.youtube.com\\\/user\\\/ApenCentreInformatic\",\"https:\\\/\\\/www.linkedin.com\\\/company\\\/1021771?trk=tyah&trkInfo=clickedVerticalcompanyclickedEntityId1021771idx2-1-2tarId1464195271196tasapenin\"]}]}<\/script>\n<!-- \/ Yoast SEO plugin. -->","yoast_head_json":{"title":"ERP per a empreses de serveis - Apen Inform\u00e0tica","description":"Apen ofereix solucions a3ERP, la soluci\u00f3 de gesti\u00f3 m\u00e9s completa. ERP PER A EMPRESES DE SERVEIS. Comptabilitat, log\u00edstica, comercial, administraci\u00f3...","robots":{"index":"index","follow":"follow","max-snippet":"max-snippet:-1","max-image-preview":"max-image-preview:large","max-video-preview":"max-video-preview:-1"},"canonical":"https:\/\/www.apen.es\/ca\/programari-de-gestio\/erp-per-a-empreses-de-serveis\/","og_locale":"ca_ES","og_type":"article","og_title":"ERP para empresas de servicios - Apen Inform\u00e1tica","og_description":"Apen ofrece soluciones a3ERP, la soluci\u00f3n de gesti\u00f3n m\u00e1s completa. ERP PARA EMPRESAS DE SERVICIOS. Contabilidad, log\u00edstica, comercial, administraci\u00f3n...","og_url":"https:\/\/www.apen.es\/ca\/programari-de-gestio\/erp-per-a-empreses-de-serveis\/","og_site_name":"Apen Inform\u00e1tica","article_publisher":"https:\/\/www.facebook.com\/apensolucions","article_modified_time":"2025-03-24T10:00:46+00:00","og_image":[{"width":231,"height":82,"url":"https:\/\/www.apen.es\/wp-content\/uploads\/2016\/05\/logo-apen-231x82-trasparent.png","type":"image\/png"}],"twitter_card":"summary_large_image","twitter_misc":{"Temps estimat de lectura":"3 minuts"},"schema":{"@context":"https:\/\/schema.org","@graph":[{"@type":"WebPage","@id":"https:\/\/www.apen.es\/software-de-gestion\/erp-para-empresas-de-servicios\/","url":"https:\/\/www.apen.es\/software-de-gestion\/erp-para-empresas-de-servicios\/","name":"ERP per a empreses de serveis - Apen Inform\u00e0tica","isPartOf":{"@id":"https:\/\/www.apen.es\/#website"},"datePublished":"2017-07-27T10:30:44+00:00","dateModified":"2025-03-24T10:00:46+00:00","description":"Apen ofereix solucions a3ERP, la soluci\u00f3 de gesti\u00f3 m\u00e9s completa. ERP PER A EMPRESES DE SERVEIS. Comptabilitat, log\u00edstica, comercial, administraci\u00f3...","breadcrumb":{"@id":"https:\/\/www.apen.es\/software-de-gestion\/erp-para-empresas-de-servicios\/#breadcrumb"},"inLanguage":"ca","potentialAction":[{"@type":"ReadAction","target":["https:\/\/www.apen.es\/software-de-gestion\/erp-para-empresas-de-servicios\/"]}]},{"@type":"BreadcrumbList","@id":"https:\/\/www.apen.es\/software-de-gestion\/erp-para-empresas-de-servicios\/#breadcrumb","itemListElement":[{"@type":"ListItem","position":1,"name":"Portada","item":"https:\/\/www.apen.es\/"},{"@type":"ListItem","position":2,"name":"Software de gesti\u00f3n a3ERP","item":"https:\/\/www.apen.es\/software-de-gestion\/"},{"@type":"ListItem","position":3,"name":"ERP para empresas de servicios"}]},{"@type":"WebSite","@id":"https:\/\/www.apen.es\/#website","url":"https:\/\/www.apen.es\/","name":"Apen Inform\u00e0tica","description":"Manteniment inform\u00e0tic , programari de gesti\u00f3, solucions d&#039;impressi\u00f3","publisher":{"@id":"https:\/\/www.apen.es\/#organization"},"potentialAction":[{"@type":"SearchAction","target":{"@type":"EntryPoint","urlTemplate":"https:\/\/www.apen.es\/?s={search_term_string}"},"query-input":{"@type":"PropertyValueSpecification","valueRequired":true,"valueName":"search_term_string"}}],"inLanguage":"ca"},{"@type":"Organization","@id":"https:\/\/www.apen.es\/#organization","name":"Apen: Solucions inform\u00e0tiques","url":"https:\/\/www.apen.es\/","logo":{"@type":"ImageObject","inLanguage":"ca","@id":"https:\/\/www.apen.es\/#\/schema\/logo\/image\/","url":"https:\/\/www.apen.es\/wp-content\/uploads\/2022\/08\/logo-apenok-231x82-1.png","contentUrl":"https:\/\/www.apen.es\/wp-content\/uploads\/2022\/08\/logo-apenok-231x82-1.png","width":231,"height":82,"caption":"Apen: Soluciones inform\u00e1ticas"},"image":{"@id":"https:\/\/www.apen.es\/#\/schema\/logo\/image\/"},"sameAs":["https:\/\/www.facebook.com\/apensolucions","https:\/\/www.youtube.com\/user\/ApenCentreInformatic","https:\/\/www.linkedin.com\/company\/1021771?trk=tyah&trkInfo=clickedVerticalcompanyclickedEntityId1021771idx2-1-2tarId1464195271196tasapenin"]}]}},"taxonomy_info":[],"featured_image_src_large":false,"author_info":{"display_name":"marqueting","author_link":"https:\/\/www.apen.es\/ca\/blog\/author\/marqueting\/"},"comment_info":0,"_links":{"self":[{"href":"https:\/\/www.apen.es\/ca\/wp-json\/wp\/v2\/pages\/6905","targetHints":{"allow":["GET"]}}],"collection":[{"href":"https:\/\/www.apen.es\/ca\/wp-json\/wp\/v2\/pages"}],"about":[{"href":"https:\/\/www.apen.es\/ca\/wp-json\/wp\/v2\/types\/page"}],"author":[{"embeddable":true,"href":"https:\/\/www.apen.es\/ca\/wp-json\/wp\/v2\/users\/4"}],"replies":[{"embeddable":true,"href":"https:\/\/www.apen.es\/ca\/wp-json\/wp\/v2\/comments?post=6905"}],"version-history":[{"count":3,"href":"https:\/\/www.apen.es\/ca\/wp-json\/wp\/v2\/pages\/6905\/revisions"}],"predecessor-version":[{"id":54436,"href":"https:\/\/www.apen.es\/ca\/wp-json\/wp\/v2\/pages\/6905\/revisions\/54436"}],"up":[{"embeddable":true,"href":"https:\/\/www.apen.es\/ca\/wp-json\/wp\/v2\/pages\/1181"}],"wp:attachment":[{"href":"https:\/\/www.apen.es\/ca\/wp-json\/wp\/v2\/media?parent=6905"}],"curies":[{"name":"wp","href":"https:\/\/api.w.org\/{rel}","templated":true}]}}