{"id":6811,"date":"2017-07-11T14:27:53","date_gmt":"2017-07-11T14:27:53","guid":{"rendered":"https:\/\/www.apen.es\/?page_id=6811"},"modified":"2025-06-25T11:38:19","modified_gmt":"2025-06-25T11:38:19","slug":"renting-impressores-per-a-empreses","status":"publish","type":"page","link":"https:\/\/www.apen.es\/ca\/soluciones-de-impresion\/renting-impresoras-para-empresas\/","title":{"rendered":"R\u00e8nting impressores per a empreses"},"content":{"rendered":"<p>A Apen pots disposar d&#039;un servei de&nbsp;<strong>r\u00e8nting<\/strong>&nbsp;de&nbsp;<strong>impressores<\/strong>&nbsp;<strong>per a empreses<\/strong>, comptant amb les millors marques del mercat, com Kyocera, Konica Minolta, OKI i HP. Aquest servei de&nbsp;<strong>r\u00e8nting<\/strong>&nbsp;de&nbsp;<strong>impressores<\/strong>, suposa un gran avantatge&nbsp;<strong>per<\/strong>&nbsp;les&nbsp;<strong>empreses<\/strong>&nbsp;perqu\u00e8 poden gaudir d&#039;un servei professional sense haver de comprar la impressora, nom\u00e9s pagant per l&#039;\u00fas que en fan.<\/p>\n\n\n\n<p>A Apen estudiem les necessitats reals de cada client, per proposar-vos una soluci\u00f3 personalitzada d&#039;impressi\u00f3, perqu\u00e8 pugueu disposar d&#039;un servei efectiu, real, personalitzat i adaptat a les vostres necessitats.<\/p>\n\n\n\n<p>El&nbsp;<strong>r\u00e8nting<\/strong>&nbsp;de&nbsp;<strong>impressores<\/strong>&nbsp;<strong>per a empreses<\/strong>&nbsp;\u00e9s un servei molt benefici\u00f3s, perqu\u00e8 l&#039;empresa pugui estalviar costos d&#039;impressi\u00f3 de manera f\u00e0cil i coherent, pagant nom\u00e9s pel que imprimeix i sense haver de preocupar-se d&#039;avaries o problemes t\u00e8cnics de la impressora.<\/p>\n\n\n\n<p>Aix\u00f2 \u00e9s degut al servei integral que ofereix Apen, quant al servei de Renting per a empreses, ja que el client compta amb un sistema d&#039;atenci\u00f3 al client (per control remot, per email, per tel\u00e8fon o presencial), reparaci\u00f3 d&#039;impressores (oferint una impressora de substituci\u00f3 amb les mateixes caracter\u00edstiques), recanvi de cartutxos de tinta, etc.<\/p>\n\n\n\n<p>El&nbsp;<em><strong>r\u00e8nting<\/strong><\/em><em>&nbsp;<\/em><strong>d&#039;impressores<\/strong>&nbsp;d&#039;Apen \u00e9s la millor opci\u00f3&nbsp;<strong>per a les empreses<\/strong>, perqu\u00e8 els permet comprar els \u00faltims models del mercat i pagar nom\u00e9s una quota fixa mensual. Podr\u00e0s estalviar costos, augmentar\u00e0s la teva productivitat i podr\u00e0s planificar millor les despeses d&#039;oficina.<\/p>\n\n\n\n<p>A Apen, estudiem les necessitats dels clients, per saber exactament quina \u00e9s la millor soluci\u00f3 per a ells. El&nbsp;<strong>r\u00e8nting<\/strong>&nbsp;de&nbsp;<strong>impressores<\/strong>&nbsp;<strong>per<\/strong>&nbsp;<strong>empreses<\/strong>&nbsp;d&#039;Apen engloba la instal\u00b7laci\u00f3 i configuraci\u00f3 de l&#039;equip, tots els consumibles i la gesti\u00f3, peces i recanvis, assist\u00e8ncia en menys de 4 hores, pr\u00e9stecs d&#039;equips en cas d&#039;avaria, manteniment preventiu, servei de monitoratge remot i reparacions i despla\u00e7aments, de tota la prov\u00edncia de Barcelona.<\/p>\n\n\n\n<p>Es tracta d\u00b4un servei personalitzat i molt efectiu per a qualsevol PIME, ja que poden gaudir de serveis d\u00b4impressi\u00f3 de qualitat, comptant amb les millors marques del sector, ia m\u00e9s adaptats i personalitzats a la seva situaci\u00f3 ia les seves despeses reals.<\/p>\n\n\n\n<p>D&#039;aquesta manera, el&nbsp;<strong>r\u00e8nting<\/strong>&nbsp;de&nbsp;<strong>impressores<\/strong>&nbsp;<strong>per a empreses<\/strong>&nbsp;d&#039;Apen, es converteix en un dels serveis estrella per a qualsevol empresa, que aconsegueix estalviar costos i minimitzar despeses innecess\u00e0ries.<\/p>\n\n\n\n<p>No totes les impressores s\u00f3n iguals, per aix\u00f2 a Apen vam decidir ser multimarca, comptant amb les millors marques del mercat com s\u00f3n HP, OKI, Konica Minolta i Kyocera.<\/p>\n\n\n\n<p>Aquestes marques s\u00f3n l\u00edders, actualment, al sector dels serveis d&#039;impressi\u00f3. Ofereixen moltes alternatives i infinites opcions, amb la intenci\u00f3 d&#039;acostar-se el m\u00e0xim possible a les demandes que pugui tenir cadascun dels clients.<\/p>\n\n\n\n<p>A Apen sabem que cada&nbsp;<strong>empresa<\/strong>&nbsp;\u00e9s un m\u00f3n i requereix unes solucions diferents, per aix\u00f2 confiem en les millors marques, per estudiar quins avantatges i beneficis pot aportar cada marca a cadascun dels nostres clients, per tal de trobar una opci\u00f3 realment efectiva. Si vols millorar la gesti\u00f3 de les despeses d&#039;impressi\u00f3 de la teva&nbsp;<strong>empresa<\/strong>, contacta amb nosaltres i t&#039;informarem dels avantatges que et pot aportar el servei de&nbsp;<strong>r\u00e8nting<\/strong>&nbsp;de&nbsp;<strong>impressores<\/strong>&nbsp;per&nbsp;<strong>empreses<\/strong>.<\/p>","protected":false},"excerpt":{"rendered":"<p>En Apen puedes disponer de un servicio de&nbsp;renting&nbsp;de&nbsp;impresoras&nbsp;para empresas, contando con las mejores marcas del mercado, como Kyocera, Konica Minolta, OKI y HP. Este servicio de&nbsp;renting&nbsp;de&nbsp;impresoras, supone una gran ventaja&nbsp;para&nbsp;las&nbsp;empresas&nbsp;porque&nbsp; pueden disfrutar de un servicio profesional sin tener que comprar la impresora, solamente pagando por el uso que hacen de ella. En Apen estudiamos las&#8230;<\/p>","protected":false},"author":4,"featured_media":0,"parent":1158,"menu_order":0,"comment_status":"closed","ping_status":"closed","template":"page-landing-renting.php","meta":{"_acf_changed":false,"_kad_blocks_custom_css":"","_kad_blocks_head_custom_js":"","_kad_blocks_body_custom_js":"","_kad_blocks_footer_custom_js":"","_kad_post_transparent":"","_kad_post_title":"","_kad_post_layout":"","_kad_post_sidebar_id":"","_kad_post_content_style":"","_kad_post_vertical_padding":"","_kad_post_feature":"","_kad_post_feature_position":"","_kad_post_header":false,"_kad_post_footer":false,"_kad_post_classname":"","footnotes":""},"class_list":["post-6811","page","type-page","status-publish","hentry"],"acf":[],"yoast_head":"<!-- This site is optimized with the Yoast SEO plugin v27.4 - https:\/\/yoast.com\/product\/yoast-seo-wordpress\/ -->\n<title>Renting impresoras para empresas - Apen Inform\u00e1tica<\/title>\n<meta name=\"description\" content=\"En Apen ofrecemos el servicio de renting de impresoras para empresas de marcas como HP, Kyocera, OKI o Konica Minolta para tu empresa. Conf\u00eda en Apen.\" \/>\n<meta name=\"robots\" content=\"index, follow, max-snippet:-1, max-image-preview:large, max-video-preview:-1\" \/>\n<link rel=\"canonical\" href=\"https:\/\/www.apen.es\/ca\/solucions-dimpressio\/renting-impressores-per-a-empreses\/\" \/>\n<meta property=\"og:locale\" content=\"ca_ES\" \/>\n<meta property=\"og:type\" content=\"article\" \/>\n<meta property=\"og:title\" content=\"Renting impresoras para empresas - Apen Inform\u00e1tica\" \/>\n<meta property=\"og:description\" content=\"En Apen ofrecemos el servicio de renting de impresoras para empresas de marcas como HP, Kyocera, OKI o Konica Minolta para tu empresa. Conf\u00eda en Apen.\" \/>\n<meta property=\"og:url\" content=\"https:\/\/www.apen.es\/ca\/solucions-dimpressio\/renting-impressores-per-a-empreses\/\" \/>\n<meta property=\"og:site_name\" content=\"Apen Inform\u00e1tica\" \/>\n<meta property=\"article:publisher\" content=\"https:\/\/www.facebook.com\/apensolucions\" \/>\n<meta property=\"article:modified_time\" content=\"2025-06-25T11:38:19+00:00\" \/>\n<meta property=\"og:image\" content=\"https:\/\/www.apen.es\/wp-content\/uploads\/2016\/05\/logo-apen-231x82-trasparent.png\" \/>\n\t<meta property=\"og:image:width\" content=\"231\" \/>\n\t<meta property=\"og:image:height\" content=\"82\" \/>\n\t<meta property=\"og:image:type\" content=\"image\/png\" \/>\n<meta name=\"twitter:card\" content=\"summary_large_image\" \/>\n<meta name=\"twitter:label1\" content=\"Temps estimat de lectura\" \/>\n\t<meta name=\"twitter:data1\" content=\"4 minuts\" \/>\n<script type=\"application\/ld+json\" class=\"yoast-schema-graph\">{\"@context\":\"https:\\\/\\\/schema.org\",\"@graph\":[{\"@type\":\"WebPage\",\"@id\":\"https:\\\/\\\/www.apen.es\\\/soluciones-de-impresion\\\/renting-impresoras-para-empresas\\\/\",\"url\":\"https:\\\/\\\/www.apen.es\\\/soluciones-de-impresion\\\/renting-impresoras-para-empresas\\\/\",\"name\":\"Renting impresoras para empresas - Apen Inform\u00e1tica\",\"isPartOf\":{\"@id\":\"https:\\\/\\\/www.apen.es\\\/#website\"},\"datePublished\":\"2017-07-11T14:27:53+00:00\",\"dateModified\":\"2025-06-25T11:38:19+00:00\",\"description\":\"En Apen ofrecemos el servicio de renting de impresoras para empresas de marcas como HP, Kyocera, OKI o Konica Minolta para tu empresa. Conf\u00eda en Apen.\",\"breadcrumb\":{\"@id\":\"https:\\\/\\\/www.apen.es\\\/soluciones-de-impresion\\\/renting-impresoras-para-empresas\\\/#breadcrumb\"},\"inLanguage\":\"ca\",\"potentialAction\":[{\"@type\":\"ReadAction\",\"target\":[\"https:\\\/\\\/www.apen.es\\\/soluciones-de-impresion\\\/renting-impresoras-para-empresas\\\/\"]}]},{\"@type\":\"BreadcrumbList\",\"@id\":\"https:\\\/\\\/www.apen.es\\\/soluciones-de-impresion\\\/renting-impresoras-para-empresas\\\/#breadcrumb\",\"itemListElement\":[{\"@type\":\"ListItem\",\"position\":1,\"name\":\"Portada\",\"item\":\"https:\\\/\\\/www.apen.es\\\/\"},{\"@type\":\"ListItem\",\"position\":2,\"name\":\"Soluciones de impresi\u00f3n\",\"item\":\"https:\\\/\\\/www.apen.es\\\/soluciones-de-impresion\\\/\"},{\"@type\":\"ListItem\",\"position\":3,\"name\":\"Renting impresoras para empresas\"}]},{\"@type\":\"WebSite\",\"@id\":\"https:\\\/\\\/www.apen.es\\\/#website\",\"url\":\"https:\\\/\\\/www.apen.es\\\/\",\"name\":\"Apen Inform\u00e1tica\",\"description\":\"Mantenimiento Inform\u00e1tico , Software de Gesti\u00f3n, Soluciones de impresi\u00f3n\",\"publisher\":{\"@id\":\"https:\\\/\\\/www.apen.es\\\/#organization\"},\"potentialAction\":[{\"@type\":\"SearchAction\",\"target\":{\"@type\":\"EntryPoint\",\"urlTemplate\":\"https:\\\/\\\/www.apen.es\\\/?s={search_term_string}\"},\"query-input\":{\"@type\":\"PropertyValueSpecification\",\"valueRequired\":true,\"valueName\":\"search_term_string\"}}],\"inLanguage\":\"ca\"},{\"@type\":\"Organization\",\"@id\":\"https:\\\/\\\/www.apen.es\\\/#organization\",\"name\":\"Apen: Soluciones inform\u00e1ticas\",\"url\":\"https:\\\/\\\/www.apen.es\\\/\",\"logo\":{\"@type\":\"ImageObject\",\"inLanguage\":\"ca\",\"@id\":\"https:\\\/\\\/www.apen.es\\\/#\\\/schema\\\/logo\\\/image\\\/\",\"url\":\"https:\\\/\\\/www.apen.es\\\/wp-content\\\/uploads\\\/2022\\\/08\\\/logo-apenok-231x82-1.png\",\"contentUrl\":\"https:\\\/\\\/www.apen.es\\\/wp-content\\\/uploads\\\/2022\\\/08\\\/logo-apenok-231x82-1.png\",\"width\":231,\"height\":82,\"caption\":\"Apen: Soluciones inform\u00e1ticas\"},\"image\":{\"@id\":\"https:\\\/\\\/www.apen.es\\\/#\\\/schema\\\/logo\\\/image\\\/\"},\"sameAs\":[\"https:\\\/\\\/www.facebook.com\\\/apensolucions\",\"https:\\\/\\\/www.youtube.com\\\/user\\\/ApenCentreInformatic\",\"https:\\\/\\\/www.linkedin.com\\\/company\\\/1021771?trk=tyah&trkInfo=clickedVerticalcompanyclickedEntityId1021771idx2-1-2tarId1464195271196tasapenin\"]}]}<\/script>\n<!-- \/ Yoast SEO plugin. -->","yoast_head_json":{"title":"Renting impressores per a empreses - Apen Inform\u00e0tica","description":"A Apen oferim el servei de r\u00e8nting d&#039;impressores per a empreses de marques com HP, Kyocera, OKI o Konica Minolta per a la teva empresa. Confia en Apen.","robots":{"index":"index","follow":"follow","max-snippet":"max-snippet:-1","max-image-preview":"max-image-preview:large","max-video-preview":"max-video-preview:-1"},"canonical":"https:\/\/www.apen.es\/ca\/solucions-dimpressio\/renting-impressores-per-a-empreses\/","og_locale":"ca_ES","og_type":"article","og_title":"Renting impresoras para empresas - Apen Inform\u00e1tica","og_description":"En Apen ofrecemos el servicio de renting de impresoras para empresas de marcas como HP, Kyocera, OKI o Konica Minolta para tu empresa. Conf\u00eda en Apen.","og_url":"https:\/\/www.apen.es\/ca\/solucions-dimpressio\/renting-impressores-per-a-empreses\/","og_site_name":"Apen Inform\u00e1tica","article_publisher":"https:\/\/www.facebook.com\/apensolucions","article_modified_time":"2025-06-25T11:38:19+00:00","og_image":[{"width":231,"height":82,"url":"https:\/\/www.apen.es\/wp-content\/uploads\/2016\/05\/logo-apen-231x82-trasparent.png","type":"image\/png"}],"twitter_card":"summary_large_image","twitter_misc":{"Temps estimat de lectura":"4 minuts"},"schema":{"@context":"https:\/\/schema.org","@graph":[{"@type":"WebPage","@id":"https:\/\/www.apen.es\/soluciones-de-impresion\/renting-impresoras-para-empresas\/","url":"https:\/\/www.apen.es\/soluciones-de-impresion\/renting-impresoras-para-empresas\/","name":"Renting impressores per a empreses - Apen Inform\u00e0tica","isPartOf":{"@id":"https:\/\/www.apen.es\/#website"},"datePublished":"2017-07-11T14:27:53+00:00","dateModified":"2025-06-25T11:38:19+00:00","description":"A Apen oferim el servei de r\u00e8nting d&#039;impressores per a empreses de marques com HP, Kyocera, OKI o Konica Minolta per a la teva empresa. Confia en Apen.","breadcrumb":{"@id":"https:\/\/www.apen.es\/soluciones-de-impresion\/renting-impresoras-para-empresas\/#breadcrumb"},"inLanguage":"ca","potentialAction":[{"@type":"ReadAction","target":["https:\/\/www.apen.es\/soluciones-de-impresion\/renting-impresoras-para-empresas\/"]}]},{"@type":"BreadcrumbList","@id":"https:\/\/www.apen.es\/soluciones-de-impresion\/renting-impresoras-para-empresas\/#breadcrumb","itemListElement":[{"@type":"ListItem","position":1,"name":"Portada","item":"https:\/\/www.apen.es\/"},{"@type":"ListItem","position":2,"name":"Soluciones de impresi\u00f3n","item":"https:\/\/www.apen.es\/soluciones-de-impresion\/"},{"@type":"ListItem","position":3,"name":"Renting impresoras para empresas"}]},{"@type":"WebSite","@id":"https:\/\/www.apen.es\/#website","url":"https:\/\/www.apen.es\/","name":"Apen Inform\u00e0tica","description":"Manteniment inform\u00e0tic , programari de gesti\u00f3, solucions d&#039;impressi\u00f3","publisher":{"@id":"https:\/\/www.apen.es\/#organization"},"potentialAction":[{"@type":"SearchAction","target":{"@type":"EntryPoint","urlTemplate":"https:\/\/www.apen.es\/?s={search_term_string}"},"query-input":{"@type":"PropertyValueSpecification","valueRequired":true,"valueName":"search_term_string"}}],"inLanguage":"ca"},{"@type":"Organization","@id":"https:\/\/www.apen.es\/#organization","name":"Apen: Solucions inform\u00e0tiques","url":"https:\/\/www.apen.es\/","logo":{"@type":"ImageObject","inLanguage":"ca","@id":"https:\/\/www.apen.es\/#\/schema\/logo\/image\/","url":"https:\/\/www.apen.es\/wp-content\/uploads\/2022\/08\/logo-apenok-231x82-1.png","contentUrl":"https:\/\/www.apen.es\/wp-content\/uploads\/2022\/08\/logo-apenok-231x82-1.png","width":231,"height":82,"caption":"Apen: Soluciones inform\u00e1ticas"},"image":{"@id":"https:\/\/www.apen.es\/#\/schema\/logo\/image\/"},"sameAs":["https:\/\/www.facebook.com\/apensolucions","https:\/\/www.youtube.com\/user\/ApenCentreInformatic","https:\/\/www.linkedin.com\/company\/1021771?trk=tyah&trkInfo=clickedVerticalcompanyclickedEntityId1021771idx2-1-2tarId1464195271196tasapenin"]}]}},"taxonomy_info":[],"featured_image_src_large":false,"author_info":{"display_name":"marqueting","author_link":"https:\/\/www.apen.es\/ca\/blog\/author\/marqueting\/"},"comment_info":0,"_links":{"self":[{"href":"https:\/\/www.apen.es\/ca\/wp-json\/wp\/v2\/pages\/6811","targetHints":{"allow":["GET"]}}],"collection":[{"href":"https:\/\/www.apen.es\/ca\/wp-json\/wp\/v2\/pages"}],"about":[{"href":"https:\/\/www.apen.es\/ca\/wp-json\/wp\/v2\/types\/page"}],"author":[{"embeddable":true,"href":"https:\/\/www.apen.es\/ca\/wp-json\/wp\/v2\/users\/4"}],"replies":[{"embeddable":true,"href":"https:\/\/www.apen.es\/ca\/wp-json\/wp\/v2\/comments?post=6811"}],"version-history":[{"count":4,"href":"https:\/\/www.apen.es\/ca\/wp-json\/wp\/v2\/pages\/6811\/revisions"}],"predecessor-version":[{"id":55655,"href":"https:\/\/www.apen.es\/ca\/wp-json\/wp\/v2\/pages\/6811\/revisions\/55655"}],"up":[{"embeddable":true,"href":"https:\/\/www.apen.es\/ca\/wp-json\/wp\/v2\/pages\/1158"}],"wp:attachment":[{"href":"https:\/\/www.apen.es\/ca\/wp-json\/wp\/v2\/media?parent=6811"}],"curies":[{"name":"wp","href":"https:\/\/api.w.org\/{rel}","templated":true}]}}