{"id":6675,"date":"2017-06-05T15:45:11","date_gmt":"2017-06-05T15:45:11","guid":{"rendered":"https:\/\/www.apen.es\/?page_id=6675"},"modified":"2025-07-14T10:57:13","modified_gmt":"2025-07-14T10:57:13","slug":"disc-ssd","status":"publish","type":"page","link":"https:\/\/www.apen.es\/ca\/glossari-dinformatica\/disc-ssd\/","title":{"rendered":"Disc SSD"},"content":{"rendered":"<h2 class=\"wp-block-heading\">QU\u00c8 \u00c9S UN DISC SSD?<\/h2>\n\n\n<div class=\"wp-block-image\">\n<figure class=\"alignleft is-resized\"><img loading=\"lazy\" decoding=\"async\" width=\"570\" height=\"320\" src=\"https:\/\/www.apen.es\/wp-content\/uploads\/2017\/06\/disco-duro-ssd.jpg\" alt=\"\" class=\"wp-image-6676\" style=\"width:400px\" title=\"Disc DUR SSD - Glossari d&#039;inform\u00e0tica\" srcset=\"https:\/\/www.apen.es\/wp-content\/uploads\/2017\/06\/disco-duro-ssd.jpg 570w, https:\/\/www.apen.es\/wp-content\/uploads\/2017\/06\/disco-duro-ssd-300x168.jpg 300w\" sizes=\"auto, (max-width: 570px) 100vw, 570px\" \/><\/figure>\n<\/div>\n\n\n<p>El Disc SSD \u00e9s el que anomenem Unitat d&#039;estat s\u00f2lid (Solid-State Drive) \u00e9s un dispositiu d&#039;emmagatzematge de dades, que utilitza una mem\u00f2ria no vol\u00e0til, com la mem\u00f2ria flaix, en lloc dels discos magn\u00e8tics de les unitats de discs durs HDD.<\/p>\n\n\n\n<p>Les unitats d\u201festat s\u00f2lid o SSD s\u00f3n menys sensibles als cops, ja que no disposen de parts m\u00f2bils. Tenen menys temps d&#039;acc\u00e9s i de lat\u00e8ncia, i aix\u00f2 representa una millora en el rendiment exponencial, quant als temps de c\u00e0rrega dels sistemes operatius.<\/p>\n\n\n\n<p>Tenen un nombre limitat de cicles d&#039;escriptura i la seva vida \u00fatil \u00e9s for\u00e7a limitada, i es pot produir una p\u00e8rdua de totes les dades de manera inesperada i irrecuperable.<\/p>\n\n\n\n<p>La interf\u00edcie que utilitzen les SSD s&#039;anomena SATA i \u00e9s la mateixa que la dels discs durs. Es poden intercanviar, sense haver de rec\u00f3rrer a adaptadors o targetes dexpansi\u00f3, per compatibilitzar-la amb lequip.<\/p>\n\n\n\n<p>Des de l&#039;any 2010, la majoria dels SSD utilitzen la mem\u00f2ria flaix, que est\u00e0 basada en portes NAND i \u00e9s capa\u00e7 de retenir les dades sense cap tipus d&#039;alimentaci\u00f3 el\u00e8ctrica.<\/p>\n\n\n\n<p>El disc SSD s&#039;utilitza per anomenar la nova generaci\u00f3 de dispositius d&#039;emmagatzematge per a ordinadors. Els SSD poden superar molts dels problemes que ens trob\u00e0vem amb els discos durs convencionals.<\/p>\n\n\n\n<p><strong>Avantatges dels SSD<\/strong><\/p>\n\n\n\n<p>La<strong> rapidesa<\/strong> \u00e9s un dels grans avantatges, pel que fa a la cerca de dades ia les lectures. El temps despera per obtenir el flux de dades sempre \u00e9s el mateix i no cal desfragmentar perqu\u00e8 estiguin o no contig\u00fces les dades, les unitats funcionen igual de b\u00e9.<\/p>\n\n\n\n<p>Compta amb una <strong>major resist\u00e8ncia<\/strong>, perqu\u00e8 no disposa de components m\u00f2bils i respon millor a les vibracions i als cops.<\/p>\n\n\n\n<p><strong>El consum \u00e9s menor<\/strong>, perqu\u00e8 no necessita tanta pot\u00e8ncia per funcionar. Es desgasta menys degut a la calor i per aix\u00f2 la seva vida \u00fatil augmenta.<\/p>\n\n\n\n<p>Tamb\u00e9<strong> fa menys soroll <\/strong>i aix\u00f2 suposa un gran avantatge per al consumidor.<\/p>\n\n\n\n<p><strong>Tipus de SSD<\/strong><\/p>\n\n\n\n<p>Hi ha diferents tipus de SSD, depenent de la seva connexi\u00f3 al PC:<\/p>\n\n\n\n<p><strong>PCle SS<\/strong>: La unitat es connecta a un port PCI Express, com si fos una targeta interna addicional. D&#039;aquesta manera poden funcionar molt m\u00e9s r\u00e0pidament i no estar limitat per l&#039;est\u00e0ndard SATA.<\/p>\n\n\n\n<p><strong>Sata SSD<\/strong>: Usa el mateix connector que un disc dur normal. Es converteix en l\u00fanica opci\u00f3 per afegir un SSD o un port\u00e0til.<\/p>\n\n\n\n<p><strong>SLC:<\/strong> Acr\u00f2nim de Single Level Cell. \u00c9s la primera que es va utilitzar i actualment les podem observar en entorns de servits, a causa del seu cost alt.<\/p>\n\n\n\n<p><strong>MLC<\/strong>: Permeten dos bits per cel\u00b7la i s\u00f3n capa\u00e7os d&#039;emmagatzemar quatre estats<\/p>\n\n\n\n<p><strong>TLC<\/strong>: En aquest cas s\u00f3n tres bits per cel\u00b7la i es poden emmagatzemar quatre estats<\/p>","protected":false},"excerpt":{"rendered":"<p>\u00bfQUE \u00c9S UN DISCO SSD? El Disco SSD es lo que llamamos Unidad de estado s\u00f3lido (Solid-State Drive) es un dispositivo de almacenamiento de datos, que usa una memoria no vol\u00e1til, como la memoria flash, en lugar de los discos magn\u00e9ticos de las unidades de discos duros HDD. Las unidades de estado s\u00f3lido o SSD&#8230;<\/p>","protected":false},"author":4,"featured_media":0,"parent":6185,"menu_order":0,"comment_status":"closed","ping_status":"closed","template":"page-landing-glosario.php","meta":{"_acf_changed":false,"_kad_blocks_custom_css":"","_kad_blocks_head_custom_js":"","_kad_blocks_body_custom_js":"","_kad_blocks_footer_custom_js":"","_kad_post_transparent":"","_kad_post_title":"","_kad_post_layout":"","_kad_post_sidebar_id":"","_kad_post_content_style":"","_kad_post_vertical_padding":"","_kad_post_feature":"","_kad_post_feature_position":"","_kad_post_header":false,"_kad_post_footer":false,"_kad_post_classname":"","footnotes":""},"class_list":["post-6675","page","type-page","status-publish","hentry"],"acf":[],"yoast_head":"<!-- This site is optimized with the Yoast SEO plugin v27.4 - https:\/\/yoast.com\/product\/yoast-seo-wordpress\/ -->\n<title>Disco SSD - Apen Inform\u00e1tica<\/title>\n<meta name=\"description\" content=\"\u00bfQue es un disco SSD? Un disco SSD es un dispositivo de almacenamiento de datos, que usa una memoria no vol\u00e1til, como la memoria flash. L\u00edderes en Barcelona.\" \/>\n<meta name=\"robots\" content=\"index, follow, max-snippet:-1, max-image-preview:large, max-video-preview:-1\" \/>\n<link rel=\"canonical\" href=\"https:\/\/www.apen.es\/ca\/glossari-dinformatica\/disc-ssd\/\" \/>\n<meta property=\"og:locale\" content=\"ca_ES\" \/>\n<meta property=\"og:type\" content=\"article\" \/>\n<meta property=\"og:title\" content=\"Disco SSD - Apen Inform\u00e1tica\" \/>\n<meta property=\"og:description\" content=\"\u00bfQue es un disco SSD? Un disco SSD es un dispositivo de almacenamiento de datos, que usa una memoria no vol\u00e1til, como la memoria flash. L\u00edderes en Barcelona.\" \/>\n<meta property=\"og:url\" content=\"https:\/\/www.apen.es\/ca\/glossari-dinformatica\/disc-ssd\/\" \/>\n<meta property=\"og:site_name\" content=\"Apen Inform\u00e1tica\" \/>\n<meta property=\"article:publisher\" content=\"https:\/\/www.facebook.com\/apensolucions\" \/>\n<meta property=\"article:modified_time\" content=\"2025-07-14T10:57:13+00:00\" \/>\n<meta property=\"og:image\" content=\"https:\/\/www.apen.es\/wp-content\/uploads\/2017\/06\/disco-duro-ssd.jpg\" \/>\n<meta name=\"twitter:card\" content=\"summary_large_image\" \/>\n<meta name=\"twitter:label1\" content=\"Temps estimat de lectura\" \/>\n\t<meta name=\"twitter:data1\" content=\"3 minuts\" \/>\n<script type=\"application\/ld+json\" class=\"yoast-schema-graph\">{\"@context\":\"https:\\\/\\\/schema.org\",\"@graph\":[{\"@type\":\"WebPage\",\"@id\":\"https:\\\/\\\/www.apen.es\\\/glosario-de-informatica\\\/disco-ssd\\\/\",\"url\":\"https:\\\/\\\/www.apen.es\\\/glosario-de-informatica\\\/disco-ssd\\\/\",\"name\":\"Disco SSD - Apen Inform\u00e1tica\",\"isPartOf\":{\"@id\":\"https:\\\/\\\/www.apen.es\\\/#website\"},\"primaryImageOfPage\":{\"@id\":\"https:\\\/\\\/www.apen.es\\\/glosario-de-informatica\\\/disco-ssd\\\/#primaryimage\"},\"image\":{\"@id\":\"https:\\\/\\\/www.apen.es\\\/glosario-de-informatica\\\/disco-ssd\\\/#primaryimage\"},\"thumbnailUrl\":\"https:\\\/\\\/www.apen.es\\\/wp-content\\\/uploads\\\/2017\\\/06\\\/disco-duro-ssd.jpg\",\"datePublished\":\"2017-06-05T15:45:11+00:00\",\"dateModified\":\"2025-07-14T10:57:13+00:00\",\"description\":\"\u00bfQue es un disco SSD? Un disco SSD es un dispositivo de almacenamiento de datos, que usa una memoria no vol\u00e1til, como la memoria flash. L\u00edderes en Barcelona.\",\"breadcrumb\":{\"@id\":\"https:\\\/\\\/www.apen.es\\\/glosario-de-informatica\\\/disco-ssd\\\/#breadcrumb\"},\"inLanguage\":\"ca\",\"potentialAction\":[{\"@type\":\"ReadAction\",\"target\":[\"https:\\\/\\\/www.apen.es\\\/glosario-de-informatica\\\/disco-ssd\\\/\"]}]},{\"@type\":\"ImageObject\",\"inLanguage\":\"ca\",\"@id\":\"https:\\\/\\\/www.apen.es\\\/glosario-de-informatica\\\/disco-ssd\\\/#primaryimage\",\"url\":\"https:\\\/\\\/www.apen.es\\\/wp-content\\\/uploads\\\/2017\\\/06\\\/disco-duro-ssd.jpg\",\"contentUrl\":\"https:\\\/\\\/www.apen.es\\\/wp-content\\\/uploads\\\/2017\\\/06\\\/disco-duro-ssd.jpg\"},{\"@type\":\"BreadcrumbList\",\"@id\":\"https:\\\/\\\/www.apen.es\\\/glosario-de-informatica\\\/disco-ssd\\\/#breadcrumb\",\"itemListElement\":[{\"@type\":\"ListItem\",\"position\":1,\"name\":\"Portada\",\"item\":\"https:\\\/\\\/www.apen.es\\\/\"},{\"@type\":\"ListItem\",\"position\":2,\"name\":\"Glosario de inform\u00e1tica\",\"item\":\"https:\\\/\\\/www.apen.es\\\/glosario-de-informatica\\\/\"},{\"@type\":\"ListItem\",\"position\":3,\"name\":\"Disco SSD\"}]},{\"@type\":\"WebSite\",\"@id\":\"https:\\\/\\\/www.apen.es\\\/#website\",\"url\":\"https:\\\/\\\/www.apen.es\\\/\",\"name\":\"Apen Inform\u00e1tica\",\"description\":\"Mantenimiento Inform\u00e1tico , Software de Gesti\u00f3n, Soluciones de impresi\u00f3n\",\"publisher\":{\"@id\":\"https:\\\/\\\/www.apen.es\\\/#organization\"},\"potentialAction\":[{\"@type\":\"SearchAction\",\"target\":{\"@type\":\"EntryPoint\",\"urlTemplate\":\"https:\\\/\\\/www.apen.es\\\/?s={search_term_string}\"},\"query-input\":{\"@type\":\"PropertyValueSpecification\",\"valueRequired\":true,\"valueName\":\"search_term_string\"}}],\"inLanguage\":\"ca\"},{\"@type\":\"Organization\",\"@id\":\"https:\\\/\\\/www.apen.es\\\/#organization\",\"name\":\"Apen: Soluciones inform\u00e1ticas\",\"url\":\"https:\\\/\\\/www.apen.es\\\/\",\"logo\":{\"@type\":\"ImageObject\",\"inLanguage\":\"ca\",\"@id\":\"https:\\\/\\\/www.apen.es\\\/#\\\/schema\\\/logo\\\/image\\\/\",\"url\":\"https:\\\/\\\/www.apen.es\\\/wp-content\\\/uploads\\\/2022\\\/08\\\/logo-apenok-231x82-1.png\",\"contentUrl\":\"https:\\\/\\\/www.apen.es\\\/wp-content\\\/uploads\\\/2022\\\/08\\\/logo-apenok-231x82-1.png\",\"width\":231,\"height\":82,\"caption\":\"Apen: Soluciones inform\u00e1ticas\"},\"image\":{\"@id\":\"https:\\\/\\\/www.apen.es\\\/#\\\/schema\\\/logo\\\/image\\\/\"},\"sameAs\":[\"https:\\\/\\\/www.facebook.com\\\/apensolucions\",\"https:\\\/\\\/www.youtube.com\\\/user\\\/ApenCentreInformatic\",\"https:\\\/\\\/www.linkedin.com\\\/company\\\/1021771?trk=tyah&trkInfo=clickedVerticalcompanyclickedEntityId1021771idx2-1-2tarId1464195271196tasapenin\"]}]}<\/script>\n<!-- \/ Yoast SEO plugin. -->","yoast_head_json":{"title":"Disc SSD - Apen Inform\u00e0tica","description":"Qu\u00e8 \u00e9s un disc SSD? Un disc SSD \u00e9s un dispositiu d&#039;emmagatzematge de dades, que utilitza una mem\u00f2ria no vol\u00e0til, com ara la mem\u00f2ria flaix. L\u00edders a Barcelona.","robots":{"index":"index","follow":"follow","max-snippet":"max-snippet:-1","max-image-preview":"max-image-preview:large","max-video-preview":"max-video-preview:-1"},"canonical":"https:\/\/www.apen.es\/ca\/glossari-dinformatica\/disc-ssd\/","og_locale":"ca_ES","og_type":"article","og_title":"Disco SSD - Apen Inform\u00e1tica","og_description":"\u00bfQue es un disco SSD? Un disco SSD es un dispositivo de almacenamiento de datos, que usa una memoria no vol\u00e1til, como la memoria flash. L\u00edderes en Barcelona.","og_url":"https:\/\/www.apen.es\/ca\/glossari-dinformatica\/disc-ssd\/","og_site_name":"Apen Inform\u00e1tica","article_publisher":"https:\/\/www.facebook.com\/apensolucions","article_modified_time":"2025-07-14T10:57:13+00:00","og_image":[{"url":"https:\/\/www.apen.es\/wp-content\/uploads\/2017\/06\/disco-duro-ssd.jpg","type":"","width":"","height":""}],"twitter_card":"summary_large_image","twitter_misc":{"Temps estimat de lectura":"3 minuts"},"schema":{"@context":"https:\/\/schema.org","@graph":[{"@type":"WebPage","@id":"https:\/\/www.apen.es\/glosario-de-informatica\/disco-ssd\/","url":"https:\/\/www.apen.es\/glosario-de-informatica\/disco-ssd\/","name":"Disc SSD - Apen Inform\u00e0tica","isPartOf":{"@id":"https:\/\/www.apen.es\/#website"},"primaryImageOfPage":{"@id":"https:\/\/www.apen.es\/glosario-de-informatica\/disco-ssd\/#primaryimage"},"image":{"@id":"https:\/\/www.apen.es\/glosario-de-informatica\/disco-ssd\/#primaryimage"},"thumbnailUrl":"https:\/\/www.apen.es\/wp-content\/uploads\/2017\/06\/disco-duro-ssd.jpg","datePublished":"2017-06-05T15:45:11+00:00","dateModified":"2025-07-14T10:57:13+00:00","description":"Qu\u00e8 \u00e9s un disc SSD? Un disc SSD \u00e9s un dispositiu d&#039;emmagatzematge de dades, que utilitza una mem\u00f2ria no vol\u00e0til, com ara la mem\u00f2ria flaix. L\u00edders a Barcelona.","breadcrumb":{"@id":"https:\/\/www.apen.es\/glosario-de-informatica\/disco-ssd\/#breadcrumb"},"inLanguage":"ca","potentialAction":[{"@type":"ReadAction","target":["https:\/\/www.apen.es\/glosario-de-informatica\/disco-ssd\/"]}]},{"@type":"ImageObject","inLanguage":"ca","@id":"https:\/\/www.apen.es\/glosario-de-informatica\/disco-ssd\/#primaryimage","url":"https:\/\/www.apen.es\/wp-content\/uploads\/2017\/06\/disco-duro-ssd.jpg","contentUrl":"https:\/\/www.apen.es\/wp-content\/uploads\/2017\/06\/disco-duro-ssd.jpg"},{"@type":"BreadcrumbList","@id":"https:\/\/www.apen.es\/glosario-de-informatica\/disco-ssd\/#breadcrumb","itemListElement":[{"@type":"ListItem","position":1,"name":"Portada","item":"https:\/\/www.apen.es\/"},{"@type":"ListItem","position":2,"name":"Glosario de inform\u00e1tica","item":"https:\/\/www.apen.es\/glosario-de-informatica\/"},{"@type":"ListItem","position":3,"name":"Disco SSD"}]},{"@type":"WebSite","@id":"https:\/\/www.apen.es\/#website","url":"https:\/\/www.apen.es\/","name":"Apen Inform\u00e0tica","description":"Manteniment inform\u00e0tic , programari de gesti\u00f3, solucions d&#039;impressi\u00f3","publisher":{"@id":"https:\/\/www.apen.es\/#organization"},"potentialAction":[{"@type":"SearchAction","target":{"@type":"EntryPoint","urlTemplate":"https:\/\/www.apen.es\/?s={search_term_string}"},"query-input":{"@type":"PropertyValueSpecification","valueRequired":true,"valueName":"search_term_string"}}],"inLanguage":"ca"},{"@type":"Organization","@id":"https:\/\/www.apen.es\/#organization","name":"Apen: Solucions inform\u00e0tiques","url":"https:\/\/www.apen.es\/","logo":{"@type":"ImageObject","inLanguage":"ca","@id":"https:\/\/www.apen.es\/#\/schema\/logo\/image\/","url":"https:\/\/www.apen.es\/wp-content\/uploads\/2022\/08\/logo-apenok-231x82-1.png","contentUrl":"https:\/\/www.apen.es\/wp-content\/uploads\/2022\/08\/logo-apenok-231x82-1.png","width":231,"height":82,"caption":"Apen: Soluciones inform\u00e1ticas"},"image":{"@id":"https:\/\/www.apen.es\/#\/schema\/logo\/image\/"},"sameAs":["https:\/\/www.facebook.com\/apensolucions","https:\/\/www.youtube.com\/user\/ApenCentreInformatic","https:\/\/www.linkedin.com\/company\/1021771?trk=tyah&trkInfo=clickedVerticalcompanyclickedEntityId1021771idx2-1-2tarId1464195271196tasapenin"]}]}},"taxonomy_info":[],"featured_image_src_large":false,"author_info":{"display_name":"marqueting","author_link":"https:\/\/www.apen.es\/ca\/blog\/author\/marqueting\/"},"comment_info":0,"_links":{"self":[{"href":"https:\/\/www.apen.es\/ca\/wp-json\/wp\/v2\/pages\/6675","targetHints":{"allow":["GET"]}}],"collection":[{"href":"https:\/\/www.apen.es\/ca\/wp-json\/wp\/v2\/pages"}],"about":[{"href":"https:\/\/www.apen.es\/ca\/wp-json\/wp\/v2\/types\/page"}],"author":[{"embeddable":true,"href":"https:\/\/www.apen.es\/ca\/wp-json\/wp\/v2\/users\/4"}],"replies":[{"embeddable":true,"href":"https:\/\/www.apen.es\/ca\/wp-json\/wp\/v2\/comments?post=6675"}],"version-history":[{"count":1,"href":"https:\/\/www.apen.es\/ca\/wp-json\/wp\/v2\/pages\/6675\/revisions"}],"predecessor-version":[{"id":56551,"href":"https:\/\/www.apen.es\/ca\/wp-json\/wp\/v2\/pages\/6675\/revisions\/56551"}],"up":[{"embeddable":true,"href":"https:\/\/www.apen.es\/ca\/wp-json\/wp\/v2\/pages\/6185"}],"wp:attachment":[{"href":"https:\/\/www.apen.es\/ca\/wp-json\/wp\/v2\/media?parent=6675"}],"curies":[{"name":"wp","href":"https:\/\/api.w.org\/{rel}","templated":true}]}}