{"id":6562,"date":"2017-05-04T14:18:01","date_gmt":"2017-05-04T14:18:01","guid":{"rendered":"https:\/\/www.apen.es\/?page_id=6562"},"modified":"2025-05-23T08:19:38","modified_gmt":"2025-05-23T08:19:38","slug":"reparacio-impressores-kyocera","status":"publish","type":"page","link":"https:\/\/www.apen.es\/ca\/soluciones-de-impresion\/reparacion-impresoras-kyocera\/","title":{"rendered":"Reparaci\u00f3 impressores Kyocera"},"content":{"rendered":"<p>A Apen oferim tot tipus de serveis inform\u00e0tics com la&nbsp;<strong>reparaci\u00f3<\/strong>&nbsp;de&nbsp;<strong>impressores<\/strong>&nbsp;<strong>Kyocera<\/strong>, a m\u00e9s de comptar amb marques referents al sector. Estem especialitzats en el manteniment i la seguretat inform\u00e0tic aix\u00ed com en les solucions d&#039;impressi\u00f3, que incorporen un servei integral de manteniment t\u00e8cnic, com \u00e9s el cas de la impressi\u00f3 de&nbsp;<strong>impressores<\/strong>&nbsp;<strong>Kyocera<\/strong>, OKI, HP o Konica Minolta.<\/p>\n\n\n\n<p>A Apen volem que els nostres clients puguin disposar d&#039;un servei d&#039;impressi\u00f3 excepcional, per aix\u00f2 posem a la vostra disposici\u00f3 material de primera qualitat i els nostres t\u00e8cnics especialitzats, que s&#039;encarregaran de resoldre qualsevol avaria, com la&nbsp;<strong>reparaci\u00f3<\/strong>&nbsp;a&nbsp;<strong>impressores<\/strong>&nbsp;<strong>Kyocera<\/strong>.<\/p>\n\n\n\n<p>Apen s&#039;encarrega d&#039;instal\u00b7lar les&nbsp;<strong>impressores<\/strong>&nbsp;<strong>Kyocera<\/strong>&nbsp;a l&#039;empresa, subministrant-li tamb\u00e9 els cartutxos i oferint-los el manteniment t\u00e8cnic durant 24h mitjan\u00e7ant control remot.<\/p>\n\n\n\n<p>La&nbsp;<strong>reparaci\u00f3<\/strong>&nbsp;a&nbsp;<strong>impressores<\/strong>&nbsp;<strong>Kyocera<\/strong>&nbsp;\u00e9s un dels serveis que oferim a Apen, juntament amb les nostres tres marques m\u00e9s de&nbsp;<strong>impressores<\/strong>, referents al sector, com s\u00f3n OKI, Konica i HP. Som una empresa multimarca perqu\u00e8 no volem casar-nos amb cap d&#039;elles, sin\u00f3 que el nostre principal objectiu \u00e9s oferir el millor servei als nostres clients, \u00e9s a dir, el que millor s&#039;adapti a ells ia les necessitats de la seva empresa.<\/p>\n\n\n\n<p>Per aquest motiu,&nbsp;<strong>Kyocera<\/strong>&nbsp;\u00e9s una de les marques que oferim a les nostres solucions d&#039;impressi\u00f3, per poder gaudir d&#039;un servei professional, intu\u00eftiu i efica\u00e7 durant tots els dies de l&#039;any.<\/p>\n\n\n\n<p>A Apen fem un estudi previ a l&#039;empresa per estudiar quines s\u00f3n les vostres necessitats reals, ja que moltes vegades podem aconseguir grans canvis amb petits gestos. A m\u00e9s, el nostre servei ofereix un manteniment t\u00e8cnic de&nbsp;<strong>reparaci\u00f3<\/strong>&nbsp;de&nbsp;<strong>impressores<\/strong>&nbsp;<strong>Kyocera<\/strong>, HP, OKI i Konica, aix\u00ed com revisi\u00f3 d&#039;avaries i de cartutxos.<\/p>\n\n\n\n<p><strong>Kyocera<\/strong>&nbsp;ofereix un bon servei a molts dels nostres clients, que compten amb el nostre suport t\u00e8cnic especialitzat, aix\u00ed com una impressora de substituci\u00f3 sempre que sigui necess\u00e0ria una&nbsp;<strong>reparaci\u00f3<\/strong>&nbsp;de les&nbsp;<strong>impressores<\/strong>.<\/p>\n\n\n\n<p>Apen posa a l&#039;abast dels seus clients un servei professional, amb m\u00e9s de 25 anys d&#039;experi\u00e8ncia, que inclou un manteniment integral, en qu\u00e8 el client no s&#039;ha de preocupar gaireb\u00e9 de res. Amb aquest servei complet, el que pretenem \u00e9s que les empreses se sentin a gust i estalvi\u00efn temps i diners en les solucions d&#039;impressi\u00f3, sense pagar m\u00e9s del que calgui.<\/p>\n\n\n\n<p>La&nbsp;<strong>reparaci\u00f3<\/strong>&nbsp;de les&nbsp;<strong>impressores<\/strong>&nbsp;<strong>Kyocera<\/strong>&nbsp;es faran en un curt per\u00edode de temps i se li garanteix al client obtenir una impressora de primera qualitat, en substituci\u00f3 de la seva, mentre duri el per\u00edode de&nbsp;<strong>reparaci\u00f3<\/strong>&nbsp;del seu&nbsp;<strong>impressora<\/strong>habitual.<\/p>\n\n\n\n<p>Si voleu contractar una&nbsp;<strong>impressora<\/strong>&nbsp;<strong>Kyocera<\/strong>&nbsp;o de qualsevol de les marques amb qu\u00e8 treballem a Apen, no dubti en posar-se en contacte amb nosaltres. Us atendrem r\u00e0pidament, sense comprom\u00eds, per explicar-vos tots els avantatges que podeu obtenir a la vostra empresa, relacionats amb els serveis d&#039;impressi\u00f3, com ara la&nbsp;<strong>reparaci\u00f3<\/strong>&nbsp;i el manteniment t\u00e8cnic de les&nbsp;<strong>impressores<\/strong>.<\/p>","protected":false},"excerpt":{"rendered":"<p>En Apen ofrecemos todo tipo de servicios inform\u00e1ticos como la&nbsp;reparaci\u00f3n&nbsp;de&nbsp;impresoras&nbsp;Kyocera, adem\u00e1s de contar con marcas referentes en el sector. Estamos especializados en el mantenimiento y la seguridad inform\u00e1tico as\u00ed como en las soluciones de impresi\u00f3n, que incorporan un servicio integral de mantenimiento t\u00e9cnico, como es el caso de la impresi\u00f3n de&nbsp;impresoras&nbsp;Kyocera, OKI, HP o Konica&#8230;<\/p>","protected":false},"author":4,"featured_media":0,"parent":1158,"menu_order":0,"comment_status":"closed","ping_status":"closed","template":"page-renting-impresoras.php","meta":{"_acf_changed":false,"_kad_blocks_custom_css":"","_kad_blocks_head_custom_js":"","_kad_blocks_body_custom_js":"","_kad_blocks_footer_custom_js":"","_kad_post_transparent":"","_kad_post_title":"","_kad_post_layout":"","_kad_post_sidebar_id":"","_kad_post_content_style":"","_kad_post_vertical_padding":"","_kad_post_feature":"","_kad_post_feature_position":"","_kad_post_header":false,"_kad_post_footer":false,"_kad_post_classname":"","footnotes":""},"class_list":["post-6562","page","type-page","status-publish","hentry"],"acf":[],"yoast_head":"<!-- This site is optimized with the Yoast SEO plugin v27.4 - https:\/\/yoast.com\/product\/yoast-seo-wordpress\/ -->\n<title>Reparaci\u00f3n impresoras Kyocera - Apen Inform\u00e1tica<\/title>\n<meta name=\"description\" content=\"En Apen ofrecemos el servicio de reparaci\u00f3n de impresoras Kyocera. Ofrecemos todo tipo de soluciones de impresi\u00f3n para empresas. Digitalizate con Apen.\" \/>\n<meta name=\"robots\" content=\"index, follow, max-snippet:-1, max-image-preview:large, max-video-preview:-1\" \/>\n<link rel=\"canonical\" href=\"https:\/\/www.apen.es\/ca\/solucions-dimpressio\/reparacio-impressores-kyocera\/\" \/>\n<meta property=\"og:locale\" content=\"ca_ES\" \/>\n<meta property=\"og:type\" content=\"article\" \/>\n<meta property=\"og:title\" content=\"Reparaci\u00f3n impresoras Kyocera - Apen Inform\u00e1tica\" \/>\n<meta property=\"og:description\" content=\"En Apen ofrecemos el servicio de reparaci\u00f3n de impresoras Kyocera. Ofrecemos todo tipo de soluciones de impresi\u00f3n para empresas. Digitalizate con Apen.\" \/>\n<meta property=\"og:url\" content=\"https:\/\/www.apen.es\/ca\/solucions-dimpressio\/reparacio-impressores-kyocera\/\" \/>\n<meta property=\"og:site_name\" content=\"Apen Inform\u00e1tica\" \/>\n<meta property=\"article:publisher\" content=\"https:\/\/www.facebook.com\/apensolucions\" \/>\n<meta property=\"article:modified_time\" content=\"2025-05-23T08:19:38+00:00\" \/>\n<meta property=\"og:image\" content=\"https:\/\/www.apen.es\/wp-content\/uploads\/2016\/05\/logo-apen-231x82-trasparent.png\" \/>\n\t<meta property=\"og:image:width\" content=\"231\" \/>\n\t<meta property=\"og:image:height\" content=\"82\" \/>\n\t<meta property=\"og:image:type\" content=\"image\/png\" \/>\n<meta name=\"twitter:card\" content=\"summary_large_image\" \/>\n<meta name=\"twitter:label1\" content=\"Temps estimat de lectura\" \/>\n\t<meta name=\"twitter:data1\" content=\"8 minuts\" \/>\n<script type=\"application\/ld+json\" class=\"yoast-schema-graph\">{\"@context\":\"https:\\\/\\\/schema.org\",\"@graph\":[{\"@type\":\"WebPage\",\"@id\":\"https:\\\/\\\/www.apen.es\\\/soluciones-de-impresion\\\/reparacion-impresoras-kyocera\\\/\",\"url\":\"https:\\\/\\\/www.apen.es\\\/soluciones-de-impresion\\\/reparacion-impresoras-kyocera\\\/\",\"name\":\"Reparaci\u00f3n impresoras Kyocera - Apen Inform\u00e1tica\",\"isPartOf\":{\"@id\":\"https:\\\/\\\/www.apen.es\\\/#website\"},\"datePublished\":\"2017-05-04T14:18:01+00:00\",\"dateModified\":\"2025-05-23T08:19:38+00:00\",\"description\":\"En Apen ofrecemos el servicio de reparaci\u00f3n de impresoras Kyocera. Ofrecemos todo tipo de soluciones de impresi\u00f3n para empresas. Digitalizate con Apen.\",\"breadcrumb\":{\"@id\":\"https:\\\/\\\/www.apen.es\\\/soluciones-de-impresion\\\/reparacion-impresoras-kyocera\\\/#breadcrumb\"},\"inLanguage\":\"ca\",\"potentialAction\":[{\"@type\":\"ReadAction\",\"target\":[\"https:\\\/\\\/www.apen.es\\\/soluciones-de-impresion\\\/reparacion-impresoras-kyocera\\\/\"]}]},{\"@type\":\"BreadcrumbList\",\"@id\":\"https:\\\/\\\/www.apen.es\\\/soluciones-de-impresion\\\/reparacion-impresoras-kyocera\\\/#breadcrumb\",\"itemListElement\":[{\"@type\":\"ListItem\",\"position\":1,\"name\":\"Portada\",\"item\":\"https:\\\/\\\/www.apen.es\\\/\"},{\"@type\":\"ListItem\",\"position\":2,\"name\":\"Soluciones de impresi\u00f3n\",\"item\":\"https:\\\/\\\/www.apen.es\\\/soluciones-de-impresion\\\/\"},{\"@type\":\"ListItem\",\"position\":3,\"name\":\"Reparaci\u00f3n impresoras Kyocera\"}]},{\"@type\":\"WebSite\",\"@id\":\"https:\\\/\\\/www.apen.es\\\/#website\",\"url\":\"https:\\\/\\\/www.apen.es\\\/\",\"name\":\"Apen Inform\u00e1tica\",\"description\":\"Mantenimiento Inform\u00e1tico , Software de Gesti\u00f3n, Soluciones de impresi\u00f3n\",\"publisher\":{\"@id\":\"https:\\\/\\\/www.apen.es\\\/#organization\"},\"potentialAction\":[{\"@type\":\"SearchAction\",\"target\":{\"@type\":\"EntryPoint\",\"urlTemplate\":\"https:\\\/\\\/www.apen.es\\\/?s={search_term_string}\"},\"query-input\":{\"@type\":\"PropertyValueSpecification\",\"valueRequired\":true,\"valueName\":\"search_term_string\"}}],\"inLanguage\":\"ca\"},{\"@type\":\"Organization\",\"@id\":\"https:\\\/\\\/www.apen.es\\\/#organization\",\"name\":\"Apen: Soluciones inform\u00e1ticas\",\"url\":\"https:\\\/\\\/www.apen.es\\\/\",\"logo\":{\"@type\":\"ImageObject\",\"inLanguage\":\"ca\",\"@id\":\"https:\\\/\\\/www.apen.es\\\/#\\\/schema\\\/logo\\\/image\\\/\",\"url\":\"https:\\\/\\\/www.apen.es\\\/wp-content\\\/uploads\\\/2022\\\/08\\\/logo-apenok-231x82-1.png\",\"contentUrl\":\"https:\\\/\\\/www.apen.es\\\/wp-content\\\/uploads\\\/2022\\\/08\\\/logo-apenok-231x82-1.png\",\"width\":231,\"height\":82,\"caption\":\"Apen: Soluciones inform\u00e1ticas\"},\"image\":{\"@id\":\"https:\\\/\\\/www.apen.es\\\/#\\\/schema\\\/logo\\\/image\\\/\"},\"sameAs\":[\"https:\\\/\\\/www.facebook.com\\\/apensolucions\",\"https:\\\/\\\/www.youtube.com\\\/user\\\/ApenCentreInformatic\",\"https:\\\/\\\/www.linkedin.com\\\/company\\\/1021771?trk=tyah&trkInfo=clickedVerticalcompanyclickedEntityId1021771idx2-1-2tarId1464195271196tasapenin\"]}]}<\/script>\n<!-- \/ Yoast SEO plugin. -->","yoast_head_json":{"title":"Reparaci\u00f3 impressores Kyocera - Apen Inform\u00e0tica","description":"A Apen oferim el servei de reparaci\u00f3 d&#039;impressores Kyocera. Oferim tota mena de solucions d&#039;impressi\u00f3 per a empreses. Digitalitza&#039;t amb Apen.","robots":{"index":"index","follow":"follow","max-snippet":"max-snippet:-1","max-image-preview":"max-image-preview:large","max-video-preview":"max-video-preview:-1"},"canonical":"https:\/\/www.apen.es\/ca\/solucions-dimpressio\/reparacio-impressores-kyocera\/","og_locale":"ca_ES","og_type":"article","og_title":"Reparaci\u00f3n impresoras Kyocera - Apen Inform\u00e1tica","og_description":"En Apen ofrecemos el servicio de reparaci\u00f3n de impresoras Kyocera. Ofrecemos todo tipo de soluciones de impresi\u00f3n para empresas. Digitalizate con Apen.","og_url":"https:\/\/www.apen.es\/ca\/solucions-dimpressio\/reparacio-impressores-kyocera\/","og_site_name":"Apen Inform\u00e1tica","article_publisher":"https:\/\/www.facebook.com\/apensolucions","article_modified_time":"2025-05-23T08:19:38+00:00","og_image":[{"width":231,"height":82,"url":"https:\/\/www.apen.es\/wp-content\/uploads\/2016\/05\/logo-apen-231x82-trasparent.png","type":"image\/png"}],"twitter_card":"summary_large_image","twitter_misc":{"Temps estimat de lectura":"8 minuts"},"schema":{"@context":"https:\/\/schema.org","@graph":[{"@type":"WebPage","@id":"https:\/\/www.apen.es\/soluciones-de-impresion\/reparacion-impresoras-kyocera\/","url":"https:\/\/www.apen.es\/soluciones-de-impresion\/reparacion-impresoras-kyocera\/","name":"Reparaci\u00f3 impressores Kyocera - Apen Inform\u00e0tica","isPartOf":{"@id":"https:\/\/www.apen.es\/#website"},"datePublished":"2017-05-04T14:18:01+00:00","dateModified":"2025-05-23T08:19:38+00:00","description":"A Apen oferim el servei de reparaci\u00f3 d&#039;impressores Kyocera. Oferim tota mena de solucions d&#039;impressi\u00f3 per a empreses. Digitalitza&#039;t amb Apen.","breadcrumb":{"@id":"https:\/\/www.apen.es\/soluciones-de-impresion\/reparacion-impresoras-kyocera\/#breadcrumb"},"inLanguage":"ca","potentialAction":[{"@type":"ReadAction","target":["https:\/\/www.apen.es\/soluciones-de-impresion\/reparacion-impresoras-kyocera\/"]}]},{"@type":"BreadcrumbList","@id":"https:\/\/www.apen.es\/soluciones-de-impresion\/reparacion-impresoras-kyocera\/#breadcrumb","itemListElement":[{"@type":"ListItem","position":1,"name":"Portada","item":"https:\/\/www.apen.es\/"},{"@type":"ListItem","position":2,"name":"Soluciones de impresi\u00f3n","item":"https:\/\/www.apen.es\/soluciones-de-impresion\/"},{"@type":"ListItem","position":3,"name":"Reparaci\u00f3n impresoras Kyocera"}]},{"@type":"WebSite","@id":"https:\/\/www.apen.es\/#website","url":"https:\/\/www.apen.es\/","name":"Apen Inform\u00e0tica","description":"Manteniment inform\u00e0tic , programari de gesti\u00f3, solucions d&#039;impressi\u00f3","publisher":{"@id":"https:\/\/www.apen.es\/#organization"},"potentialAction":[{"@type":"SearchAction","target":{"@type":"EntryPoint","urlTemplate":"https:\/\/www.apen.es\/?s={search_term_string}"},"query-input":{"@type":"PropertyValueSpecification","valueRequired":true,"valueName":"search_term_string"}}],"inLanguage":"ca"},{"@type":"Organization","@id":"https:\/\/www.apen.es\/#organization","name":"Apen: Solucions inform\u00e0tiques","url":"https:\/\/www.apen.es\/","logo":{"@type":"ImageObject","inLanguage":"ca","@id":"https:\/\/www.apen.es\/#\/schema\/logo\/image\/","url":"https:\/\/www.apen.es\/wp-content\/uploads\/2022\/08\/logo-apenok-231x82-1.png","contentUrl":"https:\/\/www.apen.es\/wp-content\/uploads\/2022\/08\/logo-apenok-231x82-1.png","width":231,"height":82,"caption":"Apen: Soluciones inform\u00e1ticas"},"image":{"@id":"https:\/\/www.apen.es\/#\/schema\/logo\/image\/"},"sameAs":["https:\/\/www.facebook.com\/apensolucions","https:\/\/www.youtube.com\/user\/ApenCentreInformatic","https:\/\/www.linkedin.com\/company\/1021771?trk=tyah&trkInfo=clickedVerticalcompanyclickedEntityId1021771idx2-1-2tarId1464195271196tasapenin"]}]}},"taxonomy_info":[],"featured_image_src_large":false,"author_info":{"display_name":"marqueting","author_link":"https:\/\/www.apen.es\/ca\/blog\/author\/marqueting\/"},"comment_info":0,"_links":{"self":[{"href":"https:\/\/www.apen.es\/ca\/wp-json\/wp\/v2\/pages\/6562","targetHints":{"allow":["GET"]}}],"collection":[{"href":"https:\/\/www.apen.es\/ca\/wp-json\/wp\/v2\/pages"}],"about":[{"href":"https:\/\/www.apen.es\/ca\/wp-json\/wp\/v2\/types\/page"}],"author":[{"embeddable":true,"href":"https:\/\/www.apen.es\/ca\/wp-json\/wp\/v2\/users\/4"}],"replies":[{"embeddable":true,"href":"https:\/\/www.apen.es\/ca\/wp-json\/wp\/v2\/comments?post=6562"}],"version-history":[{"count":2,"href":"https:\/\/www.apen.es\/ca\/wp-json\/wp\/v2\/pages\/6562\/revisions"}],"predecessor-version":[{"id":54864,"href":"https:\/\/www.apen.es\/ca\/wp-json\/wp\/v2\/pages\/6562\/revisions\/54864"}],"up":[{"embeddable":true,"href":"https:\/\/www.apen.es\/ca\/wp-json\/wp\/v2\/pages\/1158"}],"wp:attachment":[{"href":"https:\/\/www.apen.es\/ca\/wp-json\/wp\/v2\/media?parent=6562"}],"curies":[{"name":"wp","href":"https:\/\/api.w.org\/{rel}","templated":true}]}}