{"id":6560,"date":"2017-05-04T14:15:17","date_gmt":"2017-05-04T14:15:17","guid":{"rendered":"https:\/\/www.apen.es\/?page_id=6560"},"modified":"2025-03-24T10:06:36","modified_gmt":"2025-03-24T10:06:36","slug":"reparacio-impressores-konica-minolta","status":"publish","type":"page","link":"https:\/\/www.apen.es\/ca\/soluciones-de-impresion\/reparacion-impresoras-konica-minolta\/","title":{"rendered":"Reparaci\u00f3 impressores KONICA MINOLTA"},"content":{"rendered":"<p><strong>Konica Minolta<\/strong>&nbsp;\u00e9s una marca referent al sector de les&nbsp;<strong>impressores<\/strong>. A Apen disposem d\u00b4un servei multimarca per poder oferir als nostres clients les millors opcions en les solucions d\u00b4impressi\u00f3.<\/p>\n\n\n\n<p>A Apen oferim solucions d&#039;impressi\u00f3 de&nbsp;<strong>Konica Minolta<\/strong>&nbsp;aportant un servei integral per a les pimes, en qu\u00e8 incloem la&nbsp;<strong>reparaci\u00f3 d&#039;impressores Konica Minolta<\/strong>, entre molts altres serveis t\u00e8cnics.<\/p>\n\n\n\n<p>Amb 25 anys al sector, a Apen sabem quines s\u00f3n les millors marques i les treballem de prop, per aix\u00f2 sabem com fer la&nbsp;<strong>reparaci\u00f3 d&#039;impressores Konica Minolta<\/strong>, aix\u00ed com resoldre qualsevol avaria o problema t\u00e8cnic que pugui sorgir.<\/p>\n\n\n\n<p>La&nbsp;<strong>reparaci\u00f3 d&#039;impressores Konica Minolta<\/strong>&nbsp;es duu a terme per grans professionals t\u00e8cnics, treballadors d&#039;Apen, que coneixen cada equip a la perfecci\u00f3. Saben detectar el problema des de l&#039;interior i fan la&nbsp;<strong>reparaci\u00f3 de les impressores Konica Minolta<\/strong>&nbsp;en un curt per\u00edode de temps. Apen facilita una impressora de substituci\u00f3 al client, per no deixar lusuari sense lequip dimpressi\u00f3. Es tracta d&#039;un servei de&nbsp;<strong>reparaci\u00f3<\/strong>&nbsp;professional i competitiu que \u00e9s a disposici\u00f3 del client, sempre que ho necessiti.<\/p>\n\n\n\n<p>Des d&#039;Apen ens ocupem del manteniment i la&nbsp;<strong>reparaci\u00f3 d&#039;impressores Konica Minolta<\/strong>, perqu\u00e8 puguis disposar d&#039;un servei amb total funcionalitat a la teva empresa. El manteniment d&#039;Apen inclou la instal\u00b7laci\u00f3, la&nbsp;<strong>reparaci\u00f3 d&#039;impressores<\/strong><strong>&nbsp;Konica Minolta<\/strong>&nbsp;(entre altres marques referents del sector), configuraci\u00f3 de l&#039;equip, tots els consumibles i la gesti\u00f3, peces i recanvis, assist\u00e8ncia en menys de 4 hores, pr\u00e9stecs d&#039;equips en cas d&#039;avaria, manteniment preventiu, servei de monitoritzaci\u00f3 remota i despla\u00e7aments.<\/p>\n\n\n\n<p>A Apen som distribu\u00efdors oficials de les marques l\u00edders del mercat, en solucions d&#039;impressi\u00f3, com HP, Kyocera,&nbsp;<strong>Konica Minolta<\/strong>&nbsp;i&nbsp;<strong>OKI<\/strong>. Oferim solucions d&#039;impressi\u00f3 integrals, en qu\u00e8 va inclosa la&nbsp;<strong>reparaci\u00f3 d&#039;impressores Konica Minolta,&nbsp;<\/strong>aix\u00ed com el manteniment de lequip dimpressi\u00f3.<\/p>\n\n\n\n<p>A Apen ens ocupem de la&nbsp;<strong>reparaci\u00f3 de les impressores Konica Minolta<\/strong>, aix\u00ed com de la reparaci\u00f3 d&#039;impressores HP, Kyocera i&nbsp;<strong>OKI<\/strong>. Treballem amb les millors marques del mercat i en coneixem les virtuts, per aix\u00f2 podem aconsellar-te el millor equip d&#039;impressi\u00f3 per a la teva empresa i fer-ne la&nbsp;<strong>reparaci\u00f3 d&#039;impressores Konica Minolta<\/strong>, amb total seguretat, sempre que sigui necessari. Aix\u00ed com de qualsevol altra marca de les que treballem a Apen.<\/p>\n\n\n\n<p>Les necessitats actuals de les empreses, pel que fa a solucions d&#039;impressi\u00f3 de qualitat, ens porten a vetllar per garantir els m\u00e8todes i els instruments que ens ajudin a assolir aquest objectiu. Per aix\u00f2, a Apen, treballem, dia a dia, per garantir un servei de qualitat professional, en qu\u00e8 el client pot tenir un manteniment t\u00e8cnic immediat i un servei integral que inclou, entre altres coses, la&nbsp;<strong>reparaci\u00f3 d&#039;impressores Konica Minolta<\/strong>.<\/p>\n\n\n\n<p>APEN garanteix la m\u00e0xima efici\u00e8ncia del servei en solucions d\u00b4impressi\u00f3 per als seus clients. Amb el que garantim un servei professional, mitjan\u00e7ant control inform\u00e0tic remot de qualsevol dubte o problema, a m\u00e9s de comptar amb la&nbsp;<strong>reparaci\u00f3 de les impressores Konica Minolta<\/strong>&nbsp;i totes les nostres marques, en cas que hi hagi un problema o avaria t\u00e8cnica, a l&#039;equip d&#039;impressi\u00f3 del client.<\/p>","protected":false},"excerpt":{"rendered":"<p>Konica Minolta&nbsp;es una marca referente en el sector de las&nbsp;impresoras. En Apen disponemos de un servicio multimarca para poder ofrecer a nuestros clientes las mejores opciones en las soluciones de impresi\u00f3n. En Apen ofrecemos soluciones de impresi\u00f3n de&nbsp;Konica Minolta&nbsp;aportando un servicio integral para las pymes, en el que incluimos la&nbsp;reparaci\u00f3n de impresoras Konica Minolta, entre&#8230;<\/p>","protected":false},"author":4,"featured_media":0,"parent":1158,"menu_order":0,"comment_status":"closed","ping_status":"closed","template":"page-renting-impresoras.php","meta":{"_acf_changed":false,"_kad_blocks_custom_css":"","_kad_blocks_head_custom_js":"","_kad_blocks_body_custom_js":"","_kad_blocks_footer_custom_js":"","_kad_post_transparent":"","_kad_post_title":"","_kad_post_layout":"","_kad_post_sidebar_id":"","_kad_post_content_style":"","_kad_post_vertical_padding":"","_kad_post_feature":"","_kad_post_feature_position":"","_kad_post_header":false,"_kad_post_footer":false,"_kad_post_classname":"","footnotes":""},"class_list":["post-6560","page","type-page","status-publish","hentry"],"acf":[],"yoast_head":"<!-- This site is optimized with the Yoast SEO plugin v27.4 - https:\/\/yoast.com\/product\/yoast-seo-wordpress\/ -->\n<title>Reparaci\u00f3n impresoras KONICA MINOLTA - Apen Inform\u00e1tica<\/title>\n<meta name=\"description\" content=\"En Apen ofrecemos el servicio de reparaci\u00f3n de impresoras KONICA MINOLTA. Ofrecemos todo tipo de soluciones de impresi\u00f3n para empresas.\" \/>\n<meta name=\"robots\" content=\"index, follow, max-snippet:-1, max-image-preview:large, max-video-preview:-1\" \/>\n<link rel=\"canonical\" href=\"https:\/\/www.apen.es\/ca\/solucions-dimpressio\/reparacio-impressores-konica-minolta\/\" \/>\n<meta property=\"og:locale\" content=\"ca_ES\" \/>\n<meta property=\"og:type\" content=\"article\" \/>\n<meta property=\"og:title\" content=\"Reparaci\u00f3n impresoras KONICA MINOLTA - Apen Inform\u00e1tica\" \/>\n<meta property=\"og:description\" content=\"En Apen ofrecemos el servicio de reparaci\u00f3n de impresoras KONICA MINOLTA. Ofrecemos todo tipo de soluciones de impresi\u00f3n para empresas.\" \/>\n<meta property=\"og:url\" content=\"https:\/\/www.apen.es\/ca\/solucions-dimpressio\/reparacio-impressores-konica-minolta\/\" \/>\n<meta property=\"og:site_name\" content=\"Apen Inform\u00e1tica\" \/>\n<meta property=\"article:publisher\" content=\"https:\/\/www.facebook.com\/apensolucions\" \/>\n<meta property=\"article:modified_time\" content=\"2025-03-24T10:06:36+00:00\" \/>\n<meta property=\"og:image\" content=\"https:\/\/www.apen.es\/wp-content\/uploads\/2016\/05\/logo-apen-231x82-trasparent.png\" \/>\n\t<meta property=\"og:image:width\" content=\"231\" \/>\n\t<meta property=\"og:image:height\" content=\"82\" \/>\n\t<meta property=\"og:image:type\" content=\"image\/png\" \/>\n<meta name=\"twitter:card\" content=\"summary_large_image\" \/>\n<meta name=\"twitter:label1\" content=\"Temps estimat de lectura\" \/>\n\t<meta name=\"twitter:data1\" content=\"9 minuts\" \/>\n<script type=\"application\/ld+json\" class=\"yoast-schema-graph\">{\"@context\":\"https:\\\/\\\/schema.org\",\"@graph\":[{\"@type\":\"WebPage\",\"@id\":\"https:\\\/\\\/www.apen.es\\\/soluciones-de-impresion\\\/reparacion-impresoras-konica-minolta\\\/\",\"url\":\"https:\\\/\\\/www.apen.es\\\/soluciones-de-impresion\\\/reparacion-impresoras-konica-minolta\\\/\",\"name\":\"Reparaci\u00f3n impresoras KONICA MINOLTA - Apen Inform\u00e1tica\",\"isPartOf\":{\"@id\":\"https:\\\/\\\/www.apen.es\\\/#website\"},\"datePublished\":\"2017-05-04T14:15:17+00:00\",\"dateModified\":\"2025-03-24T10:06:36+00:00\",\"description\":\"En Apen ofrecemos el servicio de reparaci\u00f3n de impresoras KONICA MINOLTA. Ofrecemos todo tipo de soluciones de impresi\u00f3n para empresas.\",\"breadcrumb\":{\"@id\":\"https:\\\/\\\/www.apen.es\\\/soluciones-de-impresion\\\/reparacion-impresoras-konica-minolta\\\/#breadcrumb\"},\"inLanguage\":\"ca\",\"potentialAction\":[{\"@type\":\"ReadAction\",\"target\":[\"https:\\\/\\\/www.apen.es\\\/soluciones-de-impresion\\\/reparacion-impresoras-konica-minolta\\\/\"]}]},{\"@type\":\"BreadcrumbList\",\"@id\":\"https:\\\/\\\/www.apen.es\\\/soluciones-de-impresion\\\/reparacion-impresoras-konica-minolta\\\/#breadcrumb\",\"itemListElement\":[{\"@type\":\"ListItem\",\"position\":1,\"name\":\"Portada\",\"item\":\"https:\\\/\\\/www.apen.es\\\/\"},{\"@type\":\"ListItem\",\"position\":2,\"name\":\"Soluciones de impresi\u00f3n\",\"item\":\"https:\\\/\\\/www.apen.es\\\/soluciones-de-impresion\\\/\"},{\"@type\":\"ListItem\",\"position\":3,\"name\":\"Reparaci\u00f3n impresoras KONICA MINOLTA\"}]},{\"@type\":\"WebSite\",\"@id\":\"https:\\\/\\\/www.apen.es\\\/#website\",\"url\":\"https:\\\/\\\/www.apen.es\\\/\",\"name\":\"Apen Inform\u00e1tica\",\"description\":\"Mantenimiento Inform\u00e1tico , Software de Gesti\u00f3n, Soluciones de impresi\u00f3n\",\"publisher\":{\"@id\":\"https:\\\/\\\/www.apen.es\\\/#organization\"},\"potentialAction\":[{\"@type\":\"SearchAction\",\"target\":{\"@type\":\"EntryPoint\",\"urlTemplate\":\"https:\\\/\\\/www.apen.es\\\/?s={search_term_string}\"},\"query-input\":{\"@type\":\"PropertyValueSpecification\",\"valueRequired\":true,\"valueName\":\"search_term_string\"}}],\"inLanguage\":\"ca\"},{\"@type\":\"Organization\",\"@id\":\"https:\\\/\\\/www.apen.es\\\/#organization\",\"name\":\"Apen: Soluciones inform\u00e1ticas\",\"url\":\"https:\\\/\\\/www.apen.es\\\/\",\"logo\":{\"@type\":\"ImageObject\",\"inLanguage\":\"ca\",\"@id\":\"https:\\\/\\\/www.apen.es\\\/#\\\/schema\\\/logo\\\/image\\\/\",\"url\":\"https:\\\/\\\/www.apen.es\\\/wp-content\\\/uploads\\\/2022\\\/08\\\/logo-apenok-231x82-1.png\",\"contentUrl\":\"https:\\\/\\\/www.apen.es\\\/wp-content\\\/uploads\\\/2022\\\/08\\\/logo-apenok-231x82-1.png\",\"width\":231,\"height\":82,\"caption\":\"Apen: Soluciones inform\u00e1ticas\"},\"image\":{\"@id\":\"https:\\\/\\\/www.apen.es\\\/#\\\/schema\\\/logo\\\/image\\\/\"},\"sameAs\":[\"https:\\\/\\\/www.facebook.com\\\/apensolucions\",\"https:\\\/\\\/www.youtube.com\\\/user\\\/ApenCentreInformatic\",\"https:\\\/\\\/www.linkedin.com\\\/company\\\/1021771?trk=tyah&trkInfo=clickedVerticalcompanyclickedEntityId1021771idx2-1-2tarId1464195271196tasapenin\"]}]}<\/script>\n<!-- \/ Yoast SEO plugin. -->","yoast_head_json":{"title":"Reparaci\u00f3 impressores KONICA MINOLTA - Apen Inform\u00e0tica","description":"A Apen oferim el servei de reparaci\u00f3 d&#039;impressores KONICA MINOLTA. Oferim tota mena de solucions d&#039;impressi\u00f3 per a empreses.","robots":{"index":"index","follow":"follow","max-snippet":"max-snippet:-1","max-image-preview":"max-image-preview:large","max-video-preview":"max-video-preview:-1"},"canonical":"https:\/\/www.apen.es\/ca\/solucions-dimpressio\/reparacio-impressores-konica-minolta\/","og_locale":"ca_ES","og_type":"article","og_title":"Reparaci\u00f3n impresoras KONICA MINOLTA - Apen Inform\u00e1tica","og_description":"En Apen ofrecemos el servicio de reparaci\u00f3n de impresoras KONICA MINOLTA. Ofrecemos todo tipo de soluciones de impresi\u00f3n para empresas.","og_url":"https:\/\/www.apen.es\/ca\/solucions-dimpressio\/reparacio-impressores-konica-minolta\/","og_site_name":"Apen Inform\u00e1tica","article_publisher":"https:\/\/www.facebook.com\/apensolucions","article_modified_time":"2025-03-24T10:06:36+00:00","og_image":[{"width":231,"height":82,"url":"https:\/\/www.apen.es\/wp-content\/uploads\/2016\/05\/logo-apen-231x82-trasparent.png","type":"image\/png"}],"twitter_card":"summary_large_image","twitter_misc":{"Temps estimat de lectura":"9 minuts"},"schema":{"@context":"https:\/\/schema.org","@graph":[{"@type":"WebPage","@id":"https:\/\/www.apen.es\/soluciones-de-impresion\/reparacion-impresoras-konica-minolta\/","url":"https:\/\/www.apen.es\/soluciones-de-impresion\/reparacion-impresoras-konica-minolta\/","name":"Reparaci\u00f3 impressores KONICA MINOLTA - Apen Inform\u00e0tica","isPartOf":{"@id":"https:\/\/www.apen.es\/#website"},"datePublished":"2017-05-04T14:15:17+00:00","dateModified":"2025-03-24T10:06:36+00:00","description":"A Apen oferim el servei de reparaci\u00f3 d&#039;impressores KONICA MINOLTA. Oferim tota mena de solucions d&#039;impressi\u00f3 per a empreses.","breadcrumb":{"@id":"https:\/\/www.apen.es\/soluciones-de-impresion\/reparacion-impresoras-konica-minolta\/#breadcrumb"},"inLanguage":"ca","potentialAction":[{"@type":"ReadAction","target":["https:\/\/www.apen.es\/soluciones-de-impresion\/reparacion-impresoras-konica-minolta\/"]}]},{"@type":"BreadcrumbList","@id":"https:\/\/www.apen.es\/soluciones-de-impresion\/reparacion-impresoras-konica-minolta\/#breadcrumb","itemListElement":[{"@type":"ListItem","position":1,"name":"Portada","item":"https:\/\/www.apen.es\/"},{"@type":"ListItem","position":2,"name":"Soluciones de impresi\u00f3n","item":"https:\/\/www.apen.es\/soluciones-de-impresion\/"},{"@type":"ListItem","position":3,"name":"Reparaci\u00f3n impresoras KONICA MINOLTA"}]},{"@type":"WebSite","@id":"https:\/\/www.apen.es\/#website","url":"https:\/\/www.apen.es\/","name":"Apen Inform\u00e0tica","description":"Manteniment inform\u00e0tic , programari de gesti\u00f3, solucions d&#039;impressi\u00f3","publisher":{"@id":"https:\/\/www.apen.es\/#organization"},"potentialAction":[{"@type":"SearchAction","target":{"@type":"EntryPoint","urlTemplate":"https:\/\/www.apen.es\/?s={search_term_string}"},"query-input":{"@type":"PropertyValueSpecification","valueRequired":true,"valueName":"search_term_string"}}],"inLanguage":"ca"},{"@type":"Organization","@id":"https:\/\/www.apen.es\/#organization","name":"Apen: Solucions inform\u00e0tiques","url":"https:\/\/www.apen.es\/","logo":{"@type":"ImageObject","inLanguage":"ca","@id":"https:\/\/www.apen.es\/#\/schema\/logo\/image\/","url":"https:\/\/www.apen.es\/wp-content\/uploads\/2022\/08\/logo-apenok-231x82-1.png","contentUrl":"https:\/\/www.apen.es\/wp-content\/uploads\/2022\/08\/logo-apenok-231x82-1.png","width":231,"height":82,"caption":"Apen: Soluciones inform\u00e1ticas"},"image":{"@id":"https:\/\/www.apen.es\/#\/schema\/logo\/image\/"},"sameAs":["https:\/\/www.facebook.com\/apensolucions","https:\/\/www.youtube.com\/user\/ApenCentreInformatic","https:\/\/www.linkedin.com\/company\/1021771?trk=tyah&trkInfo=clickedVerticalcompanyclickedEntityId1021771idx2-1-2tarId1464195271196tasapenin"]}]}},"taxonomy_info":[],"featured_image_src_large":false,"author_info":{"display_name":"marqueting","author_link":"https:\/\/www.apen.es\/ca\/blog\/author\/marqueting\/"},"comment_info":0,"_links":{"self":[{"href":"https:\/\/www.apen.es\/ca\/wp-json\/wp\/v2\/pages\/6560","targetHints":{"allow":["GET"]}}],"collection":[{"href":"https:\/\/www.apen.es\/ca\/wp-json\/wp\/v2\/pages"}],"about":[{"href":"https:\/\/www.apen.es\/ca\/wp-json\/wp\/v2\/types\/page"}],"author":[{"embeddable":true,"href":"https:\/\/www.apen.es\/ca\/wp-json\/wp\/v2\/users\/4"}],"replies":[{"embeddable":true,"href":"https:\/\/www.apen.es\/ca\/wp-json\/wp\/v2\/comments?post=6560"}],"version-history":[{"count":6,"href":"https:\/\/www.apen.es\/ca\/wp-json\/wp\/v2\/pages\/6560\/revisions"}],"predecessor-version":[{"id":54453,"href":"https:\/\/www.apen.es\/ca\/wp-json\/wp\/v2\/pages\/6560\/revisions\/54453"}],"up":[{"embeddable":true,"href":"https:\/\/www.apen.es\/ca\/wp-json\/wp\/v2\/pages\/1158"}],"wp:attachment":[{"href":"https:\/\/www.apen.es\/ca\/wp-json\/wp\/v2\/media?parent=6560"}],"curies":[{"name":"wp","href":"https:\/\/api.w.org\/{rel}","templated":true}]}}