{"id":6558,"date":"2017-05-04T14:12:56","date_gmt":"2017-05-04T14:12:56","guid":{"rendered":"https:\/\/www.apen.es\/?page_id=6558"},"modified":"2025-05-23T08:21:35","modified_gmt":"2025-05-23T08:21:35","slug":"reparacio-impressores-oki","status":"publish","type":"page","link":"https:\/\/www.apen.es\/ca\/soluciones-de-impresion\/reparacion-impresoras-oki\/","title":{"rendered":"Reparaci\u00f3 impressores OKI"},"content":{"rendered":"<p>Des d&#039;Apen oferim solucions d&#039;impressi\u00f3 de qualitat per aconseguir resoldre les necessitats dels nostres clients amb absoluta professionalitat. Ens ocupem del manteniment i la&nbsp;<strong>reparaci\u00f3 d&#039;impressores OKI<\/strong>, perqu\u00e8 puguis disposar d&#039;un servei amb total funcionalitat a la teva empresa.<\/p>\n\n\n\n<p>Amb 25 anys al sector, Apen ofereix solucions d&#039;impressi\u00f3 de tota mena com per exemple la&nbsp;<strong>reparaci\u00f3 d&#039;impressores OKI<\/strong>, en cas d&#039;avaria o qualsevol tipus de problema t\u00e8cnic que pugui sorgir a l&#039;equip d&#039;impressi\u00f3. Apen posa a la disposici\u00f3 dels clients una impressora de substituci\u00f3 de gran qualitat perqu\u00e8 el client pugui disposar del servei, mentre Apen realitza la&nbsp;<strong>reparaci\u00f3&nbsp;<\/strong>de la&nbsp;<strong>impressora OKI<\/strong>&nbsp;original.<\/p>\n\n\n\n<p>Una altra de les solucions d&#039;impressi\u00f3 d&#039;Apen \u00e9s el servei&nbsp;<a href=\"https:\/\/www.apen.es\/ca\/solucions-dimpressio\/impressio-preu-per-copia\/\">\u201cpreu per c\u00f2pia\u201d<\/a>, un dels serveis estrella d&#039;Apen, que permet als seus clients un gran estalvi en les seves impressions gr\u00e0cies a un servei adaptat a les necessitats del client, on nom\u00e9s es paga per les c\u00f2pies impreses.<\/p>\n\n\n\n<p>El manteniment d&#039;Apen inclou la instal\u00b7laci\u00f3, la&nbsp;<strong>reparaci\u00f3 d&#039;impressores OKI&nbsp;<\/strong>(entre altres marques referents del sector), configuraci\u00f3 de l&#039;equip, tots els consumibles i la gesti\u00f3, peces i recanvis, assist\u00e8ncia en menys de 4 hores, pr\u00e9stecs d&#039;equips en cas d&#039;avaria, manteniment preventiu, servei de monitoritzaci\u00f3 remota i despla\u00e7aments.<\/p>\n\n\n\n<p>A Apen ens ocupem de la&nbsp;<strong>reparaci\u00f3 d&#039;impressores OKI<\/strong>, aix\u00ed com de la reparaci\u00f3 d&#039;impressores HP, Kyocera i Konica Minolta. Treballem amb les millors marques del mercat i en coneixem les virtuts. Per aix\u00f2 podem aconsellar-te el millor equip d&#039;impressi\u00f3 per a la teva empresa i fer-ne la&nbsp;<strong>reparaci\u00f3 d&#039;impressores OKI<\/strong>, sempre que sigui necessari. Aix\u00ed com de qualsevol altra marca amb qu\u00e8 treballem a Apen.<\/p>\n\n\n\n<p><a href=\"https:\/\/www.apen.es\/ca\/\">APEN<\/a>&nbsp;instal\u00b7lar\u00e0 les impressores a l&#039;empresa, subministrar\u00e0 els cartutxos, s&#039;encarregar\u00e0 del manteniment de les impressores i del proc\u00e9s&nbsp;<strong>de reparaci\u00f3 de les impressores OKI<\/strong>. Tot aix\u00f2 est\u00e0 incl\u00f2s en el preu per c\u00f2pia, i permet controlar per part del client despeses ocultes com la&nbsp;<strong>reparaci\u00f3 d&#039;impressores OKI<\/strong>, deguda a alguna avaria comuna. APEN garanteix la m\u00e0xima efici\u00e8ncia del servei ja que controlar\u00e0, mitjan\u00e7ant control inform\u00e0tic remot, l&#039;estat dels cartutxos de tinta en temps real, subministrant els cartutxos de reposici\u00f3 i assegurant-se de reduir al m\u00e0xim la minva de tinta als cartutxos gastats, podent aix\u00ed assegurar un gran estalvi per part del client.<\/p>\n\n\n\n<p>A Apen som distribu\u00efdors oficials de les marques referents a solucions d&#039;impressi\u00f3, com HP, Kyocera, Konica i&nbsp;<strong>OKI<\/strong>. Oferim solucions d&#039;impressi\u00f3 integrals, en qu\u00e8 va inclosa la&nbsp;<strong>reparaci\u00f3 d&#039;impressores OKI<\/strong>, aix\u00ed com el manteniment de lequip dimpressi\u00f3.<\/p>\n\n\n\n<p>Les necessitats actuals de les empreses, pel que fa a solucions d&#039;impressi\u00f3 de qualitat, ens porten a vetllar per garantir els m\u00e8todes i els instruments que ens ajudin a assolir aquest objectiu. Per aix\u00f2, a Apen, treballem per garantir un servei de qualitat professional, en qu\u00e8 el client pot tenir un manteniment t\u00e8cnic immediat i obtenir-ne una&nbsp;<strong>impressora OKI<\/strong>de substituci\u00f3 quan la seva estigui en un proc\u00e9s de&nbsp;<strong>reparaci\u00f3<\/strong>.<\/p>","protected":false},"excerpt":{"rendered":"<p>Desde Apen ofrecemos soluciones de impresi\u00f3n de calidad, para conseguir solventar las necesidades de nuestros clientes con absoluta profesionalidad. Nos ocupamos del mantenimiento y la&nbsp;reparaci\u00f3n de impresoras OKI, para que puedas disponer de un servicio con total funcionalidad en tu empresa. Con 25 a\u00f1os en el sector, Apen ofrece soluciones de impresi\u00f3n de todo tipo&#8230;<\/p>","protected":false},"author":4,"featured_media":0,"parent":1158,"menu_order":0,"comment_status":"closed","ping_status":"closed","template":"page-renting-impresoras.php","meta":{"_acf_changed":false,"_kad_blocks_custom_css":"","_kad_blocks_head_custom_js":"","_kad_blocks_body_custom_js":"","_kad_blocks_footer_custom_js":"","_kad_post_transparent":"","_kad_post_title":"","_kad_post_layout":"","_kad_post_sidebar_id":"","_kad_post_content_style":"","_kad_post_vertical_padding":"","_kad_post_feature":"","_kad_post_feature_position":"","_kad_post_header":false,"_kad_post_footer":false,"_kad_post_classname":"","footnotes":""},"class_list":["post-6558","page","type-page","status-publish","hentry"],"acf":[],"yoast_head":"<!-- This site is optimized with the Yoast SEO plugin v27.4 - https:\/\/yoast.com\/product\/yoast-seo-wordpress\/ -->\n<title>Reparaci\u00f3n impresoras OKI - Apen Inform\u00e1tica<\/title>\n<meta name=\"description\" content=\"En Apen ofrecemos el servicio de reparaci\u00f3n de impresoras OKI. Ofrecemos renting de impresoras y todo tipo de soluciones de impresi\u00f3n para empresas.\" \/>\n<meta name=\"robots\" content=\"index, follow, max-snippet:-1, max-image-preview:large, max-video-preview:-1\" \/>\n<link rel=\"canonical\" href=\"https:\/\/www.apen.es\/ca\/solucions-dimpressio\/reparacio-impressores-oki\/\" \/>\n<meta property=\"og:locale\" content=\"ca_ES\" \/>\n<meta property=\"og:type\" content=\"article\" \/>\n<meta property=\"og:title\" content=\"Reparaci\u00f3n impresoras OKI - Apen Inform\u00e1tica\" \/>\n<meta property=\"og:description\" content=\"En Apen ofrecemos el servicio de reparaci\u00f3n de impresoras OKI. Ofrecemos renting de impresoras y todo tipo de soluciones de impresi\u00f3n para empresas.\" \/>\n<meta property=\"og:url\" content=\"https:\/\/www.apen.es\/ca\/solucions-dimpressio\/reparacio-impressores-oki\/\" \/>\n<meta property=\"og:site_name\" content=\"Apen Inform\u00e1tica\" \/>\n<meta property=\"article:publisher\" content=\"https:\/\/www.facebook.com\/apensolucions\" \/>\n<meta property=\"article:modified_time\" content=\"2025-05-23T08:21:35+00:00\" \/>\n<meta property=\"og:image\" content=\"https:\/\/www.apen.es\/wp-content\/uploads\/2016\/05\/logo-apen-231x82-trasparent.png\" \/>\n\t<meta property=\"og:image:width\" content=\"231\" \/>\n\t<meta property=\"og:image:height\" content=\"82\" \/>\n\t<meta property=\"og:image:type\" content=\"image\/png\" \/>\n<meta name=\"twitter:card\" content=\"summary_large_image\" \/>\n<meta name=\"twitter:label1\" content=\"Temps estimat de lectura\" \/>\n\t<meta name=\"twitter:data1\" content=\"8 minuts\" \/>\n<script type=\"application\/ld+json\" class=\"yoast-schema-graph\">{\"@context\":\"https:\\\/\\\/schema.org\",\"@graph\":[{\"@type\":\"WebPage\",\"@id\":\"https:\\\/\\\/www.apen.es\\\/soluciones-de-impresion\\\/reparacion-impresoras-oki\\\/\",\"url\":\"https:\\\/\\\/www.apen.es\\\/soluciones-de-impresion\\\/reparacion-impresoras-oki\\\/\",\"name\":\"Reparaci\u00f3n impresoras OKI - Apen Inform\u00e1tica\",\"isPartOf\":{\"@id\":\"https:\\\/\\\/www.apen.es\\\/#website\"},\"datePublished\":\"2017-05-04T14:12:56+00:00\",\"dateModified\":\"2025-05-23T08:21:35+00:00\",\"description\":\"En Apen ofrecemos el servicio de reparaci\u00f3n de impresoras OKI. Ofrecemos renting de impresoras y todo tipo de soluciones de impresi\u00f3n para empresas.\",\"breadcrumb\":{\"@id\":\"https:\\\/\\\/www.apen.es\\\/soluciones-de-impresion\\\/reparacion-impresoras-oki\\\/#breadcrumb\"},\"inLanguage\":\"ca\",\"potentialAction\":[{\"@type\":\"ReadAction\",\"target\":[\"https:\\\/\\\/www.apen.es\\\/soluciones-de-impresion\\\/reparacion-impresoras-oki\\\/\"]}]},{\"@type\":\"BreadcrumbList\",\"@id\":\"https:\\\/\\\/www.apen.es\\\/soluciones-de-impresion\\\/reparacion-impresoras-oki\\\/#breadcrumb\",\"itemListElement\":[{\"@type\":\"ListItem\",\"position\":1,\"name\":\"Portada\",\"item\":\"https:\\\/\\\/www.apen.es\\\/\"},{\"@type\":\"ListItem\",\"position\":2,\"name\":\"Soluciones de impresi\u00f3n\",\"item\":\"https:\\\/\\\/www.apen.es\\\/soluciones-de-impresion\\\/\"},{\"@type\":\"ListItem\",\"position\":3,\"name\":\"Reparaci\u00f3n impresoras OKI\"}]},{\"@type\":\"WebSite\",\"@id\":\"https:\\\/\\\/www.apen.es\\\/#website\",\"url\":\"https:\\\/\\\/www.apen.es\\\/\",\"name\":\"Apen Inform\u00e1tica\",\"description\":\"Mantenimiento Inform\u00e1tico , Software de Gesti\u00f3n, Soluciones de impresi\u00f3n\",\"publisher\":{\"@id\":\"https:\\\/\\\/www.apen.es\\\/#organization\"},\"potentialAction\":[{\"@type\":\"SearchAction\",\"target\":{\"@type\":\"EntryPoint\",\"urlTemplate\":\"https:\\\/\\\/www.apen.es\\\/?s={search_term_string}\"},\"query-input\":{\"@type\":\"PropertyValueSpecification\",\"valueRequired\":true,\"valueName\":\"search_term_string\"}}],\"inLanguage\":\"ca\"},{\"@type\":\"Organization\",\"@id\":\"https:\\\/\\\/www.apen.es\\\/#organization\",\"name\":\"Apen: Soluciones inform\u00e1ticas\",\"url\":\"https:\\\/\\\/www.apen.es\\\/\",\"logo\":{\"@type\":\"ImageObject\",\"inLanguage\":\"ca\",\"@id\":\"https:\\\/\\\/www.apen.es\\\/#\\\/schema\\\/logo\\\/image\\\/\",\"url\":\"https:\\\/\\\/www.apen.es\\\/wp-content\\\/uploads\\\/2022\\\/08\\\/logo-apenok-231x82-1.png\",\"contentUrl\":\"https:\\\/\\\/www.apen.es\\\/wp-content\\\/uploads\\\/2022\\\/08\\\/logo-apenok-231x82-1.png\",\"width\":231,\"height\":82,\"caption\":\"Apen: Soluciones inform\u00e1ticas\"},\"image\":{\"@id\":\"https:\\\/\\\/www.apen.es\\\/#\\\/schema\\\/logo\\\/image\\\/\"},\"sameAs\":[\"https:\\\/\\\/www.facebook.com\\\/apensolucions\",\"https:\\\/\\\/www.youtube.com\\\/user\\\/ApenCentreInformatic\",\"https:\\\/\\\/www.linkedin.com\\\/company\\\/1021771?trk=tyah&trkInfo=clickedVerticalcompanyclickedEntityId1021771idx2-1-2tarId1464195271196tasapenin\"]}]}<\/script>\n<!-- \/ Yoast SEO plugin. -->","yoast_head_json":{"title":"Reparaci\u00f3 impressores OKI - Apen Inform\u00e0tica","description":"A Apen oferim el servei de reparaci\u00f3 d&#039;impressores OKI. Oferim r\u00e8nting d&#039;impressores i tota mena de solucions d&#039;impressi\u00f3 per a empreses.","robots":{"index":"index","follow":"follow","max-snippet":"max-snippet:-1","max-image-preview":"max-image-preview:large","max-video-preview":"max-video-preview:-1"},"canonical":"https:\/\/www.apen.es\/ca\/solucions-dimpressio\/reparacio-impressores-oki\/","og_locale":"ca_ES","og_type":"article","og_title":"Reparaci\u00f3n impresoras OKI - Apen Inform\u00e1tica","og_description":"En Apen ofrecemos el servicio de reparaci\u00f3n de impresoras OKI. Ofrecemos renting de impresoras y todo tipo de soluciones de impresi\u00f3n para empresas.","og_url":"https:\/\/www.apen.es\/ca\/solucions-dimpressio\/reparacio-impressores-oki\/","og_site_name":"Apen Inform\u00e1tica","article_publisher":"https:\/\/www.facebook.com\/apensolucions","article_modified_time":"2025-05-23T08:21:35+00:00","og_image":[{"width":231,"height":82,"url":"https:\/\/www.apen.es\/wp-content\/uploads\/2016\/05\/logo-apen-231x82-trasparent.png","type":"image\/png"}],"twitter_card":"summary_large_image","twitter_misc":{"Temps estimat de lectura":"8 minuts"},"schema":{"@context":"https:\/\/schema.org","@graph":[{"@type":"WebPage","@id":"https:\/\/www.apen.es\/soluciones-de-impresion\/reparacion-impresoras-oki\/","url":"https:\/\/www.apen.es\/soluciones-de-impresion\/reparacion-impresoras-oki\/","name":"Reparaci\u00f3 impressores OKI - Apen Inform\u00e0tica","isPartOf":{"@id":"https:\/\/www.apen.es\/#website"},"datePublished":"2017-05-04T14:12:56+00:00","dateModified":"2025-05-23T08:21:35+00:00","description":"A Apen oferim el servei de reparaci\u00f3 d&#039;impressores OKI. Oferim r\u00e8nting d&#039;impressores i tota mena de solucions d&#039;impressi\u00f3 per a empreses.","breadcrumb":{"@id":"https:\/\/www.apen.es\/soluciones-de-impresion\/reparacion-impresoras-oki\/#breadcrumb"},"inLanguage":"ca","potentialAction":[{"@type":"ReadAction","target":["https:\/\/www.apen.es\/soluciones-de-impresion\/reparacion-impresoras-oki\/"]}]},{"@type":"BreadcrumbList","@id":"https:\/\/www.apen.es\/soluciones-de-impresion\/reparacion-impresoras-oki\/#breadcrumb","itemListElement":[{"@type":"ListItem","position":1,"name":"Portada","item":"https:\/\/www.apen.es\/"},{"@type":"ListItem","position":2,"name":"Soluciones de impresi\u00f3n","item":"https:\/\/www.apen.es\/soluciones-de-impresion\/"},{"@type":"ListItem","position":3,"name":"Reparaci\u00f3n impresoras OKI"}]},{"@type":"WebSite","@id":"https:\/\/www.apen.es\/#website","url":"https:\/\/www.apen.es\/","name":"Apen Inform\u00e0tica","description":"Manteniment inform\u00e0tic , programari de gesti\u00f3, solucions d&#039;impressi\u00f3","publisher":{"@id":"https:\/\/www.apen.es\/#organization"},"potentialAction":[{"@type":"SearchAction","target":{"@type":"EntryPoint","urlTemplate":"https:\/\/www.apen.es\/?s={search_term_string}"},"query-input":{"@type":"PropertyValueSpecification","valueRequired":true,"valueName":"search_term_string"}}],"inLanguage":"ca"},{"@type":"Organization","@id":"https:\/\/www.apen.es\/#organization","name":"Apen: Solucions inform\u00e0tiques","url":"https:\/\/www.apen.es\/","logo":{"@type":"ImageObject","inLanguage":"ca","@id":"https:\/\/www.apen.es\/#\/schema\/logo\/image\/","url":"https:\/\/www.apen.es\/wp-content\/uploads\/2022\/08\/logo-apenok-231x82-1.png","contentUrl":"https:\/\/www.apen.es\/wp-content\/uploads\/2022\/08\/logo-apenok-231x82-1.png","width":231,"height":82,"caption":"Apen: Soluciones inform\u00e1ticas"},"image":{"@id":"https:\/\/www.apen.es\/#\/schema\/logo\/image\/"},"sameAs":["https:\/\/www.facebook.com\/apensolucions","https:\/\/www.youtube.com\/user\/ApenCentreInformatic","https:\/\/www.linkedin.com\/company\/1021771?trk=tyah&trkInfo=clickedVerticalcompanyclickedEntityId1021771idx2-1-2tarId1464195271196tasapenin"]}]}},"taxonomy_info":[],"featured_image_src_large":false,"author_info":{"display_name":"marqueting","author_link":"https:\/\/www.apen.es\/ca\/blog\/author\/marqueting\/"},"comment_info":0,"_links":{"self":[{"href":"https:\/\/www.apen.es\/ca\/wp-json\/wp\/v2\/pages\/6558","targetHints":{"allow":["GET"]}}],"collection":[{"href":"https:\/\/www.apen.es\/ca\/wp-json\/wp\/v2\/pages"}],"about":[{"href":"https:\/\/www.apen.es\/ca\/wp-json\/wp\/v2\/types\/page"}],"author":[{"embeddable":true,"href":"https:\/\/www.apen.es\/ca\/wp-json\/wp\/v2\/users\/4"}],"replies":[{"embeddable":true,"href":"https:\/\/www.apen.es\/ca\/wp-json\/wp\/v2\/comments?post=6558"}],"version-history":[{"count":4,"href":"https:\/\/www.apen.es\/ca\/wp-json\/wp\/v2\/pages\/6558\/revisions"}],"predecessor-version":[{"id":54883,"href":"https:\/\/www.apen.es\/ca\/wp-json\/wp\/v2\/pages\/6558\/revisions\/54883"}],"up":[{"embeddable":true,"href":"https:\/\/www.apen.es\/ca\/wp-json\/wp\/v2\/pages\/1158"}],"wp:attachment":[{"href":"https:\/\/www.apen.es\/ca\/wp-json\/wp\/v2\/media?parent=6558"}],"curies":[{"name":"wp","href":"https:\/\/api.w.org\/{rel}","templated":true}]}}