{"id":6554,"date":"2017-05-04T14:09:28","date_gmt":"2017-05-04T14:09:28","guid":{"rendered":"https:\/\/www.apen.es\/?page_id=6554"},"modified":"2025-03-24T10:06:24","modified_gmt":"2025-03-24T10:06:24","slug":"reparacio-impressora-hp","status":"publish","type":"page","link":"https:\/\/www.apen.es\/ca\/soluciones-de-impresion\/reparacion-impresora-hp\/","title":{"rendered":"Reparaci\u00f3 impressora HP"},"content":{"rendered":"<p>Apen proposa als seus clients un servei professional, que inclou un servei t\u00e8cnic de qualitat durant 24 hores, sigui via telef\u00f2nica, per correu o per control remot, per ajudar els clients. Aquest servei de manteniment t\u00e8cnic inclou tamb\u00e9 la&nbsp;<strong>reparaci\u00f3<\/strong>&nbsp;de&nbsp;<strong>impressores<\/strong>&nbsp;<strong>HP<\/strong>, OKI, Konica i Kyocera, que s\u00f3n les marques amb qu\u00e8 Apen treballa, at\u00e8s que s\u00f3n les marques referents al sector.<\/p>\n\n\n\n<p>Les&nbsp;<strong>impressores<\/strong>&nbsp;<strong>HP<\/strong>&nbsp;s\u00f3n una de les millors opcions per als nostres clients, ja que s\u00f3n molt intu\u00eftives i f\u00e0cils de fer servir. A Apen sempre fem un estudi d&#039;empresa previ, per aconseguir triar la millor&nbsp;<strong>impressora<\/strong>&nbsp;per als nostres clients i ens encarreguem de tot el manteniment t\u00e8cnic de les&nbsp;<strong>impressores<\/strong><strong>HP<\/strong>, com per exemple de la seva&nbsp;<strong>reparaci\u00f3<\/strong>.<\/p>\n\n\n\n<p>Quan les&nbsp;<strong>impressores<\/strong>&nbsp;<strong>HP<\/strong>&nbsp;necessiten una&nbsp;<strong>reparaci\u00f3<\/strong>, deguda a alguna avaria o problema, a Apen proporcionem al client una&nbsp;<strong>impressora<\/strong>&nbsp;de substituci\u00f3, perqu\u00e8 no perdin el servei prestat en cap moment. Aquesta&nbsp;<strong>impressora<\/strong>&nbsp;de substituci\u00f3 pot ser&nbsp;<strong>HP<\/strong>&nbsp;o qualsevol altra marca que s&#039;adapti a les necessitats de l&#039;empresa.<\/p>\n\n\n\n<p>La&nbsp;<strong>reparaci\u00f3<\/strong>&nbsp;a&nbsp;<strong>impressores<\/strong>&nbsp;<strong>HP&nbsp;<\/strong>\u00e9s un dels serveis que oferim a Apen, juntament amb les nostres tres marques m\u00e9s de&nbsp;<strong>impressores<\/strong>, referents al sector, com s\u00f3n OKI, Konica i Kyocera. Som una empresa multimarca, on no ens casarem amb cap marca, sin\u00f3 que el nostre principal objectiu \u00e9s oferir el millor servei als nostres clients, \u00e9s a dir, triar la impressora que m\u00e9s s&#039;adapti al client, sigui&nbsp;<strong>HP<\/strong>, Konica, OKI o Kyocera. Si la&nbsp;<strong>impressora HP<\/strong>&nbsp;s&#039;adapta a les necessitats del client, aix\u00f2 assegurar\u00e0 que n&#039;hi hagi menys&nbsp;<strong>reparacions<\/strong>, at\u00e8s que no hi haur\u00e0 un \u00fas excessiu de la&nbsp;<strong>impressora<\/strong>&nbsp;<strong>HP<\/strong>&nbsp;sin\u00f3 que se&#039;n far\u00e0 un \u00fas m\u00e9s adequat.<\/p>\n\n\n\n<p>Amb m\u00e9s de 25 anys d&#039;experi\u00e8ncia, Apen ofereix un manteniment integral, en qu\u00e8 el client no s&#039;ha de preocupar gaireb\u00e9 de res. Amb aquest servei complet, es pret\u00e9n donar un manteniment t\u00e8cnic adequat incloent-hi la&nbsp;<strong>reparaci\u00f3<\/strong>&nbsp;de&nbsp;<strong>impressores HP<\/strong>&nbsp;i la resta de marques, i facilitar, en la mesura del possible, totes les gestions i manteniment de la&nbsp;<strong>impressora<\/strong>&nbsp;del client.<\/p>\n\n\n\n<p>Apen s&#039;encarrega d&#039;instal\u00b7lar les&nbsp;<strong>impressores HP<\/strong>&nbsp;a l&#039;empresa, subministrant-li tamb\u00e9 els cartutxos i oferint-los el manteniment t\u00e8cnic durant 24h mitjan\u00e7ant control remot, a m\u00e9s de comptar amb un servei de&nbsp;<strong>reparaci\u00f3<\/strong>dut a terme per professionals t\u00e8cnics especialitzats.<\/p>\n\n\n\n<p>La&nbsp;<strong>reparaci\u00f3<\/strong>&nbsp;a&nbsp;<strong>impressores<\/strong>&nbsp;<strong>HP<\/strong>&nbsp;\u00e9s un dels serveis que oferim a Apen, juntament amb les nostres tres marques m\u00e9s de&nbsp;<strong>impressores<\/strong>, referents al sector, com s\u00f3n OKI, Konica i Kyocera. Creiem en la qualitat d&#039;aquestes marques, perqu\u00e8 s&#039;adapten perfectament a les necessitats dels clients ia m\u00e9s no en necessiten tanta&nbsp;<strong>reparaci\u00f3<\/strong>&nbsp;com altres marques, de m\u00e9s baixa qualitat.<\/p>\n\n\n\n<p>A Apen som especialistes en el manteniment i seguretat inform\u00e0tica, a m\u00e9s de prestar un servei d&#039;impressi\u00f3 de primera qualitat com el que oferim als nostres clients. Les&nbsp;<strong>impressores<\/strong>&nbsp;<strong>HP<\/strong>&nbsp;\u00e9s una de les marques en qu\u00e8 confiem, perqu\u00e8 sempre ens han donat bons resultats i aportar una gran qualitat a la impressi\u00f3, igual que Kyocera, OKI i Konica.<\/p>\n\n\n\n<p>Treballar amb marques referents al sector de la impressi\u00f3 ens aporta una garantia de confian\u00e7a i professionalitat, que despr\u00e9s reben els nostres clients, que s\u00f3n els que realment troben un benefici directe a la seva empresa, estalviant temps i diners.<\/p>","protected":false},"excerpt":{"rendered":"<p>Apen propone a sus clientes un servicio profesional, que incluye un servicio t\u00e9cnico de calidad durante 24 horas, sea v\u00eda telef\u00f3nica, por correo o por control remoto, para ayudar a los clientes. Este servicio de mantenimiento t\u00e9cnico incluye tambi\u00e9n la&nbsp;reparaci\u00f3n&nbsp;de&nbsp;impresoras&nbsp;HP, OKI, Konica y Kyocera, que son las marcas con las que Apen trabaja, dado que&#8230;<\/p>","protected":false},"author":4,"featured_media":0,"parent":1158,"menu_order":0,"comment_status":"closed","ping_status":"closed","template":"page-renting-impresoras.php","meta":{"_acf_changed":false,"_kad_blocks_custom_css":"","_kad_blocks_head_custom_js":"","_kad_blocks_body_custom_js":"","_kad_blocks_footer_custom_js":"","_kad_post_transparent":"","_kad_post_title":"","_kad_post_layout":"","_kad_post_sidebar_id":"","_kad_post_content_style":"","_kad_post_vertical_padding":"","_kad_post_feature":"","_kad_post_feature_position":"","_kad_post_header":false,"_kad_post_footer":false,"_kad_post_classname":"","footnotes":""},"class_list":["post-6554","page","type-page","status-publish","hentry"],"acf":[],"yoast_head":"<!-- This site is optimized with the Yoast SEO plugin v27.4 - https:\/\/yoast.com\/product\/yoast-seo-wordpress\/ -->\n<title>Reparaci\u00f3n impresora HP - Apen Inform\u00e1tica<\/title>\n<meta name=\"description\" content=\"En Apen ofrecemos el servicio de reparaci\u00f3n de impresoras HP. Ofrecemos todo tipo de soluciones de impresi\u00f3n. Ofrecemos un servicio integral a nuestros clientes.\" \/>\n<meta name=\"robots\" content=\"index, follow, max-snippet:-1, max-image-preview:large, max-video-preview:-1\" \/>\n<link rel=\"canonical\" href=\"https:\/\/www.apen.es\/ca\/solucions-dimpressio\/reparacio-impressora-hp\/\" \/>\n<meta property=\"og:locale\" content=\"ca_ES\" \/>\n<meta property=\"og:type\" content=\"article\" \/>\n<meta property=\"og:title\" content=\"Reparaci\u00f3n impresora HP - Apen Inform\u00e1tica\" \/>\n<meta property=\"og:description\" content=\"En Apen ofrecemos el servicio de reparaci\u00f3n de impresoras HP. Ofrecemos todo tipo de soluciones de impresi\u00f3n. Ofrecemos un servicio integral a nuestros clientes.\" \/>\n<meta property=\"og:url\" content=\"https:\/\/www.apen.es\/ca\/solucions-dimpressio\/reparacio-impressora-hp\/\" \/>\n<meta property=\"og:site_name\" content=\"Apen Inform\u00e1tica\" \/>\n<meta property=\"article:publisher\" content=\"https:\/\/www.facebook.com\/apensolucions\" \/>\n<meta property=\"article:modified_time\" content=\"2025-03-24T10:06:24+00:00\" \/>\n<meta property=\"og:image\" content=\"https:\/\/www.apen.es\/wp-content\/uploads\/2016\/05\/logo-apen-231x82-trasparent.png\" \/>\n\t<meta property=\"og:image:width\" content=\"231\" \/>\n\t<meta property=\"og:image:height\" content=\"82\" \/>\n\t<meta property=\"og:image:type\" content=\"image\/png\" \/>\n<meta name=\"twitter:card\" content=\"summary_large_image\" \/>\n<meta name=\"twitter:label1\" content=\"Temps estimat de lectura\" \/>\n\t<meta name=\"twitter:data1\" content=\"8 minuts\" \/>\n<script type=\"application\/ld+json\" class=\"yoast-schema-graph\">{\"@context\":\"https:\\\/\\\/schema.org\",\"@graph\":[{\"@type\":\"WebPage\",\"@id\":\"https:\\\/\\\/www.apen.es\\\/soluciones-de-impresion\\\/reparacion-impresora-hp\\\/\",\"url\":\"https:\\\/\\\/www.apen.es\\\/soluciones-de-impresion\\\/reparacion-impresora-hp\\\/\",\"name\":\"Reparaci\u00f3n impresora HP - Apen Inform\u00e1tica\",\"isPartOf\":{\"@id\":\"https:\\\/\\\/www.apen.es\\\/#website\"},\"datePublished\":\"2017-05-04T14:09:28+00:00\",\"dateModified\":\"2025-03-24T10:06:24+00:00\",\"description\":\"En Apen ofrecemos el servicio de reparaci\u00f3n de impresoras HP. Ofrecemos todo tipo de soluciones de impresi\u00f3n. Ofrecemos un servicio integral a nuestros clientes.\",\"breadcrumb\":{\"@id\":\"https:\\\/\\\/www.apen.es\\\/soluciones-de-impresion\\\/reparacion-impresora-hp\\\/#breadcrumb\"},\"inLanguage\":\"ca\",\"potentialAction\":[{\"@type\":\"ReadAction\",\"target\":[\"https:\\\/\\\/www.apen.es\\\/soluciones-de-impresion\\\/reparacion-impresora-hp\\\/\"]}]},{\"@type\":\"BreadcrumbList\",\"@id\":\"https:\\\/\\\/www.apen.es\\\/soluciones-de-impresion\\\/reparacion-impresora-hp\\\/#breadcrumb\",\"itemListElement\":[{\"@type\":\"ListItem\",\"position\":1,\"name\":\"Portada\",\"item\":\"https:\\\/\\\/www.apen.es\\\/\"},{\"@type\":\"ListItem\",\"position\":2,\"name\":\"Soluciones de impresi\u00f3n\",\"item\":\"https:\\\/\\\/www.apen.es\\\/soluciones-de-impresion\\\/\"},{\"@type\":\"ListItem\",\"position\":3,\"name\":\"Reparaci\u00f3n impresora HP\"}]},{\"@type\":\"WebSite\",\"@id\":\"https:\\\/\\\/www.apen.es\\\/#website\",\"url\":\"https:\\\/\\\/www.apen.es\\\/\",\"name\":\"Apen Inform\u00e1tica\",\"description\":\"Mantenimiento Inform\u00e1tico , Software de Gesti\u00f3n, Soluciones de impresi\u00f3n\",\"publisher\":{\"@id\":\"https:\\\/\\\/www.apen.es\\\/#organization\"},\"potentialAction\":[{\"@type\":\"SearchAction\",\"target\":{\"@type\":\"EntryPoint\",\"urlTemplate\":\"https:\\\/\\\/www.apen.es\\\/?s={search_term_string}\"},\"query-input\":{\"@type\":\"PropertyValueSpecification\",\"valueRequired\":true,\"valueName\":\"search_term_string\"}}],\"inLanguage\":\"ca\"},{\"@type\":\"Organization\",\"@id\":\"https:\\\/\\\/www.apen.es\\\/#organization\",\"name\":\"Apen: Soluciones inform\u00e1ticas\",\"url\":\"https:\\\/\\\/www.apen.es\\\/\",\"logo\":{\"@type\":\"ImageObject\",\"inLanguage\":\"ca\",\"@id\":\"https:\\\/\\\/www.apen.es\\\/#\\\/schema\\\/logo\\\/image\\\/\",\"url\":\"https:\\\/\\\/www.apen.es\\\/wp-content\\\/uploads\\\/2022\\\/08\\\/logo-apenok-231x82-1.png\",\"contentUrl\":\"https:\\\/\\\/www.apen.es\\\/wp-content\\\/uploads\\\/2022\\\/08\\\/logo-apenok-231x82-1.png\",\"width\":231,\"height\":82,\"caption\":\"Apen: Soluciones inform\u00e1ticas\"},\"image\":{\"@id\":\"https:\\\/\\\/www.apen.es\\\/#\\\/schema\\\/logo\\\/image\\\/\"},\"sameAs\":[\"https:\\\/\\\/www.facebook.com\\\/apensolucions\",\"https:\\\/\\\/www.youtube.com\\\/user\\\/ApenCentreInformatic\",\"https:\\\/\\\/www.linkedin.com\\\/company\\\/1021771?trk=tyah&trkInfo=clickedVerticalcompanyclickedEntityId1021771idx2-1-2tarId1464195271196tasapenin\"]}]}<\/script>\n<!-- \/ Yoast SEO plugin. -->","yoast_head_json":{"title":"Reparaci\u00f3 impressora HP - Apen Inform\u00e0tica","description":"A Apen oferim el servei de reparaci\u00f3 d&#039;impressores HP. Oferim tota mena de solucions d&#039;impressi\u00f3. Oferim un servei integral als nostres clients.","robots":{"index":"index","follow":"follow","max-snippet":"max-snippet:-1","max-image-preview":"max-image-preview:large","max-video-preview":"max-video-preview:-1"},"canonical":"https:\/\/www.apen.es\/ca\/solucions-dimpressio\/reparacio-impressora-hp\/","og_locale":"ca_ES","og_type":"article","og_title":"Reparaci\u00f3n impresora HP - Apen Inform\u00e1tica","og_description":"En Apen ofrecemos el servicio de reparaci\u00f3n de impresoras HP. Ofrecemos todo tipo de soluciones de impresi\u00f3n. Ofrecemos un servicio integral a nuestros clientes.","og_url":"https:\/\/www.apen.es\/ca\/solucions-dimpressio\/reparacio-impressora-hp\/","og_site_name":"Apen Inform\u00e1tica","article_publisher":"https:\/\/www.facebook.com\/apensolucions","article_modified_time":"2025-03-24T10:06:24+00:00","og_image":[{"width":231,"height":82,"url":"https:\/\/www.apen.es\/wp-content\/uploads\/2016\/05\/logo-apen-231x82-trasparent.png","type":"image\/png"}],"twitter_card":"summary_large_image","twitter_misc":{"Temps estimat de lectura":"8 minuts"},"schema":{"@context":"https:\/\/schema.org","@graph":[{"@type":"WebPage","@id":"https:\/\/www.apen.es\/soluciones-de-impresion\/reparacion-impresora-hp\/","url":"https:\/\/www.apen.es\/soluciones-de-impresion\/reparacion-impresora-hp\/","name":"Reparaci\u00f3 impressora HP - Apen Inform\u00e0tica","isPartOf":{"@id":"https:\/\/www.apen.es\/#website"},"datePublished":"2017-05-04T14:09:28+00:00","dateModified":"2025-03-24T10:06:24+00:00","description":"A Apen oferim el servei de reparaci\u00f3 d&#039;impressores HP. Oferim tota mena de solucions d&#039;impressi\u00f3. Oferim un servei integral als nostres clients.","breadcrumb":{"@id":"https:\/\/www.apen.es\/soluciones-de-impresion\/reparacion-impresora-hp\/#breadcrumb"},"inLanguage":"ca","potentialAction":[{"@type":"ReadAction","target":["https:\/\/www.apen.es\/soluciones-de-impresion\/reparacion-impresora-hp\/"]}]},{"@type":"BreadcrumbList","@id":"https:\/\/www.apen.es\/soluciones-de-impresion\/reparacion-impresora-hp\/#breadcrumb","itemListElement":[{"@type":"ListItem","position":1,"name":"Portada","item":"https:\/\/www.apen.es\/"},{"@type":"ListItem","position":2,"name":"Soluciones de impresi\u00f3n","item":"https:\/\/www.apen.es\/soluciones-de-impresion\/"},{"@type":"ListItem","position":3,"name":"Reparaci\u00f3n impresora HP"}]},{"@type":"WebSite","@id":"https:\/\/www.apen.es\/#website","url":"https:\/\/www.apen.es\/","name":"Apen Inform\u00e0tica","description":"Manteniment inform\u00e0tic , programari de gesti\u00f3, solucions d&#039;impressi\u00f3","publisher":{"@id":"https:\/\/www.apen.es\/#organization"},"potentialAction":[{"@type":"SearchAction","target":{"@type":"EntryPoint","urlTemplate":"https:\/\/www.apen.es\/?s={search_term_string}"},"query-input":{"@type":"PropertyValueSpecification","valueRequired":true,"valueName":"search_term_string"}}],"inLanguage":"ca"},{"@type":"Organization","@id":"https:\/\/www.apen.es\/#organization","name":"Apen: Solucions inform\u00e0tiques","url":"https:\/\/www.apen.es\/","logo":{"@type":"ImageObject","inLanguage":"ca","@id":"https:\/\/www.apen.es\/#\/schema\/logo\/image\/","url":"https:\/\/www.apen.es\/wp-content\/uploads\/2022\/08\/logo-apenok-231x82-1.png","contentUrl":"https:\/\/www.apen.es\/wp-content\/uploads\/2022\/08\/logo-apenok-231x82-1.png","width":231,"height":82,"caption":"Apen: Soluciones inform\u00e1ticas"},"image":{"@id":"https:\/\/www.apen.es\/#\/schema\/logo\/image\/"},"sameAs":["https:\/\/www.facebook.com\/apensolucions","https:\/\/www.youtube.com\/user\/ApenCentreInformatic","https:\/\/www.linkedin.com\/company\/1021771?trk=tyah&trkInfo=clickedVerticalcompanyclickedEntityId1021771idx2-1-2tarId1464195271196tasapenin"]}]}},"taxonomy_info":[],"featured_image_src_large":false,"author_info":{"display_name":"marqueting","author_link":"https:\/\/www.apen.es\/ca\/blog\/author\/marqueting\/"},"comment_info":0,"_links":{"self":[{"href":"https:\/\/www.apen.es\/ca\/wp-json\/wp\/v2\/pages\/6554","targetHints":{"allow":["GET"]}}],"collection":[{"href":"https:\/\/www.apen.es\/ca\/wp-json\/wp\/v2\/pages"}],"about":[{"href":"https:\/\/www.apen.es\/ca\/wp-json\/wp\/v2\/types\/page"}],"author":[{"embeddable":true,"href":"https:\/\/www.apen.es\/ca\/wp-json\/wp\/v2\/users\/4"}],"replies":[{"embeddable":true,"href":"https:\/\/www.apen.es\/ca\/wp-json\/wp\/v2\/comments?post=6554"}],"version-history":[{"count":5,"href":"https:\/\/www.apen.es\/ca\/wp-json\/wp\/v2\/pages\/6554\/revisions"}],"predecessor-version":[{"id":54452,"href":"https:\/\/www.apen.es\/ca\/wp-json\/wp\/v2\/pages\/6554\/revisions\/54452"}],"up":[{"embeddable":true,"href":"https:\/\/www.apen.es\/ca\/wp-json\/wp\/v2\/pages\/1158"}],"wp:attachment":[{"href":"https:\/\/www.apen.es\/ca\/wp-json\/wp\/v2\/media?parent=6554"}],"curies":[{"name":"wp","href":"https:\/\/api.w.org\/{rel}","templated":true}]}}