{"id":6264,"date":"2017-03-29T10:31:02","date_gmt":"2017-03-29T10:31:02","guid":{"rendered":"https:\/\/www.apen.es\/?page_id=6264"},"modified":"2025-07-09T11:32:05","modified_gmt":"2025-07-09T11:32:05","slug":"renting-ordinadors-barcelona","status":"publish","type":"page","link":"https:\/\/www.apen.es\/ca\/renting-ordinadors\/renting-ordinadors-barcelona\/","title":{"rendered":"R\u00e8nting ordinadors Barcelona"},"content":{"rendered":"<p>A Apen<strong> Barcelona<\/strong> volem que els nostres clients puguin aprofitar tots els avantatges dels millors equips inform\u00e0tics als millors preus, per aix\u00f2 comptem amb un servei professional de <strong>r\u00e8nting d&#039;ordinadors<\/strong>, amb qu\u00e8 poder gaudir de prestacions i funcionalitats d&#039;alt nivell.<\/p>\n\n\n\n<p>El <strong>r\u00e8nting d&#039;ordinadors<\/strong> d&#039;Apen<strong> Barcelona<\/strong> resulta un servei tecnol\u00f2gic ideal per a PIMEs, ja que poden disposar d&#039;un gran servei a baix cost, aconseguint adaptar els equips inform\u00e0tics a les necessitats reals de la vostra empresa, sigui petita o mitjana.<\/p>\n\n\n\n<p>Descobreix totes les possibilitats que pot aportar a la teva empresa <strong>r\u00e8nting d&#039;ordinadors de <\/strong>Apen<strong> Barcelona<\/strong>, un servei de lloguer que pot solucionar-te molts problemes i pot beneficiar enormement a la productivitat i gesti\u00f3 de pressupost del teu PIME.<\/p>\n\n\n\n<p>Ens ocupem de tot: La instal\u00b7laci\u00f3 i configuraci\u00f3 de l&#039;equip, peces i recanvis, assist\u00e8ncia en menys de 4 hores, pr\u00e9stecs d&#039;equips en cas d&#039;avaria, manteniment preventiu, servei de monitoritzaci\u00f3 remota i reparacions i despla\u00e7aments, de tota la prov\u00edncia de <strong>Barcelona<\/strong>. Estudiem les vostres necessitats i us proposem una soluci\u00f3 a mesura que minimitzi els costos i garanteixi la qualitat i el resultat.<\/p>\n\n\n\n<p>A Apen<strong> Barcelona<\/strong> volem que descobreixis tots els avantatges del <strong>r\u00e8nting d&#039;ordinadors<\/strong>, amb qu\u00e8 aconseguir\u00e0s gaudir de les millors marques del sector inform\u00e0tic, sense necessitat de pagar m\u00e9s pel producte, nom\u00e9s per l&#039;\u00fas que en fas.<\/p>\n\n\n\n<p>Apen<strong> Barcelona<\/strong> et garanteix comprom\u00eds, professionalitat i l&#039;experi\u00e8ncia de 25 anys al sector.<\/p>\n\n\n\n<p>A Apen<strong> Barcelona<\/strong> podr\u00e0s contractar el servei <strong>r\u00e8nting d&#039;ordinadors<\/strong> amb les millors marques del mercat, sempre que s&#039;adaptin a les necessitats de la teva empresa i con\u00e8ixer els requisits que necessites per al <strong>r\u00e8nting d&#039;ordinadors<\/strong> d&#039;Apen<strong> Barcelona<\/strong>. D&#039;aquesta manera, a Apen<strong> Barcelona<\/strong>, podrem oferir-te el millor <strong>r\u00e8nting d&#039;ordinadors<\/strong> per al teu PIME, amb qu\u00e8 aconseguir\u00e0s tenir solucions inform\u00e0tiques d&#039;alta qualitat i, a m\u00e9s, podr\u00e0s estalviar molt m\u00e9s del que ho fas ara.<\/p>\n\n\n\n<p>A Apen<strong> Barcelona<\/strong> t&#039;aconsellem que ens permetis realitzar un estudi previ abans d&#039;iniciar-te al <strong>r\u00e8nting d&#039;ordinadors<\/strong>, per poder estudiar les necessitats d&#039;impressi\u00f3 de la teva empresa i, aix\u00ed, poder identificar quins s\u00f3n els punts m\u00e9s importants i con\u00e8ixer els requisits que necessites per al <strong>r\u00e8nting d&#039;ordinadors<\/strong> d&#039;Apen<strong> Barcelona<\/strong>. D&#039;aquesta manera, a Apen<strong> Barcelona<\/strong>, podrem oferir-te el millor <strong>r\u00e8nting d&#039;ordinadors<\/strong> per al teu PIME, amb qu\u00e8 aconseguir\u00e0s tenir solucions inform\u00e0tiques d&#039;alta qualitat i, a m\u00e9s, podr\u00e0s estalviar molt m\u00e9s del que ho fas ara.<\/p>\n\n\n\n<p>Creiem en el servei de <strong>r\u00e8nting d&#039;ordinadors<\/strong> perqu\u00e8 beneficia directament els nostres clients i les seves empreses, representant un nou model de consum, molt m\u00e9s just per als clients.<\/p>\n\n\n\n<p>A Apen <strong>Barcelona<\/strong> podr\u00e0s contractar el servei <strong>r\u00e8nting d&#039;ordinadors<\/strong> amb les millors marques del sector, sempre que s&#039;adaptin a les necessitats de la teva empresa.<\/p>","protected":false},"excerpt":{"rendered":"<p>En Apen Barcelona queremos que nuestros clientes puedan aprovechar todas las ventajas de los mejores equipos inform\u00e1ticos a los mejores precios, por eso contamos con un servicio profesional de renting de ordenadores, con el que poder disfrutar de prestaciones y&nbsp; funcionalidades de alto nivel. El renting de ordenadores de Apen Barcelona resulta un servicio tecnol\u00f3gico&#8230;<\/p>","protected":false},"author":4,"featured_media":0,"parent":6256,"menu_order":0,"comment_status":"closed","ping_status":"closed","template":"page-renting-equipos-informatico-2.php","meta":{"_acf_changed":false,"_kad_blocks_custom_css":"","_kad_blocks_head_custom_js":"","_kad_blocks_body_custom_js":"","_kad_blocks_footer_custom_js":"","_kad_post_transparent":"","_kad_post_title":"","_kad_post_layout":"","_kad_post_sidebar_id":"","_kad_post_content_style":"","_kad_post_vertical_padding":"","_kad_post_feature":"","_kad_post_feature_position":"","_kad_post_header":false,"_kad_post_footer":false,"_kad_post_classname":"","footnotes":""},"class_list":["post-6264","page","type-page","status-publish","hentry"],"acf":[],"yoast_head":"<!-- This site is optimized with the Yoast SEO plugin v27.4 - https:\/\/yoast.com\/product\/yoast-seo-wordpress\/ -->\n<title>Renting ordenadores Barcelona - Apen Inform\u00e1tica<\/title>\n<meta name=\"description\" content=\"Ofrecemos renting de ordenadores a empresas de la provincia de Barcelona. Nuestra empresa ubicada en Barcelona ofrece un servicio integral a PYMES\" \/>\n<meta name=\"robots\" content=\"index, follow, max-snippet:-1, max-image-preview:large, max-video-preview:-1\" \/>\n<link rel=\"canonical\" href=\"https:\/\/www.apen.es\/ca\/renting-ordinadors\/renting-ordinadors-barcelona\/\" \/>\n<meta property=\"og:locale\" content=\"ca_ES\" \/>\n<meta property=\"og:type\" content=\"article\" \/>\n<meta property=\"og:title\" content=\"Renting ordenadores Barcelona - Apen Inform\u00e1tica\" \/>\n<meta property=\"og:description\" content=\"Ofrecemos renting de ordenadores a empresas de la provincia de Barcelona. Nuestra empresa ubicada en Barcelona ofrece un servicio integral a PYMES\" \/>\n<meta property=\"og:url\" content=\"https:\/\/www.apen.es\/ca\/renting-ordinadors\/renting-ordinadors-barcelona\/\" \/>\n<meta property=\"og:site_name\" content=\"Apen Inform\u00e1tica\" \/>\n<meta property=\"article:publisher\" content=\"https:\/\/www.facebook.com\/apensolucions\" \/>\n<meta property=\"article:modified_time\" content=\"2025-07-09T11:32:05+00:00\" \/>\n<meta property=\"og:image\" content=\"https:\/\/www.apen.es\/wp-content\/uploads\/2016\/05\/logo-apen-231x82-trasparent.png\" \/>\n\t<meta property=\"og:image:width\" content=\"231\" \/>\n\t<meta property=\"og:image:height\" content=\"82\" \/>\n\t<meta property=\"og:image:type\" content=\"image\/png\" \/>\n<meta name=\"twitter:card\" content=\"summary_large_image\" \/>\n<meta name=\"twitter:label1\" content=\"Temps estimat de lectura\" \/>\n\t<meta name=\"twitter:data1\" content=\"3 minuts\" \/>\n<script type=\"application\/ld+json\" class=\"yoast-schema-graph\">{\"@context\":\"https:\\\/\\\/schema.org\",\"@graph\":[{\"@type\":\"WebPage\",\"@id\":\"https:\\\/\\\/www.apen.es\\\/renting-ordenadores\\\/renting-ordenadores-barcelona\\\/\",\"url\":\"https:\\\/\\\/www.apen.es\\\/renting-ordenadores\\\/renting-ordenadores-barcelona\\\/\",\"name\":\"Renting ordenadores Barcelona - Apen Inform\u00e1tica\",\"isPartOf\":{\"@id\":\"https:\\\/\\\/www.apen.es\\\/#website\"},\"datePublished\":\"2017-03-29T10:31:02+00:00\",\"dateModified\":\"2025-07-09T11:32:05+00:00\",\"description\":\"Ofrecemos renting de ordenadores a empresas de la provincia de Barcelona. Nuestra empresa ubicada en Barcelona ofrece un servicio integral a PYMES\",\"breadcrumb\":{\"@id\":\"https:\\\/\\\/www.apen.es\\\/renting-ordenadores\\\/renting-ordenadores-barcelona\\\/#breadcrumb\"},\"inLanguage\":\"ca\",\"potentialAction\":[{\"@type\":\"ReadAction\",\"target\":[\"https:\\\/\\\/www.apen.es\\\/renting-ordenadores\\\/renting-ordenadores-barcelona\\\/\"]}]},{\"@type\":\"BreadcrumbList\",\"@id\":\"https:\\\/\\\/www.apen.es\\\/renting-ordenadores\\\/renting-ordenadores-barcelona\\\/#breadcrumb\",\"itemListElement\":[{\"@type\":\"ListItem\",\"position\":1,\"name\":\"Portada\",\"item\":\"https:\\\/\\\/www.apen.es\\\/\"},{\"@type\":\"ListItem\",\"position\":2,\"name\":\"Renting ordenadores\",\"item\":\"https:\\\/\\\/www.apen.es\\\/renting-ordenadores\\\/\"},{\"@type\":\"ListItem\",\"position\":3,\"name\":\"Renting ordenadores Barcelona\"}]},{\"@type\":\"WebSite\",\"@id\":\"https:\\\/\\\/www.apen.es\\\/#website\",\"url\":\"https:\\\/\\\/www.apen.es\\\/\",\"name\":\"Apen Inform\u00e1tica\",\"description\":\"Mantenimiento Inform\u00e1tico , Software de Gesti\u00f3n, Soluciones de impresi\u00f3n\",\"publisher\":{\"@id\":\"https:\\\/\\\/www.apen.es\\\/#organization\"},\"potentialAction\":[{\"@type\":\"SearchAction\",\"target\":{\"@type\":\"EntryPoint\",\"urlTemplate\":\"https:\\\/\\\/www.apen.es\\\/?s={search_term_string}\"},\"query-input\":{\"@type\":\"PropertyValueSpecification\",\"valueRequired\":true,\"valueName\":\"search_term_string\"}}],\"inLanguage\":\"ca\"},{\"@type\":\"Organization\",\"@id\":\"https:\\\/\\\/www.apen.es\\\/#organization\",\"name\":\"Apen: Soluciones inform\u00e1ticas\",\"url\":\"https:\\\/\\\/www.apen.es\\\/\",\"logo\":{\"@type\":\"ImageObject\",\"inLanguage\":\"ca\",\"@id\":\"https:\\\/\\\/www.apen.es\\\/#\\\/schema\\\/logo\\\/image\\\/\",\"url\":\"https:\\\/\\\/www.apen.es\\\/wp-content\\\/uploads\\\/2022\\\/08\\\/logo-apenok-231x82-1.png\",\"contentUrl\":\"https:\\\/\\\/www.apen.es\\\/wp-content\\\/uploads\\\/2022\\\/08\\\/logo-apenok-231x82-1.png\",\"width\":231,\"height\":82,\"caption\":\"Apen: Soluciones inform\u00e1ticas\"},\"image\":{\"@id\":\"https:\\\/\\\/www.apen.es\\\/#\\\/schema\\\/logo\\\/image\\\/\"},\"sameAs\":[\"https:\\\/\\\/www.facebook.com\\\/apensolucions\",\"https:\\\/\\\/www.youtube.com\\\/user\\\/ApenCentreInformatic\",\"https:\\\/\\\/www.linkedin.com\\\/company\\\/1021771?trk=tyah&trkInfo=clickedVerticalcompanyclickedEntityId1021771idx2-1-2tarId1464195271196tasapenin\"]}]}<\/script>\n<!-- \/ Yoast SEO plugin. -->","yoast_head_json":{"title":"R\u00e8nting ordinadors Barcelona - Apen Inform\u00e0tica","description":"Oferim r\u00e8nting d&#039;ordinadors a empreses de la prov\u00edncia de Barcelona. La nostra empresa ubicada a Barcelona ofereix un servei integral a PIMES","robots":{"index":"index","follow":"follow","max-snippet":"max-snippet:-1","max-image-preview":"max-image-preview:large","max-video-preview":"max-video-preview:-1"},"canonical":"https:\/\/www.apen.es\/ca\/renting-ordinadors\/renting-ordinadors-barcelona\/","og_locale":"ca_ES","og_type":"article","og_title":"Renting ordenadores Barcelona - Apen Inform\u00e1tica","og_description":"Ofrecemos renting de ordenadores a empresas de la provincia de Barcelona. Nuestra empresa ubicada en Barcelona ofrece un servicio integral a PYMES","og_url":"https:\/\/www.apen.es\/ca\/renting-ordinadors\/renting-ordinadors-barcelona\/","og_site_name":"Apen Inform\u00e1tica","article_publisher":"https:\/\/www.facebook.com\/apensolucions","article_modified_time":"2025-07-09T11:32:05+00:00","og_image":[{"width":231,"height":82,"url":"https:\/\/www.apen.es\/wp-content\/uploads\/2016\/05\/logo-apen-231x82-trasparent.png","type":"image\/png"}],"twitter_card":"summary_large_image","twitter_misc":{"Temps estimat de lectura":"3 minuts"},"schema":{"@context":"https:\/\/schema.org","@graph":[{"@type":"WebPage","@id":"https:\/\/www.apen.es\/renting-ordenadores\/renting-ordenadores-barcelona\/","url":"https:\/\/www.apen.es\/renting-ordenadores\/renting-ordenadores-barcelona\/","name":"R\u00e8nting ordinadors Barcelona - Apen Inform\u00e0tica","isPartOf":{"@id":"https:\/\/www.apen.es\/#website"},"datePublished":"2017-03-29T10:31:02+00:00","dateModified":"2025-07-09T11:32:05+00:00","description":"Oferim r\u00e8nting d&#039;ordinadors a empreses de la prov\u00edncia de Barcelona. La nostra empresa ubicada a Barcelona ofereix un servei integral a PIMES","breadcrumb":{"@id":"https:\/\/www.apen.es\/renting-ordenadores\/renting-ordenadores-barcelona\/#breadcrumb"},"inLanguage":"ca","potentialAction":[{"@type":"ReadAction","target":["https:\/\/www.apen.es\/renting-ordenadores\/renting-ordenadores-barcelona\/"]}]},{"@type":"BreadcrumbList","@id":"https:\/\/www.apen.es\/renting-ordenadores\/renting-ordenadores-barcelona\/#breadcrumb","itemListElement":[{"@type":"ListItem","position":1,"name":"Portada","item":"https:\/\/www.apen.es\/"},{"@type":"ListItem","position":2,"name":"Renting ordenadores","item":"https:\/\/www.apen.es\/renting-ordenadores\/"},{"@type":"ListItem","position":3,"name":"Renting ordenadores Barcelona"}]},{"@type":"WebSite","@id":"https:\/\/www.apen.es\/#website","url":"https:\/\/www.apen.es\/","name":"Apen Inform\u00e0tica","description":"Manteniment inform\u00e0tic , programari de gesti\u00f3, solucions d&#039;impressi\u00f3","publisher":{"@id":"https:\/\/www.apen.es\/#organization"},"potentialAction":[{"@type":"SearchAction","target":{"@type":"EntryPoint","urlTemplate":"https:\/\/www.apen.es\/?s={search_term_string}"},"query-input":{"@type":"PropertyValueSpecification","valueRequired":true,"valueName":"search_term_string"}}],"inLanguage":"ca"},{"@type":"Organization","@id":"https:\/\/www.apen.es\/#organization","name":"Apen: Solucions inform\u00e0tiques","url":"https:\/\/www.apen.es\/","logo":{"@type":"ImageObject","inLanguage":"ca","@id":"https:\/\/www.apen.es\/#\/schema\/logo\/image\/","url":"https:\/\/www.apen.es\/wp-content\/uploads\/2022\/08\/logo-apenok-231x82-1.png","contentUrl":"https:\/\/www.apen.es\/wp-content\/uploads\/2022\/08\/logo-apenok-231x82-1.png","width":231,"height":82,"caption":"Apen: Soluciones inform\u00e1ticas"},"image":{"@id":"https:\/\/www.apen.es\/#\/schema\/logo\/image\/"},"sameAs":["https:\/\/www.facebook.com\/apensolucions","https:\/\/www.youtube.com\/user\/ApenCentreInformatic","https:\/\/www.linkedin.com\/company\/1021771?trk=tyah&trkInfo=clickedVerticalcompanyclickedEntityId1021771idx2-1-2tarId1464195271196tasapenin"]}]}},"taxonomy_info":[],"featured_image_src_large":false,"author_info":{"display_name":"marqueting","author_link":"https:\/\/www.apen.es\/ca\/blog\/author\/marqueting\/"},"comment_info":0,"_links":{"self":[{"href":"https:\/\/www.apen.es\/ca\/wp-json\/wp\/v2\/pages\/6264","targetHints":{"allow":["GET"]}}],"collection":[{"href":"https:\/\/www.apen.es\/ca\/wp-json\/wp\/v2\/pages"}],"about":[{"href":"https:\/\/www.apen.es\/ca\/wp-json\/wp\/v2\/types\/page"}],"author":[{"embeddable":true,"href":"https:\/\/www.apen.es\/ca\/wp-json\/wp\/v2\/users\/4"}],"replies":[{"embeddable":true,"href":"https:\/\/www.apen.es\/ca\/wp-json\/wp\/v2\/comments?post=6264"}],"version-history":[{"count":2,"href":"https:\/\/www.apen.es\/ca\/wp-json\/wp\/v2\/pages\/6264\/revisions"}],"predecessor-version":[{"id":56014,"href":"https:\/\/www.apen.es\/ca\/wp-json\/wp\/v2\/pages\/6264\/revisions\/56014"}],"up":[{"embeddable":true,"href":"https:\/\/www.apen.es\/ca\/wp-json\/wp\/v2\/pages\/6256"}],"wp:attachment":[{"href":"https:\/\/www.apen.es\/ca\/wp-json\/wp\/v2\/media?parent=6264"}],"curies":[{"name":"wp","href":"https:\/\/api.w.org\/{rel}","templated":true}]}}