{"id":6104,"date":"2017-03-07T17:15:37","date_gmt":"2017-03-07T17:15:37","guid":{"rendered":"https:\/\/www.apen.es\/?page_id=6104"},"modified":"2025-07-09T10:12:09","modified_gmt":"2025-07-09T10:12:09","slug":"empresa-dinformatica-a-sant-cugat","status":"publish","type":"page","link":"https:\/\/www.apen.es\/ca\/empresa-de-informatica\/empresa-de-informatica-en-sant-cugat\/","title":{"rendered":"Empresa d&#039;inform\u00e0tica a Sant Cugat"},"content":{"rendered":"<p><strong>Apen<\/strong> <strong>Barcelona<\/strong> \u00e9s una <strong>empresa<\/strong> <strong>inform\u00e0tica<\/strong> especialista a la <strong>seguretat inform\u00e0tica<\/strong> i el <strong>manteniment inform\u00e0tic<\/strong>. Comptem amb m\u00e9s de 25 anys d&#039;experi\u00e8ncia al sector i treballem amb les millors marques del mercat.<\/p>\n\n\n\n<p>A la <strong>empresa inform\u00e0tica Apen Barcelona<\/strong> apostem per ser una <strong>empresa<\/strong> multimarca, perqu\u00e8 no ens volem casar amb ning\u00fa. Oferim uns serveis d&#039;impressi\u00f3 adaptats totalment a les necessitats del client, on sempre recomanem la impressora que millor s&#039;adapti a les necessitats reals de l&#039;empresa, sense tenir en compte cap comprom\u00eds amb la marca.<\/p>\n\n\n\n<p>La <strong>empresa inform\u00e0tica Apen Barcelona<\/strong> oferim assessorament i especialitzaci\u00f3 inform\u00e0tica a nivell particular i sobretot a nivell empresarial, per aconseguir que el client gaudisca d&#039;un servei de primera qualitat, sense haver de fer un gran desemborsament. Al contrari, a <strong>Apen<\/strong> <strong>empresa inform\u00e0tica Barcelona<\/strong> fem un estudi en profunditat, per aconseguir obtenir la millor soluci\u00f3 per a cada client.<\/p>\n\n\n\n<p><strong>Programari de gesti\u00f3 global<\/strong><\/p>\n\n\n\n<p><strong>Apen empresa inform\u00e0tica <\/strong>abasta tota la prov\u00edncia de <strong>Barcelona<\/strong> i et pot aportar grans solucions inform\u00e0tiques com ara a3ERP, un programari de gesti\u00f3 integral, que engloba tots i cadascun dels departaments de l&#039;empresa, per aconseguir un sistema de gesti\u00f3 i supervisi\u00f3 global i segur, que generi m\u00e9s agilitat i productivitat a les PIMES.<\/p>\n\n\n\n<p>A <strong>Apen<\/strong> <strong>empresa inform\u00e0tica<\/strong> <strong>Barcelona<\/strong> som especialistes en la implantaci\u00f3 i el manteniment d&#039;equips inform\u00e0tics, aportant solucions per a la gesti\u00f3 de les empreses, amb la intenci\u00f3 ferma de millorar la capacitat competitiva dels nostres clients.<\/p>\n\n\n\n<p>A <strong>Apen empresa inform\u00e0tica<\/strong> <strong>Barcelona<\/strong> assessorem els nostres clients en qualsevol moment i sense cap comprom\u00eds, facilitant una soluci\u00f3 efica\u00e7, a l&#039;al\u00e7ada de les exig\u00e8ncies actuals del mercat i ajustada a les necessitats reals de cada <strong>empresa<\/strong>. Per <strong>Apen empresa inform\u00e0tica Barcelona<\/strong> la qualitat dels nostres serveis \u00e9s un element imprescindible, per assolir bons resultats. A <strong>Apen empresa inform\u00e0tica<\/strong> <strong>Barcelona<\/strong> oferim un servei professional, marcat pel lliurament, la vocaci\u00f3 i la passi\u00f3, que promouen el s\u00ed de la nostra tasca i identifiquen la filosofia de la nostra organitzaci\u00f3.<\/p>\n\n\n\n<h3 class=\"wp-block-heading\"><strong>Els nostres serveis<\/strong><\/h3>\n\n\n\n<p>A <strong>Apen empresa inform\u00e0tica<\/strong> <strong>Barcelona<\/strong> pots trobar diferents tipus de serveis referents al manteniment i la seguretat inform\u00e0tica. Els nostres serveis s\u00f3n: Manteniment inform\u00e0tic, Solucions de sistemes i Cloud, Programari de gesti\u00f3 a3ERP i Solucions d&#039;impressi\u00f3, un servei inform\u00e0tic integral, amb qu\u00e8 aconseguir\u00e0s tenir els equips inform\u00e0tics de la teva empresa en perfecte estat.<\/p>\n\n\n\n<p><strong>Apen<\/strong> <strong>Barcelona<\/strong> \u00e9s una <strong>empresa inform\u00e0tica<\/strong> especialitzada en la implantaci\u00f3 i el manteniment d&#039;equips inform\u00e0tics<strong>.<\/strong> Aportem <strong>solucions per a la gesti\u00f3 de les empreses<\/strong>, amb l&#039;objectiu de millorar la capacitat competitiva dels nostres clients<\/p>\n\n\n\n<p>A <strong>Apen<\/strong> <strong>empresa inform\u00e0tica Barcelona<\/strong> treballem amb experts altament qualificats i apostem per la innovaci\u00f3 i l&#039;experi\u00e8ncia al sector inform\u00e0tic. Treballem cada dia per poder preparar projectes integrals, a mida, per a cadascun dels nostres clients, per tal d&#039;aconseguir proporcionar les millors solucions inform\u00e0tiques als nostres clients.<\/p>\n\n\n\n<p>A <strong>Apen empresa inform\u00e0tica Barcelona<\/strong> volem que els nostres clients se sentin ben atesos i puguin aconseguir resoldre els problemes de l&#039;empresa, pel que fa a seguretat inform\u00e0tica, manteniment inform\u00e0tic, gesti\u00f3 empresarial, solucions inform\u00e0tiques, etc.<\/p>","protected":false},"excerpt":{"rendered":"<p>Apen Barcelona es una empresa inform\u00e1tica especialista en la seguridad inform\u00e1tica y el mantenimiento inform\u00e1tico. Contamos con m\u00e1s de 25 a\u00f1os de experiencia en el sector y trabajamos con las mejores marcas del mercado. En la empresa inform\u00e1tica Apen Barcelona apostamos por ser una empresa multimarca, porque no queremos casarnos con nadie. Ofrecemos unos servicios&#8230;<\/p>","protected":false},"author":4,"featured_media":0,"parent":6098,"menu_order":0,"comment_status":"closed","ping_status":"closed","template":"page-servicio-informatico-2.php","meta":{"_acf_changed":false,"_kad_blocks_custom_css":"","_kad_blocks_head_custom_js":"","_kad_blocks_body_custom_js":"","_kad_blocks_footer_custom_js":"","_kad_post_transparent":"","_kad_post_title":"","_kad_post_layout":"","_kad_post_sidebar_id":"","_kad_post_content_style":"","_kad_post_vertical_padding":"","_kad_post_feature":"","_kad_post_feature_position":"","_kad_post_header":false,"_kad_post_footer":false,"_kad_post_classname":"","footnotes":""},"class_list":["post-6104","page","type-page","status-publish","hentry"],"acf":[],"yoast_head":"<!-- This site is optimized with the Yoast SEO plugin v27.4 - https:\/\/yoast.com\/product\/yoast-seo-wordpress\/ -->\n<title>Empresa de inform\u00e1tica en Sant Cugat - Apen Inform\u00e1tica<\/title>\n<meta name=\"description\" content=\"Apen Barcelona es una empresa inform\u00e1tica especialista en la seguridad inform\u00e1tica y el mantenimiento inform\u00e1tico. Contamos con m\u00e1s de 25 a\u00f1os de\" \/>\n<meta name=\"robots\" content=\"index, follow, max-snippet:-1, max-image-preview:large, max-video-preview:-1\" \/>\n<link rel=\"canonical\" href=\"https:\/\/www.apen.es\/ca\/empresa-dinformatica\/empresa-dinformatica-a-sant-cugat\/\" \/>\n<meta property=\"og:locale\" content=\"ca_ES\" \/>\n<meta property=\"og:type\" content=\"article\" \/>\n<meta property=\"og:title\" content=\"Empresa de inform\u00e1tica en Sant Cugat - Apen Inform\u00e1tica\" \/>\n<meta property=\"og:description\" content=\"Apen Barcelona es una empresa inform\u00e1tica especialista en la seguridad inform\u00e1tica y el mantenimiento inform\u00e1tico. Contamos con m\u00e1s de 25 a\u00f1os de\" \/>\n<meta property=\"og:url\" content=\"https:\/\/www.apen.es\/ca\/empresa-dinformatica\/empresa-dinformatica-a-sant-cugat\/\" \/>\n<meta property=\"og:site_name\" content=\"Apen Inform\u00e1tica\" \/>\n<meta property=\"article:publisher\" content=\"https:\/\/www.facebook.com\/apensolucions\" \/>\n<meta property=\"article:modified_time\" content=\"2025-07-09T10:12:09+00:00\" \/>\n<meta property=\"og:image\" content=\"https:\/\/www.apen.es\/wp-content\/uploads\/2016\/05\/logo-apen-231x82-trasparent.png\" \/>\n\t<meta property=\"og:image:width\" content=\"231\" \/>\n\t<meta property=\"og:image:height\" content=\"82\" \/>\n\t<meta property=\"og:image:type\" content=\"image\/png\" \/>\n<meta name=\"twitter:card\" content=\"summary_large_image\" \/>\n<meta name=\"twitter:label1\" content=\"Temps estimat de lectura\" \/>\n\t<meta name=\"twitter:data1\" content=\"3 minuts\" \/>\n<script type=\"application\/ld+json\" class=\"yoast-schema-graph\">{\"@context\":\"https:\\\/\\\/schema.org\",\"@graph\":[{\"@type\":\"WebPage\",\"@id\":\"https:\\\/\\\/www.apen.es\\\/empresa-de-informatica\\\/empresa-de-informatica-en-sant-cugat\\\/\",\"url\":\"https:\\\/\\\/www.apen.es\\\/empresa-de-informatica\\\/empresa-de-informatica-en-sant-cugat\\\/\",\"name\":\"Empresa de inform\u00e1tica en Sant Cugat - Apen Inform\u00e1tica\",\"isPartOf\":{\"@id\":\"https:\\\/\\\/www.apen.es\\\/#website\"},\"datePublished\":\"2017-03-07T17:15:37+00:00\",\"dateModified\":\"2025-07-09T10:12:09+00:00\",\"description\":\"Apen Barcelona es una empresa inform\u00e1tica especialista en la seguridad inform\u00e1tica y el mantenimiento inform\u00e1tico. Contamos con m\u00e1s de 25 a\u00f1os de\",\"breadcrumb\":{\"@id\":\"https:\\\/\\\/www.apen.es\\\/empresa-de-informatica\\\/empresa-de-informatica-en-sant-cugat\\\/#breadcrumb\"},\"inLanguage\":\"ca\",\"potentialAction\":[{\"@type\":\"ReadAction\",\"target\":[\"https:\\\/\\\/www.apen.es\\\/empresa-de-informatica\\\/empresa-de-informatica-en-sant-cugat\\\/\"]}]},{\"@type\":\"BreadcrumbList\",\"@id\":\"https:\\\/\\\/www.apen.es\\\/empresa-de-informatica\\\/empresa-de-informatica-en-sant-cugat\\\/#breadcrumb\",\"itemListElement\":[{\"@type\":\"ListItem\",\"position\":1,\"name\":\"Portada\",\"item\":\"https:\\\/\\\/www.apen.es\\\/\"},{\"@type\":\"ListItem\",\"position\":2,\"name\":\"Empresa de inform\u00e1tica\",\"item\":\"https:\\\/\\\/www.apen.es\\\/empresa-de-informatica\\\/\"},{\"@type\":\"ListItem\",\"position\":3,\"name\":\"Empresa de inform\u00e1tica en Sant Cugat\"}]},{\"@type\":\"WebSite\",\"@id\":\"https:\\\/\\\/www.apen.es\\\/#website\",\"url\":\"https:\\\/\\\/www.apen.es\\\/\",\"name\":\"Apen Inform\u00e1tica\",\"description\":\"Mantenimiento Inform\u00e1tico , Software de Gesti\u00f3n, Soluciones de impresi\u00f3n\",\"publisher\":{\"@id\":\"https:\\\/\\\/www.apen.es\\\/#organization\"},\"potentialAction\":[{\"@type\":\"SearchAction\",\"target\":{\"@type\":\"EntryPoint\",\"urlTemplate\":\"https:\\\/\\\/www.apen.es\\\/?s={search_term_string}\"},\"query-input\":{\"@type\":\"PropertyValueSpecification\",\"valueRequired\":true,\"valueName\":\"search_term_string\"}}],\"inLanguage\":\"ca\"},{\"@type\":\"Organization\",\"@id\":\"https:\\\/\\\/www.apen.es\\\/#organization\",\"name\":\"Apen: Soluciones inform\u00e1ticas\",\"url\":\"https:\\\/\\\/www.apen.es\\\/\",\"logo\":{\"@type\":\"ImageObject\",\"inLanguage\":\"ca\",\"@id\":\"https:\\\/\\\/www.apen.es\\\/#\\\/schema\\\/logo\\\/image\\\/\",\"url\":\"https:\\\/\\\/www.apen.es\\\/wp-content\\\/uploads\\\/2022\\\/08\\\/logo-apenok-231x82-1.png\",\"contentUrl\":\"https:\\\/\\\/www.apen.es\\\/wp-content\\\/uploads\\\/2022\\\/08\\\/logo-apenok-231x82-1.png\",\"width\":231,\"height\":82,\"caption\":\"Apen: Soluciones inform\u00e1ticas\"},\"image\":{\"@id\":\"https:\\\/\\\/www.apen.es\\\/#\\\/schema\\\/logo\\\/image\\\/\"},\"sameAs\":[\"https:\\\/\\\/www.facebook.com\\\/apensolucions\",\"https:\\\/\\\/www.youtube.com\\\/user\\\/ApenCentreInformatic\",\"https:\\\/\\\/www.linkedin.com\\\/company\\\/1021771?trk=tyah&trkInfo=clickedVerticalcompanyclickedEntityId1021771idx2-1-2tarId1464195271196tasapenin\"]}]}<\/script>\n<!-- \/ Yoast SEO plugin. -->","yoast_head_json":{"title":"Empresa d&#039;inform\u00e0tica a Sant Cugat - Apen Inform\u00e0tica","description":"Apen Barcelona \u00e9s una empresa inform\u00e0tica especialista en seguretat inform\u00e0tica i manteniment inform\u00e0tic. Comptem amb m\u00e9s de 25 anys de","robots":{"index":"index","follow":"follow","max-snippet":"max-snippet:-1","max-image-preview":"max-image-preview:large","max-video-preview":"max-video-preview:-1"},"canonical":"https:\/\/www.apen.es\/ca\/empresa-dinformatica\/empresa-dinformatica-a-sant-cugat\/","og_locale":"ca_ES","og_type":"article","og_title":"Empresa de inform\u00e1tica en Sant Cugat - Apen Inform\u00e1tica","og_description":"Apen Barcelona es una empresa inform\u00e1tica especialista en la seguridad inform\u00e1tica y el mantenimiento inform\u00e1tico. Contamos con m\u00e1s de 25 a\u00f1os de","og_url":"https:\/\/www.apen.es\/ca\/empresa-dinformatica\/empresa-dinformatica-a-sant-cugat\/","og_site_name":"Apen Inform\u00e1tica","article_publisher":"https:\/\/www.facebook.com\/apensolucions","article_modified_time":"2025-07-09T10:12:09+00:00","og_image":[{"width":231,"height":82,"url":"https:\/\/www.apen.es\/wp-content\/uploads\/2016\/05\/logo-apen-231x82-trasparent.png","type":"image\/png"}],"twitter_card":"summary_large_image","twitter_misc":{"Temps estimat de lectura":"3 minuts"},"schema":{"@context":"https:\/\/schema.org","@graph":[{"@type":"WebPage","@id":"https:\/\/www.apen.es\/empresa-de-informatica\/empresa-de-informatica-en-sant-cugat\/","url":"https:\/\/www.apen.es\/empresa-de-informatica\/empresa-de-informatica-en-sant-cugat\/","name":"Empresa d&#039;inform\u00e0tica a Sant Cugat - Apen Inform\u00e0tica","isPartOf":{"@id":"https:\/\/www.apen.es\/#website"},"datePublished":"2017-03-07T17:15:37+00:00","dateModified":"2025-07-09T10:12:09+00:00","description":"Apen Barcelona \u00e9s una empresa inform\u00e0tica especialista en seguretat inform\u00e0tica i manteniment inform\u00e0tic. Comptem amb m\u00e9s de 25 anys de","breadcrumb":{"@id":"https:\/\/www.apen.es\/empresa-de-informatica\/empresa-de-informatica-en-sant-cugat\/#breadcrumb"},"inLanguage":"ca","potentialAction":[{"@type":"ReadAction","target":["https:\/\/www.apen.es\/empresa-de-informatica\/empresa-de-informatica-en-sant-cugat\/"]}]},{"@type":"BreadcrumbList","@id":"https:\/\/www.apen.es\/empresa-de-informatica\/empresa-de-informatica-en-sant-cugat\/#breadcrumb","itemListElement":[{"@type":"ListItem","position":1,"name":"Portada","item":"https:\/\/www.apen.es\/"},{"@type":"ListItem","position":2,"name":"Empresa de inform\u00e1tica","item":"https:\/\/www.apen.es\/empresa-de-informatica\/"},{"@type":"ListItem","position":3,"name":"Empresa de inform\u00e1tica en Sant Cugat"}]},{"@type":"WebSite","@id":"https:\/\/www.apen.es\/#website","url":"https:\/\/www.apen.es\/","name":"Apen Inform\u00e0tica","description":"Manteniment inform\u00e0tic , programari de gesti\u00f3, solucions d&#039;impressi\u00f3","publisher":{"@id":"https:\/\/www.apen.es\/#organization"},"potentialAction":[{"@type":"SearchAction","target":{"@type":"EntryPoint","urlTemplate":"https:\/\/www.apen.es\/?s={search_term_string}"},"query-input":{"@type":"PropertyValueSpecification","valueRequired":true,"valueName":"search_term_string"}}],"inLanguage":"ca"},{"@type":"Organization","@id":"https:\/\/www.apen.es\/#organization","name":"Apen: Solucions inform\u00e0tiques","url":"https:\/\/www.apen.es\/","logo":{"@type":"ImageObject","inLanguage":"ca","@id":"https:\/\/www.apen.es\/#\/schema\/logo\/image\/","url":"https:\/\/www.apen.es\/wp-content\/uploads\/2022\/08\/logo-apenok-231x82-1.png","contentUrl":"https:\/\/www.apen.es\/wp-content\/uploads\/2022\/08\/logo-apenok-231x82-1.png","width":231,"height":82,"caption":"Apen: Soluciones inform\u00e1ticas"},"image":{"@id":"https:\/\/www.apen.es\/#\/schema\/logo\/image\/"},"sameAs":["https:\/\/www.facebook.com\/apensolucions","https:\/\/www.youtube.com\/user\/ApenCentreInformatic","https:\/\/www.linkedin.com\/company\/1021771?trk=tyah&trkInfo=clickedVerticalcompanyclickedEntityId1021771idx2-1-2tarId1464195271196tasapenin"]}]}},"taxonomy_info":[],"featured_image_src_large":false,"author_info":{"display_name":"marqueting","author_link":"https:\/\/www.apen.es\/ca\/blog\/author\/marqueting\/"},"comment_info":0,"_links":{"self":[{"href":"https:\/\/www.apen.es\/ca\/wp-json\/wp\/v2\/pages\/6104","targetHints":{"allow":["GET"]}}],"collection":[{"href":"https:\/\/www.apen.es\/ca\/wp-json\/wp\/v2\/pages"}],"about":[{"href":"https:\/\/www.apen.es\/ca\/wp-json\/wp\/v2\/types\/page"}],"author":[{"embeddable":true,"href":"https:\/\/www.apen.es\/ca\/wp-json\/wp\/v2\/users\/4"}],"replies":[{"embeddable":true,"href":"https:\/\/www.apen.es\/ca\/wp-json\/wp\/v2\/comments?post=6104"}],"version-history":[{"count":1,"href":"https:\/\/www.apen.es\/ca\/wp-json\/wp\/v2\/pages\/6104\/revisions"}],"predecessor-version":[{"id":55976,"href":"https:\/\/www.apen.es\/ca\/wp-json\/wp\/v2\/pages\/6104\/revisions\/55976"}],"up":[{"embeddable":true,"href":"https:\/\/www.apen.es\/ca\/wp-json\/wp\/v2\/pages\/6098"}],"wp:attachment":[{"href":"https:\/\/www.apen.es\/ca\/wp-json\/wp\/v2\/media?parent=6104"}],"curies":[{"name":"wp","href":"https:\/\/api.w.org\/{rel}","templated":true}]}}