{"id":5853,"date":"2017-01-23T16:48:47","date_gmt":"2017-01-23T16:48:47","guid":{"rendered":"https:\/\/www.apen.es\/?page_id=5853"},"modified":"2025-03-24T10:06:05","modified_gmt":"2025-03-24T10:06:05","slug":"renting-impressores-kyocera-barcelona","status":"publish","type":"page","link":"https:\/\/www.apen.es\/ca\/soluciones-de-impresion\/renting-impresoras-kyocera-barcelona\/","title":{"rendered":"R\u00e8nting Impressores Kyocera Barcelona"},"content":{"rendered":"<p>A Apen, despr\u00e9s de m\u00e9s de 30 anys d&#039;experi\u00e8ncia, et podem garantir el millor servei inform\u00e0tic a Granollers oferint-te solucions fetes a mida i pensades exclusivament per al bon funcionament de la teva empresa. A difer\u00e8ncia d&#039;altres empreses del sector, a Apen <strong>realitzem un estudi previ de la teva empresa<\/strong> per con\u00e8ixer, de primera m\u00e0, el funcionament que es duu a terme i aix\u00f2 ens ajuda a estuRENTING IMPRESSORES KYOCERA BARCELONA<\/p>\n\n\n\n<p>A&nbsp;<strong>Apen<\/strong>&nbsp;confiem en les millors marques de&nbsp;<strong>impressores<\/strong>&nbsp;del mercat, per aconseguir una selecci\u00f3 dels equips m\u00e9s productius. A&nbsp;<strong>Apen<\/strong>&nbsp;us oferim el servei de&nbsp;<strong>R\u00e8nting<\/strong>&nbsp;de&nbsp;<strong>impressores<\/strong>&nbsp;<strong>Kyocera<\/strong>&nbsp;<strong>Barcelona<\/strong>, perqu\u00e8 coneixem tots els avantatges que aquest us pot oferir a vosaltres ia la vostra empresa.<\/p>\n\n\n\n<p>A&nbsp;<strong>Apen<\/strong>&nbsp;estudiem les vostres necessitats, respecte a les impressions habituals, analitzem la informaci\u00f3 obtinguda i us proposem una soluci\u00f3 a mida de&nbsp;<strong>R\u00e8nting<\/strong>&nbsp;de&nbsp;<strong>impressores<\/strong>&nbsp;<strong>Kyocera<\/strong>, o la marca que considerem que millor s&#039;adapti a les vostres necessitats, que minimitzi els costos i garanteixi la qualitat i el resultat. Des de&nbsp;<strong>Apen<\/strong>&nbsp;dissenyem un pla personalitzat, per oferir-te el millor servei de&nbsp;<strong>R\u00e8nting<\/strong>&nbsp;de&nbsp;<strong>impressores,&nbsp;<\/strong>amb marques de qualitat com<strong>&nbsp;Kyocera Barcelona<\/strong>.<\/p>\n\n\n\n<h3 class=\"wp-block-heading\"><strong>El R\u00e8nting d&#039;impressores Kyocera Barcelona d&#039;Apen<\/strong><\/h3>\n\n\n\n<p>El<strong>&nbsp;<\/strong><em><strong>R\u00e8nting<\/strong><\/em><strong><em>&nbsp;<\/em><\/strong><strong>d&#039;impressores<\/strong><strong>&nbsp;Kyocera Barcelona&nbsp;<\/strong>\u00e9s una de les millors opcions que tenim a&nbsp;<strong>Apen<\/strong>&nbsp;per a les empreses, perqu\u00e8 et permet comprar els darrers models del mercat i pagar nom\u00e9s una quota fixa mensual. D&#039;aquesta manera, estalviareu costos, augmentareu la productivitat i podreu planificar millor les vostres despeses d&#039;oficina.&nbsp;<strong>Kyocera<\/strong>&nbsp;<strong>Barcelona<\/strong>&nbsp;t\u00e9 equips molt robustos i duradors, de manera que el&nbsp;<strong>R\u00e8nting<\/strong>&nbsp;de&nbsp;<strong>impressores<\/strong>&nbsp;<strong>Kyocera<\/strong>&nbsp;<strong>Barcelona<\/strong>, es converteix en una aposta segura.<\/p>\n\n\n\n<p>El&nbsp;<strong>R\u00e8nting<\/strong>&nbsp;de&nbsp;<strong>impressores<\/strong>&nbsp;<strong>Kyocera<\/strong>&nbsp;<strong>Barcelona<\/strong>&nbsp;us permetr\u00e0 disposar d&#039;impressores d&#039;\u00faltima tecnologia, ja que es tracta d&#039;una marca amb components de gran qualitat, que atorguen una llarga durabilitat a les impressores.<\/p>\n\n\n\n<h3 class=\"wp-block-heading\"><strong>El manteniment t\u00e8cnic, la reparaci\u00f3 i la venda<\/strong><\/h3>\n\n\n\n<p>Des de&nbsp;<strong>Apen<\/strong>&nbsp;t&#039;oferim la possibilitat de disposar d&#039;impressores de tota mena mitjan\u00e7ant lloguer o&nbsp;<strong>R\u00e8nting<\/strong>&nbsp;de les&nbsp;<strong>impressores<\/strong>&nbsp;<strong>Kyocera<\/strong>&nbsp;<strong>Barcelona<\/strong>. Les empreses amb molts departaments que requereixen m\u00faltiples equips d&#039;impressi\u00f3 poden acollir-se al&nbsp;<strong>R\u00e8nting<\/strong>, per finan\u00e7ar la inversi\u00f3 que suposa adquirir aquests equips de gran productivitat, estalvi i efici\u00e8ncia.<\/p>\n\n\n\n<p>A&nbsp;<strong>Apen<\/strong>&nbsp;confiem en les millors marques del mercat, per aconseguir una selecci\u00f3 dels equips m\u00e9s productius. Ens ocupem de tot: La instal\u00b7laci\u00f3 i configuraci\u00f3 de l&#039;equip, reposici\u00f3 de consumibles i la seva gesti\u00f3, peces i recanvis, assist\u00e8ncia en menys de 4 hores, pr\u00e9stecs d&#039;equips en cas d&#039;avaria, manteniment preventiu, servei de monitoritzaci\u00f3 remota i reparacions i despla\u00e7aments, de tota la prov\u00edncia de&nbsp;<strong>Barcelona<\/strong>. Estudiem les vostres necessitats i l&#039;operaci\u00f3 actual, respecte a les impressions habituals i analitzem la informaci\u00f3 obtinguda i us proposem una soluci\u00f3 a mesura que minimitzi els costos i en garanteixi la qualitat i el resultat. Des de&nbsp;<strong>Apen<\/strong>dissenyem un pla personalitzat, per oferir-te el millor servei de&nbsp;<strong>R\u00e8nting<\/strong>&nbsp;de&nbsp;<strong>impressores Kyocera Barcelona<\/strong>. Pagar nom\u00e9s pel que imprimeixes i gaudir d&#039;un equip multifuncional intel\u00b7ligent, que escaneja, t\u00e9 fax, gestiona, arxiva, cerca, c\u00f2pia i imprimeix, \u00e9s possible amb&nbsp;<strong>Apen<\/strong>. A&nbsp;<strong>Apen<\/strong>&nbsp;t&#039;oferim el&nbsp;<strong>R\u00e8nting<\/strong>de les&nbsp;<strong>impressores Kyocera Barcelona<\/strong>, perqu\u00e8 gaudiu d&#039;un servei de qualitat, a preus molt competitius.<\/p>\n\n\n\n<h3 class=\"wp-block-heading\"><strong>El R\u00e8nting d&#039;impressores Kyocera Barcelona d&#039;Apen<\/strong><\/h3>\n\n\n\n<p>A&nbsp;<strong>Apen&nbsp;<\/strong>confiem en el&nbsp;<strong>R\u00e8nting<\/strong>&nbsp;de les&nbsp;<strong>impressores Kyocera Barcelona<\/strong>, entre altres marques de qualitat del mercat, per la seva gran fiabilitat i rendiment i una garantia de professionalitat. Nosaltres sabem que el&nbsp;<strong>R\u00e8nting<\/strong>&nbsp;de les&nbsp;<strong>impressores Kyocera Barcelona<\/strong>&nbsp;pot oferir al client serveis de programari i subministraments gestionats, per als dispositius d&#039;impressi\u00f3 i creaci\u00f3 d&#039;imatges, amb opcions de gesti\u00f3, adquisici\u00f3 i transici\u00f3.&nbsp;<strong>Apen<\/strong>&nbsp;t&#039;ofereix el&nbsp;<strong>R\u00e8nting<\/strong>&nbsp;de les&nbsp;<strong>impressores Kyocera Barcelona<\/strong>&nbsp;a tota la prov\u00edncia de&nbsp;<strong>Barcelona<\/strong>.<\/p>","protected":false},"excerpt":{"rendered":"<p>En Apen, tras m\u00e1s de 30 a\u00f1os de experiencia, podemos garantizarte el mejor servicio inform\u00e1tico en Granollers ofreci\u00e9ndote soluciones hechas a medida y pensadas exclusivamente para el buen funcionamiento de tu empresa. A diferencia de otras empresas del sector, en Apen realizamos un estudio previo de tu empresa para conocer, de primera mano, el funcionamiento&#8230;<\/p>","protected":false},"author":4,"featured_media":0,"parent":1158,"menu_order":0,"comment_status":"closed","ping_status":"closed","template":"page-renting-impresoras.php","meta":{"_acf_changed":false,"_kad_blocks_custom_css":"","_kad_blocks_head_custom_js":"","_kad_blocks_body_custom_js":"","_kad_blocks_footer_custom_js":"","_kad_post_transparent":"","_kad_post_title":"","_kad_post_layout":"","_kad_post_sidebar_id":"","_kad_post_content_style":"","_kad_post_vertical_padding":"","_kad_post_feature":"","_kad_post_feature_position":"","_kad_post_header":false,"_kad_post_footer":false,"_kad_post_classname":"","footnotes":""},"class_list":["post-5853","page","type-page","status-publish","hentry"],"acf":[],"yoast_head":"<!-- This site is optimized with the Yoast SEO plugin v27.4 - https:\/\/yoast.com\/product\/yoast-seo-wordpress\/ -->\n<title>Renting Impresoras Kyocera Barcelona - Apen Inform\u00e1tica<\/title>\n<meta name=\"description\" content=\"En Apen ofrecemos el servicio de renting de impresoras Kyocera en Barcelona a dem\u00e1s de un soporte t\u00e9cnico y mantenimiento de las impresoras.\" \/>\n<meta name=\"robots\" content=\"index, follow, max-snippet:-1, max-image-preview:large, max-video-preview:-1\" \/>\n<link rel=\"canonical\" href=\"https:\/\/www.apen.es\/ca\/solucions-dimpressio\/renting-impressores-kyocera-barcelona\/\" \/>\n<meta property=\"og:locale\" content=\"ca_ES\" \/>\n<meta property=\"og:type\" content=\"article\" \/>\n<meta property=\"og:title\" content=\"Renting Impresoras Kyocera Barcelona - Apen Inform\u00e1tica\" \/>\n<meta property=\"og:description\" content=\"En Apen ofrecemos el servicio de renting de impresoras Kyocera en Barcelona a dem\u00e1s de un soporte t\u00e9cnico y mantenimiento de las impresoras.\" \/>\n<meta property=\"og:url\" content=\"https:\/\/www.apen.es\/ca\/solucions-dimpressio\/renting-impressores-kyocera-barcelona\/\" \/>\n<meta property=\"og:site_name\" content=\"Apen Inform\u00e1tica\" \/>\n<meta property=\"article:publisher\" content=\"https:\/\/www.facebook.com\/apensolucions\" \/>\n<meta property=\"article:modified_time\" content=\"2025-03-24T10:06:05+00:00\" \/>\n<meta property=\"og:image\" content=\"https:\/\/www.apen.es\/wp-content\/uploads\/2016\/05\/logo-apen-231x82-trasparent.png\" \/>\n\t<meta property=\"og:image:width\" content=\"231\" \/>\n\t<meta property=\"og:image:height\" content=\"82\" \/>\n\t<meta property=\"og:image:type\" content=\"image\/png\" \/>\n<meta name=\"twitter:card\" content=\"summary_large_image\" \/>\n<meta name=\"twitter:label1\" content=\"Temps estimat de lectura\" \/>\n\t<meta name=\"twitter:data1\" content=\"8 minuts\" \/>\n<script type=\"application\/ld+json\" class=\"yoast-schema-graph\">{\"@context\":\"https:\\\/\\\/schema.org\",\"@graph\":[{\"@type\":\"WebPage\",\"@id\":\"https:\\\/\\\/www.apen.es\\\/soluciones-de-impresion\\\/renting-impresoras-kyocera-barcelona\\\/\",\"url\":\"https:\\\/\\\/www.apen.es\\\/soluciones-de-impresion\\\/renting-impresoras-kyocera-barcelona\\\/\",\"name\":\"Renting Impresoras Kyocera Barcelona - Apen Inform\u00e1tica\",\"isPartOf\":{\"@id\":\"https:\\\/\\\/www.apen.es\\\/#website\"},\"datePublished\":\"2017-01-23T16:48:47+00:00\",\"dateModified\":\"2025-03-24T10:06:05+00:00\",\"description\":\"En Apen ofrecemos el servicio de renting de impresoras Kyocera en Barcelona a dem\u00e1s de un soporte t\u00e9cnico y mantenimiento de las impresoras.\",\"breadcrumb\":{\"@id\":\"https:\\\/\\\/www.apen.es\\\/soluciones-de-impresion\\\/renting-impresoras-kyocera-barcelona\\\/#breadcrumb\"},\"inLanguage\":\"ca\",\"potentialAction\":[{\"@type\":\"ReadAction\",\"target\":[\"https:\\\/\\\/www.apen.es\\\/soluciones-de-impresion\\\/renting-impresoras-kyocera-barcelona\\\/\"]}]},{\"@type\":\"BreadcrumbList\",\"@id\":\"https:\\\/\\\/www.apen.es\\\/soluciones-de-impresion\\\/renting-impresoras-kyocera-barcelona\\\/#breadcrumb\",\"itemListElement\":[{\"@type\":\"ListItem\",\"position\":1,\"name\":\"Portada\",\"item\":\"https:\\\/\\\/www.apen.es\\\/\"},{\"@type\":\"ListItem\",\"position\":2,\"name\":\"Soluciones de impresi\u00f3n\",\"item\":\"https:\\\/\\\/www.apen.es\\\/soluciones-de-impresion\\\/\"},{\"@type\":\"ListItem\",\"position\":3,\"name\":\"Renting Impresoras Kyocera Barcelona\"}]},{\"@type\":\"WebSite\",\"@id\":\"https:\\\/\\\/www.apen.es\\\/#website\",\"url\":\"https:\\\/\\\/www.apen.es\\\/\",\"name\":\"Apen Inform\u00e1tica\",\"description\":\"Mantenimiento Inform\u00e1tico , Software de Gesti\u00f3n, Soluciones de impresi\u00f3n\",\"publisher\":{\"@id\":\"https:\\\/\\\/www.apen.es\\\/#organization\"},\"potentialAction\":[{\"@type\":\"SearchAction\",\"target\":{\"@type\":\"EntryPoint\",\"urlTemplate\":\"https:\\\/\\\/www.apen.es\\\/?s={search_term_string}\"},\"query-input\":{\"@type\":\"PropertyValueSpecification\",\"valueRequired\":true,\"valueName\":\"search_term_string\"}}],\"inLanguage\":\"ca\"},{\"@type\":\"Organization\",\"@id\":\"https:\\\/\\\/www.apen.es\\\/#organization\",\"name\":\"Apen: Soluciones inform\u00e1ticas\",\"url\":\"https:\\\/\\\/www.apen.es\\\/\",\"logo\":{\"@type\":\"ImageObject\",\"inLanguage\":\"ca\",\"@id\":\"https:\\\/\\\/www.apen.es\\\/#\\\/schema\\\/logo\\\/image\\\/\",\"url\":\"https:\\\/\\\/www.apen.es\\\/wp-content\\\/uploads\\\/2022\\\/08\\\/logo-apenok-231x82-1.png\",\"contentUrl\":\"https:\\\/\\\/www.apen.es\\\/wp-content\\\/uploads\\\/2022\\\/08\\\/logo-apenok-231x82-1.png\",\"width\":231,\"height\":82,\"caption\":\"Apen: Soluciones inform\u00e1ticas\"},\"image\":{\"@id\":\"https:\\\/\\\/www.apen.es\\\/#\\\/schema\\\/logo\\\/image\\\/\"},\"sameAs\":[\"https:\\\/\\\/www.facebook.com\\\/apensolucions\",\"https:\\\/\\\/www.youtube.com\\\/user\\\/ApenCentreInformatic\",\"https:\\\/\\\/www.linkedin.com\\\/company\\\/1021771?trk=tyah&trkInfo=clickedVerticalcompanyclickedEntityId1021771idx2-1-2tarId1464195271196tasapenin\"]}]}<\/script>\n<!-- \/ Yoast SEO plugin. -->","yoast_head_json":{"title":"Renting Impressores Kyocera Barcelona - Apen Inform\u00e0tica","description":"A Apen oferim el servei de r\u00e8nting d&#039;impressores Kyocera a Barcelona a m\u00e9s d&#039;un suport t\u00e8cnic i manteniment de les impressores.","robots":{"index":"index","follow":"follow","max-snippet":"max-snippet:-1","max-image-preview":"max-image-preview:large","max-video-preview":"max-video-preview:-1"},"canonical":"https:\/\/www.apen.es\/ca\/solucions-dimpressio\/renting-impressores-kyocera-barcelona\/","og_locale":"ca_ES","og_type":"article","og_title":"Renting Impresoras Kyocera Barcelona - Apen Inform\u00e1tica","og_description":"En Apen ofrecemos el servicio de renting de impresoras Kyocera en Barcelona a dem\u00e1s de un soporte t\u00e9cnico y mantenimiento de las impresoras.","og_url":"https:\/\/www.apen.es\/ca\/solucions-dimpressio\/renting-impressores-kyocera-barcelona\/","og_site_name":"Apen Inform\u00e1tica","article_publisher":"https:\/\/www.facebook.com\/apensolucions","article_modified_time":"2025-03-24T10:06:05+00:00","og_image":[{"width":231,"height":82,"url":"https:\/\/www.apen.es\/wp-content\/uploads\/2016\/05\/logo-apen-231x82-trasparent.png","type":"image\/png"}],"twitter_card":"summary_large_image","twitter_misc":{"Temps estimat de lectura":"8 minuts"},"schema":{"@context":"https:\/\/schema.org","@graph":[{"@type":"WebPage","@id":"https:\/\/www.apen.es\/soluciones-de-impresion\/renting-impresoras-kyocera-barcelona\/","url":"https:\/\/www.apen.es\/soluciones-de-impresion\/renting-impresoras-kyocera-barcelona\/","name":"Renting Impressores Kyocera Barcelona - Apen Inform\u00e0tica","isPartOf":{"@id":"https:\/\/www.apen.es\/#website"},"datePublished":"2017-01-23T16:48:47+00:00","dateModified":"2025-03-24T10:06:05+00:00","description":"A Apen oferim el servei de r\u00e8nting d&#039;impressores Kyocera a Barcelona a m\u00e9s d&#039;un suport t\u00e8cnic i manteniment de les impressores.","breadcrumb":{"@id":"https:\/\/www.apen.es\/soluciones-de-impresion\/renting-impresoras-kyocera-barcelona\/#breadcrumb"},"inLanguage":"ca","potentialAction":[{"@type":"ReadAction","target":["https:\/\/www.apen.es\/soluciones-de-impresion\/renting-impresoras-kyocera-barcelona\/"]}]},{"@type":"BreadcrumbList","@id":"https:\/\/www.apen.es\/soluciones-de-impresion\/renting-impresoras-kyocera-barcelona\/#breadcrumb","itemListElement":[{"@type":"ListItem","position":1,"name":"Portada","item":"https:\/\/www.apen.es\/"},{"@type":"ListItem","position":2,"name":"Soluciones de impresi\u00f3n","item":"https:\/\/www.apen.es\/soluciones-de-impresion\/"},{"@type":"ListItem","position":3,"name":"Renting Impresoras Kyocera Barcelona"}]},{"@type":"WebSite","@id":"https:\/\/www.apen.es\/#website","url":"https:\/\/www.apen.es\/","name":"Apen Inform\u00e0tica","description":"Manteniment inform\u00e0tic , programari de gesti\u00f3, solucions d&#039;impressi\u00f3","publisher":{"@id":"https:\/\/www.apen.es\/#organization"},"potentialAction":[{"@type":"SearchAction","target":{"@type":"EntryPoint","urlTemplate":"https:\/\/www.apen.es\/?s={search_term_string}"},"query-input":{"@type":"PropertyValueSpecification","valueRequired":true,"valueName":"search_term_string"}}],"inLanguage":"ca"},{"@type":"Organization","@id":"https:\/\/www.apen.es\/#organization","name":"Apen: Solucions inform\u00e0tiques","url":"https:\/\/www.apen.es\/","logo":{"@type":"ImageObject","inLanguage":"ca","@id":"https:\/\/www.apen.es\/#\/schema\/logo\/image\/","url":"https:\/\/www.apen.es\/wp-content\/uploads\/2022\/08\/logo-apenok-231x82-1.png","contentUrl":"https:\/\/www.apen.es\/wp-content\/uploads\/2022\/08\/logo-apenok-231x82-1.png","width":231,"height":82,"caption":"Apen: Soluciones inform\u00e1ticas"},"image":{"@id":"https:\/\/www.apen.es\/#\/schema\/logo\/image\/"},"sameAs":["https:\/\/www.facebook.com\/apensolucions","https:\/\/www.youtube.com\/user\/ApenCentreInformatic","https:\/\/www.linkedin.com\/company\/1021771?trk=tyah&trkInfo=clickedVerticalcompanyclickedEntityId1021771idx2-1-2tarId1464195271196tasapenin"]}]}},"taxonomy_info":[],"featured_image_src_large":false,"author_info":{"display_name":"marqueting","author_link":"https:\/\/www.apen.es\/ca\/blog\/author\/marqueting\/"},"comment_info":0,"_links":{"self":[{"href":"https:\/\/www.apen.es\/ca\/wp-json\/wp\/v2\/pages\/5853","targetHints":{"allow":["GET"]}}],"collection":[{"href":"https:\/\/www.apen.es\/ca\/wp-json\/wp\/v2\/pages"}],"about":[{"href":"https:\/\/www.apen.es\/ca\/wp-json\/wp\/v2\/types\/page"}],"author":[{"embeddable":true,"href":"https:\/\/www.apen.es\/ca\/wp-json\/wp\/v2\/users\/4"}],"replies":[{"embeddable":true,"href":"https:\/\/www.apen.es\/ca\/wp-json\/wp\/v2\/comments?post=5853"}],"version-history":[{"count":4,"href":"https:\/\/www.apen.es\/ca\/wp-json\/wp\/v2\/pages\/5853\/revisions"}],"predecessor-version":[{"id":54450,"href":"https:\/\/www.apen.es\/ca\/wp-json\/wp\/v2\/pages\/5853\/revisions\/54450"}],"up":[{"embeddable":true,"href":"https:\/\/www.apen.es\/ca\/wp-json\/wp\/v2\/pages\/1158"}],"wp:attachment":[{"href":"https:\/\/www.apen.es\/ca\/wp-json\/wp\/v2\/media?parent=5853"}],"curies":[{"name":"wp","href":"https:\/\/api.w.org\/{rel}","templated":true}]}}