{"id":5851,"date":"2017-01-23T16:46:29","date_gmt":"2017-01-23T16:46:29","guid":{"rendered":"https:\/\/www.apen.es\/?page_id=5851"},"modified":"2025-05-23T08:21:34","modified_gmt":"2025-05-23T08:21:34","slug":"renting-impressores-hp-barcelona","status":"publish","type":"page","link":"https:\/\/www.apen.es\/ca\/soluciones-de-impresion\/renting-impresoras-hp-barcelona\/","title":{"rendered":"R\u00e8nting impressores HP Barcelona"},"content":{"rendered":"<p>Les empreses de totes les ind\u00fastries necessiten tots els avantatges competitius que puguin obtenir. A mesura que tothom examina minuciosament els balan\u00e7os i tots els aspectes del negoci per trobar avantatges, literalment pot resultar rendible explorar i comparar els costos de llogar o arrendar equips amb les despeses de comprar-los i posseir-los. Aquest servei, anomenat r\u00e8nting, ha augmentat la seva popularitat a causa dels m\u00faltiples beneficis que presenta.<\/p>\n\n\n\n<p>Una an\u00e0lisi de cost-benefici pot proporcionar dades valuoses per ajudar-lo a prendre una decisi\u00f3 informada sobre el lloguer d&#039;equips. Una de les q\u00fcestions que preocupa m\u00e9s les empreses a l&#039;hora d&#039;adquirir equips inform\u00e0tics \u00e9s l&#039;aspecte financer, que obliga a fer un gran desemborsament inicial. Per\u00f2 des de l&#039;arribada del servei Renting tot aix\u00f2 ha canviat del tot.<\/p>\n\n\n\n<p>Amb el r\u00e8nting d&#039;equips s&#039;evita el cost total de l&#039;equip per endavant, cosa que moltes vegades evita una gran despesa. A m\u00e9s, es pot tenir acc\u00e9s a un equip de m\u00e9s nivell i de la tecnologia m\u00e9s recent, pagant nom\u00e9s pel per\u00edode de temps que l&#039;usa, cosa que ajuda a crear un pressupost per al futur.<\/p>\n\n\n\n<p>Amb el r\u00e8nting les empreses poden pronosticar el flux d&#039;efectiu, distribuir el cost durant un temps m\u00e9s llarg i no s&#039;ha de preocupar pel manteniment ni els riscos en cas que l&#039;equip pateixi alguna avaria. Afegit a aix\u00f2, l&#039;empresa podr\u00e0 avaluar si l&#039;opci\u00f3 \u00e9s ideal per a les vostres necessitats abans de fer una gran despesa en una compra.<\/p>\n\n\n\n<p>A&nbsp;<strong>Apen<\/strong>&nbsp;t&#039;oferim el&nbsp;<strong>R\u00e8nting<\/strong>&nbsp;de les&nbsp;<strong>impressores HP Barcelon<\/strong>a, una marca de qualitat que s&#039;ha guanyat, a pols, el prestigi de qu\u00e8 disposa<\/p>\n\n\n\n<p>El r\u00e8nting d&#039;impressores representa un gran benefici per a qualsevol empresa. Les impressores s\u00f3n una gran necessitat, des de per a la impressi\u00f3 de documents simples com a llistes de tasques pendents, itineraris de viatge i llistes de compres, fins a la impressi\u00f3 de grans documents o lots m\u00e9s gran.<\/p>\n\n\n\n<p>Ja sigui que necessiteu una impressora digital o una impressora l\u00e0ser per a grups de treball, el r\u00e8nting d&#039;impressores pot oferir una \u00e0mplia varietat de beneficis per al seu negoci. Llogar en lloc d&#039;invertir per a la seva unitat actua com un gran m\u00e8tode per millorar el flux d&#039;efectiu i proporciona un dispositiu per mantenir un avantatge competitiu sobre els seus competidors directes a la ind\u00fastria<\/p>\n\n\n\n<h3 class=\"wp-block-heading\">El&nbsp;<strong>R\u00e8nting de les impressores HP Barcelon<\/strong>a es pot dividir en tres tipus:<\/h3>\n\n\n\n<p>Impressores l\u00e0ser de funci\u00f3 \u00fanica: HP Barcelona va introduir la primera impressora personal LaserJet del m\u00f3n el 1984, i tamb\u00e9 la seva primera impressora l\u00e0ser en color<\/p>\n\n\n\n<p>Impressores d&#039;injecci\u00f3 de tinta de funci\u00f3 \u00fanica: La companyia va introduir la impressi\u00f3 en color opcional el 1991, per imprimir en color es requeria fer servir cartutxos intercanviables de tinta negra i tricolor (CYM)<\/p>\n\n\n\n<p>Impressores multifuncionals (esc\u00e0ner, fax i impressora): HP Barcelona va introduir el seu primer dispositiu multifuncional, basat en les impressores, el 1997. Una m\u00e0quina de mem\u00f2ria senzilla que funciona com a esc\u00e0ner, copiadora, m\u00e0quina de fax i impressora personal o de xarxa (inal\u00e0mbrica o de connexi\u00f3 per cable).<\/p>\n\n\n\n<p>El R\u00e8nting de les impressores HP Barcelona \u00e9s la millor opci\u00f3 per a les empreses, perqu\u00e8 els permet comprar els darrers models del mercat i pagar nom\u00e9s una quota fixa mensual. D&#039;aquesta manera, estalviareu costos, augmentareu la vostra productivitat i podreu planificar millor les vostres despeses d&#039;oficina. A m\u00e9s, no t&#039;haur\u00e0s de preocupar pel manteniment dels equips o el risc d&#039;haver de solucionar una falla representant una despesa extra i problemes amb l&#039;exercici de les activitats di\u00e0ries.<\/p>\n\n\n\n<h3 class=\"wp-block-heading\">El R\u00e8nting d&#039;impressores HP Barcelona d&#039;Apen<\/h3>\n\n\n\n<p>A Apen confiem en el Renting de les impressores HP Barcelona, entre d&#039;altres marques de qualitat del mercat, per la seva gran fiabilitat i rendiment. Nosaltres sabem que el R\u00e8nting de les impressores HP Barcelona pot oferir al client serveis de programari i subministraments gestionats, per als dispositius d&#039;impressi\u00f3 i creaci\u00f3 d&#039;imatges, amb opcions de gesti\u00f3, adquisici\u00f3 i transici\u00f3. Apente ofereix el Renting de les impressores HP Barcelona a tota la prov\u00edncia de Barcelona. Si nom\u00e9s ho necessita durant un per\u00edode de temps determinat o arriba a un punt en qu\u00e8 no ho necessita en absolut, pot tornar-ho sense que aix\u00f2 representi un problema per a la seva empresa. Tamb\u00e9 d\u00f3na la possibilitat de tenir equips m\u00e9s actualitzats sense un gran cast inicial.<\/p>\n\n\n\n<h3 class=\"wp-block-heading\">El manteniment t\u00e8cnic, la reparaci\u00f3 i la venda<\/h3>\n\n\n\n<p>A Apen confiem en les millors marques del mercat com \u00e9s el cas de les impressores HP Barcelona, per aconseguir una selecci\u00f3 dels equips m\u00e9s productius. Ens ocupem de tot: La instal\u00b7laci\u00f3 i configuraci\u00f3 de l&#039;equip, reposici\u00f3 de consumibles i la seva gesti\u00f3, peces i recanvis, assist\u00e8ncia en menys de 4 hores, pr\u00e9stecs d&#039;equips en cas d&#039;avaria, manteniment preventiu, servei de monitoratge remot i reparacions i despla\u00e7aments, de tota la prov\u00edncia de Barcelona, per la qual cosa no s&#039;haur\u00e0 de preocupar per res, nom\u00e9s fer \u00fas del servei. Estudiem les vostres necessitats i l&#039;operaci\u00f3 actual, respecte a les impressions habituals i analitzem la informaci\u00f3 obtinguda i us proposem una soluci\u00f3 a mesura que minimitzi els costos i en garanteixi la qualitat i el resultat. Des d&#039;Apen dissenyem un pla personalitzat, on estudiem les necessitats reals de la teva empresa, per oferir-te el millor servei de Renting d&#039;impressores HP Barcelona.<\/p>\n\n\n\n<p>Si vols una impressora de qualitat a la teva oficina, sense gastar m\u00e9s diners del compte, apunta&#039;t al servei Renting d&#039;impressores HP Barcelona d&#039;Apen, on podr\u00e0s trobar m\u00faltiples beneficis com ara un gran estalvi econ\u00f2mic. El nostre equip estar\u00e0 encantat de donar-te tota la informaci\u00f3 i resoldre tots els teus dubtes, per assegurar-te que \u00e9s la soluci\u00f3 ideal pel teu negoci.<\/p>","protected":false},"excerpt":{"rendered":"<p>Las empresas de todas las industrias necesitan todas las ventajas competitivas que puedan obtener. A medida que todo el mundo examina minuciosamente los balances y todos los aspectos del negocio para encontrar ventajas, literalmente puede resultar rentable explorar y comparar los costos de alquilar o arrendar equipos con los gastos de comprarlos y poseerlos. Este&#8230;<\/p>","protected":false},"author":4,"featured_media":0,"parent":1158,"menu_order":0,"comment_status":"closed","ping_status":"closed","template":"page-renting-impresoras.php","meta":{"_acf_changed":false,"_kad_blocks_custom_css":"","_kad_blocks_head_custom_js":"","_kad_blocks_body_custom_js":"","_kad_blocks_footer_custom_js":"","_kad_post_transparent":"","_kad_post_title":"","_kad_post_layout":"","_kad_post_sidebar_id":"","_kad_post_content_style":"","_kad_post_vertical_padding":"","_kad_post_feature":"","_kad_post_feature_position":"","_kad_post_header":false,"_kad_post_footer":false,"_kad_post_classname":"","footnotes":""},"class_list":["post-5851","page","type-page","status-publish","hentry"],"acf":[],"yoast_head":"<!-- This site is optimized with the Yoast SEO plugin v27.4 - https:\/\/yoast.com\/product\/yoast-seo-wordpress\/ -->\n<title>Renting impresoras HP Barcelona - Apen Inform\u00e1tica<\/title>\n<meta name=\"description\" content=\"En Apen ofrecemos el servicio de renting de impresoras HP en Barcelona a dem\u00e1s de un soporte t\u00e9cnico y mantenimiento de las impresoras.\" \/>\n<meta name=\"robots\" content=\"index, follow, max-snippet:-1, max-image-preview:large, max-video-preview:-1\" \/>\n<link rel=\"canonical\" href=\"https:\/\/www.apen.es\/ca\/solucions-dimpressio\/renting-impressores-hp-barcelona\/\" \/>\n<meta property=\"og:locale\" content=\"ca_ES\" \/>\n<meta property=\"og:type\" content=\"article\" \/>\n<meta property=\"og:title\" content=\"Renting impresoras HP Barcelona - Apen Inform\u00e1tica\" \/>\n<meta property=\"og:description\" content=\"En Apen ofrecemos el servicio de renting de impresoras HP en Barcelona a dem\u00e1s de un soporte t\u00e9cnico y mantenimiento de las impresoras.\" \/>\n<meta property=\"og:url\" content=\"https:\/\/www.apen.es\/ca\/solucions-dimpressio\/renting-impressores-hp-barcelona\/\" \/>\n<meta property=\"og:site_name\" content=\"Apen Inform\u00e1tica\" \/>\n<meta property=\"article:publisher\" content=\"https:\/\/www.facebook.com\/apensolucions\" \/>\n<meta property=\"article:modified_time\" content=\"2025-05-23T08:21:34+00:00\" \/>\n<meta property=\"og:image\" content=\"https:\/\/www.apen.es\/wp-content\/uploads\/2016\/05\/logo-apen-231x82-trasparent.png\" \/>\n\t<meta property=\"og:image:width\" content=\"231\" \/>\n\t<meta property=\"og:image:height\" content=\"82\" \/>\n\t<meta property=\"og:image:type\" content=\"image\/png\" \/>\n<meta name=\"twitter:card\" content=\"summary_large_image\" \/>\n<meta name=\"twitter:label1\" content=\"Temps estimat de lectura\" \/>\n\t<meta name=\"twitter:data1\" content=\"10 minuts\" \/>\n<script type=\"application\/ld+json\" class=\"yoast-schema-graph\">{\"@context\":\"https:\\\/\\\/schema.org\",\"@graph\":[{\"@type\":\"WebPage\",\"@id\":\"https:\\\/\\\/www.apen.es\\\/soluciones-de-impresion\\\/renting-impresoras-hp-barcelona\\\/\",\"url\":\"https:\\\/\\\/www.apen.es\\\/soluciones-de-impresion\\\/renting-impresoras-hp-barcelona\\\/\",\"name\":\"Renting impresoras HP Barcelona - Apen Inform\u00e1tica\",\"isPartOf\":{\"@id\":\"https:\\\/\\\/www.apen.es\\\/#website\"},\"datePublished\":\"2017-01-23T16:46:29+00:00\",\"dateModified\":\"2025-05-23T08:21:34+00:00\",\"description\":\"En Apen ofrecemos el servicio de renting de impresoras HP en Barcelona a dem\u00e1s de un soporte t\u00e9cnico y mantenimiento de las impresoras.\",\"breadcrumb\":{\"@id\":\"https:\\\/\\\/www.apen.es\\\/soluciones-de-impresion\\\/renting-impresoras-hp-barcelona\\\/#breadcrumb\"},\"inLanguage\":\"ca\",\"potentialAction\":[{\"@type\":\"ReadAction\",\"target\":[\"https:\\\/\\\/www.apen.es\\\/soluciones-de-impresion\\\/renting-impresoras-hp-barcelona\\\/\"]}]},{\"@type\":\"BreadcrumbList\",\"@id\":\"https:\\\/\\\/www.apen.es\\\/soluciones-de-impresion\\\/renting-impresoras-hp-barcelona\\\/#breadcrumb\",\"itemListElement\":[{\"@type\":\"ListItem\",\"position\":1,\"name\":\"Portada\",\"item\":\"https:\\\/\\\/www.apen.es\\\/\"},{\"@type\":\"ListItem\",\"position\":2,\"name\":\"Soluciones de impresi\u00f3n\",\"item\":\"https:\\\/\\\/www.apen.es\\\/soluciones-de-impresion\\\/\"},{\"@type\":\"ListItem\",\"position\":3,\"name\":\"Renting impresoras HP Barcelona\"}]},{\"@type\":\"WebSite\",\"@id\":\"https:\\\/\\\/www.apen.es\\\/#website\",\"url\":\"https:\\\/\\\/www.apen.es\\\/\",\"name\":\"Apen Inform\u00e1tica\",\"description\":\"Mantenimiento Inform\u00e1tico , Software de Gesti\u00f3n, Soluciones de impresi\u00f3n\",\"publisher\":{\"@id\":\"https:\\\/\\\/www.apen.es\\\/#organization\"},\"potentialAction\":[{\"@type\":\"SearchAction\",\"target\":{\"@type\":\"EntryPoint\",\"urlTemplate\":\"https:\\\/\\\/www.apen.es\\\/?s={search_term_string}\"},\"query-input\":{\"@type\":\"PropertyValueSpecification\",\"valueRequired\":true,\"valueName\":\"search_term_string\"}}],\"inLanguage\":\"ca\"},{\"@type\":\"Organization\",\"@id\":\"https:\\\/\\\/www.apen.es\\\/#organization\",\"name\":\"Apen: Soluciones inform\u00e1ticas\",\"url\":\"https:\\\/\\\/www.apen.es\\\/\",\"logo\":{\"@type\":\"ImageObject\",\"inLanguage\":\"ca\",\"@id\":\"https:\\\/\\\/www.apen.es\\\/#\\\/schema\\\/logo\\\/image\\\/\",\"url\":\"https:\\\/\\\/www.apen.es\\\/wp-content\\\/uploads\\\/2022\\\/08\\\/logo-apenok-231x82-1.png\",\"contentUrl\":\"https:\\\/\\\/www.apen.es\\\/wp-content\\\/uploads\\\/2022\\\/08\\\/logo-apenok-231x82-1.png\",\"width\":231,\"height\":82,\"caption\":\"Apen: Soluciones inform\u00e1ticas\"},\"image\":{\"@id\":\"https:\\\/\\\/www.apen.es\\\/#\\\/schema\\\/logo\\\/image\\\/\"},\"sameAs\":[\"https:\\\/\\\/www.facebook.com\\\/apensolucions\",\"https:\\\/\\\/www.youtube.com\\\/user\\\/ApenCentreInformatic\",\"https:\\\/\\\/www.linkedin.com\\\/company\\\/1021771?trk=tyah&trkInfo=clickedVerticalcompanyclickedEntityId1021771idx2-1-2tarId1464195271196tasapenin\"]}]}<\/script>\n<!-- \/ Yoast SEO plugin. -->","yoast_head_json":{"title":"Renting impressores HP Barcelona - Apen Inform\u00e0tica","description":"A Apen oferim el servei de r\u00e8nting d&#039;impressores HP a Barcelona a m\u00e9s d&#039;un suport t\u00e8cnic i manteniment de les impressores.","robots":{"index":"index","follow":"follow","max-snippet":"max-snippet:-1","max-image-preview":"max-image-preview:large","max-video-preview":"max-video-preview:-1"},"canonical":"https:\/\/www.apen.es\/ca\/solucions-dimpressio\/renting-impressores-hp-barcelona\/","og_locale":"ca_ES","og_type":"article","og_title":"Renting impresoras HP Barcelona - Apen Inform\u00e1tica","og_description":"En Apen ofrecemos el servicio de renting de impresoras HP en Barcelona a dem\u00e1s de un soporte t\u00e9cnico y mantenimiento de las impresoras.","og_url":"https:\/\/www.apen.es\/ca\/solucions-dimpressio\/renting-impressores-hp-barcelona\/","og_site_name":"Apen Inform\u00e1tica","article_publisher":"https:\/\/www.facebook.com\/apensolucions","article_modified_time":"2025-05-23T08:21:34+00:00","og_image":[{"width":231,"height":82,"url":"https:\/\/www.apen.es\/wp-content\/uploads\/2016\/05\/logo-apen-231x82-trasparent.png","type":"image\/png"}],"twitter_card":"summary_large_image","twitter_misc":{"Temps estimat de lectura":"10 minuts"},"schema":{"@context":"https:\/\/schema.org","@graph":[{"@type":"WebPage","@id":"https:\/\/www.apen.es\/soluciones-de-impresion\/renting-impresoras-hp-barcelona\/","url":"https:\/\/www.apen.es\/soluciones-de-impresion\/renting-impresoras-hp-barcelona\/","name":"Renting impressores HP Barcelona - Apen Inform\u00e0tica","isPartOf":{"@id":"https:\/\/www.apen.es\/#website"},"datePublished":"2017-01-23T16:46:29+00:00","dateModified":"2025-05-23T08:21:34+00:00","description":"A Apen oferim el servei de r\u00e8nting d&#039;impressores HP a Barcelona a m\u00e9s d&#039;un suport t\u00e8cnic i manteniment de les impressores.","breadcrumb":{"@id":"https:\/\/www.apen.es\/soluciones-de-impresion\/renting-impresoras-hp-barcelona\/#breadcrumb"},"inLanguage":"ca","potentialAction":[{"@type":"ReadAction","target":["https:\/\/www.apen.es\/soluciones-de-impresion\/renting-impresoras-hp-barcelona\/"]}]},{"@type":"BreadcrumbList","@id":"https:\/\/www.apen.es\/soluciones-de-impresion\/renting-impresoras-hp-barcelona\/#breadcrumb","itemListElement":[{"@type":"ListItem","position":1,"name":"Portada","item":"https:\/\/www.apen.es\/"},{"@type":"ListItem","position":2,"name":"Soluciones de impresi\u00f3n","item":"https:\/\/www.apen.es\/soluciones-de-impresion\/"},{"@type":"ListItem","position":3,"name":"Renting impresoras HP Barcelona"}]},{"@type":"WebSite","@id":"https:\/\/www.apen.es\/#website","url":"https:\/\/www.apen.es\/","name":"Apen Inform\u00e0tica","description":"Manteniment inform\u00e0tic , programari de gesti\u00f3, solucions d&#039;impressi\u00f3","publisher":{"@id":"https:\/\/www.apen.es\/#organization"},"potentialAction":[{"@type":"SearchAction","target":{"@type":"EntryPoint","urlTemplate":"https:\/\/www.apen.es\/?s={search_term_string}"},"query-input":{"@type":"PropertyValueSpecification","valueRequired":true,"valueName":"search_term_string"}}],"inLanguage":"ca"},{"@type":"Organization","@id":"https:\/\/www.apen.es\/#organization","name":"Apen: Solucions inform\u00e0tiques","url":"https:\/\/www.apen.es\/","logo":{"@type":"ImageObject","inLanguage":"ca","@id":"https:\/\/www.apen.es\/#\/schema\/logo\/image\/","url":"https:\/\/www.apen.es\/wp-content\/uploads\/2022\/08\/logo-apenok-231x82-1.png","contentUrl":"https:\/\/www.apen.es\/wp-content\/uploads\/2022\/08\/logo-apenok-231x82-1.png","width":231,"height":82,"caption":"Apen: Soluciones inform\u00e1ticas"},"image":{"@id":"https:\/\/www.apen.es\/#\/schema\/logo\/image\/"},"sameAs":["https:\/\/www.facebook.com\/apensolucions","https:\/\/www.youtube.com\/user\/ApenCentreInformatic","https:\/\/www.linkedin.com\/company\/1021771?trk=tyah&trkInfo=clickedVerticalcompanyclickedEntityId1021771idx2-1-2tarId1464195271196tasapenin"]}]}},"taxonomy_info":[],"featured_image_src_large":false,"author_info":{"display_name":"marqueting","author_link":"https:\/\/www.apen.es\/ca\/blog\/author\/marqueting\/"},"comment_info":0,"_links":{"self":[{"href":"https:\/\/www.apen.es\/ca\/wp-json\/wp\/v2\/pages\/5851","targetHints":{"allow":["GET"]}}],"collection":[{"href":"https:\/\/www.apen.es\/ca\/wp-json\/wp\/v2\/pages"}],"about":[{"href":"https:\/\/www.apen.es\/ca\/wp-json\/wp\/v2\/types\/page"}],"author":[{"embeddable":true,"href":"https:\/\/www.apen.es\/ca\/wp-json\/wp\/v2\/users\/4"}],"replies":[{"embeddable":true,"href":"https:\/\/www.apen.es\/ca\/wp-json\/wp\/v2\/comments?post=5851"}],"version-history":[{"count":4,"href":"https:\/\/www.apen.es\/ca\/wp-json\/wp\/v2\/pages\/5851\/revisions"}],"predecessor-version":[{"id":54882,"href":"https:\/\/www.apen.es\/ca\/wp-json\/wp\/v2\/pages\/5851\/revisions\/54882"}],"up":[{"embeddable":true,"href":"https:\/\/www.apen.es\/ca\/wp-json\/wp\/v2\/pages\/1158"}],"wp:attachment":[{"href":"https:\/\/www.apen.es\/ca\/wp-json\/wp\/v2\/media?parent=5851"}],"curies":[{"name":"wp","href":"https:\/\/api.w.org\/{rel}","templated":true}]}}