{"id":5848,"date":"2017-01-23T16:43:07","date_gmt":"2017-01-23T16:43:07","guid":{"rendered":"https:\/\/www.apen.es\/?page_id=5848"},"modified":"2025-05-23T08:21:35","modified_gmt":"2025-05-23T08:21:35","slug":"renting-impressores-konica-minolta-barcelona","status":"publish","type":"page","link":"https:\/\/www.apen.es\/ca\/soluciones-de-impresion\/renting-impresoras-konica-minolta-barcelona\/","title":{"rendered":"Renting Impressores Konica Minolta Barcelona"},"content":{"rendered":"<p>El&nbsp;<strong>R\u00e8nting<\/strong>&nbsp;d&#039;impressores \u00e9s un dels serveis estrella de&nbsp;<strong>Apen<\/strong>, perqu\u00e8 coneixem tots els avantatges que podem oferir als nostres clients. A&nbsp;<strong>Apen<\/strong>t&#039;oferim un&nbsp;<strong>R\u00e8nting<\/strong>&nbsp;de&nbsp;<strong>impressores<\/strong>&nbsp;<strong>Konica<\/strong>&nbsp;<strong>Minolta<\/strong>&nbsp;<strong>Barcelona,&nbsp;<\/strong>&nbsp;amb qu\u00e8 podr\u00e0s gaudir d&#039;una de les millors marques del mercat, aconseguint que la teva empresa millori en operativitat i en imatge.<\/p>\n\n\n\n<p>A&nbsp;<strong>APEN<\/strong>&nbsp;apostem pel&nbsp;<strong>R\u00e8nting<\/strong>&nbsp;de&nbsp;<strong>impressores<\/strong>&nbsp;de&nbsp;<strong>Konica<\/strong>&nbsp;<strong>Minolta<\/strong>&nbsp;<strong>Barcelona<\/strong>, per la seva gran velocitat i versatilitat d&#039;impressi\u00f3, i \u00e9s molt \u00fatil per a les produccions digitals d&#039;alt volum. A m\u00e9s, decidim apostar pel&nbsp;<strong>R\u00e8nting<\/strong>&nbsp;de&nbsp;<strong>impressores<\/strong>&nbsp;<strong>Konica<\/strong>&nbsp;<strong>Minolta<\/strong>&nbsp;<strong>Barcelona<\/strong>&nbsp;per la gesti\u00f3 unificada que ofereix, evitant errors i impressions repetitives, augmentant la velocitat i el rendiment.<\/p>\n\n\n\n<h3 class=\"wp-block-heading\"><strong>El R\u00e8nting d&#039;impressores Konica Minolta Barcelona d&#039;Apen<\/strong><\/h3>\n\n\n\n<p>A&nbsp;<strong>Apen&nbsp;<\/strong>confiem en el&nbsp;<strong>R\u00e8nting<\/strong>&nbsp;de les&nbsp;<strong>impressores Konica Minolta Barcelona<\/strong>, entre altres marques de qualitat del mercat, per la seva gran fiabilitat i rendiment. Nosaltres sabem que el&nbsp;<strong>R\u00e8nting<\/strong>&nbsp;de les&nbsp;<strong>impressores HP Barcelona<\/strong>&nbsp;pot oferir al client serveis de programari i subministraments gestionats, per als dispositius d&#039;impressi\u00f3 i creaci\u00f3 d&#039;imatges, amb opcions de gesti\u00f3, adquisici\u00f3 i transici\u00f3.&nbsp;<strong>Apen<\/strong>&nbsp;t&#039;ofereix el&nbsp;<strong>R\u00e8nting<\/strong>&nbsp;de les&nbsp;<strong>impressores HP Barcelona<\/strong>&nbsp;a tota la prov\u00edncia de&nbsp;<strong>Barcelona<\/strong>.<\/p>\n\n\n\n<p>El nostre departament t\u00e8cnic ofereix el lloguer o&nbsp;<strong>R\u00e8nting<\/strong>&nbsp;de&nbsp;<strong>impressores<\/strong>&nbsp;<strong>Konica<\/strong><strong>Minolta<\/strong>&nbsp;<strong>Barcelona<\/strong>&nbsp;i \u00e9s un servei enfocat a aquelles empreses amb molts departaments que requereixen m\u00faltiples equips d&#039;impressi\u00f3, que poden acollir-se al&nbsp;<strong>R\u00e8nting<\/strong>&nbsp;per finan\u00e7ar la inversi\u00f3 que suposa adquirir aquests equips de gran productivitat, estalvi i efici\u00e8ncia.<\/p>\n\n\n\n<h3 class=\"wp-block-heading\"><strong>El manteniment t\u00e8cnic, la reparaci\u00f3 i la venda<\/strong><\/h3>\n\n\n\n<p>Des de&nbsp;<strong>Apen<\/strong>&nbsp;us oferim l&#039;assessorament i el consell indispensables per instal\u00b7lar, en el vostre negoci, bones pr\u00e0ctiques d&#039;impressi\u00f3 i la implementaci\u00f3 dels millors sistemes, per controlar les despeses. Gr\u00e0cies a un estudi previ per con\u00e8ixer les necessitats reals de l&#039;empresa en temes d&#039;impressi\u00f3, aconseguim obtenir la millor soluci\u00f3 per a l&#039;empresa. El manteniment inclou la instal\u00b7laci\u00f3 i configuraci\u00f3 de l&#039;equip, tots els consumibles i la gesti\u00f3, peces i recanvis, assist\u00e8ncia en menys de 4 hores, pr\u00e9stecs d&#039;equips en cas d&#039;avaria, manteniment preventiu, servei de monitoritzaci\u00f3 remota i reparacions i despla\u00e7aments. A&nbsp;<strong>Apen<\/strong>&nbsp;treballem dia a dia per aconseguir la millor soluci\u00f3 per als nostres clients, com el servei&nbsp;<strong>R\u00e8nting<\/strong>&nbsp;de les&nbsp;<strong>impressores<\/strong>&nbsp;<strong>Konica<\/strong>&nbsp;<strong>Minolta<\/strong>&nbsp;<strong>Barcelona<\/strong>, una de les millors marques del mercat.<\/p>\n\n\n\n<p>El<strong>&nbsp;<\/strong><em><strong>R\u00e8nting<\/strong><\/em><strong><em>&nbsp;<\/em><\/strong><strong>de les impressores<\/strong><strong>&nbsp;Konica Minolta Barcelona&nbsp;<\/strong>\u00e9s la millor opci\u00f3 per a les empreses, perqu\u00e8 els permet comprar els \u00faltims models del mercat i pagar nom\u00e9s una quota fixa mensual. D&#039;aquesta manera, estalviareu costos, augmentareu la vostra productivitat i podreu planificar millor les vostres despeses d&#039;oficina.<\/p>\n\n\n\n<p>Al servei&nbsp;<strong>R\u00e8nting<\/strong>&nbsp;de&nbsp;<strong>impressores<\/strong>&nbsp;<strong>Konica<\/strong>&nbsp;<strong>Minolta<\/strong>&nbsp;<strong>Barcelona<\/strong>&nbsp;de&nbsp;<strong>Apen<\/strong>, el client paga nom\u00e9s pel que imprimeix. Ens encarreguem d&#039;instal\u00b7lar les impressores necess\u00e0ries i del seu manteniment, garantint que aquestes estiguin sempre operatives i abastint els subministraments de cartutxos de tinta, eliminant els estocs de les empreses.<\/p>\n\n\n\n<p><strong>Apen<\/strong>&nbsp;compta amb m\u00e9s de 25 anys d&#039;experi\u00e8ncia en el camp de les solucions d&#039;impressi\u00f3, per a empreses de&nbsp;<strong>Barcelona<\/strong>. La nostra proposta en aquest \u00e0mbit \u00e9s la m\u00e9s completa i integral possible, oferint venda directa dels millors equips d&#039;impressi\u00f3,&nbsp;<strong>R\u00e8nting<\/strong>&nbsp;de&nbsp;<strong>impressores<\/strong>&nbsp;de les millors marques, com les&nbsp;<strong>impressores<\/strong>&nbsp;<strong>Konica<\/strong>&nbsp;<strong>Minolta<\/strong>&nbsp;<strong>Barcelona<\/strong>, lloguer, manteniment i reparaci\u00f3 d&#039;impressores, multifuncions, faxos\u2026 I fins i tot ens encarreguem del subministrament de cartutxos de tinta i t\u00f2ner.<\/p>","protected":false},"excerpt":{"rendered":"<p>El&nbsp;Renting&nbsp;de impresoras es uno de los servicios estrella de&nbsp;Apen, porque conocemos todas las ventajas que podemos ofrecer a nuestros clientes. En&nbsp;Apente ofrecemos un&nbsp;Renting&nbsp;de&nbsp;impresoras&nbsp;Konica&nbsp;Minolta&nbsp;Barcelona,&nbsp;&nbsp;con el que podr\u00e1s disfrutar de una de las mejores marcas del mercado, consiguiendo que tu empresa mejore en operatividad y en imagen. En&nbsp;APEN&nbsp;apostamos por el&nbsp;Renting&nbsp;de&nbsp;impresoras&nbsp;de&nbsp;Konica&nbsp;Minolta&nbsp;Barcelona, por su gran velocidad y versatilidad de&#8230;<\/p>","protected":false},"author":4,"featured_media":0,"parent":1158,"menu_order":0,"comment_status":"closed","ping_status":"closed","template":"page-renting-impresoras.php","meta":{"_acf_changed":false,"_kad_blocks_custom_css":"","_kad_blocks_head_custom_js":"","_kad_blocks_body_custom_js":"","_kad_blocks_footer_custom_js":"","_kad_post_transparent":"","_kad_post_title":"","_kad_post_layout":"","_kad_post_sidebar_id":"","_kad_post_content_style":"","_kad_post_vertical_padding":"","_kad_post_feature":"","_kad_post_feature_position":"","_kad_post_header":false,"_kad_post_footer":false,"_kad_post_classname":"","footnotes":""},"class_list":["post-5848","page","type-page","status-publish","hentry"],"acf":[],"yoast_head":"<!-- This site is optimized with the Yoast SEO plugin v27.4 - https:\/\/yoast.com\/product\/yoast-seo-wordpress\/ -->\n<title>Renting Impresoras Konica Minolta Barcelona - Apen Inform\u00e1tica<\/title>\n<meta name=\"description\" content=\"En Apen ofrecemos el servicio de renting de impresoras KONICA MINOLTA en Barcelona y un soporte t\u00e9cnico y mantenimiento de las impresoras\" \/>\n<meta name=\"robots\" content=\"index, follow, max-snippet:-1, max-image-preview:large, max-video-preview:-1\" \/>\n<link rel=\"canonical\" href=\"https:\/\/www.apen.es\/ca\/solucions-dimpressio\/renting-impressores-konica-minolta-barcelona\/\" \/>\n<meta property=\"og:locale\" content=\"ca_ES\" \/>\n<meta property=\"og:type\" content=\"article\" \/>\n<meta property=\"og:title\" content=\"Renting Impresoras Konica Minolta Barcelona - Apen Inform\u00e1tica\" \/>\n<meta property=\"og:description\" content=\"En Apen ofrecemos el servicio de renting de impresoras KONICA MINOLTA en Barcelona y un soporte t\u00e9cnico y mantenimiento de las impresoras\" \/>\n<meta property=\"og:url\" content=\"https:\/\/www.apen.es\/ca\/solucions-dimpressio\/renting-impressores-konica-minolta-barcelona\/\" \/>\n<meta property=\"og:site_name\" content=\"Apen Inform\u00e1tica\" \/>\n<meta property=\"article:publisher\" content=\"https:\/\/www.facebook.com\/apensolucions\" \/>\n<meta property=\"article:modified_time\" content=\"2025-05-23T08:21:35+00:00\" \/>\n<meta property=\"og:image\" content=\"https:\/\/www.apen.es\/wp-content\/uploads\/2016\/05\/logo-apen-231x82-trasparent.png\" \/>\n\t<meta property=\"og:image:width\" content=\"231\" \/>\n\t<meta property=\"og:image:height\" content=\"82\" \/>\n\t<meta property=\"og:image:type\" content=\"image\/png\" \/>\n<meta name=\"twitter:card\" content=\"summary_large_image\" \/>\n<meta name=\"twitter:label1\" content=\"Temps estimat de lectura\" \/>\n\t<meta name=\"twitter:data1\" content=\"9 minuts\" \/>\n<script type=\"application\/ld+json\" class=\"yoast-schema-graph\">{\"@context\":\"https:\\\/\\\/schema.org\",\"@graph\":[{\"@type\":\"WebPage\",\"@id\":\"https:\\\/\\\/www.apen.es\\\/soluciones-de-impresion\\\/renting-impresoras-konica-minolta-barcelona\\\/\",\"url\":\"https:\\\/\\\/www.apen.es\\\/soluciones-de-impresion\\\/renting-impresoras-konica-minolta-barcelona\\\/\",\"name\":\"Renting Impresoras Konica Minolta Barcelona - Apen Inform\u00e1tica\",\"isPartOf\":{\"@id\":\"https:\\\/\\\/www.apen.es\\\/#website\"},\"datePublished\":\"2017-01-23T16:43:07+00:00\",\"dateModified\":\"2025-05-23T08:21:35+00:00\",\"description\":\"En Apen ofrecemos el servicio de renting de impresoras KONICA MINOLTA en Barcelona y un soporte t\u00e9cnico y mantenimiento de las impresoras\",\"breadcrumb\":{\"@id\":\"https:\\\/\\\/www.apen.es\\\/soluciones-de-impresion\\\/renting-impresoras-konica-minolta-barcelona\\\/#breadcrumb\"},\"inLanguage\":\"ca\",\"potentialAction\":[{\"@type\":\"ReadAction\",\"target\":[\"https:\\\/\\\/www.apen.es\\\/soluciones-de-impresion\\\/renting-impresoras-konica-minolta-barcelona\\\/\"]}]},{\"@type\":\"BreadcrumbList\",\"@id\":\"https:\\\/\\\/www.apen.es\\\/soluciones-de-impresion\\\/renting-impresoras-konica-minolta-barcelona\\\/#breadcrumb\",\"itemListElement\":[{\"@type\":\"ListItem\",\"position\":1,\"name\":\"Portada\",\"item\":\"https:\\\/\\\/www.apen.es\\\/\"},{\"@type\":\"ListItem\",\"position\":2,\"name\":\"Soluciones de impresi\u00f3n\",\"item\":\"https:\\\/\\\/www.apen.es\\\/soluciones-de-impresion\\\/\"},{\"@type\":\"ListItem\",\"position\":3,\"name\":\"Renting Impresoras Konica Minolta Barcelona\"}]},{\"@type\":\"WebSite\",\"@id\":\"https:\\\/\\\/www.apen.es\\\/#website\",\"url\":\"https:\\\/\\\/www.apen.es\\\/\",\"name\":\"Apen Inform\u00e1tica\",\"description\":\"Mantenimiento Inform\u00e1tico , Software de Gesti\u00f3n, Soluciones de impresi\u00f3n\",\"publisher\":{\"@id\":\"https:\\\/\\\/www.apen.es\\\/#organization\"},\"potentialAction\":[{\"@type\":\"SearchAction\",\"target\":{\"@type\":\"EntryPoint\",\"urlTemplate\":\"https:\\\/\\\/www.apen.es\\\/?s={search_term_string}\"},\"query-input\":{\"@type\":\"PropertyValueSpecification\",\"valueRequired\":true,\"valueName\":\"search_term_string\"}}],\"inLanguage\":\"ca\"},{\"@type\":\"Organization\",\"@id\":\"https:\\\/\\\/www.apen.es\\\/#organization\",\"name\":\"Apen: Soluciones inform\u00e1ticas\",\"url\":\"https:\\\/\\\/www.apen.es\\\/\",\"logo\":{\"@type\":\"ImageObject\",\"inLanguage\":\"ca\",\"@id\":\"https:\\\/\\\/www.apen.es\\\/#\\\/schema\\\/logo\\\/image\\\/\",\"url\":\"https:\\\/\\\/www.apen.es\\\/wp-content\\\/uploads\\\/2022\\\/08\\\/logo-apenok-231x82-1.png\",\"contentUrl\":\"https:\\\/\\\/www.apen.es\\\/wp-content\\\/uploads\\\/2022\\\/08\\\/logo-apenok-231x82-1.png\",\"width\":231,\"height\":82,\"caption\":\"Apen: Soluciones inform\u00e1ticas\"},\"image\":{\"@id\":\"https:\\\/\\\/www.apen.es\\\/#\\\/schema\\\/logo\\\/image\\\/\"},\"sameAs\":[\"https:\\\/\\\/www.facebook.com\\\/apensolucions\",\"https:\\\/\\\/www.youtube.com\\\/user\\\/ApenCentreInformatic\",\"https:\\\/\\\/www.linkedin.com\\\/company\\\/1021771?trk=tyah&trkInfo=clickedVerticalcompanyclickedEntityId1021771idx2-1-2tarId1464195271196tasapenin\"]}]}<\/script>\n<!-- \/ Yoast SEO plugin. -->","yoast_head_json":{"title":"Renting Impressores Konica Minolta Barcelona - Apen Inform\u00e0tica","description":"A Apen oferim el servei de r\u00e8nting d&#039;impressores KONICA MINOLTA a Barcelona i un suport t\u00e8cnic i manteniment de les impressores","robots":{"index":"index","follow":"follow","max-snippet":"max-snippet:-1","max-image-preview":"max-image-preview:large","max-video-preview":"max-video-preview:-1"},"canonical":"https:\/\/www.apen.es\/ca\/solucions-dimpressio\/renting-impressores-konica-minolta-barcelona\/","og_locale":"ca_ES","og_type":"article","og_title":"Renting Impresoras Konica Minolta Barcelona - Apen Inform\u00e1tica","og_description":"En Apen ofrecemos el servicio de renting de impresoras KONICA MINOLTA en Barcelona y un soporte t\u00e9cnico y mantenimiento de las impresoras","og_url":"https:\/\/www.apen.es\/ca\/solucions-dimpressio\/renting-impressores-konica-minolta-barcelona\/","og_site_name":"Apen Inform\u00e1tica","article_publisher":"https:\/\/www.facebook.com\/apensolucions","article_modified_time":"2025-05-23T08:21:35+00:00","og_image":[{"width":231,"height":82,"url":"https:\/\/www.apen.es\/wp-content\/uploads\/2016\/05\/logo-apen-231x82-trasparent.png","type":"image\/png"}],"twitter_card":"summary_large_image","twitter_misc":{"Temps estimat de lectura":"9 minuts"},"schema":{"@context":"https:\/\/schema.org","@graph":[{"@type":"WebPage","@id":"https:\/\/www.apen.es\/soluciones-de-impresion\/renting-impresoras-konica-minolta-barcelona\/","url":"https:\/\/www.apen.es\/soluciones-de-impresion\/renting-impresoras-konica-minolta-barcelona\/","name":"Renting Impressores Konica Minolta Barcelona - Apen Inform\u00e0tica","isPartOf":{"@id":"https:\/\/www.apen.es\/#website"},"datePublished":"2017-01-23T16:43:07+00:00","dateModified":"2025-05-23T08:21:35+00:00","description":"A Apen oferim el servei de r\u00e8nting d&#039;impressores KONICA MINOLTA a Barcelona i un suport t\u00e8cnic i manteniment de les impressores","breadcrumb":{"@id":"https:\/\/www.apen.es\/soluciones-de-impresion\/renting-impresoras-konica-minolta-barcelona\/#breadcrumb"},"inLanguage":"ca","potentialAction":[{"@type":"ReadAction","target":["https:\/\/www.apen.es\/soluciones-de-impresion\/renting-impresoras-konica-minolta-barcelona\/"]}]},{"@type":"BreadcrumbList","@id":"https:\/\/www.apen.es\/soluciones-de-impresion\/renting-impresoras-konica-minolta-barcelona\/#breadcrumb","itemListElement":[{"@type":"ListItem","position":1,"name":"Portada","item":"https:\/\/www.apen.es\/"},{"@type":"ListItem","position":2,"name":"Soluciones de impresi\u00f3n","item":"https:\/\/www.apen.es\/soluciones-de-impresion\/"},{"@type":"ListItem","position":3,"name":"Renting Impresoras Konica Minolta Barcelona"}]},{"@type":"WebSite","@id":"https:\/\/www.apen.es\/#website","url":"https:\/\/www.apen.es\/","name":"Apen Inform\u00e0tica","description":"Manteniment inform\u00e0tic , programari de gesti\u00f3, solucions d&#039;impressi\u00f3","publisher":{"@id":"https:\/\/www.apen.es\/#organization"},"potentialAction":[{"@type":"SearchAction","target":{"@type":"EntryPoint","urlTemplate":"https:\/\/www.apen.es\/?s={search_term_string}"},"query-input":{"@type":"PropertyValueSpecification","valueRequired":true,"valueName":"search_term_string"}}],"inLanguage":"ca"},{"@type":"Organization","@id":"https:\/\/www.apen.es\/#organization","name":"Apen: Solucions inform\u00e0tiques","url":"https:\/\/www.apen.es\/","logo":{"@type":"ImageObject","inLanguage":"ca","@id":"https:\/\/www.apen.es\/#\/schema\/logo\/image\/","url":"https:\/\/www.apen.es\/wp-content\/uploads\/2022\/08\/logo-apenok-231x82-1.png","contentUrl":"https:\/\/www.apen.es\/wp-content\/uploads\/2022\/08\/logo-apenok-231x82-1.png","width":231,"height":82,"caption":"Apen: Soluciones inform\u00e1ticas"},"image":{"@id":"https:\/\/www.apen.es\/#\/schema\/logo\/image\/"},"sameAs":["https:\/\/www.facebook.com\/apensolucions","https:\/\/www.youtube.com\/user\/ApenCentreInformatic","https:\/\/www.linkedin.com\/company\/1021771?trk=tyah&trkInfo=clickedVerticalcompanyclickedEntityId1021771idx2-1-2tarId1464195271196tasapenin"]}]}},"taxonomy_info":[],"featured_image_src_large":false,"author_info":{"display_name":"marqueting","author_link":"https:\/\/www.apen.es\/ca\/blog\/author\/marqueting\/"},"comment_info":0,"_links":{"self":[{"href":"https:\/\/www.apen.es\/ca\/wp-json\/wp\/v2\/pages\/5848","targetHints":{"allow":["GET"]}}],"collection":[{"href":"https:\/\/www.apen.es\/ca\/wp-json\/wp\/v2\/pages"}],"about":[{"href":"https:\/\/www.apen.es\/ca\/wp-json\/wp\/v2\/types\/page"}],"author":[{"embeddable":true,"href":"https:\/\/www.apen.es\/ca\/wp-json\/wp\/v2\/users\/4"}],"replies":[{"embeddable":true,"href":"https:\/\/www.apen.es\/ca\/wp-json\/wp\/v2\/comments?post=5848"}],"version-history":[{"count":4,"href":"https:\/\/www.apen.es\/ca\/wp-json\/wp\/v2\/pages\/5848\/revisions"}],"predecessor-version":[{"id":54881,"href":"https:\/\/www.apen.es\/ca\/wp-json\/wp\/v2\/pages\/5848\/revisions\/54881"}],"up":[{"embeddable":true,"href":"https:\/\/www.apen.es\/ca\/wp-json\/wp\/v2\/pages\/1158"}],"wp:attachment":[{"href":"https:\/\/www.apen.es\/ca\/wp-json\/wp\/v2\/media?parent=5848"}],"curies":[{"name":"wp","href":"https:\/\/api.w.org\/{rel}","templated":true}]}}