{"id":5846,"date":"2017-01-23T16:38:31","date_gmt":"2017-01-23T16:38:31","guid":{"rendered":"https:\/\/www.apen.es\/?page_id=5846"},"modified":"2025-06-05T15:14:36","modified_gmt":"2025-06-05T15:14:36","slug":"renting-impressores-oki-barcelona","status":"publish","type":"page","link":"https:\/\/www.apen.es\/ca\/soluciones-de-impresion\/renting-impresoras-oki-barcelona\/","title":{"rendered":"R\u00e8nting impressores OKI Barcelona"},"content":{"rendered":"<p><strong>Apen<\/strong>&nbsp;t&#039;ofereix el millor&nbsp;<strong>R\u00e8nting<\/strong>&nbsp;de&nbsp;<strong>impressores<\/strong>, amb les millors marques del mercat. El&nbsp;<strong>R\u00e8nting<\/strong>&nbsp;de&nbsp;<strong>impressores<\/strong>&nbsp;<strong>OKI<\/strong>&nbsp;<strong>Barcelona<\/strong>&nbsp;n&#039;\u00e9s un bon exemple, una marca que compta amb grans prestacions per a la teva empresa.<\/p>\n\n\n\n<p>Les empreses multidepartamentals requereixen una gran quantitat d&#039;impressores, i el&nbsp;<strong>R\u00e8nting<\/strong>&nbsp;representa una gran soluci\u00f3, per aix\u00f2 a&nbsp;<strong>Apen<\/strong>&nbsp;t&#039;oferim un servei m\u00e9s just i econ\u00f2mic com el&nbsp;<strong>R\u00e8nting<\/strong>&nbsp;de&nbsp;<strong>impressores<\/strong>&nbsp;<strong>OKI<\/strong>&nbsp;<strong>Barcelona<\/strong>.<\/p>\n\n\n\n<h3 class=\"wp-block-heading\"><strong>El R\u00e8nting d&#039;impressores OKI Barcelona d&#039;Apen<\/strong><\/h3>\n\n\n\n<p><strong>Apen<\/strong>&nbsp;\u00e9s un dels principals prove\u00efdors de&nbsp;<strong>impressores<\/strong>&nbsp;<strong>OKI<\/strong>&nbsp;a&nbsp;<strong>Barcelona<\/strong>, a m\u00e9s de ser una empresa de garantia a l&#039;hora d&#039;oferir manteniment i suport t\u00e8cnic, acompanyant-lo del millor servei de subministrament de combustibles de&nbsp;<strong>impressores<\/strong>&nbsp;<strong>OKI<\/strong>, de tota la prov\u00edncia de&nbsp;<strong>Barcelona<\/strong>.<\/p>\n\n\n\n<p>El servei&nbsp;<strong>R\u00e8nting<\/strong>&nbsp;de&nbsp;<strong>impressores<\/strong>&nbsp;<strong>OKI<\/strong>&nbsp;<strong>Barcelona<\/strong>&nbsp;de&nbsp;<strong>Apen<\/strong>, ofereix grans prestacions a les empreses i compta amb una cota mensual fixa. Gr\u00e0cies al&nbsp;<strong>servei<\/strong>&nbsp;<strong>R\u00e8nting<\/strong>&nbsp;de&nbsp;<strong>impressores<\/strong>&nbsp;de&nbsp;<strong>OKI<\/strong>&nbsp;<strong>Barcelona<\/strong>&nbsp;la seva empresa no tindr\u00e0 la necessitat de fer una gran inversi\u00f3 inicial. Les empreses multidepartamentals requereixen una gran quantitat de&nbsp;<strong>impressores<\/strong>, i el&nbsp;<strong>R\u00e8nting<\/strong>&nbsp;de&nbsp;<strong>impressores<\/strong>&nbsp;<strong>OKI<\/strong>&nbsp;<strong>Barcelona<\/strong>&nbsp;representa una gran soluci\u00f3.<\/p>\n\n\n\n<p>Si la vostra empresa no disposa d&#039;equips d&#039;impressi\u00f3 eficients, \u00e9s probable que la despesa en combustibles i impressores suposi m\u00e9s de l&#039;1,5% del pressupost anual de la vostra empresa. A&nbsp;<strong>Apen<\/strong>&nbsp;volem que puguis disposar d&#039;un servei econ\u00f2mic i molt competitiu com el&nbsp;<strong>R\u00e8nting<\/strong>&nbsp;de&nbsp;<strong>impressores<\/strong>&nbsp;<strong>OKI<\/strong>&nbsp;<strong>Barcelona<\/strong>, en qu\u00e8 podem oferir-te solucions per reduir prop de la meitat aquest cost, no nom\u00e9s oferint les&nbsp;<strong>impressores<\/strong>&nbsp;m\u00e9s eficients sin\u00f3 millorant les pautes i els h\u00e0bits d&#039;impressi\u00f3.<\/p>\n\n\n\n<p>Gr\u00e0cies a la incorporaci\u00f3 dels equips de&nbsp;<strong>impressi\u00f3<\/strong>&nbsp;de&nbsp;<strong>OKI<\/strong>&nbsp;al cat\u00e0leg de&nbsp;<strong>Apen<\/strong>, podem oferir tot tipus de solucions d&#039;impressi\u00f3 per a empreses de la prov\u00edncia de&nbsp;<strong>Barcelona<\/strong>. El millor de la tecnologia japonesa el trobarem en aquestes impressores, productes multifunci\u00f3 i fax: M\u00e0xima productivitat, estalvi de costos, fiabilitat dels components i rapidesa a l&#039;hora d&#039;imprimir.<\/p>\n\n\n\n<p><strong>Apen<\/strong>&nbsp;\u00e9s un dels principals prove\u00efdors de&nbsp;<strong>impressores<\/strong>&nbsp;<strong>OKI<\/strong>&nbsp;a&nbsp;<strong>Barcelona<\/strong>, a m\u00e9s de ser una empresa de garantia a l&#039;hora d&#039;oferir manteniment i suport t\u00e8cnic, acompanyant-lo del millor servei de subministrament de cartutxos d&#039;impressores OKI, de tota la prov\u00edncia de Barcelona.<\/p>\n\n\n\n<h3 class=\"wp-block-heading\"><strong>El manteniment t\u00e8cnic, la reparaci\u00f3 i la venda<\/strong><\/h3>\n\n\n\n<p>A&nbsp;<strong>Apen<\/strong>&nbsp;confiem en les millors marques del mercat, com&nbsp;<strong>OKI<\/strong>&nbsp;<strong>Barcelona<\/strong>, per aconseguir una selecci\u00f3 dels equips m\u00e9s productius. Us oferim l&#039;assessorament i el consell indispensables per instal\u00b7lar, en el vostre negoci, bones pr\u00e0ctiques d&#039;impressi\u00f3 i la implementaci\u00f3 dels millors sistemes, per controlar les despeses. Gr\u00e0cies a un estudi previ per con\u00e8ixer les necessitats reals de l&#039;empresa en temes d&#039;impressi\u00f3, aconseguim comprovar el volum d&#039;impressi\u00f3 i obtenir la millor soluci\u00f3 per a l&#039;empresa. El manteniment inclou la instal\u00b7laci\u00f3 i configuraci\u00f3 de l&#039;equip, tots els consumibles i la gesti\u00f3, peces i recanvis, assist\u00e8ncia en menys de 4 hores, pr\u00e9stecs d&#039;equips en cas d&#039;avaria, manteniment preventiu, servei de monitoritzaci\u00f3 remota i reparacions i despla\u00e7aments.<\/p>\n\n\n\n<p>El servei&nbsp;<strong>R\u00e8nting<\/strong>&nbsp;de&nbsp;<strong>impressores<\/strong>&nbsp;<strong>OKI<\/strong>&nbsp;<strong>Barcelona<\/strong>&nbsp;\u00e9s un dels millors serveis de&nbsp;<strong>Apen<\/strong>, juntament amb la resta de les millors marques del mercat com HP, Konica Minolta i Kyocera.<\/p>","protected":false},"excerpt":{"rendered":"<p>Apen&nbsp;te ofrece el mejor&nbsp;Renting&nbsp;de&nbsp;impresoras, con las mejores marcas del mercado. El&nbsp;Renting&nbsp;de&nbsp;impresoras&nbsp;OKI&nbsp;Barcelona&nbsp;es un buen ejemplo, una marca que cuenta con grandes prestaciones para tu empresa. Las empresas multi departamentales requieren una gran cantidad de impresoras, y el&nbsp;Renting&nbsp;representa una gran soluci\u00f3n, por eso en&nbsp;Apen&nbsp;te ofrecemos un servicio m\u00e1s justo y econ\u00f3mico como el&nbsp;Renting&nbsp;de&nbsp;impresoras&nbsp;OKI&nbsp;Barcelona. El Renting de impresoras&#8230;<\/p>","protected":false},"author":4,"featured_media":54376,"parent":1158,"menu_order":0,"comment_status":"closed","ping_status":"closed","template":"page-landing-renting.php","meta":{"_acf_changed":false,"_kad_blocks_custom_css":"","_kad_blocks_head_custom_js":"","_kad_blocks_body_custom_js":"","_kad_blocks_footer_custom_js":"","_kad_post_transparent":"","_kad_post_title":"","_kad_post_layout":"","_kad_post_sidebar_id":"","_kad_post_content_style":"","_kad_post_vertical_padding":"","_kad_post_feature":"","_kad_post_feature_position":"","_kad_post_header":false,"_kad_post_footer":false,"_kad_post_classname":"","footnotes":""},"class_list":["post-5846","page","type-page","status-publish","has-post-thumbnail","hentry"],"acf":[],"yoast_head":"<!-- This site is optimized with the Yoast SEO plugin v27.4 - https:\/\/yoast.com\/product\/yoast-seo-wordpress\/ -->\n<title>Renting impresoras OKI Barcelona - Apen Inform\u00e1tica<\/title>\n<meta name=\"description\" content=\"En Apen ofrecemos el servicio de renting de impresoras OKI en Barcelona a dem\u00e1s de un soporte t\u00e9cnico y mantenimiento de las impresoras.\" \/>\n<meta name=\"robots\" content=\"index, follow, max-snippet:-1, max-image-preview:large, max-video-preview:-1\" \/>\n<link rel=\"canonical\" href=\"https:\/\/www.apen.es\/ca\/solucions-dimpressio\/renting-impressores-oki-barcelona\/\" \/>\n<meta property=\"og:locale\" content=\"ca_ES\" \/>\n<meta property=\"og:type\" content=\"article\" \/>\n<meta property=\"og:title\" content=\"Renting impresoras OKI Barcelona - Apen Inform\u00e1tica\" \/>\n<meta property=\"og:description\" content=\"En Apen ofrecemos el servicio de renting de impresoras OKI en Barcelona a dem\u00e1s de un soporte t\u00e9cnico y mantenimiento de las impresoras.\" \/>\n<meta property=\"og:url\" content=\"https:\/\/www.apen.es\/ca\/solucions-dimpressio\/renting-impressores-oki-barcelona\/\" \/>\n<meta property=\"og:site_name\" content=\"Apen Inform\u00e1tica\" \/>\n<meta property=\"article:publisher\" content=\"https:\/\/www.facebook.com\/apensolucions\" \/>\n<meta property=\"article:modified_time\" content=\"2025-06-05T15:14:36+00:00\" \/>\n<meta property=\"og:image\" content=\"https:\/\/www.apen.es\/wp-content\/uploads\/2025\/02\/foto-2.jpg\" \/>\n\t<meta property=\"og:image:width\" content=\"840\" \/>\n\t<meta property=\"og:image:height\" content=\"517\" \/>\n\t<meta property=\"og:image:type\" content=\"image\/jpeg\" \/>\n<meta name=\"twitter:card\" content=\"summary_large_image\" \/>\n<meta name=\"twitter:label1\" content=\"Temps estimat de lectura\" \/>\n\t<meta name=\"twitter:data1\" content=\"8 minuts\" \/>\n<script type=\"application\/ld+json\" class=\"yoast-schema-graph\">{\"@context\":\"https:\\\/\\\/schema.org\",\"@graph\":[{\"@type\":\"WebPage\",\"@id\":\"https:\\\/\\\/www.apen.es\\\/soluciones-de-impresion\\\/renting-impresoras-oki-barcelona\\\/\",\"url\":\"https:\\\/\\\/www.apen.es\\\/soluciones-de-impresion\\\/renting-impresoras-oki-barcelona\\\/\",\"name\":\"Renting impresoras OKI Barcelona - Apen Inform\u00e1tica\",\"isPartOf\":{\"@id\":\"https:\\\/\\\/www.apen.es\\\/#website\"},\"primaryImageOfPage\":{\"@id\":\"https:\\\/\\\/www.apen.es\\\/soluciones-de-impresion\\\/renting-impresoras-oki-barcelona\\\/#primaryimage\"},\"image\":{\"@id\":\"https:\\\/\\\/www.apen.es\\\/soluciones-de-impresion\\\/renting-impresoras-oki-barcelona\\\/#primaryimage\"},\"thumbnailUrl\":\"https:\\\/\\\/www.apen.es\\\/wp-content\\\/uploads\\\/2025\\\/02\\\/foto-2.jpg\",\"datePublished\":\"2017-01-23T16:38:31+00:00\",\"dateModified\":\"2025-06-05T15:14:36+00:00\",\"description\":\"En Apen ofrecemos el servicio de renting de impresoras OKI en Barcelona a dem\u00e1s de un soporte t\u00e9cnico y mantenimiento de las impresoras.\",\"breadcrumb\":{\"@id\":\"https:\\\/\\\/www.apen.es\\\/soluciones-de-impresion\\\/renting-impresoras-oki-barcelona\\\/#breadcrumb\"},\"inLanguage\":\"ca\",\"potentialAction\":[{\"@type\":\"ReadAction\",\"target\":[\"https:\\\/\\\/www.apen.es\\\/soluciones-de-impresion\\\/renting-impresoras-oki-barcelona\\\/\"]}]},{\"@type\":\"ImageObject\",\"inLanguage\":\"ca\",\"@id\":\"https:\\\/\\\/www.apen.es\\\/soluciones-de-impresion\\\/renting-impresoras-oki-barcelona\\\/#primaryimage\",\"url\":\"https:\\\/\\\/www.apen.es\\\/wp-content\\\/uploads\\\/2025\\\/02\\\/foto-2.jpg\",\"contentUrl\":\"https:\\\/\\\/www.apen.es\\\/wp-content\\\/uploads\\\/2025\\\/02\\\/foto-2.jpg\",\"width\":840,\"height\":517},{\"@type\":\"BreadcrumbList\",\"@id\":\"https:\\\/\\\/www.apen.es\\\/soluciones-de-impresion\\\/renting-impresoras-oki-barcelona\\\/#breadcrumb\",\"itemListElement\":[{\"@type\":\"ListItem\",\"position\":1,\"name\":\"Portada\",\"item\":\"https:\\\/\\\/www.apen.es\\\/\"},{\"@type\":\"ListItem\",\"position\":2,\"name\":\"Soluciones de impresi\u00f3n\",\"item\":\"https:\\\/\\\/www.apen.es\\\/soluciones-de-impresion\\\/\"},{\"@type\":\"ListItem\",\"position\":3,\"name\":\"Renting impresoras OKI Barcelona\"}]},{\"@type\":\"WebSite\",\"@id\":\"https:\\\/\\\/www.apen.es\\\/#website\",\"url\":\"https:\\\/\\\/www.apen.es\\\/\",\"name\":\"Apen Inform\u00e1tica\",\"description\":\"Mantenimiento Inform\u00e1tico , Software de Gesti\u00f3n, Soluciones de impresi\u00f3n\",\"publisher\":{\"@id\":\"https:\\\/\\\/www.apen.es\\\/#organization\"},\"potentialAction\":[{\"@type\":\"SearchAction\",\"target\":{\"@type\":\"EntryPoint\",\"urlTemplate\":\"https:\\\/\\\/www.apen.es\\\/?s={search_term_string}\"},\"query-input\":{\"@type\":\"PropertyValueSpecification\",\"valueRequired\":true,\"valueName\":\"search_term_string\"}}],\"inLanguage\":\"ca\"},{\"@type\":\"Organization\",\"@id\":\"https:\\\/\\\/www.apen.es\\\/#organization\",\"name\":\"Apen: Soluciones inform\u00e1ticas\",\"url\":\"https:\\\/\\\/www.apen.es\\\/\",\"logo\":{\"@type\":\"ImageObject\",\"inLanguage\":\"ca\",\"@id\":\"https:\\\/\\\/www.apen.es\\\/#\\\/schema\\\/logo\\\/image\\\/\",\"url\":\"https:\\\/\\\/www.apen.es\\\/wp-content\\\/uploads\\\/2022\\\/08\\\/logo-apenok-231x82-1.png\",\"contentUrl\":\"https:\\\/\\\/www.apen.es\\\/wp-content\\\/uploads\\\/2022\\\/08\\\/logo-apenok-231x82-1.png\",\"width\":231,\"height\":82,\"caption\":\"Apen: Soluciones inform\u00e1ticas\"},\"image\":{\"@id\":\"https:\\\/\\\/www.apen.es\\\/#\\\/schema\\\/logo\\\/image\\\/\"},\"sameAs\":[\"https:\\\/\\\/www.facebook.com\\\/apensolucions\",\"https:\\\/\\\/www.youtube.com\\\/user\\\/ApenCentreInformatic\",\"https:\\\/\\\/www.linkedin.com\\\/company\\\/1021771?trk=tyah&trkInfo=clickedVerticalcompanyclickedEntityId1021771idx2-1-2tarId1464195271196tasapenin\"]}]}<\/script>\n<!-- \/ Yoast SEO plugin. -->","yoast_head_json":{"title":"Renting impressores OKI Barcelona - Apen Inform\u00e0tica","description":"A Apen oferim el servei de r\u00e8nting d&#039;impressores OKI a Barcelona a m\u00e9s d&#039;un suport t\u00e8cnic i manteniment de les impressores.","robots":{"index":"index","follow":"follow","max-snippet":"max-snippet:-1","max-image-preview":"max-image-preview:large","max-video-preview":"max-video-preview:-1"},"canonical":"https:\/\/www.apen.es\/ca\/solucions-dimpressio\/renting-impressores-oki-barcelona\/","og_locale":"ca_ES","og_type":"article","og_title":"Renting impresoras OKI Barcelona - Apen Inform\u00e1tica","og_description":"En Apen ofrecemos el servicio de renting de impresoras OKI en Barcelona a dem\u00e1s de un soporte t\u00e9cnico y mantenimiento de las impresoras.","og_url":"https:\/\/www.apen.es\/ca\/solucions-dimpressio\/renting-impressores-oki-barcelona\/","og_site_name":"Apen Inform\u00e1tica","article_publisher":"https:\/\/www.facebook.com\/apensolucions","article_modified_time":"2025-06-05T15:14:36+00:00","og_image":[{"width":840,"height":517,"url":"https:\/\/www.apen.es\/wp-content\/uploads\/2025\/02\/foto-2.jpg","type":"image\/jpeg"}],"twitter_card":"summary_large_image","twitter_misc":{"Temps estimat de lectura":"8 minuts"},"schema":{"@context":"https:\/\/schema.org","@graph":[{"@type":"WebPage","@id":"https:\/\/www.apen.es\/soluciones-de-impresion\/renting-impresoras-oki-barcelona\/","url":"https:\/\/www.apen.es\/soluciones-de-impresion\/renting-impresoras-oki-barcelona\/","name":"Renting impressores OKI Barcelona - Apen Inform\u00e0tica","isPartOf":{"@id":"https:\/\/www.apen.es\/#website"},"primaryImageOfPage":{"@id":"https:\/\/www.apen.es\/soluciones-de-impresion\/renting-impresoras-oki-barcelona\/#primaryimage"},"image":{"@id":"https:\/\/www.apen.es\/soluciones-de-impresion\/renting-impresoras-oki-barcelona\/#primaryimage"},"thumbnailUrl":"https:\/\/www.apen.es\/wp-content\/uploads\/2025\/02\/foto-2.jpg","datePublished":"2017-01-23T16:38:31+00:00","dateModified":"2025-06-05T15:14:36+00:00","description":"A Apen oferim el servei de r\u00e8nting d&#039;impressores OKI a Barcelona a m\u00e9s d&#039;un suport t\u00e8cnic i manteniment de les impressores.","breadcrumb":{"@id":"https:\/\/www.apen.es\/soluciones-de-impresion\/renting-impresoras-oki-barcelona\/#breadcrumb"},"inLanguage":"ca","potentialAction":[{"@type":"ReadAction","target":["https:\/\/www.apen.es\/soluciones-de-impresion\/renting-impresoras-oki-barcelona\/"]}]},{"@type":"ImageObject","inLanguage":"ca","@id":"https:\/\/www.apen.es\/soluciones-de-impresion\/renting-impresoras-oki-barcelona\/#primaryimage","url":"https:\/\/www.apen.es\/wp-content\/uploads\/2025\/02\/foto-2.jpg","contentUrl":"https:\/\/www.apen.es\/wp-content\/uploads\/2025\/02\/foto-2.jpg","width":840,"height":517},{"@type":"BreadcrumbList","@id":"https:\/\/www.apen.es\/soluciones-de-impresion\/renting-impresoras-oki-barcelona\/#breadcrumb","itemListElement":[{"@type":"ListItem","position":1,"name":"Portada","item":"https:\/\/www.apen.es\/"},{"@type":"ListItem","position":2,"name":"Soluciones de impresi\u00f3n","item":"https:\/\/www.apen.es\/soluciones-de-impresion\/"},{"@type":"ListItem","position":3,"name":"Renting impresoras OKI Barcelona"}]},{"@type":"WebSite","@id":"https:\/\/www.apen.es\/#website","url":"https:\/\/www.apen.es\/","name":"Apen Inform\u00e0tica","description":"Manteniment inform\u00e0tic , programari de gesti\u00f3, solucions d&#039;impressi\u00f3","publisher":{"@id":"https:\/\/www.apen.es\/#organization"},"potentialAction":[{"@type":"SearchAction","target":{"@type":"EntryPoint","urlTemplate":"https:\/\/www.apen.es\/?s={search_term_string}"},"query-input":{"@type":"PropertyValueSpecification","valueRequired":true,"valueName":"search_term_string"}}],"inLanguage":"ca"},{"@type":"Organization","@id":"https:\/\/www.apen.es\/#organization","name":"Apen: Solucions inform\u00e0tiques","url":"https:\/\/www.apen.es\/","logo":{"@type":"ImageObject","inLanguage":"ca","@id":"https:\/\/www.apen.es\/#\/schema\/logo\/image\/","url":"https:\/\/www.apen.es\/wp-content\/uploads\/2022\/08\/logo-apenok-231x82-1.png","contentUrl":"https:\/\/www.apen.es\/wp-content\/uploads\/2022\/08\/logo-apenok-231x82-1.png","width":231,"height":82,"caption":"Apen: Soluciones inform\u00e1ticas"},"image":{"@id":"https:\/\/www.apen.es\/#\/schema\/logo\/image\/"},"sameAs":["https:\/\/www.facebook.com\/apensolucions","https:\/\/www.youtube.com\/user\/ApenCentreInformatic","https:\/\/www.linkedin.com\/company\/1021771?trk=tyah&trkInfo=clickedVerticalcompanyclickedEntityId1021771idx2-1-2tarId1464195271196tasapenin"]}]}},"taxonomy_info":[],"featured_image_src_large":["https:\/\/www.apen.es\/wp-content\/uploads\/2025\/02\/foto-2.jpg",840,517,false],"author_info":{"display_name":"marqueting","author_link":"https:\/\/www.apen.es\/ca\/blog\/author\/marqueting\/"},"comment_info":0,"_links":{"self":[{"href":"https:\/\/www.apen.es\/ca\/wp-json\/wp\/v2\/pages\/5846","targetHints":{"allow":["GET"]}}],"collection":[{"href":"https:\/\/www.apen.es\/ca\/wp-json\/wp\/v2\/pages"}],"about":[{"href":"https:\/\/www.apen.es\/ca\/wp-json\/wp\/v2\/types\/page"}],"author":[{"embeddable":true,"href":"https:\/\/www.apen.es\/ca\/wp-json\/wp\/v2\/users\/4"}],"replies":[{"embeddable":true,"href":"https:\/\/www.apen.es\/ca\/wp-json\/wp\/v2\/comments?post=5846"}],"version-history":[{"count":5,"href":"https:\/\/www.apen.es\/ca\/wp-json\/wp\/v2\/pages\/5846\/revisions"}],"predecessor-version":[{"id":55097,"href":"https:\/\/www.apen.es\/ca\/wp-json\/wp\/v2\/pages\/5846\/revisions\/55097"}],"up":[{"embeddable":true,"href":"https:\/\/www.apen.es\/ca\/wp-json\/wp\/v2\/pages\/1158"}],"wp:featuredmedia":[{"embeddable":true,"href":"https:\/\/www.apen.es\/ca\/wp-json\/wp\/v2\/media\/54376"}],"wp:attachment":[{"href":"https:\/\/www.apen.es\/ca\/wp-json\/wp\/v2\/media?parent=5846"}],"curies":[{"name":"wp","href":"https:\/\/api.w.org\/{rel}","templated":true}]}}