{"id":5761,"date":"2016-12-12T20:16:53","date_gmt":"2016-12-12T20:16:53","guid":{"rendered":"https:\/\/www.apen.es\/?page_id=5761"},"modified":"2025-06-27T08:00:07","modified_gmt":"2025-06-27T08:00:07","slug":"programa-de-gestio-per-a-empreses","status":"publish","type":"page","link":"https:\/\/www.apen.es\/ca\/programari-de-gestio\/programa-de-gestio-per-a-empreses\/","title":{"rendered":"Programa de gesti\u00f3 per a empreses"},"content":{"rendered":"<p>A <strong>Apen Barcelona<\/strong> t&#039;oferim un <strong>programari de gesti\u00f3 <\/strong>per a tu<strong> empresa<\/strong>, un sistema integral per poder controlar i supervisar totes les \u00e0rees d&#039;una manera r\u00e0pida i intu\u00eftiva. <strong>Apen Barcelona<\/strong> t&#039;ofereix A3ERP, un <strong>programari de gesti\u00f3<\/strong> per a les mitjanes i petites <strong>empreses<\/strong>, que es diferencia dels sistemes ERP convencionals gr\u00e0cies al teu servei integral, des del qual es poden controlar totes les \u00e0rees de la <strong>empresa<\/strong>.<\/p>\n\n\n\n<p>Si en tens una <strong>empresa a Barcelona<\/strong> \u00e9s moment d&#039;instal\u00b7lar un <strong>programari de gesti\u00f3<\/strong>, amb el qual poder obtenir un major rendiment entre els treballadors i en el funcionament de totes les \u00e0rees de la <strong>empresa<\/strong>. A3ERP de <strong>Apen Barcelona<\/strong> et permet tenir una visi\u00f3 clara de tots els departaments de la <strong>empresa<\/strong>, sense necessitat de complicar-te la vida. T&#039;ajuda a tenir un reflex esquem\u00e0tic del teu <strong>empresa<\/strong> que aportar\u00e0 grans solucions com prendre millors decisions i fins i tot millora el rendiment i la productivitat dels treballadors.<\/p>\n\n\n\n<p><strong>El programari de gesti\u00f3 A3ERP<\/strong> et permet avan\u00e7ar r\u00e0pidament per resoldre dubtes, errors o millores que faran que la teva empresa es converteixi en un negoci totalment professional i proactiu, amb qu\u00e8 aconseguir\u00e0 diferenciar-se de la compet\u00e8ncia. A3ERP \u00e9s una resposta completa, dissenyada espec\u00edficament, per adaptar-se totalment a les necessitats de cada model de negoci. La totalitat de les \u00e0rees que integren una <strong>empresa<\/strong> necessiten gaudir, de la manera adequada, d&#039;una comunicaci\u00f3 que els permeti gestionar cadascuna de les decisions que s&#039;han de prendre di\u00e0riament, d&#039;una manera global i eficient sense que les unes afectin les altres: analitzant, gestionant i dirigint cada \u00e0rea de la nostra <strong>empresa<\/strong>.<\/p>\n\n\n\n<p>El fet de <strong>homogene\u00eftzar totes les \u00e0rees<\/strong> en un mateix programa optimitza, enormement, la gesti\u00f3 de les mateixes. A difer\u00e8ncia d\u00b4un programa de gesti\u00f3 convencional, A3ERP \u00e9s un sistema integral capa\u00e7 d\u00b4unir les prestacions de diferents <strong>programaris de gesti\u00f3<\/strong> per a \u00e0rees espec\u00edfiques, en un de sol, treballant des d&#039;una \u00fanica base de dades.<\/p>\n\n\n\n<p>Gr\u00e0cies a aquesta comuni\u00f3 gestada pel <strong>programari de gesti\u00f3<\/strong>, amb la capacitat d&#039;adaptar-se a les necessitats espec\u00edfiques que cada <strong>empresa<\/strong> pugui requerir, sense importar l&#039;estructura o l&#039;activitat a qu\u00e8 es dediqui; gaudireu d&#039;una visi\u00f3 de 360\u00ba de la vostra organitzaci\u00f3 que us ajudar\u00e0, en tot moment, a portar el maneig de les diferents dimensions amb efici\u00e8ncia, de manera global que permeti aquesta millora en productivitat i l&#039;augment de la competitivitat que certifica la implementaci\u00f3 d&#039;un programari d&#039;aquestes caracter\u00edstiques.<\/p>\n\n\n\n<p><strong>Apen Barcelona<\/strong> aposta pel <strong>programari de gesti\u00f3<\/strong> per a tu <strong>empresa<\/strong>, amb el que podr\u00e0s treballar d&#039;una forma professional i productiva, aportant una visi\u00f3 homog\u00e8nia de cadascuna de les \u00e0rees de la <strong>empresa<\/strong>.<\/p>","protected":false},"excerpt":{"rendered":"<p>En Apen Barcelona te ofrecemos un software de gesti\u00f3n para tu empresa, un sistema integral para poder controlar y supervisar todas las \u00e1reas de una forma r\u00e1pida e intuitiva. Apen Barcelona te ofrece A3ERP, un software de gesti\u00f3n para las medianas y peque\u00f1as empresas, que se diferencia de los sistemas ERP convencionales gracias a tu&#8230;<\/p>","protected":false},"author":4,"featured_media":0,"parent":1181,"menu_order":0,"comment_status":"closed","ping_status":"closed","template":"page-landing-software.php","meta":{"_acf_changed":false,"_kad_blocks_custom_css":"","_kad_blocks_head_custom_js":"","_kad_blocks_body_custom_js":"","_kad_blocks_footer_custom_js":"","_kad_post_transparent":"","_kad_post_title":"","_kad_post_layout":"","_kad_post_sidebar_id":"","_kad_post_content_style":"","_kad_post_vertical_padding":"","_kad_post_feature":"","_kad_post_feature_position":"","_kad_post_header":false,"_kad_post_footer":false,"_kad_post_classname":"","footnotes":""},"class_list":["post-5761","page","type-page","status-publish","hentry"],"acf":[],"yoast_head":"<!-- This site is optimized with the Yoast SEO plugin v27.4 - https:\/\/yoast.com\/product\/yoast-seo-wordpress\/ -->\n<title>Programa de gesti\u00f3n para empresas - Apen Inform\u00e1tica<\/title>\n<meta name=\"description\" content=\"En Apen Barcelona te ofrecemos un software de gesti\u00f3n para tu empresa, un sistema integral para poder controlar y supervisar todas las \u00e1reas de una forma\" \/>\n<meta name=\"robots\" content=\"index, follow, max-snippet:-1, max-image-preview:large, max-video-preview:-1\" \/>\n<link rel=\"canonical\" href=\"https:\/\/www.apen.es\/ca\/programari-de-gestio\/programa-de-gestio-per-a-empreses\/\" \/>\n<meta property=\"og:locale\" content=\"ca_ES\" \/>\n<meta property=\"og:type\" content=\"article\" \/>\n<meta property=\"og:title\" content=\"Programa de gesti\u00f3n para empresas - Apen Inform\u00e1tica\" \/>\n<meta property=\"og:description\" content=\"En Apen Barcelona te ofrecemos un software de gesti\u00f3n para tu empresa, un sistema integral para poder controlar y supervisar todas las \u00e1reas de una forma\" \/>\n<meta property=\"og:url\" content=\"https:\/\/www.apen.es\/ca\/programari-de-gestio\/programa-de-gestio-per-a-empreses\/\" \/>\n<meta property=\"og:site_name\" content=\"Apen Inform\u00e1tica\" \/>\n<meta property=\"article:publisher\" content=\"https:\/\/www.facebook.com\/apensolucions\" \/>\n<meta property=\"article:modified_time\" content=\"2025-06-27T08:00:07+00:00\" \/>\n<meta property=\"og:image\" content=\"https:\/\/www.apen.es\/wp-content\/uploads\/2016\/05\/logo-apen-231x82-trasparent.png\" \/>\n\t<meta property=\"og:image:width\" content=\"231\" \/>\n\t<meta property=\"og:image:height\" content=\"82\" \/>\n\t<meta property=\"og:image:type\" content=\"image\/png\" \/>\n<meta name=\"twitter:card\" content=\"summary_large_image\" \/>\n<meta name=\"twitter:label1\" content=\"Temps estimat de lectura\" \/>\n\t<meta name=\"twitter:data1\" content=\"2 minuts\" \/>\n<script type=\"application\/ld+json\" class=\"yoast-schema-graph\">{\"@context\":\"https:\\\/\\\/schema.org\",\"@graph\":[{\"@type\":\"WebPage\",\"@id\":\"https:\\\/\\\/www.apen.es\\\/software-de-gestion\\\/programa-de-gestion-para-empresas\\\/\",\"url\":\"https:\\\/\\\/www.apen.es\\\/software-de-gestion\\\/programa-de-gestion-para-empresas\\\/\",\"name\":\"Programa de gesti\u00f3n para empresas - Apen Inform\u00e1tica\",\"isPartOf\":{\"@id\":\"https:\\\/\\\/www.apen.es\\\/#website\"},\"datePublished\":\"2016-12-12T20:16:53+00:00\",\"dateModified\":\"2025-06-27T08:00:07+00:00\",\"description\":\"En Apen Barcelona te ofrecemos un software de gesti\u00f3n para tu empresa, un sistema integral para poder controlar y supervisar todas las \u00e1reas de una forma\",\"breadcrumb\":{\"@id\":\"https:\\\/\\\/www.apen.es\\\/software-de-gestion\\\/programa-de-gestion-para-empresas\\\/#breadcrumb\"},\"inLanguage\":\"ca\",\"potentialAction\":[{\"@type\":\"ReadAction\",\"target\":[\"https:\\\/\\\/www.apen.es\\\/software-de-gestion\\\/programa-de-gestion-para-empresas\\\/\"]}]},{\"@type\":\"BreadcrumbList\",\"@id\":\"https:\\\/\\\/www.apen.es\\\/software-de-gestion\\\/programa-de-gestion-para-empresas\\\/#breadcrumb\",\"itemListElement\":[{\"@type\":\"ListItem\",\"position\":1,\"name\":\"Portada\",\"item\":\"https:\\\/\\\/www.apen.es\\\/\"},{\"@type\":\"ListItem\",\"position\":2,\"name\":\"Software de gesti\u00f3n a3ERP\",\"item\":\"https:\\\/\\\/www.apen.es\\\/software-de-gestion\\\/\"},{\"@type\":\"ListItem\",\"position\":3,\"name\":\"Programa de gesti\u00f3n para empresas\"}]},{\"@type\":\"WebSite\",\"@id\":\"https:\\\/\\\/www.apen.es\\\/#website\",\"url\":\"https:\\\/\\\/www.apen.es\\\/\",\"name\":\"Apen Inform\u00e1tica\",\"description\":\"Mantenimiento Inform\u00e1tico , Software de Gesti\u00f3n, Soluciones de impresi\u00f3n\",\"publisher\":{\"@id\":\"https:\\\/\\\/www.apen.es\\\/#organization\"},\"potentialAction\":[{\"@type\":\"SearchAction\",\"target\":{\"@type\":\"EntryPoint\",\"urlTemplate\":\"https:\\\/\\\/www.apen.es\\\/?s={search_term_string}\"},\"query-input\":{\"@type\":\"PropertyValueSpecification\",\"valueRequired\":true,\"valueName\":\"search_term_string\"}}],\"inLanguage\":\"ca\"},{\"@type\":\"Organization\",\"@id\":\"https:\\\/\\\/www.apen.es\\\/#organization\",\"name\":\"Apen: Soluciones inform\u00e1ticas\",\"url\":\"https:\\\/\\\/www.apen.es\\\/\",\"logo\":{\"@type\":\"ImageObject\",\"inLanguage\":\"ca\",\"@id\":\"https:\\\/\\\/www.apen.es\\\/#\\\/schema\\\/logo\\\/image\\\/\",\"url\":\"https:\\\/\\\/www.apen.es\\\/wp-content\\\/uploads\\\/2022\\\/08\\\/logo-apenok-231x82-1.png\",\"contentUrl\":\"https:\\\/\\\/www.apen.es\\\/wp-content\\\/uploads\\\/2022\\\/08\\\/logo-apenok-231x82-1.png\",\"width\":231,\"height\":82,\"caption\":\"Apen: Soluciones inform\u00e1ticas\"},\"image\":{\"@id\":\"https:\\\/\\\/www.apen.es\\\/#\\\/schema\\\/logo\\\/image\\\/\"},\"sameAs\":[\"https:\\\/\\\/www.facebook.com\\\/apensolucions\",\"https:\\\/\\\/www.youtube.com\\\/user\\\/ApenCentreInformatic\",\"https:\\\/\\\/www.linkedin.com\\\/company\\\/1021771?trk=tyah&trkInfo=clickedVerticalcompanyclickedEntityId1021771idx2-1-2tarId1464195271196tasapenin\"]}]}<\/script>\n<!-- \/ Yoast SEO plugin. -->","yoast_head_json":{"title":"Programa de gesti\u00f3 per a empreses - Apen Inform\u00e0tica","description":"A Apen Barcelona t&#039;oferim un programari de gesti\u00f3 per a la teva empresa, un sistema integral per poder controlar i supervisar totes les \u00e0rees d&#039;una manera","robots":{"index":"index","follow":"follow","max-snippet":"max-snippet:-1","max-image-preview":"max-image-preview:large","max-video-preview":"max-video-preview:-1"},"canonical":"https:\/\/www.apen.es\/ca\/programari-de-gestio\/programa-de-gestio-per-a-empreses\/","og_locale":"ca_ES","og_type":"article","og_title":"Programa de gesti\u00f3n para empresas - Apen Inform\u00e1tica","og_description":"En Apen Barcelona te ofrecemos un software de gesti\u00f3n para tu empresa, un sistema integral para poder controlar y supervisar todas las \u00e1reas de una forma","og_url":"https:\/\/www.apen.es\/ca\/programari-de-gestio\/programa-de-gestio-per-a-empreses\/","og_site_name":"Apen Inform\u00e1tica","article_publisher":"https:\/\/www.facebook.com\/apensolucions","article_modified_time":"2025-06-27T08:00:07+00:00","og_image":[{"width":231,"height":82,"url":"https:\/\/www.apen.es\/wp-content\/uploads\/2016\/05\/logo-apen-231x82-trasparent.png","type":"image\/png"}],"twitter_card":"summary_large_image","twitter_misc":{"Temps estimat de lectura":"2 minuts"},"schema":{"@context":"https:\/\/schema.org","@graph":[{"@type":"WebPage","@id":"https:\/\/www.apen.es\/software-de-gestion\/programa-de-gestion-para-empresas\/","url":"https:\/\/www.apen.es\/software-de-gestion\/programa-de-gestion-para-empresas\/","name":"Programa de gesti\u00f3 per a empreses - Apen Inform\u00e0tica","isPartOf":{"@id":"https:\/\/www.apen.es\/#website"},"datePublished":"2016-12-12T20:16:53+00:00","dateModified":"2025-06-27T08:00:07+00:00","description":"A Apen Barcelona t&#039;oferim un programari de gesti\u00f3 per a la teva empresa, un sistema integral per poder controlar i supervisar totes les \u00e0rees d&#039;una manera","breadcrumb":{"@id":"https:\/\/www.apen.es\/software-de-gestion\/programa-de-gestion-para-empresas\/#breadcrumb"},"inLanguage":"ca","potentialAction":[{"@type":"ReadAction","target":["https:\/\/www.apen.es\/software-de-gestion\/programa-de-gestion-para-empresas\/"]}]},{"@type":"BreadcrumbList","@id":"https:\/\/www.apen.es\/software-de-gestion\/programa-de-gestion-para-empresas\/#breadcrumb","itemListElement":[{"@type":"ListItem","position":1,"name":"Portada","item":"https:\/\/www.apen.es\/"},{"@type":"ListItem","position":2,"name":"Software de gesti\u00f3n a3ERP","item":"https:\/\/www.apen.es\/software-de-gestion\/"},{"@type":"ListItem","position":3,"name":"Programa de gesti\u00f3n para empresas"}]},{"@type":"WebSite","@id":"https:\/\/www.apen.es\/#website","url":"https:\/\/www.apen.es\/","name":"Apen Inform\u00e0tica","description":"Manteniment inform\u00e0tic , programari de gesti\u00f3, solucions d&#039;impressi\u00f3","publisher":{"@id":"https:\/\/www.apen.es\/#organization"},"potentialAction":[{"@type":"SearchAction","target":{"@type":"EntryPoint","urlTemplate":"https:\/\/www.apen.es\/?s={search_term_string}"},"query-input":{"@type":"PropertyValueSpecification","valueRequired":true,"valueName":"search_term_string"}}],"inLanguage":"ca"},{"@type":"Organization","@id":"https:\/\/www.apen.es\/#organization","name":"Apen: Solucions inform\u00e0tiques","url":"https:\/\/www.apen.es\/","logo":{"@type":"ImageObject","inLanguage":"ca","@id":"https:\/\/www.apen.es\/#\/schema\/logo\/image\/","url":"https:\/\/www.apen.es\/wp-content\/uploads\/2022\/08\/logo-apenok-231x82-1.png","contentUrl":"https:\/\/www.apen.es\/wp-content\/uploads\/2022\/08\/logo-apenok-231x82-1.png","width":231,"height":82,"caption":"Apen: Soluciones inform\u00e1ticas"},"image":{"@id":"https:\/\/www.apen.es\/#\/schema\/logo\/image\/"},"sameAs":["https:\/\/www.facebook.com\/apensolucions","https:\/\/www.youtube.com\/user\/ApenCentreInformatic","https:\/\/www.linkedin.com\/company\/1021771?trk=tyah&trkInfo=clickedVerticalcompanyclickedEntityId1021771idx2-1-2tarId1464195271196tasapenin"]}]}},"taxonomy_info":[],"featured_image_src_large":false,"author_info":{"display_name":"marqueting","author_link":"https:\/\/www.apen.es\/ca\/blog\/author\/marqueting\/"},"comment_info":0,"_links":{"self":[{"href":"https:\/\/www.apen.es\/ca\/wp-json\/wp\/v2\/pages\/5761","targetHints":{"allow":["GET"]}}],"collection":[{"href":"https:\/\/www.apen.es\/ca\/wp-json\/wp\/v2\/pages"}],"about":[{"href":"https:\/\/www.apen.es\/ca\/wp-json\/wp\/v2\/types\/page"}],"author":[{"embeddable":true,"href":"https:\/\/www.apen.es\/ca\/wp-json\/wp\/v2\/users\/4"}],"replies":[{"embeddable":true,"href":"https:\/\/www.apen.es\/ca\/wp-json\/wp\/v2\/comments?post=5761"}],"version-history":[{"count":1,"href":"https:\/\/www.apen.es\/ca\/wp-json\/wp\/v2\/pages\/5761\/revisions"}],"predecessor-version":[{"id":55678,"href":"https:\/\/www.apen.es\/ca\/wp-json\/wp\/v2\/pages\/5761\/revisions\/55678"}],"up":[{"embeddable":true,"href":"https:\/\/www.apen.es\/ca\/wp-json\/wp\/v2\/pages\/1181"}],"wp:attachment":[{"href":"https:\/\/www.apen.es\/ca\/wp-json\/wp\/v2\/media?parent=5761"}],"curies":[{"name":"wp","href":"https:\/\/api.w.org\/{rel}","templated":true}]}}