{"id":5757,"date":"2016-12-12T20:08:27","date_gmt":"2016-12-12T20:08:27","guid":{"rendered":"https:\/\/www.apen.es\/?page_id=5757"},"modified":"2025-06-27T08:05:20","modified_gmt":"2025-06-27T08:05:20","slug":"software-gestion-barcelona","status":"publish","type":"page","link":"https:\/\/www.apen.es\/ca\/programari-de-gestio\/software-gestion-barcelona\/","title":{"rendered":"Programari gesti\u00f3 Barcelona"},"content":{"rendered":"<p><strong>Apen Barcelona<\/strong> t&#039;ajuda a <strong>gestionar <\/strong>totes les \u00e0rees de la teva empresa amb un <strong>programari de gesti\u00f3<\/strong>. Es diu <strong>A3ERP<\/strong> i s&#039;encarrega d&#039;unificar la informaci\u00f3 de tots els departaments de la teva empresa per poder supervisar tota la informaci\u00f3 d&#039;una sola ullada. El <strong>programari de gesti\u00f3 d&#039;Apen Barcelona<\/strong> t&#039;ofereix un servei integral, que reuneix tots els m\u00f2duls necessaris per a la <strong>gesti\u00f3<\/strong> de la teva empresa, de manera senzilla i visual.<\/p>\n\n\n\n<h3 class=\"wp-block-heading\"><strong>Solucions de gesti\u00f3 empresarial<\/strong><\/h3>\n\n\n\n<p>Gr\u00e0cies al <strong>programari de gesti\u00f3<\/strong> de <strong>Apen Barcelona<\/strong> podr\u00e0s fer un seguiment pressupostari constant, automatitzar les <strong>gestions<\/strong> administratives, tenir tots els moviments financers de la teva empresa i estar al corrent de la facturaci\u00f3. El <strong>programari de gesti\u00f3<\/strong> de <strong>Apen Barcelona<\/strong> us permet convertir els pressupostos en factures, emetre c\u00e0rrecs a nous clients, reclamar pagaments pendents de forma peri\u00f2dica i con\u00e8ixer, en tot moment, l&#039;estat dels vostres comptes.<\/p>\n\n\n\n<p>A <strong>Apen Barcelona<\/strong>, especialistes en manteniment i serveis inform\u00e0tics, oferim un <strong>programa de gesti\u00f3<\/strong> que es presenta com la <strong>soluci\u00f3 integral<\/strong> per a totes les empreses, que vulguin optimitzar totes les \u00e0rees i aconseguir una integraci\u00f3 plena, que garanteixi els beneficis d&#039;un <strong>sistema m\u00e9s productiu i competitiu<\/strong>. El <strong>programari de gesti\u00f3 d&#039;Apen Barcelona <\/strong>representa una resposta completa, dissenyada espec\u00edficament per adaptar-se a les necessitats de cada negoci.<\/p>\n\n\n\n<p>Controlar a temps real els moviments dels diners que entren i surten de l&#039;empresa, les gestions relacionades amb els bancs, la visi\u00f3 del mitj\u00e0 i llarg termini dels recursos financers afavoreix una millor presa de decisions. Tot aix\u00f2 \u00e9s possible gr\u00e0cies al <strong>programari de gesti\u00f3<\/strong> de <strong>Apen Barcelona<\/strong>. <strong>Apen Barcelona<\/strong> t&#039;ofereix un <strong>programa de gesti\u00f3<\/strong> integral amb qu\u00e8 podr\u00e0s <strong>gestionar<\/strong> la teva empresa, de manera r\u00e0pida i senzilla.<\/p>\n\n\n\n<p>El <strong>programari de gesti\u00f3<\/strong> de <strong>Apen Barcelona<\/strong> es presenta com <strong>sistema de planificaci\u00f3<\/strong> de recursos empresarial d&#039;informaci\u00f3 que integri i automatitzi la gesti\u00f3 dels processos operatius del nostre negoci, \u00e9s una de les activitats principals que ocupen el futur de la nostra empresa.<\/p>\n\n\n\n<p>Gaudir del <strong>programari de gesti\u00f3 d&#039;Apen Barcelona<\/strong> \u00e9s la manera correcta i efectiva d&#039;integrar i automatitzar la gesti\u00f3 dels processos operatius del vostre negoci, amb la qualitat i les garanties que mereixeu. Gr\u00e0cies a aquest <strong>m\u00e8tode de gesti\u00f3 integral d&#039;Apen Barcelona<\/strong>, el funcionament de totes les \u00e0rees de lempresa i la productivitat dels teus empleats, millorar\u00e0 inevitablement.<\/p>\n\n\n\n<p>El <strong>programari de gesti\u00f3 d&#039;Apen Barcelona<\/strong> t&#039;ofereix una <strong>visi\u00f3 de 360 graus de la teva empresa<\/strong>, podent gestionar totes les \u00e0rees des d&#039;aquest programa i tenint una visi\u00f3 global de l&#039;estat actual de cada departament.<\/p>","protected":false},"excerpt":{"rendered":"<p>Apen Barcelona te ayuda a gestionar todas las \u00e1reas de tu empresa con un software de gesti\u00f3n. Se llama A3ERP y se encarga de unificar la informaci\u00f3n de todos los departamentos de tu empresa para poder supervisar toda la informaci\u00f3n de un solo vistazo. El software de gesti\u00f3n de Apen Barcelona te ofrece un servicio&#8230;<\/p>","protected":false},"author":4,"featured_media":0,"parent":1181,"menu_order":0,"comment_status":"closed","ping_status":"closed","template":"page-landing-software.php","meta":{"_acf_changed":false,"_kad_blocks_custom_css":"","_kad_blocks_head_custom_js":"","_kad_blocks_body_custom_js":"","_kad_blocks_footer_custom_js":"","_kad_post_transparent":"","_kad_post_title":"","_kad_post_layout":"","_kad_post_sidebar_id":"","_kad_post_content_style":"","_kad_post_vertical_padding":"","_kad_post_feature":"","_kad_post_feature_position":"","_kad_post_header":false,"_kad_post_footer":false,"_kad_post_classname":"","footnotes":""},"class_list":["post-5757","page","type-page","status-publish","hentry"],"acf":[],"yoast_head":"<!-- This site is optimized with the Yoast SEO plugin v27.4 - https:\/\/yoast.com\/product\/yoast-seo-wordpress\/ -->\n<title>Software gesti\u00f3n Barcelona - Apen Inform\u00e1tica<\/title>\n<meta name=\"description\" content=\"Apen Barcelona te ayuda a gestionar todas las \u00e1reas de tu empresa con un software de gesti\u00f3n. Se llama A3ERP y se encarga de unificar la informaci\u00f3n de\" \/>\n<meta name=\"robots\" content=\"index, follow, max-snippet:-1, max-image-preview:large, max-video-preview:-1\" \/>\n<link rel=\"canonical\" href=\"https:\/\/www.apen.es\/ca\/programari-de-gestio\/software-gestion-barcelona\/\" \/>\n<meta property=\"og:locale\" content=\"ca_ES\" \/>\n<meta property=\"og:type\" content=\"article\" \/>\n<meta property=\"og:title\" content=\"Software gesti\u00f3n Barcelona - Apen Inform\u00e1tica\" \/>\n<meta property=\"og:description\" content=\"Apen Barcelona te ayuda a gestionar todas las \u00e1reas de tu empresa con un software de gesti\u00f3n. Se llama A3ERP y se encarga de unificar la informaci\u00f3n de\" \/>\n<meta property=\"og:url\" content=\"https:\/\/www.apen.es\/ca\/programari-de-gestio\/software-gestion-barcelona\/\" \/>\n<meta property=\"og:site_name\" content=\"Apen Inform\u00e1tica\" \/>\n<meta property=\"article:publisher\" content=\"https:\/\/www.facebook.com\/apensolucions\" \/>\n<meta property=\"article:modified_time\" content=\"2025-06-27T08:05:20+00:00\" \/>\n<meta property=\"og:image\" content=\"https:\/\/www.apen.es\/wp-content\/uploads\/2016\/05\/logo-apen-231x82-trasparent.png\" \/>\n\t<meta property=\"og:image:width\" content=\"231\" \/>\n\t<meta property=\"og:image:height\" content=\"82\" \/>\n\t<meta property=\"og:image:type\" content=\"image\/png\" \/>\n<meta name=\"twitter:card\" content=\"summary_large_image\" \/>\n<meta name=\"twitter:label1\" content=\"Temps estimat de lectura\" \/>\n\t<meta name=\"twitter:data1\" content=\"2 minuts\" \/>\n<script type=\"application\/ld+json\" class=\"yoast-schema-graph\">{\"@context\":\"https:\\\/\\\/schema.org\",\"@graph\":[{\"@type\":\"WebPage\",\"@id\":\"https:\\\/\\\/www.apen.es\\\/software-de-gestion\\\/software-gestion-barcelona\\\/\",\"url\":\"https:\\\/\\\/www.apen.es\\\/software-de-gestion\\\/software-gestion-barcelona\\\/\",\"name\":\"Software gesti\u00f3n Barcelona - Apen Inform\u00e1tica\",\"isPartOf\":{\"@id\":\"https:\\\/\\\/www.apen.es\\\/#website\"},\"datePublished\":\"2016-12-12T20:08:27+00:00\",\"dateModified\":\"2025-06-27T08:05:20+00:00\",\"description\":\"Apen Barcelona te ayuda a gestionar todas las \u00e1reas de tu empresa con un software de gesti\u00f3n. Se llama A3ERP y se encarga de unificar la informaci\u00f3n de\",\"breadcrumb\":{\"@id\":\"https:\\\/\\\/www.apen.es\\\/software-de-gestion\\\/software-gestion-barcelona\\\/#breadcrumb\"},\"inLanguage\":\"ca\",\"potentialAction\":[{\"@type\":\"ReadAction\",\"target\":[\"https:\\\/\\\/www.apen.es\\\/software-de-gestion\\\/software-gestion-barcelona\\\/\"]}]},{\"@type\":\"BreadcrumbList\",\"@id\":\"https:\\\/\\\/www.apen.es\\\/software-de-gestion\\\/software-gestion-barcelona\\\/#breadcrumb\",\"itemListElement\":[{\"@type\":\"ListItem\",\"position\":1,\"name\":\"Portada\",\"item\":\"https:\\\/\\\/www.apen.es\\\/\"},{\"@type\":\"ListItem\",\"position\":2,\"name\":\"Software de gesti\u00f3n a3ERP\",\"item\":\"https:\\\/\\\/www.apen.es\\\/software-de-gestion\\\/\"},{\"@type\":\"ListItem\",\"position\":3,\"name\":\"Software gesti\u00f3n Barcelona\"}]},{\"@type\":\"WebSite\",\"@id\":\"https:\\\/\\\/www.apen.es\\\/#website\",\"url\":\"https:\\\/\\\/www.apen.es\\\/\",\"name\":\"Apen Inform\u00e1tica\",\"description\":\"Mantenimiento Inform\u00e1tico , Software de Gesti\u00f3n, Soluciones de impresi\u00f3n\",\"publisher\":{\"@id\":\"https:\\\/\\\/www.apen.es\\\/#organization\"},\"potentialAction\":[{\"@type\":\"SearchAction\",\"target\":{\"@type\":\"EntryPoint\",\"urlTemplate\":\"https:\\\/\\\/www.apen.es\\\/?s={search_term_string}\"},\"query-input\":{\"@type\":\"PropertyValueSpecification\",\"valueRequired\":true,\"valueName\":\"search_term_string\"}}],\"inLanguage\":\"ca\"},{\"@type\":\"Organization\",\"@id\":\"https:\\\/\\\/www.apen.es\\\/#organization\",\"name\":\"Apen: Soluciones inform\u00e1ticas\",\"url\":\"https:\\\/\\\/www.apen.es\\\/\",\"logo\":{\"@type\":\"ImageObject\",\"inLanguage\":\"ca\",\"@id\":\"https:\\\/\\\/www.apen.es\\\/#\\\/schema\\\/logo\\\/image\\\/\",\"url\":\"https:\\\/\\\/www.apen.es\\\/wp-content\\\/uploads\\\/2022\\\/08\\\/logo-apenok-231x82-1.png\",\"contentUrl\":\"https:\\\/\\\/www.apen.es\\\/wp-content\\\/uploads\\\/2022\\\/08\\\/logo-apenok-231x82-1.png\",\"width\":231,\"height\":82,\"caption\":\"Apen: Soluciones inform\u00e1ticas\"},\"image\":{\"@id\":\"https:\\\/\\\/www.apen.es\\\/#\\\/schema\\\/logo\\\/image\\\/\"},\"sameAs\":[\"https:\\\/\\\/www.facebook.com\\\/apensolucions\",\"https:\\\/\\\/www.youtube.com\\\/user\\\/ApenCentreInformatic\",\"https:\\\/\\\/www.linkedin.com\\\/company\\\/1021771?trk=tyah&trkInfo=clickedVerticalcompanyclickedEntityId1021771idx2-1-2tarId1464195271196tasapenin\"]}]}<\/script>\n<!-- \/ Yoast SEO plugin. -->","yoast_head_json":{"title":"Programari gesti\u00f3 Barcelona - Apen Inform\u00e0tica","description":"Apen Barcelona us ajuda a gestionar totes les \u00e0rees de la vostra empresa amb un programari de gesti\u00f3. S&#039;anomena A3ERP i s&#039;encarrega d&#039;unificar la informaci\u00f3 de","robots":{"index":"index","follow":"follow","max-snippet":"max-snippet:-1","max-image-preview":"max-image-preview:large","max-video-preview":"max-video-preview:-1"},"canonical":"https:\/\/www.apen.es\/ca\/programari-de-gestio\/software-gestion-barcelona\/","og_locale":"ca_ES","og_type":"article","og_title":"Software gesti\u00f3n Barcelona - Apen Inform\u00e1tica","og_description":"Apen Barcelona te ayuda a gestionar todas las \u00e1reas de tu empresa con un software de gesti\u00f3n. Se llama A3ERP y se encarga de unificar la informaci\u00f3n de","og_url":"https:\/\/www.apen.es\/ca\/programari-de-gestio\/software-gestion-barcelona\/","og_site_name":"Apen Inform\u00e1tica","article_publisher":"https:\/\/www.facebook.com\/apensolucions","article_modified_time":"2025-06-27T08:05:20+00:00","og_image":[{"width":231,"height":82,"url":"https:\/\/www.apen.es\/wp-content\/uploads\/2016\/05\/logo-apen-231x82-trasparent.png","type":"image\/png"}],"twitter_card":"summary_large_image","twitter_misc":{"Temps estimat de lectura":"2 minuts"},"schema":{"@context":"https:\/\/schema.org","@graph":[{"@type":"WebPage","@id":"https:\/\/www.apen.es\/software-de-gestion\/software-gestion-barcelona\/","url":"https:\/\/www.apen.es\/software-de-gestion\/software-gestion-barcelona\/","name":"Programari gesti\u00f3 Barcelona - Apen Inform\u00e0tica","isPartOf":{"@id":"https:\/\/www.apen.es\/#website"},"datePublished":"2016-12-12T20:08:27+00:00","dateModified":"2025-06-27T08:05:20+00:00","description":"Apen Barcelona us ajuda a gestionar totes les \u00e0rees de la vostra empresa amb un programari de gesti\u00f3. S&#039;anomena A3ERP i s&#039;encarrega d&#039;unificar la informaci\u00f3 de","breadcrumb":{"@id":"https:\/\/www.apen.es\/software-de-gestion\/software-gestion-barcelona\/#breadcrumb"},"inLanguage":"ca","potentialAction":[{"@type":"ReadAction","target":["https:\/\/www.apen.es\/software-de-gestion\/software-gestion-barcelona\/"]}]},{"@type":"BreadcrumbList","@id":"https:\/\/www.apen.es\/software-de-gestion\/software-gestion-barcelona\/#breadcrumb","itemListElement":[{"@type":"ListItem","position":1,"name":"Portada","item":"https:\/\/www.apen.es\/"},{"@type":"ListItem","position":2,"name":"Software de gesti\u00f3n a3ERP","item":"https:\/\/www.apen.es\/software-de-gestion\/"},{"@type":"ListItem","position":3,"name":"Software gesti\u00f3n Barcelona"}]},{"@type":"WebSite","@id":"https:\/\/www.apen.es\/#website","url":"https:\/\/www.apen.es\/","name":"Apen Inform\u00e0tica","description":"Manteniment inform\u00e0tic , programari de gesti\u00f3, solucions d&#039;impressi\u00f3","publisher":{"@id":"https:\/\/www.apen.es\/#organization"},"potentialAction":[{"@type":"SearchAction","target":{"@type":"EntryPoint","urlTemplate":"https:\/\/www.apen.es\/?s={search_term_string}"},"query-input":{"@type":"PropertyValueSpecification","valueRequired":true,"valueName":"search_term_string"}}],"inLanguage":"ca"},{"@type":"Organization","@id":"https:\/\/www.apen.es\/#organization","name":"Apen: Solucions inform\u00e0tiques","url":"https:\/\/www.apen.es\/","logo":{"@type":"ImageObject","inLanguage":"ca","@id":"https:\/\/www.apen.es\/#\/schema\/logo\/image\/","url":"https:\/\/www.apen.es\/wp-content\/uploads\/2022\/08\/logo-apenok-231x82-1.png","contentUrl":"https:\/\/www.apen.es\/wp-content\/uploads\/2022\/08\/logo-apenok-231x82-1.png","width":231,"height":82,"caption":"Apen: Soluciones inform\u00e1ticas"},"image":{"@id":"https:\/\/www.apen.es\/#\/schema\/logo\/image\/"},"sameAs":["https:\/\/www.facebook.com\/apensolucions","https:\/\/www.youtube.com\/user\/ApenCentreInformatic","https:\/\/www.linkedin.com\/company\/1021771?trk=tyah&trkInfo=clickedVerticalcompanyclickedEntityId1021771idx2-1-2tarId1464195271196tasapenin"]}]}},"taxonomy_info":[],"featured_image_src_large":false,"author_info":{"display_name":"marqueting","author_link":"https:\/\/www.apen.es\/ca\/blog\/author\/marqueting\/"},"comment_info":0,"_links":{"self":[{"href":"https:\/\/www.apen.es\/ca\/wp-json\/wp\/v2\/pages\/5757","targetHints":{"allow":["GET"]}}],"collection":[{"href":"https:\/\/www.apen.es\/ca\/wp-json\/wp\/v2\/pages"}],"about":[{"href":"https:\/\/www.apen.es\/ca\/wp-json\/wp\/v2\/types\/page"}],"author":[{"embeddable":true,"href":"https:\/\/www.apen.es\/ca\/wp-json\/wp\/v2\/users\/4"}],"replies":[{"embeddable":true,"href":"https:\/\/www.apen.es\/ca\/wp-json\/wp\/v2\/comments?post=5757"}],"version-history":[{"count":1,"href":"https:\/\/www.apen.es\/ca\/wp-json\/wp\/v2\/pages\/5757\/revisions"}],"predecessor-version":[{"id":55684,"href":"https:\/\/www.apen.es\/ca\/wp-json\/wp\/v2\/pages\/5757\/revisions\/55684"}],"up":[{"embeddable":true,"href":"https:\/\/www.apen.es\/ca\/wp-json\/wp\/v2\/pages\/1181"}],"wp:attachment":[{"href":"https:\/\/www.apen.es\/ca\/wp-json\/wp\/v2\/media?parent=5757"}],"curies":[{"name":"wp","href":"https:\/\/api.w.org\/{rel}","templated":true}]}}