{"id":5608,"date":"2016-11-07T11:47:52","date_gmt":"2016-11-07T11:47:52","guid":{"rendered":"https:\/\/www.apen.es\/?page_id=5608"},"modified":"2025-05-21T06:54:40","modified_gmt":"2025-05-21T06:54:40","slug":"programari-dadreca-empresarial-barcelona","status":"publish","type":"page","link":"https:\/\/www.apen.es\/ca\/software-de-gestion\/software-de-direccion-empresarial-barcelona\/","title":{"rendered":"Programari de direcci\u00f3 empresarial Barcelona"},"content":{"rendered":"<p>De totes les \u00e0rees que hi ha en una empresa n&#039;hi ha una que destaca per sobre de la resta i \u00e9s l&#039;\u00e0rea de direcci\u00f3, on s&#039;acaben prenent les decisions finals de l&#039;empresa.<\/p>\n\n\n\n<p>El&nbsp;<strong>programari de direcci\u00f3 empresarial<\/strong>&nbsp;aporta grans beneficis als directors de les PIMEs, que aconsegueixen portar un control eficient de tot el que passa a l&#039;empresa.<\/p>\n\n\n\n<p>A&nbsp;<strong>APEN<\/strong>&nbsp;treballem amb el programa de gesti\u00f3 integral per a empreses a3ERP, que suposa una major organitzaci\u00f3 a totes les \u00e0rees. Amb un&nbsp;<strong>programari de direcci\u00f3 empresarial<\/strong>&nbsp;podr\u00e0s convertir la teva empresa en un negoci intel\u00b7ligent, gr\u00e0cies a les galledes multidimensionals i informes per a l&#039;an\u00e0lisi de dades des de diferents vectors. El&nbsp;<strong>programari de direcci\u00f3<\/strong>&nbsp;us permet obtenir resultats a temps real i generar informes, gr\u00e0cies a l&#039;enlla\u00e7 din\u00e0mic que t\u00e9 amb el programa Excel. A m\u00e9s, l&#039;Analysis Services de Microsoft permet la Mineria de dades i genera processos anal\u00edtics per a la creaci\u00f3 de models predictius i identificaci\u00f3 de problemes cr\u00edtics, amb qu\u00e8 podr\u00e0s anticipar-te als problemes i saber quines decisions prendre davant de qualsevol situaci\u00f3. A m\u00e9s tamb\u00e9 pots fer estad\u00edstiques ABC.<\/p>\n\n\n\n<p>A&nbsp;<strong>APEN&nbsp;<\/strong>oferim el&nbsp;<strong>programari de direcci\u00f3 empresarial<\/strong>, per ajudar en la presa de decisions dels nostres clients i proposar una organitzaci\u00f3 m\u00e9s gran de totes les \u00e0rees de l&#039;empresa. Treballem amb el&nbsp;<strong>programari de gesti\u00f3 a3ERP<\/strong>, que gestiona les \u00e0rees de direcci\u00f3, comercial-compra-vendes, laboral, log\u00edstica i comptable-financera. Una soluci\u00f3 de planificaci\u00f3 integral que permetr\u00e0 gestionar i supervisar totes les \u00e0rees de la teva empresa.<\/p>\n\n\n\n<p>El&nbsp;<strong>programari de direcci\u00f3 empresarial<\/strong>&nbsp;funciona d&#039;una manera c\u00f2moda i intu\u00eftiva i us permetr\u00e0 tenir dades constants de la comptabilitat de la vostra empresa. El&nbsp;<strong>programari de direcci\u00f3 empresarial<\/strong>&nbsp;permet tenir un esquema visual i molt clar de l&#039;estat actual de la teva empresa, que et facilitar\u00e0 molt la feina i et far\u00e0 veure l&#039;estructura de la teva empresa de manera clara i organitzada. Aix\u00f2 es tradueix a guanyar temps, ser m\u00e9s productiu i prendre les decisions correctes.<\/p>\n\n\n\n<p>Gr\u00e0cies a aquesta comuni\u00f3 gestada pel&nbsp;<strong>programari de gesti\u00f3<\/strong>, amb la capacitat d&#039;adaptar-se a les necessitats espec\u00edfiques que cada empresa pugui requerir, sense importar l&#039;estructura o l&#039;activitat a qu\u00e8 es dediqui; gaudireu d&#039;una visi\u00f3 de 360\u00ba de la vostra organitzaci\u00f3 que us ajudar\u00e0, en tot moment, a portar el maneig de les diferents dimensions amb efici\u00e8ncia, de manera global que permeti aquesta millora en productivitat i l&#039;augment de la competitivitat que certifica la implementaci\u00f3 d&#039;un programari d&#039;aquestes caracter\u00edstiques.<\/p>\n\n\n\n<p>El&nbsp;<strong>programari de direcci\u00f3 empresarial<\/strong>&nbsp;simbolitza un alt nivell professional per a l&#039;empresa i ofereix una imatge poderosa i fiable a tots els seus possibles clients, mostrant un gran coneixement i funcionament de totes les \u00e0rees, sense perdre&#039;s cap detall.<\/p>\n\n\n\n<p>El&nbsp;<strong>programari de gesti\u00f3 empresarial<\/strong>&nbsp;t\u00e9 grans avantatges per a les empreses:<\/p>\n\n\n\n<p>Millora de latenci\u00f3 al client (el sistema centralitzat ens permet registrar totes les interaccions que tenim amb un client)<\/p>\n\n\n\n<p>Centralitza la informaci\u00f3 (<strong>programari de gesti\u00f3 integral<\/strong>)<\/p>\n\n\n\n<p>Genera efic\u00e0cia en la comunicaci\u00f3 interna de l&#039;empresa (tots els empleats participen en la creaci\u00f3 d&#039;aquesta informaci\u00f3 a l&#039;empresa)<\/p>\n\n\n\n<p>T\u00e9 una gran adaptabilitat (El programa de gesti\u00f3 es compon per diferents m\u00f2duls, que s\u00f3n personalitzables)<\/p>\n\n\n\n<p>Optimitzaci\u00f3 dels recursos (redu\u00efm costos i millorem productivitat)<\/p>","protected":false},"excerpt":{"rendered":"<p>De todas las \u00e1reas que existen en una empresa hay una que destaca por encima del resto y es el \u00e1rea de direcci\u00f3n, donde se acaban tomando las decisiones finales de la empresa. El&nbsp;software de direcci\u00f3n empresarial&nbsp;aporta grandes beneficios a los directores de las PYMEs, que consiguen llevar un control eficiente de todo lo que&#8230;<\/p>","protected":false},"author":4,"featured_media":0,"parent":1181,"menu_order":0,"comment_status":"closed","ping_status":"closed","template":"page-landing-software.php","meta":{"_acf_changed":false,"_kad_blocks_custom_css":"","_kad_blocks_head_custom_js":"","_kad_blocks_body_custom_js":"","_kad_blocks_footer_custom_js":"","_kad_post_transparent":"","_kad_post_title":"","_kad_post_layout":"","_kad_post_sidebar_id":"","_kad_post_content_style":"","_kad_post_vertical_padding":"","_kad_post_feature":"","_kad_post_feature_position":"","_kad_post_header":false,"_kad_post_footer":false,"_kad_post_classname":"","footnotes":""},"class_list":["post-5608","page","type-page","status-publish","hentry"],"acf":[],"yoast_head":"<!-- This site is optimized with the Yoast SEO plugin v27.4 - https:\/\/yoast.com\/product\/yoast-seo-wordpress\/ -->\n<title>Software de direcci\u00f3n empresarial Barcelona - Apen Inform\u00e1tica<\/title>\n<meta name=\"description\" content=\"En Apen ofrecemos un software de direcci\u00f3n empresarial en Barcelona. Con el software a3ERP, podr\u00e1s convertir tu empresa en un negocio inteligente.\" \/>\n<meta name=\"robots\" content=\"index, follow, max-snippet:-1, max-image-preview:large, max-video-preview:-1\" \/>\n<link rel=\"canonical\" href=\"https:\/\/www.apen.es\/ca\/programari-de-gestio\/programari-dadreca-empresarial-barcelona\/\" \/>\n<meta property=\"og:locale\" content=\"ca_ES\" \/>\n<meta property=\"og:type\" content=\"article\" \/>\n<meta property=\"og:title\" content=\"Software de direcci\u00f3n empresarial Barcelona - Apen Inform\u00e1tica\" \/>\n<meta property=\"og:description\" content=\"En Apen ofrecemos un software de direcci\u00f3n empresarial en Barcelona. Con el software a3ERP, podr\u00e1s convertir tu empresa en un negocio inteligente.\" \/>\n<meta property=\"og:url\" content=\"https:\/\/www.apen.es\/ca\/programari-de-gestio\/programari-dadreca-empresarial-barcelona\/\" \/>\n<meta property=\"og:site_name\" content=\"Apen Inform\u00e1tica\" \/>\n<meta property=\"article:publisher\" content=\"https:\/\/www.facebook.com\/apensolucions\" \/>\n<meta property=\"article:modified_time\" content=\"2025-05-21T06:54:40+00:00\" \/>\n<meta property=\"og:image\" content=\"https:\/\/www.apen.es\/wp-content\/uploads\/2016\/05\/logo-apen-231x82-trasparent.png\" \/>\n\t<meta property=\"og:image:width\" content=\"231\" \/>\n\t<meta property=\"og:image:height\" content=\"82\" \/>\n\t<meta property=\"og:image:type\" content=\"image\/png\" \/>\n<meta name=\"twitter:card\" content=\"summary_large_image\" \/>\n<meta name=\"twitter:label1\" content=\"Temps estimat de lectura\" \/>\n\t<meta name=\"twitter:data1\" content=\"3 minuts\" \/>\n<script type=\"application\/ld+json\" class=\"yoast-schema-graph\">{\"@context\":\"https:\\\/\\\/schema.org\",\"@graph\":[{\"@type\":\"WebPage\",\"@id\":\"https:\\\/\\\/www.apen.es\\\/software-de-gestion\\\/software-de-direccion-empresarial-barcelona\\\/\",\"url\":\"https:\\\/\\\/www.apen.es\\\/software-de-gestion\\\/software-de-direccion-empresarial-barcelona\\\/\",\"name\":\"Software de direcci\u00f3n empresarial Barcelona - Apen Inform\u00e1tica\",\"isPartOf\":{\"@id\":\"https:\\\/\\\/www.apen.es\\\/#website\"},\"datePublished\":\"2016-11-07T11:47:52+00:00\",\"dateModified\":\"2025-05-21T06:54:40+00:00\",\"description\":\"En Apen ofrecemos un software de direcci\u00f3n empresarial en Barcelona. Con el software a3ERP, podr\u00e1s convertir tu empresa en un negocio inteligente.\",\"breadcrumb\":{\"@id\":\"https:\\\/\\\/www.apen.es\\\/software-de-gestion\\\/software-de-direccion-empresarial-barcelona\\\/#breadcrumb\"},\"inLanguage\":\"ca\",\"potentialAction\":[{\"@type\":\"ReadAction\",\"target\":[\"https:\\\/\\\/www.apen.es\\\/software-de-gestion\\\/software-de-direccion-empresarial-barcelona\\\/\"]}]},{\"@type\":\"BreadcrumbList\",\"@id\":\"https:\\\/\\\/www.apen.es\\\/software-de-gestion\\\/software-de-direccion-empresarial-barcelona\\\/#breadcrumb\",\"itemListElement\":[{\"@type\":\"ListItem\",\"position\":1,\"name\":\"Portada\",\"item\":\"https:\\\/\\\/www.apen.es\\\/\"},{\"@type\":\"ListItem\",\"position\":2,\"name\":\"Software de gesti\u00f3n a3ERP\",\"item\":\"https:\\\/\\\/www.apen.es\\\/software-de-gestion\\\/\"},{\"@type\":\"ListItem\",\"position\":3,\"name\":\"Software de direcci\u00f3n empresarial Barcelona\"}]},{\"@type\":\"WebSite\",\"@id\":\"https:\\\/\\\/www.apen.es\\\/#website\",\"url\":\"https:\\\/\\\/www.apen.es\\\/\",\"name\":\"Apen Inform\u00e1tica\",\"description\":\"Mantenimiento Inform\u00e1tico , Software de Gesti\u00f3n, Soluciones de impresi\u00f3n\",\"publisher\":{\"@id\":\"https:\\\/\\\/www.apen.es\\\/#organization\"},\"potentialAction\":[{\"@type\":\"SearchAction\",\"target\":{\"@type\":\"EntryPoint\",\"urlTemplate\":\"https:\\\/\\\/www.apen.es\\\/?s={search_term_string}\"},\"query-input\":{\"@type\":\"PropertyValueSpecification\",\"valueRequired\":true,\"valueName\":\"search_term_string\"}}],\"inLanguage\":\"ca\"},{\"@type\":\"Organization\",\"@id\":\"https:\\\/\\\/www.apen.es\\\/#organization\",\"name\":\"Apen: Soluciones inform\u00e1ticas\",\"url\":\"https:\\\/\\\/www.apen.es\\\/\",\"logo\":{\"@type\":\"ImageObject\",\"inLanguage\":\"ca\",\"@id\":\"https:\\\/\\\/www.apen.es\\\/#\\\/schema\\\/logo\\\/image\\\/\",\"url\":\"https:\\\/\\\/www.apen.es\\\/wp-content\\\/uploads\\\/2022\\\/08\\\/logo-apenok-231x82-1.png\",\"contentUrl\":\"https:\\\/\\\/www.apen.es\\\/wp-content\\\/uploads\\\/2022\\\/08\\\/logo-apenok-231x82-1.png\",\"width\":231,\"height\":82,\"caption\":\"Apen: Soluciones inform\u00e1ticas\"},\"image\":{\"@id\":\"https:\\\/\\\/www.apen.es\\\/#\\\/schema\\\/logo\\\/image\\\/\"},\"sameAs\":[\"https:\\\/\\\/www.facebook.com\\\/apensolucions\",\"https:\\\/\\\/www.youtube.com\\\/user\\\/ApenCentreInformatic\",\"https:\\\/\\\/www.linkedin.com\\\/company\\\/1021771?trk=tyah&trkInfo=clickedVerticalcompanyclickedEntityId1021771idx2-1-2tarId1464195271196tasapenin\"]}]}<\/script>\n<!-- \/ Yoast SEO plugin. -->","yoast_head_json":{"title":"Programari de direcci\u00f3 empresarial Barcelona - Apen Inform\u00e0tica","description":"A Apen oferim un programari de direcci\u00f3 empresarial a Barcelona. Amb el programari a3ERP, podr\u00e0s convertir la teva empresa en un negoci intel\u00b7ligent.","robots":{"index":"index","follow":"follow","max-snippet":"max-snippet:-1","max-image-preview":"max-image-preview:large","max-video-preview":"max-video-preview:-1"},"canonical":"https:\/\/www.apen.es\/ca\/programari-de-gestio\/programari-dadreca-empresarial-barcelona\/","og_locale":"ca_ES","og_type":"article","og_title":"Software de direcci\u00f3n empresarial Barcelona - Apen Inform\u00e1tica","og_description":"En Apen ofrecemos un software de direcci\u00f3n empresarial en Barcelona. Con el software a3ERP, podr\u00e1s convertir tu empresa en un negocio inteligente.","og_url":"https:\/\/www.apen.es\/ca\/programari-de-gestio\/programari-dadreca-empresarial-barcelona\/","og_site_name":"Apen Inform\u00e1tica","article_publisher":"https:\/\/www.facebook.com\/apensolucions","article_modified_time":"2025-05-21T06:54:40+00:00","og_image":[{"width":231,"height":82,"url":"https:\/\/www.apen.es\/wp-content\/uploads\/2016\/05\/logo-apen-231x82-trasparent.png","type":"image\/png"}],"twitter_card":"summary_large_image","twitter_misc":{"Temps estimat de lectura":"3 minuts"},"schema":{"@context":"https:\/\/schema.org","@graph":[{"@type":"WebPage","@id":"https:\/\/www.apen.es\/software-de-gestion\/software-de-direccion-empresarial-barcelona\/","url":"https:\/\/www.apen.es\/software-de-gestion\/software-de-direccion-empresarial-barcelona\/","name":"Programari de direcci\u00f3 empresarial Barcelona - Apen Inform\u00e0tica","isPartOf":{"@id":"https:\/\/www.apen.es\/#website"},"datePublished":"2016-11-07T11:47:52+00:00","dateModified":"2025-05-21T06:54:40+00:00","description":"A Apen oferim un programari de direcci\u00f3 empresarial a Barcelona. Amb el programari a3ERP, podr\u00e0s convertir la teva empresa en un negoci intel\u00b7ligent.","breadcrumb":{"@id":"https:\/\/www.apen.es\/software-de-gestion\/software-de-direccion-empresarial-barcelona\/#breadcrumb"},"inLanguage":"ca","potentialAction":[{"@type":"ReadAction","target":["https:\/\/www.apen.es\/software-de-gestion\/software-de-direccion-empresarial-barcelona\/"]}]},{"@type":"BreadcrumbList","@id":"https:\/\/www.apen.es\/software-de-gestion\/software-de-direccion-empresarial-barcelona\/#breadcrumb","itemListElement":[{"@type":"ListItem","position":1,"name":"Portada","item":"https:\/\/www.apen.es\/"},{"@type":"ListItem","position":2,"name":"Software de gesti\u00f3n a3ERP","item":"https:\/\/www.apen.es\/software-de-gestion\/"},{"@type":"ListItem","position":3,"name":"Software de direcci\u00f3n empresarial Barcelona"}]},{"@type":"WebSite","@id":"https:\/\/www.apen.es\/#website","url":"https:\/\/www.apen.es\/","name":"Apen Inform\u00e0tica","description":"Manteniment inform\u00e0tic , programari de gesti\u00f3, solucions d&#039;impressi\u00f3","publisher":{"@id":"https:\/\/www.apen.es\/#organization"},"potentialAction":[{"@type":"SearchAction","target":{"@type":"EntryPoint","urlTemplate":"https:\/\/www.apen.es\/?s={search_term_string}"},"query-input":{"@type":"PropertyValueSpecification","valueRequired":true,"valueName":"search_term_string"}}],"inLanguage":"ca"},{"@type":"Organization","@id":"https:\/\/www.apen.es\/#organization","name":"Apen: Solucions inform\u00e0tiques","url":"https:\/\/www.apen.es\/","logo":{"@type":"ImageObject","inLanguage":"ca","@id":"https:\/\/www.apen.es\/#\/schema\/logo\/image\/","url":"https:\/\/www.apen.es\/wp-content\/uploads\/2022\/08\/logo-apenok-231x82-1.png","contentUrl":"https:\/\/www.apen.es\/wp-content\/uploads\/2022\/08\/logo-apenok-231x82-1.png","width":231,"height":82,"caption":"Apen: Soluciones inform\u00e1ticas"},"image":{"@id":"https:\/\/www.apen.es\/#\/schema\/logo\/image\/"},"sameAs":["https:\/\/www.facebook.com\/apensolucions","https:\/\/www.youtube.com\/user\/ApenCentreInformatic","https:\/\/www.linkedin.com\/company\/1021771?trk=tyah&trkInfo=clickedVerticalcompanyclickedEntityId1021771idx2-1-2tarId1464195271196tasapenin"]}]}},"taxonomy_info":[],"featured_image_src_large":false,"author_info":{"display_name":"marqueting","author_link":"https:\/\/www.apen.es\/ca\/blog\/author\/marqueting\/"},"comment_info":0,"_links":{"self":[{"href":"https:\/\/www.apen.es\/ca\/wp-json\/wp\/v2\/pages\/5608","targetHints":{"allow":["GET"]}}],"collection":[{"href":"https:\/\/www.apen.es\/ca\/wp-json\/wp\/v2\/pages"}],"about":[{"href":"https:\/\/www.apen.es\/ca\/wp-json\/wp\/v2\/types\/page"}],"author":[{"embeddable":true,"href":"https:\/\/www.apen.es\/ca\/wp-json\/wp\/v2\/users\/4"}],"replies":[{"embeddable":true,"href":"https:\/\/www.apen.es\/ca\/wp-json\/wp\/v2\/comments?post=5608"}],"version-history":[{"count":3,"href":"https:\/\/www.apen.es\/ca\/wp-json\/wp\/v2\/pages\/5608\/revisions"}],"predecessor-version":[{"id":54648,"href":"https:\/\/www.apen.es\/ca\/wp-json\/wp\/v2\/pages\/5608\/revisions\/54648"}],"up":[{"embeddable":true,"href":"https:\/\/www.apen.es\/ca\/wp-json\/wp\/v2\/pages\/1181"}],"wp:attachment":[{"href":"https:\/\/www.apen.es\/ca\/wp-json\/wp\/v2\/media?parent=5608"}],"curies":[{"name":"wp","href":"https:\/\/api.w.org\/{rel}","templated":true}]}}