{"id":5386,"date":"2016-10-11T15:29:21","date_gmt":"2016-10-11T15:29:21","guid":{"rendered":"https:\/\/www.apen.es\/?page_id=5386"},"modified":"2025-06-25T11:34:06","modified_gmt":"2025-06-25T11:34:06","slug":"les-impressores-de-baix-consum-barcelona","status":"publish","type":"page","link":"https:\/\/www.apen.es\/ca\/soluciones-de-impresion\/las-impresoras-de-bajo-consumo-barcelona\/","title":{"rendered":"Les impressores de baix consum"},"content":{"rendered":"<p>La tinta de les impressores \u00e9s un dels l\u00edquids m\u00e9s cars de tot el m\u00f3n. Moltes vegades s&#039;ha comprovat que \u00e9s m\u00e9s barat comprar una impressora nova, de canviar el cartutx de tinta de la mateixa. Per aix\u00f2 a&nbsp;<strong>Apen<\/strong>&nbsp;confiem en&nbsp;<strong>les impressores de baix consum<\/strong>&nbsp;i no dubtem de la seva qualitat, ja que som una empresa mutimarca i treballem amb les millors marques del mercat, oferint-te la millor opci\u00f3 per a la teva empresa.<\/p>\n\n\n\n<p>La mida dels cartutxos de tinta d&#039;algunes marques d&#039;impressores s\u00f3n realment petits, un disseny que no contribueix en cap cas a la durabilitat de la tinta. A&nbsp;<strong>Apen<\/strong>&nbsp;apostem pel medi ambient i per la durabilitat dels productes, per aix\u00f2 treballem amb les millors marques del mercat, estudiant les seves fortaleses i debilitats i oferint als nostres clients&nbsp;<strong>impressores de baix consum<\/strong>, sempre amb la millor qualitat.<\/p>\n\n\n\n<p>L&#039;avantatge de comptar amb el nostre servei \u00e9s que el client obt\u00e9 millors preus en el canvi de cartutx de tinta, que si decid\u00eds comprar-lo particularment a la marca. A&nbsp;<strong>Apen<\/strong>&nbsp;distribu\u00efm diferents marques i ens ocupem de tot el manteniment t\u00e8cnic, oferint una garantia total al client. Confiem en les&nbsp;<strong>impressores de baix consum<\/strong>&nbsp;i en un \u00fas&nbsp;<strong>sostenible de les impressores<\/strong>. Creiem que en una empresa no hi ha d&#039;haver una impressora a cada departament intern de l&#039;empresa, sin\u00f3 que resulta molt m\u00e9s funcional i ecol\u00f2gic utilitzar-ne una&nbsp;<strong>impressora de baix consum<\/strong>, per a cada departament. No hi ha necessitat de tenir en funcionament tantes impressores i, en conseq\u00fc\u00e8ncia, tanta despesa de paper i tinta.<\/p>\n\n\n\n<h3 class=\"wp-block-heading\"><strong>Reciclatge de cartutxos de tinta<\/strong><\/h3>\n\n\n\n<p><strong>A Apen reciclem els cartutxos de tinta, perqu\u00e8&nbsp;<\/strong>&nbsp;beneficia les empreses dels nostres clients, estalviant-los considerables sumes de diners anualment. S&#039;ha estimat que l&#039;estalvi que es pot assolir, per aquesta via, oscil\u00b7la entre el 30% i el 60% de la despesa que s&#039;efectua normalment. A&nbsp;<strong>Apen<\/strong>&nbsp;resulta primordial&nbsp;<strong>reciclar els cartutxos de tinta<\/strong>&nbsp;buits, per no exposar al medi ambient materials tan contaminants. Aquesta satisfacci\u00f3 \u00e9s el motor clau que ens ha perm\u00e8s continuar sent tot un centre de refer\u00e8ncia en oferir solucions d&#039;impressi\u00f3 i altres serveis de manteniment i gesti\u00f3 inform\u00e0tics. A&nbsp;<strong>Apen<\/strong>&nbsp;sabem que el&nbsp;<strong>reciclatge de cartutxos de tinta<\/strong>&nbsp;representa m\u00faltiples beneficis als usuaris, pel baix cost que representa.&nbsp;<strong>Apen aposta pel reciclatge de cartutxos de tinta i l&#039;\u00fas d&#039;impressores de baix consum<\/strong>, perqu\u00e8 som conscients de la necessitat de protegir el nostre ecosistema i fer-ne un \u00fas responsable de les impressions.<\/p>\n\n\n\n<h3 class=\"wp-block-heading\"><strong>Auditoria d&#039;empresa<\/strong><\/h3>\n\n\n\n<p><strong>Apen<\/strong>&nbsp;realitza una auditoria al sistema d&#039;impressi\u00f3 de les empreses, amb el qual poden revisar en profunditat els costos d&#039;impressi\u00f3 actuals de l&#039;empresa, juntament amb un&nbsp;<strong>estudi de les necessitats reals<\/strong>&nbsp;de la mateixa. D&#039;aquesta manera podeu obtenir una proposta optimitzada, aconseguint grans avantatges per al client. A m\u00e9s, despr\u00e9s d&#039;aquest estudi personalitzat, a&nbsp;<strong>Apen<\/strong>&nbsp;podem determinar si l&#039;empresa del client en necessita o no una&nbsp;<strong>impressora de baix consum<\/strong>, aix\u00ed com el tipus de servei que m\u00e9s es pugui ajust a les vostres necessitats i despeses reals.<\/p>\n\n\n\n<p>APEN treballa amb un&nbsp;<strong>programa monitoritzat<\/strong>&nbsp;des del qual controla que la impressora funcioni correctament i supervisa els nivells de tinta dels cartutxos, per canviar-los just en el moment que sigui necessari, ni abans ni despr\u00e9s.&nbsp;<strong>Les impressores de baix consum<\/strong>&nbsp;allarguen la vida dels cartutxos de tinta, adoptant una manera econ\u00f2mica i eficient per aprofitar l\u00fas de cada cartutx de tinta, al m\u00e0xim.<\/p>","protected":false},"excerpt":{"rendered":"<p>La tinta de las impresoras es uno de los l\u00edquidos m\u00e1s caros de todo el mundo. Muchas veces se ha comprobado que es m\u00e1s barato comprar una impresora nueva, que cambiar el cartucho de tinta de la misma. Por eso en&nbsp;Apen&nbsp;confiamos en&nbsp;las impresoras de bajo consumo&nbsp;y no dudamos de su calidad, ya que somos una&#8230;<\/p>","protected":false},"author":4,"featured_media":0,"parent":1158,"menu_order":0,"comment_status":"closed","ping_status":"closed","template":"page-landing-renting.php","meta":{"_acf_changed":false,"_kad_blocks_custom_css":"","_kad_blocks_head_custom_js":"","_kad_blocks_body_custom_js":"","_kad_blocks_footer_custom_js":"","_kad_post_transparent":"","_kad_post_title":"","_kad_post_layout":"","_kad_post_sidebar_id":"","_kad_post_content_style":"","_kad_post_vertical_padding":"","_kad_post_feature":"","_kad_post_feature_position":"","_kad_post_header":false,"_kad_post_footer":false,"_kad_post_classname":"","footnotes":""},"class_list":["post-5386","page","type-page","status-publish","hentry"],"acf":[],"yoast_head":"<!-- This site is optimized with the Yoast SEO plugin v27.4 - https:\/\/yoast.com\/product\/yoast-seo-wordpress\/ -->\n<title>Las impresoras de bajo consumo - Apen Inform\u00e1tica<\/title>\n<meta name=\"description\" content=\"El coste de los cartuchos de tinta es muy caro y por eso, en Apen confiamos en las impresoras de bajo consumo para poder ahorrar al m\u00e1ximo.\" \/>\n<meta name=\"robots\" content=\"index, follow, max-snippet:-1, max-image-preview:large, max-video-preview:-1\" \/>\n<link rel=\"canonical\" href=\"https:\/\/www.apen.es\/ca\/solucions-dimpressio\/les-impressores-de-baix-consum-barcelona\/\" \/>\n<meta property=\"og:locale\" content=\"ca_ES\" \/>\n<meta property=\"og:type\" content=\"article\" \/>\n<meta property=\"og:title\" content=\"Las impresoras de bajo consumo - Apen Inform\u00e1tica\" \/>\n<meta property=\"og:description\" content=\"El coste de los cartuchos de tinta es muy caro y por eso, en Apen confiamos en las impresoras de bajo consumo para poder ahorrar al m\u00e1ximo.\" \/>\n<meta property=\"og:url\" content=\"https:\/\/www.apen.es\/ca\/solucions-dimpressio\/les-impressores-de-baix-consum-barcelona\/\" \/>\n<meta property=\"og:site_name\" content=\"Apen Inform\u00e1tica\" \/>\n<meta property=\"article:publisher\" content=\"https:\/\/www.facebook.com\/apensolucions\" \/>\n<meta property=\"article:modified_time\" content=\"2025-06-25T11:34:06+00:00\" \/>\n<meta property=\"og:image\" content=\"https:\/\/www.apen.es\/wp-content\/uploads\/2016\/05\/logo-apen-231x82-trasparent.png\" \/>\n\t<meta property=\"og:image:width\" content=\"231\" \/>\n\t<meta property=\"og:image:height\" content=\"82\" \/>\n\t<meta property=\"og:image:type\" content=\"image\/png\" \/>\n<meta name=\"twitter:card\" content=\"summary_large_image\" \/>\n<meta name=\"twitter:label1\" content=\"Temps estimat de lectura\" \/>\n\t<meta name=\"twitter:data1\" content=\"4 minuts\" \/>\n<script type=\"application\/ld+json\" class=\"yoast-schema-graph\">{\"@context\":\"https:\\\/\\\/schema.org\",\"@graph\":[{\"@type\":\"WebPage\",\"@id\":\"https:\\\/\\\/www.apen.es\\\/soluciones-de-impresion\\\/las-impresoras-de-bajo-consumo-barcelona\\\/\",\"url\":\"https:\\\/\\\/www.apen.es\\\/soluciones-de-impresion\\\/las-impresoras-de-bajo-consumo-barcelona\\\/\",\"name\":\"Las impresoras de bajo consumo - Apen Inform\u00e1tica\",\"isPartOf\":{\"@id\":\"https:\\\/\\\/www.apen.es\\\/#website\"},\"datePublished\":\"2016-10-11T15:29:21+00:00\",\"dateModified\":\"2025-06-25T11:34:06+00:00\",\"description\":\"El coste de los cartuchos de tinta es muy caro y por eso, en Apen confiamos en las impresoras de bajo consumo para poder ahorrar al m\u00e1ximo.\",\"breadcrumb\":{\"@id\":\"https:\\\/\\\/www.apen.es\\\/soluciones-de-impresion\\\/las-impresoras-de-bajo-consumo-barcelona\\\/#breadcrumb\"},\"inLanguage\":\"ca\",\"potentialAction\":[{\"@type\":\"ReadAction\",\"target\":[\"https:\\\/\\\/www.apen.es\\\/soluciones-de-impresion\\\/las-impresoras-de-bajo-consumo-barcelona\\\/\"]}]},{\"@type\":\"BreadcrumbList\",\"@id\":\"https:\\\/\\\/www.apen.es\\\/soluciones-de-impresion\\\/las-impresoras-de-bajo-consumo-barcelona\\\/#breadcrumb\",\"itemListElement\":[{\"@type\":\"ListItem\",\"position\":1,\"name\":\"Portada\",\"item\":\"https:\\\/\\\/www.apen.es\\\/\"},{\"@type\":\"ListItem\",\"position\":2,\"name\":\"Soluciones de impresi\u00f3n\",\"item\":\"https:\\\/\\\/www.apen.es\\\/soluciones-de-impresion\\\/\"},{\"@type\":\"ListItem\",\"position\":3,\"name\":\"Las impresoras de bajo consumo\"}]},{\"@type\":\"WebSite\",\"@id\":\"https:\\\/\\\/www.apen.es\\\/#website\",\"url\":\"https:\\\/\\\/www.apen.es\\\/\",\"name\":\"Apen Inform\u00e1tica\",\"description\":\"Mantenimiento Inform\u00e1tico , Software de Gesti\u00f3n, Soluciones de impresi\u00f3n\",\"publisher\":{\"@id\":\"https:\\\/\\\/www.apen.es\\\/#organization\"},\"potentialAction\":[{\"@type\":\"SearchAction\",\"target\":{\"@type\":\"EntryPoint\",\"urlTemplate\":\"https:\\\/\\\/www.apen.es\\\/?s={search_term_string}\"},\"query-input\":{\"@type\":\"PropertyValueSpecification\",\"valueRequired\":true,\"valueName\":\"search_term_string\"}}],\"inLanguage\":\"ca\"},{\"@type\":\"Organization\",\"@id\":\"https:\\\/\\\/www.apen.es\\\/#organization\",\"name\":\"Apen: Soluciones inform\u00e1ticas\",\"url\":\"https:\\\/\\\/www.apen.es\\\/\",\"logo\":{\"@type\":\"ImageObject\",\"inLanguage\":\"ca\",\"@id\":\"https:\\\/\\\/www.apen.es\\\/#\\\/schema\\\/logo\\\/image\\\/\",\"url\":\"https:\\\/\\\/www.apen.es\\\/wp-content\\\/uploads\\\/2022\\\/08\\\/logo-apenok-231x82-1.png\",\"contentUrl\":\"https:\\\/\\\/www.apen.es\\\/wp-content\\\/uploads\\\/2022\\\/08\\\/logo-apenok-231x82-1.png\",\"width\":231,\"height\":82,\"caption\":\"Apen: Soluciones inform\u00e1ticas\"},\"image\":{\"@id\":\"https:\\\/\\\/www.apen.es\\\/#\\\/schema\\\/logo\\\/image\\\/\"},\"sameAs\":[\"https:\\\/\\\/www.facebook.com\\\/apensolucions\",\"https:\\\/\\\/www.youtube.com\\\/user\\\/ApenCentreInformatic\",\"https:\\\/\\\/www.linkedin.com\\\/company\\\/1021771?trk=tyah&trkInfo=clickedVerticalcompanyclickedEntityId1021771idx2-1-2tarId1464195271196tasapenin\"]}]}<\/script>\n<!-- \/ Yoast SEO plugin. -->","yoast_head_json":{"title":"Les impressores de baix consum - Apen Inform\u00e0tica","description":"El cost dels cartutxos de tinta \u00e9s molt car i per aix\u00f2, a Apen confiem en les impressores de baix consum per poder estalviar al m\u00e0xim.","robots":{"index":"index","follow":"follow","max-snippet":"max-snippet:-1","max-image-preview":"max-image-preview:large","max-video-preview":"max-video-preview:-1"},"canonical":"https:\/\/www.apen.es\/ca\/solucions-dimpressio\/les-impressores-de-baix-consum-barcelona\/","og_locale":"ca_ES","og_type":"article","og_title":"Las impresoras de bajo consumo - Apen Inform\u00e1tica","og_description":"El coste de los cartuchos de tinta es muy caro y por eso, en Apen confiamos en las impresoras de bajo consumo para poder ahorrar al m\u00e1ximo.","og_url":"https:\/\/www.apen.es\/ca\/solucions-dimpressio\/les-impressores-de-baix-consum-barcelona\/","og_site_name":"Apen Inform\u00e1tica","article_publisher":"https:\/\/www.facebook.com\/apensolucions","article_modified_time":"2025-06-25T11:34:06+00:00","og_image":[{"width":231,"height":82,"url":"https:\/\/www.apen.es\/wp-content\/uploads\/2016\/05\/logo-apen-231x82-trasparent.png","type":"image\/png"}],"twitter_card":"summary_large_image","twitter_misc":{"Temps estimat de lectura":"4 minuts"},"schema":{"@context":"https:\/\/schema.org","@graph":[{"@type":"WebPage","@id":"https:\/\/www.apen.es\/soluciones-de-impresion\/las-impresoras-de-bajo-consumo-barcelona\/","url":"https:\/\/www.apen.es\/soluciones-de-impresion\/las-impresoras-de-bajo-consumo-barcelona\/","name":"Les impressores de baix consum - Apen Inform\u00e0tica","isPartOf":{"@id":"https:\/\/www.apen.es\/#website"},"datePublished":"2016-10-11T15:29:21+00:00","dateModified":"2025-06-25T11:34:06+00:00","description":"El cost dels cartutxos de tinta \u00e9s molt car i per aix\u00f2, a Apen confiem en les impressores de baix consum per poder estalviar al m\u00e0xim.","breadcrumb":{"@id":"https:\/\/www.apen.es\/soluciones-de-impresion\/las-impresoras-de-bajo-consumo-barcelona\/#breadcrumb"},"inLanguage":"ca","potentialAction":[{"@type":"ReadAction","target":["https:\/\/www.apen.es\/soluciones-de-impresion\/las-impresoras-de-bajo-consumo-barcelona\/"]}]},{"@type":"BreadcrumbList","@id":"https:\/\/www.apen.es\/soluciones-de-impresion\/las-impresoras-de-bajo-consumo-barcelona\/#breadcrumb","itemListElement":[{"@type":"ListItem","position":1,"name":"Portada","item":"https:\/\/www.apen.es\/"},{"@type":"ListItem","position":2,"name":"Soluciones de impresi\u00f3n","item":"https:\/\/www.apen.es\/soluciones-de-impresion\/"},{"@type":"ListItem","position":3,"name":"Las impresoras de bajo consumo"}]},{"@type":"WebSite","@id":"https:\/\/www.apen.es\/#website","url":"https:\/\/www.apen.es\/","name":"Apen Inform\u00e0tica","description":"Manteniment inform\u00e0tic , programari de gesti\u00f3, solucions d&#039;impressi\u00f3","publisher":{"@id":"https:\/\/www.apen.es\/#organization"},"potentialAction":[{"@type":"SearchAction","target":{"@type":"EntryPoint","urlTemplate":"https:\/\/www.apen.es\/?s={search_term_string}"},"query-input":{"@type":"PropertyValueSpecification","valueRequired":true,"valueName":"search_term_string"}}],"inLanguage":"ca"},{"@type":"Organization","@id":"https:\/\/www.apen.es\/#organization","name":"Apen: Solucions inform\u00e0tiques","url":"https:\/\/www.apen.es\/","logo":{"@type":"ImageObject","inLanguage":"ca","@id":"https:\/\/www.apen.es\/#\/schema\/logo\/image\/","url":"https:\/\/www.apen.es\/wp-content\/uploads\/2022\/08\/logo-apenok-231x82-1.png","contentUrl":"https:\/\/www.apen.es\/wp-content\/uploads\/2022\/08\/logo-apenok-231x82-1.png","width":231,"height":82,"caption":"Apen: Soluciones inform\u00e1ticas"},"image":{"@id":"https:\/\/www.apen.es\/#\/schema\/logo\/image\/"},"sameAs":["https:\/\/www.facebook.com\/apensolucions","https:\/\/www.youtube.com\/user\/ApenCentreInformatic","https:\/\/www.linkedin.com\/company\/1021771?trk=tyah&trkInfo=clickedVerticalcompanyclickedEntityId1021771idx2-1-2tarId1464195271196tasapenin"]}]}},"taxonomy_info":[],"featured_image_src_large":false,"author_info":{"display_name":"marqueting","author_link":"https:\/\/www.apen.es\/ca\/blog\/author\/marqueting\/"},"comment_info":0,"_links":{"self":[{"href":"https:\/\/www.apen.es\/ca\/wp-json\/wp\/v2\/pages\/5386","targetHints":{"allow":["GET"]}}],"collection":[{"href":"https:\/\/www.apen.es\/ca\/wp-json\/wp\/v2\/pages"}],"about":[{"href":"https:\/\/www.apen.es\/ca\/wp-json\/wp\/v2\/types\/page"}],"author":[{"embeddable":true,"href":"https:\/\/www.apen.es\/ca\/wp-json\/wp\/v2\/users\/4"}],"replies":[{"embeddable":true,"href":"https:\/\/www.apen.es\/ca\/wp-json\/wp\/v2\/comments?post=5386"}],"version-history":[{"count":5,"href":"https:\/\/www.apen.es\/ca\/wp-json\/wp\/v2\/pages\/5386\/revisions"}],"predecessor-version":[{"id":55650,"href":"https:\/\/www.apen.es\/ca\/wp-json\/wp\/v2\/pages\/5386\/revisions\/55650"}],"up":[{"embeddable":true,"href":"https:\/\/www.apen.es\/ca\/wp-json\/wp\/v2\/pages\/1158"}],"wp:attachment":[{"href":"https:\/\/www.apen.es\/ca\/wp-json\/wp\/v2\/media?parent=5386"}],"curies":[{"name":"wp","href":"https:\/\/api.w.org\/{rel}","templated":true}]}}