{"id":5367,"date":"2016-10-10T13:26:03","date_gmt":"2016-10-10T13:26:03","guid":{"rendered":"https:\/\/www.apen.es\/?page_id=5367"},"modified":"2025-06-25T11:39:24","modified_gmt":"2025-06-25T11:39:24","slug":"solucions-dimpressio-barcelona","status":"publish","type":"page","link":"https:\/\/www.apen.es\/ca\/soluciones-de-impresion\/soluciones-de-impresion-barcelona\/","title":{"rendered":"Solucions d\u00b4impressi\u00f3 Barcelona"},"content":{"rendered":"<p>APEN compta amb m\u00e9s de 25 anys d&#039;experi\u00e8ncia al camp de les solucions d&#039;impressi\u00f3 per a empreses de Barcelona. La nostra proposta en aquest \u00e0mbit \u00e9s la m\u00e9s completa i integral possible, oferint venda directa dels millors equips d&#039;impressi\u00f3, r\u00e8nting, lloguer, manteniment i reparaci\u00f3 d&#039;impressores, multifuncions, faxos\u2026 I fins i tot ens encarreguem del subministrament de cartutxos de tinta.<\/p>\n\n\n\n<h3 class=\"wp-block-heading\"><strong>Treballem amb les millors marques d&#039;impressores<\/strong><\/h3>\n\n\n\n<p>No oferim exclusivament una marca, sin\u00f3 que oferim diverses marques d\u00b4impressores, perqu\u00e8 creiem que cada marca fabrica impressores amb diferents beneficis i prestacions, i analitzem, quina marca ofereix la impressora ideal per a cadascun dels nostres clients, estudiant tot aix\u00f2 de manera particular.<\/p>\n\n\n\n<p>Podeu contactar amb nosaltres i realitzarem un estudi per determinar quina impressora s&#039;adapta millor a les vostres necessitats, analitzant el cost, la inversi\u00f3 i les prestacions que la vostra empresa requereix.<\/p>\n\n\n\n<p>Les marques amb qu\u00e8 treballem s\u00f3n les seg\u00fcents: Kyocera, HP, Konica Minolta i OKI.<\/p>\n\n\n\n<h3 class=\"wp-block-heading\"><strong>Venda directa d&#039;impressores Kyocera, OKI, Konica Minolta i HP<\/strong><\/h3>\n\n\n\n<p>Realitzem venda directa d\u00b4aquestes marques d\u00b4impressora a tota la prov\u00edncia de Barcelona, amb els preus m\u00e9s ajustats i amb totes les garanties. A m\u00e9s, si adquiriu els equips d&#039;impressi\u00f3 a APEN, disposareu d&#039;avantatges substancials quant al manteniment i al subministrament de cartutxos de tinta.<\/p>\n\n\n\n<h3 class=\"wp-block-heading\"><strong>R\u00e8nting d&#039;impressores a Barcelona<\/strong><\/h3>\n\n\n\n<p>El r\u00e8nting t\u00e9 avantatges respecte a la compra al comptat. Entre elles, l&#039;empresa que es decideixi per un r\u00e8nting podr\u00e0 finan\u00e7ar amb m\u00e9s facilitat l&#039;adquisici\u00f3 dels equips d&#039;impressi\u00f3, i estar\u00e0 cobert amb la millor de les garanties i el millor suport t\u00e8cnic.<\/p>\n\n\n\n<h3 class=\"wp-block-heading\"><strong>Paga nom\u00e9s pel que imprimeixes amb el nostre servei de \u201cpreu per c\u00f2pia\u201d<\/strong><\/h3>\n\n\n\n<p>Aquest servei est\u00e0 tenint una gran acceptaci\u00f3 al mercat. Cada cop s\u00f3n m\u00e9s les empreses de Barcelona que es decideixen per aquest servei. Amb ell, nom\u00e9s paguen per all\u00f2 que imprimeixen, ni m\u00e9s ni menys, sense necessitat d&#039;adquirir la impressora (ser\u00e0 cedida per APEN) ni a sufragar els costos del manteniment. I el m\u00e9s important no hauran de pagar per l&#039;adquisici\u00f3 dels cartutxos de tinta.<\/p>\n\n\n\n<p>Si voleu contractar aquest servei, el primer que realitza APEN \u00e9s un estudi inicial on analitzar\u00e0 les necessitats d&#039;impressi\u00f3 i estimar\u00e0 un volum d&#039;impressi\u00f3 anual molt prec\u00eds. Un cop realitzat aquest estudi, oferir\u00e0 un preu per c\u00f2pia. Aix\u00f2 vol dir, que nom\u00e9s pagar\u00e0 pel que imprimeix i que, pagant cada c\u00f2pia, vost\u00e8 tindr\u00e0 el servei m\u00e9s complet: L&#039;adquisici\u00f3, l&#039;estoc de cartutxos de tinta, el manteniment de les impressores, el subministrament de tinta\u2026<\/p>\n\n\n\n<p>Amb aquest servei la vostra empresa podr\u00e0 estalviar com a m\u00ednim un 30% en els costos d&#039;impressi\u00f3.<\/p>\n\n\n\n<h3 class=\"wp-block-heading\">El total del cost d&#039;impressi\u00f3 pot arribar a representar el 1,5% de la xifra del negoci de la vostra empresa<\/h3>\n\n\n\n<p>Aix\u00f2 s\u00f3n molts diners, ja que si una empresa amb un pressupost mitj\u00e0 est\u00e0 invertint, amb total seguretat, milers d&#039;euros en els costos que suposa l&#039;adquisici\u00f3 i el manteniment d&#039;impressores, en el subministrament de tinta\u2026 El servei de \u201cpreu per c\u00f2pia\u201d assegura una reducci\u00f3 del 30% d&#039;aquest cost, moltes vegades invisible i sorprenent per a m\u00e9s d&#039;un comptable.<\/p>\n\n\n\n<h3 class=\"wp-block-heading\"><strong>Subministrament de cartutxos de tinta<\/strong><\/h3>\n\n\n\n<p>APEN ofereix el servei de subministrar cartutxos de tinta a tota mena d&#039;empreses de Barcelona. Oferim tres vies per facilitar la gesti\u00f3 al client. A la nostra web, trobareu un formulari per sol\u00b7licitar el cartutx que la vostra impressora necessita, i des d&#039;APEN se subministrar\u00e0 en el menor temps possible.<\/p>\n\n\n\n<p>Podeu sol\u00b7licitar el subministrament de cartutxos de tinta via telef\u00f2nica o fins i tot podem monitoritzar la vostra impressora perqu\u00e8 la vostra empresa de despreocupi d&#039;aquesta gesti\u00f3<\/p>\n\n\n\n<h3 class=\"wp-block-heading\"><strong>Monitoritzaci\u00f3 d&#039;impressores<\/strong><\/h3>\n\n\n\n<p>Podem monitoritzar la vostra impressora, comprovant no nom\u00e9s l&#039;estat dels cartutxos de tinta (podent enviar aix\u00ed els cartutxos necessaris abans que aquests s&#039;esgotin i sense necessitat que el client perdi un minut amb aquesta comprovaci\u00f3), sin\u00f3 que tamb\u00e9 podem analitzar l&#039;estat dels components de la impressora, per detectar possibles anomalies i poder oferir les solucions.<\/p>","protected":false},"excerpt":{"rendered":"<p>APEN cuenta con m\u00e1s de 25 a\u00f1os de experiencia en el campo de las soluciones de impresi\u00f3n para empresas de Barcelona. Nuestra propuesta en este \u00e1mbito es la m\u00e1s completa e integral posible, ofreciendo venta directa de los mejores equipos de impresi\u00f3n, renting, alquiler, mantenimiento y reparaci\u00f3n de impresoras, multifunciones, faxes\u2026 E incluso nos encargamos&#8230;<\/p>","protected":false},"author":4,"featured_media":0,"parent":1158,"menu_order":0,"comment_status":"closed","ping_status":"closed","template":"page-landing-renting.php","meta":{"_acf_changed":false,"_kad_blocks_custom_css":"","_kad_blocks_head_custom_js":"","_kad_blocks_body_custom_js":"","_kad_blocks_footer_custom_js":"","_kad_post_transparent":"","_kad_post_title":"","_kad_post_layout":"","_kad_post_sidebar_id":"","_kad_post_content_style":"","_kad_post_vertical_padding":"","_kad_post_feature":"","_kad_post_feature_position":"","_kad_post_header":false,"_kad_post_footer":false,"_kad_post_classname":"","footnotes":""},"class_list":["post-5367","page","type-page","status-publish","hentry"],"acf":[],"yoast_head":"<!-- This site is optimized with the Yoast SEO plugin v27.4 - https:\/\/yoast.com\/product\/yoast-seo-wordpress\/ -->\n<title>Soluciones de impresi\u00f3n Barcelona - Apen Inform\u00e1tica<\/title>\n<meta name=\"description\" content=\"En Apen trabajamos con las mejores marcas de impresoras del mercado para ofrecer las mejores soluciones de impresi\u00f3n en Barcelona. Conf\u00eda en Apen.\" \/>\n<meta name=\"robots\" content=\"index, follow, max-snippet:-1, max-image-preview:large, max-video-preview:-1\" \/>\n<link rel=\"canonical\" href=\"https:\/\/www.apen.es\/ca\/solucions-dimpressio\/solucions-dimpressio-barcelona\/\" \/>\n<meta property=\"og:locale\" content=\"ca_ES\" \/>\n<meta property=\"og:type\" content=\"article\" \/>\n<meta property=\"og:title\" content=\"Soluciones de impresi\u00f3n Barcelona - Apen Inform\u00e1tica\" \/>\n<meta property=\"og:description\" content=\"En Apen trabajamos con las mejores marcas de impresoras del mercado para ofrecer las mejores soluciones de impresi\u00f3n en Barcelona. Conf\u00eda en Apen.\" \/>\n<meta property=\"og:url\" content=\"https:\/\/www.apen.es\/ca\/solucions-dimpressio\/solucions-dimpressio-barcelona\/\" \/>\n<meta property=\"og:site_name\" content=\"Apen Inform\u00e1tica\" \/>\n<meta property=\"article:publisher\" content=\"https:\/\/www.facebook.com\/apensolucions\" \/>\n<meta property=\"article:modified_time\" content=\"2025-06-25T11:39:24+00:00\" \/>\n<meta property=\"og:image\" content=\"https:\/\/www.apen.es\/wp-content\/uploads\/2016\/05\/logo-apen-231x82-trasparent.png\" \/>\n\t<meta property=\"og:image:width\" content=\"231\" \/>\n\t<meta property=\"og:image:height\" content=\"82\" \/>\n\t<meta property=\"og:image:type\" content=\"image\/png\" \/>\n<meta name=\"twitter:card\" content=\"summary_large_image\" \/>\n<meta name=\"twitter:label1\" content=\"Temps estimat de lectura\" \/>\n\t<meta name=\"twitter:data1\" content=\"5 minuts\" \/>\n<script type=\"application\/ld+json\" class=\"yoast-schema-graph\">{\"@context\":\"https:\\\/\\\/schema.org\",\"@graph\":[{\"@type\":\"WebPage\",\"@id\":\"https:\\\/\\\/www.apen.es\\\/soluciones-de-impresion\\\/soluciones-de-impresion-barcelona\\\/\",\"url\":\"https:\\\/\\\/www.apen.es\\\/soluciones-de-impresion\\\/soluciones-de-impresion-barcelona\\\/\",\"name\":\"Soluciones de impresi\u00f3n Barcelona - Apen Inform\u00e1tica\",\"isPartOf\":{\"@id\":\"https:\\\/\\\/www.apen.es\\\/#website\"},\"datePublished\":\"2016-10-10T13:26:03+00:00\",\"dateModified\":\"2025-06-25T11:39:24+00:00\",\"description\":\"En Apen trabajamos con las mejores marcas de impresoras del mercado para ofrecer las mejores soluciones de impresi\u00f3n en Barcelona. Conf\u00eda en Apen.\",\"breadcrumb\":{\"@id\":\"https:\\\/\\\/www.apen.es\\\/soluciones-de-impresion\\\/soluciones-de-impresion-barcelona\\\/#breadcrumb\"},\"inLanguage\":\"ca\",\"potentialAction\":[{\"@type\":\"ReadAction\",\"target\":[\"https:\\\/\\\/www.apen.es\\\/soluciones-de-impresion\\\/soluciones-de-impresion-barcelona\\\/\"]}]},{\"@type\":\"BreadcrumbList\",\"@id\":\"https:\\\/\\\/www.apen.es\\\/soluciones-de-impresion\\\/soluciones-de-impresion-barcelona\\\/#breadcrumb\",\"itemListElement\":[{\"@type\":\"ListItem\",\"position\":1,\"name\":\"Portada\",\"item\":\"https:\\\/\\\/www.apen.es\\\/\"},{\"@type\":\"ListItem\",\"position\":2,\"name\":\"Soluciones de impresi\u00f3n\",\"item\":\"https:\\\/\\\/www.apen.es\\\/soluciones-de-impresion\\\/\"},{\"@type\":\"ListItem\",\"position\":3,\"name\":\"Soluciones de impresi\u00f3n Barcelona\"}]},{\"@type\":\"WebSite\",\"@id\":\"https:\\\/\\\/www.apen.es\\\/#website\",\"url\":\"https:\\\/\\\/www.apen.es\\\/\",\"name\":\"Apen Inform\u00e1tica\",\"description\":\"Mantenimiento Inform\u00e1tico , Software de Gesti\u00f3n, Soluciones de impresi\u00f3n\",\"publisher\":{\"@id\":\"https:\\\/\\\/www.apen.es\\\/#organization\"},\"potentialAction\":[{\"@type\":\"SearchAction\",\"target\":{\"@type\":\"EntryPoint\",\"urlTemplate\":\"https:\\\/\\\/www.apen.es\\\/?s={search_term_string}\"},\"query-input\":{\"@type\":\"PropertyValueSpecification\",\"valueRequired\":true,\"valueName\":\"search_term_string\"}}],\"inLanguage\":\"ca\"},{\"@type\":\"Organization\",\"@id\":\"https:\\\/\\\/www.apen.es\\\/#organization\",\"name\":\"Apen: Soluciones inform\u00e1ticas\",\"url\":\"https:\\\/\\\/www.apen.es\\\/\",\"logo\":{\"@type\":\"ImageObject\",\"inLanguage\":\"ca\",\"@id\":\"https:\\\/\\\/www.apen.es\\\/#\\\/schema\\\/logo\\\/image\\\/\",\"url\":\"https:\\\/\\\/www.apen.es\\\/wp-content\\\/uploads\\\/2022\\\/08\\\/logo-apenok-231x82-1.png\",\"contentUrl\":\"https:\\\/\\\/www.apen.es\\\/wp-content\\\/uploads\\\/2022\\\/08\\\/logo-apenok-231x82-1.png\",\"width\":231,\"height\":82,\"caption\":\"Apen: Soluciones inform\u00e1ticas\"},\"image\":{\"@id\":\"https:\\\/\\\/www.apen.es\\\/#\\\/schema\\\/logo\\\/image\\\/\"},\"sameAs\":[\"https:\\\/\\\/www.facebook.com\\\/apensolucions\",\"https:\\\/\\\/www.youtube.com\\\/user\\\/ApenCentreInformatic\",\"https:\\\/\\\/www.linkedin.com\\\/company\\\/1021771?trk=tyah&trkInfo=clickedVerticalcompanyclickedEntityId1021771idx2-1-2tarId1464195271196tasapenin\"]}]}<\/script>\n<!-- \/ Yoast SEO plugin. -->","yoast_head_json":{"title":"Solucions d&#039;impressi\u00f3 Barcelona - Apen Inform\u00e0tica","description":"A Apen treballem amb les millors marques d\u00b4impressores del mercat per oferir les millors solucions d\u00b4impressi\u00f3 a Barcelona. Confia en Apen.","robots":{"index":"index","follow":"follow","max-snippet":"max-snippet:-1","max-image-preview":"max-image-preview:large","max-video-preview":"max-video-preview:-1"},"canonical":"https:\/\/www.apen.es\/ca\/solucions-dimpressio\/solucions-dimpressio-barcelona\/","og_locale":"ca_ES","og_type":"article","og_title":"Soluciones de impresi\u00f3n Barcelona - Apen Inform\u00e1tica","og_description":"En Apen trabajamos con las mejores marcas de impresoras del mercado para ofrecer las mejores soluciones de impresi\u00f3n en Barcelona. Conf\u00eda en Apen.","og_url":"https:\/\/www.apen.es\/ca\/solucions-dimpressio\/solucions-dimpressio-barcelona\/","og_site_name":"Apen Inform\u00e1tica","article_publisher":"https:\/\/www.facebook.com\/apensolucions","article_modified_time":"2025-06-25T11:39:24+00:00","og_image":[{"width":231,"height":82,"url":"https:\/\/www.apen.es\/wp-content\/uploads\/2016\/05\/logo-apen-231x82-trasparent.png","type":"image\/png"}],"twitter_card":"summary_large_image","twitter_misc":{"Temps estimat de lectura":"5 minuts"},"schema":{"@context":"https:\/\/schema.org","@graph":[{"@type":"WebPage","@id":"https:\/\/www.apen.es\/soluciones-de-impresion\/soluciones-de-impresion-barcelona\/","url":"https:\/\/www.apen.es\/soluciones-de-impresion\/soluciones-de-impresion-barcelona\/","name":"Solucions d&#039;impressi\u00f3 Barcelona - Apen Inform\u00e0tica","isPartOf":{"@id":"https:\/\/www.apen.es\/#website"},"datePublished":"2016-10-10T13:26:03+00:00","dateModified":"2025-06-25T11:39:24+00:00","description":"A Apen treballem amb les millors marques d\u00b4impressores del mercat per oferir les millors solucions d\u00b4impressi\u00f3 a Barcelona. Confia en Apen.","breadcrumb":{"@id":"https:\/\/www.apen.es\/soluciones-de-impresion\/soluciones-de-impresion-barcelona\/#breadcrumb"},"inLanguage":"ca","potentialAction":[{"@type":"ReadAction","target":["https:\/\/www.apen.es\/soluciones-de-impresion\/soluciones-de-impresion-barcelona\/"]}]},{"@type":"BreadcrumbList","@id":"https:\/\/www.apen.es\/soluciones-de-impresion\/soluciones-de-impresion-barcelona\/#breadcrumb","itemListElement":[{"@type":"ListItem","position":1,"name":"Portada","item":"https:\/\/www.apen.es\/"},{"@type":"ListItem","position":2,"name":"Soluciones de impresi\u00f3n","item":"https:\/\/www.apen.es\/soluciones-de-impresion\/"},{"@type":"ListItem","position":3,"name":"Soluciones de impresi\u00f3n Barcelona"}]},{"@type":"WebSite","@id":"https:\/\/www.apen.es\/#website","url":"https:\/\/www.apen.es\/","name":"Apen Inform\u00e0tica","description":"Manteniment inform\u00e0tic , programari de gesti\u00f3, solucions d&#039;impressi\u00f3","publisher":{"@id":"https:\/\/www.apen.es\/#organization"},"potentialAction":[{"@type":"SearchAction","target":{"@type":"EntryPoint","urlTemplate":"https:\/\/www.apen.es\/?s={search_term_string}"},"query-input":{"@type":"PropertyValueSpecification","valueRequired":true,"valueName":"search_term_string"}}],"inLanguage":"ca"},{"@type":"Organization","@id":"https:\/\/www.apen.es\/#organization","name":"Apen: Solucions inform\u00e0tiques","url":"https:\/\/www.apen.es\/","logo":{"@type":"ImageObject","inLanguage":"ca","@id":"https:\/\/www.apen.es\/#\/schema\/logo\/image\/","url":"https:\/\/www.apen.es\/wp-content\/uploads\/2022\/08\/logo-apenok-231x82-1.png","contentUrl":"https:\/\/www.apen.es\/wp-content\/uploads\/2022\/08\/logo-apenok-231x82-1.png","width":231,"height":82,"caption":"Apen: Soluciones inform\u00e1ticas"},"image":{"@id":"https:\/\/www.apen.es\/#\/schema\/logo\/image\/"},"sameAs":["https:\/\/www.facebook.com\/apensolucions","https:\/\/www.youtube.com\/user\/ApenCentreInformatic","https:\/\/www.linkedin.com\/company\/1021771?trk=tyah&trkInfo=clickedVerticalcompanyclickedEntityId1021771idx2-1-2tarId1464195271196tasapenin"]}]}},"taxonomy_info":[],"featured_image_src_large":false,"author_info":{"display_name":"marqueting","author_link":"https:\/\/www.apen.es\/ca\/blog\/author\/marqueting\/"},"comment_info":0,"_links":{"self":[{"href":"https:\/\/www.apen.es\/ca\/wp-json\/wp\/v2\/pages\/5367","targetHints":{"allow":["GET"]}}],"collection":[{"href":"https:\/\/www.apen.es\/ca\/wp-json\/wp\/v2\/pages"}],"about":[{"href":"https:\/\/www.apen.es\/ca\/wp-json\/wp\/v2\/types\/page"}],"author":[{"embeddable":true,"href":"https:\/\/www.apen.es\/ca\/wp-json\/wp\/v2\/users\/4"}],"replies":[{"embeddable":true,"href":"https:\/\/www.apen.es\/ca\/wp-json\/wp\/v2\/comments?post=5367"}],"version-history":[{"count":5,"href":"https:\/\/www.apen.es\/ca\/wp-json\/wp\/v2\/pages\/5367\/revisions"}],"predecessor-version":[{"id":55657,"href":"https:\/\/www.apen.es\/ca\/wp-json\/wp\/v2\/pages\/5367\/revisions\/55657"}],"up":[{"embeddable":true,"href":"https:\/\/www.apen.es\/ca\/wp-json\/wp\/v2\/pages\/1158"}],"wp:attachment":[{"href":"https:\/\/www.apen.es\/ca\/wp-json\/wp\/v2\/media?parent=5367"}],"curies":[{"name":"wp","href":"https:\/\/api.w.org\/{rel}","templated":true}]}}