{"id":5365,"date":"2016-10-10T13:23:41","date_gmt":"2016-10-10T13:23:41","guid":{"rendered":"https:\/\/www.apen.es\/?page_id=5365"},"modified":"2025-06-25T11:36:29","modified_gmt":"2025-06-25T11:36:29","slug":"manteniment-dimpressores-barcelona","status":"publish","type":"page","link":"https:\/\/www.apen.es\/ca\/soluciones-de-impresion\/mantenimiento-de-impresoras\/mantenimiento-de-impresoras-barcelona\/","title":{"rendered":"Manteniment d&#039;impressores Barcelona"},"content":{"rendered":"<p><strong>Monitoritzem la vostra impressora en tot moment<\/strong><\/p>\n\n\n\n<p>A APEN hem volgut fer un pas endavant amb el nostre servei de manteniment d&#039;impressores. Ara podem monitoritzar l&#039;estat de la vostra impressora en tot moment, amb l&#039;objectiu de comprovar l&#039;estat integral de la vostra impressora i el dels seus components. Gr\u00e0cies a aquest servei, les nostres empreses clients de Barcelona disposen del servei de manteniment d\u00b4impressores m\u00e9s efectiu del mercat. Si algun component falla, la impressora enviar\u00e0 una alerta als nostres t\u00e8cnics inform\u00e0tics, perqu\u00e8 aquests puguin apropar-se a la vostra empresa i realitzar la reparaci\u00f3 que el vostre equip d&#039;impressi\u00f3 necessita.<\/p>\n\n\n\n<h3 class=\"wp-block-heading\"><strong>Reparaci\u00f3 d&#039;impressores a Barcelona<\/strong><\/h3>\n\n\n\n<p>Si encara no sou el nostre client, a APEN podem reparar la vostra impressora: Som una empresa multimarca i treballem amb les millors marques en solucions d&#039;impressi\u00f3 per a empreses: OKI, Konica Minolta, HP i Kyocera.<\/p>\n\n\n\n<p>A m\u00e9s, si el vostre equip d&#039;impressi\u00f3 necessita una reparaci\u00f3 complexa, estant aquesta inoperativa diversos dies, podem oferir equips (impressores, fax, fotocopiadores, equips multifunci\u00f3\u2026) de substituci\u00f3, podent cobrir les vostres necessitats amb totes les garanties.<\/p>\n\n\n\n<p>APEN est\u00e0 ubicada a Granollers, a menys de 20 minuts de Barcelona, i disposem d\u00b4una plantilla de t\u00e8cnics especialitzats en els components d\u00b4aquest tipus d\u00b4equips d\u00b4impressi\u00f3.<\/p>\n\n\n\n<h3 class=\"wp-block-heading\"><strong>Cobrir-se amb el 100% de les garanties en el manteniment d&#039;impressores<\/strong><\/h3>\n\n\n\n<p>APEN disposa d&#039;un servei que assegura un estalvi del 30% en els costos d&#039;impressi\u00f3 d&#039;una empresa com a m\u00ednim. Englobem en aquest cost el preu d&#039;imprimir (cartutxos de tinta), en el manteniment de les impressores i els equips d&#039;impressi\u00f3 i la compra o adquisici\u00f3 dels equips necessaris.<\/p>\n\n\n\n<p>Aquest servei s&#039;anomena \u201cPreu per c\u00f2pia\u201d: APEN realitzar\u00e0 un estudi analitzant les necessitats d&#039;impressi\u00f3 de la vostra empresa. Instal\u00b7lar\u00e0 els equips d&#039;impressi\u00f3 necessaris, subministrar\u00e0 la tinta i s&#039;encarregar\u00e0 de tot el manteniment i la reparaci\u00f3 necessaris. El client no paga les impressores, no paga els cartutxos i no paga el manteniment, nom\u00e9s paga pel que imprimeix.<\/p>\n\n\n\n<p>Estipulem un preu per c\u00f2pia impresa, i des d&#039;APEN ens encarregarem d&#039;oferir-vos la cobertura m\u00e9s integral que la vostra empresa pugui contractar a tot el mercat. Aquest sistema nou i eficient redueix els costos d&#039;impressi\u00f3 de la vostra empresa dr\u00e0sticament, no nom\u00e9s en termes econ\u00f2mics sin\u00f3 en termes de \u201ctemps\u201d. \u00c9s molt el temps que requerim adquirir nous cartutxos de tinta, temps en qu\u00e8 no disposarem d&#039;impressores si no se&#039;ls destina el manteniment necessari\u2026 A APEN, oferim la soluci\u00f3 d&#039;impressi\u00f3 definitiva.<\/p>\n\n\n\n<p>Contacteu amb nosaltres i realitzarem l&#039;estudi sense cap comprom\u00eds, podent oferir un \u201cpreu per c\u00f2pia impresa\u201d amb el qual estalviareu molts diners.<\/p>\n\n\n\n<h3 class=\"wp-block-heading\"><strong>M\u00e9s enll\u00e0 del manteniment d&#039;impressores<\/strong><\/h3>\n\n\n\n<p>APEN no nom\u00e9s s&#039;encarrega d&#039;oferir un servei de manteniment d&#039;impressores als clients de Barcelona, sin\u00f3 que tamb\u00e9 ofereix solucions tecnologies com s\u00f3n les seg\u00fcents:<\/p>\n\n\n\n<ul class=\"wp-block-list\">\n<li>Venda directa d&#039;equips i components inform\u00e0tics<\/li>\n\n\n\n<li>Manteniment inform\u00e0tic a Barcelona<\/li>\n\n\n\n<li>Implantaci\u00f3 de programari de gesti\u00f3<\/li>\n\n\n\n<li>Implantaci\u00f3 de CRM<\/li>\n\n\n\n<li>Solucions en telecomunicacions<\/li>\n<\/ul>","protected":false},"excerpt":{"rendered":"<p>Monitorizamos su impresora en todo momento En APEN hemos querido dar un paso adelante con nuestro servicio de mantenimiento de impresoras. Ahora podemos monitorizar el estado de su impresora en todo momento, con el objetivo de comprobar el estado integral de su impresora y el de sus componentes. Gracias a este servicio, nuestras empresas clientes&#8230;<\/p>","protected":false},"author":4,"featured_media":0,"parent":5362,"menu_order":0,"comment_status":"closed","ping_status":"closed","template":"page-landing-renting.php","meta":{"_acf_changed":false,"_kad_blocks_custom_css":"","_kad_blocks_head_custom_js":"","_kad_blocks_body_custom_js":"","_kad_blocks_footer_custom_js":"","_kad_post_transparent":"","_kad_post_title":"","_kad_post_layout":"","_kad_post_sidebar_id":"","_kad_post_content_style":"","_kad_post_vertical_padding":"","_kad_post_feature":"","_kad_post_feature_position":"","_kad_post_header":false,"_kad_post_footer":false,"_kad_post_classname":"","footnotes":""},"class_list":["post-5365","page","type-page","status-publish","hentry"],"acf":[],"yoast_head":"<!-- This site is optimized with the Yoast SEO plugin v27.4 - https:\/\/yoast.com\/product\/yoast-seo-wordpress\/ -->\n<title>Mantenimiento de impresoras Barcelona - Apen Inform\u00e1tica<\/title>\n<meta name=\"description\" content=\"En Apen ofrecemos el servicio de mantenimiento de impresoras en Barcelona Monitorizamos y reparamos las impresoras tambi\u00e9n ofrecemos soluciones.\" \/>\n<meta name=\"robots\" content=\"index, follow, max-snippet:-1, max-image-preview:large, max-video-preview:-1\" \/>\n<link rel=\"canonical\" href=\"https:\/\/www.apen.es\/ca\/solucions-dimpressio\/manteniment-dimpressores\/manteniment-dimpressores-barcelona\/\" \/>\n<meta property=\"og:locale\" content=\"ca_ES\" \/>\n<meta property=\"og:type\" content=\"article\" \/>\n<meta property=\"og:title\" content=\"Mantenimiento de impresoras Barcelona - Apen Inform\u00e1tica\" \/>\n<meta property=\"og:description\" content=\"En Apen ofrecemos el servicio de mantenimiento de impresoras en Barcelona Monitorizamos y reparamos las impresoras tambi\u00e9n ofrecemos soluciones.\" \/>\n<meta property=\"og:url\" content=\"https:\/\/www.apen.es\/ca\/solucions-dimpressio\/manteniment-dimpressores\/manteniment-dimpressores-barcelona\/\" \/>\n<meta property=\"og:site_name\" content=\"Apen Inform\u00e1tica\" \/>\n<meta property=\"article:publisher\" content=\"https:\/\/www.facebook.com\/apensolucions\" \/>\n<meta property=\"article:modified_time\" content=\"2025-06-25T11:36:29+00:00\" \/>\n<meta property=\"og:image\" content=\"https:\/\/www.apen.es\/wp-content\/uploads\/2016\/05\/logo-apen-231x82-trasparent.png\" \/>\n\t<meta property=\"og:image:width\" content=\"231\" \/>\n\t<meta property=\"og:image:height\" content=\"82\" \/>\n\t<meta property=\"og:image:type\" content=\"image\/png\" \/>\n<meta name=\"twitter:card\" content=\"summary_large_image\" \/>\n<meta name=\"twitter:label1\" content=\"Temps estimat de lectura\" \/>\n\t<meta name=\"twitter:data1\" content=\"4 minuts\" \/>\n<script type=\"application\/ld+json\" class=\"yoast-schema-graph\">{\"@context\":\"https:\\\/\\\/schema.org\",\"@graph\":[{\"@type\":\"WebPage\",\"@id\":\"https:\\\/\\\/www.apen.es\\\/soluciones-de-impresion\\\/mantenimiento-de-impresoras\\\/mantenimiento-de-impresoras-barcelona\\\/\",\"url\":\"https:\\\/\\\/www.apen.es\\\/soluciones-de-impresion\\\/mantenimiento-de-impresoras\\\/mantenimiento-de-impresoras-barcelona\\\/\",\"name\":\"Mantenimiento de impresoras Barcelona - Apen Inform\u00e1tica\",\"isPartOf\":{\"@id\":\"https:\\\/\\\/www.apen.es\\\/#website\"},\"datePublished\":\"2016-10-10T13:23:41+00:00\",\"dateModified\":\"2025-06-25T11:36:29+00:00\",\"description\":\"En Apen ofrecemos el servicio de mantenimiento de impresoras en Barcelona Monitorizamos y reparamos las impresoras tambi\u00e9n ofrecemos soluciones.\",\"breadcrumb\":{\"@id\":\"https:\\\/\\\/www.apen.es\\\/soluciones-de-impresion\\\/mantenimiento-de-impresoras\\\/mantenimiento-de-impresoras-barcelona\\\/#breadcrumb\"},\"inLanguage\":\"ca\",\"potentialAction\":[{\"@type\":\"ReadAction\",\"target\":[\"https:\\\/\\\/www.apen.es\\\/soluciones-de-impresion\\\/mantenimiento-de-impresoras\\\/mantenimiento-de-impresoras-barcelona\\\/\"]}]},{\"@type\":\"BreadcrumbList\",\"@id\":\"https:\\\/\\\/www.apen.es\\\/soluciones-de-impresion\\\/mantenimiento-de-impresoras\\\/mantenimiento-de-impresoras-barcelona\\\/#breadcrumb\",\"itemListElement\":[{\"@type\":\"ListItem\",\"position\":1,\"name\":\"Portada\",\"item\":\"https:\\\/\\\/www.apen.es\\\/\"},{\"@type\":\"ListItem\",\"position\":2,\"name\":\"Soluciones de impresi\u00f3n\",\"item\":\"https:\\\/\\\/www.apen.es\\\/soluciones-de-impresion\\\/\"},{\"@type\":\"ListItem\",\"position\":3,\"name\":\"Mantenimiento de impresoras\",\"item\":\"https:\\\/\\\/www.apen.es\\\/soluciones-de-impresion\\\/mantenimiento-de-impresoras\\\/\"},{\"@type\":\"ListItem\",\"position\":4,\"name\":\"Mantenimiento de impresoras Barcelona\"}]},{\"@type\":\"WebSite\",\"@id\":\"https:\\\/\\\/www.apen.es\\\/#website\",\"url\":\"https:\\\/\\\/www.apen.es\\\/\",\"name\":\"Apen Inform\u00e1tica\",\"description\":\"Mantenimiento Inform\u00e1tico , Software de Gesti\u00f3n, Soluciones de impresi\u00f3n\",\"publisher\":{\"@id\":\"https:\\\/\\\/www.apen.es\\\/#organization\"},\"potentialAction\":[{\"@type\":\"SearchAction\",\"target\":{\"@type\":\"EntryPoint\",\"urlTemplate\":\"https:\\\/\\\/www.apen.es\\\/?s={search_term_string}\"},\"query-input\":{\"@type\":\"PropertyValueSpecification\",\"valueRequired\":true,\"valueName\":\"search_term_string\"}}],\"inLanguage\":\"ca\"},{\"@type\":\"Organization\",\"@id\":\"https:\\\/\\\/www.apen.es\\\/#organization\",\"name\":\"Apen: Soluciones inform\u00e1ticas\",\"url\":\"https:\\\/\\\/www.apen.es\\\/\",\"logo\":{\"@type\":\"ImageObject\",\"inLanguage\":\"ca\",\"@id\":\"https:\\\/\\\/www.apen.es\\\/#\\\/schema\\\/logo\\\/image\\\/\",\"url\":\"https:\\\/\\\/www.apen.es\\\/wp-content\\\/uploads\\\/2022\\\/08\\\/logo-apenok-231x82-1.png\",\"contentUrl\":\"https:\\\/\\\/www.apen.es\\\/wp-content\\\/uploads\\\/2022\\\/08\\\/logo-apenok-231x82-1.png\",\"width\":231,\"height\":82,\"caption\":\"Apen: Soluciones inform\u00e1ticas\"},\"image\":{\"@id\":\"https:\\\/\\\/www.apen.es\\\/#\\\/schema\\\/logo\\\/image\\\/\"},\"sameAs\":[\"https:\\\/\\\/www.facebook.com\\\/apensolucions\",\"https:\\\/\\\/www.youtube.com\\\/user\\\/ApenCentreInformatic\",\"https:\\\/\\\/www.linkedin.com\\\/company\\\/1021771?trk=tyah&trkInfo=clickedVerticalcompanyclickedEntityId1021771idx2-1-2tarId1464195271196tasapenin\"]}]}<\/script>\n<!-- \/ Yoast SEO plugin. -->","yoast_head_json":{"title":"Manteniment d&#039;impressores Barcelona - Apen Inform\u00e0tica","description":"A Apen oferim el servei de manteniment d&#039;impressores a Barcelona Monitoritzem i reparem les impressores tamb\u00e9 oferim solucions.","robots":{"index":"index","follow":"follow","max-snippet":"max-snippet:-1","max-image-preview":"max-image-preview:large","max-video-preview":"max-video-preview:-1"},"canonical":"https:\/\/www.apen.es\/ca\/solucions-dimpressio\/manteniment-dimpressores\/manteniment-dimpressores-barcelona\/","og_locale":"ca_ES","og_type":"article","og_title":"Mantenimiento de impresoras Barcelona - Apen Inform\u00e1tica","og_description":"En Apen ofrecemos el servicio de mantenimiento de impresoras en Barcelona Monitorizamos y reparamos las impresoras tambi\u00e9n ofrecemos soluciones.","og_url":"https:\/\/www.apen.es\/ca\/solucions-dimpressio\/manteniment-dimpressores\/manteniment-dimpressores-barcelona\/","og_site_name":"Apen Inform\u00e1tica","article_publisher":"https:\/\/www.facebook.com\/apensolucions","article_modified_time":"2025-06-25T11:36:29+00:00","og_image":[{"width":231,"height":82,"url":"https:\/\/www.apen.es\/wp-content\/uploads\/2016\/05\/logo-apen-231x82-trasparent.png","type":"image\/png"}],"twitter_card":"summary_large_image","twitter_misc":{"Temps estimat de lectura":"4 minuts"},"schema":{"@context":"https:\/\/schema.org","@graph":[{"@type":"WebPage","@id":"https:\/\/www.apen.es\/soluciones-de-impresion\/mantenimiento-de-impresoras\/mantenimiento-de-impresoras-barcelona\/","url":"https:\/\/www.apen.es\/soluciones-de-impresion\/mantenimiento-de-impresoras\/mantenimiento-de-impresoras-barcelona\/","name":"Manteniment d&#039;impressores Barcelona - Apen Inform\u00e0tica","isPartOf":{"@id":"https:\/\/www.apen.es\/#website"},"datePublished":"2016-10-10T13:23:41+00:00","dateModified":"2025-06-25T11:36:29+00:00","description":"A Apen oferim el servei de manteniment d&#039;impressores a Barcelona Monitoritzem i reparem les impressores tamb\u00e9 oferim solucions.","breadcrumb":{"@id":"https:\/\/www.apen.es\/soluciones-de-impresion\/mantenimiento-de-impresoras\/mantenimiento-de-impresoras-barcelona\/#breadcrumb"},"inLanguage":"ca","potentialAction":[{"@type":"ReadAction","target":["https:\/\/www.apen.es\/soluciones-de-impresion\/mantenimiento-de-impresoras\/mantenimiento-de-impresoras-barcelona\/"]}]},{"@type":"BreadcrumbList","@id":"https:\/\/www.apen.es\/soluciones-de-impresion\/mantenimiento-de-impresoras\/mantenimiento-de-impresoras-barcelona\/#breadcrumb","itemListElement":[{"@type":"ListItem","position":1,"name":"Portada","item":"https:\/\/www.apen.es\/"},{"@type":"ListItem","position":2,"name":"Soluciones de impresi\u00f3n","item":"https:\/\/www.apen.es\/soluciones-de-impresion\/"},{"@type":"ListItem","position":3,"name":"Mantenimiento de impresoras","item":"https:\/\/www.apen.es\/soluciones-de-impresion\/mantenimiento-de-impresoras\/"},{"@type":"ListItem","position":4,"name":"Mantenimiento de impresoras Barcelona"}]},{"@type":"WebSite","@id":"https:\/\/www.apen.es\/#website","url":"https:\/\/www.apen.es\/","name":"Apen Inform\u00e0tica","description":"Manteniment inform\u00e0tic , programari de gesti\u00f3, solucions d&#039;impressi\u00f3","publisher":{"@id":"https:\/\/www.apen.es\/#organization"},"potentialAction":[{"@type":"SearchAction","target":{"@type":"EntryPoint","urlTemplate":"https:\/\/www.apen.es\/?s={search_term_string}"},"query-input":{"@type":"PropertyValueSpecification","valueRequired":true,"valueName":"search_term_string"}}],"inLanguage":"ca"},{"@type":"Organization","@id":"https:\/\/www.apen.es\/#organization","name":"Apen: Solucions inform\u00e0tiques","url":"https:\/\/www.apen.es\/","logo":{"@type":"ImageObject","inLanguage":"ca","@id":"https:\/\/www.apen.es\/#\/schema\/logo\/image\/","url":"https:\/\/www.apen.es\/wp-content\/uploads\/2022\/08\/logo-apenok-231x82-1.png","contentUrl":"https:\/\/www.apen.es\/wp-content\/uploads\/2022\/08\/logo-apenok-231x82-1.png","width":231,"height":82,"caption":"Apen: Soluciones inform\u00e1ticas"},"image":{"@id":"https:\/\/www.apen.es\/#\/schema\/logo\/image\/"},"sameAs":["https:\/\/www.facebook.com\/apensolucions","https:\/\/www.youtube.com\/user\/ApenCentreInformatic","https:\/\/www.linkedin.com\/company\/1021771?trk=tyah&trkInfo=clickedVerticalcompanyclickedEntityId1021771idx2-1-2tarId1464195271196tasapenin"]}]}},"taxonomy_info":[],"featured_image_src_large":false,"author_info":{"display_name":"marqueting","author_link":"https:\/\/www.apen.es\/ca\/blog\/author\/marqueting\/"},"comment_info":0,"_links":{"self":[{"href":"https:\/\/www.apen.es\/ca\/wp-json\/wp\/v2\/pages\/5365","targetHints":{"allow":["GET"]}}],"collection":[{"href":"https:\/\/www.apen.es\/ca\/wp-json\/wp\/v2\/pages"}],"about":[{"href":"https:\/\/www.apen.es\/ca\/wp-json\/wp\/v2\/types\/page"}],"author":[{"embeddable":true,"href":"https:\/\/www.apen.es\/ca\/wp-json\/wp\/v2\/users\/4"}],"replies":[{"embeddable":true,"href":"https:\/\/www.apen.es\/ca\/wp-json\/wp\/v2\/comments?post=5365"}],"version-history":[{"count":5,"href":"https:\/\/www.apen.es\/ca\/wp-json\/wp\/v2\/pages\/5365\/revisions"}],"predecessor-version":[{"id":55653,"href":"https:\/\/www.apen.es\/ca\/wp-json\/wp\/v2\/pages\/5365\/revisions\/55653"}],"up":[{"embeddable":true,"href":"https:\/\/www.apen.es\/ca\/wp-json\/wp\/v2\/pages\/5362"}],"wp:attachment":[{"href":"https:\/\/www.apen.es\/ca\/wp-json\/wp\/v2\/media?parent=5365"}],"curies":[{"name":"wp","href":"https:\/\/api.w.org\/{rel}","templated":true}]}}