{"id":5362,"date":"2016-10-10T13:21:04","date_gmt":"2016-10-10T13:21:04","guid":{"rendered":"https:\/\/www.apen.es\/?page_id=5362"},"modified":"2025-06-25T11:35:15","modified_gmt":"2025-06-25T11:35:15","slug":"manteniment-dimpressores","status":"publish","type":"page","link":"https:\/\/www.apen.es\/ca\/soluciones-de-impresion\/mantenimiento-de-impresoras\/","title":{"rendered":"Manteniment d&#039;impressores"},"content":{"rendered":"<p>Des de la nostra empresa d\u00b4inform\u00e0tica i de solucions d\u00b4impressi\u00f3, oferim el servei de manteniment d\u00b4impressores a tots els nostres clients de la prov\u00edncia de Barcelona. A APEN som especialistes en oferir (mitjan\u00e7ant venda directa, lloguer o r\u00e8nting) els millors equips d&#039;impressi\u00f3, ja que som una empresa multimarca i podem oferir la impressora que millor s&#039;ajusti a les necessitats particulars de cadascun dels nostres clients. Comptem amb impressores OKI, Kyocera, HP\u2026<\/p>\n\n\n\n<p>El nostre servei de manteniment ofereix una cobertura total, tant \u00e9s aix\u00ed, que des del mateix moment en qu\u00e8 una de les seves impressores es trobi avariada, posarem a la vostra disposici\u00f3 una impressora de substituci\u00f3 mantenint les vostres necessitats d&#039;impressi\u00f3, mentre reparem la vostra impressora.<\/p>\n\n\n\n<p>Disposem d\u00b4un taller de reparaci\u00f3 i de manteniment d\u00b4impressores a Granollers, comptant amb els millors professionals, tots ells amb els coneixements necessaris per reparar qualsevol equip d\u00b4impressi\u00f3 de les seg\u00fcents marques: Konica Minolta, Kyocera, OKI i HP.<\/p>\n\n\n\n<p>A APEN hem innovat en l&#039;\u00e0mbit de les solucions d&#039;impressi\u00f3, oferint al nostre cat\u00e0leg el servei de \u201cpreu per c\u00f2pia\u201d, on el client nom\u00e9s paga pel que imprimeix i on APEN ofereix tota la cobertura necess\u00e0ria: El manteniment de la impressora, la instal\u00b7laci\u00f3 i cessi\u00f3 de les impressores necess\u00e0ries per a la seva empresa (cada empresa necessita un volum d&#039;impressores determinat), el subministrament d&#039;impressores determinat). Tot aix\u00f2, pagant nom\u00e9s per c\u00f2pia impresa.<\/p>\n\n\n\n<p>Amb aquest servei, no nom\u00e9s tindr\u00e0 la cobertura necess\u00e0ria en el manteniment de les impressores, sin\u00f3 que podr\u00e0 estalviar fins a un 30% en els costos d&#039;impressi\u00f3 pels motius seg\u00fcents:<\/p>\n\n\n\n<ul class=\"wp-block-list\">\n<li>Els nostres t\u00e8cnics analitzen a cada moment el nivell de tinta dels cartutxos de les seves impressores. Aix\u00f2 ho fem mitjan\u00e7ant connexi\u00f3, amb un programa monitoritzat amb qu\u00e8 el client no s&#039;ha de preocupar de res.<\/li>\n\n\n\n<li>Subministrem els cartutxos de tinta just en el moment en qu\u00e8 estan a punt de finalitzar els operatius, estalviant en gran mesura la tinta que rebutgem quan canviem un cartutx abans d&#039;hora.<\/li>\n\n\n\n<li>Analitzem des de la nostra empresa l&#039;estat dels components de la impressora, sense necessitat de despla\u00e7ar-nos. Aix\u00f2 ho aconseguim per la connexi\u00f3 en l\u00ednia de les seves impressores al nostre programari de control i supervisi\u00f3.<\/li>\n\n\n\n<li>Al preu per c\u00f2pia van inclosos els costos del r\u00e8nting d&#039;impressores, el manteniment i el suport.<\/li>\n<\/ul>\n\n\n\n<h3 class=\"wp-block-heading\"><strong>El control m\u00e9s prec\u00eds per al manteniment de les impressores<\/strong><\/h3>\n\n\n\n<p>Gr\u00e0cies al nostre programari de gesti\u00f3, els nostres t\u00e8cnics especialistes en el manteniment d&#039;impressores analitzaran permanentment l&#039;estat de les impressores, detectant errors o components que necessiten ser reparats amb antelaci\u00f3, perqu\u00e8 els seus equips d&#039;impressi\u00f3 estiguin sempre operatius.<\/p>\n\n\n\n<p>No dubteu a contactar amb nosaltres si el que necessiteu \u00e9s un servei integral, ja que a APEN no ens limitem a oferir exclusivament solucions d&#039;impressi\u00f3: Ens encarreguem del manteniment inform\u00e0tic, d&#039;oferir cobertura tecnol\u00f2gica en programaris de gesti\u00f3 i en telecomunicacions.<\/p>\n\n\n\n<p>Des del primer moment en qu\u00e8 contacteu amb nosaltres, us sentireu segurs i assessorats, ja que disposem de m\u00e9s de 25 anys d&#039;experi\u00e8ncia ajudant empreses en l&#039;\u00e0mbit de la inform\u00e0tica.<\/p>","protected":false},"excerpt":{"rendered":"<p>Desde nuestra empresa de inform\u00e1tica y de soluciones de impresi\u00f3n, ofrecemos el servicio de mantenimiento de impresoras a todos nuestros clientes de la provincia de Barcelona. En APEN, somos especialistas en ofrecer (mediante venta directa, alquiler o renting) los mejores equipos de impresi\u00f3n, ya que somos una empresa multimarca y podemos ofrecer la impresora que&#8230;<\/p>","protected":false},"author":4,"featured_media":0,"parent":1158,"menu_order":0,"comment_status":"closed","ping_status":"closed","template":"page-landing-renting.php","meta":{"_acf_changed":false,"_kad_blocks_custom_css":"","_kad_blocks_head_custom_js":"","_kad_blocks_body_custom_js":"","_kad_blocks_footer_custom_js":"","_kad_post_transparent":"","_kad_post_title":"","_kad_post_layout":"","_kad_post_sidebar_id":"","_kad_post_content_style":"","_kad_post_vertical_padding":"","_kad_post_feature":"","_kad_post_feature_position":"","_kad_post_header":false,"_kad_post_footer":false,"_kad_post_classname":"","footnotes":""},"class_list":["post-5362","page","type-page","status-publish","hentry"],"acf":[],"yoast_head":"<!-- This site is optimized with the Yoast SEO plugin v27.4 - https:\/\/yoast.com\/product\/yoast-seo-wordpress\/ -->\n<title>Mantenimiento de impresoras - Apen Inform\u00e1tica<\/title>\n<meta name=\"description\" content=\"En Apen ofrecemos el servicio de mantenimiento de impresoras. Somos especialistas en ofrecer los mejores equipos de impresi\u00f3n y las mejores marcas\" \/>\n<meta name=\"robots\" content=\"index, follow, max-snippet:-1, max-image-preview:large, max-video-preview:-1\" \/>\n<link rel=\"canonical\" href=\"https:\/\/www.apen.es\/ca\/solucions-dimpressio\/manteniment-dimpressores\/\" \/>\n<meta property=\"og:locale\" content=\"ca_ES\" \/>\n<meta property=\"og:type\" content=\"article\" \/>\n<meta property=\"og:title\" content=\"Mantenimiento de impresoras - Apen Inform\u00e1tica\" \/>\n<meta property=\"og:description\" content=\"En Apen ofrecemos el servicio de mantenimiento de impresoras. Somos especialistas en ofrecer los mejores equipos de impresi\u00f3n y las mejores marcas\" \/>\n<meta property=\"og:url\" content=\"https:\/\/www.apen.es\/ca\/solucions-dimpressio\/manteniment-dimpressores\/\" \/>\n<meta property=\"og:site_name\" content=\"Apen Inform\u00e1tica\" \/>\n<meta property=\"article:publisher\" content=\"https:\/\/www.facebook.com\/apensolucions\" \/>\n<meta property=\"article:modified_time\" content=\"2025-06-25T11:35:15+00:00\" \/>\n<meta property=\"og:image\" content=\"https:\/\/www.apen.es\/wp-content\/uploads\/2016\/05\/logo-apen-231x82-trasparent.png\" \/>\n\t<meta property=\"og:image:width\" content=\"231\" \/>\n\t<meta property=\"og:image:height\" content=\"82\" \/>\n\t<meta property=\"og:image:type\" content=\"image\/png\" \/>\n<meta name=\"twitter:card\" content=\"summary_large_image\" \/>\n<meta name=\"twitter:label1\" content=\"Temps estimat de lectura\" \/>\n\t<meta name=\"twitter:data1\" content=\"4 minuts\" \/>\n<script type=\"application\/ld+json\" class=\"yoast-schema-graph\">{\"@context\":\"https:\\\/\\\/schema.org\",\"@graph\":[{\"@type\":\"WebPage\",\"@id\":\"https:\\\/\\\/www.apen.es\\\/soluciones-de-impresion\\\/mantenimiento-de-impresoras\\\/\",\"url\":\"https:\\\/\\\/www.apen.es\\\/soluciones-de-impresion\\\/mantenimiento-de-impresoras\\\/\",\"name\":\"Mantenimiento de impresoras - Apen Inform\u00e1tica\",\"isPartOf\":{\"@id\":\"https:\\\/\\\/www.apen.es\\\/#website\"},\"datePublished\":\"2016-10-10T13:21:04+00:00\",\"dateModified\":\"2025-06-25T11:35:15+00:00\",\"description\":\"En Apen ofrecemos el servicio de mantenimiento de impresoras. Somos especialistas en ofrecer los mejores equipos de impresi\u00f3n y las mejores marcas\",\"breadcrumb\":{\"@id\":\"https:\\\/\\\/www.apen.es\\\/soluciones-de-impresion\\\/mantenimiento-de-impresoras\\\/#breadcrumb\"},\"inLanguage\":\"ca\",\"potentialAction\":[{\"@type\":\"ReadAction\",\"target\":[\"https:\\\/\\\/www.apen.es\\\/soluciones-de-impresion\\\/mantenimiento-de-impresoras\\\/\"]}]},{\"@type\":\"BreadcrumbList\",\"@id\":\"https:\\\/\\\/www.apen.es\\\/soluciones-de-impresion\\\/mantenimiento-de-impresoras\\\/#breadcrumb\",\"itemListElement\":[{\"@type\":\"ListItem\",\"position\":1,\"name\":\"Portada\",\"item\":\"https:\\\/\\\/www.apen.es\\\/\"},{\"@type\":\"ListItem\",\"position\":2,\"name\":\"Soluciones de impresi\u00f3n\",\"item\":\"https:\\\/\\\/www.apen.es\\\/soluciones-de-impresion\\\/\"},{\"@type\":\"ListItem\",\"position\":3,\"name\":\"Mantenimiento de impresoras\"}]},{\"@type\":\"WebSite\",\"@id\":\"https:\\\/\\\/www.apen.es\\\/#website\",\"url\":\"https:\\\/\\\/www.apen.es\\\/\",\"name\":\"Apen Inform\u00e1tica\",\"description\":\"Mantenimiento Inform\u00e1tico , Software de Gesti\u00f3n, Soluciones de impresi\u00f3n\",\"publisher\":{\"@id\":\"https:\\\/\\\/www.apen.es\\\/#organization\"},\"potentialAction\":[{\"@type\":\"SearchAction\",\"target\":{\"@type\":\"EntryPoint\",\"urlTemplate\":\"https:\\\/\\\/www.apen.es\\\/?s={search_term_string}\"},\"query-input\":{\"@type\":\"PropertyValueSpecification\",\"valueRequired\":true,\"valueName\":\"search_term_string\"}}],\"inLanguage\":\"ca\"},{\"@type\":\"Organization\",\"@id\":\"https:\\\/\\\/www.apen.es\\\/#organization\",\"name\":\"Apen: Soluciones inform\u00e1ticas\",\"url\":\"https:\\\/\\\/www.apen.es\\\/\",\"logo\":{\"@type\":\"ImageObject\",\"inLanguage\":\"ca\",\"@id\":\"https:\\\/\\\/www.apen.es\\\/#\\\/schema\\\/logo\\\/image\\\/\",\"url\":\"https:\\\/\\\/www.apen.es\\\/wp-content\\\/uploads\\\/2022\\\/08\\\/logo-apenok-231x82-1.png\",\"contentUrl\":\"https:\\\/\\\/www.apen.es\\\/wp-content\\\/uploads\\\/2022\\\/08\\\/logo-apenok-231x82-1.png\",\"width\":231,\"height\":82,\"caption\":\"Apen: Soluciones inform\u00e1ticas\"},\"image\":{\"@id\":\"https:\\\/\\\/www.apen.es\\\/#\\\/schema\\\/logo\\\/image\\\/\"},\"sameAs\":[\"https:\\\/\\\/www.facebook.com\\\/apensolucions\",\"https:\\\/\\\/www.youtube.com\\\/user\\\/ApenCentreInformatic\",\"https:\\\/\\\/www.linkedin.com\\\/company\\\/1021771?trk=tyah&trkInfo=clickedVerticalcompanyclickedEntityId1021771idx2-1-2tarId1464195271196tasapenin\"]}]}<\/script>\n<!-- \/ Yoast SEO plugin. -->","yoast_head_json":{"title":"Manteniment d&#039;impressores - Apen Inform\u00e0tica","description":"A Apen oferim el servei de manteniment d&#039;impressores. Som especialistes en oferir els millors equips d\u00b4impressi\u00f3 i les millors marques","robots":{"index":"index","follow":"follow","max-snippet":"max-snippet:-1","max-image-preview":"max-image-preview:large","max-video-preview":"max-video-preview:-1"},"canonical":"https:\/\/www.apen.es\/ca\/solucions-dimpressio\/manteniment-dimpressores\/","og_locale":"ca_ES","og_type":"article","og_title":"Mantenimiento de impresoras - Apen Inform\u00e1tica","og_description":"En Apen ofrecemos el servicio de mantenimiento de impresoras. Somos especialistas en ofrecer los mejores equipos de impresi\u00f3n y las mejores marcas","og_url":"https:\/\/www.apen.es\/ca\/solucions-dimpressio\/manteniment-dimpressores\/","og_site_name":"Apen Inform\u00e1tica","article_publisher":"https:\/\/www.facebook.com\/apensolucions","article_modified_time":"2025-06-25T11:35:15+00:00","og_image":[{"width":231,"height":82,"url":"https:\/\/www.apen.es\/wp-content\/uploads\/2016\/05\/logo-apen-231x82-trasparent.png","type":"image\/png"}],"twitter_card":"summary_large_image","twitter_misc":{"Temps estimat de lectura":"4 minuts"},"schema":{"@context":"https:\/\/schema.org","@graph":[{"@type":"WebPage","@id":"https:\/\/www.apen.es\/soluciones-de-impresion\/mantenimiento-de-impresoras\/","url":"https:\/\/www.apen.es\/soluciones-de-impresion\/mantenimiento-de-impresoras\/","name":"Manteniment d&#039;impressores - Apen Inform\u00e0tica","isPartOf":{"@id":"https:\/\/www.apen.es\/#website"},"datePublished":"2016-10-10T13:21:04+00:00","dateModified":"2025-06-25T11:35:15+00:00","description":"A Apen oferim el servei de manteniment d&#039;impressores. Som especialistes en oferir els millors equips d\u00b4impressi\u00f3 i les millors marques","breadcrumb":{"@id":"https:\/\/www.apen.es\/soluciones-de-impresion\/mantenimiento-de-impresoras\/#breadcrumb"},"inLanguage":"ca","potentialAction":[{"@type":"ReadAction","target":["https:\/\/www.apen.es\/soluciones-de-impresion\/mantenimiento-de-impresoras\/"]}]},{"@type":"BreadcrumbList","@id":"https:\/\/www.apen.es\/soluciones-de-impresion\/mantenimiento-de-impresoras\/#breadcrumb","itemListElement":[{"@type":"ListItem","position":1,"name":"Portada","item":"https:\/\/www.apen.es\/"},{"@type":"ListItem","position":2,"name":"Soluciones de impresi\u00f3n","item":"https:\/\/www.apen.es\/soluciones-de-impresion\/"},{"@type":"ListItem","position":3,"name":"Mantenimiento de impresoras"}]},{"@type":"WebSite","@id":"https:\/\/www.apen.es\/#website","url":"https:\/\/www.apen.es\/","name":"Apen Inform\u00e0tica","description":"Manteniment inform\u00e0tic , programari de gesti\u00f3, solucions d&#039;impressi\u00f3","publisher":{"@id":"https:\/\/www.apen.es\/#organization"},"potentialAction":[{"@type":"SearchAction","target":{"@type":"EntryPoint","urlTemplate":"https:\/\/www.apen.es\/?s={search_term_string}"},"query-input":{"@type":"PropertyValueSpecification","valueRequired":true,"valueName":"search_term_string"}}],"inLanguage":"ca"},{"@type":"Organization","@id":"https:\/\/www.apen.es\/#organization","name":"Apen: Solucions inform\u00e0tiques","url":"https:\/\/www.apen.es\/","logo":{"@type":"ImageObject","inLanguage":"ca","@id":"https:\/\/www.apen.es\/#\/schema\/logo\/image\/","url":"https:\/\/www.apen.es\/wp-content\/uploads\/2022\/08\/logo-apenok-231x82-1.png","contentUrl":"https:\/\/www.apen.es\/wp-content\/uploads\/2022\/08\/logo-apenok-231x82-1.png","width":231,"height":82,"caption":"Apen: Soluciones inform\u00e1ticas"},"image":{"@id":"https:\/\/www.apen.es\/#\/schema\/logo\/image\/"},"sameAs":["https:\/\/www.facebook.com\/apensolucions","https:\/\/www.youtube.com\/user\/ApenCentreInformatic","https:\/\/www.linkedin.com\/company\/1021771?trk=tyah&trkInfo=clickedVerticalcompanyclickedEntityId1021771idx2-1-2tarId1464195271196tasapenin"]}]}},"taxonomy_info":[],"featured_image_src_large":false,"author_info":{"display_name":"marqueting","author_link":"https:\/\/www.apen.es\/ca\/blog\/author\/marqueting\/"},"comment_info":0,"_links":{"self":[{"href":"https:\/\/www.apen.es\/ca\/wp-json\/wp\/v2\/pages\/5362","targetHints":{"allow":["GET"]}}],"collection":[{"href":"https:\/\/www.apen.es\/ca\/wp-json\/wp\/v2\/pages"}],"about":[{"href":"https:\/\/www.apen.es\/ca\/wp-json\/wp\/v2\/types\/page"}],"author":[{"embeddable":true,"href":"https:\/\/www.apen.es\/ca\/wp-json\/wp\/v2\/users\/4"}],"replies":[{"embeddable":true,"href":"https:\/\/www.apen.es\/ca\/wp-json\/wp\/v2\/comments?post=5362"}],"version-history":[{"count":4,"href":"https:\/\/www.apen.es\/ca\/wp-json\/wp\/v2\/pages\/5362\/revisions"}],"predecessor-version":[{"id":55651,"href":"https:\/\/www.apen.es\/ca\/wp-json\/wp\/v2\/pages\/5362\/revisions\/55651"}],"up":[{"embeddable":true,"href":"https:\/\/www.apen.es\/ca\/wp-json\/wp\/v2\/pages\/1158"}],"wp:attachment":[{"href":"https:\/\/www.apen.es\/ca\/wp-json\/wp\/v2\/media?parent=5362"}],"curies":[{"name":"wp","href":"https:\/\/api.w.org\/{rel}","templated":true}]}}