{"id":5357,"date":"2016-10-10T11:17:44","date_gmt":"2016-10-10T11:17:44","guid":{"rendered":"https:\/\/www.apen.es\/?page_id=5357"},"modified":"2025-06-25T11:37:28","modified_gmt":"2025-06-25T11:37:28","slug":"reciclar-cartutxos-de-tinta-barcelona","status":"publish","type":"page","link":"https:\/\/www.apen.es\/ca\/soluciones-de-impresion\/reciclar-cartuchos-de-tinta-barcelona\/","title":{"rendered":"Reciclar cartutxos de tinta Barcelona"},"content":{"rendered":"<p>A&nbsp;<strong>Apen<\/strong>&nbsp;apostem pel medi ambient i per dur a terme un consum responsable i sostenible, en qu\u00e8 la despesa de&nbsp;<strong>cartutxos de tinta<\/strong>&nbsp;no es converteixi en un consum sense l\u00edmits. A&nbsp;<strong>Apen<\/strong>&nbsp;volem aportar el nostre granet de sorra al medi ambient, gr\u00e0cies al&nbsp;<strong>reciclatge dels cartutxos de tinta<\/strong>. D&#039;aquesta manera col\u00b7laborem a construir un m\u00f3n millor, on la impressi\u00f3 es converteixi en un sistema \u00fatil i conscient, tenint en compte la responsabilitat mediambiental.<\/p>\n\n\n\n<h3 class=\"wp-block-heading has-text-align-center\">Treballem amb marques que reciclen tots els cartutxos de tinta dels vostres equips d&#039;impressi\u00f3<\/h3>\n\n\n\n<p>Els t\u00f2ner s\u00f3n utilitzats di\u00e0riament per realitzar impressions a oficines, escoles i llars, per aquest motiu a&nbsp;<strong>Apen<\/strong>&nbsp;ens preocupa l&#039;enorme quantitat de deixalles que es generen en aquests llocs i l&#039;enorme dany que es fa al medi ambient en no donar-los el tractament adequat.<\/p>\n\n\n\n<p><strong>El reciclatge de cartutxos de tinta<\/strong>&nbsp;beneficia les empreses estalviant considerables sumes de diners anualment. S&#039;ha estimat que l&#039;estalvi que es pot assolir, per aquesta via, oscil\u00b7la entre el 30% i el 60% de la despesa que s&#039;efectua normalment. A&nbsp;<strong>Apen<\/strong>&nbsp;resulta primordial&nbsp;<strong>reciclar els cartutxos de tinta<\/strong>&nbsp;buits per no exposar al medi ambient materials tan contaminants. Aquesta satisfacci\u00f3 \u00e9s el motor clau que ens ha perm\u00e8s continuar sent tot un centre de refer\u00e8ncia en oferir solucions d&#039;impressi\u00f3 i altres serveis de manteniment i gesti\u00f3 inform\u00e0tics. A&nbsp;<strong>Apen<\/strong>&nbsp;sabem que el&nbsp;<strong>reciclatge de cartutxos de tinta<\/strong>&nbsp;representa m\u00faltiples beneficis als usuaris, pel baix cost que representa.<\/p>\n\n\n\n<blockquote class=\"wp-block-quote is-layout-flow wp-block-quote-is-layout-flow\">\n<h3 class=\"wp-block-heading\">Estalvia fins a un 30% en els costos d&#039;impressi\u00f3, pagant nom\u00e9s pel que imprimeixes, i redueix els residus generats<\/h3>\n<\/blockquote>\n\n\n\n<p><strong>Apen<\/strong>&nbsp;realitza el&nbsp;<strong>reciclatge de cartutxos de tinta<\/strong>&nbsp;perqu\u00e8 aquest proc\u00e9s evita milions de tones de petroli desaprofitat. El reciclatge contribueix a la conservaci\u00f3 del medi ambient, reduint els elements no biodegradables que contenen, per aconseguir que el material no sigui t\u00f2xic ni romangui \u00edntegre a l&#039;ecosistema, al llarg dels anys. D&#039;aquesta manera s&#039;evita la fabricaci\u00f3 del pl\u00e0stic de&nbsp;<strong>els cartutxos de tinta<\/strong>&nbsp;i que tones d&#039;escombraries arribin als sanitaris on demorarien centenars d&#039;anys a degradar-se.<\/p>\n\n\n\n<p><strong>El reciclatge dels cartutxos de tinta<\/strong>&nbsp;\u00e9s un factor molt important per&nbsp;<strong>Apen<\/strong>. Gr\u00e0cies al&nbsp;<strong>reciclatge de cartutxos de tinta<\/strong>, aconseguim que prop de 38.000 tones de materials pl\u00e0stics no acabin amuntegats en algun escombriaire, focus de gasos i deixalles contaminants. El&nbsp;<strong>reciclatge de cartutxos de tinta<\/strong>&nbsp;de&nbsp;<strong>Apen<\/strong>&nbsp;consisteix a canviar tots els components interns que pateixen desgast, com desmuntar el t\u00f2ner per a la seva neteja i substituci\u00f3 posterior de totes les peces que tinguin un cicle de vida determinat, per altres de noves. Aix\u00ed com carregar de pols de t\u00f2ner i muntar de nou, realitzar un test on es prova la qualitat de la impressi\u00f3 i el funcionament correcte del t\u00f2ner, respectar i cuidar el medi ambient comen\u00e7a en les accions que faci cada persona. L&#039;\u00fas de materials reciclats en els processos de producci\u00f3 contribueix a la protecci\u00f3 del planeta.&nbsp;<strong>cartutx de tinta reciclat<\/strong>&nbsp;ajuda que els recursos renovables, com els arbres, puguin ser salvats. Per aix\u00f2 a&nbsp;<strong>Apen<\/strong>&nbsp;contribu\u00efm al medi ambient&nbsp;<strong>reciclant tots els cartutxos de tinta<\/strong>.<\/p>","protected":false},"excerpt":{"rendered":"<p>En&nbsp;Apen&nbsp;apostamos por el medio ambiente y por llevar a cabo un consumo responsable y sostenible, en el que el gasto de&nbsp;cartuchos de tinta&nbsp;no se convierta en un consumo sin l\u00edmites. En&nbsp;Apen&nbsp;queremos aportar nuestro granito de arena al medio ambiente, gracias al&nbsp;reciclaje de los cartuchos de tinta. De esta forma colaboramos a construir un mundo mejor,&#8230;<\/p>","protected":false},"author":4,"featured_media":0,"parent":1158,"menu_order":0,"comment_status":"closed","ping_status":"closed","template":"page-landing-renting.php","meta":{"_acf_changed":false,"_kad_blocks_custom_css":"","_kad_blocks_head_custom_js":"","_kad_blocks_body_custom_js":"","_kad_blocks_footer_custom_js":"","_kad_post_transparent":"","_kad_post_title":"","_kad_post_layout":"","_kad_post_sidebar_id":"","_kad_post_content_style":"","_kad_post_vertical_padding":"","_kad_post_feature":"","_kad_post_feature_position":"","_kad_post_header":false,"_kad_post_footer":false,"_kad_post_classname":"","footnotes":""},"class_list":["post-5357","page","type-page","status-publish","hentry"],"acf":[],"yoast_head":"<!-- This site is optimized with the Yoast SEO plugin v27.4 - https:\/\/yoast.com\/product\/yoast-seo-wordpress\/ -->\n<title>Reciclar cartuchos de tinta Barcelona - Apen Inform\u00e1tica<\/title>\n<meta name=\"description\" content=\"Con el servicio de APEN en Barcelona y reciclando cartuchos de tinta, ahorrar\u00e1s hasta un 30% en los costes de impresi\u00f3n. Ll\u00e1manos al 938 606 220 sin compromiso.\" \/>\n<meta name=\"robots\" content=\"index, follow, max-snippet:-1, max-image-preview:large, max-video-preview:-1\" \/>\n<link rel=\"canonical\" href=\"https:\/\/www.apen.es\/ca\/solucions-dimpressio\/reciclar-cartutxos-de-tinta-barcelona\/\" \/>\n<meta property=\"og:locale\" content=\"ca_ES\" \/>\n<meta property=\"og:type\" content=\"article\" \/>\n<meta property=\"og:title\" content=\"Reciclar cartuchos de tinta Barcelona - Apen Inform\u00e1tica\" \/>\n<meta property=\"og:description\" content=\"Con el servicio de APEN en Barcelona y reciclando cartuchos de tinta, ahorrar\u00e1s hasta un 30% en los costes de impresi\u00f3n. Ll\u00e1manos al 938 606 220 sin compromiso.\" \/>\n<meta property=\"og:url\" content=\"https:\/\/www.apen.es\/ca\/solucions-dimpressio\/reciclar-cartutxos-de-tinta-barcelona\/\" \/>\n<meta property=\"og:site_name\" content=\"Apen Inform\u00e1tica\" \/>\n<meta property=\"article:publisher\" content=\"https:\/\/www.facebook.com\/apensolucions\" \/>\n<meta property=\"article:modified_time\" content=\"2025-06-25T11:37:28+00:00\" \/>\n<meta property=\"og:image\" content=\"https:\/\/www.apen.es\/wp-content\/uploads\/2016\/05\/logo-apen-231x82-trasparent.png\" \/>\n\t<meta property=\"og:image:width\" content=\"231\" \/>\n\t<meta property=\"og:image:height\" content=\"82\" \/>\n\t<meta property=\"og:image:type\" content=\"image\/png\" \/>\n<meta name=\"twitter:card\" content=\"summary_large_image\" \/>\n<meta name=\"twitter:label1\" content=\"Temps estimat de lectura\" \/>\n\t<meta name=\"twitter:data1\" content=\"4 minuts\" \/>\n<script type=\"application\/ld+json\" class=\"yoast-schema-graph\">{\"@context\":\"https:\\\/\\\/schema.org\",\"@graph\":[{\"@type\":\"WebPage\",\"@id\":\"https:\\\/\\\/www.apen.es\\\/soluciones-de-impresion\\\/reciclar-cartuchos-de-tinta-barcelona\\\/\",\"url\":\"https:\\\/\\\/www.apen.es\\\/soluciones-de-impresion\\\/reciclar-cartuchos-de-tinta-barcelona\\\/\",\"name\":\"Reciclar cartuchos de tinta Barcelona - Apen Inform\u00e1tica\",\"isPartOf\":{\"@id\":\"https:\\\/\\\/www.apen.es\\\/#website\"},\"datePublished\":\"2016-10-10T11:17:44+00:00\",\"dateModified\":\"2025-06-25T11:37:28+00:00\",\"description\":\"Con el servicio de APEN en Barcelona y reciclando cartuchos de tinta, ahorrar\u00e1s hasta un 30% en los costes de impresi\u00f3n. Ll\u00e1manos al 938 606 220 sin compromiso.\",\"breadcrumb\":{\"@id\":\"https:\\\/\\\/www.apen.es\\\/soluciones-de-impresion\\\/reciclar-cartuchos-de-tinta-barcelona\\\/#breadcrumb\"},\"inLanguage\":\"ca\",\"potentialAction\":[{\"@type\":\"ReadAction\",\"target\":[\"https:\\\/\\\/www.apen.es\\\/soluciones-de-impresion\\\/reciclar-cartuchos-de-tinta-barcelona\\\/\"]}]},{\"@type\":\"BreadcrumbList\",\"@id\":\"https:\\\/\\\/www.apen.es\\\/soluciones-de-impresion\\\/reciclar-cartuchos-de-tinta-barcelona\\\/#breadcrumb\",\"itemListElement\":[{\"@type\":\"ListItem\",\"position\":1,\"name\":\"Portada\",\"item\":\"https:\\\/\\\/www.apen.es\\\/\"},{\"@type\":\"ListItem\",\"position\":2,\"name\":\"Soluciones de impresi\u00f3n\",\"item\":\"https:\\\/\\\/www.apen.es\\\/soluciones-de-impresion\\\/\"},{\"@type\":\"ListItem\",\"position\":3,\"name\":\"Reciclar cartuchos de tinta Barcelona\"}]},{\"@type\":\"WebSite\",\"@id\":\"https:\\\/\\\/www.apen.es\\\/#website\",\"url\":\"https:\\\/\\\/www.apen.es\\\/\",\"name\":\"Apen Inform\u00e1tica\",\"description\":\"Mantenimiento Inform\u00e1tico , Software de Gesti\u00f3n, Soluciones de impresi\u00f3n\",\"publisher\":{\"@id\":\"https:\\\/\\\/www.apen.es\\\/#organization\"},\"potentialAction\":[{\"@type\":\"SearchAction\",\"target\":{\"@type\":\"EntryPoint\",\"urlTemplate\":\"https:\\\/\\\/www.apen.es\\\/?s={search_term_string}\"},\"query-input\":{\"@type\":\"PropertyValueSpecification\",\"valueRequired\":true,\"valueName\":\"search_term_string\"}}],\"inLanguage\":\"ca\"},{\"@type\":\"Organization\",\"@id\":\"https:\\\/\\\/www.apen.es\\\/#organization\",\"name\":\"Apen: Soluciones inform\u00e1ticas\",\"url\":\"https:\\\/\\\/www.apen.es\\\/\",\"logo\":{\"@type\":\"ImageObject\",\"inLanguage\":\"ca\",\"@id\":\"https:\\\/\\\/www.apen.es\\\/#\\\/schema\\\/logo\\\/image\\\/\",\"url\":\"https:\\\/\\\/www.apen.es\\\/wp-content\\\/uploads\\\/2022\\\/08\\\/logo-apenok-231x82-1.png\",\"contentUrl\":\"https:\\\/\\\/www.apen.es\\\/wp-content\\\/uploads\\\/2022\\\/08\\\/logo-apenok-231x82-1.png\",\"width\":231,\"height\":82,\"caption\":\"Apen: Soluciones inform\u00e1ticas\"},\"image\":{\"@id\":\"https:\\\/\\\/www.apen.es\\\/#\\\/schema\\\/logo\\\/image\\\/\"},\"sameAs\":[\"https:\\\/\\\/www.facebook.com\\\/apensolucions\",\"https:\\\/\\\/www.youtube.com\\\/user\\\/ApenCentreInformatic\",\"https:\\\/\\\/www.linkedin.com\\\/company\\\/1021771?trk=tyah&trkInfo=clickedVerticalcompanyclickedEntityId1021771idx2-1-2tarId1464195271196tasapenin\"]}]}<\/script>\n<!-- \/ Yoast SEO plugin. -->","yoast_head_json":{"title":"Reciclar cartutxos de tinta Barcelona - Apen Inform\u00e0tica","description":"Amb el servei d&#039;APEN a Barcelona i reciclant cartutxos de tinta, estalviareu fins a un 30% en els costos d&#039;impressi\u00f3. Truca&#039;ns al 938 606 220 sense comprom\u00eds.","robots":{"index":"index","follow":"follow","max-snippet":"max-snippet:-1","max-image-preview":"max-image-preview:large","max-video-preview":"max-video-preview:-1"},"canonical":"https:\/\/www.apen.es\/ca\/solucions-dimpressio\/reciclar-cartutxos-de-tinta-barcelona\/","og_locale":"ca_ES","og_type":"article","og_title":"Reciclar cartuchos de tinta Barcelona - Apen Inform\u00e1tica","og_description":"Con el servicio de APEN en Barcelona y reciclando cartuchos de tinta, ahorrar\u00e1s hasta un 30% en los costes de impresi\u00f3n. Ll\u00e1manos al 938 606 220 sin compromiso.","og_url":"https:\/\/www.apen.es\/ca\/solucions-dimpressio\/reciclar-cartutxos-de-tinta-barcelona\/","og_site_name":"Apen Inform\u00e1tica","article_publisher":"https:\/\/www.facebook.com\/apensolucions","article_modified_time":"2025-06-25T11:37:28+00:00","og_image":[{"width":231,"height":82,"url":"https:\/\/www.apen.es\/wp-content\/uploads\/2016\/05\/logo-apen-231x82-trasparent.png","type":"image\/png"}],"twitter_card":"summary_large_image","twitter_misc":{"Temps estimat de lectura":"4 minuts"},"schema":{"@context":"https:\/\/schema.org","@graph":[{"@type":"WebPage","@id":"https:\/\/www.apen.es\/soluciones-de-impresion\/reciclar-cartuchos-de-tinta-barcelona\/","url":"https:\/\/www.apen.es\/soluciones-de-impresion\/reciclar-cartuchos-de-tinta-barcelona\/","name":"Reciclar cartutxos de tinta Barcelona - Apen Inform\u00e0tica","isPartOf":{"@id":"https:\/\/www.apen.es\/#website"},"datePublished":"2016-10-10T11:17:44+00:00","dateModified":"2025-06-25T11:37:28+00:00","description":"Amb el servei d&#039;APEN a Barcelona i reciclant cartutxos de tinta, estalviareu fins a un 30% en els costos d&#039;impressi\u00f3. Truca&#039;ns al 938 606 220 sense comprom\u00eds.","breadcrumb":{"@id":"https:\/\/www.apen.es\/soluciones-de-impresion\/reciclar-cartuchos-de-tinta-barcelona\/#breadcrumb"},"inLanguage":"ca","potentialAction":[{"@type":"ReadAction","target":["https:\/\/www.apen.es\/soluciones-de-impresion\/reciclar-cartuchos-de-tinta-barcelona\/"]}]},{"@type":"BreadcrumbList","@id":"https:\/\/www.apen.es\/soluciones-de-impresion\/reciclar-cartuchos-de-tinta-barcelona\/#breadcrumb","itemListElement":[{"@type":"ListItem","position":1,"name":"Portada","item":"https:\/\/www.apen.es\/"},{"@type":"ListItem","position":2,"name":"Soluciones de impresi\u00f3n","item":"https:\/\/www.apen.es\/soluciones-de-impresion\/"},{"@type":"ListItem","position":3,"name":"Reciclar cartuchos de tinta Barcelona"}]},{"@type":"WebSite","@id":"https:\/\/www.apen.es\/#website","url":"https:\/\/www.apen.es\/","name":"Apen Inform\u00e0tica","description":"Manteniment inform\u00e0tic , programari de gesti\u00f3, solucions d&#039;impressi\u00f3","publisher":{"@id":"https:\/\/www.apen.es\/#organization"},"potentialAction":[{"@type":"SearchAction","target":{"@type":"EntryPoint","urlTemplate":"https:\/\/www.apen.es\/?s={search_term_string}"},"query-input":{"@type":"PropertyValueSpecification","valueRequired":true,"valueName":"search_term_string"}}],"inLanguage":"ca"},{"@type":"Organization","@id":"https:\/\/www.apen.es\/#organization","name":"Apen: Solucions inform\u00e0tiques","url":"https:\/\/www.apen.es\/","logo":{"@type":"ImageObject","inLanguage":"ca","@id":"https:\/\/www.apen.es\/#\/schema\/logo\/image\/","url":"https:\/\/www.apen.es\/wp-content\/uploads\/2022\/08\/logo-apenok-231x82-1.png","contentUrl":"https:\/\/www.apen.es\/wp-content\/uploads\/2022\/08\/logo-apenok-231x82-1.png","width":231,"height":82,"caption":"Apen: Soluciones inform\u00e1ticas"},"image":{"@id":"https:\/\/www.apen.es\/#\/schema\/logo\/image\/"},"sameAs":["https:\/\/www.facebook.com\/apensolucions","https:\/\/www.youtube.com\/user\/ApenCentreInformatic","https:\/\/www.linkedin.com\/company\/1021771?trk=tyah&trkInfo=clickedVerticalcompanyclickedEntityId1021771idx2-1-2tarId1464195271196tasapenin"]}]}},"taxonomy_info":[],"featured_image_src_large":false,"author_info":{"display_name":"marqueting","author_link":"https:\/\/www.apen.es\/ca\/blog\/author\/marqueting\/"},"comment_info":0,"_links":{"self":[{"href":"https:\/\/www.apen.es\/ca\/wp-json\/wp\/v2\/pages\/5357","targetHints":{"allow":["GET"]}}],"collection":[{"href":"https:\/\/www.apen.es\/ca\/wp-json\/wp\/v2\/pages"}],"about":[{"href":"https:\/\/www.apen.es\/ca\/wp-json\/wp\/v2\/types\/page"}],"author":[{"embeddable":true,"href":"https:\/\/www.apen.es\/ca\/wp-json\/wp\/v2\/users\/4"}],"replies":[{"embeddable":true,"href":"https:\/\/www.apen.es\/ca\/wp-json\/wp\/v2\/comments?post=5357"}],"version-history":[{"count":5,"href":"https:\/\/www.apen.es\/ca\/wp-json\/wp\/v2\/pages\/5357\/revisions"}],"predecessor-version":[{"id":55654,"href":"https:\/\/www.apen.es\/ca\/wp-json\/wp\/v2\/pages\/5357\/revisions\/55654"}],"up":[{"embeddable":true,"href":"https:\/\/www.apen.es\/ca\/wp-json\/wp\/v2\/pages\/1158"}],"wp:attachment":[{"href":"https:\/\/www.apen.es\/ca\/wp-json\/wp\/v2\/media?parent=5357"}],"curies":[{"name":"wp","href":"https:\/\/api.w.org\/{rel}","templated":true}]}}