{"id":5314,"date":"2016-10-07T11:51:51","date_gmt":"2016-10-07T11:51:51","guid":{"rendered":"https:\/\/www.apen.es\/?page_id=5314"},"modified":"2025-06-25T11:22:50","modified_gmt":"2025-06-25T11:22:50","slug":"impressores-economiques-barcelona","status":"publish","type":"page","link":"https:\/\/www.apen.es\/ca\/soluciones-de-impresion\/impresoras-economicas-barcelona\/","title":{"rendered":"Impressores econ\u00f2miques Barcelona"},"content":{"rendered":"<p>En el moment de triar-ne una&nbsp;<strong>impressora econ\u00f2mica<\/strong>, les empreses han de tenir en compte diferents models, preus, funcionalitats, tecnologies, etc.  Si vols obtenir una&nbsp;<strong>impressora econ\u00f2mica<\/strong>&nbsp;que no perdi qualitat, a&nbsp;<strong>Apen<\/strong>&nbsp;t&#039;oferim&nbsp;<strong>solucions d&#039;impressi\u00f3<\/strong>&nbsp;per triar l&#039;opci\u00f3 que s&#039;adapti m\u00e9s a la teva empresa i aquella que et produeixi un estalvi m\u00e9s gran. Les&nbsp;<strong>impressores econ\u00f2miques<\/strong>&nbsp;no tenen perqu\u00e8 tenir menys qualitat, nom\u00e9s cal deixar-se assessorar per experts en el sector, com els treballadors t\u00e8cnics de&nbsp;<strong>Apen<\/strong>, que et podran aconsellar les millors&nbsp;<strong>solucions d&#039;impressi\u00f3<\/strong>.<\/p>\n\n\n\n<p>A&nbsp;<strong>Apen<\/strong>&nbsp;t&#039;oferim&nbsp;<strong>solucions d&#039;impressi\u00f3<\/strong>&nbsp;amb&nbsp;<strong>impressores econ\u00f2miques<\/strong>, perqu\u00e8 la despesa anual d&#039;impressions de la vostra empresa sigui el m\u00ednim possible, sempre garantint un servei de m\u00e0xima qualitat. Si una empresa compra una impressora cal que aquesta, pugui complir la seva funci\u00f3 d&#039;una manera eficient i funcional, oferint un servei de qualitat i manteniment econ\u00f2mic per a l&#039;empresa. Per aix\u00f2 a&nbsp;<strong>Apen<\/strong>&nbsp;sempre fem un estudi professional, on observem quines s\u00f3n les necessitats reals de l&#039;empresa i poder-ne valorar, aix\u00ed, una&nbsp;<strong>impressora econ\u00f2mica<\/strong>&nbsp;que s&#039;adapti a l&#039;empresa. D&#039;aquesta manera podem garantir&nbsp;<strong>solucions d&#039;impressi\u00f3 \u00f2ptimes i eficients<\/strong>. Tamb\u00e9 \u00e9s molt important controlar el&nbsp;<strong>volum d&#039;impressi\u00f3 mensual<\/strong>, per aix\u00f2&nbsp;<strong>Apen<\/strong>&nbsp;s&#039;encarrega d&#039;optimitzar aquest servei i estudia tots els factors com ara el nombre de safates que t\u00e9 la impressora, la capacitat per imprimir sense estar pendent del paper, sobretot fem tirades llargues o tenim un volum molt alt. Una altra de les&nbsp;<strong>solucions d&#039;impressi\u00f3<\/strong>&nbsp;que ofereix&nbsp;<strong>Apen,&nbsp;<\/strong>per aconseguir que la teva<strong>&nbsp;impressora&nbsp;<\/strong>sigui<strong>&nbsp;econ\u00f2mica&nbsp;<\/strong>\u00e9s el nombre d&#039;usuaris que imprimeixen, ja que no totes les impressores estan pensades per donar servei al mateix rang d&#039;usuaris. A&nbsp;<strong>Apen<\/strong>&nbsp;tamb\u00e9 tenim molt en compte si l&#039;empresa necessita una sola impressora o una impressora multifunci\u00f3, ja que no totes les empreses compten amb el mateix nombre d&#039;empleats ni amb les mateixes necessitats d&#039;impressi\u00f3.<\/p>\n\n\n\n<p><strong>Apen<\/strong>&nbsp;ofereix&nbsp;<strong>solucions d&#039;impressi\u00f3 a mida<\/strong>&nbsp;i tamb\u00e9 t\u00e9 en compte factors com si l&#039;empresa necessita una gesti\u00f3 avan\u00e7ada o b\u00e9 una gesti\u00f3 b\u00e0sica d&#039;impressores en xarxa per controlar el volum d&#039;impressi\u00f3 o gestionar les impressores des de control remot. Hi ha moltes&nbsp;<strong>impressores econ\u00f2miques<\/strong>&nbsp;al mercat, moltes opcions on poder triar i totes diuen tenir molts avantatges, per\u00f2 la realitat \u00e9s que, si no est\u00e0s especialitzat en el sector de la impressi\u00f3, \u00e9s f\u00e0cil caure en productes de baixa qualitat. Si realment vols triar una bona&nbsp;<strong>impressora<\/strong>&nbsp;professional i&nbsp;<strong>econ\u00f2mica<\/strong>, no et pots deixar portar per la intu\u00efci\u00f3, ni tampoc per promeses o mitges veritats. A&nbsp;<strong>Apen<\/strong>&nbsp;sabem quines fortaleses i quines debilitats ofereix cada marca, sempre treballant amb les marques m\u00e9s potents del mercat per oferir les millors&nbsp;<strong>solucions d&#039;impressi\u00f3<\/strong>&nbsp;als nostres clients.<\/p>","protected":false},"excerpt":{"rendered":"<p>En el momento de elegir una&nbsp;impresora econ\u00f3mica, las empresas deben tener en cuenta diferentes modelos, precios, funcionalidades, tecnolog\u00edas, etc. &nbsp;Si deseas obtener una&nbsp;impresora econ\u00f3mica&nbsp;que no pierda calidad, en&nbsp;Apen&nbsp;te ofrecemos&nbsp;soluciones de impresi\u00f3n&nbsp;para elegir la opci\u00f3n que se adapte m\u00e1s a tu empresa y aquella que te produzca un mayor ahorro. Las&nbsp;impresoras econ\u00f3micas&nbsp;no tienen por qu\u00e9 tener&#8230;<\/p>","protected":false},"author":4,"featured_media":0,"parent":1158,"menu_order":0,"comment_status":"closed","ping_status":"closed","template":"page-landing-renting.php","meta":{"_acf_changed":false,"_kad_blocks_custom_css":"","_kad_blocks_head_custom_js":"","_kad_blocks_body_custom_js":"","_kad_blocks_footer_custom_js":"","_kad_post_transparent":"","_kad_post_title":"","_kad_post_layout":"","_kad_post_sidebar_id":"","_kad_post_content_style":"","_kad_post_vertical_padding":"","_kad_post_feature":"","_kad_post_feature_position":"","_kad_post_header":false,"_kad_post_footer":false,"_kad_post_classname":"","footnotes":""},"class_list":["post-5314","page","type-page","status-publish","hentry"],"acf":[],"yoast_head":"<!-- This site is optimized with the Yoast SEO plugin v27.4 - https:\/\/yoast.com\/product\/yoast-seo-wordpress\/ -->\n<title>Impresoras econ\u00f3micas Barcelona - Apen Inform\u00e1tica<\/title>\n<meta name=\"description\" content=\"Para comprar Impresoras econ\u00f3micas en Barcelona, las empresas deben tener en cuenta diferentes modelos, precios, funcionalidades, tecnolog\u00edas, etc.\" \/>\n<meta name=\"robots\" content=\"index, follow, max-snippet:-1, max-image-preview:large, max-video-preview:-1\" \/>\n<link rel=\"canonical\" href=\"https:\/\/www.apen.es\/ca\/solucions-dimpressio\/impressores-economiques-barcelona\/\" \/>\n<meta property=\"og:locale\" content=\"ca_ES\" \/>\n<meta property=\"og:type\" content=\"article\" \/>\n<meta property=\"og:title\" content=\"Impresoras econ\u00f3micas Barcelona - Apen Inform\u00e1tica\" \/>\n<meta property=\"og:description\" content=\"Para comprar Impresoras econ\u00f3micas en Barcelona, las empresas deben tener en cuenta diferentes modelos, precios, funcionalidades, tecnolog\u00edas, etc.\" \/>\n<meta property=\"og:url\" content=\"https:\/\/www.apen.es\/ca\/solucions-dimpressio\/impressores-economiques-barcelona\/\" \/>\n<meta property=\"og:site_name\" content=\"Apen Inform\u00e1tica\" \/>\n<meta property=\"article:publisher\" content=\"https:\/\/www.facebook.com\/apensolucions\" \/>\n<meta property=\"article:modified_time\" content=\"2025-06-25T11:22:50+00:00\" \/>\n<meta property=\"og:image\" content=\"https:\/\/www.apen.es\/wp-content\/uploads\/2016\/05\/logo-apen-231x82-trasparent.png\" \/>\n\t<meta property=\"og:image:width\" content=\"231\" \/>\n\t<meta property=\"og:image:height\" content=\"82\" \/>\n\t<meta property=\"og:image:type\" content=\"image\/png\" \/>\n<meta name=\"twitter:card\" content=\"summary_large_image\" \/>\n<meta name=\"twitter:label1\" content=\"Temps estimat de lectura\" \/>\n\t<meta name=\"twitter:data1\" content=\"4 minuts\" \/>\n<script type=\"application\/ld+json\" class=\"yoast-schema-graph\">{\"@context\":\"https:\\\/\\\/schema.org\",\"@graph\":[{\"@type\":\"WebPage\",\"@id\":\"https:\\\/\\\/www.apen.es\\\/soluciones-de-impresion\\\/impresoras-economicas-barcelona\\\/\",\"url\":\"https:\\\/\\\/www.apen.es\\\/soluciones-de-impresion\\\/impresoras-economicas-barcelona\\\/\",\"name\":\"Impresoras econ\u00f3micas Barcelona - Apen Inform\u00e1tica\",\"isPartOf\":{\"@id\":\"https:\\\/\\\/www.apen.es\\\/#website\"},\"datePublished\":\"2016-10-07T11:51:51+00:00\",\"dateModified\":\"2025-06-25T11:22:50+00:00\",\"description\":\"Para comprar Impresoras econ\u00f3micas en Barcelona, las empresas deben tener en cuenta diferentes modelos, precios, funcionalidades, tecnolog\u00edas, etc.\",\"breadcrumb\":{\"@id\":\"https:\\\/\\\/www.apen.es\\\/soluciones-de-impresion\\\/impresoras-economicas-barcelona\\\/#breadcrumb\"},\"inLanguage\":\"ca\",\"potentialAction\":[{\"@type\":\"ReadAction\",\"target\":[\"https:\\\/\\\/www.apen.es\\\/soluciones-de-impresion\\\/impresoras-economicas-barcelona\\\/\"]}]},{\"@type\":\"BreadcrumbList\",\"@id\":\"https:\\\/\\\/www.apen.es\\\/soluciones-de-impresion\\\/impresoras-economicas-barcelona\\\/#breadcrumb\",\"itemListElement\":[{\"@type\":\"ListItem\",\"position\":1,\"name\":\"Portada\",\"item\":\"https:\\\/\\\/www.apen.es\\\/\"},{\"@type\":\"ListItem\",\"position\":2,\"name\":\"Soluciones de impresi\u00f3n\",\"item\":\"https:\\\/\\\/www.apen.es\\\/soluciones-de-impresion\\\/\"},{\"@type\":\"ListItem\",\"position\":3,\"name\":\"Impresoras econ\u00f3micas Barcelona\"}]},{\"@type\":\"WebSite\",\"@id\":\"https:\\\/\\\/www.apen.es\\\/#website\",\"url\":\"https:\\\/\\\/www.apen.es\\\/\",\"name\":\"Apen Inform\u00e1tica\",\"description\":\"Mantenimiento Inform\u00e1tico , Software de Gesti\u00f3n, Soluciones de impresi\u00f3n\",\"publisher\":{\"@id\":\"https:\\\/\\\/www.apen.es\\\/#organization\"},\"potentialAction\":[{\"@type\":\"SearchAction\",\"target\":{\"@type\":\"EntryPoint\",\"urlTemplate\":\"https:\\\/\\\/www.apen.es\\\/?s={search_term_string}\"},\"query-input\":{\"@type\":\"PropertyValueSpecification\",\"valueRequired\":true,\"valueName\":\"search_term_string\"}}],\"inLanguage\":\"ca\"},{\"@type\":\"Organization\",\"@id\":\"https:\\\/\\\/www.apen.es\\\/#organization\",\"name\":\"Apen: Soluciones inform\u00e1ticas\",\"url\":\"https:\\\/\\\/www.apen.es\\\/\",\"logo\":{\"@type\":\"ImageObject\",\"inLanguage\":\"ca\",\"@id\":\"https:\\\/\\\/www.apen.es\\\/#\\\/schema\\\/logo\\\/image\\\/\",\"url\":\"https:\\\/\\\/www.apen.es\\\/wp-content\\\/uploads\\\/2022\\\/08\\\/logo-apenok-231x82-1.png\",\"contentUrl\":\"https:\\\/\\\/www.apen.es\\\/wp-content\\\/uploads\\\/2022\\\/08\\\/logo-apenok-231x82-1.png\",\"width\":231,\"height\":82,\"caption\":\"Apen: Soluciones inform\u00e1ticas\"},\"image\":{\"@id\":\"https:\\\/\\\/www.apen.es\\\/#\\\/schema\\\/logo\\\/image\\\/\"},\"sameAs\":[\"https:\\\/\\\/www.facebook.com\\\/apensolucions\",\"https:\\\/\\\/www.youtube.com\\\/user\\\/ApenCentreInformatic\",\"https:\\\/\\\/www.linkedin.com\\\/company\\\/1021771?trk=tyah&trkInfo=clickedVerticalcompanyclickedEntityId1021771idx2-1-2tarId1464195271196tasapenin\"]}]}<\/script>\n<!-- \/ Yoast SEO plugin. -->","yoast_head_json":{"title":"Impressores econ\u00f2miques Barcelona - Apen Inform\u00e0tica","description":"Per comprar Impressores econ\u00f2miques a Barcelona, les empreses han de tenir en compte diferents models, preus, funcionalitats, tecnologies, etc.","robots":{"index":"index","follow":"follow","max-snippet":"max-snippet:-1","max-image-preview":"max-image-preview:large","max-video-preview":"max-video-preview:-1"},"canonical":"https:\/\/www.apen.es\/ca\/solucions-dimpressio\/impressores-economiques-barcelona\/","og_locale":"ca_ES","og_type":"article","og_title":"Impresoras econ\u00f3micas Barcelona - Apen Inform\u00e1tica","og_description":"Para comprar Impresoras econ\u00f3micas en Barcelona, las empresas deben tener en cuenta diferentes modelos, precios, funcionalidades, tecnolog\u00edas, etc.","og_url":"https:\/\/www.apen.es\/ca\/solucions-dimpressio\/impressores-economiques-barcelona\/","og_site_name":"Apen Inform\u00e1tica","article_publisher":"https:\/\/www.facebook.com\/apensolucions","article_modified_time":"2025-06-25T11:22:50+00:00","og_image":[{"width":231,"height":82,"url":"https:\/\/www.apen.es\/wp-content\/uploads\/2016\/05\/logo-apen-231x82-trasparent.png","type":"image\/png"}],"twitter_card":"summary_large_image","twitter_misc":{"Temps estimat de lectura":"4 minuts"},"schema":{"@context":"https:\/\/schema.org","@graph":[{"@type":"WebPage","@id":"https:\/\/www.apen.es\/soluciones-de-impresion\/impresoras-economicas-barcelona\/","url":"https:\/\/www.apen.es\/soluciones-de-impresion\/impresoras-economicas-barcelona\/","name":"Impressores econ\u00f2miques Barcelona - Apen Inform\u00e0tica","isPartOf":{"@id":"https:\/\/www.apen.es\/#website"},"datePublished":"2016-10-07T11:51:51+00:00","dateModified":"2025-06-25T11:22:50+00:00","description":"Per comprar Impressores econ\u00f2miques a Barcelona, les empreses han de tenir en compte diferents models, preus, funcionalitats, tecnologies, etc.","breadcrumb":{"@id":"https:\/\/www.apen.es\/soluciones-de-impresion\/impresoras-economicas-barcelona\/#breadcrumb"},"inLanguage":"ca","potentialAction":[{"@type":"ReadAction","target":["https:\/\/www.apen.es\/soluciones-de-impresion\/impresoras-economicas-barcelona\/"]}]},{"@type":"BreadcrumbList","@id":"https:\/\/www.apen.es\/soluciones-de-impresion\/impresoras-economicas-barcelona\/#breadcrumb","itemListElement":[{"@type":"ListItem","position":1,"name":"Portada","item":"https:\/\/www.apen.es\/"},{"@type":"ListItem","position":2,"name":"Soluciones de impresi\u00f3n","item":"https:\/\/www.apen.es\/soluciones-de-impresion\/"},{"@type":"ListItem","position":3,"name":"Impresoras econ\u00f3micas Barcelona"}]},{"@type":"WebSite","@id":"https:\/\/www.apen.es\/#website","url":"https:\/\/www.apen.es\/","name":"Apen Inform\u00e0tica","description":"Manteniment inform\u00e0tic , programari de gesti\u00f3, solucions d&#039;impressi\u00f3","publisher":{"@id":"https:\/\/www.apen.es\/#organization"},"potentialAction":[{"@type":"SearchAction","target":{"@type":"EntryPoint","urlTemplate":"https:\/\/www.apen.es\/?s={search_term_string}"},"query-input":{"@type":"PropertyValueSpecification","valueRequired":true,"valueName":"search_term_string"}}],"inLanguage":"ca"},{"@type":"Organization","@id":"https:\/\/www.apen.es\/#organization","name":"Apen: Solucions inform\u00e0tiques","url":"https:\/\/www.apen.es\/","logo":{"@type":"ImageObject","inLanguage":"ca","@id":"https:\/\/www.apen.es\/#\/schema\/logo\/image\/","url":"https:\/\/www.apen.es\/wp-content\/uploads\/2022\/08\/logo-apenok-231x82-1.png","contentUrl":"https:\/\/www.apen.es\/wp-content\/uploads\/2022\/08\/logo-apenok-231x82-1.png","width":231,"height":82,"caption":"Apen: Soluciones inform\u00e1ticas"},"image":{"@id":"https:\/\/www.apen.es\/#\/schema\/logo\/image\/"},"sameAs":["https:\/\/www.facebook.com\/apensolucions","https:\/\/www.youtube.com\/user\/ApenCentreInformatic","https:\/\/www.linkedin.com\/company\/1021771?trk=tyah&trkInfo=clickedVerticalcompanyclickedEntityId1021771idx2-1-2tarId1464195271196tasapenin"]}]}},"taxonomy_info":[],"featured_image_src_large":false,"author_info":{"display_name":"marqueting","author_link":"https:\/\/www.apen.es\/ca\/blog\/author\/marqueting\/"},"comment_info":0,"_links":{"self":[{"href":"https:\/\/www.apen.es\/ca\/wp-json\/wp\/v2\/pages\/5314","targetHints":{"allow":["GET"]}}],"collection":[{"href":"https:\/\/www.apen.es\/ca\/wp-json\/wp\/v2\/pages"}],"about":[{"href":"https:\/\/www.apen.es\/ca\/wp-json\/wp\/v2\/types\/page"}],"author":[{"embeddable":true,"href":"https:\/\/www.apen.es\/ca\/wp-json\/wp\/v2\/users\/4"}],"replies":[{"embeddable":true,"href":"https:\/\/www.apen.es\/ca\/wp-json\/wp\/v2\/comments?post=5314"}],"version-history":[{"count":5,"href":"https:\/\/www.apen.es\/ca\/wp-json\/wp\/v2\/pages\/5314\/revisions"}],"predecessor-version":[{"id":55647,"href":"https:\/\/www.apen.es\/ca\/wp-json\/wp\/v2\/pages\/5314\/revisions\/55647"}],"up":[{"embeddable":true,"href":"https:\/\/www.apen.es\/ca\/wp-json\/wp\/v2\/pages\/1158"}],"wp:attachment":[{"href":"https:\/\/www.apen.es\/ca\/wp-json\/wp\/v2\/media?parent=5314"}],"curies":[{"name":"wp","href":"https:\/\/api.w.org\/{rel}","templated":true}]}}