{"id":5200,"date":"2016-10-05T10:38:32","date_gmt":"2016-10-05T10:38:32","guid":{"rendered":"https:\/\/www.apen.es\/?page_id=5200"},"modified":"2025-05-23T08:21:17","modified_gmt":"2025-05-23T08:21:17","slug":"impressores-hp-barcelona","status":"publish","type":"page","link":"https:\/\/www.apen.es\/ca\/soluciones-de-impresion\/impresoras-hp-barcelona\/","title":{"rendered":"Impressores HP Barcelona"},"content":{"rendered":"<p class=\"has--font-size\"><strong>Or\u00edgens de la marca d&#039;impressores HP<\/strong><\/p>\n\n\n\n<p>Dave Packard i Bill Hewlett van fundar Hewlett-Packard (HP) el 1939, desenvolupant un oscil\u00b7lador de so en un garatge de Palo Alto, Calif\u00f2rnia. El 1966 la companyia, que ara \u00e9s a Silicon Valley, va fabricar els primers ordinadors i el 1984, va liderar el desenvolupament de les impressores l\u00e0ser personals, amb la introducci\u00f3 de la primera impressora LaserJet i va introduir la primera impressora d&#039;injecci\u00f3 de tinta 4 anys despr\u00e9s.<\/p>\n\n\n\n<h3 class=\"wp-block-heading\"><strong>3 tipus d&#039;impressores<\/strong><\/h3>\n\n\n\n<p>HP ven tres &quot;classes&quot; d&#039;impressores:<\/p>\n\n\n\n<ul class=\"wp-block-list\">\n<li>Impressores l\u00e0ser de funci\u00f3 \u00fanica: HP va introduir la primera impressora personal LaserJet del m\u00f3n el 1984, i tamb\u00e9 la seva primera impressora l\u00e0ser en color<\/li>\n\n\n\n<li>Impressores d&#039;injecci\u00f3 de tinta de funci\u00f3 \u00fanica: La companyia va introduir la impressi\u00f3 en color opcional el 1991, per imprimir en color es requeria fer servir cartutxos intercanviables de tinta negra i tricolor (CYM)<\/li>\n\n\n\n<li>M\u00e0quines multifuncionals (esc\u00e0ner, fax i impressora): HP va introduir el primer dispositiu multifuncional, basat en les impressores, el 1997. Una m\u00e0quina de mem\u00f2ria senzilla que funciona com a esc\u00e0ner, copiadora, m\u00e0quina de fax i impressora personal o de xarxa (sense fil o de connexi\u00f3 per cable).<\/li>\n<\/ul>\n\n\n\n<h3 class=\"wp-block-heading\"><strong>A Apen confiem en marques de gran qualitat com HP<\/strong><\/h3>\n\n\n\n<p>A Apen confiem en les impressores HP, entre d&#039;altres marques de qualitat del mercat, per la seva gran fiabilitat i rendiment. Nosaltres sabem que HP pot oferir al client serveis de programari i subministraments gestionats, per als dispositius d&#039;impressi\u00f3 i creaci\u00f3 d&#039;imatges, amb opcions de gesti\u00f3, adquisici\u00f3 i transici\u00f3. Apen tria les impressores HP, entre altres marques, per a la impressi\u00f3 comercial, de producci\u00f3 i d&#039;oficina, a tota la prov\u00edncia de Barcelona.<\/p>\n\n\n\n<h3 class=\"wp-block-heading\"><strong>El manteniment t\u00e8cnic, reparaci\u00f3 i venda<\/strong><\/h3>\n\n\n\n<p>A APEN confiem en les millors marques del mercat, per aconseguir una selecci\u00f3 dels equips m\u00e9s productius. Ens ocupem de tot: La instal\u00b7laci\u00f3 i configuraci\u00f3 de l&#039;equip, tots els consumibles i la gesti\u00f3, peces i recanvis, assist\u00e8ncia en menys de 4 hores, pr\u00e9stecs d&#039;equips en cas d&#039;avaria, manteniment preventiu, servei de monitoritzaci\u00f3 remota i reparacions i despla\u00e7aments, de tota la prov\u00edncia de Barcelona. Estudiem les vostres necessitats i l&#039;operaci\u00f3 actual pel que fa a les impressions habituals. Analitzem la informaci\u00f3 obtinguda i us proposem una soluci\u00f3 a mesura que minimitzi els costos i en garanteixi la qualitat i el resultat.<\/p>\n\n\n\n<h3 class=\"wp-block-heading\"><strong>Paga pel que imprimeixes<\/strong><\/h3>\n\n\n\n<p>Amb factures peri\u00f2diques, amb el servei \u201cPreu per C\u00f2pia\u201d, es paga nom\u00e9s pel que imprimeixes i podr\u00e0s tenir-ho tot sota control, sense cap sorpresa, quedant a c\u00e0rrec de l&#039;empresa \u00fanicament els folis i el consum el\u00e8ctric de la impressora.<\/p>\n\n\n\n<h3 class=\"wp-block-heading\"><strong>R\u00e8nting<\/strong><\/h3>\n\n\n\n<p>Una de les q\u00fcestions que preocupa m\u00e9s les empreses a l&#039;hora d&#039;adquirir equips ofim\u00e0tics \u00e9s l&#039;aspecte financer, que obliga a fer un gran desemborsament inicial. El<strong>&nbsp;<\/strong><em>R\u00e8nting<\/em><strong><em>&nbsp;<\/em><\/strong><strong>d&#039;impressores<\/strong><strong>&nbsp;<\/strong>\u00e9s la millor opci\u00f3 per a les empreses, perqu\u00e8 els permet comprar els \u00faltims models del mercat i pagar nom\u00e9s una quota fixa mensual. D&#039;aquesta manera, estalviareu costos, augmentareu la vostra productivitat i podreu planificar millor les vostres despeses d&#039;oficina.<\/p>\n\n\n\n<h3 class=\"wp-block-heading\"><strong>Petici\u00f3 de consumibles<\/strong><\/h3>\n\n\n\n<p>Per facilitar i agilitzar la reposici\u00f3 de consumibles de les impressores en preu per c\u00f2pia, a Apen posem a la vostra disposici\u00f3 els formularis per poder fer la tramitaci\u00f3 de consumibles. Gr\u00e0cies a APEN, la vostra empresa podr\u00e0 reduir aquest cost fins a un 30%, nom\u00e9s en costos de cartutx i d&#039;impressores, sense comptar el manteniment i la reparaci\u00f3 d&#039;impressores que puguin requerir aquesta ajuda, durant la vostra vida \u00fatil.<a href=\"https:\/\/rrhh.apen.es\/\"><\/a><\/p>","protected":false},"excerpt":{"rendered":"<p>Or\u00edgenes de la marca de impresoras HP Dave Packard y Bill Hewlett fundaron Hewlett-Packard (HP) en 1939, desarrollando un oscilador de&nbsp;sonido&nbsp;en un garaje de Palo Alto, California. En 1966 la compa\u00f1\u00eda, que ahora est\u00e1 en Silicon Valley, fabric\u00f3 los primeros ordenadores y en 1984, lider\u00f3 el desarrollo de las impresoras l\u00e1ser personales, con la introducci\u00f3n&#8230;<\/p>","protected":false},"author":4,"featured_media":0,"parent":1158,"menu_order":0,"comment_status":"closed","ping_status":"closed","template":"page-renting-impresoras.php","meta":{"_acf_changed":false,"_kad_blocks_custom_css":"","_kad_blocks_head_custom_js":"","_kad_blocks_body_custom_js":"","_kad_blocks_footer_custom_js":"","_kad_post_transparent":"","_kad_post_title":"","_kad_post_layout":"","_kad_post_sidebar_id":"","_kad_post_content_style":"","_kad_post_vertical_padding":"","_kad_post_feature":"","_kad_post_feature_position":"","_kad_post_header":false,"_kad_post_footer":false,"_kad_post_classname":"","footnotes":""},"class_list":["post-5200","page","type-page","status-publish","hentry"],"acf":[],"yoast_head":"<!-- This site is optimized with the Yoast SEO plugin v27.4 - https:\/\/yoast.com\/product\/yoast-seo-wordpress\/ -->\n<title>Impresoras HP Barcelona - Apen Inform\u00e1tica<\/title>\n<meta name=\"description\" content=\"Apen ofrece servicio para impresoras HP en Barcelona. HP vende 3 tipos de impresoras: Impresoras l\u00e1ser, Impresoras de inyecci\u00f3n, multifuncionales.\" \/>\n<meta name=\"robots\" content=\"index, follow, max-snippet:-1, max-image-preview:large, max-video-preview:-1\" \/>\n<link rel=\"canonical\" href=\"https:\/\/www.apen.es\/ca\/solucions-dimpressio\/impressores-hp-barcelona\/\" \/>\n<meta property=\"og:locale\" content=\"ca_ES\" \/>\n<meta property=\"og:type\" content=\"article\" \/>\n<meta property=\"og:title\" content=\"Impresoras HP Barcelona - Apen Inform\u00e1tica\" \/>\n<meta property=\"og:description\" content=\"Apen ofrece servicio para impresoras HP en Barcelona. HP vende 3 tipos de impresoras: Impresoras l\u00e1ser, Impresoras de inyecci\u00f3n, multifuncionales.\" \/>\n<meta property=\"og:url\" content=\"https:\/\/www.apen.es\/ca\/solucions-dimpressio\/impressores-hp-barcelona\/\" \/>\n<meta property=\"og:site_name\" content=\"Apen Inform\u00e1tica\" \/>\n<meta property=\"article:publisher\" content=\"https:\/\/www.facebook.com\/apensolucions\" \/>\n<meta property=\"article:modified_time\" content=\"2025-05-23T08:21:17+00:00\" \/>\n<meta property=\"og:image\" content=\"https:\/\/www.apen.es\/wp-content\/uploads\/2016\/05\/logo-apen-231x82-trasparent.png\" \/>\n\t<meta property=\"og:image:width\" content=\"231\" \/>\n\t<meta property=\"og:image:height\" content=\"82\" \/>\n\t<meta property=\"og:image:type\" content=\"image\/png\" \/>\n<meta name=\"twitter:card\" content=\"summary_large_image\" \/>\n<meta name=\"twitter:label1\" content=\"Temps estimat de lectura\" \/>\n\t<meta name=\"twitter:data1\" content=\"9 minuts\" \/>\n<script type=\"application\/ld+json\" class=\"yoast-schema-graph\">{\"@context\":\"https:\\\/\\\/schema.org\",\"@graph\":[{\"@type\":\"WebPage\",\"@id\":\"https:\\\/\\\/www.apen.es\\\/soluciones-de-impresion\\\/impresoras-hp-barcelona\\\/\",\"url\":\"https:\\\/\\\/www.apen.es\\\/soluciones-de-impresion\\\/impresoras-hp-barcelona\\\/\",\"name\":\"Impresoras HP Barcelona - Apen Inform\u00e1tica\",\"isPartOf\":{\"@id\":\"https:\\\/\\\/www.apen.es\\\/#website\"},\"datePublished\":\"2016-10-05T10:38:32+00:00\",\"dateModified\":\"2025-05-23T08:21:17+00:00\",\"description\":\"Apen ofrece servicio para impresoras HP en Barcelona. HP vende 3 tipos de impresoras: Impresoras l\u00e1ser, Impresoras de inyecci\u00f3n, multifuncionales.\",\"breadcrumb\":{\"@id\":\"https:\\\/\\\/www.apen.es\\\/soluciones-de-impresion\\\/impresoras-hp-barcelona\\\/#breadcrumb\"},\"inLanguage\":\"ca\",\"potentialAction\":[{\"@type\":\"ReadAction\",\"target\":[\"https:\\\/\\\/www.apen.es\\\/soluciones-de-impresion\\\/impresoras-hp-barcelona\\\/\"]}]},{\"@type\":\"BreadcrumbList\",\"@id\":\"https:\\\/\\\/www.apen.es\\\/soluciones-de-impresion\\\/impresoras-hp-barcelona\\\/#breadcrumb\",\"itemListElement\":[{\"@type\":\"ListItem\",\"position\":1,\"name\":\"Portada\",\"item\":\"https:\\\/\\\/www.apen.es\\\/\"},{\"@type\":\"ListItem\",\"position\":2,\"name\":\"Soluciones de impresi\u00f3n\",\"item\":\"https:\\\/\\\/www.apen.es\\\/soluciones-de-impresion\\\/\"},{\"@type\":\"ListItem\",\"position\":3,\"name\":\"Impresoras HP Barcelona\"}]},{\"@type\":\"WebSite\",\"@id\":\"https:\\\/\\\/www.apen.es\\\/#website\",\"url\":\"https:\\\/\\\/www.apen.es\\\/\",\"name\":\"Apen Inform\u00e1tica\",\"description\":\"Mantenimiento Inform\u00e1tico , Software de Gesti\u00f3n, Soluciones de impresi\u00f3n\",\"publisher\":{\"@id\":\"https:\\\/\\\/www.apen.es\\\/#organization\"},\"potentialAction\":[{\"@type\":\"SearchAction\",\"target\":{\"@type\":\"EntryPoint\",\"urlTemplate\":\"https:\\\/\\\/www.apen.es\\\/?s={search_term_string}\"},\"query-input\":{\"@type\":\"PropertyValueSpecification\",\"valueRequired\":true,\"valueName\":\"search_term_string\"}}],\"inLanguage\":\"ca\"},{\"@type\":\"Organization\",\"@id\":\"https:\\\/\\\/www.apen.es\\\/#organization\",\"name\":\"Apen: Soluciones inform\u00e1ticas\",\"url\":\"https:\\\/\\\/www.apen.es\\\/\",\"logo\":{\"@type\":\"ImageObject\",\"inLanguage\":\"ca\",\"@id\":\"https:\\\/\\\/www.apen.es\\\/#\\\/schema\\\/logo\\\/image\\\/\",\"url\":\"https:\\\/\\\/www.apen.es\\\/wp-content\\\/uploads\\\/2022\\\/08\\\/logo-apenok-231x82-1.png\",\"contentUrl\":\"https:\\\/\\\/www.apen.es\\\/wp-content\\\/uploads\\\/2022\\\/08\\\/logo-apenok-231x82-1.png\",\"width\":231,\"height\":82,\"caption\":\"Apen: Soluciones inform\u00e1ticas\"},\"image\":{\"@id\":\"https:\\\/\\\/www.apen.es\\\/#\\\/schema\\\/logo\\\/image\\\/\"},\"sameAs\":[\"https:\\\/\\\/www.facebook.com\\\/apensolucions\",\"https:\\\/\\\/www.youtube.com\\\/user\\\/ApenCentreInformatic\",\"https:\\\/\\\/www.linkedin.com\\\/company\\\/1021771?trk=tyah&trkInfo=clickedVerticalcompanyclickedEntityId1021771idx2-1-2tarId1464195271196tasapenin\"]}]}<\/script>\n<!-- \/ Yoast SEO plugin. -->","yoast_head_json":{"title":"Impressores HP Barcelona - Apen Inform\u00e0tica","description":"Apen ofereix servei per a impressores HP a Barcelona. HP ven 3 tipus d&#039;impressores: Impressores l\u00e0ser, Impressores d&#039;injecci\u00f3, multifuncionals.","robots":{"index":"index","follow":"follow","max-snippet":"max-snippet:-1","max-image-preview":"max-image-preview:large","max-video-preview":"max-video-preview:-1"},"canonical":"https:\/\/www.apen.es\/ca\/solucions-dimpressio\/impressores-hp-barcelona\/","og_locale":"ca_ES","og_type":"article","og_title":"Impresoras HP Barcelona - Apen Inform\u00e1tica","og_description":"Apen ofrece servicio para impresoras HP en Barcelona. HP vende 3 tipos de impresoras: Impresoras l\u00e1ser, Impresoras de inyecci\u00f3n, multifuncionales.","og_url":"https:\/\/www.apen.es\/ca\/solucions-dimpressio\/impressores-hp-barcelona\/","og_site_name":"Apen Inform\u00e1tica","article_publisher":"https:\/\/www.facebook.com\/apensolucions","article_modified_time":"2025-05-23T08:21:17+00:00","og_image":[{"width":231,"height":82,"url":"https:\/\/www.apen.es\/wp-content\/uploads\/2016\/05\/logo-apen-231x82-trasparent.png","type":"image\/png"}],"twitter_card":"summary_large_image","twitter_misc":{"Temps estimat de lectura":"9 minuts"},"schema":{"@context":"https:\/\/schema.org","@graph":[{"@type":"WebPage","@id":"https:\/\/www.apen.es\/soluciones-de-impresion\/impresoras-hp-barcelona\/","url":"https:\/\/www.apen.es\/soluciones-de-impresion\/impresoras-hp-barcelona\/","name":"Impressores HP Barcelona - Apen Inform\u00e0tica","isPartOf":{"@id":"https:\/\/www.apen.es\/#website"},"datePublished":"2016-10-05T10:38:32+00:00","dateModified":"2025-05-23T08:21:17+00:00","description":"Apen ofereix servei per a impressores HP a Barcelona. HP ven 3 tipus d&#039;impressores: Impressores l\u00e0ser, Impressores d&#039;injecci\u00f3, multifuncionals.","breadcrumb":{"@id":"https:\/\/www.apen.es\/soluciones-de-impresion\/impresoras-hp-barcelona\/#breadcrumb"},"inLanguage":"ca","potentialAction":[{"@type":"ReadAction","target":["https:\/\/www.apen.es\/soluciones-de-impresion\/impresoras-hp-barcelona\/"]}]},{"@type":"BreadcrumbList","@id":"https:\/\/www.apen.es\/soluciones-de-impresion\/impresoras-hp-barcelona\/#breadcrumb","itemListElement":[{"@type":"ListItem","position":1,"name":"Portada","item":"https:\/\/www.apen.es\/"},{"@type":"ListItem","position":2,"name":"Soluciones de impresi\u00f3n","item":"https:\/\/www.apen.es\/soluciones-de-impresion\/"},{"@type":"ListItem","position":3,"name":"Impresoras HP Barcelona"}]},{"@type":"WebSite","@id":"https:\/\/www.apen.es\/#website","url":"https:\/\/www.apen.es\/","name":"Apen Inform\u00e0tica","description":"Manteniment inform\u00e0tic , programari de gesti\u00f3, solucions d&#039;impressi\u00f3","publisher":{"@id":"https:\/\/www.apen.es\/#organization"},"potentialAction":[{"@type":"SearchAction","target":{"@type":"EntryPoint","urlTemplate":"https:\/\/www.apen.es\/?s={search_term_string}"},"query-input":{"@type":"PropertyValueSpecification","valueRequired":true,"valueName":"search_term_string"}}],"inLanguage":"ca"},{"@type":"Organization","@id":"https:\/\/www.apen.es\/#organization","name":"Apen: Solucions inform\u00e0tiques","url":"https:\/\/www.apen.es\/","logo":{"@type":"ImageObject","inLanguage":"ca","@id":"https:\/\/www.apen.es\/#\/schema\/logo\/image\/","url":"https:\/\/www.apen.es\/wp-content\/uploads\/2022\/08\/logo-apenok-231x82-1.png","contentUrl":"https:\/\/www.apen.es\/wp-content\/uploads\/2022\/08\/logo-apenok-231x82-1.png","width":231,"height":82,"caption":"Apen: Soluciones inform\u00e1ticas"},"image":{"@id":"https:\/\/www.apen.es\/#\/schema\/logo\/image\/"},"sameAs":["https:\/\/www.facebook.com\/apensolucions","https:\/\/www.youtube.com\/user\/ApenCentreInformatic","https:\/\/www.linkedin.com\/company\/1021771?trk=tyah&trkInfo=clickedVerticalcompanyclickedEntityId1021771idx2-1-2tarId1464195271196tasapenin"]}]}},"taxonomy_info":[],"featured_image_src_large":false,"author_info":{"display_name":"marqueting","author_link":"https:\/\/www.apen.es\/ca\/blog\/author\/marqueting\/"},"comment_info":0,"_links":{"self":[{"href":"https:\/\/www.apen.es\/ca\/wp-json\/wp\/v2\/pages\/5200","targetHints":{"allow":["GET"]}}],"collection":[{"href":"https:\/\/www.apen.es\/ca\/wp-json\/wp\/v2\/pages"}],"about":[{"href":"https:\/\/www.apen.es\/ca\/wp-json\/wp\/v2\/types\/page"}],"author":[{"embeddable":true,"href":"https:\/\/www.apen.es\/ca\/wp-json\/wp\/v2\/users\/4"}],"replies":[{"embeddable":true,"href":"https:\/\/www.apen.es\/ca\/wp-json\/wp\/v2\/comments?post=5200"}],"version-history":[{"count":4,"href":"https:\/\/www.apen.es\/ca\/wp-json\/wp\/v2\/pages\/5200\/revisions"}],"predecessor-version":[{"id":54878,"href":"https:\/\/www.apen.es\/ca\/wp-json\/wp\/v2\/pages\/5200\/revisions\/54878"}],"up":[{"embeddable":true,"href":"https:\/\/www.apen.es\/ca\/wp-json\/wp\/v2\/pages\/1158"}],"wp:attachment":[{"href":"https:\/\/www.apen.es\/ca\/wp-json\/wp\/v2\/media?parent=5200"}],"curies":[{"name":"wp","href":"https:\/\/api.w.org\/{rel}","templated":true}]}}