{"id":5197,"date":"2016-10-05T09:52:12","date_gmt":"2016-10-05T09:52:12","guid":{"rendered":"https:\/\/www.apen.es\/?page_id=5197"},"modified":"2025-05-23T08:21:10","modified_gmt":"2025-05-23T08:21:10","slug":"impressores-konica-minolta-barcelona","status":"publish","type":"page","link":"https:\/\/www.apen.es\/ca\/soluciones-de-impresion\/impresoras-konica-minolta-barcelona\/","title":{"rendered":"Impressores Konica Minolta Barcelona"},"content":{"rendered":"<p>L&#039;\u00e0mplia experi\u00e8ncia tecnol\u00f2gica de les impressores Konica Minolta \u00e9s una de les caracter\u00edstiques m\u00e9s destacades. \u00c9s una multinacional japonesa que va n\u00e9ixer el 2003 per la fusi\u00f3 de les empreses Konica i Minolta, la hist\u00f2ria de les quals es remunta a l&#039;any 1873, quan es van comen\u00e7ar a fabricar materials fotogr\u00e0fics al Jap\u00f3. De fet, les dues empreses eren conegudes per les seves aportacions a la hist\u00f2ria de la fotografia, amb aven\u00e7os com l&#039;enfocament manual als anys 60, les r\u00e8flex d&#039;enfocament autom\u00e0tic i les c\u00e0meres r\u00e8flex, als anys 90.<\/p>\n\n\n\n<h3 class=\"wp-block-heading\"><strong>APEN distribu\u00efdora d&#039;impressores Konica Minolta a Barcelona<\/strong><\/h3>\n\n\n\n<p>A APEN apostem per la impressi\u00f3 de producci\u00f3 de Konica Minolta com una de les seves marques de qualitat, per la seva gran velocitat i versatilitat d&#039;impressi\u00f3, i \u00e9s molt \u00fatil per a les produccions digitals d&#039;alt volum. A m\u00e9s, decidim apostar per les impressores Konica Minolta per la gesti\u00f3 unificada que ofereix, evitant errors i impressions repetitives, augmentant la velocitat i el rendiment. A APEN treballem amb Konica Minolta, entre altres marques potents del mercat, pels seus flexibles sistemes multifuncionals a color, tenint en compte que els seus or\u00edgens van ser al m\u00f3n de la fotografia.<\/p>\n\n\n\n<h3 class=\"wp-block-heading\"><strong>El manteniment t\u00e8cnic, reparaci\u00f3 i venda a Barcelona<\/strong><\/h3>\n\n\n\n<p>A APEN confiem en les millors marques del mercat, per aconseguir una selecci\u00f3 dels equips m\u00e9s productius. Des d&#039;Apen us oferim l&#039;assessorament i el consell indispensables per instal\u00b7lar, en el vostre negoci, bones pr\u00e0ctiques d&#039;impressi\u00f3 i la implementaci\u00f3 dels millors sistemes, per controlar les despeses. Gr\u00e0cies a un estudi previ per con\u00e8ixer les necessitats reals de l&#039;empresa en temes d&#039;impressi\u00f3, aconseguim comprovar el volum d&#039;impressi\u00f3 i obtenir la millor soluci\u00f3 per a l&#039;empresa. El manteniment inclou la instal\u00b7laci\u00f3 i configuraci\u00f3 de l&#039;equip, tots els consumibles i la gesti\u00f3, peces i recanvis, assist\u00e8ncia en menys de 4 hores, pr\u00e9stecs d&#039;equips en cas d&#039;avaria, manteniment preventiu, servei de monitoritzaci\u00f3 remota i reparacions i despla\u00e7aments.<\/p>\n\n\n\n<h3 class=\"wp-block-heading\"><strong>Serveis Funcionals: R\u00e8nting i \u201cPreu per C\u00f2pia\u201d<\/strong><\/h3>\n\n\n\n<p>El nostre departament t\u00e8cnic ofereix el lloguer o Renting d&#039;impressores Konica Minolta, un servei enfocat a aquelles empreses amb molts departaments que requereixen m\u00faltiples equips d&#039;impressi\u00f3, que es poden acollir al r\u00e8nting per finan\u00e7ar la inversi\u00f3 que suposa adquirir aquests equips de gran productivitat, estalvi i efici\u00e8ncia.<\/p>\n\n\n\n<p>El servei nou i funcional del \u201cPreu per C\u00f2pia\u201d d&#039;Apen, \u00e9s un format que aconsegueix contribuir a l&#039;estalvi d&#039;impressions i de cartutxos de tinta de l&#039;empresa, a m\u00e9s permet al client pagar nom\u00e9s per les c\u00f2pies que imprimeix. El client paga nom\u00e9s per all\u00f2 que imprimeix ia APEN ens encarreguem d&#039;instal\u00b7lar les impressores necess\u00e0ries i del seu manteniment, garantint que aquestes estiguin sempre operatives i abastint els subministraments de cartutxos de tinta, eliminant els estocs de les empreses.<\/p>\n\n\n\n<h3 class=\"wp-block-heading\"><strong>Com funciona el subministrament de cartutxos de tinta?<\/strong><\/h3>\n\n\n\n<p>Treballem amb un programa monitoritzat des del qual controlem que la impressora funcioni correctament i supervisem els nivells de tinta dels cartutxos, per canviar-los just en el moment que calgui, ni abans ni despr\u00e9s. La despesa en cartutxos de tinta i impressores suposa m\u00e9s de l&#039;1,5% del pressupost anual de la seva empresa. Gr\u00e0cies a APEN, la vostra empresa podr\u00e0 reduir aquest cost fins a un 30%, nom\u00e9s en costos de cartutx i d&#039;impressores, sense comptar el manteniment i la reparaci\u00f3 d&#039;impressores que puguin requerir aquesta ajuda, durant la vostra vida \u00fatil.<\/p>","protected":false},"excerpt":{"rendered":"<p>La amplia experiencia tecnol\u00f3gica de las impresoras Konica Minolta es una de las caracter\u00edsticas m\u00e1s destacadas. Es una multinacional japonesa que naci\u00f3 en 2003 por la fusi\u00f3n de las empresas Konica y Minolta, cuya historia se remonta al a\u00f1o 1873, cuando comenzaron a fabricarse materiales fotogr\u00e1ficos en&nbsp;Jap\u00f3n. De hecho, ambas empresas eran conocidas por sus&#8230;<\/p>","protected":false},"author":4,"featured_media":0,"parent":1158,"menu_order":0,"comment_status":"closed","ping_status":"closed","template":"page-renting-impresoras.php","meta":{"_acf_changed":false,"_kad_blocks_custom_css":"","_kad_blocks_head_custom_js":"","_kad_blocks_body_custom_js":"","_kad_blocks_footer_custom_js":"","_kad_post_transparent":"","_kad_post_title":"","_kad_post_layout":"","_kad_post_sidebar_id":"","_kad_post_content_style":"","_kad_post_vertical_padding":"","_kad_post_feature":"","_kad_post_feature_position":"","_kad_post_header":false,"_kad_post_footer":false,"_kad_post_classname":"","footnotes":""},"class_list":["post-5197","page","type-page","status-publish","hentry"],"acf":[],"yoast_head":"<!-- This site is optimized with the Yoast SEO plugin v27.4 - https:\/\/yoast.com\/product\/yoast-seo-wordpress\/ -->\n<title>Impresoras Konica Minolta Barcelona - Apen Inform\u00e1tica<\/title>\n<meta name=\"description\" content=\"Apen es una distribuidora de Impresoras Konica Minolta en Barcelona, ofrecemos mantenimiento t\u00e9cnico, reparaci\u00f3n y venta en Barcelona. Conf\u00eda en Apen.\" \/>\n<meta name=\"robots\" content=\"index, follow, max-snippet:-1, max-image-preview:large, max-video-preview:-1\" \/>\n<link rel=\"canonical\" href=\"https:\/\/www.apen.es\/ca\/solucions-dimpressio\/impressores-konica-minolta-barcelona\/\" \/>\n<meta property=\"og:locale\" content=\"ca_ES\" \/>\n<meta property=\"og:type\" content=\"article\" \/>\n<meta property=\"og:title\" content=\"Impresoras Konica Minolta Barcelona - Apen Inform\u00e1tica\" \/>\n<meta property=\"og:description\" content=\"Apen es una distribuidora de Impresoras Konica Minolta en Barcelona, ofrecemos mantenimiento t\u00e9cnico, reparaci\u00f3n y venta en Barcelona. Conf\u00eda en Apen.\" \/>\n<meta property=\"og:url\" content=\"https:\/\/www.apen.es\/ca\/solucions-dimpressio\/impressores-konica-minolta-barcelona\/\" \/>\n<meta property=\"og:site_name\" content=\"Apen Inform\u00e1tica\" \/>\n<meta property=\"article:publisher\" content=\"https:\/\/www.facebook.com\/apensolucions\" \/>\n<meta property=\"article:modified_time\" content=\"2025-05-23T08:21:10+00:00\" \/>\n<meta property=\"og:image\" content=\"https:\/\/www.apen.es\/wp-content\/uploads\/2016\/05\/logo-apen-231x82-trasparent.png\" \/>\n\t<meta property=\"og:image:width\" content=\"231\" \/>\n\t<meta property=\"og:image:height\" content=\"82\" \/>\n\t<meta property=\"og:image:type\" content=\"image\/png\" \/>\n<meta name=\"twitter:card\" content=\"summary_large_image\" \/>\n<meta name=\"twitter:label1\" content=\"Temps estimat de lectura\" \/>\n\t<meta name=\"twitter:data1\" content=\"8 minuts\" \/>\n<script type=\"application\/ld+json\" class=\"yoast-schema-graph\">{\"@context\":\"https:\\\/\\\/schema.org\",\"@graph\":[{\"@type\":\"WebPage\",\"@id\":\"https:\\\/\\\/www.apen.es\\\/soluciones-de-impresion\\\/impresoras-konica-minolta-barcelona\\\/\",\"url\":\"https:\\\/\\\/www.apen.es\\\/soluciones-de-impresion\\\/impresoras-konica-minolta-barcelona\\\/\",\"name\":\"Impresoras Konica Minolta Barcelona - Apen Inform\u00e1tica\",\"isPartOf\":{\"@id\":\"https:\\\/\\\/www.apen.es\\\/#website\"},\"datePublished\":\"2016-10-05T09:52:12+00:00\",\"dateModified\":\"2025-05-23T08:21:10+00:00\",\"description\":\"Apen es una distribuidora de Impresoras Konica Minolta en Barcelona, ofrecemos mantenimiento t\u00e9cnico, reparaci\u00f3n y venta en Barcelona. Conf\u00eda en Apen.\",\"breadcrumb\":{\"@id\":\"https:\\\/\\\/www.apen.es\\\/soluciones-de-impresion\\\/impresoras-konica-minolta-barcelona\\\/#breadcrumb\"},\"inLanguage\":\"ca\",\"potentialAction\":[{\"@type\":\"ReadAction\",\"target\":[\"https:\\\/\\\/www.apen.es\\\/soluciones-de-impresion\\\/impresoras-konica-minolta-barcelona\\\/\"]}]},{\"@type\":\"BreadcrumbList\",\"@id\":\"https:\\\/\\\/www.apen.es\\\/soluciones-de-impresion\\\/impresoras-konica-minolta-barcelona\\\/#breadcrumb\",\"itemListElement\":[{\"@type\":\"ListItem\",\"position\":1,\"name\":\"Portada\",\"item\":\"https:\\\/\\\/www.apen.es\\\/\"},{\"@type\":\"ListItem\",\"position\":2,\"name\":\"Soluciones de impresi\u00f3n\",\"item\":\"https:\\\/\\\/www.apen.es\\\/soluciones-de-impresion\\\/\"},{\"@type\":\"ListItem\",\"position\":3,\"name\":\"Impresoras Konica Minolta Barcelona\"}]},{\"@type\":\"WebSite\",\"@id\":\"https:\\\/\\\/www.apen.es\\\/#website\",\"url\":\"https:\\\/\\\/www.apen.es\\\/\",\"name\":\"Apen Inform\u00e1tica\",\"description\":\"Mantenimiento Inform\u00e1tico , Software de Gesti\u00f3n, Soluciones de impresi\u00f3n\",\"publisher\":{\"@id\":\"https:\\\/\\\/www.apen.es\\\/#organization\"},\"potentialAction\":[{\"@type\":\"SearchAction\",\"target\":{\"@type\":\"EntryPoint\",\"urlTemplate\":\"https:\\\/\\\/www.apen.es\\\/?s={search_term_string}\"},\"query-input\":{\"@type\":\"PropertyValueSpecification\",\"valueRequired\":true,\"valueName\":\"search_term_string\"}}],\"inLanguage\":\"ca\"},{\"@type\":\"Organization\",\"@id\":\"https:\\\/\\\/www.apen.es\\\/#organization\",\"name\":\"Apen: Soluciones inform\u00e1ticas\",\"url\":\"https:\\\/\\\/www.apen.es\\\/\",\"logo\":{\"@type\":\"ImageObject\",\"inLanguage\":\"ca\",\"@id\":\"https:\\\/\\\/www.apen.es\\\/#\\\/schema\\\/logo\\\/image\\\/\",\"url\":\"https:\\\/\\\/www.apen.es\\\/wp-content\\\/uploads\\\/2022\\\/08\\\/logo-apenok-231x82-1.png\",\"contentUrl\":\"https:\\\/\\\/www.apen.es\\\/wp-content\\\/uploads\\\/2022\\\/08\\\/logo-apenok-231x82-1.png\",\"width\":231,\"height\":82,\"caption\":\"Apen: Soluciones inform\u00e1ticas\"},\"image\":{\"@id\":\"https:\\\/\\\/www.apen.es\\\/#\\\/schema\\\/logo\\\/image\\\/\"},\"sameAs\":[\"https:\\\/\\\/www.facebook.com\\\/apensolucions\",\"https:\\\/\\\/www.youtube.com\\\/user\\\/ApenCentreInformatic\",\"https:\\\/\\\/www.linkedin.com\\\/company\\\/1021771?trk=tyah&trkInfo=clickedVerticalcompanyclickedEntityId1021771idx2-1-2tarId1464195271196tasapenin\"]}]}<\/script>\n<!-- \/ Yoast SEO plugin. -->","yoast_head_json":{"title":"Impressores Konica Minolta Barcelona - Apen Inform\u00e0tica","description":"Apen \u00e9s una distribu\u00efdora de Impressores Konica Minolta a Barcelona, oferim manteniment t\u00e8cnic, reparaci\u00f3 i venda a Barcelona. Confia en Apen.","robots":{"index":"index","follow":"follow","max-snippet":"max-snippet:-1","max-image-preview":"max-image-preview:large","max-video-preview":"max-video-preview:-1"},"canonical":"https:\/\/www.apen.es\/ca\/solucions-dimpressio\/impressores-konica-minolta-barcelona\/","og_locale":"ca_ES","og_type":"article","og_title":"Impresoras Konica Minolta Barcelona - Apen Inform\u00e1tica","og_description":"Apen es una distribuidora de Impresoras Konica Minolta en Barcelona, ofrecemos mantenimiento t\u00e9cnico, reparaci\u00f3n y venta en Barcelona. Conf\u00eda en Apen.","og_url":"https:\/\/www.apen.es\/ca\/solucions-dimpressio\/impressores-konica-minolta-barcelona\/","og_site_name":"Apen Inform\u00e1tica","article_publisher":"https:\/\/www.facebook.com\/apensolucions","article_modified_time":"2025-05-23T08:21:10+00:00","og_image":[{"width":231,"height":82,"url":"https:\/\/www.apen.es\/wp-content\/uploads\/2016\/05\/logo-apen-231x82-trasparent.png","type":"image\/png"}],"twitter_card":"summary_large_image","twitter_misc":{"Temps estimat de lectura":"8 minuts"},"schema":{"@context":"https:\/\/schema.org","@graph":[{"@type":"WebPage","@id":"https:\/\/www.apen.es\/soluciones-de-impresion\/impresoras-konica-minolta-barcelona\/","url":"https:\/\/www.apen.es\/soluciones-de-impresion\/impresoras-konica-minolta-barcelona\/","name":"Impressores Konica Minolta Barcelona - Apen Inform\u00e0tica","isPartOf":{"@id":"https:\/\/www.apen.es\/#website"},"datePublished":"2016-10-05T09:52:12+00:00","dateModified":"2025-05-23T08:21:10+00:00","description":"Apen \u00e9s una distribu\u00efdora de Impressores Konica Minolta a Barcelona, oferim manteniment t\u00e8cnic, reparaci\u00f3 i venda a Barcelona. Confia en Apen.","breadcrumb":{"@id":"https:\/\/www.apen.es\/soluciones-de-impresion\/impresoras-konica-minolta-barcelona\/#breadcrumb"},"inLanguage":"ca","potentialAction":[{"@type":"ReadAction","target":["https:\/\/www.apen.es\/soluciones-de-impresion\/impresoras-konica-minolta-barcelona\/"]}]},{"@type":"BreadcrumbList","@id":"https:\/\/www.apen.es\/soluciones-de-impresion\/impresoras-konica-minolta-barcelona\/#breadcrumb","itemListElement":[{"@type":"ListItem","position":1,"name":"Portada","item":"https:\/\/www.apen.es\/"},{"@type":"ListItem","position":2,"name":"Soluciones de impresi\u00f3n","item":"https:\/\/www.apen.es\/soluciones-de-impresion\/"},{"@type":"ListItem","position":3,"name":"Impresoras Konica Minolta Barcelona"}]},{"@type":"WebSite","@id":"https:\/\/www.apen.es\/#website","url":"https:\/\/www.apen.es\/","name":"Apen Inform\u00e0tica","description":"Manteniment inform\u00e0tic , programari de gesti\u00f3, solucions d&#039;impressi\u00f3","publisher":{"@id":"https:\/\/www.apen.es\/#organization"},"potentialAction":[{"@type":"SearchAction","target":{"@type":"EntryPoint","urlTemplate":"https:\/\/www.apen.es\/?s={search_term_string}"},"query-input":{"@type":"PropertyValueSpecification","valueRequired":true,"valueName":"search_term_string"}}],"inLanguage":"ca"},{"@type":"Organization","@id":"https:\/\/www.apen.es\/#organization","name":"Apen: Solucions inform\u00e0tiques","url":"https:\/\/www.apen.es\/","logo":{"@type":"ImageObject","inLanguage":"ca","@id":"https:\/\/www.apen.es\/#\/schema\/logo\/image\/","url":"https:\/\/www.apen.es\/wp-content\/uploads\/2022\/08\/logo-apenok-231x82-1.png","contentUrl":"https:\/\/www.apen.es\/wp-content\/uploads\/2022\/08\/logo-apenok-231x82-1.png","width":231,"height":82,"caption":"Apen: Soluciones inform\u00e1ticas"},"image":{"@id":"https:\/\/www.apen.es\/#\/schema\/logo\/image\/"},"sameAs":["https:\/\/www.facebook.com\/apensolucions","https:\/\/www.youtube.com\/user\/ApenCentreInformatic","https:\/\/www.linkedin.com\/company\/1021771?trk=tyah&trkInfo=clickedVerticalcompanyclickedEntityId1021771idx2-1-2tarId1464195271196tasapenin"]}]}},"taxonomy_info":[],"featured_image_src_large":false,"author_info":{"display_name":"marqueting","author_link":"https:\/\/www.apen.es\/ca\/blog\/author\/marqueting\/"},"comment_info":0,"_links":{"self":[{"href":"https:\/\/www.apen.es\/ca\/wp-json\/wp\/v2\/pages\/5197","targetHints":{"allow":["GET"]}}],"collection":[{"href":"https:\/\/www.apen.es\/ca\/wp-json\/wp\/v2\/pages"}],"about":[{"href":"https:\/\/www.apen.es\/ca\/wp-json\/wp\/v2\/types\/page"}],"author":[{"embeddable":true,"href":"https:\/\/www.apen.es\/ca\/wp-json\/wp\/v2\/users\/4"}],"replies":[{"embeddable":true,"href":"https:\/\/www.apen.es\/ca\/wp-json\/wp\/v2\/comments?post=5197"}],"version-history":[{"count":4,"href":"https:\/\/www.apen.es\/ca\/wp-json\/wp\/v2\/pages\/5197\/revisions"}],"predecessor-version":[{"id":54877,"href":"https:\/\/www.apen.es\/ca\/wp-json\/wp\/v2\/pages\/5197\/revisions\/54877"}],"up":[{"embeddable":true,"href":"https:\/\/www.apen.es\/ca\/wp-json\/wp\/v2\/pages\/1158"}],"wp:attachment":[{"href":"https:\/\/www.apen.es\/ca\/wp-json\/wp\/v2\/media?parent=5197"}],"curies":[{"name":"wp","href":"https:\/\/api.w.org\/{rel}","templated":true}]}}