{"id":5195,"date":"2016-10-05T09:50:01","date_gmt":"2016-10-05T09:50:01","guid":{"rendered":"https:\/\/www.apen.es\/?page_id=5195"},"modified":"2025-03-24T10:05:18","modified_gmt":"2025-03-24T10:05:18","slug":"impressores-oki-barcelona","status":"publish","type":"page","link":"https:\/\/www.apen.es\/ca\/soluciones-de-impresion\/impresoras-oki-barcelona\/","title":{"rendered":"Impressores OKI Barcelona"},"content":{"rendered":"<p>Gr\u00e0cies a la incorporaci\u00f3 dels equips d&#039;impressi\u00f3 d&#039;OKI al cat\u00e0leg d&#039;APEN, podem oferir tota mena de solucions d&#039;impressi\u00f3 per a empreses de la prov\u00edncia de Barcelona. El millor de la tecnologia japonesa el trobarem en aquestes impressores, productes multifunci\u00f3 i fax: M\u00e0xima productivitat, estalvi de costos, fiabilitat dels components i rapidesa a l&#039;hora d&#039;imprimir.<\/p>\n\n\n\n<p>APEN \u00e9s un dels principals prove\u00efdors d&#039;impressores OKI a Barcelona, a m\u00e9s a m\u00e9s de ser una empresa de garantia a l&#039;hora d&#039;oferir manteniment i suport t\u00e8cnic, acompanyant-lo del millor servei de subministrament de cartutxos d&#039;impressores OKI, de tota la prov\u00edncia de Barcelona.<\/p>\n\n\n\n<h3 class=\"wp-block-heading\"><strong>Paga nom\u00e9s pel que imprimeixes, amb impressores OKI<\/strong><\/h3>\n\n\n\n<p>A APEN oferim un servei \u00fanic i nou a totes les empreses clients. Les empreses de Barcelona que confien en aquest servei s&#039;han estalviat fins a un 30% en els costos anuals, destinats a la impressi\u00f3 de documents a les seves oficines.<\/p>\n\n\n\n<p>Amb aquest servei, el \u201cpreu per c\u00f2pia\u201d, pagues nom\u00e9s pel que imprimeixes. APEN realitzar\u00e0 un estudi inicial on valorar\u00e0 el volum d&#039;impressi\u00f3 total de la vostra empresa. Aquest estudi \u00e9s tan prec\u00eds que podr\u00e0 oferir un preu fix per c\u00f2pia impresa. Aquest preu fix per c\u00f2pia, incorpora el preu de les impressores necess\u00e0ries que la vostra empresa necessita, tantes impressores com departaments hi hagi a la vostra empresa, analitzant sempre la major efici\u00e8ncia i estalvi en els costos d&#039;impressi\u00f3. En aquest preu per c\u00f2pia van inclosos els costos dels cartutxos de tinta i del subministrament, la reparaci\u00f3 i el manteniment d&#039;aquestes impressores, multifuncions o faxos OKI i sobretot, el millor suport t\u00e8cnic.<\/p>\n\n\n\n<p>Les empreses que confien en aquest servei en q\u00fcesti\u00f3 eliminen costos d&#039;estoc, ja que APEN monitoritza l&#039;estat de cada cartutx de tinta de les impressores. Abans que aquests finalitzin, APEN subministrar\u00e0 el cartutx de tinta requerit amb la major efic\u00e0cia i rapidesa possible.<\/p>\n\n\n\n<h3 class=\"wp-block-heading\"><strong>R\u00e8nting d&#039;impressores OKI<\/strong><\/h3>\n\n\n\n<p>Els equips d&#039;impressi\u00f3 d&#039;OKI ofereixen grans prestacions i, per a moltes empreses, l&#039;adquisici\u00f3 d&#039;aquests equips pot suposar un esfor\u00e7 econ\u00f2mic. A APEN, oferim solucions com el r\u00e8nting o el lloguer, amb una quota mensual. La seva empresa no tindr\u00e0 la necessitat de fer aquesta inversi\u00f3 inicial. Les empreses multidepartamentals requereixen una gran quantitat d&#039;impressores, i el r\u00e8nting representa una gran soluci\u00f3.<\/p>\n\n\n\n<h3 class=\"wp-block-heading\"><strong>Els veritables costos de la impressi\u00f3<\/strong><\/h3>\n\n\n\n<p>Si la vostra empresa no disposa d&#039;equips d&#039;impressi\u00f3 eficients, \u00e9s probable que la despesa en cartutxos de tinta i en impressores suposi m\u00e9s de l&#039;1,5% del pressupost anual de la vostra empresa. A APEN oferim solucions per reduir prop de la meitat aquest cost, no nom\u00e9s oferint les impressores m\u00e9s eficients sin\u00f3 millorant les pautes i h\u00e0bits d&#039;impressi\u00f3, oferint una consultoria en l&#039;\u00e0mbit de les solucions d&#039;impressi\u00f3, sobretot amb el nostre servei del \u201cpreu per c\u00f2pia\u201d, que alliberar\u00e0 a la seva empresa del manteniment d&#039;estocs en cartutxos de tinta, en la seva adquisici\u00f3. impressores\u2026<\/p>","protected":false},"excerpt":{"rendered":"<p>Gracias a la incorporaci\u00f3n de los equipos de impresi\u00f3n de OKI en el cat\u00e1logo de APEN, podemos ofrecer todo tipo de soluciones de impresi\u00f3n para empresas de la provincia de Barcelona. Lo mejor de la tecnolog\u00eda japonesa lo encontraremos en estas impresoras, productos multifunci\u00f3n y faxes: M\u00e1xima productividad, ahorro de costes, fiabilidad de los componentes&#8230;<\/p>","protected":false},"author":4,"featured_media":0,"parent":1158,"menu_order":0,"comment_status":"closed","ping_status":"closed","template":"page-renting-impresoras.php","meta":{"_acf_changed":false,"_kad_blocks_custom_css":"","_kad_blocks_head_custom_js":"","_kad_blocks_body_custom_js":"","_kad_blocks_footer_custom_js":"","_kad_post_transparent":"","_kad_post_title":"","_kad_post_layout":"","_kad_post_sidebar_id":"","_kad_post_content_style":"","_kad_post_vertical_padding":"","_kad_post_feature":"","_kad_post_feature_position":"","_kad_post_header":false,"_kad_post_footer":false,"_kad_post_classname":"","footnotes":""},"class_list":["post-5195","page","type-page","status-publish","hentry"],"acf":[],"yoast_head":"<!-- This site is optimized with the Yoast SEO plugin v27.4 - https:\/\/yoast.com\/product\/yoast-seo-wordpress\/ -->\n<title>Impresoras OKI Barcelona - Apen Inform\u00e1tica<\/title>\n<meta name=\"description\" content=\"En Apen ofrecemos el servicio de las impresoras OKI en Barcelona. Paga solo por lo que imprimes con impresoras OKI y renting de impresoras OKI.\" \/>\n<meta name=\"robots\" content=\"index, follow, max-snippet:-1, max-image-preview:large, max-video-preview:-1\" \/>\n<link rel=\"canonical\" href=\"https:\/\/www.apen.es\/ca\/solucions-dimpressio\/impressores-oki-barcelona\/\" \/>\n<meta property=\"og:locale\" content=\"ca_ES\" \/>\n<meta property=\"og:type\" content=\"article\" \/>\n<meta property=\"og:title\" content=\"Impresoras OKI Barcelona - Apen Inform\u00e1tica\" \/>\n<meta property=\"og:description\" content=\"En Apen ofrecemos el servicio de las impresoras OKI en Barcelona. Paga solo por lo que imprimes con impresoras OKI y renting de impresoras OKI.\" \/>\n<meta property=\"og:url\" content=\"https:\/\/www.apen.es\/ca\/solucions-dimpressio\/impressores-oki-barcelona\/\" \/>\n<meta property=\"og:site_name\" content=\"Apen Inform\u00e1tica\" \/>\n<meta property=\"article:publisher\" content=\"https:\/\/www.facebook.com\/apensolucions\" \/>\n<meta property=\"article:modified_time\" content=\"2025-03-24T10:05:18+00:00\" \/>\n<meta property=\"og:image\" content=\"https:\/\/www.apen.es\/wp-content\/uploads\/2016\/05\/logo-apen-231x82-trasparent.png\" \/>\n\t<meta property=\"og:image:width\" content=\"231\" \/>\n\t<meta property=\"og:image:height\" content=\"82\" \/>\n\t<meta property=\"og:image:type\" content=\"image\/png\" \/>\n<meta name=\"twitter:card\" content=\"summary_large_image\" \/>\n<meta name=\"twitter:label1\" content=\"Temps estimat de lectura\" \/>\n\t<meta name=\"twitter:data1\" content=\"8 minuts\" \/>\n<script type=\"application\/ld+json\" class=\"yoast-schema-graph\">{\"@context\":\"https:\\\/\\\/schema.org\",\"@graph\":[{\"@type\":\"WebPage\",\"@id\":\"https:\\\/\\\/www.apen.es\\\/soluciones-de-impresion\\\/impresoras-oki-barcelona\\\/\",\"url\":\"https:\\\/\\\/www.apen.es\\\/soluciones-de-impresion\\\/impresoras-oki-barcelona\\\/\",\"name\":\"Impresoras OKI Barcelona - Apen Inform\u00e1tica\",\"isPartOf\":{\"@id\":\"https:\\\/\\\/www.apen.es\\\/#website\"},\"datePublished\":\"2016-10-05T09:50:01+00:00\",\"dateModified\":\"2025-03-24T10:05:18+00:00\",\"description\":\"En Apen ofrecemos el servicio de las impresoras OKI en Barcelona. Paga solo por lo que imprimes con impresoras OKI y renting de impresoras OKI.\",\"breadcrumb\":{\"@id\":\"https:\\\/\\\/www.apen.es\\\/soluciones-de-impresion\\\/impresoras-oki-barcelona\\\/#breadcrumb\"},\"inLanguage\":\"ca\",\"potentialAction\":[{\"@type\":\"ReadAction\",\"target\":[\"https:\\\/\\\/www.apen.es\\\/soluciones-de-impresion\\\/impresoras-oki-barcelona\\\/\"]}]},{\"@type\":\"BreadcrumbList\",\"@id\":\"https:\\\/\\\/www.apen.es\\\/soluciones-de-impresion\\\/impresoras-oki-barcelona\\\/#breadcrumb\",\"itemListElement\":[{\"@type\":\"ListItem\",\"position\":1,\"name\":\"Portada\",\"item\":\"https:\\\/\\\/www.apen.es\\\/\"},{\"@type\":\"ListItem\",\"position\":2,\"name\":\"Soluciones de impresi\u00f3n\",\"item\":\"https:\\\/\\\/www.apen.es\\\/soluciones-de-impresion\\\/\"},{\"@type\":\"ListItem\",\"position\":3,\"name\":\"Impresoras OKI Barcelona\"}]},{\"@type\":\"WebSite\",\"@id\":\"https:\\\/\\\/www.apen.es\\\/#website\",\"url\":\"https:\\\/\\\/www.apen.es\\\/\",\"name\":\"Apen Inform\u00e1tica\",\"description\":\"Mantenimiento Inform\u00e1tico , Software de Gesti\u00f3n, Soluciones de impresi\u00f3n\",\"publisher\":{\"@id\":\"https:\\\/\\\/www.apen.es\\\/#organization\"},\"potentialAction\":[{\"@type\":\"SearchAction\",\"target\":{\"@type\":\"EntryPoint\",\"urlTemplate\":\"https:\\\/\\\/www.apen.es\\\/?s={search_term_string}\"},\"query-input\":{\"@type\":\"PropertyValueSpecification\",\"valueRequired\":true,\"valueName\":\"search_term_string\"}}],\"inLanguage\":\"ca\"},{\"@type\":\"Organization\",\"@id\":\"https:\\\/\\\/www.apen.es\\\/#organization\",\"name\":\"Apen: Soluciones inform\u00e1ticas\",\"url\":\"https:\\\/\\\/www.apen.es\\\/\",\"logo\":{\"@type\":\"ImageObject\",\"inLanguage\":\"ca\",\"@id\":\"https:\\\/\\\/www.apen.es\\\/#\\\/schema\\\/logo\\\/image\\\/\",\"url\":\"https:\\\/\\\/www.apen.es\\\/wp-content\\\/uploads\\\/2022\\\/08\\\/logo-apenok-231x82-1.png\",\"contentUrl\":\"https:\\\/\\\/www.apen.es\\\/wp-content\\\/uploads\\\/2022\\\/08\\\/logo-apenok-231x82-1.png\",\"width\":231,\"height\":82,\"caption\":\"Apen: Soluciones inform\u00e1ticas\"},\"image\":{\"@id\":\"https:\\\/\\\/www.apen.es\\\/#\\\/schema\\\/logo\\\/image\\\/\"},\"sameAs\":[\"https:\\\/\\\/www.facebook.com\\\/apensolucions\",\"https:\\\/\\\/www.youtube.com\\\/user\\\/ApenCentreInformatic\",\"https:\\\/\\\/www.linkedin.com\\\/company\\\/1021771?trk=tyah&trkInfo=clickedVerticalcompanyclickedEntityId1021771idx2-1-2tarId1464195271196tasapenin\"]}]}<\/script>\n<!-- \/ Yoast SEO plugin. -->","yoast_head_json":{"title":"Impressores OKI Barcelona - Apen Inform\u00e0tica","description":"A Apen oferim el servei de les impressores OKI a Barcelona. Paga nom\u00e9s pel que imprimeixes amb impressores OKI i r\u00e8nting d&#039;impressores OKI.","robots":{"index":"index","follow":"follow","max-snippet":"max-snippet:-1","max-image-preview":"max-image-preview:large","max-video-preview":"max-video-preview:-1"},"canonical":"https:\/\/www.apen.es\/ca\/solucions-dimpressio\/impressores-oki-barcelona\/","og_locale":"ca_ES","og_type":"article","og_title":"Impresoras OKI Barcelona - Apen Inform\u00e1tica","og_description":"En Apen ofrecemos el servicio de las impresoras OKI en Barcelona. Paga solo por lo que imprimes con impresoras OKI y renting de impresoras OKI.","og_url":"https:\/\/www.apen.es\/ca\/solucions-dimpressio\/impressores-oki-barcelona\/","og_site_name":"Apen Inform\u00e1tica","article_publisher":"https:\/\/www.facebook.com\/apensolucions","article_modified_time":"2025-03-24T10:05:18+00:00","og_image":[{"width":231,"height":82,"url":"https:\/\/www.apen.es\/wp-content\/uploads\/2016\/05\/logo-apen-231x82-trasparent.png","type":"image\/png"}],"twitter_card":"summary_large_image","twitter_misc":{"Temps estimat de lectura":"8 minuts"},"schema":{"@context":"https:\/\/schema.org","@graph":[{"@type":"WebPage","@id":"https:\/\/www.apen.es\/soluciones-de-impresion\/impresoras-oki-barcelona\/","url":"https:\/\/www.apen.es\/soluciones-de-impresion\/impresoras-oki-barcelona\/","name":"Impressores OKI Barcelona - Apen Inform\u00e0tica","isPartOf":{"@id":"https:\/\/www.apen.es\/#website"},"datePublished":"2016-10-05T09:50:01+00:00","dateModified":"2025-03-24T10:05:18+00:00","description":"A Apen oferim el servei de les impressores OKI a Barcelona. Paga nom\u00e9s pel que imprimeixes amb impressores OKI i r\u00e8nting d&#039;impressores OKI.","breadcrumb":{"@id":"https:\/\/www.apen.es\/soluciones-de-impresion\/impresoras-oki-barcelona\/#breadcrumb"},"inLanguage":"ca","potentialAction":[{"@type":"ReadAction","target":["https:\/\/www.apen.es\/soluciones-de-impresion\/impresoras-oki-barcelona\/"]}]},{"@type":"BreadcrumbList","@id":"https:\/\/www.apen.es\/soluciones-de-impresion\/impresoras-oki-barcelona\/#breadcrumb","itemListElement":[{"@type":"ListItem","position":1,"name":"Portada","item":"https:\/\/www.apen.es\/"},{"@type":"ListItem","position":2,"name":"Soluciones de impresi\u00f3n","item":"https:\/\/www.apen.es\/soluciones-de-impresion\/"},{"@type":"ListItem","position":3,"name":"Impresoras OKI Barcelona"}]},{"@type":"WebSite","@id":"https:\/\/www.apen.es\/#website","url":"https:\/\/www.apen.es\/","name":"Apen Inform\u00e0tica","description":"Manteniment inform\u00e0tic , programari de gesti\u00f3, solucions d&#039;impressi\u00f3","publisher":{"@id":"https:\/\/www.apen.es\/#organization"},"potentialAction":[{"@type":"SearchAction","target":{"@type":"EntryPoint","urlTemplate":"https:\/\/www.apen.es\/?s={search_term_string}"},"query-input":{"@type":"PropertyValueSpecification","valueRequired":true,"valueName":"search_term_string"}}],"inLanguage":"ca"},{"@type":"Organization","@id":"https:\/\/www.apen.es\/#organization","name":"Apen: Solucions inform\u00e0tiques","url":"https:\/\/www.apen.es\/","logo":{"@type":"ImageObject","inLanguage":"ca","@id":"https:\/\/www.apen.es\/#\/schema\/logo\/image\/","url":"https:\/\/www.apen.es\/wp-content\/uploads\/2022\/08\/logo-apenok-231x82-1.png","contentUrl":"https:\/\/www.apen.es\/wp-content\/uploads\/2022\/08\/logo-apenok-231x82-1.png","width":231,"height":82,"caption":"Apen: Soluciones inform\u00e1ticas"},"image":{"@id":"https:\/\/www.apen.es\/#\/schema\/logo\/image\/"},"sameAs":["https:\/\/www.facebook.com\/apensolucions","https:\/\/www.youtube.com\/user\/ApenCentreInformatic","https:\/\/www.linkedin.com\/company\/1021771?trk=tyah&trkInfo=clickedVerticalcompanyclickedEntityId1021771idx2-1-2tarId1464195271196tasapenin"]}]}},"taxonomy_info":[],"featured_image_src_large":false,"author_info":{"display_name":"marqueting","author_link":"https:\/\/www.apen.es\/ca\/blog\/author\/marqueting\/"},"comment_info":0,"_links":{"self":[{"href":"https:\/\/www.apen.es\/ca\/wp-json\/wp\/v2\/pages\/5195","targetHints":{"allow":["GET"]}}],"collection":[{"href":"https:\/\/www.apen.es\/ca\/wp-json\/wp\/v2\/pages"}],"about":[{"href":"https:\/\/www.apen.es\/ca\/wp-json\/wp\/v2\/types\/page"}],"author":[{"embeddable":true,"href":"https:\/\/www.apen.es\/ca\/wp-json\/wp\/v2\/users\/4"}],"replies":[{"embeddable":true,"href":"https:\/\/www.apen.es\/ca\/wp-json\/wp\/v2\/comments?post=5195"}],"version-history":[{"count":3,"href":"https:\/\/www.apen.es\/ca\/wp-json\/wp\/v2\/pages\/5195\/revisions"}],"predecessor-version":[{"id":54444,"href":"https:\/\/www.apen.es\/ca\/wp-json\/wp\/v2\/pages\/5195\/revisions\/54444"}],"up":[{"embeddable":true,"href":"https:\/\/www.apen.es\/ca\/wp-json\/wp\/v2\/pages\/1158"}],"wp:attachment":[{"href":"https:\/\/www.apen.es\/ca\/wp-json\/wp\/v2\/media?parent=5195"}],"curies":[{"name":"wp","href":"https:\/\/api.w.org\/{rel}","templated":true}]}}