{"id":5191,"date":"2016-10-05T09:37:30","date_gmt":"2016-10-05T09:37:30","guid":{"rendered":"https:\/\/www.apen.es\/?page_id=5191"},"modified":"2025-03-24T10:04:08","modified_gmt":"2025-03-24T10:04:08","slug":"impressores-kyocera-barcelona","status":"publish","type":"page","link":"https:\/\/www.apen.es\/ca\/soluciones-de-impresion\/impresoras-kyocera-barcelona\/","title":{"rendered":"Impressores Kyocera Barcelona"},"content":{"rendered":"<p>La marca Kyocera va ser constitu\u00efda el 1959 al Jap\u00f3, concretament a Kyoto. L&#039;empresa Kyocera incorpora alta tecnologia a les seves impressores amb components de gran qualitat, que atorguen una llarga durabilitat a les impressores alhora que respecten el medi ambient. Decidir-se per comprar una impressora Kyocera ens garantir\u00e0 disposar de tecnologia punta al camp de la impressi\u00f3, amb costos baixos en el manteniment i amb un detall d&#039;impressi\u00f3 prec\u00eds. Productivitat, efici\u00e8ncia, durabilitat i flexibilitat s\u00f3n sin\u00f2nim de Kyocera.<\/p>\n\n\n\n<h3 class=\"wp-block-heading\"><strong>APEN: Distribuci\u00f3 d&#039;impressores Kyocera a tot Barcelona<\/strong><\/h3>\n\n\n\n<p>La nostra gran experi\u00e8ncia en el camp de la impressi\u00f3 per a empreses ens ha fet apostar per aquesta marca, entre d&#039;altres, a oferir solucions d&#039;impressi\u00f3 als nostres clients. Tant si la vostra empresa necessita comprar, llogar o executar un r\u00e8nting per a una impressora Kyocera d&#039;alt rendiment per a la seva empresa, APEN \u00e9s la soluci\u00f3.<\/p>\n\n\n\n<p>Oferim manteniment t\u00e8cnic, subministrament de cartutxos per a impressores i tot el suport que pugui necessitar la vostra impressora Kyocera.<\/p>\n\n\n\n<h3 class=\"wp-block-heading\"><strong>Venda directa d&#039;impressores Kyocera<\/strong><\/h3>\n\n\n\n<p>El nostre departament t\u00e8cnic estar\u00e0 encantat de fer un estudi dins de la vostra empresa, per comprovar el volum d&#039;impressi\u00f3, els h\u00e0bits interdepartamentals respecte a l&#039;\u00fas de les impressores i oferir\u00e0 un pressupost ajustat per a la vostra empresa, d&#039;acord amb les necessitats espec\u00edfiques que es determinin a l&#039;estudi.<\/p>\n\n\n\n<h3 class=\"wp-block-heading\"><strong>Lloguer i r\u00e8nting d&#039;impressores Kyocera<\/strong><\/h3>\n\n\n\n<p>Oferim la possibilitat a les nostres empreses clients de la prov\u00edncia de Barcelona de disposar d&#039;impressores de tota mena mitjan\u00e7ant lloguer o r\u00e8nting. Les empreses amb molts departaments que requereixen m\u00faltiples equips d&#039;impressi\u00f3 poden acollir-se al r\u00e8nting per finan\u00e7ar la inversi\u00f3 que suposa adquirir aquests equips de gran productivitat, estalvi i efici\u00e8ncia.<\/p>\n\n\n\n<h3 class=\"wp-block-heading\"><strong>Servei d&#039;impressi\u00f3 \u201cpreu per c\u00f2pia\u201d<\/strong><\/h3>\n\n\n\n<p>Aquest servei revolucionari gaudeix de gran acceptaci\u00f3 entre els nostres clients. El client paga nom\u00e9s per all\u00f2 que imprimeix i APEN instal\u00b7la les impressores necess\u00e0ries i s&#039;encarrega del seu manteniment, garantint que aquestes estiguin sempre operatives i proveint els subministraments de cartutxos de tinta, eliminant els estocs de les empreses.<\/p>\n\n\n\n<h3 class=\"wp-block-heading\"><strong>Com fem el subministrament de cartutxos de tinta Kyocera?<\/strong><\/h3>\n\n\n\n<p>Molt senzill. A APEN revisem, per control remot, l&#039;estat dels cartutxos de tinta, i quan aquests estan en un baix l\u00edmit, APEN subministra els cartutxos de tinta requerits, estalviant costos al client (estalvis en costos i temps) i allargant, al m\u00e0xim, la vida \u00fatil dels cartutxos de tinta.<\/p>\n\n\n\n<h3 class=\"wp-block-heading\"><strong>Els costos d\u201fimpressi\u00f3 suposen un 1,5% dels costos anuals d\u201funa empresa<\/strong><\/h3>\n\n\n\n<p>\u00c9s un cost important que cal tenir en compte. Gr\u00e0cies a APEN, la vostra empresa podr\u00e0 reduir aquest cost fins a un 30%, nom\u00e9s en costos de cartutx i d&#039;impressores, sense comptar el manteniment i reparaci\u00f3 d&#039;impressores que puguin requerir aquestes durant la seva vida \u00fatil. Decidir-se a contractar el servei de &quot;preu per c\u00f2pia&quot; d&#039;APEN, lligar\u00e0 els costos d&#039;impressi\u00f3 de la vostra empresa exclusivament pel que imprimeix, sense computar les reparacions que aniran a c\u00e0rrec d&#039;APEN.<\/p>","protected":false},"excerpt":{"rendered":"<p>La marca Kyocera fue constituida en 1959 en Jap\u00f3n, concretamente en Kyoto. La empresa Kyocera incorpora alta tecnolog\u00eda en sus impresoras con componentes de gran calidad, que otorgan una larga durabilidad a las impresoras a la vez que respetan el medio ambiente. Decidir-se por comprar una impresora Kyocera nos garantizar\u00e1 disponer de tecnolog\u00eda punta en&#8230;<\/p>","protected":false},"author":4,"featured_media":0,"parent":1158,"menu_order":0,"comment_status":"closed","ping_status":"closed","template":"page-renting-impresoras.php","meta":{"_acf_changed":false,"_kad_blocks_custom_css":"","_kad_blocks_head_custom_js":"","_kad_blocks_body_custom_js":"","_kad_blocks_footer_custom_js":"","_kad_post_transparent":"","_kad_post_title":"","_kad_post_layout":"","_kad_post_sidebar_id":"","_kad_post_content_style":"","_kad_post_vertical_padding":"","_kad_post_feature":"","_kad_post_feature_position":"","_kad_post_header":false,"_kad_post_footer":false,"_kad_post_classname":"","footnotes":""},"class_list":["post-5191","page","type-page","status-publish","hentry"],"acf":[],"yoast_head":"<!-- This site is optimized with the Yoast SEO plugin v27.4 - https:\/\/yoast.com\/product\/yoast-seo-wordpress\/ -->\n<title>Impresoras Kyocera Barcelona - Apen Inform\u00e1tica<\/title>\n<meta name=\"description\" content=\"En Apen ofrecemos el servicio de las impresoras Kyocera en Barcelona. Paga solo por lo que imprimes con impresoras OKI y renting de impresoras OKI.\" \/>\n<meta name=\"robots\" content=\"index, follow, max-snippet:-1, max-image-preview:large, max-video-preview:-1\" \/>\n<link rel=\"canonical\" href=\"https:\/\/www.apen.es\/ca\/solucions-dimpressio\/impressores-kyocera-barcelona\/\" \/>\n<meta property=\"og:locale\" content=\"ca_ES\" \/>\n<meta property=\"og:type\" content=\"article\" \/>\n<meta property=\"og:title\" content=\"Impresoras Kyocera Barcelona - Apen Inform\u00e1tica\" \/>\n<meta property=\"og:description\" content=\"En Apen ofrecemos el servicio de las impresoras Kyocera en Barcelona. Paga solo por lo que imprimes con impresoras OKI y renting de impresoras OKI.\" \/>\n<meta property=\"og:url\" content=\"https:\/\/www.apen.es\/ca\/solucions-dimpressio\/impressores-kyocera-barcelona\/\" \/>\n<meta property=\"og:site_name\" content=\"Apen Inform\u00e1tica\" \/>\n<meta property=\"article:publisher\" content=\"https:\/\/www.facebook.com\/apensolucions\" \/>\n<meta property=\"article:modified_time\" content=\"2025-03-24T10:04:08+00:00\" \/>\n<meta property=\"og:image\" content=\"https:\/\/www.apen.es\/wp-content\/uploads\/2016\/05\/logo-apen-231x82-trasparent.png\" \/>\n\t<meta property=\"og:image:width\" content=\"231\" \/>\n\t<meta property=\"og:image:height\" content=\"82\" \/>\n\t<meta property=\"og:image:type\" content=\"image\/png\" \/>\n<meta name=\"twitter:card\" content=\"summary_large_image\" \/>\n<meta name=\"twitter:label1\" content=\"Temps estimat de lectura\" \/>\n\t<meta name=\"twitter:data1\" content=\"8 minuts\" \/>\n<script type=\"application\/ld+json\" class=\"yoast-schema-graph\">{\"@context\":\"https:\\\/\\\/schema.org\",\"@graph\":[{\"@type\":\"WebPage\",\"@id\":\"https:\\\/\\\/www.apen.es\\\/soluciones-de-impresion\\\/impresoras-kyocera-barcelona\\\/\",\"url\":\"https:\\\/\\\/www.apen.es\\\/soluciones-de-impresion\\\/impresoras-kyocera-barcelona\\\/\",\"name\":\"Impresoras Kyocera Barcelona - Apen Inform\u00e1tica\",\"isPartOf\":{\"@id\":\"https:\\\/\\\/www.apen.es\\\/#website\"},\"datePublished\":\"2016-10-05T09:37:30+00:00\",\"dateModified\":\"2025-03-24T10:04:08+00:00\",\"description\":\"En Apen ofrecemos el servicio de las impresoras Kyocera en Barcelona. Paga solo por lo que imprimes con impresoras OKI y renting de impresoras OKI.\",\"breadcrumb\":{\"@id\":\"https:\\\/\\\/www.apen.es\\\/soluciones-de-impresion\\\/impresoras-kyocera-barcelona\\\/#breadcrumb\"},\"inLanguage\":\"ca\",\"potentialAction\":[{\"@type\":\"ReadAction\",\"target\":[\"https:\\\/\\\/www.apen.es\\\/soluciones-de-impresion\\\/impresoras-kyocera-barcelona\\\/\"]}]},{\"@type\":\"BreadcrumbList\",\"@id\":\"https:\\\/\\\/www.apen.es\\\/soluciones-de-impresion\\\/impresoras-kyocera-barcelona\\\/#breadcrumb\",\"itemListElement\":[{\"@type\":\"ListItem\",\"position\":1,\"name\":\"Portada\",\"item\":\"https:\\\/\\\/www.apen.es\\\/\"},{\"@type\":\"ListItem\",\"position\":2,\"name\":\"Soluciones de impresi\u00f3n\",\"item\":\"https:\\\/\\\/www.apen.es\\\/soluciones-de-impresion\\\/\"},{\"@type\":\"ListItem\",\"position\":3,\"name\":\"Impresoras Kyocera Barcelona\"}]},{\"@type\":\"WebSite\",\"@id\":\"https:\\\/\\\/www.apen.es\\\/#website\",\"url\":\"https:\\\/\\\/www.apen.es\\\/\",\"name\":\"Apen Inform\u00e1tica\",\"description\":\"Mantenimiento Inform\u00e1tico , Software de Gesti\u00f3n, Soluciones de impresi\u00f3n\",\"publisher\":{\"@id\":\"https:\\\/\\\/www.apen.es\\\/#organization\"},\"potentialAction\":[{\"@type\":\"SearchAction\",\"target\":{\"@type\":\"EntryPoint\",\"urlTemplate\":\"https:\\\/\\\/www.apen.es\\\/?s={search_term_string}\"},\"query-input\":{\"@type\":\"PropertyValueSpecification\",\"valueRequired\":true,\"valueName\":\"search_term_string\"}}],\"inLanguage\":\"ca\"},{\"@type\":\"Organization\",\"@id\":\"https:\\\/\\\/www.apen.es\\\/#organization\",\"name\":\"Apen: Soluciones inform\u00e1ticas\",\"url\":\"https:\\\/\\\/www.apen.es\\\/\",\"logo\":{\"@type\":\"ImageObject\",\"inLanguage\":\"ca\",\"@id\":\"https:\\\/\\\/www.apen.es\\\/#\\\/schema\\\/logo\\\/image\\\/\",\"url\":\"https:\\\/\\\/www.apen.es\\\/wp-content\\\/uploads\\\/2022\\\/08\\\/logo-apenok-231x82-1.png\",\"contentUrl\":\"https:\\\/\\\/www.apen.es\\\/wp-content\\\/uploads\\\/2022\\\/08\\\/logo-apenok-231x82-1.png\",\"width\":231,\"height\":82,\"caption\":\"Apen: Soluciones inform\u00e1ticas\"},\"image\":{\"@id\":\"https:\\\/\\\/www.apen.es\\\/#\\\/schema\\\/logo\\\/image\\\/\"},\"sameAs\":[\"https:\\\/\\\/www.facebook.com\\\/apensolucions\",\"https:\\\/\\\/www.youtube.com\\\/user\\\/ApenCentreInformatic\",\"https:\\\/\\\/www.linkedin.com\\\/company\\\/1021771?trk=tyah&trkInfo=clickedVerticalcompanyclickedEntityId1021771idx2-1-2tarId1464195271196tasapenin\"]}]}<\/script>\n<!-- \/ Yoast SEO plugin. -->","yoast_head_json":{"title":"Impressores Kyocera Barcelona - Apen Inform\u00e0tica","description":"A Apen oferim el servei de les impressores Kyocera a Barcelona. Paga nom\u00e9s pel que imprimeixes amb impressores OKI i r\u00e8nting d&#039;impressores OKI.","robots":{"index":"index","follow":"follow","max-snippet":"max-snippet:-1","max-image-preview":"max-image-preview:large","max-video-preview":"max-video-preview:-1"},"canonical":"https:\/\/www.apen.es\/ca\/solucions-dimpressio\/impressores-kyocera-barcelona\/","og_locale":"ca_ES","og_type":"article","og_title":"Impresoras Kyocera Barcelona - Apen Inform\u00e1tica","og_description":"En Apen ofrecemos el servicio de las impresoras Kyocera en Barcelona. Paga solo por lo que imprimes con impresoras OKI y renting de impresoras OKI.","og_url":"https:\/\/www.apen.es\/ca\/solucions-dimpressio\/impressores-kyocera-barcelona\/","og_site_name":"Apen Inform\u00e1tica","article_publisher":"https:\/\/www.facebook.com\/apensolucions","article_modified_time":"2025-03-24T10:04:08+00:00","og_image":[{"width":231,"height":82,"url":"https:\/\/www.apen.es\/wp-content\/uploads\/2016\/05\/logo-apen-231x82-trasparent.png","type":"image\/png"}],"twitter_card":"summary_large_image","twitter_misc":{"Temps estimat de lectura":"8 minuts"},"schema":{"@context":"https:\/\/schema.org","@graph":[{"@type":"WebPage","@id":"https:\/\/www.apen.es\/soluciones-de-impresion\/impresoras-kyocera-barcelona\/","url":"https:\/\/www.apen.es\/soluciones-de-impresion\/impresoras-kyocera-barcelona\/","name":"Impressores Kyocera Barcelona - Apen Inform\u00e0tica","isPartOf":{"@id":"https:\/\/www.apen.es\/#website"},"datePublished":"2016-10-05T09:37:30+00:00","dateModified":"2025-03-24T10:04:08+00:00","description":"A Apen oferim el servei de les impressores Kyocera a Barcelona. Paga nom\u00e9s pel que imprimeixes amb impressores OKI i r\u00e8nting d&#039;impressores OKI.","breadcrumb":{"@id":"https:\/\/www.apen.es\/soluciones-de-impresion\/impresoras-kyocera-barcelona\/#breadcrumb"},"inLanguage":"ca","potentialAction":[{"@type":"ReadAction","target":["https:\/\/www.apen.es\/soluciones-de-impresion\/impresoras-kyocera-barcelona\/"]}]},{"@type":"BreadcrumbList","@id":"https:\/\/www.apen.es\/soluciones-de-impresion\/impresoras-kyocera-barcelona\/#breadcrumb","itemListElement":[{"@type":"ListItem","position":1,"name":"Portada","item":"https:\/\/www.apen.es\/"},{"@type":"ListItem","position":2,"name":"Soluciones de impresi\u00f3n","item":"https:\/\/www.apen.es\/soluciones-de-impresion\/"},{"@type":"ListItem","position":3,"name":"Impresoras Kyocera Barcelona"}]},{"@type":"WebSite","@id":"https:\/\/www.apen.es\/#website","url":"https:\/\/www.apen.es\/","name":"Apen Inform\u00e0tica","description":"Manteniment inform\u00e0tic , programari de gesti\u00f3, solucions d&#039;impressi\u00f3","publisher":{"@id":"https:\/\/www.apen.es\/#organization"},"potentialAction":[{"@type":"SearchAction","target":{"@type":"EntryPoint","urlTemplate":"https:\/\/www.apen.es\/?s={search_term_string}"},"query-input":{"@type":"PropertyValueSpecification","valueRequired":true,"valueName":"search_term_string"}}],"inLanguage":"ca"},{"@type":"Organization","@id":"https:\/\/www.apen.es\/#organization","name":"Apen: Solucions inform\u00e0tiques","url":"https:\/\/www.apen.es\/","logo":{"@type":"ImageObject","inLanguage":"ca","@id":"https:\/\/www.apen.es\/#\/schema\/logo\/image\/","url":"https:\/\/www.apen.es\/wp-content\/uploads\/2022\/08\/logo-apenok-231x82-1.png","contentUrl":"https:\/\/www.apen.es\/wp-content\/uploads\/2022\/08\/logo-apenok-231x82-1.png","width":231,"height":82,"caption":"Apen: Soluciones inform\u00e1ticas"},"image":{"@id":"https:\/\/www.apen.es\/#\/schema\/logo\/image\/"},"sameAs":["https:\/\/www.facebook.com\/apensolucions","https:\/\/www.youtube.com\/user\/ApenCentreInformatic","https:\/\/www.linkedin.com\/company\/1021771?trk=tyah&trkInfo=clickedVerticalcompanyclickedEntityId1021771idx2-1-2tarId1464195271196tasapenin"]}]}},"taxonomy_info":[],"featured_image_src_large":false,"author_info":{"display_name":"marqueting","author_link":"https:\/\/www.apen.es\/ca\/blog\/author\/marqueting\/"},"comment_info":0,"_links":{"self":[{"href":"https:\/\/www.apen.es\/ca\/wp-json\/wp\/v2\/pages\/5191","targetHints":{"allow":["GET"]}}],"collection":[{"href":"https:\/\/www.apen.es\/ca\/wp-json\/wp\/v2\/pages"}],"about":[{"href":"https:\/\/www.apen.es\/ca\/wp-json\/wp\/v2\/types\/page"}],"author":[{"embeddable":true,"href":"https:\/\/www.apen.es\/ca\/wp-json\/wp\/v2\/users\/4"}],"replies":[{"embeddable":true,"href":"https:\/\/www.apen.es\/ca\/wp-json\/wp\/v2\/comments?post=5191"}],"version-history":[{"count":3,"href":"https:\/\/www.apen.es\/ca\/wp-json\/wp\/v2\/pages\/5191\/revisions"}],"predecessor-version":[{"id":54443,"href":"https:\/\/www.apen.es\/ca\/wp-json\/wp\/v2\/pages\/5191\/revisions\/54443"}],"up":[{"embeddable":true,"href":"https:\/\/www.apen.es\/ca\/wp-json\/wp\/v2\/pages\/1158"}],"wp:attachment":[{"href":"https:\/\/www.apen.es\/ca\/wp-json\/wp\/v2\/media?parent=5191"}],"curies":[{"name":"wp","href":"https:\/\/api.w.org\/{rel}","templated":true}]}}