{"id":4922,"date":"2016-09-23T10:27:10","date_gmt":"2016-09-23T10:27:10","guid":{"rendered":"https:\/\/www.apen.es\/?page_id=4922"},"modified":"2025-03-31T06:51:04","modified_gmt":"2025-03-31T06:51:04","slug":"manteniment-dordinadors-mollet","status":"publish","type":"page","link":"https:\/\/www.apen.es\/ca\/mantenimiento-informatico\/mantenimiento-de-ordenadores-mollet\/","title":{"rendered":"Manteniment d&#039;ordinadors Mollet"},"content":{"rendered":"<p>Si necessiteu un bon manteniment d&#039;ordinadors i d&#039;inform\u00e0tica una bona soluci\u00f3 \u00e9s contractar una empresa especialitzada en la inform\u00e0tica a empreses a prop de Mollet. Apen es troba a Granollers, i des de la nostra seu donem suport i suport inform\u00e0tic de manera presencial a les oficines de tot tipus d&#039;empreses ubicades a la prov\u00edncia de Barcelona, a m\u00e9s, el nostre bon saber fer ha fet que desenes d&#039;empreses confi\u00efn en nosaltres, i despr\u00e9s de 25 anys al sector, podem dir que som una de les empreses l\u00edders de Mollet en el camp de les solucions.<\/p>\n\n\n\n<h3 class=\"wp-block-heading\"><strong>Raons per contractar un manteniment d&#039;ordinadors<\/strong><\/h3>\n\n\n\n<p>Cada cop s\u00f3n m\u00e9s les amenaces que poden danyar els nostres ordinadors i equips inform\u00e0tics. Ja siguin internes o externes, aquestes amenaces en forma de malware, spyware, components de maquinari antiquats o versions de programari desactualitzats poden repercutir negativament sobre la productivitat d&#039;una empresa.<\/p>\n\n\n\n<p>La xarxa inform\u00e0tica d&#039;una empresa s&#039;ha convertit en el cervell de la mateixa, i per aix\u00f2 cal un manteniment inform\u00e0tic que solucioni els problemes seg\u00fcents:<\/p>\n\n\n\n<ul class=\"wp-block-list\">\n<li><strong>Virus:<\/strong>&nbsp;Ja siguin en forma de troians, malware o spyware, aquests ocupen mem\u00f2ria RAM de l&#039;ordinador, col\u00b7lapsen el sistema i eviten informaci\u00f3 \u00fatil a terceres persones amb l&#039;objectiu d&#039;obtenir beneficis. Deslliurar-se d&#039;aquesta amena\u00e7a implica disposar d&#039;un t\u00e8cnic que supervisi i analitzi l&#039;ordinador peri\u00f2dicament, a m\u00e9s de disposar de la millor tecnologia antivirus que APEN pot...<\/li>\n\n\n\n<li><strong>Reparaci\u00f3 dordinadors:<\/strong>&nbsp;Hi ha components que pel seu \u00fas poden deixar de funcionar correctament minant la capacitat de treball de lordinador. Altres vegades veiem com els components de maquinari no s\u00f3n els m\u00e9s adequats per realitzar les funcions que es realitzen amb aquest ordinador. Tamb\u00e9 podem trobar la necessitat d&#039;ampliar mem\u00f2ria RAM o instal\u00b7lar altres components que benefici\u00efn l&#039;ordinador i el vostre usuari. A APEN som especialistes en aquesta tasca inform\u00e0tica.<\/li>\n\n\n\n<li><strong>Informaci\u00f3 i c\u00f2pies de seguretat:<\/strong>&nbsp;S\u00f3n moltes les amenaces que poden fer malb\u00e9 i fer inaccessible certs documents i arxius. A APEN podem recuperar la informaci\u00f3 valuosa que hagi estat perduda i implementem un sistema que ofereixi c\u00f2pies de seguretat amb totes les garanties per estar sempre coberts.<\/li>\n\n\n\n<li><strong>Instal\u00b7laci\u00f3 de xarxes inform\u00e0tiques:<\/strong>&nbsp;Est\u00e0 demostrat que una empresa augmenta la seva productivitat si disposa d&#039;una xarxa inform\u00e0tica on tots els ordinadors tenen acc\u00e9s a la informaci\u00f3 del servidor. Disposar daquestes facilitats far\u00e0 augmentar la productivitat de la teva empresa. Tant si no disposes de xarxa, i desitges instal\u00b7lar-la, o desitges instal\u00b7lar nous ordinadors en xarxa o crear permisos i directoris, contacta amb la nostra&nbsp;<strong>empresa d\u00b4inform\u00e0tica de Mollet (Barcelona).<\/strong><\/li>\n\n\n\n<li><strong>Programari:&nbsp;<\/strong>Necessites programes que facilitin els teus processos de treball? Tant si parlem de programes d&#039;ofim\u00e0tica o de gesti\u00f3, a APEN, som especialistes en la implementaci\u00f3 i actualitzaci\u00f3 de tot tipus de programes inform\u00e0tics que poden millorar el rendiment de la teva empresa\u2026<\/li>\n\n\n\n<li><strong>Suport personalitzat:<\/strong>&nbsp;Qualsevol problema que tinguis amb els ordinadors de la teva empresa, et podem ajudar a resoldre&#039;ls des d&#039;APEN.<\/li>\n<\/ul>\n\n\n\n<h3 class=\"wp-block-heading\"><strong>Una empresa l\u00edder a Barcelona<\/strong><\/h3>\n\n\n\n<p>Tenim m\u00e9s de 25 anys al sector i ens hem encarregat que tots els nostres clients tinguin cobertes les seves necessitats en l&#039;\u00e0mbit de la inform\u00e0tica i les noves tecnologies.<\/p>","protected":false},"excerpt":{"rendered":"<p>Si necesitas un buen mantenimiento de ordenadores y de inform\u00e1tica una buena soluci\u00f3n es contratar una empresa especializada en la inform\u00e1tica a empresas cerca de Mollet. Apen se encuentra en Granollers, y desde nuestra sede damos apoyo y soporte inform\u00e1tico de manera presencial en las oficinas de todo tipo de empresas ubicadas en la provincia&#8230;<\/p>","protected":false},"author":4,"featured_media":0,"parent":1357,"menu_order":0,"comment_status":"closed","ping_status":"closed","template":"page-servicio-informatico.php","meta":{"_acf_changed":false,"_kad_blocks_custom_css":"","_kad_blocks_head_custom_js":"","_kad_blocks_body_custom_js":"","_kad_blocks_footer_custom_js":"","_kad_post_transparent":"","_kad_post_title":"","_kad_post_layout":"","_kad_post_sidebar_id":"","_kad_post_content_style":"","_kad_post_vertical_padding":"","_kad_post_feature":"","_kad_post_feature_position":"","_kad_post_header":false,"_kad_post_footer":false,"_kad_post_classname":"","footnotes":""},"class_list":["post-4922","page","type-page","status-publish","hentry"],"acf":[],"yoast_head":"<!-- This site is optimized with the Yoast SEO plugin v27.4 - https:\/\/yoast.com\/product\/yoast-seo-wordpress\/ -->\n<title>Mantenimiento de ordenadores Mollet - Apen Inform\u00e1tica<\/title>\n<meta name=\"description\" content=\"Mantenimiento de ordenadores, renting de equipos inform\u00e1ticos\u2026 La empresa de inform\u00e1tica en Mollet. Ofrecemos un servicio integral a nuestros clientes.\" \/>\n<meta name=\"robots\" content=\"index, follow, max-snippet:-1, max-image-preview:large, max-video-preview:-1\" \/>\n<link rel=\"canonical\" href=\"https:\/\/www.apen.es\/ca\/manteniment-informatic\/manteniment-dordinadors-mollet\/\" \/>\n<meta property=\"og:locale\" content=\"ca_ES\" \/>\n<meta property=\"og:type\" content=\"article\" \/>\n<meta property=\"og:title\" content=\"Mantenimiento de ordenadores Mollet - Apen Inform\u00e1tica\" \/>\n<meta property=\"og:description\" content=\"Mantenimiento de ordenadores, renting de equipos inform\u00e1ticos\u2026 La empresa de inform\u00e1tica en Mollet. Ofrecemos un servicio integral a nuestros clientes.\" \/>\n<meta property=\"og:url\" content=\"https:\/\/www.apen.es\/ca\/manteniment-informatic\/manteniment-dordinadors-mollet\/\" \/>\n<meta property=\"og:site_name\" content=\"Apen Inform\u00e1tica\" \/>\n<meta property=\"article:publisher\" content=\"https:\/\/www.facebook.com\/apensolucions\" \/>\n<meta property=\"article:modified_time\" content=\"2025-03-31T06:51:04+00:00\" \/>\n<meta property=\"og:image\" content=\"https:\/\/www.apen.es\/wp-content\/uploads\/2016\/05\/logo-apen-231x82-trasparent.png\" \/>\n\t<meta property=\"og:image:width\" content=\"231\" \/>\n\t<meta property=\"og:image:height\" content=\"82\" \/>\n\t<meta property=\"og:image:type\" content=\"image\/png\" \/>\n<meta name=\"twitter:card\" content=\"summary_large_image\" \/>\n<meta name=\"twitter:label1\" content=\"Temps estimat de lectura\" \/>\n\t<meta name=\"twitter:data1\" content=\"10 minuts\" \/>\n<script type=\"application\/ld+json\" class=\"yoast-schema-graph\">{\"@context\":\"https:\\\/\\\/schema.org\",\"@graph\":[{\"@type\":\"WebPage\",\"@id\":\"https:\\\/\\\/www.apen.es\\\/mantenimiento-informatico\\\/mantenimiento-de-ordenadores-mollet\\\/\",\"url\":\"https:\\\/\\\/www.apen.es\\\/mantenimiento-informatico\\\/mantenimiento-de-ordenadores-mollet\\\/\",\"name\":\"Mantenimiento de ordenadores Mollet - Apen Inform\u00e1tica\",\"isPartOf\":{\"@id\":\"https:\\\/\\\/www.apen.es\\\/#website\"},\"datePublished\":\"2016-09-23T10:27:10+00:00\",\"dateModified\":\"2025-03-31T06:51:04+00:00\",\"description\":\"Mantenimiento de ordenadores, renting de equipos inform\u00e1ticos\u2026 La empresa de inform\u00e1tica en Mollet. Ofrecemos un servicio integral a nuestros clientes.\",\"breadcrumb\":{\"@id\":\"https:\\\/\\\/www.apen.es\\\/mantenimiento-informatico\\\/mantenimiento-de-ordenadores-mollet\\\/#breadcrumb\"},\"inLanguage\":\"ca\",\"potentialAction\":[{\"@type\":\"ReadAction\",\"target\":[\"https:\\\/\\\/www.apen.es\\\/mantenimiento-informatico\\\/mantenimiento-de-ordenadores-mollet\\\/\"]}]},{\"@type\":\"BreadcrumbList\",\"@id\":\"https:\\\/\\\/www.apen.es\\\/mantenimiento-informatico\\\/mantenimiento-de-ordenadores-mollet\\\/#breadcrumb\",\"itemListElement\":[{\"@type\":\"ListItem\",\"position\":1,\"name\":\"Portada\",\"item\":\"https:\\\/\\\/www.apen.es\\\/\"},{\"@type\":\"ListItem\",\"position\":2,\"name\":\"Mantenimiento inform\u00e1tico\",\"item\":\"https:\\\/\\\/www.apen.es\\\/mantenimiento-informatico\\\/\"},{\"@type\":\"ListItem\",\"position\":3,\"name\":\"Mantenimiento de ordenadores Mollet\"}]},{\"@type\":\"WebSite\",\"@id\":\"https:\\\/\\\/www.apen.es\\\/#website\",\"url\":\"https:\\\/\\\/www.apen.es\\\/\",\"name\":\"Apen Inform\u00e1tica\",\"description\":\"Mantenimiento Inform\u00e1tico , Software de Gesti\u00f3n, Soluciones de impresi\u00f3n\",\"publisher\":{\"@id\":\"https:\\\/\\\/www.apen.es\\\/#organization\"},\"potentialAction\":[{\"@type\":\"SearchAction\",\"target\":{\"@type\":\"EntryPoint\",\"urlTemplate\":\"https:\\\/\\\/www.apen.es\\\/?s={search_term_string}\"},\"query-input\":{\"@type\":\"PropertyValueSpecification\",\"valueRequired\":true,\"valueName\":\"search_term_string\"}}],\"inLanguage\":\"ca\"},{\"@type\":\"Organization\",\"@id\":\"https:\\\/\\\/www.apen.es\\\/#organization\",\"name\":\"Apen: Soluciones inform\u00e1ticas\",\"url\":\"https:\\\/\\\/www.apen.es\\\/\",\"logo\":{\"@type\":\"ImageObject\",\"inLanguage\":\"ca\",\"@id\":\"https:\\\/\\\/www.apen.es\\\/#\\\/schema\\\/logo\\\/image\\\/\",\"url\":\"https:\\\/\\\/www.apen.es\\\/wp-content\\\/uploads\\\/2022\\\/08\\\/logo-apenok-231x82-1.png\",\"contentUrl\":\"https:\\\/\\\/www.apen.es\\\/wp-content\\\/uploads\\\/2022\\\/08\\\/logo-apenok-231x82-1.png\",\"width\":231,\"height\":82,\"caption\":\"Apen: Soluciones inform\u00e1ticas\"},\"image\":{\"@id\":\"https:\\\/\\\/www.apen.es\\\/#\\\/schema\\\/logo\\\/image\\\/\"},\"sameAs\":[\"https:\\\/\\\/www.facebook.com\\\/apensolucions\",\"https:\\\/\\\/www.youtube.com\\\/user\\\/ApenCentreInformatic\",\"https:\\\/\\\/www.linkedin.com\\\/company\\\/1021771?trk=tyah&trkInfo=clickedVerticalcompanyclickedEntityId1021771idx2-1-2tarId1464195271196tasapenin\"]}]}<\/script>\n<!-- \/ Yoast SEO plugin. -->","yoast_head_json":{"title":"Manteniment d&#039;ordinadors Mollet - Apen Inform\u00e0tica","description":"Manteniment d&#039;ordinadors, r\u00e8nting d&#039;equips inform\u00e0tics... L&#039;empresa inform\u00e0tica a Mollet. Oferim un servei integral als nostres clients.","robots":{"index":"index","follow":"follow","max-snippet":"max-snippet:-1","max-image-preview":"max-image-preview:large","max-video-preview":"max-video-preview:-1"},"canonical":"https:\/\/www.apen.es\/ca\/manteniment-informatic\/manteniment-dordinadors-mollet\/","og_locale":"ca_ES","og_type":"article","og_title":"Mantenimiento de ordenadores Mollet - Apen Inform\u00e1tica","og_description":"Mantenimiento de ordenadores, renting de equipos inform\u00e1ticos\u2026 La empresa de inform\u00e1tica en Mollet. Ofrecemos un servicio integral a nuestros clientes.","og_url":"https:\/\/www.apen.es\/ca\/manteniment-informatic\/manteniment-dordinadors-mollet\/","og_site_name":"Apen Inform\u00e1tica","article_publisher":"https:\/\/www.facebook.com\/apensolucions","article_modified_time":"2025-03-31T06:51:04+00:00","og_image":[{"width":231,"height":82,"url":"https:\/\/www.apen.es\/wp-content\/uploads\/2016\/05\/logo-apen-231x82-trasparent.png","type":"image\/png"}],"twitter_card":"summary_large_image","twitter_misc":{"Temps estimat de lectura":"10 minuts"},"schema":{"@context":"https:\/\/schema.org","@graph":[{"@type":"WebPage","@id":"https:\/\/www.apen.es\/mantenimiento-informatico\/mantenimiento-de-ordenadores-mollet\/","url":"https:\/\/www.apen.es\/mantenimiento-informatico\/mantenimiento-de-ordenadores-mollet\/","name":"Manteniment d&#039;ordinadors Mollet - Apen Inform\u00e0tica","isPartOf":{"@id":"https:\/\/www.apen.es\/#website"},"datePublished":"2016-09-23T10:27:10+00:00","dateModified":"2025-03-31T06:51:04+00:00","description":"Manteniment d&#039;ordinadors, r\u00e8nting d&#039;equips inform\u00e0tics... L&#039;empresa inform\u00e0tica a Mollet. Oferim un servei integral als nostres clients.","breadcrumb":{"@id":"https:\/\/www.apen.es\/mantenimiento-informatico\/mantenimiento-de-ordenadores-mollet\/#breadcrumb"},"inLanguage":"ca","potentialAction":[{"@type":"ReadAction","target":["https:\/\/www.apen.es\/mantenimiento-informatico\/mantenimiento-de-ordenadores-mollet\/"]}]},{"@type":"BreadcrumbList","@id":"https:\/\/www.apen.es\/mantenimiento-informatico\/mantenimiento-de-ordenadores-mollet\/#breadcrumb","itemListElement":[{"@type":"ListItem","position":1,"name":"Portada","item":"https:\/\/www.apen.es\/"},{"@type":"ListItem","position":2,"name":"Mantenimiento inform\u00e1tico","item":"https:\/\/www.apen.es\/mantenimiento-informatico\/"},{"@type":"ListItem","position":3,"name":"Mantenimiento de ordenadores Mollet"}]},{"@type":"WebSite","@id":"https:\/\/www.apen.es\/#website","url":"https:\/\/www.apen.es\/","name":"Apen Inform\u00e0tica","description":"Manteniment inform\u00e0tic , programari de gesti\u00f3, solucions d&#039;impressi\u00f3","publisher":{"@id":"https:\/\/www.apen.es\/#organization"},"potentialAction":[{"@type":"SearchAction","target":{"@type":"EntryPoint","urlTemplate":"https:\/\/www.apen.es\/?s={search_term_string}"},"query-input":{"@type":"PropertyValueSpecification","valueRequired":true,"valueName":"search_term_string"}}],"inLanguage":"ca"},{"@type":"Organization","@id":"https:\/\/www.apen.es\/#organization","name":"Apen: Solucions inform\u00e0tiques","url":"https:\/\/www.apen.es\/","logo":{"@type":"ImageObject","inLanguage":"ca","@id":"https:\/\/www.apen.es\/#\/schema\/logo\/image\/","url":"https:\/\/www.apen.es\/wp-content\/uploads\/2022\/08\/logo-apenok-231x82-1.png","contentUrl":"https:\/\/www.apen.es\/wp-content\/uploads\/2022\/08\/logo-apenok-231x82-1.png","width":231,"height":82,"caption":"Apen: Soluciones inform\u00e1ticas"},"image":{"@id":"https:\/\/www.apen.es\/#\/schema\/logo\/image\/"},"sameAs":["https:\/\/www.facebook.com\/apensolucions","https:\/\/www.youtube.com\/user\/ApenCentreInformatic","https:\/\/www.linkedin.com\/company\/1021771?trk=tyah&trkInfo=clickedVerticalcompanyclickedEntityId1021771idx2-1-2tarId1464195271196tasapenin"]}]}},"taxonomy_info":[],"featured_image_src_large":false,"author_info":{"display_name":"marqueting","author_link":"https:\/\/www.apen.es\/ca\/blog\/author\/marqueting\/"},"comment_info":0,"_links":{"self":[{"href":"https:\/\/www.apen.es\/ca\/wp-json\/wp\/v2\/pages\/4922","targetHints":{"allow":["GET"]}}],"collection":[{"href":"https:\/\/www.apen.es\/ca\/wp-json\/wp\/v2\/pages"}],"about":[{"href":"https:\/\/www.apen.es\/ca\/wp-json\/wp\/v2\/types\/page"}],"author":[{"embeddable":true,"href":"https:\/\/www.apen.es\/ca\/wp-json\/wp\/v2\/users\/4"}],"replies":[{"embeddable":true,"href":"https:\/\/www.apen.es\/ca\/wp-json\/wp\/v2\/comments?post=4922"}],"version-history":[{"count":2,"href":"https:\/\/www.apen.es\/ca\/wp-json\/wp\/v2\/pages\/4922\/revisions"}],"predecessor-version":[{"id":54534,"href":"https:\/\/www.apen.es\/ca\/wp-json\/wp\/v2\/pages\/4922\/revisions\/54534"}],"up":[{"embeddable":true,"href":"https:\/\/www.apen.es\/ca\/wp-json\/wp\/v2\/pages\/1357"}],"wp:attachment":[{"href":"https:\/\/www.apen.es\/ca\/wp-json\/wp\/v2\/media?parent=4922"}],"curies":[{"name":"wp","href":"https:\/\/api.w.org\/{rel}","templated":true}]}}