{"id":4920,"date":"2016-09-23T10:25:52","date_gmt":"2016-09-23T10:25:52","guid":{"rendered":"https:\/\/www.apen.es\/?page_id=4920"},"modified":"2025-03-31T06:49:59","modified_gmt":"2025-03-31T06:49:59","slug":"manteniment-informatic-badalona","status":"publish","type":"page","link":"https:\/\/www.apen.es\/ca\/mantenimiento-informatico\/mantenimiento-informatico-badalona\/","title":{"rendered":"Manteniment inform\u00e0tic Badalona"},"content":{"rendered":"<p>L&#039;empresa d&#039;inform\u00e0tica aplicada a l&#039;empresa APEN est\u00e0 ubicada molt a prop de Badalona, concretament a Granollers. Des de la nostra seu, donem cobertura a empreses del sector secundari i terciari de tota la prov\u00edncia de Barcelona, amb una forta rellev\u00e0ncia d\u00b4empreses situades a Badalona que van decidir apostar pels nostres serveis i paquets de manteniment inform\u00e0tic.<\/p>\n\n\n\n<h2 class=\"wp-block-heading has-medium-font-size\"><strong>Les principals raons per contractar un servei de manteniment inform\u00e0tic extern<\/strong><\/h2>\n\n\n\n<p>Hi ha moltes raons per les quals una empresa obt\u00e9 beneficis a l&#039;hora de contractar un servei de manteniment inform\u00e0tic i de reparaci\u00f3\/manteniment d&#039;ordinadors a una empresa d&#039;inform\u00e0tica externa. La majoria estan relacionats amb la rendibilitat, l&#039;efic\u00e0cia i l&#039;efici\u00e8ncia del servei\u2026 Entre aquests beneficis obtenim:<\/p>\n\n\n\n<ul class=\"wp-block-list\">\n<li>Disposar d&#039;una empresa externa per a aquest servei, \u00e9s molt m\u00e9s econ\u00f2mic que comptar amb inform\u00e0tics professionals en plantilla, i poden abastar fins i tot m\u00e9s \u00e0rees de treball (acomiadaments, liquidacions, seguretat social\u2026)<\/li>\n\n\n\n<li>En contractar un servei i no una persona, obtens la garantia d&#039;un servei permanent cada dia de l&#039;any. Aix\u00f2, quan es tracta de treballadors, no sempre passa (baixes laborals, malalties, vacances\u2026)<\/li>\n\n\n\n<li>Especialitzaci\u00f3 en \u00e0rees: Un dels majors beneficis que pots obtenir en el moment de contractar un manteniment inform\u00e0tic per a la teva empresa en una empresa externa, \u00e9s que per exemple a APEN, disposem d&#039;inform\u00e0tics especialistes a cada camp, podent abastir solucions de tot tipus. \u00c9s molt complicat trobar un inform\u00e0tic que domini totes les \u00e0rees de la inform\u00e0tica empresarial, amb APEN, vost\u00e8 no estar\u00e0 contractant un inform\u00e0tic, sin\u00f3 un equip.<\/li>\n<\/ul>\n\n\n\n<h3 class=\"wp-block-heading has-medium-font-size\" style=\"margin-bottom:var(--wp--preset--spacing--50)\"><strong>Les principals solucions inform\u00e0tiques de qu\u00e8 gaudeixen les nostres empreses clients<\/strong><\/h3>\n\n\n\n<ul class=\"wp-block-list\">\n<li>Instal\u00b7laci\u00f3, implementaci\u00f3 i configuraci\u00f3 de programari: Antivirus, programes de gesti\u00f3, programes d&#039;ofim\u00e0tica\u2026<\/li>\n\n\n\n<li>Reparaci\u00f3 de components de lordinador: Analitzem quins components estan obsolets i necessiten ser substitu\u00efts. Tamb\u00e9 oferim la possibilitat d&#039;incorporar nous components al teu PC per millorar-ne el rendiment.<\/li>\n\n\n\n<li>Ordinadors de substituci\u00f3: Si un ordinador estigu\u00e9s fora de servei per manteniment i\/o reparaci\u00f3, a APEN t&#039;oferim ordinadors de substituci\u00f3.<\/li>\n\n\n\n<li>Sistemes operatius: Analitzem quins components de programari estan obsolets i necessiten ser reempla\u00e7ats o eliminats perqu\u00e8 el teu sistema operatiu funcioni amb el m\u00e0xim de prestacions.<\/li>\n\n\n\n<li>C\u00f2pies de seguretat: Gr\u00e0cies a APEN tindr\u00e0s les esquenes cobertes, i \u00e9s que sempre tindr\u00e0s una c\u00f2pia de seguretat del teu ordinador.<\/li>\n\n\n\n<li>Recuperaci\u00f3 informaci\u00f3: Si tens l&#039;ordinador fet malb\u00e9, podem recuperar la informaci\u00f3 valuosa de l&#039;equip.<\/li>\n\n\n\n<li>Xarxes locals: Podem habilitar servidors on emmagatzemar tota la informaci\u00f3 rellevant i \u00fatil de la vostra empresa i habilitar una xarxa per poder accedir des de qualsevol ordinador de les vostres oficines.<\/li>\n<\/ul>\n\n\n\n<p>Tot aix\u00f2 i molt m\u00e9s amb preus a partir de 10\u20ac\/mes per equip inform\u00e0tic que disposi la vostra empresa.<\/p>\n\n\n\n<h3 class=\"wp-block-heading has-medium-font-size\"><strong>Altres serveis que oferim<\/strong><\/h3>\n\n\n\n<p>A m\u00e9s, a APEN trobareu solucions per a totes les necessitats productives de la teva empresa:<\/p>\n\n\n\n<ul class=\"wp-block-list\">\n<li>R\u00e8nting d&#039;impressores (Preu per c\u00f2pia)<\/li>\n\n\n\n<li>Venda d&#039;equips inform\u00e0tics<\/li>\n\n\n\n<li>Implantaci\u00f3 de programaris de gesti\u00f3<\/li>\n\n\n\n<li>Solucions en telecomunicacions<\/li>\n\n\n\n<li>Seguretat inform\u00e0tica<\/li>\n<\/ul>\n\n\n\n<h3 class=\"wp-block-heading has-medium-font-size\"><strong>Una empresa l\u00edder a Barcelona<\/strong><\/h3>\n\n\n\n<p>Tenim m\u00e9s de 25 anys al sector i ens hem encarregat que tots els nostres clients tinguin cobertes les seves necessitats en l&#039;\u00e0mbit de la inform\u00e0tica i les noves tecnologies.<\/p>","protected":false},"excerpt":{"rendered":"<p>La empresa de inform\u00e1tica aplicada a la empresa APEN est\u00e1 ubicada muy cerca de Badalona, concretamente en Granollers. Desde nuestra sede, damos cobertura a empresas del sector secundario y terciario de toda la provincia de Barcelona, con una fuerte relevancia de empresas situadas en Badalona que decidieron apostar por nuestros servicios y paquetes de mantenimiento&#8230;<\/p>","protected":false},"author":4,"featured_media":0,"parent":1357,"menu_order":0,"comment_status":"closed","ping_status":"closed","template":"page-servicio-informatico.php","meta":{"_acf_changed":false,"_kad_blocks_custom_css":"","_kad_blocks_head_custom_js":"","_kad_blocks_body_custom_js":"","_kad_blocks_footer_custom_js":"","_kad_post_transparent":"","_kad_post_title":"","_kad_post_layout":"","_kad_post_sidebar_id":"","_kad_post_content_style":"","_kad_post_vertical_padding":"","_kad_post_feature":"","_kad_post_feature_position":"","_kad_post_header":false,"_kad_post_footer":false,"_kad_post_classname":"","footnotes":""},"class_list":["post-4920","page","type-page","status-publish","hentry"],"acf":[],"yoast_head":"<!-- This site is optimized with the Yoast SEO plugin v27.4 - https:\/\/yoast.com\/product\/yoast-seo-wordpress\/ -->\n<title>Mantenimiento inform\u00e1tico Badalona - Apen Inform\u00e1tica<\/title>\n<meta name=\"description\" content=\"Empresa de inform\u00e1tica en Badalona. Mantenimiento de equipos inform\u00e1ticos de tu empresa: ordenadores, impresoras, programas... Conf\u00eda en Apen.\" \/>\n<meta name=\"robots\" content=\"index, follow, max-snippet:-1, max-image-preview:large, max-video-preview:-1\" \/>\n<link rel=\"canonical\" href=\"https:\/\/www.apen.es\/ca\/manteniment-informatic\/manteniment-informatic-badalona\/\" \/>\n<meta property=\"og:locale\" content=\"ca_ES\" \/>\n<meta property=\"og:type\" content=\"article\" \/>\n<meta property=\"og:title\" content=\"Mantenimiento inform\u00e1tico Badalona - Apen Inform\u00e1tica\" \/>\n<meta property=\"og:description\" content=\"Empresa de inform\u00e1tica en Badalona. Mantenimiento de equipos inform\u00e1ticos de tu empresa: ordenadores, impresoras, programas... Conf\u00eda en Apen.\" \/>\n<meta property=\"og:url\" content=\"https:\/\/www.apen.es\/ca\/manteniment-informatic\/manteniment-informatic-badalona\/\" \/>\n<meta property=\"og:site_name\" content=\"Apen Inform\u00e1tica\" \/>\n<meta property=\"article:publisher\" content=\"https:\/\/www.facebook.com\/apensolucions\" \/>\n<meta property=\"article:modified_time\" content=\"2025-03-31T06:49:59+00:00\" \/>\n<meta property=\"og:image\" content=\"https:\/\/www.apen.es\/wp-content\/uploads\/2016\/05\/logo-apen-231x82-trasparent.png\" \/>\n\t<meta property=\"og:image:width\" content=\"231\" \/>\n\t<meta property=\"og:image:height\" content=\"82\" \/>\n\t<meta property=\"og:image:type\" content=\"image\/png\" \/>\n<meta name=\"twitter:card\" content=\"summary_large_image\" \/>\n<meta name=\"twitter:label1\" content=\"Temps estimat de lectura\" \/>\n\t<meta name=\"twitter:data1\" content=\"10 minuts\" \/>\n<script type=\"application\/ld+json\" class=\"yoast-schema-graph\">{\"@context\":\"https:\\\/\\\/schema.org\",\"@graph\":[{\"@type\":\"WebPage\",\"@id\":\"https:\\\/\\\/www.apen.es\\\/mantenimiento-informatico\\\/mantenimiento-informatico-badalona\\\/\",\"url\":\"https:\\\/\\\/www.apen.es\\\/mantenimiento-informatico\\\/mantenimiento-informatico-badalona\\\/\",\"name\":\"Mantenimiento inform\u00e1tico Badalona - Apen Inform\u00e1tica\",\"isPartOf\":{\"@id\":\"https:\\\/\\\/www.apen.es\\\/#website\"},\"datePublished\":\"2016-09-23T10:25:52+00:00\",\"dateModified\":\"2025-03-31T06:49:59+00:00\",\"description\":\"Empresa de inform\u00e1tica en Badalona. Mantenimiento de equipos inform\u00e1ticos de tu empresa: ordenadores, impresoras, programas... Conf\u00eda en Apen.\",\"breadcrumb\":{\"@id\":\"https:\\\/\\\/www.apen.es\\\/mantenimiento-informatico\\\/mantenimiento-informatico-badalona\\\/#breadcrumb\"},\"inLanguage\":\"ca\",\"potentialAction\":[{\"@type\":\"ReadAction\",\"target\":[\"https:\\\/\\\/www.apen.es\\\/mantenimiento-informatico\\\/mantenimiento-informatico-badalona\\\/\"]}]},{\"@type\":\"BreadcrumbList\",\"@id\":\"https:\\\/\\\/www.apen.es\\\/mantenimiento-informatico\\\/mantenimiento-informatico-badalona\\\/#breadcrumb\",\"itemListElement\":[{\"@type\":\"ListItem\",\"position\":1,\"name\":\"Portada\",\"item\":\"https:\\\/\\\/www.apen.es\\\/\"},{\"@type\":\"ListItem\",\"position\":2,\"name\":\"Mantenimiento inform\u00e1tico\",\"item\":\"https:\\\/\\\/www.apen.es\\\/mantenimiento-informatico\\\/\"},{\"@type\":\"ListItem\",\"position\":3,\"name\":\"Mantenimiento inform\u00e1tico Badalona\"}]},{\"@type\":\"WebSite\",\"@id\":\"https:\\\/\\\/www.apen.es\\\/#website\",\"url\":\"https:\\\/\\\/www.apen.es\\\/\",\"name\":\"Apen Inform\u00e1tica\",\"description\":\"Mantenimiento Inform\u00e1tico , Software de Gesti\u00f3n, Soluciones de impresi\u00f3n\",\"publisher\":{\"@id\":\"https:\\\/\\\/www.apen.es\\\/#organization\"},\"potentialAction\":[{\"@type\":\"SearchAction\",\"target\":{\"@type\":\"EntryPoint\",\"urlTemplate\":\"https:\\\/\\\/www.apen.es\\\/?s={search_term_string}\"},\"query-input\":{\"@type\":\"PropertyValueSpecification\",\"valueRequired\":true,\"valueName\":\"search_term_string\"}}],\"inLanguage\":\"ca\"},{\"@type\":\"Organization\",\"@id\":\"https:\\\/\\\/www.apen.es\\\/#organization\",\"name\":\"Apen: Soluciones inform\u00e1ticas\",\"url\":\"https:\\\/\\\/www.apen.es\\\/\",\"logo\":{\"@type\":\"ImageObject\",\"inLanguage\":\"ca\",\"@id\":\"https:\\\/\\\/www.apen.es\\\/#\\\/schema\\\/logo\\\/image\\\/\",\"url\":\"https:\\\/\\\/www.apen.es\\\/wp-content\\\/uploads\\\/2022\\\/08\\\/logo-apenok-231x82-1.png\",\"contentUrl\":\"https:\\\/\\\/www.apen.es\\\/wp-content\\\/uploads\\\/2022\\\/08\\\/logo-apenok-231x82-1.png\",\"width\":231,\"height\":82,\"caption\":\"Apen: Soluciones inform\u00e1ticas\"},\"image\":{\"@id\":\"https:\\\/\\\/www.apen.es\\\/#\\\/schema\\\/logo\\\/image\\\/\"},\"sameAs\":[\"https:\\\/\\\/www.facebook.com\\\/apensolucions\",\"https:\\\/\\\/www.youtube.com\\\/user\\\/ApenCentreInformatic\",\"https:\\\/\\\/www.linkedin.com\\\/company\\\/1021771?trk=tyah&trkInfo=clickedVerticalcompanyclickedEntityId1021771idx2-1-2tarId1464195271196tasapenin\"]}]}<\/script>\n<!-- \/ Yoast SEO plugin. -->","yoast_head_json":{"title":"Manteniment inform\u00e0tic Badalona - Apen Inform\u00e0tica","description":"Empresa d&#039;inform\u00e0tica a Badalona. Manteniment d&#039;equips inform\u00e0tics de la teva empresa: ordinadors, impressores, programes... Confia a Apen.","robots":{"index":"index","follow":"follow","max-snippet":"max-snippet:-1","max-image-preview":"max-image-preview:large","max-video-preview":"max-video-preview:-1"},"canonical":"https:\/\/www.apen.es\/ca\/manteniment-informatic\/manteniment-informatic-badalona\/","og_locale":"ca_ES","og_type":"article","og_title":"Mantenimiento inform\u00e1tico Badalona - Apen Inform\u00e1tica","og_description":"Empresa de inform\u00e1tica en Badalona. Mantenimiento de equipos inform\u00e1ticos de tu empresa: ordenadores, impresoras, programas... Conf\u00eda en Apen.","og_url":"https:\/\/www.apen.es\/ca\/manteniment-informatic\/manteniment-informatic-badalona\/","og_site_name":"Apen Inform\u00e1tica","article_publisher":"https:\/\/www.facebook.com\/apensolucions","article_modified_time":"2025-03-31T06:49:59+00:00","og_image":[{"width":231,"height":82,"url":"https:\/\/www.apen.es\/wp-content\/uploads\/2016\/05\/logo-apen-231x82-trasparent.png","type":"image\/png"}],"twitter_card":"summary_large_image","twitter_misc":{"Temps estimat de lectura":"10 minuts"},"schema":{"@context":"https:\/\/schema.org","@graph":[{"@type":"WebPage","@id":"https:\/\/www.apen.es\/mantenimiento-informatico\/mantenimiento-informatico-badalona\/","url":"https:\/\/www.apen.es\/mantenimiento-informatico\/mantenimiento-informatico-badalona\/","name":"Manteniment inform\u00e0tic Badalona - Apen Inform\u00e0tica","isPartOf":{"@id":"https:\/\/www.apen.es\/#website"},"datePublished":"2016-09-23T10:25:52+00:00","dateModified":"2025-03-31T06:49:59+00:00","description":"Empresa d&#039;inform\u00e0tica a Badalona. Manteniment d&#039;equips inform\u00e0tics de la teva empresa: ordinadors, impressores, programes... Confia a Apen.","breadcrumb":{"@id":"https:\/\/www.apen.es\/mantenimiento-informatico\/mantenimiento-informatico-badalona\/#breadcrumb"},"inLanguage":"ca","potentialAction":[{"@type":"ReadAction","target":["https:\/\/www.apen.es\/mantenimiento-informatico\/mantenimiento-informatico-badalona\/"]}]},{"@type":"BreadcrumbList","@id":"https:\/\/www.apen.es\/mantenimiento-informatico\/mantenimiento-informatico-badalona\/#breadcrumb","itemListElement":[{"@type":"ListItem","position":1,"name":"Portada","item":"https:\/\/www.apen.es\/"},{"@type":"ListItem","position":2,"name":"Mantenimiento inform\u00e1tico","item":"https:\/\/www.apen.es\/mantenimiento-informatico\/"},{"@type":"ListItem","position":3,"name":"Mantenimiento inform\u00e1tico Badalona"}]},{"@type":"WebSite","@id":"https:\/\/www.apen.es\/#website","url":"https:\/\/www.apen.es\/","name":"Apen Inform\u00e0tica","description":"Manteniment inform\u00e0tic , programari de gesti\u00f3, solucions d&#039;impressi\u00f3","publisher":{"@id":"https:\/\/www.apen.es\/#organization"},"potentialAction":[{"@type":"SearchAction","target":{"@type":"EntryPoint","urlTemplate":"https:\/\/www.apen.es\/?s={search_term_string}"},"query-input":{"@type":"PropertyValueSpecification","valueRequired":true,"valueName":"search_term_string"}}],"inLanguage":"ca"},{"@type":"Organization","@id":"https:\/\/www.apen.es\/#organization","name":"Apen: Solucions inform\u00e0tiques","url":"https:\/\/www.apen.es\/","logo":{"@type":"ImageObject","inLanguage":"ca","@id":"https:\/\/www.apen.es\/#\/schema\/logo\/image\/","url":"https:\/\/www.apen.es\/wp-content\/uploads\/2022\/08\/logo-apenok-231x82-1.png","contentUrl":"https:\/\/www.apen.es\/wp-content\/uploads\/2022\/08\/logo-apenok-231x82-1.png","width":231,"height":82,"caption":"Apen: Soluciones inform\u00e1ticas"},"image":{"@id":"https:\/\/www.apen.es\/#\/schema\/logo\/image\/"},"sameAs":["https:\/\/www.facebook.com\/apensolucions","https:\/\/www.youtube.com\/user\/ApenCentreInformatic","https:\/\/www.linkedin.com\/company\/1021771?trk=tyah&trkInfo=clickedVerticalcompanyclickedEntityId1021771idx2-1-2tarId1464195271196tasapenin"]}]}},"taxonomy_info":[],"featured_image_src_large":false,"author_info":{"display_name":"marqueting","author_link":"https:\/\/www.apen.es\/ca\/blog\/author\/marqueting\/"},"comment_info":0,"_links":{"self":[{"href":"https:\/\/www.apen.es\/ca\/wp-json\/wp\/v2\/pages\/4920","targetHints":{"allow":["GET"]}}],"collection":[{"href":"https:\/\/www.apen.es\/ca\/wp-json\/wp\/v2\/pages"}],"about":[{"href":"https:\/\/www.apen.es\/ca\/wp-json\/wp\/v2\/types\/page"}],"author":[{"embeddable":true,"href":"https:\/\/www.apen.es\/ca\/wp-json\/wp\/v2\/users\/4"}],"replies":[{"embeddable":true,"href":"https:\/\/www.apen.es\/ca\/wp-json\/wp\/v2\/comments?post=4920"}],"version-history":[{"count":4,"href":"https:\/\/www.apen.es\/ca\/wp-json\/wp\/v2\/pages\/4920\/revisions"}],"predecessor-version":[{"id":54529,"href":"https:\/\/www.apen.es\/ca\/wp-json\/wp\/v2\/pages\/4920\/revisions\/54529"}],"up":[{"embeddable":true,"href":"https:\/\/www.apen.es\/ca\/wp-json\/wp\/v2\/pages\/1357"}],"wp:attachment":[{"href":"https:\/\/www.apen.es\/ca\/wp-json\/wp\/v2\/media?parent=4920"}],"curies":[{"name":"wp","href":"https:\/\/api.w.org\/{rel}","templated":true}]}}