{"id":4894,"date":"2016-09-16T09:26:19","date_gmt":"2016-09-16T09:26:19","guid":{"rendered":"https:\/\/www.apen.es\/?page_id=4894"},"modified":"2025-03-31T06:50:50","modified_gmt":"2025-03-31T06:50:50","slug":"manteniment-ordinadors-granollers","status":"publish","type":"page","link":"https:\/\/www.apen.es\/ca\/mantenimiento-informatico\/mantenimiento-ordenadores-granollers\/","title":{"rendered":"Manteniment ordinadors Granollers"},"content":{"rendered":"<p>A APEN ens considerem un prove\u00efdor de garanties per a tots aquells clients de Granollers que vulguin disposar d&#039;un servei de manteniment d&#039;ordinadors a la vostra empresa. Som una empresa de garanties, professional i fiable, que en estar ubicada a la localitat de Granollers (prov\u00edncia de Barcelona) podem oferir el millor servei possible, resolent incid\u00e8ncies a l&#039;empresa client amb la nostra assist\u00e8ncia i suport inform\u00e0tic.<\/p>\n\n\n\n<p>El nostre camp d&#039;actuaci\u00f3 inclou tot all\u00f2 que necessita un bon estat als ordinadors d&#039;una empresa. El nostre servei de manteniment inform\u00e0tic s&#039;encarregar\u00e0 de l&#039;eliminaci\u00f3 de virus, en la millora del rendiment d&#039;un equip inform\u00e0tic, en la instal\u00b7laci\u00f3 de programes segons la necessitat del client als vostres ordinadors, en la instal\u00b7laci\u00f3 de programes antivirus, en la instal\u00b7laci\u00f3 de correus electr\u00f2nics, en la reparaci\u00f3 d&#039;ordinadors, en la substituci\u00f3 de components per a PC, en la instal\u00b7laci\u00f3 i adaptaci\u00f3 de xarxes locals, en el manteniment d&#039;impressores\u2026<\/p>\n\n\n\n<h2 class=\"wp-block-heading\"><strong>Servei de prevenci\u00f3: La cura dels teus ordinadors<\/strong><\/h2>\n\n\n\n<p>El millor per evitar problemes futurs \u00e9s un procediment de prevenci\u00f3. Gr\u00e0cies als nostres paquets a la venda per al manteniment d&#039;ordinadors o inform\u00e0tic en general, els nostres t\u00e8cnics visitaran amb regularitat el seu centre de treball, all\u00e0 on es trobin els seus ordinadors, i els analitzar\u00e0 i realitzar\u00e0 les tasques de manteniment necess\u00e0ries perqu\u00e8 el vostre ordinador, tingui una vida longeva i de gran producci\u00f3.<\/p>\n\n\n\n<h2 class=\"wp-block-heading\"><strong>SOS! Necessito ajuda urgent<\/strong><\/h2>\n\n\n\n<p>Si el que necessites \u00e9s una ajuda urgent, encara que no tinguis cap paquet de manteniment inform\u00e0tic contractat, podr\u00e0s contractar els nostres serveis de restauraci\u00f3 i reparaci\u00f3 d&#039;ordinadors, tant si tens problemes amb el sistema operatiu o amb els components de maquinari. Fa m\u00e9s de 25 anys que treballem amb empreses, i sabem la import\u00e0ncia que tenen els ordinadors per a aquestes, aix\u00ed, que estarem encantats de prestar equips inform\u00e0tics de substituci\u00f3 si hem de portar els seus ordinadors al nostre centre perqu\u00e8 siguin reparats.<\/p>","protected":false},"excerpt":{"rendered":"<p>En APEN nos consideramos un proveedor de garant\u00edas para todos aquellos clientes de Granollers que deseen disponer de un servicio de mantenimiento de ordenadores en su empresa. Somos una empresa de garant\u00edas, profesional y fiable, que al estar ubicada en la localidad de Granollers (provincia de Barcelona) podemos ofrecer el mejor servicio posible, resolviendo incidencias&#8230;<\/p>","protected":false},"author":4,"featured_media":0,"parent":1357,"menu_order":0,"comment_status":"closed","ping_status":"closed","template":"page-servicio-informatico.php","meta":{"_acf_changed":false,"_kad_blocks_custom_css":"","_kad_blocks_head_custom_js":"","_kad_blocks_body_custom_js":"","_kad_blocks_footer_custom_js":"","_kad_post_transparent":"","_kad_post_title":"","_kad_post_layout":"","_kad_post_sidebar_id":"","_kad_post_content_style":"","_kad_post_vertical_padding":"","_kad_post_feature":"","_kad_post_feature_position":"","_kad_post_header":false,"_kad_post_footer":false,"_kad_post_classname":"","footnotes":""},"class_list":["post-4894","page","type-page","status-publish","hentry"],"acf":[],"yoast_head":"<!-- This site is optimized with the Yoast SEO plugin v27.4 - https:\/\/yoast.com\/product\/yoast-seo-wordpress\/ -->\n<title>Mantenimiento ordenadores Granollers - Apen Inform\u00e1tica<\/title>\n<meta name=\"description\" content=\"Mantenimiento de ordenadores, renting de equipos inform\u00e1ticos\u2026 La empresa de inform\u00e1tica en Granollers. Ofrecemos un servicio integral a nuestros clientes.\" \/>\n<meta name=\"robots\" content=\"index, follow, max-snippet:-1, max-image-preview:large, max-video-preview:-1\" \/>\n<link rel=\"canonical\" href=\"https:\/\/www.apen.es\/ca\/manteniment-informatic\/manteniment-ordinadors-granollers\/\" \/>\n<meta property=\"og:locale\" content=\"ca_ES\" \/>\n<meta property=\"og:type\" content=\"article\" \/>\n<meta property=\"og:title\" content=\"Mantenimiento ordenadores Granollers - Apen Inform\u00e1tica\" \/>\n<meta property=\"og:description\" content=\"Mantenimiento de ordenadores, renting de equipos inform\u00e1ticos\u2026 La empresa de inform\u00e1tica en Granollers. Ofrecemos un servicio integral a nuestros clientes.\" \/>\n<meta property=\"og:url\" content=\"https:\/\/www.apen.es\/ca\/manteniment-informatic\/manteniment-ordinadors-granollers\/\" \/>\n<meta property=\"og:site_name\" content=\"Apen Inform\u00e1tica\" \/>\n<meta property=\"article:publisher\" content=\"https:\/\/www.facebook.com\/apensolucions\" \/>\n<meta property=\"article:modified_time\" content=\"2025-03-31T06:50:50+00:00\" \/>\n<meta property=\"og:image\" content=\"https:\/\/www.apen.es\/wp-content\/uploads\/2016\/05\/logo-apen-231x82-trasparent.png\" \/>\n\t<meta property=\"og:image:width\" content=\"231\" \/>\n\t<meta property=\"og:image:height\" content=\"82\" \/>\n\t<meta property=\"og:image:type\" content=\"image\/png\" \/>\n<meta name=\"twitter:card\" content=\"summary_large_image\" \/>\n<meta name=\"twitter:label1\" content=\"Temps estimat de lectura\" \/>\n\t<meta name=\"twitter:data1\" content=\"8 minuts\" \/>\n<script type=\"application\/ld+json\" class=\"yoast-schema-graph\">{\"@context\":\"https:\\\/\\\/schema.org\",\"@graph\":[{\"@type\":\"WebPage\",\"@id\":\"https:\\\/\\\/www.apen.es\\\/mantenimiento-informatico\\\/mantenimiento-ordenadores-granollers\\\/\",\"url\":\"https:\\\/\\\/www.apen.es\\\/mantenimiento-informatico\\\/mantenimiento-ordenadores-granollers\\\/\",\"name\":\"Mantenimiento ordenadores Granollers - Apen Inform\u00e1tica\",\"isPartOf\":{\"@id\":\"https:\\\/\\\/www.apen.es\\\/#website\"},\"datePublished\":\"2016-09-16T09:26:19+00:00\",\"dateModified\":\"2025-03-31T06:50:50+00:00\",\"description\":\"Mantenimiento de ordenadores, renting de equipos inform\u00e1ticos\u2026 La empresa de inform\u00e1tica en Granollers. Ofrecemos un servicio integral a nuestros clientes.\",\"breadcrumb\":{\"@id\":\"https:\\\/\\\/www.apen.es\\\/mantenimiento-informatico\\\/mantenimiento-ordenadores-granollers\\\/#breadcrumb\"},\"inLanguage\":\"ca\",\"potentialAction\":[{\"@type\":\"ReadAction\",\"target\":[\"https:\\\/\\\/www.apen.es\\\/mantenimiento-informatico\\\/mantenimiento-ordenadores-granollers\\\/\"]}]},{\"@type\":\"BreadcrumbList\",\"@id\":\"https:\\\/\\\/www.apen.es\\\/mantenimiento-informatico\\\/mantenimiento-ordenadores-granollers\\\/#breadcrumb\",\"itemListElement\":[{\"@type\":\"ListItem\",\"position\":1,\"name\":\"Portada\",\"item\":\"https:\\\/\\\/www.apen.es\\\/\"},{\"@type\":\"ListItem\",\"position\":2,\"name\":\"Mantenimiento inform\u00e1tico\",\"item\":\"https:\\\/\\\/www.apen.es\\\/mantenimiento-informatico\\\/\"},{\"@type\":\"ListItem\",\"position\":3,\"name\":\"Mantenimiento ordenadores Granollers\"}]},{\"@type\":\"WebSite\",\"@id\":\"https:\\\/\\\/www.apen.es\\\/#website\",\"url\":\"https:\\\/\\\/www.apen.es\\\/\",\"name\":\"Apen Inform\u00e1tica\",\"description\":\"Mantenimiento Inform\u00e1tico , Software de Gesti\u00f3n, Soluciones de impresi\u00f3n\",\"publisher\":{\"@id\":\"https:\\\/\\\/www.apen.es\\\/#organization\"},\"potentialAction\":[{\"@type\":\"SearchAction\",\"target\":{\"@type\":\"EntryPoint\",\"urlTemplate\":\"https:\\\/\\\/www.apen.es\\\/?s={search_term_string}\"},\"query-input\":{\"@type\":\"PropertyValueSpecification\",\"valueRequired\":true,\"valueName\":\"search_term_string\"}}],\"inLanguage\":\"ca\"},{\"@type\":\"Organization\",\"@id\":\"https:\\\/\\\/www.apen.es\\\/#organization\",\"name\":\"Apen: Soluciones inform\u00e1ticas\",\"url\":\"https:\\\/\\\/www.apen.es\\\/\",\"logo\":{\"@type\":\"ImageObject\",\"inLanguage\":\"ca\",\"@id\":\"https:\\\/\\\/www.apen.es\\\/#\\\/schema\\\/logo\\\/image\\\/\",\"url\":\"https:\\\/\\\/www.apen.es\\\/wp-content\\\/uploads\\\/2022\\\/08\\\/logo-apenok-231x82-1.png\",\"contentUrl\":\"https:\\\/\\\/www.apen.es\\\/wp-content\\\/uploads\\\/2022\\\/08\\\/logo-apenok-231x82-1.png\",\"width\":231,\"height\":82,\"caption\":\"Apen: Soluciones inform\u00e1ticas\"},\"image\":{\"@id\":\"https:\\\/\\\/www.apen.es\\\/#\\\/schema\\\/logo\\\/image\\\/\"},\"sameAs\":[\"https:\\\/\\\/www.facebook.com\\\/apensolucions\",\"https:\\\/\\\/www.youtube.com\\\/user\\\/ApenCentreInformatic\",\"https:\\\/\\\/www.linkedin.com\\\/company\\\/1021771?trk=tyah&trkInfo=clickedVerticalcompanyclickedEntityId1021771idx2-1-2tarId1464195271196tasapenin\"]}]}<\/script>\n<!-- \/ Yoast SEO plugin. -->","yoast_head_json":{"title":"Manteniment ordinadors Granollers - Apen Inform\u00e0tica","description":"Manteniment d&#039;ordinadors, r\u00e8nting d&#039;equips inform\u00e0tics... L&#039;empresa inform\u00e0tica a Granollers. Oferim un servei integral als nostres clients.","robots":{"index":"index","follow":"follow","max-snippet":"max-snippet:-1","max-image-preview":"max-image-preview:large","max-video-preview":"max-video-preview:-1"},"canonical":"https:\/\/www.apen.es\/ca\/manteniment-informatic\/manteniment-ordinadors-granollers\/","og_locale":"ca_ES","og_type":"article","og_title":"Mantenimiento ordenadores Granollers - Apen Inform\u00e1tica","og_description":"Mantenimiento de ordenadores, renting de equipos inform\u00e1ticos\u2026 La empresa de inform\u00e1tica en Granollers. Ofrecemos un servicio integral a nuestros clientes.","og_url":"https:\/\/www.apen.es\/ca\/manteniment-informatic\/manteniment-ordinadors-granollers\/","og_site_name":"Apen Inform\u00e1tica","article_publisher":"https:\/\/www.facebook.com\/apensolucions","article_modified_time":"2025-03-31T06:50:50+00:00","og_image":[{"width":231,"height":82,"url":"https:\/\/www.apen.es\/wp-content\/uploads\/2016\/05\/logo-apen-231x82-trasparent.png","type":"image\/png"}],"twitter_card":"summary_large_image","twitter_misc":{"Temps estimat de lectura":"8 minuts"},"schema":{"@context":"https:\/\/schema.org","@graph":[{"@type":"WebPage","@id":"https:\/\/www.apen.es\/mantenimiento-informatico\/mantenimiento-ordenadores-granollers\/","url":"https:\/\/www.apen.es\/mantenimiento-informatico\/mantenimiento-ordenadores-granollers\/","name":"Manteniment ordinadors Granollers - Apen Inform\u00e0tica","isPartOf":{"@id":"https:\/\/www.apen.es\/#website"},"datePublished":"2016-09-16T09:26:19+00:00","dateModified":"2025-03-31T06:50:50+00:00","description":"Manteniment d&#039;ordinadors, r\u00e8nting d&#039;equips inform\u00e0tics... L&#039;empresa inform\u00e0tica a Granollers. Oferim un servei integral als nostres clients.","breadcrumb":{"@id":"https:\/\/www.apen.es\/mantenimiento-informatico\/mantenimiento-ordenadores-granollers\/#breadcrumb"},"inLanguage":"ca","potentialAction":[{"@type":"ReadAction","target":["https:\/\/www.apen.es\/mantenimiento-informatico\/mantenimiento-ordenadores-granollers\/"]}]},{"@type":"BreadcrumbList","@id":"https:\/\/www.apen.es\/mantenimiento-informatico\/mantenimiento-ordenadores-granollers\/#breadcrumb","itemListElement":[{"@type":"ListItem","position":1,"name":"Portada","item":"https:\/\/www.apen.es\/"},{"@type":"ListItem","position":2,"name":"Mantenimiento inform\u00e1tico","item":"https:\/\/www.apen.es\/mantenimiento-informatico\/"},{"@type":"ListItem","position":3,"name":"Mantenimiento ordenadores Granollers"}]},{"@type":"WebSite","@id":"https:\/\/www.apen.es\/#website","url":"https:\/\/www.apen.es\/","name":"Apen Inform\u00e0tica","description":"Manteniment inform\u00e0tic , programari de gesti\u00f3, solucions d&#039;impressi\u00f3","publisher":{"@id":"https:\/\/www.apen.es\/#organization"},"potentialAction":[{"@type":"SearchAction","target":{"@type":"EntryPoint","urlTemplate":"https:\/\/www.apen.es\/?s={search_term_string}"},"query-input":{"@type":"PropertyValueSpecification","valueRequired":true,"valueName":"search_term_string"}}],"inLanguage":"ca"},{"@type":"Organization","@id":"https:\/\/www.apen.es\/#organization","name":"Apen: Solucions inform\u00e0tiques","url":"https:\/\/www.apen.es\/","logo":{"@type":"ImageObject","inLanguage":"ca","@id":"https:\/\/www.apen.es\/#\/schema\/logo\/image\/","url":"https:\/\/www.apen.es\/wp-content\/uploads\/2022\/08\/logo-apenok-231x82-1.png","contentUrl":"https:\/\/www.apen.es\/wp-content\/uploads\/2022\/08\/logo-apenok-231x82-1.png","width":231,"height":82,"caption":"Apen: Soluciones inform\u00e1ticas"},"image":{"@id":"https:\/\/www.apen.es\/#\/schema\/logo\/image\/"},"sameAs":["https:\/\/www.facebook.com\/apensolucions","https:\/\/www.youtube.com\/user\/ApenCentreInformatic","https:\/\/www.linkedin.com\/company\/1021771?trk=tyah&trkInfo=clickedVerticalcompanyclickedEntityId1021771idx2-1-2tarId1464195271196tasapenin"]}]}},"taxonomy_info":[],"featured_image_src_large":false,"author_info":{"display_name":"marqueting","author_link":"https:\/\/www.apen.es\/ca\/blog\/author\/marqueting\/"},"comment_info":0,"_links":{"self":[{"href":"https:\/\/www.apen.es\/ca\/wp-json\/wp\/v2\/pages\/4894","targetHints":{"allow":["GET"]}}],"collection":[{"href":"https:\/\/www.apen.es\/ca\/wp-json\/wp\/v2\/pages"}],"about":[{"href":"https:\/\/www.apen.es\/ca\/wp-json\/wp\/v2\/types\/page"}],"author":[{"embeddable":true,"href":"https:\/\/www.apen.es\/ca\/wp-json\/wp\/v2\/users\/4"}],"replies":[{"embeddable":true,"href":"https:\/\/www.apen.es\/ca\/wp-json\/wp\/v2\/comments?post=4894"}],"version-history":[{"count":2,"href":"https:\/\/www.apen.es\/ca\/wp-json\/wp\/v2\/pages\/4894\/revisions"}],"predecessor-version":[{"id":54533,"href":"https:\/\/www.apen.es\/ca\/wp-json\/wp\/v2\/pages\/4894\/revisions\/54533"}],"up":[{"embeddable":true,"href":"https:\/\/www.apen.es\/ca\/wp-json\/wp\/v2\/pages\/1357"}],"wp:attachment":[{"href":"https:\/\/www.apen.es\/ca\/wp-json\/wp\/v2\/media?parent=4894"}],"curies":[{"name":"wp","href":"https:\/\/api.w.org\/{rel}","templated":true}]}}